{"id":11676,"date":"2023-10-04T07:40:10","date_gmt":"2023-10-04T07:40:10","guid":{"rendered":"https:\/\/haitises.com\/?post_type=product&#038;p=11676"},"modified":"2024-03-28T20:20:58","modified_gmt":"2024-03-28T20:20:58","slug":"birdwatching-punta-cana-birding-tours-from-punta-cana-to-los-haitises-national-park-3","status":"publish","type":"product","link":"https:\/\/visitaloshaitises.com\/is\/einkaadila\/fuglaskodun-punta-cana-fuglaferdir-fra-punta-cana-til-los-haitises-thjodgardsins-3\/","title":{"rendered":"Fuglasko\u00f0un Punta Cana \u2013 Fuglasko\u00f0unarfer\u00f0ir fr\u00e1 Punta Cana til Los Haitises \u00fej\u00f3\u00f0gar\u00f0sins"},"content":{"rendered":"<div class=\"vc_row wpb_row vc_row-fluid\" ><div class=\"wpb_column vc_column_container vc_col-sm-12\"><div class=\"vc_column-inner\"><div class=\"wpb_wrapper\">[mkdf_section_title title_tag=\u00bb\u00bb disable_break_words=\u00bbno\u00bb subtitle_tag=\u00bb\u00bb title=\u00bbBirding Tours from Punta Cana to Los Haitises National Park\u00bb subtitle=\u00bbBirdwatching in Los Haitises National Park\u00bb]<\/div><\/div><\/div><\/div><div class=\"vc_row wpb_row vc_row-fluid\" ><\/div><div class=\"wpb_column vc_column_container vc_col-sm-12\"><div class=\"vc_column-inner\"><div class=\"wpb_wrapper\"><\/div><\/div><\/div>\n\t<div class=\"wpb_text_column wpb_content_element\" >\n\t\t<div class=\"wpb_wrapper\">\n\t\t\t<p>\u00c9g er textablokk. Smelltu \u00e1 Breyta hnappinn til a\u00f0 breyta \u00feessum texta. Lorem ipsum dolor sit amet, consectetur adipiscing elit. Ut elit tellus, luctus nec ullamcorper mattis, pulvinar dapibus leo.<\/p>\n\n\t\t<\/div>\n\t<\/div>\n<div class=\"vc_row wpb_row vc_row-fluid\" ><\/div><div class=\"wpb_column vc_column_container vc_col-sm-12\"><div class=\"vc_column-inner\"><div class=\"wpb_wrapper\"><\/div><\/div><\/div>\n\t<div class=\"wpb_text_column wpb_content_element\" >\n\t\t<div class=\"wpb_wrapper\">\n\t\t\t<p>\u00c9g er textablokk. Smelltu \u00e1 Breyta hnappinn til a\u00f0 breyta \u00feessum texta. Lorem ipsum dolor sit amet, consectetur adipiscing elit. Ut elit tellus, luctus nec ullamcorper mattis, pulvinar dapibus leo.<\/p>\n\n\t\t<\/div>\n\t<\/div>\n<div class=\"vc_row wpb_row vc_row-fluid\" ><div class=\"wpb_column vc_column_container vc_col-sm-12\"><div class=\"vc_column-inner\"><div class=\"wpb_wrapper\"><\/div><\/div><\/div><\/div>","protected":false},"excerpt":{"rendered":"<p><span style=\"vertical-align: inherit;\"><span style=\"vertical-align: inherit;\">Full morgunfuglasko\u00f0un \u00e1 sl\u00f3\u00f0um hitabeltisregnsk\u00f3ga Los Haitises \u00fej\u00f3\u00f0gar\u00f0sins. <\/span><span style=\"vertical-align: inherit;\">\u00deessi gar\u00f0ur hefur miki\u00f0 \u00farval af fugla- og d\u00fdrategundum og er \u00ed upp\u00e1haldi me\u00f0al fuglasko\u00f0ara. <\/span><span style=\"vertical-align: inherit;\">\u00de\u00f3 a\u00f0 fj\u00f6ldinn sem s\u00e9st g\u00e6ti veri\u00f0 h\u00e6rri en annars sta\u00f0ar, \u00fe\u00fd\u00f0ir sta\u00f0setning Cano Hondo \u00e1 \u00f6rl\u00edti\u00f0 r\u00f6ku sv\u00e6\u00f0i \u00ed landinu a\u00f0 regnsk\u00f3gurinn er opnari me\u00f0 f\u00e6rri kak\u00f3- og kaffiplantekrum, sem gerir \u00fea\u00f0 au\u00f0veldara a\u00f0 fylgjast me\u00f0 l\u00edfinu. <\/span><span style=\"vertical-align: inherit;\">\u00deetta er einkafer\u00f0. <\/span><span style=\"vertical-align: inherit;\">\u00de\u00fa getur vali\u00f0 a\u00f0 velja t\u00edma til a\u00f0 hefja fuglasko\u00f0unarupplifunina og hven\u00e6r \u00e1 a\u00f0 sn\u00faa aftur til Punta Cana.<\/span><\/span><\/p>\n<p><em><strong><span style=\"vertical-align: inherit;\"><span style=\"vertical-align: inherit;\">Veldu dagsetningu starfseminnar.<\/span><\/span><\/strong><\/em><\/p>","protected":false},"featured_media":519,"template":"","meta":[],"product_brand":[],"product_cat":[576,565,577,119,120,96,578,98,121,426,598,586,122,123,124],"product_tag":[176,177,178,179,448,180,181,182,184,185,186,132,187,133,189,191,192,114,193],"class_list":{"0":"post-11676","1":"product","2":"type-product","3":"status-publish","4":"has-post-thumbnail","6":"product_cat-1-punta-cana","7":"product_cat-1-sabana-de-la-mar","8":"product_cat-birdwatching-los-haitises","9":"product_cat-caves","10":"product_cat-fees-entrace","11":"product_cat-hiking","12":"product_cat-hiking-los-haitises","13":"product_cat-local-tour-guides","14":"product_cat-mangroves","15":"product_cat-private-tours-excursions","16":"product_cat-punta-cana-private-tours","17":"product_cat-punta-cana-los-haitises","18":"product_cat-tours-and-excursions","19":"product_cat-tours-excursions-los-haitises-national-park","20":"product_cat-tours-excursions-samana-bay-dominican-republic","21":"product_tag-biding-sabana-de-la-mar","22":"product_tag-birding","23":"product_tag-birding-dominican-republic","24":"product_tag-birding-in-los-haitises","25":"product_tag-birding-tour-from-punta-cana","26":"product_tag-birdwatching","27":"product_tag-birdwatching-dominicana","28":"product_tag-birdwtaching","29":"product_tag-carretera-cano-hondo","30":"product_tag-eco-lodge-paraiso-cano-hondo","31":"product_tag-hire-a-guide-in-los-haitises","32":"product_tag-los-haitises","33":"product_tag-los-haitises-birding","34":"product_tag-los-haitises-national-park","35":"product_tag-los-haitises-national-park-cano-hondo","36":"product_tag-nature","37":"product_tag-ridgways-hawk","38":"product_tag-sabana-de-la-mar","39":"product_tag-wildlife","41":"first","42":"instock","43":"sale","44":"sold-individually","45":"shipping-taxable","46":"product-type-external"},"_links":{"self":[{"href":"https:\/\/visitaloshaitises.com\/is\/wp-json\/wp\/v2\/product\/11676","targetHints":{"allow":["GET"]}}],"collection":[{"href":"https:\/\/visitaloshaitises.com\/is\/wp-json\/wp\/v2\/product"}],"about":[{"href":"https:\/\/visitaloshaitises.com\/is\/wp-json\/wp\/v2\/types\/product"}],"wp:featuredmedia":[{"embeddable":true,"href":"https:\/\/visitaloshaitises.com\/is\/wp-json\/wp\/v2\/media\/519"}],"wp:attachment":[{"href":"https:\/\/visitaloshaitises.com\/is\/wp-json\/wp\/v2\/media?parent=11676"}],"wp:term":[{"taxonomy":"product_brand","embeddable":true,"href":"https:\/\/visitaloshaitises.com\/is\/wp-json\/wp\/v2\/product_brand?post=11676"},{"taxonomy":"product_cat","embeddable":true,"href":"https:\/\/visitaloshaitises.com\/is\/wp-json\/wp\/v2\/product_cat?post=11676"},{"taxonomy":"product_tag","embeddable":true,"href":"https:\/\/visitaloshaitises.com\/is\/wp-json\/wp\/v2\/product_tag?post=11676"}],"curies":[{"name":"wp","href":"https:\/\/api.w.org\/{rel}","templated":true}]}}