{"id":10909,"date":"2020-07-18T21:02:36","date_gmt":"2020-07-18T21:02:36","guid":{"rendered":"https:\/\/haitises.com\/?post_type=product&#038;p=10909"},"modified":"2024-04-15T23:15:03","modified_gmt":"2024-04-15T23:15:03","slug":"atv-aventuras-samana-atv-tours-excursiones-en-samana-republica-dominicana-atv-playa-el-valle-cascada","status":"publish","type":"product","link":"https:\/\/visitaloshaitises.com\/is\/einkaadila\/atv-aventuras-samana-atv-tours-excursiones-en-samana-republica-dominicana-atv-playa-el-valle-cascada\/","title":{"rendered":"ATV Adventures Saman\u00e1 \u2013 Fj\u00f3rhj\u00f3lafer\u00f0ir og sko\u00f0unarfer\u00f0ir \u00ed Saman\u00e1 D\u00f3min\u00edska l\u00fd\u00f0veldinu. Fj\u00f3rhj\u00f3l + El Valle str\u00f6nd og foss"},"content":{"rendered":"<div class=\"vc_row wpb_row vc_row-fluid\" ><div class=\"wpb_column vc_column_container vc_col-sm-12\"><div class=\"vc_column-inner\"><div class=\"wpb_wrapper\">[mkdf_section_title title_tag=\u00bb\u00bb disable_break_words=\u00bbno\u00bb subtitle_tag=\u00bb\u00bb title=\u00bbATV Saman\u00e1 Aventuras &#8211; ATV Tours &amp; Excursiones en Saman\u00e1, Rep\u00fablica Dominicana. ATV + Playa El Valle &amp; Cascada\u00bb subtitle=\u00bbAlmuerzo en la playa incluido.\u00bb]<\/div><\/div><\/div><\/div><div class=\"vc_row wpb_row vc_row-fluid\" ><div class=\"wpb_column vc_column_container vc_col-sm-12\"><div class=\"vc_column-inner\"><div class=\"wpb_wrapper\">\n\t<div class=\"wpb_text_column wpb_content_element\" >\n\t\t<div class=\"wpb_wrapper\">\n\t\t\t<h2>ATV Aventuras Saman\u00e1 &#8211; ATV Tours y Excursiones en Samana Rep\u00fablica Dominicana. ATV + Playa El Valle y Cascadas.<\/h2>\n<h3>L\u00fdsing<\/h3>\n<p>Obtenga sus entradas para una excursi\u00f3n de medio d\u00eda en Saman\u00e1 en ATV Tours. La excursi\u00f3n comenzar\u00e1 en nuestra oficina cerca del muelle principal de Saman\u00e1. Despu\u00e9s de conducir 30 minutos, visitaremos el ecologe de la Casa en el \u00c1rbol en el camino a las cascadas. Despu\u00e9s de caminar a las cascadas alrededor de 10 min.<\/p>\n<p>Almorzaremos en la playa de El valle. Despu\u00e9s de 4.5 horas de actividades volvemos a nuestro punto de encuentro en Saman\u00e1.<\/p>\n<h3>Innlimun og \u00fatilokun<\/h3>\n<h4>Innifali\u00f0<\/h4>\n<ol>\n<li>Atv 2 personas en uno.<\/li>\n<li>Almuerzo en la playa<\/li>\n<li>Allir skattar, gj\u00f6ld og afgrei\u00f0slugj\u00f6ld<\/li>\n<li>\u00datsvar<\/li>\n<li>Drykkir<\/li>\n<li>Aperitivos<\/li>\n<li>Visita a las cascadas<\/li>\n<li>Playa el valle<\/li>\n<li>Visita a la casa del \u00e1rbol<\/li>\n<li>\u00d6ll starfsemin<\/li>\n<li>Sta\u00f0bundinn lei\u00f0s\u00f6guma\u00f0ur<\/li>\n<\/ol>\n<h4>\u00datilokanir<\/h4>\n<ol>\n<li>\u00c1bendingar<\/li>\n<li>transporte desde hoteles (establecido al contactarnos).<\/li>\n<li>\u00c1fengir drykkir<\/li>\n<\/ol>\n<h3><em>Brottf\u00f6r og heimfer\u00f0<\/em><\/h3>\n<p>El viajero obtendr\u00e1 un punto de encuentro despu\u00e9s del proceso de reserva. Los recorridos comienzan y finalizan en sus puntos de encuentro.<\/p>\n<h3>ATV Aventuras Saman\u00e1 &#8211; ATV Tours y Excursiones en Saman\u00e1 Rep\u00fablica Dominicana. ATV + Playa El Valle y Cascadas.<\/h3>\n<h3><em>Vi\u00f0 hverju m\u00e1 b\u00faast?<\/em><\/h3>\n<p>Aprender a encender su ATV. As\u00ed que estar\u00e1 listo para ir a campo traviesa y ver de cerca la pen\u00ednsula de Saman\u00e1. Conducir\u00e1 su veh\u00edculo ATV por un terreno accidentado y visitaremos a una familia dominicana donde haremos una parada r\u00e1pida para tomar algunas fotos del ecologe de la casa del \u00e1rbol, beber un buen caf\u00e9 dominicano y disfrutar de un delicioso chocolate natural.<br \/>\nLuego continuamos por un peque\u00f1o pueblo donde podr\u00e1 disfrutar del calor de los nativos dominicanos en el camino para visitar las cascadas LULU, caminar hasta las cascadas 10 minutos y aprender sobre el bosque de Rep\u00fablica Dominicana en uno de los lugares m\u00e1s ex\u00f3ticos del regi\u00f3n.<\/p>\n<p>Volviendo a nuestro ATV para visitar una de las playas m\u00e1s bonitas de Saman\u00e1. ?\u00a1Playa El Valle! Donde nos detendremos alrededor de 1 hora y 15 minutos para disfrutar de la m\u00e1gica arena blanca y las cristalinas aguas turquesas de la playa de Playa El Valle. All\u00ed puede descansar, beber, nadar, explorar o simplemente acostarse al sol si lo desea. El buffet estar\u00e1 listo con comidas t\u00edpicas dominicanas y si eres vegano h\u00e1znoslo saber. \u00a1Tenemos comida para todos!<br \/>\nDespu\u00e9s de 4.5 horas conducimos de regreso a la ciudad de Saman\u00e1.<\/p>\n<h3><em>Hva\u00f0 \u00e1 ma\u00f0ur a\u00f0 hafa me\u00f0 s\u00e9r?<\/em><\/h3>\n<ul>\n<li>Myndav\u00e9l<\/li>\n<li>F\u00e6lingarefni<\/li>\n<li>Crema solar<\/li>\n<li>Hattur<\/li>\n<li>\u00de\u00e6gilegar buxur<\/li>\n<li>Sk\u00f3garg\u00f6ngusk\u00f3r<\/li>\n<li>Sandalar a\u00f0 vorsv\u00e6\u00f0um.<\/li>\n<li>Sundf\u00f6t<\/li>\n<\/ul>\n<h3><em>Heims\u00f3kn \u00e1 h\u00f3tel<\/em><\/h3>\n<p>No se ofrece la recogida en el hotel para este tour. Configuramos recogida contact\u00e1ndonos por Whatsapp.<\/p>\n<p><strong>Athugi\u00f0:<\/strong> Si realiza la reserva dentro de las 24 horas de la hora de salida del tour \/ excursi\u00f3n, podemos organizar la recogida en el hotel con cargos adicionales. Una vez que se complete su compra, le enviaremos informaci\u00f3n de contacto completa (n\u00famero de tel\u00e9fono, direcci\u00f3n de correo electr\u00f3nico, etc.) para que nuestro gu\u00eda tur\u00edstico local organice los arreglos de recogida.<\/p>\n<h3><em>Sta\u00f0festing \u00e1 vi\u00f0b\u00f3taruppl\u00fdsingum<\/em><\/h3>\n<ol>\n<li>Mi\u00f0arnir eru kvittunin eftir a\u00f0 hafa greitt fyrir \u00feessa fer\u00f0. \u00de\u00fa getur s\u00fdnt grei\u00f0sluna \u00ed s\u00edmanum \u00fe\u00ednum.<\/li>\n<li>Fundarsta\u00f0urinn mun berast eftir b\u00f3kunarferli\u00f0.<\/li>\n<li>B\u00f6rn ver\u00f0a a\u00f0 vera \u00ed fylgd me\u00f0 fullor\u00f0num.<\/li>\n<li>Ekki a\u00f0gengilegt fyrir hj\u00f3last\u00f3la<\/li>\n<li>Ungb\u00f6rn \u00e6ttu a\u00f0 sitja \u00ed kj\u00f6ltunni<\/li>\n<li>Ekki m\u00e6lt me\u00f0 fyrir fer\u00f0amenn me\u00f0 bakvandam\u00e1l.<\/li>\n<li>Ekki m\u00e6lt me\u00f0 \u00fev\u00ed fyrir barnshafandi konur.<\/li>\n<li>Engin hjartavandam\u00e1l e\u00f0a \u00f6nnur alvarleg sj\u00fakd\u00f3ms\u00e1stand.<\/li>\n<li>Flestir fer\u00f0amenn geta teki\u00f0 \u00fe\u00e1tt.<\/li>\n<\/ol>\n<h3><em>Afp\u00f6ntunarreglur<\/em><\/h3>\n<p>Para obtener un reembolso completo, cancele al menos 24 horas antes de la fecha de inicio de la experiencia. Los fondos se perder\u00e1n si la reserva se cancela el mismo d\u00eda del viaje.<\/p>\n\n\t\t<\/div>\n\t<\/div>\n<\/div><\/div><\/div><\/div><div class=\"vc_row wpb_row vc_row-fluid\" ><div class=\"wpb_column vc_column_container vc_col-sm-12\"><div class=\"vc_column-inner\"><div class=\"wpb_wrapper\">\n\t<div class=\"wpb_video_widget wpb_content_element vc_clearfix   vc_video-aspect-ratio-169 vc_video-el-width-100 vc_video-align-left\" >\n\t\t<div class=\"wpb_wrapper\">\n\t\t\t<h2 class=\"wpb_heading wpb_video_heading\">Samana with Booking Adventures:<\/h2>\n\t\t\t<div class=\"wpb_video_wrapper\"><iframe loading=\"lazy\" title=\"Dominican Destination Samana Zipline, ATV Excursions\" width=\"1100\" height=\"619\" src=\"https:\/\/www.youtube.com\/embed\/8Ybh1xtnr2M?feature=oembed\" frameborder=\"0\" allow=\"accelerometer; autoplay; encrypted-media; gyroscope; picture-in-picture\" allowfullscreen><\/iframe><\/div>\n\t\t<\/div>\n\t<\/div>\n<\/div><\/div><\/div><\/div><div class=\"vc_row wpb_row vc_row-fluid\" ><div class=\"wpb_column vc_column_container vc_col-sm-12\"><div class=\"vc_column-inner\"><div class=\"wpb_wrapper\"><div class=\"vc_empty_space\"   style=\"height: 32px\"><span class=\"vc_empty_space_inner\"><\/span><\/div>\n\t<div class=\"wpb_text_column wpb_content_element\" >\n\t\t<div class=\"wpb_wrapper\">\n\t\t\t<h4>Haf\u00f0u samband vi\u00f0 okkur?<\/h4>\n<h5><em><strong>B\u00f3kun \u00e6vint\u00fdri<\/strong><\/em><\/h5>\n<p><em><strong>Heimamenn<\/strong>\u00a0og\u00a0<strong>Landsmenn<\/strong>\u00a0Fararstj\u00f3rar og gesta\u00fej\u00f3nusta<\/em><\/p>\n<p><span class=\"text-turquoise\">B\u00f3kanir:<\/span>\u00a0Fer\u00f0ir og sko\u00f0unarfer\u00f0ir \u00ed Dom. Rep.<\/p>\n<p><img decoding=\"async\" class=\"emoji\" draggable=\"false\" src=\"https:\/\/s.w.org\/images\/core\/emoji\/11.2.0\/svg\/1f4de.svg\" alt=\"\ud83d\udcde\" \/>\u00a0S\u00edmi\/Whatsapp\u00a0\u00a0<a href=\"tel:+1-809-720-6035\">+1-809-720-6035<\/a>.<\/p>\n<p><img decoding=\"async\" class=\"emoji\" draggable=\"false\" src=\"https:\/\/s.w.org\/images\/core\/emoji\/11.2.0\/svg\/1f4e9.svg\" alt=\"\ud83d\udce9\" \/>\u00a0<a href=\"mailto:info@bookingadventures.com.do\">info@bookingadventures.com.do<\/a><\/p>\n<p><strong>Vi\u00f0 erum me\u00f0 sveigjanlega stillingu einkafer\u00f0ir me\u00f0 Whatsapp:\u00a0<a href=\"tel:+18097206035\">+18097206035.<\/a><\/strong><\/p>\n\n\t\t<\/div>\n\t<\/div>\n<div class=\"vc_empty_space\"   style=\"height: 32px\"><span class=\"vc_empty_space_inner\"><\/span><\/div><\/div><\/div><\/div><\/div>","protected":false},"excerpt":{"rendered":"<p>Esta experiencia en ATV comienza en el centro de la ciudad de Saman\u00e1. Conduciendo el ATV a las cascadas LULU, pasando por el Eco-lodge La Casa en el \u00c1rbol hasta la playa de El Valle.<br \/>\nPlaya El Valle! Donde nos detendremos alrededor de 1 hora y 15 minutos para disfrutar de la m\u00e1gica arena blanca y las cristalinas aguas turquesas de la playa de Playa El Valle. All\u00ed puede descansar, beber, nadar, explorar o simplemente tumbarse al sol si lo desea. Un buffet estar\u00e1 listo con comidas t\u00edpicas dominicanas y si usted es vegano h\u00e1ganoslo saber. \u00a1Tenemos comida para todos!<\/p>\n<p>Despu\u00e9s de 4.5 horas, regresamos a la ciudad de Saman\u00e1.<\/p>\n<p>. Senderismo y nataci\u00f3n con equipo de seguridad \u00a1para tener la mejor experiencia de su vida!<\/p>\n<p><strong>Vinsamlegast veldu dagsetningu fyrir fer\u00f0ina:<\/strong><\/p>","protected":false},"featured_media":392,"template":"","meta":[],"product_brand":[],"product_cat":[317,318,319,120,96,320,135,321,122,443,100],"product_tag":[322,323,324,325,157,326,201,142,327,148,143,328],"class_list":{"0":"post-10909","1":"product","2":"type-product","3":"status-publish","4":"has-post-thumbnail","6":"product_cat-atv-adventures","7":"product_cat-atv-fourwheels","8":"product_cat-atv-tours-excursions-adventures","9":"product_cat-fees-entrace","10":"product_cat-hiking","11":"product_cat-lulu-waterfalls","12":"product_cat-lunch","13":"product_cat-things-to-do-in-samana-province","14":"product_cat-tours-and-excursions","15":"product_cat-tours-y-excursiones-es","16":"product_cat-waterfalls","17":"product_tag-atv-samana-excursion","18":"product_tag-atv-tours-excursions-in-samana-dominican-republic","19":"product_tag-atv-fourwheels","20":"product_tag-atv-tours-excursions-adventures","21":"product_tag-el-valle-beach","22":"product_tag-lulu-waterfalls","23":"product_tag-private-tours-samana","24":"product_tag-samana","25":"product_tag-samana-atv","26":"product_tag-samana-excursions","27":"product_tag-samana-tours","28":"product_tag-tree-house-samana","30":"first","31":"instock","32":"sale","33":"sold-individually","34":"shipping-taxable","35":"product-type-external"},"_links":{"self":[{"href":"https:\/\/visitaloshaitises.com\/is\/wp-json\/wp\/v2\/product\/10909","targetHints":{"allow":["GET"]}}],"collection":[{"href":"https:\/\/visitaloshaitises.com\/is\/wp-json\/wp\/v2\/product"}],"about":[{"href":"https:\/\/visitaloshaitises.com\/is\/wp-json\/wp\/v2\/types\/product"}],"wp:featuredmedia":[{"embeddable":true,"href":"https:\/\/visitaloshaitises.com\/is\/wp-json\/wp\/v2\/media\/392"}],"wp:attachment":[{"href":"https:\/\/visitaloshaitises.com\/is\/wp-json\/wp\/v2\/media?parent=10909"}],"wp:term":[{"taxonomy":"product_brand","embeddable":true,"href":"https:\/\/visitaloshaitises.com\/is\/wp-json\/wp\/v2\/product_brand?post=10909"},{"taxonomy":"product_cat","embeddable":true,"href":"https:\/\/visitaloshaitises.com\/is\/wp-json\/wp\/v2\/product_cat?post=10909"},{"taxonomy":"product_tag","embeddable":true,"href":"https:\/\/visitaloshaitises.com\/is\/wp-json\/wp\/v2\/product_tag?post=10909"}],"curies":[{"name":"wp","href":"https:\/\/api.w.org\/{rel}","templated":true}]}}