{"id":567,"date":"2020-06-27T19:12:20","date_gmt":"2020-06-27T19:12:20","guid":{"rendered":"https:\/\/haitises.com\/?post_type=product&#038;p=567"},"modified":"2024-04-16T21:43:21","modified_gmt":"2024-04-16T21:43:21","slug":"excursion-cascada-el-limon-y-cayo-levantado-desde-punta-cana","status":"publish","type":"product","link":"https:\/\/visitaloshaitises.com\/id\/pribadi\/excursion-cascada-el-limon-y-cayo-levantado-desde-punta-cana\/","title":{"rendered":"Air Terjun El Lim\u00f3n dan Tamasya Cayo Levantado dari Punta Cana"},"content":{"rendered":"<div class=\"vc_row wpb_row vc_row-fluid\" ><div class=\"wpb_column vc_column_container vc_col-sm-12\"><div class=\"vc_column-inner\"><div class=\"wpb_wrapper\">[mkdf_section_title subtitle_tag=\u00bb\u00bb subtitle=\u00bb(Recogida en Punta Cana)\u00bb]<\/div><\/div><\/div><\/div><div class=\"vc_row wpb_row vc_row-fluid\" ><div class=\"wpb_column vc_column_container vc_col-sm-12\"><div class=\"vc_column-inner\"><div class=\"wpb_wrapper\">\n\t<div class=\"wpb_text_column wpb_content_element\" >\n\t\t<div class=\"wpb_wrapper\">\n\t\t\t<h2>Air Terjun El Lim\u00f3n dan Cayo Levantado dari hotel Punta Cana<\/h2>\n<h3>Keterangan<\/h3>\n<p>Jika Anda berada di Punta Cana atau B\u00e1varo, carilah perjalanan sehari yang membayar lebih murah dari biasanya. Pesan perjalanan ini dengan penjemputan dari hotel Anda di Punta Cana. Bus akan membawa Anda ke Sabana de la Mar, di mana kami akan naik katamaran untuk melewati Teluk Saman\u00e1. Kunjungi komunitas Saman\u00e1 dengan Safari untuk mencapai komunitas El Lim\u00f3n, menunggang kuda atau mendaki ke air terjun setelah melintasi teluk Saman\u00e1 dan waktu makan siang di Pulau Bacardi. Perjalanan ini dimulai pada pukul 06.00 dan berakhir pada pukul 18.30<\/p>\n<p>Setelah pengalaman ini, Anda akan kembali ke hotel Anda.<\/p>\n<ul>\n<li>Termasuk pajak<\/li>\n<li>Termasuk makan siang di pantai.<\/li>\n<li>Termasuk transfer<\/li>\n<li>Panduan ini memberikan instruksi dan pengawasan.<\/li>\n<\/ul>\n<h3>Inklusi dan pengecualian<\/h3>\n<h4>Inklusi<\/h4>\n<ol>\n<li>Penjemputan di hotel.<\/li>\n<li>Teluk Samana<\/li>\n<li>Cayo Levantado, pantai dan makan siang<\/li>\n<li>Safari ke El Lim\u00f3n<\/li>\n<li>Menunggang kuda atau hiking ke air terjun<\/li>\n<li>Koktail Dominika<\/li>\n<li>Semua pajak, biaya dan biaya penanganan<\/li>\n<li>Pajak daerah<\/li>\n<li>Minuman<\/li>\n<li>Semua aktivitas<\/li>\n<li>Pemandu lokal<\/li>\n<\/ol>\n<h4>Pengecualian<\/h4>\n<ol>\n<li>Kiat<\/li>\n<li>Minuman beralkohol setelah koktail<\/li>\n<\/ol>\n<h3><em>Keberangkatan dan kepulangan<\/em><\/h3>\n<p>Traveler akan mendapatkan titik pertemuan setelah proses pemesanan. Tur dimulai dan diakhiri di titik pertemuan kami.<\/p>\n<h3><em>Apa yang diharapkan?<\/em><\/h3>\n<p>Dapatkan tiket Anda untuk mengunjungi air terjun dengan menunggang kuda atau hiking, Safari Saman\u00e1, berenang di mata air alami, makan siang setelah air terjun di Pulau Bacardi dan waktu pantai.<\/p>\n<p>Dimulai dari Punta Cana dengan bus, kita akan berkendara ke pelabuhan Teluk Saman\u00e1. Di pelabuhan kita naik perahu atau katamaran dengan pemandu wisata lokal, kita melewati teluk Saman\u00e1 menuju komunitas Saman\u00e1. Ikuti safari dengan pemandu wisata lokal untuk membicarakan sejarah Saman\u00e1 hingga Anda mencapai komunitas El Lim\u00f3n. Di komunitas El Lim\u00f3n kami mulai berjalan atau menunggang kuda melewati hutan El Lim\u00f3n menuju air terjun El Lim\u00f3n. Dimana ketika kita sampai kita bisa berenang! Setelah kembali ke Safari untuk menuju pelabuhan Saman\u00e1. Anda akan mengunjungi pulau Cayo Levantado untuk makan siang di pantai dan berenang di salah satu pulau terindah di Republik Dominika.<\/p>\n<p>Jika Anda menyukai perjalanan ini lebih lama atau lebih pendek, silakan hubungi kami\u2026<\/p>\n<h3><em>Apa yang harus kamu bawa?<\/em><\/h3>\n<ul>\n<li>Kamera<\/li>\n<li>Penolak<\/li>\n<li>Tabir surya<\/li>\n<li>Topi<\/li>\n<li>Celana yang nyaman<\/li>\n<li>Sepatu hiking hutan<\/li>\n<li>Sandal ke area musim semi.<\/li>\n<li>Baju renang<\/li>\n<\/ul>\n<h3><em>Penjemputan di hotel<\/em><\/h3>\n<p>Penjemputan Wisatawan Ditawarkan!<\/p>\n<p>Kami mengambil dari semua hotel di Punta Cana. Lokasi penjemputan adalah di lobi hotel.<br \/>\nJika Anda menginap di kondominium di area tersebut, kami akan menjemput Anda di kondominium atau pintu masuk resor terdekat. Kami mengkonfigurasi Pickup dengan menghubungi kami di Whatsapp.<\/p>\n<p><strong>Catatan:<\/strong> Jika Anda memesan dalam waktu 24 jam dari waktu keberangkatan tur\/wisata, kami dapat mengatur penjemputan di hotel. Setelah pembelian Anda selesai, kami akan mengirimkan informasi kontak lengkap (nomor telepon, alamat email, dll.) kepada pemandu wisata lokal kami untuk mengatur pengaturan penjemputan.<\/p>\n<h3><em>Konfirmasi informasi tambahan<\/em><\/h3>\n<ul>\n<li>Tiket tersebut merupakan Resi setelah membayar Tour ini. Anda dapat menunjukkan pembayaran di ponsel Anda.<\/li>\n<li>Titik pertemuan akan diterima setelah proses reservasi.<\/li>\n<li>Anak-anak harus didampingi oleh orang dewasa.<\/li>\n<li>Tidak dapat diakses kursi roda<\/li>\n<li>Bayi sebaiknya duduk di kursi bayi atau bersama orang dewasa<\/li>\n<li>Tidak direkomendasikan untuk wisatawan dengan masalah punggung.<\/li>\n<li>Tidak dianjurkan untuk wanita hamil.<\/li>\n<li>Tidak ada masalah jantung atau kondisi medis serius lainnya.<\/li>\n<li>Sebagian besar wisatawan dapat berpartisipasi.<\/li>\n<\/ul>\n<h3><em>Kebijakan pembatalan<\/em><\/h3>\n<p>Untuk pengembalian dana penuh, batalkan setidaknya 24 jam sebelum tanggal mulai pengalaman.<\/p>\n<h3><em>Hubungi kami?<\/em><\/h3>\n<p>Reservasi Petualangan<br \/>\nPemandu wisata lokal dan nasional dan layanan tamu<\/p>\n<p>Reservasi: Tur dan Tamasya di Dom.Reps.<\/p>\n<p>\ud83d\udcde Telp\/Whatsapp +1-809-720-6035.<\/p>\n<p>\ud83d\udce9 info@bookingadventures.com.do<\/p>\n<p>Kami melakukan tur pribadi dengan fleksibilitas melalui Whatsapp: +18097206035.<\/p>\n\n\t\t<\/div>\n\t<\/div>\n<\/div><\/div><\/div><\/div>","protected":false},"excerpt":{"rendered":"<p>Jika Anda berada di Punta Cana atau B\u00e1varo, carilah perjalanan sehari yang membayar lebih murah dari biasanya. Pesan perjalanan ini dengan penjemputan dari hotel Anda di Punta Cana. Bus akan membawa Anda ke Sabana de la Mar, di mana kami akan naik katamaran untuk melewati Teluk Saman\u00e1. Kunjungi komunitas Saman\u00e1 dengan Safari untuk mencapai komunitas El Lim\u00f3n, menunggang kuda atau berjalan kaki ke air terjun setelah melintasi teluk Saman\u00e1 dan waktu makan siang di Pulau Bacardi. Perjalanan ini dimulai pada pukul 06.00 dan berakhir pada pukul 18.30<\/p>\n<p><strong>Silakan pilih tanggal Tur:<\/strong><\/p>","protected":false},"featured_media":320,"template":"","meta":[],"product_brand":[],"product_cat":[96,97,136,264,122,443,123,124],"product_tag":[137,138,281,139,282,283,140,284,141,114,285,142,143],"class_list":{"0":"post-567","1":"product","2":"type-product","3":"status-publish","4":"has-post-thumbnail","6":"product_cat-hiking","7":"product_cat-horse-riding-to-waterfalls","8":"product_cat-safari-samana","9":"product_cat-salto-el-limon-and-bacardi-island","10":"product_cat-tours-and-excursions","11":"product_cat-tours-y-excursiones-es","12":"product_cat-tours-excursions-los-haitises-national-park","13":"product_cat-tours-excursions-samana-bay-dominican-republic","14":"product_tag-bacardi-island","15":"product_tag-beach-time","16":"product_tag-cascada-el-limon-salto-el-limon-samana-republica-dominicana","17":"product_tag-cayo-levantado","18":"product_tag-el-limon-waterfall-bacardi-island-from-punta-cana","19":"product_tag-el-limon-waterfall-and-bacardi-island-tour-from-punta-cana","20":"product_tag-el-limon-waterfalls","21":"product_tag-guided-adventures","22":"product_tag-punta-cana","23":"product_tag-sabana-de-la-mar","24":"product_tag-salto-de-limon-punta-cana","25":"product_tag-samana","26":"product_tag-samana-tours","28":"first","29":"instock","30":"sale","31":"sold-individually","32":"shipping-taxable","33":"product-type-external"},"_links":{"self":[{"href":"https:\/\/visitaloshaitises.com\/id\/wp-json\/wp\/v2\/product\/567","targetHints":{"allow":["GET"]}}],"collection":[{"href":"https:\/\/visitaloshaitises.com\/id\/wp-json\/wp\/v2\/product"}],"about":[{"href":"https:\/\/visitaloshaitises.com\/id\/wp-json\/wp\/v2\/types\/product"}],"wp:featuredmedia":[{"embeddable":true,"href":"https:\/\/visitaloshaitises.com\/id\/wp-json\/wp\/v2\/media\/320"}],"wp:attachment":[{"href":"https:\/\/visitaloshaitises.com\/id\/wp-json\/wp\/v2\/media?parent=567"}],"wp:term":[{"taxonomy":"product_brand","embeddable":true,"href":"https:\/\/visitaloshaitises.com\/id\/wp-json\/wp\/v2\/product_brand?post=567"},{"taxonomy":"product_cat","embeddable":true,"href":"https:\/\/visitaloshaitises.com\/id\/wp-json\/wp\/v2\/product_cat?post=567"},{"taxonomy":"product_tag","embeddable":true,"href":"https:\/\/visitaloshaitises.com\/id\/wp-json\/wp\/v2\/product_tag?post=567"}],"curies":[{"name":"wp","href":"https:\/\/api.w.org\/{rel}","templated":true}]}}