{"id":11628,"date":"2023-10-04T07:39:46","date_gmt":"2023-10-04T07:39:46","guid":{"rendered":"https:\/\/haitises.com\/?post_type=product&#038;p=11628"},"modified":"2024-04-01T17:28:14","modified_gmt":"2024-04-01T17:28:14","slug":"cayo-levantado-day-trip","status":"publish","type":"product","link":"https:\/\/visitaloshaitises.com\/id\/pribadi\/cayo-levantado-day-trip\/","title":{"rendered":"Perjalanan Sehari Cayo Levantado"},"content":{"rendered":"<div class=\"vc_row wpb_row vc_row-fluid\" ><div class=\"wpb_column vc_column_container vc_col-sm-12\"><div class=\"vc_column-inner\"><div class=\"wpb_wrapper\">\n\t<div class=\"wpb_text_column wpb_content_element\" >\n\t\t<div class=\"wpb_wrapper\">\n\t\t\t<p><span style=\"vertical-align: inherit;\"><span style=\"vertical-align: inherit;\"><\/p>\n\n\t\t<\/div>\n\t<\/div>\n<\/div><\/div><\/div><\/div><div class=\"vc_row wpb_row vc_row-fluid\" ><div class=\"wpb_column vc_column_container vc_col-sm-12\"><div class=\"vc_column-inner\"><div class=\"wpb_wrapper\"><\/div><\/div><\/div>[mkdf_section_title title_tag=\u00bb\u00bb disable_break_words=\u00bbno\u00bb subtitle_tag=\u00bb\u00bb title=\u00bbPase de un d\u00eda a la isla Bacard\u00ed (Cayo Levantado)\u00bb subtitle=\u00bbAlmuerzo y nataci\u00f3n en la playa\u00bb]<div class=\"vc_row wpb_row vc_row-fluid\" ><\/div><\/div>[\/vc_row]<div class=\"vc_row wpb_row vc_row-fluid\" ><div class=\"wpb_column vc_column_container vc_col-sm-12\"><div class=\"vc_column-inner\"><div class=\"wpb_wrapper\"><\/div><\/div><\/div><\/div><div class=\"vc_row wpb_row vc_row-fluid\" ><div class=\"wpb_column vc_column_container vc_col-sm-12\"><div class=\"vc_column-inner\"><div class=\"wpb_wrapper\"><div class=\"vc_btn3-container vc_btn3-inline\" ><button class=\"vc_general vc_btn3 vc_btn3-size-md vc_btn3-shape-rounded vc_btn3-style-modern vc_btn3-color-green\">PESAN SEKARANG<\/button><\/div><\/div><\/div><\/div><\/div><div class=\"wpb_column vc_column_container vc_col-sm-12\"><div class=\"vc_column-inner\"><div class=\"wpb_wrapper\"><\/div><\/div><\/div><div class=\"vc_empty_space\"   style=\"height: 32px\"><span class=\"vc_empty_space_inner\"><\/span><\/div><div class=\"vc_row wpb_row vc_row-fluid\" ><\/div><div class=\"wpb_column vc_column_container vc_col-sm-12\"><div class=\"vc_column-inner\"><div class=\"wpb_wrapper\"><\/div><\/div><\/div>\n\t<div class=\"wpb_text_column wpb_content_element\" >\n\t\t<div class=\"wpb_wrapper\">\n\t\t\t<p>\u00a0<\/span><\/span><\/p>\n<h4><b><i><span style=\"vertical-align: inherit;\"><span style=\"vertical-align: inherit;\">Visi\u00f3n general <\/span><\/span><\/i><\/b><\/h4>\n<p>Our <em>day passes<\/em>\u00a0are for anyone who wants to spend a\u00a0<em>day<\/em> at one of the most beautiful beaches in the Dominican Republic. You are free to walk around, swimming, relaxing, chilling, playing volleyball, taking photos, snorkeling, enjoying the beach or just lying in shadow and taking a refreshing beverage (Pi\u00f1a Colada, Coco Loco, Cuba Libre etc.)<\/p>\n<ul>\n<li style=\"font-weight: 400;\"><span style=\"font-weight: 400;\">Includes buffet lunch on the beach<\/span><\/li>\n<li>One Pina Colada with or without Alcohol per adult.<\/li>\n<li>Boat Transfer<\/li>\n<li style=\"font-weight: 400;\"><span style=\"font-weight: 400;\">The Captain provides instruction and Supervision<\/span><\/li>\n<\/ul>\n<p>&nbsp;<\/p>\n<h4><b>Inklusi &amp; Pengecualian<\/b><\/h4>\n<p>&nbsp;<\/p>\n<p><b>Inklusi<\/b><\/p>\n<ol>\n<li>One Pina Colada with or without Alcohol per adult.<\/li>\n<li style=\"font-weight: 400;\"><span style=\"font-weight: 400;\">Buffet lunch on the beach<\/span><\/li>\n<li style=\"font-weight: 400;\"><span style=\"font-weight: 400;\">Semua pajak, biaya dan biaya penanganan<\/span><\/li>\n<li style=\"font-weight: 400;\"><span style=\"font-weight: 400;\">Pajak daerah<\/span><\/li>\n<li style=\"font-weight: 400;\"><span style=\"font-weight: 400;\">Minuman<\/span><\/li>\n<\/ol>\n<p><b> Pengecualian<\/b><\/p>\n<ol>\n<li style=\"font-weight: 400;\"><span style=\"font-weight: 400;\">Gratifikasi<\/span><\/li>\n<li style=\"font-weight: 400;\"><span style=\"font-weight: 400;\">Transfer Car<\/span><\/li>\n<li style=\"font-weight: 400;\"><span style=\"font-weight: 400;\">Minuman beralkohol<\/span><\/li>\n<li>Local Guide<\/li>\n<\/ol>\n<p>&nbsp;<\/p>\n<h4><em><strong>Keberangkatan &amp; Kepulangan<\/strong><\/em><\/h4>\n<p><span style=\"font-weight: 400;\">Traveler akan mendapatkan titik pertemuan setelah Proses Reservasi. Tur dimulai dan Selesai di titik pertemuan kami.<\/span><\/p>\n<p>&nbsp;<\/p>\n<h4><b><i>Apa yang Diharapkan?<\/i><\/b><\/h4>\n<p>&nbsp;<\/p>\n<p><em><strong>Dapatkan tiket Anda<\/strong><\/em> fora day pass in Bacardi island ( Cayo Levantado) in Samana plus a wonderful lunch and beach time.<\/p>\n<p><span style=\"font-weight: 400;\">The Daypass, organized by \u00abBooking Adventures\u00bb starts at the meeting point set with the Tour Guide. <\/span>Lunch at the beach and you can stay as long as you want swimming around. If you are Vegan we also can set some food for you.<\/p>\n<p><strong>Jadwal:<\/strong><\/p>\n<p>8:45 AM &#8211; 4:30 PM<\/p>\n<p>&nbsp;<\/p>\n<h4><em><strong>Apa yang harus kamu bawa?<\/strong><\/em><\/h4>\n<ul>\n<li style=\"font-weight: 400;\"><span style=\"font-weight: 400;\">kamera<\/span><\/li>\n<li style=\"font-weight: 400;\"><span style=\"font-weight: 400;\">Tunas penolak<\/span><\/li>\n<li style=\"font-weight: 400;\"><span style=\"font-weight: 400;\">krim matahari<\/span><\/li>\n<li style=\"font-weight: 400;\"><span style=\"font-weight: 400;\">Topi<\/span><\/li>\n<li style=\"font-weight: 400;\"><span style=\"font-weight: 400;\">Celana yang nyaman<\/span><\/li>\n<li style=\"font-weight: 400;\"><span style=\"font-weight: 400;\">Sepatu hiking untuk hutan<\/span><\/li>\n<li style=\"font-weight: 400;\"><span style=\"font-weight: 400;\">Sandal ke pantai<\/span><\/li>\n<li style=\"font-weight: 400;\"><span style=\"font-weight: 400;\">Pakaian renang<\/span><\/li>\n<li>Uang tunai untuk suvenir<\/li>\n<\/ul>\n<p>&nbsp;<\/p>\n<h4><b><i>Penjemputan di Hotel <\/i><\/b><\/h4>\n<p><span style=\"font-weight: 400;\">Penjemputan di hotel tidak ditawarkan untuk tur ini. <\/span><\/p>\n<p>&nbsp;<\/p>\n<p><b>Catatan:<\/b><span style=\"font-weight: 400;\"> Jika Anda memesan dalam waktu 24 jam dari waktu keberangkatan tur\/Ekskursi, kami dapat mengatur penjemputan di hotel dengan Biaya tambahan. Setelah pembelian Anda selesai, kami akan mengirimkan Anda informasi kontak lengkap (nomor telepon, alamat email, dll.) untuk pemandu wisata lokal kami untuk mengatur pengaturan penjemputan.<\/span><\/p>\n<h4><b><i>Konfirmasi Info Tambahan <\/i><\/b><\/h4>\n<ol>\n<li>Tiket adalah Tanda Terima setelah membayar Tour ini. Anda dapat menunjukkan pembayaran di ponsel Anda.<\/li>\n<li style=\"font-weight: 400;\"><span style=\"font-weight: 400;\">Meeting Point Akan Diterima Setelah Proses Reservasi.<\/span><\/li>\n<li style=\"font-weight: 400;\"><span style=\"font-weight: 400;\">Anak-anak harus didampingi oleh orang dewasa.<\/span><\/li>\n<li style=\"font-weight: 400;\"><span style=\"font-weight: 400;\">dapat diakses dengan kursi roda <\/span><\/li>\n<li style=\"font-weight: 400;\"><span style=\"font-weight: 400;\">Bayi harus duduk di pangkuan <\/span><\/li>\n<li style=\"font-weight: 400;\"><span style=\"font-weight: 400;\">Sebagian besar wisatawan dapat berpartisipasi<\/span><\/li>\n<\/ol>\n<h4><b><i>Kebijakan Pembatalan<\/i><\/b><\/h4>\n<p>Untuk pengembalian dana penuh, harap baca kebijakan Pembatalan kami\u00a0<a href=\"https:\/\/www.ticketswhales.com\/online-booking\/\" target=\"_blank\" rel=\"noopener\" data-saferedirecturl=\"https:\/\/www.google.com\/url?q=https:\/\/www.ticketswhales.com\/online-booking\/&amp;source=gmail&amp;ust=1672532492004000&amp;usg=AOvVaw3ylqI1cdbIPTimEqEWneyd\">klik disini<\/a>. Dana akan hilang jika reservasi dibatalkan pada hari yang sama dengan hari perjalanan.<\/p>\n\n\t\t<\/div>\n\t<\/div>\n<div class=\"vc_row wpb_row vc_row-fluid\" ><\/div><div class=\"wpb_column vc_column_container vc_col-sm-12\"><div class=\"vc_column-inner\"><div class=\"wpb_wrapper\"><\/div><\/div><\/div><div class=\"vc_empty_space\"   style=\"height: 32px\"><span class=\"vc_empty_space_inner\"><\/span><\/div><div class=\"vc_empty_space\"   style=\"height: 32px\"><span class=\"vc_empty_space_inner\"><\/span><\/div><div class=\"vc_row wpb_row vc_row-fluid\" ><\/div><div class=\"wpb_column vc_column_container vc_col-sm-12\"><div class=\"vc_column-inner\"><div class=\"wpb_wrapper\"><\/div><\/div><\/div><div class=\"vc_row wpb_row vc_row-fluid\" ><div class=\"wpb_column vc_column_container vc_col-sm-12\"><div class=\"vc_column-inner\"><div class=\"wpb_wrapper\"><div class=\"vc_btn3-container vc_btn3-inline\" ><button class=\"vc_general vc_btn3 vc_btn3-size-md vc_btn3-shape-rounded vc_btn3-style-modern vc_btn3-color-green\">PESAN SEKARANG<\/button><\/div><\/div><\/div><\/div><\/div>","protected":false},"excerpt":{"rendered":"<p><span style=\"vertical-align: inherit;\"><span style=\"vertical-align: inherit;\">\u00a1Excursi\u00f3n de un d\u00eda a la playa de la isla Bacard\u00ed (Cayo Levantado)! <\/span><span style=\"vertical-align: inherit;\">Consiga sus entradas y almuerce en la playa. <\/span><span style=\"vertical-align: inherit;\">Traslado en barco o catamar\u00e1n todos los d\u00edas a la isla de Bacardi. <\/span><span style=\"vertical-align: inherit;\">Visite la bah\u00eda de Saman\u00e1 y reserve hoy esta oferta.<\/span><\/span><\/p>\n<p>&nbsp;<\/p>\n<p><em><strong><span style=\"vertical-align: inherit;\"><span style=\"vertical-align: inherit;\">Pilih tanggal tur\u00a0<\/span><\/span><\/strong><\/em><\/p>","protected":false},"featured_media":11094,"template":"","meta":[],"product_brand":[],"product_cat":[571,98,135,122,123,124],"product_tag":[137,138,162,163,131,142,147,148,143],"class_list":{"0":"post-11628","1":"product","2":"type-product","3":"status-publish","4":"has-post-thumbnail","6":"product_cat-1-samana","7":"product_cat-local-tour-guides","8":"product_cat-lunch","9":"product_cat-tours-and-excursions","10":"product_cat-tours-excursions-los-haitises-national-park","11":"product_cat-tours-excursions-samana-bay-dominican-republic","12":"product_tag-bacardi-island","13":"product_tag-beach-time","14":"product_tag-cayo-levantado-day-pass","15":"product_tag-cayo-levantado-tour","16":"product_tag-locals-guides","17":"product_tag-samana","18":"product_tag-samana-bay","19":"product_tag-samana-excursions","20":"product_tag-samana-tours","22":"first","23":"instock","24":"sale","25":"featured","26":"sold-individually","27":"shipping-taxable","28":"product-type-external"},"_links":{"self":[{"href":"https:\/\/visitaloshaitises.com\/id\/wp-json\/wp\/v2\/product\/11628","targetHints":{"allow":["GET"]}}],"collection":[{"href":"https:\/\/visitaloshaitises.com\/id\/wp-json\/wp\/v2\/product"}],"about":[{"href":"https:\/\/visitaloshaitises.com\/id\/wp-json\/wp\/v2\/types\/product"}],"wp:featuredmedia":[{"embeddable":true,"href":"https:\/\/visitaloshaitises.com\/id\/wp-json\/wp\/v2\/media\/11094"}],"wp:attachment":[{"href":"https:\/\/visitaloshaitises.com\/id\/wp-json\/wp\/v2\/media?parent=11628"}],"wp:term":[{"taxonomy":"product_brand","embeddable":true,"href":"https:\/\/visitaloshaitises.com\/id\/wp-json\/wp\/v2\/product_brand?post=11628"},{"taxonomy":"product_cat","embeddable":true,"href":"https:\/\/visitaloshaitises.com\/id\/wp-json\/wp\/v2\/product_cat?post=11628"},{"taxonomy":"product_tag","embeddable":true,"href":"https:\/\/visitaloshaitises.com\/id\/wp-json\/wp\/v2\/product_tag?post=11628"}],"curies":[{"name":"wp","href":"https:\/\/api.w.org\/{rel}","templated":true}]}}