{"id":607,"date":"2020-07-11T21:05:03","date_gmt":"2020-07-11T21:05:03","guid":{"rendered":"https:\/\/haitises.com\/?post_type=product&#038;p=607"},"modified":"2024-04-16T04:05:26","modified_gmt":"2024-04-16T04:05:26","slug":"excursion-samana-zipline-tirolesa-el-valle-con-almuerzo-en-la-playa","status":"publish","type":"product","link":"https:\/\/visitaloshaitises.com\/hy\/\u0574\u0561\u057d\u0576\u0561\u057e\u0578\u0580\/excursion-samana-zipline-tirolesa-el-valle-con-almuerzo-en-la-playa\/","title":{"rendered":"Saman\u00e1 Zipline (Zip Line) El Valle \u0537\u0584\u057d\u056f\u0578\u0582\u0580\u057d\u056b\u0561 \u056c\u0561\u0576\u0579\u0578\u057e \u056e\u0578\u057e\u0561\u0583\u056b\u0576"},"content":{"rendered":"<div class=\"vc_row wpb_row vc_row-fluid\" ><div class=\"wpb_column vc_column_container vc_col-sm-12\"><div class=\"vc_column-inner\"><div class=\"wpb_wrapper\">[mkdf_section_title subtitle_tag=\u00bb\u00bb subtitle=\u00bb Aventura de Zip Line\u00bb]<\/div><\/div><\/div><\/div><div class=\"vc_row wpb_row vc_row-fluid\" ><div class=\"wpb_column vc_column_container vc_col-sm-12\"><div class=\"vc_column-inner\"><div class=\"wpb_wrapper\"><div class=\"vc_empty_space\"   style=\"height: 32px\"><span class=\"vc_empty_space_inner\"><\/span><\/div><\/div><\/div><\/div><\/div><div class=\"vc_row wpb_row vc_row-fluid\" ><div class=\"wpb_column vc_column_container vc_col-sm-12\"><div class=\"vc_column-inner\"><div class=\"wpb_wrapper\">\n\t<div class=\"wpb_text_column wpb_content_element\" >\n\t\t<div class=\"wpb_wrapper\">\n\t\t\t<h2>Zip Line (Zip Line) Saman\u00e1, El Valle \u056c\u0561\u0576\u0579\u0578\u057e \u056e\u0578\u057e\u0561\u0583\u056b\u0576<\/h2>\n<h3>\u0546\u056f\u0561\u0580\u0561\u0563\u0580\u0578\u0582\u0569\u0575\u0578\u0582\u0576<\/h3>\n<p>Zip line \u054d\u0561\u0574\u0561\u0576\u0561\u0575\u0578\u0582\u0574, \u0537\u056c \u054e\u0561\u056c\u056c\u0565\u0578\u0582\u0574, \u0563\u0578\u0582\u0574\u0561\u0580\u0561\u056e \u0573\u0561\u0577 \u056c\u0578\u0572\u0561\u0583\u0578\u0582\u0574: \u0535\u056f\u0565\u0584 \u0574\u0565\u0566 \u0570\u0565\u057f \u0587 \u0561\u0575\u0581\u0565\u056c\u0565\u0584 \u053f\u0561\u0580\u056b\u0562\u0575\u0561\u0576 \u0561\u057e\u0561\u0566\u0561\u0576\u056b \u0561\u0574\u0565\u0576\u0561\u0565\u0580\u056f\u0561\u0580 \u0566\u056b\u0583 \u0563\u056e\u0565\u0580\u056b\u0581 \u0574\u0565\u056f\u0568: 12 \u0563\u056b\u056e, 13 \u056f\u0561\u0575\u0561\u0576 \u0587 \u0561\u057e\u0565\u056c\u056b \u0584\u0561\u0576 7400 \u0586\u0578\u0582\u057f \u0574\u0561\u056c\u0578\u0582\u056d: \u054a\u0561\u057f\u0580\u0561\u057d\u057f\u057e\u0565\u0584 \u0587 \u0570\u0565\u057f\u0587\u0565\u0584 \u0571\u0565\u0580 \u0578\u0582\u0572\u0565\u0581\u0578\u0582\u0575\u0581\u0576\u0565\u0580\u056b\u0576 \u057f\u0561\u057d\u0576\u0565\u0580\u056f\u0578\u0582 \u0566\u056b\u0583\u056c\u0561\u0575\u0576 \u0570\u0561\u0580\u0569\u0561\u056f\u0576\u0565\u0580\u0578\u0582\u0574, \u0578\u0580\u0578\u0576\u0584 \u0561\u0576\u0581\u0576\u0578\u0582\u0574 \u0565\u0576 \u0574\u056b\u0576\u0579\u0587 1000 \u0586\u0578\u0582\u057f (304 \u0574\u0565\u057f\u0580) \u0563\u056e\u0565\u0580\u055d \u057e\u0561\u0575\u0565\u056c\u0565\u056c\u0578\u057e \u056c\u0561\u0576\u0564\u0577\u0561\u0586\u057f\u056b \u0585\u0564\u0561\u0575\u056b\u0576 \u057f\u0565\u057d\u0561\u0580\u0561\u0576\u0576\u0565\u0580\u0568:<\/p>\n<p>\u0531\u0575\u057d \u0583\u0578\u0580\u0571\u056b\u0581 \u0570\u0565\u057f\u0578 \u0564\u0578\u0582\u0584 \u056f\u057d\u057f\u0561\u0576\u0561\u0584 \u0571\u0565\u0580 \u056c\u0578\u0572\u0561\u0583\u056b \u056a\u0561\u0574\u0561\u0576\u0561\u056f\u0568, \u0563\u0578\u0582\u0574\u0561\u0580\u0561\u056e \u057f\u0565\u0572\u0561\u056f\u0561\u0576 \u0573\u0561\u0577\u0568 \u056c\u0578\u0572\u0561\u0583\u0578\u0582\u0574:<\/p>\n<ul>\n<li>\u0546\u0565\u0580\u0561\u057c\u0578\u0582\u0574 \u0567 \u0573\u0561\u0577 \u056c\u0578\u0572\u0561\u0583\u0578\u0582\u0574 \u0563\u057f\u0576\u057e\u0578\u0572 \u0586\u0578\u0582\u0580\u0577\u0565\u057f:<\/li>\n<li>\u0536\u056b\u0583\u056c\u0561\u0575\u0576 \u0561\u0580\u0587\u0561\u0564\u0561\u0580\u0571\u0561\u0575\u056b\u0576 \u0561\u0576\u057f\u0561\u057c\u0578\u0582\u0574 \u0587 \u057f\u0565\u057d\u0561\u0580\u0561\u0576\u0576\u0565\u0580 \u057f\u0565\u057d\u0561\u0580\u0561\u0576\u0578\u057e<\/li>\n<li>\u0548\u0582\u0572\u0565\u0581\u0578\u0582\u0575\u0581\u0568 \u057f\u0561\u056c\u056b\u057d \u0567 \u0581\u0578\u0582\u0581\u0578\u0582\u0574\u0576\u0565\u0580 \u0587 \u057e\u0565\u0580\u0561\u0570\u057d\u056f\u0578\u0572\u0578\u0582\u0569\u0575\u0578\u0582\u0576:<\/li>\n<\/ul>\n<h3>\u0546\u0565\u0580\u0561\u057c\u0578\u0582\u0574\u0576\u0565\u0580 \u0587 \u0562\u0561\u0581\u0561\u057c\u0578\u0582\u0574\u0576\u0565\u0580<\/h3>\n<h4>\u0546\u0565\u0580\u0561\u057c\u0578\u0582\u0574\u0576\u0565\u0580<\/h4>\n<ol>\n<li>\u0543\u0561\u0577 \u056c\u0578\u0572\u0561\u0583\u0578\u0582\u0574 \u0562\u0578\u0582\u0586\u0565\u057f.<\/li>\n<li>\u0536\u056b\u0583\u056c\u0561\u0575\u0576 \u057f\u0578\u0582\u0580<\/li>\n<li>\u054d\u0578\u0582\u0580\u0573\u056b \u0587 \u056f\u0561\u056f\u0561\u0578\u0575\u056b \u0561\u0576\u057f\u0561\u057c<\/li>\n<li>\u0532\u0578\u056c\u0578\u0580 \u0570\u0561\u0580\u056f\u0565\u0580\u0568, \u057f\u0578\u0582\u0580\u0584\u0565\u0580\u0568 \u0587 \u057e\u0573\u0561\u0580\u0576\u0565\u0580\u0568<\/li>\n<li>\u054f\u0565\u0572\u0561\u056f\u0561\u0576 \u0570\u0561\u0580\u056f\u0565\u0580<\/li>\n<li>\u053d\u0574\u056b\u0579\u0584\u0576\u0565\u0580<\/li>\n<li>\u0532\u0578\u056c\u0578\u0580 \u0563\u0578\u0580\u056e\u0578\u0572\u0578\u0582\u0569\u0575\u0578\u0582\u0576\u0576\u0565\u0580\u0568<\/li>\n<li>\u054f\u0565\u0572\u0561\u056f\u0561\u0576 \u0578\u0582\u0572\u0565\u0581\u0578\u0582\u0575\u0581<\/li>\n<\/ol>\n<h3>\u0532\u0561\u0581\u0561\u057c\u0578\u0582\u0574\u0576\u0565\u0580<\/h3>\n<ol>\n<li>\u053d\u0578\u0580\u0570\u0578\u0582\u0580\u0564\u0576\u0565\u0580<\/li>\n<li>\u0553\u0578\u056d\u0561\u0576\u0581\u0578\u0582\u0574<\/li>\n<li>\u0531\u056c\u056f\u0578\u0570\u0578\u056c\u0561\u0575\u056b\u0576 \u056d\u0574\u056b\u0579\u0584\u0576\u0565\u0580<\/li>\n<\/ol>\n<h3><em>\u0544\u0565\u056f\u0576\u0578\u0582\u0574 \u0587 \u057e\u0565\u0580\u0561\u0564\u0561\u0580\u0571<\/em><\/h3>\n<p>\u0531\u0574\u0580\u0561\u0563\u0580\u0574\u0561\u0576 \u0563\u0578\u0580\u056e\u0568\u0576\u0569\u0561\u0581\u056b\u0581 \u0570\u0565\u057f\u0578 \u0573\u0561\u0576\u0561\u057a\u0561\u0580\u0570\u0578\u0580\u0564\u0568 \u056f\u057d\u057f\u0561\u0576\u0561 \u0570\u0561\u0576\u0564\u056b\u057a\u0574\u0561\u0576 \u056f\u0565\u057f: \u0547\u0580\u057b\u0561\u0563\u0561\u0575\u0578\u0582\u0569\u0575\u0578\u0582\u0576\u0576\u0565\u0580\u0568 \u057d\u056f\u057d\u057e\u0578\u0582\u0574 \u0587 \u0561\u057e\u0561\u0580\u057f\u057e\u0578\u0582\u0574 \u0565\u0576 \u0574\u0565\u0580 \u0570\u0561\u0576\u0564\u056b\u057a\u0574\u0561\u0576 \u056f\u0565\u057f\u0565\u0580\u0578\u0582\u0574:<\/p>\n<h3><em>\u053b\u055e\u0576\u0579 \u057d\u057a\u0561\u057d\u0565\u056c:<\/em><\/h3>\n<p>\u054d\u057f\u0561\u0581\u0565\u0584 \u0571\u0565\u0580 \u057f\u0578\u0574\u057d\u0565\u0580\u0568 \u054d\u0561\u0574\u0561\u0576\u0561\u0575\u0578\u0582\u0574 El Valle Zipline \u0561\u0575\u0581\u0565\u056c\u0565\u056c\u0578\u0582 \u0570\u0561\u0574\u0561\u0580, \u056b\u0576\u0579\u057a\u0565\u057d \u0576\u0561\u0587 \u0570\u056b\u0561\u0576\u0561\u056c\u056b \u0573\u0561\u0577 \u0587 \u056e\u0578\u057e\u0561\u0583\u0576\u0575\u0561 \u056a\u0561\u0574 El Valle \u056c\u0578\u0572\u0561\u0583\u0578\u0582\u0574:<\/p>\n<p>\u0541\u0565\u0580 \u0561\u0576\u057e\u057f\u0561\u0576\u0563\u0578\u0582\u0569\u0575\u0561\u0576 \u0570\u0561\u0574\u0561\u0580 \u0561\u0576\u0570\u0580\u0561\u056a\u0565\u0577\u057f \u0562\u0578\u056c\u0578\u0580 \u057f\u0565\u057d\u0561\u056f\u056b \u057d\u0561\u0580\u0584\u0561\u057e\u0578\u0580\u0578\u0582\u0574\u0576\u0565\u0580\u0568 \u0571\u0565\u057c\u0584 \u0562\u0565\u0580\u0565\u056c\u0578\u0582\u0581 \u0570\u0565\u057f\u0578 (\u0566\u0580\u0561\u0570, \u057d\u0561\u0572\u0561\u057e\u0561\u0580\u057f \u0587 \u0561\u0575\u056c\u0576), \u0563\u0578\u0580\u056e\u0578\u0572\u0578\u0582\u0569\u0575\u0578\u0582\u0576\u0568 \u056f\u057d\u056f\u057d\u057e\u056b\u055d \u0574\u056b \u0583\u0578\u0584\u0580 \u0584\u0561\u0575\u056c\u0565\u056c\u0578\u057e \u054d\u0561\u0574\u0561\u0576\u0561\u0575\u056b \u056d\u0578\u0576\u0561\u057e \u056f\u0578\u056f\u0578\u057d\u056b \u0587 \u056f\u0561\u056f\u0561\u0578\u0575\u056b \u0561\u0576\u057f\u0561\u057c\u0578\u057e:<\/p>\n<p>El recorrido, organizado por \u00abBooking Adventures\u00bb comienza en el punto de encuentro establecido con el gu\u00eda tur\u00edstico. Con una caba\u00f1a de la zona, donde reciben a los invitados con una degustaci\u00f3n de chocolate y caf\u00e9 org\u00e1nico y un trago de Mamajuana tambi\u00e9n. La emoci\u00f3n comienza en el momento en que los gu\u00edas de Zip-Line comienzan a colocar todo el equipo regulador en cada Zipliner y explican paso a paso qu\u00e9 hacer en la Zip Line. Se requerir\u00e1 el uso de cascos de seguridad con arn\u00e9s doble &#8230; la adrenalina comienza a surtir efecto, suda e incluso se arrepiente para ver la distancia del primer salto. Espere y participe en la \u00abl\u00ednea de seguridad\u00bb en el cable de acero, as\u00ed que es hora de liberar su cuerpo, experimentar la sensaci\u00f3n de volar, volar de plataforma en plataforma y disfrutar del aire con una vista privilegiada de las monta\u00f1as exuberantes, antiguas y tropicales. .<\/p>\n<p>\u0531\u0580\u056f\u0561\u056e\u0576\u0565\u0580\u056b \u0561\u0574\u0580\u0561\u0563\u0580\u0574\u0561\u0576 \u0570\u0561\u0574\u0561\u0580 Zip-Line el Valle-\u0568 \u0562\u0561\u0572\u056f\u0561\u0581\u0561\u056e \u0567 12 \u0570\u0561\u0580\u0569\u0561\u056f\u056b\u0581, \u0578\u0580\u0578\u0576\u0584 \u0583\u0578\u056d\u056f\u0561\u057a\u0561\u056f\u0581\u057e\u0561\u056e \u0565\u0576 \u0565\u0580\u0565\u0584 \u057a\u0578\u0572\u057a\u0561\u057f\u0565 \u0574\u0561\u056c\u0578\u0582\u056d\u0576\u0565\u0580\u0578\u057e, \u0568\u0576\u0564\u0570\u0561\u0576\u0578\u0582\u0580 7,400 \u0586\u0578\u0582\u057f \u0574\u0561\u056c\u0578\u0582\u056d\u0576\u0565\u0580\u0578\u057e, \u0575\u0578\u0582\u0580\u0561\u0584\u0561\u0576\u0579\u0575\u0578\u0582\u0580\u0568 13 \u0570\u0561\u0566\u0561\u0580 \u0586\u0578\u0582\u0576\u057f \u057d\u057f\u0565\u057c\u056c\u056b\u0576\u0563\u0578\u057e, \u0578\u0580\u057f\u0565\u0572 \u0561\u0580\u056f\u0561\u056e\u0561\u056d\u0576\u0564\u056b\u0580\u0576\u0565\u0580\u0568 \u057d\u0561\u0570\u0578\u0582\u0574 \u0565\u0576\u055d \u057d\u056f\u057d\u0561\u056e \u0561\u057c\u0561\u057b\u056b\u0576 \u0576\u0561\u057e\u0578\u057e \u0578\u0563\u0565\u0577\u0576\u0579\u057e\u0561\u056e \u056e\u0578\u057e\u0561\u0570\u0565\u0576 \u0570\u0561\u0580\u0569\u0561\u056f\u056b\u0581 \u0587 \u0570\u0565\u057c\u0561\u057e\u0578\u0580\u0578\u0582\u0569\u0575\u0578\u0582\u0576\u056b\u0581: \u0535\u0580\u056f\u0580\u0578\u0580\u0564 \u0570\u0561\u0580\u0569\u0561\u056f\u056b\u0581 1000 \u0578\u057f\u0576\u0561\u0579\u0561\u0583, \u0561\u057e\u0565\u056c\u056b \u0584\u0561\u0576 400 \u0586\u0578\u0582\u057f \u0562\u0561\u0580\u0571\u0580\u0578\u0582\u0569\u0575\u0561\u0576 \u057e\u0580\u0561: \u054a\u056b\u0580\u0578\u0582\u0565\u057f, \u0563\u0578\u057c\u0561\u0581\u0565\u0584 \u0570\u0578\u0582\u0566\u0574\u0578\u0582\u0576\u0584\u056b\u0581 \u056f\u0561\u0574 \u057a\u0561\u0580\u0566\u0561\u057a\u0565\u057d \u0577\u0565\u0572\u0565\u0584 \u0571\u0565\u0580 \u0561\u0579\u0584\u0565\u0580\u0568 360 \u0561\u057d\u057f\u056b\u0573\u0561\u0576\u056b \u0561\u0576\u056f\u0575\u0561\u0576 \u057f\u0561\u056f\u055d \u0562\u0561\u0581\u0561\u0570\u0561\u0575\u057f\u0565\u056c\u0578\u057e \u0561\u0574\u0565\u0576\u0561\u0583\u0561\u0580\u0569\u0561\u0574 \u0561\u0580\u0587\u0561\u0564\u0561\u0580\u0571\u0561\u0575\u056b\u0576 \u0561\u0576\u057f\u0561\u057c\u0568, \u0578\u0580\u0576 \u0561\u0573\u0578\u0582\u0574 \u0567 \u056c\u0565\u057c\u0576\u0565\u0580\u056b \u057d\u0580\u057f\u0578\u0582\u0574:<\/p>\n<p>\u0554\u0577\u0565\u0584 \u0574\u0561\u056c\u0578\u0582\u056d\u0576\u0565\u0580\u0568 \u0577\u0561\u057f \u056f\u0561\u0575\u0561\u0580\u0561\u0576\u0576\u0565\u0580\u056b \u0570\u0561\u0574\u0561\u0580 \u0587 \u056f\u0570\u0561\u0575\u057f\u0576\u057e\u0565\u0584 \u0537\u056c \u054e\u0561\u056c\u056c\u0565 \u056c\u0578\u0572\u0561\u0583\u0578\u0582\u0574: \u0531\u0575\u057d \u056c\u0578\u0572\u0561\u0583\u0568 \u054d\u0561\u0574\u0561\u0576\u0561\u0575\u056b \u0561\u0574\u0565\u0576\u0561\u0563\u0565\u0572\u0565\u0581\u056b\u056f\u0576\u0565\u0580\u056b\u0581 \u0574\u0565\u056f\u0576 \u0567, \u0587 \u057d\u0578\u057e\u0578\u0580\u0561\u0562\u0561\u0580 \u0577\u0561\u057f \u0574\u0561\u0580\u0564\u056b\u056f \u0579\u0565\u0576 \u0561\u0575\u0581\u0565\u056c\u0578\u0582\u0574 \u0577\u0580\u057b\u0561\u056f\u0561 \u057f\u0561\u0580\u0561\u056e\u0584:<\/p>\n<p>\u0543\u0561\u0577\u0565\u0584 \u056e\u0578\u057e\u0561\u0583\u056b\u0576 \u0587 \u056f\u0561\u0580\u0578\u0572 \u0565\u0584 \u0574\u0576\u0561\u056c \u0561\u0575\u0576\u0584\u0561\u0576 \u056a\u0561\u0574\u0561\u0576\u0561\u056f, \u0578\u0580\u0584\u0561\u0576 \u0581\u0561\u0576\u056f\u0561\u0576\u0578\u0582\u0574 \u0565\u0584 \u056c\u0578\u0572\u0561\u056c: \u054f\u0561\u057a\u0561\u056f\u0561\u056e \u0571\u0578\u0582\u056f \u0587 Tostones \u0561\u057c\u0561\u057b\u0561\u0580\u056f\u057e\u0578\u0582\u0574 \u0567: \u0535\u0569\u0565 \u0564\u0578\u0582\u0584 \u0562\u0578\u0582\u057d\u0561\u056f\u0565\u0580 \u0565\u0584, \u0574\u0565\u0576\u0584 \u056f\u0561\u0580\u0578\u0572 \u0565\u0576\u0584 \u0576\u0561\u0587 \u0571\u0565\u0566 \u0570\u0561\u0574\u0561\u0580 \u0578\u0582\u057f\u0565\u056c\u056b\u0584 \u057a\u0561\u057f\u0580\u0561\u057d\u057f\u0565\u056c:<\/p>\n<h3><em>\u053b\u055e\u0576\u0579 \u057a\u0565\u057f\u0584 \u0567 \u0562\u0565\u0580\u0565\u0584:<\/em><\/h3>\n<ul>\n<li>\u054f\u0565\u057d\u0561\u056d\u0581\u056b\u056f<\/li>\n<li>\u057e\u0561\u0576\u0578\u0572\u0576\u0565\u0580<\/li>\n<li>\u0561\u0580\u0587\u0561\u057a\u0561\u0577\u057f\u057a\u0561\u0576 \u0574\u056b\u057b\u0578\u0581<\/li>\n<li>\u0533\u056c\u056d\u0561\u0580\u056f<\/li>\n<li>\u0540\u0561\u0580\u0574\u0561\u0580\u0561\u057e\u0565\u057f \u057f\u0561\u0562\u0561\u057f<\/li>\n<li>\u0531\u0576\u057f\u0561\u057c\u0561\u0575\u056b\u0576 \u0561\u0580\u0577\u0561\u057e\u0561\u0575\u056b\u0576 \u056f\u0578\u0577\u056b\u056f\u0576\u0565\u0580<\/li>\n<li>\u054d\u0561\u0576\u0564\u0561\u056c\u0576\u0565\u0580 \u0564\u0565\u057a\u056b \u056c\u0578\u0572\u0561\u0583<\/li>\n<li>\u053c\u0578\u0572\u0561\u0566\u0563\u0565\u057d\u057f<\/li>\n<\/ul>\n<h3><em>\u0540\u0575\u0578\u0582\u0580\u0561\u0576\u0578\u0581\u056b \u057a\u056b\u056f\u0561\u057a<\/em><\/h3>\n<p>\u0531\u0575\u057d \u057f\u0578\u0582\u0580\u056b \u0570\u0561\u0574\u0561\u0580 \u0570\u0575\u0578\u0582\u0580\u0561\u0576\u0578\u0581\u056b \u057a\u056b\u056f\u0561\u057a \u0579\u056b \u0561\u057c\u0561\u057b\u0561\u0580\u056f\u057e\u0578\u0582\u0574:<\/p>\n<p><strong>\u0546\u0577\u0578\u0582\u0574:<\/strong> \u0535\u0569\u0565 \u0564\u0578\u0582\u0584 \u057a\u0561\u057f\u057e\u056b\u0580\u0578\u0582\u0574 \u0565\u0584 \u0577\u0580\u057b\u0561\u0563\u0561\u0575\u0578\u0582\u0569\u0575\u0561\u0576\/\u0567\u0584\u057d\u056f\u0578\u0582\u0580\u057d\u056b\u0561\u0575\u056b \u0574\u0565\u056f\u0576\u0574\u0561\u0576 \u056a\u0561\u0574\u056b\u0581 \u0570\u0565\u057f\u0578 24 \u056a\u0561\u0574\u057e\u0561 \u0568\u0576\u0569\u0561\u0581\u0584\u0578\u0582\u0574, \u0574\u0565\u0576\u0584 \u056f\u0561\u0580\u0578\u0572 \u0565\u0576\u0584 \u056f\u0561\u0566\u0574\u0561\u056f\u0565\u0580\u057a\u0565\u056c \u0570\u0575\u0578\u0582\u0580\u0561\u0576\u0578\u0581\u056b \u057f\u0565\u0572\u0561\u0583\u0578\u056d\u0578\u0582\u0574 \u056c\u0580\u0561\u0581\u0578\u0582\u0581\u056b\u0579 \u057e\u0573\u0561\u0580\u0576\u0565\u0580\u0578\u057e: \u0535\u0580\u0562 \u0563\u0576\u0578\u0582\u0574\u0576 \u0561\u057e\u0561\u0580\u057f\u057e\u056b, \u0574\u0565\u0576\u0584 \u0571\u0565\u0566 \u056f\u0578\u0582\u0572\u0561\u0580\u056f\u0565\u0576\u0584 \u0561\u0574\u0562\u0578\u0572\u057b\u0561\u056f\u0561\u0576 \u056f\u0578\u0576\u057f\u0561\u056f\u057f\u0561\u0575\u056b\u0576 \u057f\u057e\u0575\u0561\u056c\u0576\u0565\u0580 (\u0570\u0565\u057c\u0561\u056d\u0578\u057d\u0561\u0570\u0561\u0574\u0561\u0580, \u0567\u056c. \u0583\u0578\u057d\u057f\u056b \u0570\u0561\u057d\u0581\u0565 \u0587 \u0561\u0575\u056c\u0576) \u0574\u0565\u0580 \u057f\u0565\u0572\u0561\u056f\u0561\u0576 \u0567\u0584\u057d\u056f\u0578\u0582\u0580\u057d\u0561\u057e\u0561\u0580\u056b \u0570\u0561\u0574\u0561\u0580\u055d \u057e\u0565\u0580\u0581\u0576\u0565\u056c\u0578\u0582 \u057a\u0561\u0575\u0574\u0561\u0576\u0561\u057e\u0578\u0580\u057e\u0561\u056e\u0578\u0582\u0569\u0575\u0578\u0582\u0576\u0576\u0565\u0580 \u056f\u0561\u0566\u0574\u0561\u056f\u0565\u0580\u057a\u0565\u056c\u0578\u0582 \u0570\u0561\u0574\u0561\u0580:<\/p>\n<h3><em>\u053c\u0580\u0561\u0581\u0578\u0582\u0581\u056b\u0579 \u057f\u0565\u0572\u0565\u056f\u0561\u057f\u057e\u0578\u0582\u0569\u0575\u0561\u0576 \u0570\u0561\u057d\u057f\u0561\u057f\u0578\u0582\u0574<\/em><\/h3>\n<ul>\n<li>\u054f\u0578\u0574\u057d\u0565\u0580\u0576 \u0561\u0575\u057d \u0577\u0580\u057b\u0561\u0563\u0561\u0575\u0578\u0582\u0569\u0575\u0561\u0576 \u0570\u0561\u0574\u0561\u0580 \u057e\u0573\u0561\u0580\u0565\u056c\u0578\u0582\u0581 \u0570\u0565\u057f\u0578 \u057d\u057f\u0561\u0581\u0561\u056f\u0561\u0576\u0576 \u0565\u0576: \u0534\u0578\u0582\u0584 \u056f\u0561\u0580\u0578\u0572 \u0565\u0584 \u0581\u0578\u0582\u0575\u0581 \u057f\u0561\u056c \u057e\u0573\u0561\u0580\u0578\u0582\u0574\u0568 \u0571\u0565\u0580 \u0570\u0565\u057c\u0561\u056d\u0578\u057d\u0578\u0582\u0574:<\/li>\n<li>\u0540\u0561\u0576\u0564\u056b\u057a\u0574\u0561\u0576 \u056f\u0565\u057f\u0568 \u056f\u057d\u057f\u0561\u0581\u057e\u056b \u0561\u0574\u0580\u0561\u0563\u0580\u0574\u0561\u0576 \u0563\u0578\u0580\u056e\u0568\u0576\u0569\u0561\u0581\u056b\u0581 \u0570\u0565\u057f\u0578\u0589<\/li>\n<li>\u0535\u0580\u0565\u056d\u0561\u0576\u0565\u0580\u056b\u0576 \u057a\u0565\u057f\u0584 \u0567 \u0578\u0582\u0572\u0565\u056f\u0581\u056b \u0574\u0565\u056e\u0561\u0570\u0561\u057d\u0561\u056f:<\/li>\n<li>\u0544\u0561\u057d\u0576\u0561\u056f\u056b\u0581\u0576\u0565\u0580\u0568 \u057a\u0565\u057f\u0584 \u0567 \u056f\u0577\u057c\u0565\u0576 \u0561\u057c\u0576\u057e\u0561\u0566\u0576 45 \u0586\u0578\u0582\u0576\u057f:<\/li>\n<li>\u0531\u057c\u0561\u0576\u0581 \u0561\u057c\u0561\u057e\u0565\u056c\u0561\u0563\u0578\u0582\u0575\u0576 \u0584\u0561\u0577\u056b, \u0562\u0561\u0575\u0581 \u0561\u0574\u0580\u0561\u0563\u0578\u057f\u056b\u0576\u0565\u0580\u0568 \u057a\u0565\u057f\u0584 \u0567 \u0570\u0561\u0574\u0561\u057a\u0561\u057f\u0561\u057d\u056d\u0561\u0576\u0565\u0576 \u0571\u0565\u0580 \u0574\u0561\u0580\u0574\u0576\u056b\u0576: (\u0563\u0578\u057f\u056f\u0561\u057f\u0565\u0572\u056b \u0561\u057c\u0561\u057e\u0565\u056c\u0561\u0563\u0578\u0582\u0575\u0576 \u0579\u0561\u0583\u0568 54)<\/li>\n<li>\u0534\u0578\u0582\u0584 \u056f\u0561\u0580\u0578\u0572 \u0565\u0584 Zip \u056f\u0580\u056f\u0576\u0561\u056f\u056b, \u0565\u0580\u0565\u056d\u0561\u0576\u0565\u0580\u056b \u056f\u0561\u0574 \u0570\u0561\u057f\u0578\u0582\u056f \u0574\u0565\u056f\u056b \u0570\u0565\u057f:<\/li>\n<\/ul>\n<p><strong>\u0546\u0577\u0578\u0582\u0574:<\/strong> \u0531\u057c\u0561\u057b\u056b\u0576 \u0570\u0561\u0580\u0569\u0561\u056f \u0570\u0561\u057d\u0576\u0565\u056c\u0578\u0582 \u0570\u0561\u0574\u0561\u0580 \u056f\u0561 100 \u0562\u0561\u056f \u0584\u0561\u0575\u056c\u0565\u056c \u0564\u0565\u057a\u056b \u0566\u0561\u057c\u056b\u0569\u0561\u0583 \u0574\u0561\u0576\u0580\u0561\u056d\u056b\u0573 \u0562\u056c\u0578\u0582\u0580:<\/p>\n<ul>\n<li>\u0540\u0561\u0577\u0574\u0561\u0576\u0564\u0561\u0574\u056b \u057d\u0561\u0575\u056c\u0561\u056f\u056b\u0576 \u0570\u0561\u057d\u0561\u0576\u0565\u056c\u056b \u0579\u0567<\/li>\n<li>\u0535\u0580\u0565\u056d\u0561\u0576\u0565\u0580\u0568 \u057a\u0565\u057f\u0584 \u0567 \u0576\u057d\u057f\u0565\u0576 \u0574\u0565\u056e\u0561\u0570\u0561\u057d\u0561\u056f\u0576\u0565\u0580\u056b \u0570\u0565\u057f<\/li>\n<li>\u053d\u0578\u0580\u0570\u0578\u0582\u0580\u0564 \u0579\u056b \u057f\u0580\u057e\u0578\u0582\u0574 \u0574\u0565\u057b\u0584\u056b \u056d\u0576\u0564\u056b\u0580\u0576\u0565\u0580 \u0578\u0582\u0576\u0565\u0581\u0578\u0572 \u0573\u0561\u0576\u0561\u057a\u0561\u0580\u0570\u0578\u0580\u0564\u0576\u0565\u0580\u056b\u0576:<\/li>\n<li>\u053d\u0578\u0580\u0570\u0578\u0582\u0580\u0564 \u0579\u056b \u057f\u0580\u057e\u0578\u0582\u0574 \u0570\u0572\u056b\u0576\u0565\u0580\u056b\u0576:<\/li>\n<li>\u054d\u0580\u057f\u056b \u0570\u0565\u057f \u056f\u0561\u057a\u057e\u0561\u056e \u056d\u0576\u0564\u056b\u0580\u0576\u0565\u0580 \u056f\u0561\u0574 \u0561\u0575\u056c \u056c\u0578\u0582\u0580\u057b \u0562\u056a\u0577\u056f\u0561\u056f\u0561\u0576 \u057a\u0561\u0575\u0574\u0561\u0576\u0576\u0565\u0580 \u0579\u056f\u0561\u0576:<\/li>\n<li>\u0547\u0561\u057f \u0573\u0561\u0576\u0561\u057a\u0561\u0580\u0570\u0578\u0580\u0564\u0576\u0565\u0580 \u056f\u0561\u0580\u0578\u0572 \u0565\u0576 \u0574\u0561\u057d\u0576\u0561\u056f\u0581\u0565\u056c:<\/li>\n<\/ul>\n<h3><em>\u0549\u0565\u0572\u0561\u0580\u056f\u0574\u0561\u0576 \u0584\u0561\u0572\u0561\u0584\u0561\u056f\u0561\u0576\u0578\u0582\u0569\u0575\u0578\u0582\u0576<\/em><\/h3>\n<p>\u0531\u0574\u0562\u0578\u0572\u057b \u0563\u0578\u0582\u0574\u0561\u0580\u0568 \u057e\u0565\u0580\u0561\u0564\u0561\u0580\u0571\u0576\u0565\u056c\u0578\u0582 \u0570\u0561\u0574\u0561\u0580 \u0579\u0565\u0572\u0561\u0580\u056f\u0565\u0584 \u0563\u0578\u0580\u056e\u0578\u0572\u0578\u0582\u0569\u0575\u0578\u0582\u0576\u0568 \u0574\u0565\u056f\u0576\u0561\u0580\u056f\u056b \u0561\u0574\u057d\u0561\u0569\u057e\u056b\u0581 \u0561\u057c\u0576\u057e\u0561\u0566\u0576 24 \u056a\u0561\u0574 \u0561\u057c\u0561\u057b:<\/p>\n\n\t\t<\/div>\n\t<\/div>\n<\/div><\/div><\/div><\/div><div class=\"vc_row wpb_row vc_row-fluid\" ><div class=\"wpb_column vc_column_container vc_col-sm-12\"><div class=\"vc_column-inner\"><div class=\"wpb_wrapper\">\n\t<div class=\"wpb_text_column wpb_content_element\" >\n\t\t<div class=\"wpb_wrapper\">\n\t\t\t<h4>\u053f\u0561\u057a \u0574\u0565\u0566 \u0570\u0565\u057f:<\/h4>\n<h5>\u0561\u0580\u056f\u0561\u056e\u0561\u0575\u056b\u0576 \u0561\u0580\u0563\u0565\u056c\u0578\u0581<\/h5>\n<p><em>\u0537\u0584\u057d\u056f\u0578\u0582\u0580\u057d\u0561\u057e\u0561\u0580\u0576\u0565\u0580 <strong>\u057f\u0565\u0572\u0561\u056f\u0561\u0576<\/strong> \u0587 <strong>\u0561\u0566\u0563\u0561\u0575\u056b\u0576<\/strong> \u0587 \u0570\u0575\u0578\u0582\u0580\u0565\u0580\u056b \u056e\u0561\u057c\u0561\u0575\u0578\u0582\u0569\u0575\u0578\u0582\u0576\u0576\u0565\u0580<\/em><\/p>\n<p>\u0531\u0574\u0580\u0561\u0563\u0580\u0578\u0582\u0574\u0576\u0565\u0580. \u0547\u0580\u057b\u0561\u0563\u0561\u0575\u0578\u0582\u0569\u0575\u0578\u0582\u0576\u0576\u0565\u0580 \u0587 \u0567\u0584\u057d\u056f\u0578\u0582\u0580\u057d\u056b\u0561\u0576\u0565\u0580 \u0534\u0578\u0574.<\/p>\n<p>\u0540\u0565\u057c\/Whatsapp +1-809-720-6035:<\/p>\n<p>info@bookingadventures.com.do<\/p>\n<p>\u0544\u0565\u0576\u0584 \u056b\u0580\u0561\u056f\u0561\u0576\u0561\u0581\u0576\u0578\u0582\u0574 \u0565\u0576\u0584 \u0574\u0561\u057d\u0576\u0561\u057e\u0578\u0580 \u0577\u0580\u057b\u0561\u0563\u0561\u0575\u0578\u0582\u0569\u0575\u0578\u0582\u0576\u0576\u0565\u0580 \u0573\u056f\u0578\u0582\u0576 \u056f\u0578\u0576\u0586\u056b\u0563\u0578\u0582\u0580\u0561\u0581\u056b\u0561\u0575\u0578\u057e Whatsapp-\u056b \u056f\u0578\u0572\u0574\u056b\u0581.<strong>\u00a0<a href=\"tel:+18097206035\">+18097206035.<\/a><\/strong><\/p>\n\n\t\t<\/div>\n\t<\/div>\n<div class=\"vc_empty_space\"   style=\"height: 32px\"><span class=\"vc_empty_space_inner\"><\/span><\/div><\/div><\/div><\/div><\/div>","protected":false},"excerpt":{"rendered":"<p>Zip line \u054d\u0561\u0574\u0561\u0576\u0561\u0575\u0578\u0582\u0574, \u0537\u056c \u054e\u0561\u056c\u056c\u0565\u0578\u0582\u0574, \u0563\u0578\u0582\u0574\u0561\u0580\u0561\u056e \u0573\u0561\u0577 \u056c\u0578\u0572\u0561\u0583\u0578\u0582\u0574: \u0535\u056f\u0565\u0584 \u0574\u0565\u0566 \u0570\u0565\u057f \u0587 \u0561\u0575\u0581\u0565\u056c\u0565\u0584 \u053f\u0561\u0580\u056b\u0562\u0575\u0561\u0576 \u0561\u057e\u0561\u0566\u0561\u0576\u056b \u0561\u0574\u0565\u0576\u0561\u0565\u0580\u056f\u0561\u0580 \u0566\u056b\u0583 \u0563\u056e\u0565\u0580\u056b\u0581 \u0574\u0565\u056f\u0568\u055d 12 \u0563\u056b\u056e, 13 \u056f\u0561\u0575\u0561\u0576 \u0587 \u0561\u057e\u0565\u056c\u056b \u0584\u0561\u0576 7400 \u0586\u0578\u0582\u057f \u0574\u0561\u056c\u0578\u0582\u056d:<\/p>\n<p>\u0531\u0575\u057d \u0583\u0578\u0580\u0571\u056b\u0581 \u0570\u0565\u057f\u0578 \u0564\u0578\u0582\u0584 \u056f\u057d\u057f\u0561\u0576\u0561\u0584 \u0571\u0565\u0580 \u056c\u0578\u0572\u0561\u0583\u056b \u056a\u0561\u0574\u0561\u0576\u0561\u056f\u0568, \u0563\u0578\u0582\u0574\u0561\u0580\u0561\u056e \u057f\u0565\u0572\u0561\u056f\u0561\u0576 \u0573\u0561\u0577\u0568 \u056c\u0578\u0572\u0561\u0583\u0578\u0582\u0574:<\/p>\n<p><em><strong>\u053d\u0576\u0564\u0580\u0578\u0582\u0574 \u0565\u0576\u0584 \u0568\u0576\u057f\u0580\u0565\u056c \u0577\u0580\u057b\u0561\u0563\u0561\u0575\u0578\u0582\u0569\u0575\u0561\u0576 \u0561\u0574\u057d\u0561\u0569\u056b\u057e\u0568.<\/strong><\/em><\/p>","protected":false},"featured_media":132,"template":"","meta":[],"product_brand":[],"product_cat":[96,135,122,443,123,124],"product_tag":[138,157,158,142,147,148,143,159,160,161],"class_list":{"0":"post-607","1":"product","2":"type-product","3":"status-publish","4":"has-post-thumbnail","6":"product_cat-hiking","7":"product_cat-lunch","8":"product_cat-tours-and-excursions","9":"product_cat-tours-y-excursiones-es","10":"product_cat-tours-excursions-los-haitises-national-park","11":"product_cat-tours-excursions-samana-bay-dominican-republic","12":"product_tag-beach-time","13":"product_tag-el-valle-beach","14":"product_tag-playa-el-valle","15":"product_tag-samana","16":"product_tag-samana-bay","17":"product_tag-samana-excursions","18":"product_tag-samana-tours","19":"product_tag-tours-dominican-republic","20":"product_tag-zip-line","21":"product_tag-zip-line-samana","23":"first","24":"instock","25":"sale","26":"sold-individually","27":"shipping-taxable","28":"product-type-external"},"_links":{"self":[{"href":"https:\/\/visitaloshaitises.com\/hy\/wp-json\/wp\/v2\/product\/607","targetHints":{"allow":["GET"]}}],"collection":[{"href":"https:\/\/visitaloshaitises.com\/hy\/wp-json\/wp\/v2\/product"}],"about":[{"href":"https:\/\/visitaloshaitises.com\/hy\/wp-json\/wp\/v2\/types\/product"}],"wp:featuredmedia":[{"embeddable":true,"href":"https:\/\/visitaloshaitises.com\/hy\/wp-json\/wp\/v2\/media\/132"}],"wp:attachment":[{"href":"https:\/\/visitaloshaitises.com\/hy\/wp-json\/wp\/v2\/media?parent=607"}],"wp:term":[{"taxonomy":"product_brand","embeddable":true,"href":"https:\/\/visitaloshaitises.com\/hy\/wp-json\/wp\/v2\/product_brand?post=607"},{"taxonomy":"product_cat","embeddable":true,"href":"https:\/\/visitaloshaitises.com\/hy\/wp-json\/wp\/v2\/product_cat?post=607"},{"taxonomy":"product_tag","embeddable":true,"href":"https:\/\/visitaloshaitises.com\/hy\/wp-json\/wp\/v2\/product_tag?post=607"}],"curies":[{"name":"wp","href":"https:\/\/api.w.org\/{rel}","templated":true}]}}