{"id":11316,"date":"2021-08-15T20:08:36","date_gmt":"2021-08-15T20:08:36","guid":{"rendered":"https:\/\/haitises.com\/?post_type=product&#038;p=11316"},"modified":"2024-04-10T16:08:18","modified_gmt":"2024-04-10T16:08:18","slug":"los-haitises-national-park-playa-el-rincon-beach-2","status":"publish","type":"product","link":"https:\/\/visitaloshaitises.com\/hy\/private\/los-haitises-national-park-playa-el-rincon-beach-2\/","title":{"rendered":"Los Haitises National Park + Playa el Rinc\u00f3n \u056c\u0578\u0572\u0561\u0583"},"content":{"rendered":"<div class=\"vc_row wpb_row vc_row-fluid\" ><div class=\"wpb_column vc_column_container vc_col-sm-12\"><div class=\"vc_column-inner\"><div class=\"wpb_wrapper\"><div class=\"mkdf-section-title-holder\" style=\"text-align: left\">\n\t<div class=\"mkdf-st-inner\">\n\t\t\t\t\t<h5 class=\"mkdf-st-subtitle\" >\n\t\t\t\tCaves, Mangroves, Lunch &amp; Swimming at The Beach\t\t\t<\/h5>\n\t\t\t\t\t\t\t<h3 class=\"mkdf-st-title\" >\n\t\t\t\tLos Haitises National Park + Playa el Rinc\u00f3n \u056c\u0578\u0572\u0561\u0583\t\t\t<\/h3>\n\t\t\t\t\t<\/div>\n<\/div><\/div><\/div><\/div><\/div><div class=\"vc_row wpb_row vc_row-fluid\" ><div class=\"wpb_column vc_column_container vc_col-sm-12\"><div class=\"vc_column-inner\"><div class=\"wpb_wrapper\">\n\t<div class=\"wpb_text_column wpb_content_element\" >\n\t\t<div class=\"wpb_wrapper\">\n\t\t\t<h4><b><i>\u0538\u0576\u0564\u0570\u0561\u0576\u0578\u0582\u0580 \u0561\u056f\u0576\u0561\u0580\u056f <\/i><\/b><\/h4>\n<p>Los Haitises National Park and Playa El Rincon with Lunch on the beach. Come with us and visit the most beautiful national park of Dominican Republic, Visiting Mangroves, Caves and San Lorenzo Bay. After back to Samana port to take a\u00a0 private trip to Playa El Rincon Beach with Lunch on the Beach<\/p>\n<p>After this experience, you will get your time on the beach plus local lunch on the beach.<\/p>\n<ul>\n<li style=\"font-weight: 400;\"><span style=\"font-weight: 400;\">Includes buffet lunch on the beach <\/span><\/li>\n<li style=\"font-weight: 400;\">\u0546\u0565\u0580\u0561\u057c\u057e\u0561\u056e \u057e\u0573\u0561\u0580\u0576\u0565\u0580\u0568<\/li>\n<li style=\"font-weight: 400;\"><span style=\"font-weight: 400;\">The guide provides instruction and Supervision<\/span><\/li>\n<\/ul>\n<p>&nbsp;<\/p>\n<h4><b>\u0546\u0565\u0580\u0561\u057c\u0578\u0582\u0574\u0576\u0565\u0580 \u0587 \u0562\u0561\u0581\u0561\u057c\u0578\u0582\u0574\u0576\u0565\u0580<\/b><\/h4>\n<p>&nbsp;<\/p>\n<p><b>\u0546\u0565\u0580\u0561\u057c\u0578\u0582\u0574\u0576\u0565\u0580<\/b><\/p>\n<ol>\n<li style=\"font-weight: 400;\"><span style=\"font-weight: 400;\">\u00a0lunch on the beach<\/span><\/li>\n<li style=\"font-weight: 400;\">Los Haitises Tour + Playa El Rincon<\/li>\n<li style=\"font-weight: 400;\"><span style=\"font-weight: 400;\">\u0532\u0578\u056c\u0578\u0580 \u0570\u0561\u0580\u056f\u0565\u0580\u0568, \u057f\u0578\u0582\u0580\u0584\u0565\u0580\u0568 \u0587 \u0562\u0565\u057c\u0576\u0561\u0569\u0561\u0583\u0574\u0561\u0576 \u057e\u0573\u0561\u0580\u0576\u0565\u0580\u0568<\/span><\/li>\n<li style=\"font-weight: 400;\"><span style=\"font-weight: 400;\">\u054f\u0565\u0572\u0561\u056f\u0561\u0576 \u0570\u0561\u0580\u056f\u0565\u0580<\/span><\/li>\n<li style=\"font-weight: 400;\"><span style=\"font-weight: 400;\">Beverages<\/span><\/li>\n<li style=\"font-weight: 400;\"><span style=\"font-weight: 400;\">\u0532\u0578\u056c\u0578\u0580 \u0563\u0578\u0580\u056e\u0578\u0572\u0578\u0582\u0569\u0575\u0578\u0582\u0576\u0576\u0565\u0580\u0568<\/span><\/li>\n<li style=\"font-weight: 400;\"><span style=\"font-weight: 400;\">Local guide<\/span><\/li>\n<\/ol>\n<p><b> \u0532\u0561\u0581\u0561\u057c\u0578\u0582\u0574\u0576\u0565\u0580<\/b><\/p>\n<ol>\n<li style=\"font-weight: 400;\"><span style=\"font-weight: 400;\">\u0547\u0561\u0570\u0561\u057e\u0573\u0561\u0580\u0576\u0565\u0580<\/span><\/li>\n<li style=\"font-weight: 400;\"><span style=\"font-weight: 400;\">Transfer<\/span><\/li>\n<li style=\"font-weight: 400;\"><span style=\"font-weight: 400;\">Alcoholic Drinks<\/span><\/li>\n<\/ol>\n<p>&nbsp;<\/p>\n<h4><em><strong>\u0544\u0565\u056f\u0576\u0578\u0582\u0574 \u0587 \u057e\u0565\u0580\u0561\u0564\u0561\u0580\u0571<\/strong><\/em><\/h4>\n<p><span style=\"font-weight: 400;\">The traveler will get a meeting point after the Reservation Process. Tours start and Finished in our meeting points.<\/span><\/p>\n<p>&nbsp;<\/p>\n<h4><b><i>\u053b\u055e\u0576\u0579 \u057d\u057a\u0561\u057d\u0565\u056c:<\/i><\/b><\/h4>\n<p>&nbsp;<\/p>\n<p><em><strong>Get your tickets<\/strong><\/em> for visiting Los Haitises National Park with a wonderful lunch at Playa El Rincon Beach.<\/p>\n<p><span style=\"font-weight: 400;\">The tour, organized by \u00abBooking Adventures\u00bb starts at the meeting point set with the Tour Guide.<\/span><\/p>\n<div class=\"teaser-description\">Take a boat tour through Samana bay to Visit Los Haitises National Park, Going by mangrove swamps, past ancient pirate caves and into protected forests in this picturesque reserve.<\/div>\n<div class=\"body-description secondary\">\n<p>Come with Booking Adventures and start checking some bird-filled mangroves, rolling hills of lush vegetation and caves of <em><strong>Los Haitises National Park<\/strong><\/em>. Taking a boat Excursion from Samana Port.<\/p>\n<p>The national park\u2019s name comes from its original inhabitants, the Taino Indians. In their language \u201cHaitises\u201d translates to highlands or Hills, a reference to the coastline\u2019s steep geological formations with Limestones. Venture deeper into the park to explore caves such as the <em><strong>Cueva de la Arena<\/strong><\/em> and <strong><em>Cueva de la L\u00cdnea.<\/em><\/strong> Caves in the reserve were used as shelter by the Taino Indians and, later, by hiding pirates. Look for drawings by Indians that decorate some of the walls.<\/p>\n<p>After visiting Los Haitises National Park we will take the boat and going through the mangroves and Land at the open San Lorenzo Bay directly to\u00a0 Saman\u00e1 Port. In Saman\u00e1 Port, we take our private Transportation to El Rinc\u00f3n beach for lunch.<\/p>\n<p>Lunch will be delicious but we did not finish yet. After lunchtime, you will have time to enjoy the beach or just sit in a shade and enjoy Pi\u00f1a Colada or Coco Loco in one of typical Dominican bar. Around 4:30 pm leaving from the beach and coming back to Saman\u00e1.<\/p>\n<\/div>\n<p>In the beach and you can stay as long you want swimming around. Frite fish and Tostones are offered! If you are Vegan we also can set some food for you.<\/p>\n<p>&nbsp;<\/p>\n<h4><em><strong>\u053b\u055e\u0576\u0579 \u057a\u0565\u057f\u0584 \u0567 \u0562\u0565\u0580\u0565\u0584:<\/strong><\/em><\/h4>\n<ul>\n<li style=\"font-weight: 400;\"><span style=\"font-weight: 400;\">\u057f\u0565\u057d\u0561\u056d\u0581\u056b\u056f<\/span><\/li>\n<li style=\"font-weight: 400;\"><span style=\"font-weight: 400;\">\u057e\u0561\u0576\u0578\u0572 \u0562\u0578\u0572\u0562\u0578\u057b\u0576\u0565\u0580<\/span><\/li>\n<li style=\"font-weight: 400;\"><span style=\"font-weight: 400;\">suncream<\/span><\/li>\n<li style=\"font-weight: 400;\"><span style=\"font-weight: 400;\">\u0533\u056c\u056d\u0561\u0580\u056f<\/span><\/li>\n<li style=\"font-weight: 400;\"><span style=\"font-weight: 400;\">\u0540\u0561\u0580\u0574\u0561\u0580\u0561\u057e\u0565\u057f \u057f\u0561\u0562\u0561\u057f<\/span><\/li>\n<li style=\"font-weight: 400;\"><span style=\"font-weight: 400;\">\u0531\u0580\u0577\u0561\u057e\u0561\u0575\u056b\u0576 \u056f\u0578\u0577\u056b\u056f\u0576\u0565\u0580 \u0561\u0576\u057f\u0561\u057c\u056b \u0570\u0561\u0574\u0561\u0580<\/span><\/li>\n<li style=\"font-weight: 400;\"><span style=\"font-weight: 400;\">Sandals to the \u00a0beach<\/span><\/li>\n<li style=\"font-weight: 400;\"><span style=\"font-weight: 400;\">\u053c\u0578\u0572\u0561\u0566\u0563\u0565\u057d\u057f<\/span><\/li>\n<\/ul>\n<p>&nbsp;<\/p>\n<h4><b><i>\u0540\u0575\u0578\u0582\u0580\u0561\u0576\u0578\u0581\u056b \u057a\u056b\u056f\u0561\u057a <\/i><\/b><\/h4>\n<p><span style=\"font-weight: 400;\">Hotel pick-up is not offered for this tour. <\/span><\/p>\n<p>&nbsp;<\/p>\n<p><b>\u0546\u0577\u0578\u0582\u0574.<\/b><span style=\"font-weight: 400;\"> if you are booking within 24 hours of the tour\/Excursion departure time, we can arrangements hotel pick-up with extra Charges. Once your purchase is complete, we will send you complete contact information (phone number, email address, etc.) for our local Tour guide to organize pick-up arrangements.<\/span><\/p>\n<h4><b><i>\u053c\u0580\u0561\u0581\u0578\u0582\u0581\u056b\u0579 \u057f\u0565\u0572\u0565\u056f\u0578\u0582\u0569\u0575\u0578\u0582\u0576\u0576\u0565\u0580\u056b \u0570\u0561\u057d\u057f\u0561\u057f\u0578\u0582\u0574 <\/i><\/b><\/h4>\n<ol>\n<li>Tickets are the Receipt after paying this Tour. You can showthe payment on your phone.<\/li>\n<li style=\"font-weight: 400;\"><span style=\"font-weight: 400;\">\u0540\u0561\u0576\u0564\u056b\u057a\u0574\u0561\u0576 \u056f\u0565\u057f\u0568 \u056f\u057d\u057f\u0561\u0581\u057e\u056b \u0561\u0574\u0580\u0561\u0563\u0580\u0574\u0561\u0576 \u0563\u0578\u0580\u056e\u0568\u0576\u0569\u0561\u0581\u056b\u0581 \u0570\u0565\u057f\u0578:<\/span><\/li>\n<li style=\"font-weight: 400;\"><span style=\"font-weight: 400;\">\u0535\u0580\u0565\u056d\u0561\u0576\u0565\u0580\u056b\u0576 \u057a\u0565\u057f\u0584 \u0567 \u0578\u0582\u0572\u0565\u056f\u0581\u056b \u0574\u0565\u056e\u0561\u0570\u0561\u057d\u0561\u056f:<\/span><\/li>\n<li style=\"font-weight: 400;\"><span style=\"font-weight: 400;\"> \u0540\u0561\u0577\u0574\u0561\u0576\u0564\u0561\u0574\u056b \u057d\u0561\u0575\u056c\u0561\u056f\u056b\u0576 \u0570\u0561\u057d\u0561\u0576\u0565\u056c\u056b \u0579\u0567 <\/span><\/li>\n<li style=\"font-weight: 400;\"><span style=\"font-weight: 400;\">\u0546\u0578\u0580\u0561\u056e\u056b\u0576\u0576\u0565\u0580\u0568 \u057a\u0565\u057f\u0584 \u0567 \u0576\u057d\u057f\u0565\u0576 \u0563\u056b\u0580\u056f\u0568 <\/span><\/li>\n<li style=\"font-weight: 400;\"><span style=\"font-weight: 400;\">\u053d\u0578\u0580\u0570\u0578\u0582\u0580\u0564 \u0579\u056b \u057f\u0580\u057e\u0578\u0582\u0574 \u0574\u0565\u057b\u0584\u056b \u056d\u0576\u0564\u056b\u0580\u0576\u0565\u0580 \u0578\u0582\u0576\u0565\u0581\u0578\u0572 \u0573\u0561\u0576\u0561\u057a\u0561\u0580\u0570\u0578\u0580\u0564\u0576\u0565\u0580\u056b\u0576<\/span><\/li>\n<li style=\"font-weight: 400;\"><span style=\"font-weight: 400;\">\u053d\u0578\u0580\u0570\u0578\u0582\u0580\u0564 \u0579\u056b \u057f\u0580\u057e\u0578\u0582\u0574 \u0570\u0572\u056b \u0573\u0561\u0576\u0561\u057a\u0561\u0580\u0570\u0578\u0580\u0564\u0576\u0565\u0580\u056b\u0576 <\/span><\/li>\n<li style=\"font-weight: 400;\"><span style=\"font-weight: 400;\"> \u054d\u0580\u057f\u056b \u0570\u0565\u057f \u056f\u0561\u057a\u057e\u0561\u056e \u056d\u0576\u0564\u056b\u0580\u0576\u0565\u0580 \u056f\u0561\u0574 \u0561\u0575\u056c \u056c\u0578\u0582\u0580\u057b \u0562\u056a\u0577\u056f\u0561\u056f\u0561\u0576 \u057a\u0561\u0575\u0574\u0561\u0576\u0576\u0565\u0580 \u0579\u056f\u0561\u0576 <\/span><\/li>\n<li style=\"font-weight: 400;\"><span style=\"font-weight: 400;\">\u0547\u0561\u057f \u0573\u0561\u0576\u0561\u057a\u0561\u0580\u0570\u0578\u0580\u0564\u0576\u0565\u0580 \u056f\u0561\u0580\u0578\u0572 \u0565\u0576 \u0574\u0561\u057d\u0576\u0561\u056f\u0581\u0565\u056c<\/span><\/li>\n<\/ol>\n<h4><b><i>\u0549\u0565\u0572\u0561\u0580\u056f\u0574\u0561\u0576 \u0584\u0561\u0572\u0561\u0584\u0561\u056f\u0561\u0576\u0578\u0582\u0569\u0575\u0578\u0582\u0576<\/i><\/b><\/h4>\n<p><span style=\"font-weight: 400;\">For a full refund, cancel at least 24 hours in advance of the start date of the experience.<\/span><\/p>\n\n\t\t<\/div>\n\t<\/div>\n<div class=\"vc_empty_space\"   style=\"height: 32px\"><span class=\"vc_empty_space_inner\"><\/span><\/div><\/div><\/div><\/div><\/div><div class=\"vc_row wpb_row vc_row-fluid\" ><div class=\"wpb_column vc_column_container vc_col-sm-12\"><div class=\"vc_column-inner\"><div class=\"wpb_wrapper\"><\/div><\/div><\/div><\/div>","protected":false},"excerpt":{"rendered":"<p>Los Haitises National Park and Playa El Rinc\u00f3n with Lunch on the beach. Come with us and visit the most beautiful national park of the Dominican Republic, Visiting Mangroves, Caves and San Lorenzo Bay. After back to Saman\u00e1 port to take a\u00a0 private trip to Playa El Rinc\u00f3n Beach with Lunch on the Beach.<\/p>\n<p>Get your tickets with offers here&#8230;<\/p>\n<p>&nbsp;<\/p>\n<p><strong>\u053d\u0576\u0564\u0580\u0578\u0582\u0574 \u0565\u0576\u0584 \u0568\u0576\u057f\u0580\u0565\u056c \u0577\u0580\u057b\u0561\u0563\u0561\u0575\u0578\u0582\u0569\u0575\u0561\u0576 \u0561\u0574\u057d\u0561\u0569\u056b\u057e\u0568\u00a0<\/strong><\/p>","protected":false},"featured_media":227,"template":"","meta":[],"product_brand":[],"product_cat":[98,135,124,154],"product_tag":[138,195,196,142,147,148,143],"class_list":{"0":"post-11316","1":"product","2":"type-product","3":"status-publish","4":"has-post-thumbnail","6":"product_cat-local-tour-guides","7":"product_cat-lunch","8":"product_cat-tours-excursions-samana-bay-dominican-republic","9":"product_cat-trails-or-paths","10":"product_tag-beach-time","11":"product_tag-el-rincon-beach","12":"product_tag-playa-el-rincon","13":"product_tag-samana","14":"product_tag-samana-bay","15":"product_tag-samana-excursions","16":"product_tag-samana-tours","18":"first","19":"instock","20":"sale","21":"sold-individually","22":"shipping-taxable","23":"product-type-external"},"_links":{"self":[{"href":"https:\/\/visitaloshaitises.com\/hy\/wp-json\/wp\/v2\/product\/11316","targetHints":{"allow":["GET"]}}],"collection":[{"href":"https:\/\/visitaloshaitises.com\/hy\/wp-json\/wp\/v2\/product"}],"about":[{"href":"https:\/\/visitaloshaitises.com\/hy\/wp-json\/wp\/v2\/types\/product"}],"wp:featuredmedia":[{"embeddable":true,"href":"https:\/\/visitaloshaitises.com\/hy\/wp-json\/wp\/v2\/media\/227"}],"wp:attachment":[{"href":"https:\/\/visitaloshaitises.com\/hy\/wp-json\/wp\/v2\/media?parent=11316"}],"wp:term":[{"taxonomy":"product_brand","embeddable":true,"href":"https:\/\/visitaloshaitises.com\/hy\/wp-json\/wp\/v2\/product_brand?post=11316"},{"taxonomy":"product_cat","embeddable":true,"href":"https:\/\/visitaloshaitises.com\/hy\/wp-json\/wp\/v2\/product_cat?post=11316"},{"taxonomy":"product_tag","embeddable":true,"href":"https:\/\/visitaloshaitises.com\/hy\/wp-json\/wp\/v2\/product_tag?post=11316"}],"curies":[{"name":"wp","href":"https:\/\/api.w.org\/{rel}","templated":true}]}}