{"id":554,"date":"2020-06-22T17:36:48","date_gmt":"2020-06-22T17:36:48","guid":{"rendered":"https:\/\/haitises.com\/?post_type=product&#038;p=554"},"modified":"2024-04-17T20:44:54","modified_gmt":"2024-04-17T20:44:54","slug":"excursion-a-los-haitises-desde-sabana-de-la-mar-o-cano-hondo","status":"publish","type":"product","link":"https:\/\/visitaloshaitises.com\/hu\/private\/excursion-a-los-haitises-desde-sabana-de-la-mar-o-cano-hondo\/","title":{"rendered":"Kir\u00e1ndul\u00e1s Los Haitisesbe Sabana de la Marb\u00f3l vagy Ca\u00f1o Hond\u00f3b\u00f3l"},"content":{"rendered":"<div class=\"vc_row wpb_row vc_row-fluid\" ><div class=\"wpb_column vc_column_container vc_col-sm-12\"><div class=\"vc_column-inner\"><div class=\"wpb_wrapper\"><div class=\"mkdf-section-title-holder\" style=\"text-align: left\">\n\t<div class=\"mkdf-st-inner\">\n\t\t\t\t\t<h5 class=\"mkdf-st-subtitle\" >\n\t\t\t\tNorm\u00e1l t\u00fara Haitisesbe\t\t\t<\/h5>\n\t\t\t\t\t\t\t<\/div>\n<\/div><\/div><\/div><\/div><\/div><div class=\"vc_row wpb_row vc_row-fluid\" ><div class=\"wpb_column vc_column_container vc_col-sm-12\"><div class=\"vc_column-inner\"><div class=\"wpb_wrapper\">\n\t<div class=\"wpb_text_column wpb_content_element\" >\n\t\t<div class=\"wpb_wrapper\">\n\t\t\t<h2>Los Haitises Nemzeti Park Sabana de la Marb\u00f3l vagy a Hotel Cano Hond\u00f3b\u00f3l.<\/h2>\n<h3>Le\u00edr\u00e1s<\/h3>\n<p>Norm\u00e1l priv\u00e1t kir\u00e1ndul\u00e1s a Los Haitises Nemzeti Parkba. J\u00f6jj\u00f6n el vel\u00fcnk, \u00e9s l\u00e1togasson el a Dominikai K\u00f6zt\u00e1rsas\u00e1g legszebb nemzeti parkj\u00e1ba, l\u00e1togassa meg a mangrove-okat, a barlangokat \u00e9s a San Lorenzo-\u00f6bl\u00f6t. Ez az \u00e9lm\u00e9ny abb\u00f3l indulhat ki, hogy Sabana de la Mar k\u00f6z\u00f6ss\u00e9ge megismeri Sabana de la Mar t\u00f6rt\u00e9net\u00e9t. Ezenk\u00edv\u00fcl ezt az utat Ca\u00f1o Hondo kik\u00f6t\u0151j\u00e9b\u0151l kezdj\u00fck.<\/p>\n<ul>\n<li>Az ad\u00f3kat tartalmazza<\/li>\n<li>Az \u00fatmutat\u00f3 oktat\u00e1st \u00e9s fel\u00fcgyeletet biztos\u00edt.<\/li>\n<li>Az eb\u00e9d nem tartalmazza az eb\u00e9det a Ca\u00f1o Hond\u00f3ban. V\u00e1lassza ezt a t\u00far\u00e1t: Los Haitises Plus Ca\u00f1o Hondo.<\/li>\n<\/ul>\n<h3>Befoglal\u00e1sok \u00e9s kiz\u00e1r\u00e1sok<\/h3>\n<h4>Z\u00e1rv\u00e1nyok<\/h4>\n<ol>\n<li>Los Haitises t\u00fara + barlangok \u00e9s piktogramok<\/li>\n<li>Minden ad\u00f3, d\u00edj \u00e9s kezel\u00e9si k\u00f6lts\u00e9g.<\/li>\n<li>Helyi ad\u00f3k<\/li>\n<li>Minden tev\u00e9kenys\u00e9g<\/li>\n<li>Helyi idegenvezet\u0151<\/li>\n<\/ol>\n<h4>Kiz\u00e1r\u00e1sok<\/h4>\n<ol>\n<li>Tippek<\/li>\n<li>Az eb\u00e9d nem tartalmazza az eb\u00e9det a Ca\u00f1o Hond\u00f3ban. V\u00e1lassza ezt a t\u00far\u00e1t: Los Haitises Plus Ca\u00f1o Hondo.<\/li>\n<li>Sz\u00e1ll\u00edt\u00e1s<\/li>\n<li>Alkoholos italok<\/li>\n<\/ol>\n<h3><em>Indul\u00e1s \u00e9s visszat\u00e9r\u00e9s<\/em><\/h3>\n<p>Az utaz\u00f3 a foglal\u00e1si folyamat ut\u00e1n tal\u00e1lkoz\u00e1si pontot kap. A t\u00far\u00e1k tal\u00e1lkoz\u00e1si pontjainkon kezd\u0151dnek \u00e9s \u00e9rnek v\u00e9get.<\/p>\n<h4><em>Mi v\u00e1rhat\u00f3?<\/em><\/h4>\n<p>Vegy\u00e9l jegyet a Los Haitises Nemzeti Parkba, ahol barlangok, mangrovek \u00e9s San Lorenzo-\u00f6b\u00f6l tal\u00e1lhat\u00f3.<\/p>\n<p>A legalacsonyabb \u00e1r a Los Haitises Nemzeti Park megl\u00e1togat\u00e1s\u00e1hoz a Sabana de la Mar vagy a Ca\u00f1o Hondo sz\u00e1llod\u00e1kb\u00f3l helyi idegenvezet\u0151vel. Az utaz\u00e1s a Los Haitises Nemzeti Park f\u0151 kik\u00f6t\u0151j\u00e9b\u0151l indul. Ez az utaz\u00e1s 10:00-kor kezd\u0151dik egy helyi idegenvezet\u0151vel, aki ismeri a csod\u00e1latos Nemzeti Park eredeti t\u00f6rt\u00e9net\u00e9t.<\/p>\n<p>Ezut\u00e1n a Los Haitises Nemzeti Park f\u0151 kik\u00f6t\u0151j\u00e9b\u0151l, a Ca\u00f1o Hondo-b\u00f3l (Deep Creek) indulunk ment\u0151mell\u00e9nyes HAJ\u00d3N. \u00c9lvezz\u00fck a v\u00f6r\u00f6s mangrove erd\u0151t, am\u00edg el nem \u00e9rj\u00fck a San Lorenzo-\u00f6b\u00f6let. Kis \u00f6b\u00f6l a Saman\u00e1-\u00f6b\u00f6lben. \u00c9s k\u00e9sz is van! Az els\u0151 dolog, amit l\u00e1that, az egy hatalmas m\u00e9szk\u0151 hegyi sziget, a Mogotes. F\u00f6l\u00f6tt\u00fck t\u00f6bb mint 700 n\u00f6v\u00e9nyfaj \u00e9s sok vizes mad\u00e1r rep\u00fcl. K\u00e9s\u0151bb barlangl\u00e1togat\u00e1s bennsz\u00fcl\u00f6tt k\u00f6z\u00f6ss\u00e9geink 750 \u00e9vvel ezel\u0151tti k\u00e9peivel.<\/p>\n<p>A ny\u00edlt San Lorenzo-\u00f6b\u00f6lben a mangrov\u00e9kon \u00e9s a sz\u00e1razf\u00f6ld\u00f6n kereszt\u00fcl, ahonnan fot\u00f3zhatja a zord erdei t\u00e1jat. N\u00e9zzen ki a v\u00edzbe, \u00e9s n\u00e9zzen meg lamantinokat, r\u00e1kf\u00e9l\u00e9ket \u00e9s delfineket.<\/p>\n<p>El nombre del parque nacional proviene de sus habitantes originales, los indios ta\u00ednos. En su idioma, \u00abHaitises\u00bb se traduce en tierras altas o colinas, una referencia a las empinadas formaciones geol\u00f3gicas de la costa con calizas. Avent\u00farate en el parque para explorar cuevas como la Cueva de la Arena y la Cueva de la L\u00ednea. Las cuevas en la reserva fueron utilizadas como refugio por los indios ta\u00ednos y, m\u00e1s tarde, por los piratas escondidos. Busque dibujos de indios que decoran algunas de las paredes. Despu\u00e9s de visitar el Parque Nacional Los Haitises, regresaremos al puerto donde comenz\u00f3 nuestro viaje.<\/p>\n<h3><em>Mit vigy\u00e9l magaddal?<\/em><\/h3>\n<ul>\n<li>Kamera<\/li>\n<li>Repellensek<\/li>\n<li>f\u00e9nyv\u00e9d\u0151 kr\u00e9m<\/li>\n<li>Kalap<\/li>\n<li>K\u00e9nyelmes nadr\u00e1g<\/li>\n<li>Erdei t\u00faracip\u0151<\/li>\n<li>Szand\u00e1l tavaszi ter\u00fcletekre.<\/li>\n<li>F\u00fcrd\u0151ruha<\/li>\n<\/ul>\n<h3><em>Sz\u00e1llodai \u00e1tv\u00e9tel<\/em><\/h3>\n<p>Sz\u00e1llodai \u00e1tv\u00e9telt k\u00edn\u00e1lunk, ha a Paraiso Ca\u00f1o Hondo vagy az Altos Ca\u00f1o Hondo Hotelben tal\u00e1lhat\u00f3. Tal\u00e1lkoz\u00e1si pontunk 5 perces s\u00e9t\u00e1ra van ezekt\u0151l a sz\u00e1llod\u00e1kt\u00f3l.<\/p>\n<p><strong>jegyzet<\/strong>- Ha a t\u00fara\/kir\u00e1ndul\u00e1s indul\u00e1si id\u0151pontj\u00e1t\u00f3l sz\u00e1m\u00edtott 24 \u00f3r\u00e1n bel\u00fcl foglal, fel\u00e1r ellen\u00e9ben gondoskodunk a sz\u00e1llodai \u00e1tv\u00e9telr\u0151l, ha nem a Ca\u00f1o Hondo sz\u00e1llod\u00e1kban tart\u00f3zkodik. Amint a v\u00e1s\u00e1rl\u00e1s befejez\u0151d\u00f6tt, elk\u00fcldj\u00fck \u00d6nnek a helyi idegenvezet\u0151nk teljes el\u00e9rhet\u0151s\u00e9gi adatait (telefonsz\u00e1m, e-mail c\u00edm stb.) az \u00e1tv\u00e9tel megszervez\u00e9se \u00e9rdek\u00e9ben.<\/p>\n<h3><em>Tov\u00e1bbi inform\u00e1ci\u00f3k meger\u0151s\u00edt\u00e9se<\/em><\/h3>\n<ul>\n<li>A jegyek a t\u00fara kifizet\u00e9s\u00e9t k\u00f6vet\u0151 nyugt\u00e1k. A fizet\u00e9st a telefonon tudod megjelen\u00edteni.<\/li>\n<li>A tal\u00e1lkoz\u00e1si pontot a foglal\u00e1si folyamat ut\u00e1n kapjuk meg.<\/li>\n<li>A gyermekeket feln\u0151tt k\u00eds\u00e9ret\u00e9ben kell biztos\u00edtani.<\/li>\n<li>Kerekessz\u00e9kkel nem megk\u00f6zel\u00edthet\u0151<\/li>\n<li>A csecsem\u0151knek baba\u00fcl\u00e9sben vagy feln\u0151tt mellett kell \u00fclni\u00fck<\/li>\n<li>H\u00e1tprobl\u00e9m\u00e1kkal k\u00fczd\u0151 utaz\u00f3knak nem aj\u00e1nlott.<\/li>\n<li>Terhes n\u0151knek nem aj\u00e1nlott.<\/li>\n<li>Nincsenek sz\u00edvprobl\u00e9m\u00e1k vagy egy\u00e9b s\u00falyos eg\u00e9szs\u00e9g\u00fcgyi \u00e1llapotok.<\/li>\n<li>A legt\u00f6bb utaz\u00f3 r\u00e9szt vehet.<\/li>\n<\/ul>\n<h3><em>Lemond\u00e1si felt\u00e9telek<\/em><\/h3>\n<p>A teljes visszat\u00e9r\u00edt\u00e9shez legal\u00e1bb 24 \u00f3r\u00e1val az \u00e9lm\u00e9ny kezdete el\u0151tt mondd le.<\/p>\n<h3><em>L\u00e9pjen kapcsolatba vel\u00fcnk?<\/em><\/h3>\n<p>Kalandok foglal\u00e1sa<br \/>\nHelyi \u00e9s orsz\u00e1gos idegenvezet\u0151k \u00e9s vend\u00e9gszolg\u00e1ltat\u00e1sok<\/p>\n<p>Foglal\u00e1s: t\u00far\u00e1k \u00e9s kir\u00e1ndul\u00e1sok Dom. Reps.<\/p>\n<p>\ud83d\udcde Tel\/Whatsapp +1-809-720-6035.<\/p>\n<p>\ud83d\udce9 info@bookingadventures.com.do<\/p>\n<p>Priv\u00e1t t\u00far\u00e1kat szervez\u00fcnk rugalmas konfigur\u00e1ci\u00f3val Whatsapp seg\u00edts\u00e9g\u00e9vel: +18097206035.<\/p>\n\n\t\t<\/div>\n\t<\/div>\n<\/div><\/div><\/div><\/div>","protected":false},"excerpt":{"rendered":"<p>A legalacsonyabb \u00e1r a Los Haitises Nemzeti Park megl\u00e1togat\u00e1s\u00e1hoz a Sabana de la Mar vagy a Ca\u00f1o Hondo sz\u00e1llod\u00e1kb\u00f3l helyi idegenvezet\u0151vel. Az utaz\u00e1s a Los Haitises Nemzeti Park f\u0151 kik\u00f6t\u0151j\u00e9b\u0151l indul. Ez az utaz\u00e1s 10:00-kor kezd\u0151dik egy helyi idegenvezet\u0151vel, aki ismeri a csod\u00e1latos Nemzeti Park eredeti t\u00f6rt\u00e9net\u00e9t.<\/p>\n<p>Ezut\u00e1n a Los Haitises Nemzeti Park f\u0151 kik\u00f6t\u0151j\u00e9b\u0151l, a Ca\u00f1o Hondo-b\u00f3l (Deep Creek) indulunk ment\u0151mell\u00e9nyes HAJ\u00d3N. \u00c9lvezz\u00fck a v\u00f6r\u00f6s mangrove erd\u0151t, am\u00edg el nem \u00e9rj\u00fck a San Lorenzo-\u00f6bl\u00f6t, egy kis \u00f6bl\u00f6t a Saman\u00e1-\u00f6b\u00f6lben. \u00c9s k\u00e9sz is van! Az els\u0151 dolog, amit l\u00e1that, az egy hatalmas m\u00e9szk\u0151 hegyi sziget, a Mogotes. Rajtuk k\u00edv\u00fcl t\u00f6bb mint 700 n\u00f6v\u00e9nyfaj \u00e9s sz\u00e1mos vizes mad\u00e1r rep\u00fcl. K\u00e9s\u0151bb barlangl\u00e1togat\u00e1s \u0151slakos k\u00f6z\u00f6ss\u00e9geink 750 \u00e9vvel ezel\u0151tti k\u00e9peivel.<\/p>\n<p><strong>K\u00e9rj\u00fck, v\u00e1lassza ki a t\u00fara d\u00e1tum\u00e1t\u00a0<\/strong><\/p>","protected":false},"featured_media":81,"template":"","meta":[],"product_brand":[],"product_cat":[119,120,98,121,99,122,443,123,124],"product_tag":[125,126,127,128,129,130,131,132,133,134,114],"class_list":{"0":"post-554","1":"product","2":"type-product","3":"status-publish","4":"has-post-thumbnail","6":"product_cat-caves","7":"product_cat-fees-entrace","8":"product_cat-local-tour-guides","9":"product_cat-mangroves","10":"product_cat-swimming-natural-springs","11":"product_cat-tours-and-excursions","12":"product_cat-tours-y-excursiones-es","13":"product_cat-tours-excursions-los-haitises-national-park","14":"product_cat-tours-excursions-samana-bay-dominican-republic","15":"product_tag-boat-tour","16":"product_tag-cano-hondo","17":"product_tag-cano-hondo-hotel","18":"product_tag-cano-hondo-tours","19":"product_tag-eco-tours","20":"product_tag-excursion","21":"product_tag-locals-guides","22":"product_tag-los-haitises","23":"product_tag-los-haitises-national-park","24":"product_tag-los-haitises-national-park-tour","25":"product_tag-sabana-de-la-mar","27":"first","28":"instock","29":"sale","30":"sold-individually","31":"shipping-taxable","32":"product-type-external"},"_links":{"self":[{"href":"https:\/\/visitaloshaitises.com\/hu\/wp-json\/wp\/v2\/product\/554","targetHints":{"allow":["GET"]}}],"collection":[{"href":"https:\/\/visitaloshaitises.com\/hu\/wp-json\/wp\/v2\/product"}],"about":[{"href":"https:\/\/visitaloshaitises.com\/hu\/wp-json\/wp\/v2\/types\/product"}],"wp:featuredmedia":[{"embeddable":true,"href":"https:\/\/visitaloshaitises.com\/hu\/wp-json\/wp\/v2\/media\/81"}],"wp:attachment":[{"href":"https:\/\/visitaloshaitises.com\/hu\/wp-json\/wp\/v2\/media?parent=554"}],"wp:term":[{"taxonomy":"product_brand","embeddable":true,"href":"https:\/\/visitaloshaitises.com\/hu\/wp-json\/wp\/v2\/product_brand?post=554"},{"taxonomy":"product_cat","embeddable":true,"href":"https:\/\/visitaloshaitises.com\/hu\/wp-json\/wp\/v2\/product_cat?post=554"},{"taxonomy":"product_tag","embeddable":true,"href":"https:\/\/visitaloshaitises.com\/hu\/wp-json\/wp\/v2\/product_tag?post=554"}],"curies":[{"name":"wp","href":"https:\/\/api.w.org\/{rel}","templated":true}]}}