{"id":551,"date":"2020-06-19T20:10:32","date_gmt":"2020-06-19T20:10:32","guid":{"rendered":"https:\/\/haitises.com\/?post_type=product&#038;p=551"},"modified":"2023-10-14T21:50:12","modified_gmt":"2023-10-14T21:50:12","slug":"excursion-al-los-haitises-y-cano-hondo-desde-samana","status":"publish","type":"product","link":"https:\/\/visitaloshaitises.com\/hu\/private\/excursion-al-los-haitises-y-cano-hondo-desde-samana\/","title":{"rendered":"Kir\u00e1ndul\u00e1s Saman\u00e1b\u00f3l Los Haitisesbe \u00e9s Ca\u00f1o Hond\u00f3ba"},"content":{"rendered":"<div class=\"vc_row wpb_row vc_row-fluid\" ><div class=\"wpb_column vc_column_container vc_col-sm-12\"><div class=\"vc_column-inner\"><div class=\"wpb_wrapper\"><div class=\"mkdf-section-title-holder\" style=\"text-align: left\">\n\t<div class=\"mkdf-st-inner\">\n\t\t\t\t\t<h5 class=\"mkdf-st-subtitle\" >\n\t\t\t\tEb\u00e9d \u00e9s \u00fasz\u00e1s term\u00e9szetes medenc\u00e9kben\t\t\t<\/h5>\n\t\t\t\t\t\t\t<\/div>\n<\/div><\/div><\/div><\/div><\/div><div class=\"vc_row wpb_row vc_row-fluid\" ><div class=\"wpb_column vc_column_container vc_col-sm-12\"><div class=\"vc_column-inner\"><div class=\"wpb_wrapper\">\n\t<div class=\"wpb_text_column wpb_content_element\" >\n\t\t<div class=\"wpb_wrapper\">\n\t\t\t<h2>Los Haitises Nemzeti Park + Eb\u00e9d Cano Hond\u00f3ban Saman\u00e1 kik\u00f6t\u0151j\u00e9b\u0151l.<\/h2>\n<h3><em>Le\u00edr\u00e1s<\/em><\/h3>\n<p>A Los Haitises Nemzeti Park Saman\u00e1 kik\u00f6t\u0151j\u00e9t\u0151l indul, valamint egy csod\u00e1latos eb\u00e9d \u00e9s \u00fasz\u00e1s a term\u00e9szetes forr\u00e1sokban a Ca\u00f1o Hondo Ecolodge-ban. J\u00f6jj\u00f6n el vel\u00fcnk, \u00e9s l\u00e1togasson el a Dominikai K\u00f6zt\u00e1rsas\u00e1g legszebb nemzeti parkj\u00e1ba, l\u00e1togassa meg a mangrov\u00e1kat, barlangokat \u00e9s a San Lorenzo-\u00f6bl\u00f6t, valamint \u00e1tkeljen a gy\u00f6ny\u00f6r\u0171 Saman\u00e1-\u00f6b\u00f6l\u00f6n. A Ca\u00f1o Hond\u00f3ban elfogyasztott eb\u00e9d ut\u00e1n n\u00e9h\u00e1ny \u00f3r\u00e1t \u00faszhat a term\u00e9szetes medenc\u00e9kben, majd visszat\u00e9rhet Saman\u00e1 kik\u00f6t\u0151j\u00e9be.<\/p>\n<p>Ezen \u00e9lm\u00e9ny ut\u00e1n visszat\u00e9rsz Saman\u00e1 kik\u00f6t\u0151j\u00e9be.<\/p>\n<ul>\n<li>Az ad\u00f3kat tartalmazza<\/li>\n<li>Az \u00fatmutat\u00f3 oktat\u00e1st \u00e9s fel\u00fcgyeletet biztos\u00edt.<\/li>\n<\/ul>\n<h3>Befoglal\u00e1sok \u00e9s kiz\u00e1r\u00e1sok<\/h3>\n<h4>Z\u00e1rv\u00e1nyok<\/h4>\n<ol>\n<li>Los Haitises t\u00fara + barlangok \u00e9s piktogramok<\/li>\n<li>Eb\u00e9d a Ca\u00f1o Hond\u00f3ban<\/li>\n<li>\u00dasszon term\u00e9szetes medenc\u00e9kben<\/li>\n<li>Minden ad\u00f3, d\u00edj \u00e9s kezel\u00e9si k\u00f6lts\u00e9g.<\/li>\n<li>Helyi ad\u00f3k<\/li>\n<li>Italok<\/li>\n<li>Minden tev\u00e9kenys\u00e9g<\/li>\n<li>Helyi idegenvezet\u0151<\/li>\n<\/ol>\n<h4>Kiz\u00e1r\u00e1sok<\/h4>\n<ol>\n<li>Tippek<\/li>\n<li>\u00c1truh\u00e1z\u00e1s<\/li>\n<li>Alkoholos italok<\/li>\n<\/ol>\n<h3><em>Indul\u00e1s \u00e9s visszat\u00e9r\u00e9s<\/em><\/h3>\n<p>Az utaz\u00f3 a foglal\u00e1si folyamat ut\u00e1n tal\u00e1lkoz\u00e1si pontot kap. A t\u00far\u00e1k tal\u00e1lkoz\u00e1si pontjainkon kezd\u0151dnek \u00e9s \u00e9rnek v\u00e9get.<\/p>\n<h3><em>Mi v\u00e1rhat\u00f3?<\/em><\/h3>\n<p>Vegy\u00e9l jegyet a Los Haitises Nemzeti Parkba egy csod\u00e1latos eb\u00e9ddel a Ca\u00f1o Hond\u00f3ban \u00e9s \u00faszhatsz a term\u00e9szetes medenc\u00e9kben.<\/p>\n<p>Saman\u00e1 kik\u00f6t\u0151j\u00e9b\u0151l indulva haj\u00f3val vagy katamar\u00e1nnal helyi idegenvezet\u0151vel, Sabana de la Mar mellett haladunk el a Saman\u00e1-\u00f6b\u00f6l mellett, hogy megl\u00e1togassuk a Dominikai K\u00f6zt\u00e1rsas\u00e1g egyik legszebb nemzeti parkj\u00e1t.<\/p>\n<h5>Los Haitises Nemzeti Park.<\/h5>\n<p>A sziget megtekint\u00e9se madarakkal. A f\u00e9szkel\u0151 id\u0151szakban m\u00e9g pelik\u00e1nfi\u00f3k\u00e1kat is l\u00e1thatunk a f\u00e9szkekben. Menjen m\u00e9lyebbre a szikl\u00e1s szigetekbe, \u00e9s l\u00e1togassa meg a barlangokat az \u0151slakosok piktogramjaival \u00e9s sziklarajzaival.<\/p>\n<p>El recorrido, organizado por \u00abBooking Adventures\u00bb, comienza en el punto de encuentro establecido con el gu\u00eda tur\u00edstico. Ven con Booking Adventures y comienza a observar algunos manglares llenos de aves, colinas onduladas de exuberante vegetaci\u00f3n y cuevas del Parque Nacional Los Haitises.<\/p>\n<p>El nombre del parque nacional proviene de sus habitantes originales, los indios ta\u00ednos. En su idioma, \u00abHaitises\u00bb se traduce a tierras altas o colinas, una referencia a las empinadas formaciones geol\u00f3gicas de la costa con calizas. Avent\u00farate en el parque para explorar cuevas como la Cueva de la Arena y la Cueva de la L\u00ednea.<\/p>\n<p>A rezerv\u00e1tum barlangjait a ta\u00edno indi\u00e1nok, majd k\u00e9s\u0151bb rejtett kal\u00f3zok haszn\u00e1lt\u00e1k mened\u00e9k\u00fcl. Keressen n\u00e9h\u00e1ny falat d\u00edsz\u00edt\u0151 indi\u00e1nok rajzait.<\/p>\n<p>A Los Haitises Nemzeti Park megtekint\u00e9se ut\u00e1n Cano Hond\u00f3ba megy\u00fcnk. A Cano Hond\u00f3ban megismerheti ezt az \u00f6kol\u00f3giai t\u00f6rt\u00e9nelmet, \u00e9s eb\u00e9delni fog a Sabana de la mar k\u00f6z\u00f6ss\u00e9g jellegzetes \u00e9teleivel.<\/p>\n<p>Az eb\u00e9d finom lesz, de m\u00e9g nem v\u00e9gezt\u00fcnk. Eb\u00e9d ut\u00e1n a term\u00e9szetes medenc\u00e9kben \u00faszunk a Jibales foly\u00f3t\u00f3l a Ca\u00f1o Hondo foly\u00f3ig. 16:00 \u00f3r\u00e1ig Ca\u00f1o Hond\u00f3ban maradva, majd visszat\u00e9rve Saman\u00e1 kik\u00f6t\u0151j\u00e9be, ism\u00e9t \u00e1thaladunk a mangrove-f\u00e1k k\u00f6z\u00f6tt, \u00e9s meg\u00e9rkez\u00fcnk San Lorenzo ny\u00edlt \u00f6bl\u00e9be, ahonnan a zord erdei t\u00e1jat fot\u00f3zhatjuk. N\u00e9zzen ki a v\u00edzbe, \u00e9s n\u00e9zzen meg lamantinokat, r\u00e1kf\u00e9l\u00e9ket \u00e9s delfineket.<\/p>\n<p>Addig a pillanatig lesz\u00e1mol az idegenvezet\u0151vel, majd ezt k\u00f6vet\u0151en menjen Cano Hondo kik\u00f6t\u0151j\u00e9be, \u00e9s haj\u00f3val sz\u00e1lljon vissza Saman\u00e1 kik\u00f6t\u0151j\u00e9be, 30 percnyire a Saman\u00e1-\u00f6b\u00f6l mellett.<\/p>\n<p>Ha jobban szereti ezt az utaz\u00e1st, a k\u00f6vetkez\u0151 lehet\u0151s\u00e9gek \u00e1llnak rendelkez\u00e9s\u00e9re:<\/p>\n<p>Los Haitises + Cayo Levantado Saman\u00e1 kik\u00f6t\u0151j\u00e9b\u0151l.<\/p>\n<h3><em>Mit vigy\u00e9l magaddal?<\/em><\/h3>\n<ul>\n<li>Kamera<\/li>\n<li>Repellensek<\/li>\n<li>f\u00e9nyv\u00e9d\u0151 kr\u00e9m<\/li>\n<li>Kalap<\/li>\n<li>K\u00e9nyelmes nadr\u00e1g<\/li>\n<li>Erdei t\u00faracip\u0151<\/li>\n<li>Szand\u00e1l tavaszi ter\u00fcletekre.<\/li>\n<li>F\u00fcrd\u0151ruha<\/li>\n<\/ul>\n<h3><em>Sz\u00e1llodai \u00e1tv\u00e9tel<\/em><\/h3>\n<p>Ezen a t\u00far\u00e1n nem k\u00edn\u00e1lnak \u00e1tv\u00e9telt a sz\u00e1llod\u00e1b\u00f3l.<\/p>\n<p><strong>Jegyzet:<\/strong> Ha a t\u00fara\/kir\u00e1ndul\u00e1s indul\u00e1si id\u0151pontj\u00e1t\u00f3l sz\u00e1m\u00edtott 24 \u00f3r\u00e1n bel\u00fcl foglal, fel\u00e1r ellen\u00e9ben tudunk gondoskodni a sz\u00e1llodai \u00e1tv\u00e9telr\u0151l. Amint a v\u00e1s\u00e1rl\u00e1s befejez\u0151d\u00f6tt, elk\u00fcldj\u00fck \u00d6nnek a helyi idegenvezet\u0151nk teljes el\u00e9rhet\u0151s\u00e9gi adatait (telefonsz\u00e1m, e-mail c\u00edm stb.) az \u00e1tv\u00e9tel megszervez\u00e9se \u00e9rdek\u00e9ben.<\/p>\n<h3>Tov\u00e1bbi inform\u00e1ci\u00f3k meger\u0151s\u00edt\u00e9se<\/h3>\n<ol>\n<li>A jegyek a t\u00fara kifizet\u00e9s\u00e9t k\u00f6vet\u0151 nyugt\u00e1k. A fizet\u00e9st a telefonon tudod megjelen\u00edteni.<\/li>\n<li>A tal\u00e1lkoz\u00e1si pontot a foglal\u00e1si folyamat ut\u00e1n kapjuk meg.<\/li>\n<li>A gyermekeket feln\u0151tt k\u00eds\u00e9ret\u00e9ben kell biztos\u00edtani.<\/li>\n<li>Kerekessz\u00e9kkel nem megk\u00f6zel\u00edthet\u0151<\/li>\n<li>A csecsem\u0151knek csecsem\u0151\u00fcl\u00e9sben vagy feln\u0151tt mellett kell \u00fclni\u00fck<\/li>\n<li>H\u00e1tprobl\u00e9m\u00e1kkal k\u00fczd\u0151 utaz\u00f3knak nem aj\u00e1nlott.<\/li>\n<li>Terhes n\u0151knek nem aj\u00e1nlott.<\/li>\n<li>Nincsenek sz\u00edvprobl\u00e9m\u00e1k vagy egy\u00e9b s\u00falyos eg\u00e9szs\u00e9g\u00fcgyi \u00e1llapotok.<\/li>\n<li>A legt\u00f6bb utaz\u00f3 r\u00e9szt vehet.<\/li>\n<\/ol>\n<h3><em>Lemond\u00e1si felt\u00e9telek<\/em><\/h3>\n<p>A teljes visszat\u00e9r\u00edt\u00e9shez legal\u00e1bb 24 \u00f3r\u00e1val az \u00e9lm\u00e9ny kezdete el\u0151tt mondd le.<\/p>\n\n\t\t<\/div>\n\t<\/div>\n<\/div><\/div><\/div><\/div><div class=\"vc_row wpb_row vc_row-fluid\" ><div class=\"wpb_column vc_column_container vc_col-sm-12\"><div class=\"vc_column-inner\"><div class=\"wpb_wrapper\"><div class=\"vc_empty_space\"   style=\"height: 32px\"><span class=\"vc_empty_space_inner\"><\/span><\/div>\n\t<div class=\"wpb_video_widget wpb_content_element vc_clearfix   vc_video-aspect-ratio-169 vc_video-el-width-100 vc_video-align-left\" >\n\t\t<div class=\"wpb_wrapper\">\n\t\t\t\n\t\t\t<div class=\"wpb_video_wrapper\"><iframe loading=\"lazy\" title=\"Los Haitises Nemzeti Park, t\u00far\u00e1k \u00e9s kir\u00e1ndul\u00e1sok Saman\u00e1b\u00f3l vagy Sabana de la Marb\u00f3l. Foglaljon itt:\" src=\"https:\/\/player.vimeo.com\/video\/346508015?dnt=1&amp;app_id=122963\" width=\"1100\" height=\"619\" frameborder=\"0\" allow=\"autoplay; fullscreen\" allowfullscreen><\/iframe><\/div>\n\t\t<\/div>\n\t<\/div>\n<\/div><\/div><\/div><\/div><div class=\"vc_row wpb_row vc_row-fluid\" ><div class=\"wpb_column vc_column_container vc_col-sm-12\"><div class=\"vc_column-inner\"><div class=\"wpb_wrapper\"><div class=\"vc_empty_space\"   style=\"height: 32px\"><span class=\"vc_empty_space_inner\"><\/span><\/div>\n\t<div class=\"wpb_text_column wpb_content_element\" >\n\t\t<div class=\"wpb_wrapper\">\n\t\t\t<h4>L\u00e9pjen kapcsolatba vel\u00fcnk?<\/h4>\n<h5>Kalandfoglal\u00e1sok<\/h5>\n<p><em>Idegenvezet\u0151k<\/em> <em><strong>helyi<\/strong><\/em> \u00e9s <strong><em>nemzeti<\/em><\/strong> &amp;<em>\u00a0vend\u00e9gszolg\u00e1ltat\u00e1sok<\/em><\/p>\n<p>Foglal\u00e1sok: T\u00far\u00e1k \u00e9s kir\u00e1ndul\u00e1sok Dom Rep.<\/p>\n<p>Tel\/Whatsapp +1-809-720-6035.<\/p>\n<p>info@bookingadventures.com.do<\/p>\n<p>Priv\u00e1t t\u00far\u00e1k vagyunk, rugalmas konfigur\u00e1ci\u00f3val a Whatsapp seg\u00edts\u00e9g\u00e9vel: +18097206035.<\/p>\n\n\t\t<\/div>\n\t<\/div>\n<div class=\"vc_empty_space\"   style=\"height: 32px\"><span class=\"vc_empty_space_inner\"><\/span><\/div><\/div><\/div><\/div><\/div>","protected":false},"excerpt":{"rendered":"<p><strong>K\u00e9rj\u00fck, v\u00e1lassza ki a The Tour d\u00e1tum\u00e1t\u00a0<\/strong><\/p>","protected":false},"featured_media":104,"template":"","meta":[],"product_brand":[],"product_cat":[119,96,144,98,135,121,99,122,443,123,124],"product_tag":[126,127,128,145,132,133,146,147,148,143],"class_list":{"0":"post-551","1":"product","2":"type-product","3":"status-publish","4":"has-post-thumbnail","6":"product_cat-caves","7":"product_cat-hiking","8":"product_cat-kayaking","9":"product_cat-local-tour-guides","10":"product_cat-lunch","11":"product_cat-mangroves","12":"product_cat-swimming-natural-springs","13":"product_cat-tours-and-excursions","14":"product_cat-tours-y-excursiones-es","15":"product_cat-tours-excursions-los-haitises-national-park","16":"product_cat-tours-excursions-samana-bay-dominican-republic","17":"product_tag-cano-hondo","18":"product_tag-cano-hondo-hotel","19":"product_tag-cano-hondo-tours","20":"product_tag-day-tour-cano-hondo","21":"product_tag-los-haitises","22":"product_tag-los-haitises-national-park","23":"product_tag-mangroves-los-haitises","24":"product_tag-samana-bay","25":"product_tag-samana-excursions","26":"product_tag-samana-tours","28":"first","29":"instock","30":"sale","31":"sold-individually","32":"shipping-taxable","33":"product-type-external"},"_links":{"self":[{"href":"https:\/\/visitaloshaitises.com\/hu\/wp-json\/wp\/v2\/product\/551","targetHints":{"allow":["GET"]}}],"collection":[{"href":"https:\/\/visitaloshaitises.com\/hu\/wp-json\/wp\/v2\/product"}],"about":[{"href":"https:\/\/visitaloshaitises.com\/hu\/wp-json\/wp\/v2\/types\/product"}],"wp:featuredmedia":[{"embeddable":true,"href":"https:\/\/visitaloshaitises.com\/hu\/wp-json\/wp\/v2\/media\/104"}],"wp:attachment":[{"href":"https:\/\/visitaloshaitises.com\/hu\/wp-json\/wp\/v2\/media?parent=551"}],"wp:term":[{"taxonomy":"product_brand","embeddable":true,"href":"https:\/\/visitaloshaitises.com\/hu\/wp-json\/wp\/v2\/product_brand?post=551"},{"taxonomy":"product_cat","embeddable":true,"href":"https:\/\/visitaloshaitises.com\/hu\/wp-json\/wp\/v2\/product_cat?post=551"},{"taxonomy":"product_tag","embeddable":true,"href":"https:\/\/visitaloshaitises.com\/hu\/wp-json\/wp\/v2\/product_tag?post=551"}],"curies":[{"name":"wp","href":"https:\/\/api.w.org\/{rel}","templated":true}]}}