{"id":557,"date":"2020-06-22T22:59:27","date_gmt":"2020-06-22T22:59:27","guid":{"rendered":"https:\/\/haitises.com\/?post_type=product&#038;p=557"},"modified":"2024-04-17T18:57:53","modified_gmt":"2024-04-17T18:57:53","slug":"excursion-a-los-haitises-montana-redonda-cano-hondo","status":"publish","type":"product","link":"https:\/\/visitaloshaitises.com\/hr\/private\/excursion-a-los-haitises-montana-redonda-cano-hondo\/","title":{"rendered":"Excursion a Los Haitises Monta\u00f1a Redonda &#038; Ca\u00f1o Hondo"},"content":{"rendered":"<div class=\"vc_row wpb_row vc_row-fluid\" ><div class=\"wpb_column vc_column_container vc_col-sm-12\"><div class=\"vc_column-inner\"><div class=\"wpb_wrapper\"><div class=\"mkdf-section-title-holder\" style=\"text-align: left\">\n\t<div class=\"mkdf-st-inner\">\n\t\t\t\t\t<h5 class=\"mkdf-st-subtitle\" >\n\t\t\t\tTransporte y almuerzo incluidos\t\t\t<\/h5>\n\t\t\t\t\t\t\t<\/div>\n<\/div><\/div><\/div><\/div><\/div><div class=\"vc_row wpb_row vc_row-fluid\" ><div class=\"wpb_column vc_column_container vc_col-sm-12\"><div class=\"vc_column-inner\"><div class=\"wpb_wrapper\">\n\t<div class=\"wpb_text_column wpb_content_element\" >\n\t\t<div class=\"wpb_wrapper\">\n\t\t\t<h2>Excursi\u00f3n al Parque Nacional Los Haitises desde Punta Cana, Montana Redonda y Cano Hondo Excursi\u00f3n de un d\u00eda.<\/h2>\n<h2>Tour al Parque Nacional Los Haitises desde Punta Cana, Montana Redonda y Cano Hondo<\/h2>\n<h3>Opis<\/h3>\n<p>Excursi\u00f3n al Parque Nacional Los Haitises desde Punta Cana. Comenzando desde su hotel en Punta Cana o B\u00e1varo. Conduciremos con nuestro gu\u00eda tur\u00edstico a Montana Redonda. Donde tienes tiempo para tomar incre\u00edbles fotos de una de las vistas m\u00e1s impresionantes de la Rep\u00fablica Dominicana. Despu\u00e9s de esta primera parada, continuamos visitando el Parque Nacional Los Haitises, algunos bocadillos y bebidas t\u00edpicas mientras paseamos por los manglares, cuevas y famosas islas rocosas como en Jurassic Park. Despu\u00e9s de visitar el Parque Nacional Los Haitises, el almuerzo nos est\u00e1 esperando en Ca\u00f1o Hondo. Despu\u00e9s del almuerzo local y gastronom\u00eda local, debe tener tiempo para nadar en las exclusivas piscinas naturales que el agua proviene del Parque Nacional Los Haitises.<\/p>\n<p>Despu\u00e9s de esta experiencia, volver\u00e1 a la comunidad de Punta Cana desde donde lo recogeremos.<\/p>\n<ul>\n<li>Porezi uklju\u010deni<\/li>\n<li>Ru\u010dak<\/li>\n<li>Predjela<\/li>\n<li>Gu\u00eda de turismo local en ingl\u00e9s o franc\u00e9s<\/li>\n<li>Prijevoz<\/li>\n<li>Tour en bote<\/li>\n<li>Montana Redonda<\/li>\n<li>Duboka cijev<\/li>\n<\/ul>\n<h3>Uklju\u010divanja i isklju\u010denja<\/h3>\n<h4>Uklju\u010divanja<\/h4>\n<ol>\n<li>Los Haitises Tour + Cuevas y Pictogramas<\/li>\n<li>Montana Redonda<\/li>\n<li>Duboka cijev<\/li>\n<li>Ru\u010dak<\/li>\n<li>Recogida de hoteles en las zonas de Punta Cana.<\/li>\n<li>Svi porezi, naknade i manipulativni tro\u0161kovi.<\/li>\n<li>Lokalni porezi<\/li>\n<li>pi\u0107a<\/li>\n<li>Predjela<\/li>\n<li>Sve aktivnosti<\/li>\n<li>Lokalni vodi\u010d<\/li>\n<\/ol>\n<h4>Isklju\u010divanja<\/h4>\n<ol>\n<li>Savjeti<\/li>\n<li>Alkoholna pi\u0107a<\/li>\n<\/ol>\n<h3><em>Polazak i povratak<\/em><\/h3>\n<p>Putnik \u0107e dobiti mjesto sastanka nakon postupka rezervacije. Obilasci po\u010dinju i zavr\u0161avaju na mjestima okupljanja.<\/p>\n<h2><em>Tour al Parque Nacional Los Haitises desde Punta Cana, Montana Redonda y Cano Hondo.<\/em><\/h2>\n<h3><em>\u00bfQue esperar?<\/em><\/h3>\n<p>Obtenga sus boletos para visitar el Tour al Parque Nacional Los Haitises desde Punta Cana. Excursi\u00f3n de d\u00eda completo. Desde Punta Cana, Rep\u00fablica Dominicana. Tomando el transporte con nuestro gu\u00eda tur\u00edstico local para visitar las vistas de Montana Redonda, el parque nacional Los Haitises en Sabana de la Mar y el almuerzo en Ca\u00f1o Hondo.<\/p>\n<p>El recorrido, organizado por \u00abBooking Adventures\u00bb, comienza en el punto de encuentro establecido con el gu\u00eda tur\u00edstico. Ven con Booking Adventures y comienza a observar algunos manglares llenos de aves, colinas onduladas de exuberante vegetaci\u00f3n y cuevas del Parque Nacional Los Haitises. Visitando la isla con aves alrededor. En la temporada de anidaci\u00f3n, incluso podemos ver los polluelos de Pel\u00edcanos en los nidos. Entrar m\u00e1s en las Islas Rocosas y visitar las cuevas con pictograf\u00edas y petroglifos de los pueblos ind\u00edgenas.<\/p>\n<p>A trav\u00e9s de los manglares y la tierra en la bah\u00eda abierta de San Lorenzo, Sabana de la Mar, desde donde se puede fotografiar el paisaje forestal agreste. Mire el agua para ver manat\u00edes, crust\u00e1ceos y delfines.<\/p>\n<p>El nombre del parque nacional proviene de sus habitantes originales, los indios ta\u00ednos. En su idioma, \u00abHaitises\u00bb se traduce en tierras altas o colinas, una referencia a las empinadas formaciones geol\u00f3gicas de la costa con calizas. Avent\u00farate en el parque para explorar cuevas como la Cueva San Gabriel, la Cueva de la Arena y la Cueva de la L\u00ednea.<\/p>\n<p>Estas cuevas en la reserva fueron utilizadas como refugio por los indios ta\u00ednos y, m\u00e1s tarde, por esconder piratas. Busque dibujos de indios que decoran algunas de las paredes.<\/p>\n<p>Tambi\u00e9n Montana Redonda (Round Mountain) en Miches, es un lugar inolvidable, al estar rodeado de la naturaleza del campo, disfrutar de una vista panor\u00e1mica, donde el reflejo de las lagunas se combina con el amanecer en la playa y el atardecer con el verde de las monta\u00f1as. Aire limpio y p\u00e1jaros cantando, paz y tranquilidad que nos llena el deseo de quedarnos.<\/p>\n<p>Adem\u00e1s Ca\u00f1o Hondo. Incre\u00edble complejo en la cima de una monta\u00f1a con impresionantes vistas a una bah\u00eda llena de naturaleza y la bah\u00eda de Saman\u00e1 en la parte inferior. Es como si estuvieras viviendo en un para\u00edso de selva tropical con un estilo hermoso y muy relajante y tranquilo. Con acceso a las piscinas provenientes de un r\u00edo natural del Parque Nacional Los Haitises.<\/p>\n<p>Este lugar es donde tendremos un almuerzo t\u00edpico. Si eres vegano, no te preocupes, \u00a1tambi\u00e9n tenemos comida para ti!<\/p>\n<p>\u00a1Despu\u00e9s del almuerzo, regresamos a Punta Cana!<\/p>\n<p>En caso de que le guste este viaje m\u00e1s largo o m\u00e1s corto, cont\u00e1ctanos.<\/p>\n<h3><em>\u0160to trebate ponijeti?<\/em><\/h3>\n<ul>\n<li>Fotoaparat<\/li>\n<li>Repelenti<\/li>\n<li>Krema za sun\u010danje<\/li>\n<li>\u0160e\u0161ir<\/li>\n<li>Udobne hla\u010de<\/li>\n<li>\u0160umske cipele za planinarenje<\/li>\n<li>Sandale za proljetna podru\u010dja.<\/li>\n<li>Kupa\u0107i kostim<\/li>\n<\/ul>\n<h3><em>Preuzimanje iz hotela<\/em><\/h3>\n<p>Se ofrece recogida en el hotel para este recorrido. Seleccione el nombre del hotel y la hora aqu\u00ed. En caso de que su hotel no est\u00e9 en la lista, cont\u00e1ctenos.<\/p>\n<p><strong>Bilje\u0161ka<\/strong>: Si realiza la reserva dentro de las 24 horas del horario de salida del tour \/ excursi\u00f3n, podemos organizar la recogida en el hotel. Una vez que se complete su compra, le enviaremos informaci\u00f3n de contacto completa (n\u00famero de tel\u00e9fono, direcci\u00f3n de correo electr\u00f3nico, etc.) para que nuestro gu\u00eda tur\u00edstico local organice los arreglos de recogida.<\/p>\n<h3><em>Potvrda dodatnih informacija<\/em><\/h3>\n<ul>\n<li>Ulaznice su ra\u010dun nakon pla\u0107anja za ovu turneju. Uplatu mo\u017eete prikazati na svom telefonu.<\/li>\n<li>Mjesto okupljanja bit \u0107e zaprimljeno nakon postupka rezervacije.<\/li>\n<li>Djeca moraju biti u pratnji odrasle osobe.<\/li>\n<li>Nije pristupa\u010dno za invalidska kolica<\/li>\n<li>Dojen\u010dad bi trebala sjediti u dje\u010djoj sjedalici ili s odraslom osobom<\/li>\n<li>Ne preporu\u010duje se putnicima s problemima s le\u0111ima.<\/li>\n<li>Ne preporu\u010duje se trudnicama.<\/li>\n<li>Sin problemas card\u00edacos u otros problemas m\u00e9dicos graves.<\/li>\n<\/ul>\n\n\t\t<\/div>\n\t<\/div>\n<\/div><\/div><\/div><\/div><div class=\"vc_row wpb_row vc_row-fluid\" ><div class=\"wpb_column vc_column_container vc_col-sm-12\"><div class=\"vc_column-inner\"><div class=\"wpb_wrapper\"><div class=\"vc_empty_space\"   style=\"height: 32px\"><span class=\"vc_empty_space_inner\"><\/span><\/div>\n\t<div class=\"wpb_video_widget wpb_content_element vc_clearfix   vc_video-aspect-ratio-169 vc_video-el-width-100 vc_video-align-left\" >\n\t\t<div class=\"wpb_wrapper\">\n\t\t\t<h2 class=\"wpb_heading wpb_video_heading\">Video o Nacionalnom parku Los Haitises:<\/h2>\n\t\t\t<div class=\"wpb_video_wrapper\"><iframe loading=\"lazy\" title=\"Nacionalni park Los Haitises, obilasci i izleti iz Samane ili Sabana de la Mar. Rezervirajte ovdje:\" src=\"https:\/\/player.vimeo.com\/video\/346508015?dnt=1&amp;app_id=122963\" width=\"1100\" height=\"619\" frameborder=\"0\" allow=\"autoplay; fullscreen\" allowfullscreen><\/iframe><\/div>\n\t\t<\/div>\n\t<\/div>\n<div class=\"vc_empty_space\"   style=\"height: 32px\"><span class=\"vc_empty_space_inner\"><\/span><\/div><\/div><\/div><\/div><\/div><div class=\"vc_row wpb_row vc_row-fluid\" ><div class=\"wpb_column vc_column_container vc_col-sm-12\"><div class=\"vc_column-inner\"><div class=\"wpb_wrapper\"><div class=\"vc_empty_space\"   style=\"height: 32px\"><span class=\"vc_empty_space_inner\"><\/span><\/div>\n\t<div class=\"wpb_text_column wpb_content_element\" >\n\t\t<div class=\"wpb_wrapper\">\n\t\t\t<h5>Kontaktirajte nas?<br \/>\nRezervacije za avanture<\/h5>\n<p><em>Lokalni i nacionalni turisti\u010dki vodi\u010di i usluge gostima<\/em><\/p>\n<p>Rezervacije: Ture i izleti u Domu Rep.<\/p>\n<p>Tel\/Whatsapp +1-809-720-6035.<\/p>\n<p>info@bookingadventures.com.do<\/p>\n<p><strong>Organiziramo privatne izlete s fleksibilnom konfiguracijom putem Whatsappa: +18097206035.<\/strong><\/p>\n<h4><strong style=\"color: #595959; font-size: 15px;\"><a href=\"tel:+18097206035\">+18097206035.<\/a><\/strong><\/h4>\n\n\t\t<\/div>\n\t<\/div>\n<div class=\"vc_empty_space\"   style=\"height: 32px\"><span class=\"vc_empty_space_inner\"><\/span><\/div><\/div><\/div><\/div><\/div>","protected":false},"excerpt":{"rendered":"<p>Excursi\u00f3n desde Punta Cana para visitar el Parque Nacional Los Haitises, Montana Redonda y Ca\u00f1o Hondo. Incluye almuerzo y transporte para una visita a las 3 cuevas principales, una exploraci\u00f3n de 2 ecosistemas de manglares diferentes, vistas y piscinas Naturales.<\/p>\n<p>Excursi\u00f3n de d\u00eda completo al Parque Nacional Los Haitises con un gu\u00eda tur\u00edstico local. Visitando los Cayos en el Parque Nacional Los Haitises, manglares, vegetaci\u00f3n, observaci\u00f3n de aves, cuevas, pictograf\u00edas y las \u00e1reas hist\u00f3ricas de Sabana de la Mar en el Parque Nacional Los Haitises. Vistas incre\u00edbles en Montana Redonda y almuerzo m\u00e1s piscinas en Ca\u00f1o Hondo.<\/p>\n<p><strong>Odaberite datum obilaska:<\/strong><\/p>","protected":false},"featured_media":292,"template":"","meta":[],"product_brand":[],"product_cat":[119,120,135,121,122,443,259],"product_tag":[126,127,128,206,145,260,225,132,133,213,215,261,146,262,141,263,226],"class_list":{"0":"post-557","1":"product","2":"type-product","3":"status-publish","4":"has-post-thumbnail","6":"product_cat-caves","7":"product_cat-fees-entrace","8":"product_cat-lunch","9":"product_cat-mangroves","10":"product_cat-tours-and-excursions","11":"product_cat-tours-y-excursiones-es","12":"product_cat-tours-excursions-punta-cana-dominican-republic","13":"product_tag-cano-hondo","14":"product_tag-cano-hondo-hotel","15":"product_tag-cano-hondo-tours","16":"product_tag-caves-los-haitises","17":"product_tag-day-tour-cano-hondo","18":"product_tag-day-trip-punta-cana","19":"product_tag-las-terrenas","20":"product_tag-los-haitises","21":"product_tag-los-haitises-national-park","22":"product_tag-los-haitises-national-park-map","23":"product_tag-los-haitises-national-park-tour-from-las-terrenas","24":"product_tag-los-haitises-national-park-tours-excursions","25":"product_tag-mangroves-los-haitises","26":"product_tag-montana-redonda-tours-excursion","27":"product_tag-punta-cana","28":"product_tag-punta-cana-tours-excursions","29":"product_tag-transportation-los-haitises","31":"first","32":"instock","33":"sale","34":"sold-individually","35":"shipping-taxable","36":"product-type-external"},"_links":{"self":[{"href":"https:\/\/visitaloshaitises.com\/hr\/wp-json\/wp\/v2\/product\/557","targetHints":{"allow":["GET"]}}],"collection":[{"href":"https:\/\/visitaloshaitises.com\/hr\/wp-json\/wp\/v2\/product"}],"about":[{"href":"https:\/\/visitaloshaitises.com\/hr\/wp-json\/wp\/v2\/types\/product"}],"wp:featuredmedia":[{"embeddable":true,"href":"https:\/\/visitaloshaitises.com\/hr\/wp-json\/wp\/v2\/media\/292"}],"wp:attachment":[{"href":"https:\/\/visitaloshaitises.com\/hr\/wp-json\/wp\/v2\/media?parent=557"}],"wp:term":[{"taxonomy":"product_brand","embeddable":true,"href":"https:\/\/visitaloshaitises.com\/hr\/wp-json\/wp\/v2\/product_brand?post=557"},{"taxonomy":"product_cat","embeddable":true,"href":"https:\/\/visitaloshaitises.com\/hr\/wp-json\/wp\/v2\/product_cat?post=557"},{"taxonomy":"product_tag","embeddable":true,"href":"https:\/\/visitaloshaitises.com\/hr\/wp-json\/wp\/v2\/product_tag?post=557"}],"curies":[{"name":"wp","href":"https:\/\/api.w.org\/{rel}","templated":true}]}}