{"id":554,"date":"2020-06-22T17:36:48","date_gmt":"2020-06-22T17:36:48","guid":{"rendered":"https:\/\/haitises.com\/?post_type=product&#038;p=554"},"modified":"2024-04-17T20:44:54","modified_gmt":"2024-04-17T20:44:54","slug":"excursion-a-los-haitises-desde-sabana-de-la-mar-o-cano-hondo","status":"publish","type":"product","link":"https:\/\/visitaloshaitises.com\/hr\/privatna\/excursion-a-los-haitises-desde-sabana-de-la-mar-o-cano-hondo\/","title":{"rendered":"Izlet u Los Haitises iz Sabana de la Mar ili Ca\u00f1o Hondo"},"content":{"rendered":"<div class=\"vc_row wpb_row vc_row-fluid\" ><div class=\"wpb_column vc_column_container vc_col-sm-12\"><div class=\"vc_column-inner\"><div class=\"wpb_wrapper\">[mkdf_section_title subtitle_tag=\u00bb\u00bb subtitle=\u00bbTour normal a los Haitises\u00bb]<\/div><\/div><\/div><\/div><div class=\"vc_row wpb_row vc_row-fluid\" ><div class=\"wpb_column vc_column_container vc_col-sm-12\"><div class=\"vc_column-inner\"><div class=\"wpb_wrapper\">\n\t<div class=\"wpb_text_column wpb_content_element\" >\n\t\t<div class=\"wpb_wrapper\">\n\t\t\t<h2>Nacionalni park Los Haitises Iz Sabane de la Mar ili hotela Cano Hondo.<\/h2>\n<h3>Opis<\/h3>\n<p>Normalan privatni izlet u Nacionalni park Los Haitises. Po\u0111ite s nama i posjetite najljep\u0161i nacionalni park u Dominikanskoj Republici, posjetite mangrove, \u0161pilje i zaljev San Lorenzo. Ovo iskustvo mo\u017ee zapo\u010deti od zajednice Sabana de la Mar koja u\u010di o povijesti Sabane de la Mar. Osim toga, ovo putovanje zapo\u010dinjemo iz luke Ca\u00f1o Hondo.<\/p>\n<ul>\n<li>Porezi uklju\u010deni<\/li>\n<li>Vodi\u010d daje upute i nadzor.<\/li>\n<li>Ru\u010dak nije uklju\u010den za ru\u010dak u Ca\u00f1o Hondo Odaberite ovaj izlet: Los Haitises Plus Ca\u00f1o Hondo.<\/li>\n<\/ul>\n<h3>Uklju\u010divanja i isklju\u010denja<\/h3>\n<h4>Uklju\u010divanja<\/h4>\n<ol>\n<li>Obilazak Los Haitises + \u0161pilje i piktografi<\/li>\n<li>Svi porezi, naknade i manipulativni tro\u0161kovi.<\/li>\n<li>Lokalni porezi<\/li>\n<li>Sve aktivnosti<\/li>\n<li>Lokalni vodi\u010d<\/li>\n<\/ol>\n<h4>Isklju\u010divanja<\/h4>\n<ol>\n<li>Savjeti<\/li>\n<li>Ru\u010dak nije uklju\u010den za ru\u010dak u Ca\u00f1o Hondo Odaberite ovaj izlet: Los Haitises Plus Ca\u00f1o Hondo.<\/li>\n<li>Prijevoz<\/li>\n<li>Alkoholna pi\u0107a<\/li>\n<\/ol>\n<h3><em>Polazak i povratak<\/em><\/h3>\n<p>Putnik \u0107e dobiti mjesto sastanka nakon postupka rezervacije. Ture po\u010dinju i zavr\u0161avaju na na\u0161im sastajali\u0161tima.<\/p>\n<h4><em>\u0160to o\u010dekivati?<\/em><\/h4>\n<p>Nabavite svoje ulaznice za posjet Nacionalnom parku Los Haitises sa \u0161piljama, mangrovama i zaljevom San Lorenzo.<\/p>\n<p>Najni\u017ea cijena za posjet Nacionalnom parku Los Haitises iz hotela Sabana de la Mar ili Ca\u00f1o Hondo s lokalnim vodi\u010dima. Putovanje po\u010dinje u glavnoj luci Nacionalnog parka Los Haitises. Ovo putovanje po\u010dinje u 10:00 sati s lokalnim vodi\u010dem koji zna izvornu pri\u010du o veli\u010danstvenom Nacionalnom parku.<\/p>\n<p>Potom kre\u0107emo iz glavne luke Nacionalnog parka Los Haitises, Ca\u00f1o Hondo (Duboki potok) u \u010cAMCU s prslucima za spa\u0161avanje. U\u017eivat \u0107emo u \u0161umi crvene mangrove sve do zaljeva San Lorenzo. Mala uvala u zaljevu Saman\u00e1. I evo nas! Prvo \u0161to mo\u017eete vidjeti je zbirka ogromnog vapnena\u010dkog planinskog otoka zvanog Mogotes. Iznad njih vi\u0161e od 700 vrsta biljaka i mno\u0161tvo ptica mo\u010dvarica koje lete uokolo. Kasnije posje\u0107uju\u0107i \u0161pilje s piktogramima na\u0161ih autohtonih zajednica prije 750 godina.<\/p>\n<p>Kroz mangrove i zemlju u otvorenom zaljevu San Lorenzo, odakle mo\u017eete fotografirati surov \u0161umski krajolik. Pogledajte u vodu da biste vidjeli morske krave, rakove i dupine.<\/p>\n<p>El nombre del parque nacional proviene de sus habitantes originales, los indios ta\u00ednos. En su idioma, \u00abHaitises\u00bb se traduce en tierras altas o colinas, una referencia a las empinadas formaciones geol\u00f3gicas de la costa con calizas. Avent\u00farate en el parque para explorar cuevas como la Cueva de la Arena y la Cueva de la L\u00ednea. Las cuevas en la reserva fueron utilizadas como refugio por los indios ta\u00ednos y, m\u00e1s tarde, por los piratas escondidos. Busque dibujos de indios que decoran algunas de las paredes. Despu\u00e9s de visitar el Parque Nacional Los Haitises, regresaremos al puerto donde comenz\u00f3 nuestro viaje.<\/p>\n<h3><em>\u0160to trebate ponijeti?<\/em><\/h3>\n<ul>\n<li>Fotoaparat<\/li>\n<li>Repelenti<\/li>\n<li>krema za sun\u010danje<\/li>\n<li>\u0160e\u0161ir<\/li>\n<li>Udobne hla\u010de<\/li>\n<li>\u0160umske cipele za planinarenje<\/li>\n<li>Sandale za proljetna podru\u010dja.<\/li>\n<li>Kupa\u0107i kostim<\/li>\n<\/ul>\n<h3><em>Preuzimanje iz hotela<\/em><\/h3>\n<p>Prijevoz iz hotela nudi se ako se nalazite u hotelu Paraiso Ca\u00f1o Hondo ili Altos Ca\u00f1o Hondo. Na\u0161e mjesto okupljanja je 5 minuta hoda od tih hotela.<\/p>\n<p><strong>Bilje\u0161ka<\/strong>- Ako rezervirate unutar 24 sata od vremena polaska putovanja\/izleta, mo\u017eemo organizirati preuzimanje iz hotela uz dodatne naknade ako niste u hotelima Ca\u00f1o Hondo. Nakon \u0161to va\u0161a kupnja bude dovr\u0161ena, poslat \u0107emo vam potpune podatke za kontakt (telefonski broj, adresu e-po\u0161te itd.) za na\u0161eg lokalnog turisti\u010dkog vodi\u010da kako bismo dogovorili preuzimanje.<\/p>\n<h3><em>Potvrda dodatnih informacija<\/em><\/h3>\n<ul>\n<li>Ulaznice su ra\u010dun nakon pla\u0107anja za ovu turneju. Uplatu mo\u017eete prikazati na svom telefonu.<\/li>\n<li>Mjesto okupljanja bit \u0107e zaprimljeno nakon postupka rezervacije.<\/li>\n<li>Djeca moraju biti u pratnji odrasle osobe.<\/li>\n<li>Nije pristupa\u010dno za invalidska kolica<\/li>\n<li>Dojen\u010dad bi trebala sjediti u dje\u010djoj sjedalici ili s odraslom osobom<\/li>\n<li>Ne preporu\u010duje se putnicima s problemima s le\u0111ima.<\/li>\n<li>Ne preporu\u010duje se trudnicama.<\/li>\n<li>Nema problema sa srcem ili drugih ozbiljnih zdravstvenih stanja.<\/li>\n<li>Ve\u0107ina putnika mo\u017ee sudjelovati.<\/li>\n<\/ul>\n<h3><em>Politika otkazivanja<\/em><\/h3>\n<p>Za puni povrat novca otka\u017eite najmanje 24 sata prije datuma po\u010detka iskustva.<\/p>\n<h3><em>Kontaktirajte nas?<\/em><\/h3>\n<p>Booking Adventures<br \/>\nLokalni i nacionalni turisti\u010dki vodi\u010di i usluge gostima<\/p>\n<p>Rezervacije: Ture i izleti u Domu Reps.<\/p>\n<p>\ud83d\udcde Tel\/Whatsapp +1-809-720-6035.<\/p>\n<p>\ud83d\udce9 info@bookingadventures.com.do<\/p>\n<p>Organiziramo privatne izlete s fleksibilnom konfiguracijom putem Whatsappa: +18097206035.<\/p>\n\n\t\t<\/div>\n\t<\/div>\n<\/div><\/div><\/div><\/div>","protected":false},"excerpt":{"rendered":"<p>Najni\u017ea cijena za posjet Nacionalnom parku Los Haitises iz hotela Sabana de la Mar ili Ca\u00f1o Hondo s lokalnim vodi\u010dima. Putovanje po\u010dinje u glavnoj luci Nacionalnog parka Los Haitises. Ovo putovanje po\u010dinje u 10:00 sati s lokalnim vodi\u010dem koji zna izvornu pri\u010du o veli\u010danstvenom Nacionalnom parku.<\/p>\n<p>Potom kre\u0107emo iz glavne luke Nacionalnog parka Los Haitises, Ca\u00f1o Hondo (Duboki potok) u \u010cAMCU s prslucima za spa\u0161avanje. U\u017eivat \u0107emo u \u0161umi crvene mangrove sve dok ne stignemo do zaljeva San Lorenzo, malog zaljeva u zaljevu Saman\u00e1. I evo nas! Prvo \u0161to mo\u017eete vidjeti je zbirka ogromnog vapnena\u010dkog planinskog otoka zvanog Mogotes. Osim njih, leti vi\u0161e od 700 vrsta biljaka i mnoge ptice mo\u010dvarice. Kasnije posje\u0107uju\u0107i \u0161pilje s piktogramima na\u0161ih autohtonih zajednica prije 750 godina.<\/p>\n<p><strong>Odaberite datum obilaska\u00a0<\/strong><\/p>","protected":false},"featured_media":81,"template":"","meta":[],"product_brand":[],"product_cat":[119,120,98,121,99,122,443,123,124],"product_tag":[125,126,127,128,129,130,131,132,133,134,114],"class_list":{"0":"post-554","1":"product","2":"type-product","3":"status-publish","4":"has-post-thumbnail","6":"product_cat-caves","7":"product_cat-fees-entrace","8":"product_cat-local-tour-guides","9":"product_cat-mangroves","10":"product_cat-swimming-natural-springs","11":"product_cat-tours-and-excursions","12":"product_cat-tours-y-excursiones-es","13":"product_cat-tours-excursions-los-haitises-national-park","14":"product_cat-tours-excursions-samana-bay-dominican-republic","15":"product_tag-boat-tour","16":"product_tag-cano-hondo","17":"product_tag-cano-hondo-hotel","18":"product_tag-cano-hondo-tours","19":"product_tag-eco-tours","20":"product_tag-excursion","21":"product_tag-locals-guides","22":"product_tag-los-haitises","23":"product_tag-los-haitises-national-park","24":"product_tag-los-haitises-national-park-tour","25":"product_tag-sabana-de-la-mar","27":"first","28":"instock","29":"sale","30":"sold-individually","31":"shipping-taxable","32":"product-type-external"},"_links":{"self":[{"href":"https:\/\/visitaloshaitises.com\/hr\/wp-json\/wp\/v2\/product\/554","targetHints":{"allow":["GET"]}}],"collection":[{"href":"https:\/\/visitaloshaitises.com\/hr\/wp-json\/wp\/v2\/product"}],"about":[{"href":"https:\/\/visitaloshaitises.com\/hr\/wp-json\/wp\/v2\/types\/product"}],"wp:featuredmedia":[{"embeddable":true,"href":"https:\/\/visitaloshaitises.com\/hr\/wp-json\/wp\/v2\/media\/81"}],"wp:attachment":[{"href":"https:\/\/visitaloshaitises.com\/hr\/wp-json\/wp\/v2\/media?parent=554"}],"wp:term":[{"taxonomy":"product_brand","embeddable":true,"href":"https:\/\/visitaloshaitises.com\/hr\/wp-json\/wp\/v2\/product_brand?post=554"},{"taxonomy":"product_cat","embeddable":true,"href":"https:\/\/visitaloshaitises.com\/hr\/wp-json\/wp\/v2\/product_cat?post=554"},{"taxonomy":"product_tag","embeddable":true,"href":"https:\/\/visitaloshaitises.com\/hr\/wp-json\/wp\/v2\/product_tag?post=554"}],"curies":[{"name":"wp","href":"https:\/\/api.w.org\/{rel}","templated":true}]}}