{"id":38,"date":"2020-06-14T11:56:46","date_gmt":"2020-06-14T11:56:46","guid":{"rendered":"https:\/\/haitises.com\/product\/import-placeholder-for-8264\/"},"modified":"2024-04-24T18:43:27","modified_gmt":"2024-04-24T18:43:27","slug":"el-limon-waterfalls-tour-horse-riding-swimming-lunch","status":"publish","type":"product","link":"https:\/\/visitaloshaitises.com\/hr\/private\/el-limon-waterfalls-tour-horse-riding-swimming-lunch\/","title":{"rendered":"Obilazak slapova El Lim\u00f3n (jahanje i plivanje) + ru\u010dak"},"content":{"rendered":"<div class=\"vc_row wpb_row vc_row-fluid\" ><div class=\"wpb_column vc_column_container vc_col-sm-12\"><div class=\"vc_column-inner\"><div class=\"wpb_wrapper\"><div class=\"mkdf-section-title-holder\" style=\"text-align: left\">\n\t<div class=\"mkdf-st-inner\">\n\t\t\t\t\t<h5 class=\"mkdf-st-subtitle\" >\n\t\t\t\tNormal trip but Private\t\t\t<\/h5>\n\t\t\t\t\t\t\t<h3 class=\"mkdf-st-title\" >\n\t\t\t\tEl Lim\u00f3n waterfalls Tour (horse riding &amp; swimming) + lunch\t\t\t<\/h3>\n\t\t\t\t\t<\/div>\n<\/div><\/div><\/div><\/div><\/div><div class=\"vc_row wpb_row vc_row-fluid\" ><div class=\"wpb_column vc_column_container vc_col-sm-12\"><div class=\"vc_column-inner\"><div class=\"wpb_wrapper\">\n\t<div class=\"wpb_text_column wpb_content_element\" >\n\t\t<div class=\"wpb_wrapper\">\n\t\t\t<h4><b><i>Pregled <\/i><\/b><\/h4>\n<p>Ovo je privatna tura do <strong>The Waterfalls El Lim\u00f3n<\/strong> with Riding on Horses or Hiking. Visiting cacao and Coffe forest under Coconuts Palms Canopy. When you arrive at the Waterfalls you are allowed to swim and Set the time with your Local Guide. After enjoying a Typical Lunch in El Lim\u00f3n Community.<\/p>\n<p>U\u010dite s mje\u0161tanima i osigurajte si sigurno putovanje. Danas nabavite svoje ulaznice u ponudi.<\/p>\n<ul>\n<li style=\"font-weight: 400;\"><span style=\"font-weight: 400;\">Includes Lunch\u00a0<\/span><\/li>\n<li>Horses Riding or Hiking<\/li>\n<li style=\"font-weight: 400;\"><span style=\"font-weight: 400;\">Vodi\u010d daje upute i nadzor<\/span><\/li>\n<li>Naknade za nacionalni park<\/li>\n<\/ul>\n<p>&nbsp;<\/p>\n<h4><b>Uklju\u010divanja i isklju\u010denja<\/b><\/h4>\n<p>&nbsp;<\/p>\n<p><b>Uklju\u010divanja<\/b><\/p>\n<ol>\n<li style=\"font-weight: 400;\"><span style=\"font-weight: 400;\">Buffet lunch in El Lim\u00f3n<\/span><\/li>\n<li style=\"font-weight: 400;\"><span style=\"font-weight: 400;\">Pje\u0161a\u010denje ili jahanje<\/span><\/li>\n<li style=\"font-weight: 400;\"><span style=\"font-weight: 400;\">Svi porezi, naknade i manipulativni tro\u0161kovi<\/span><\/li>\n<li style=\"font-weight: 400;\"><span style=\"font-weight: 400;\">Lokalni porezi<\/span><\/li>\n<li style=\"font-weight: 400;\"><span style=\"font-weight: 400;\">Pi\u0107a<\/span><\/li>\n<li style=\"font-weight: 400;\"><span style=\"font-weight: 400;\">Sve aktivnosti<\/span><\/li>\n<li style=\"font-weight: 400;\"><span style=\"font-weight: 400;\">Lokalni vodi\u010d<\/span><\/li>\n<\/ol>\n<p><b> Isklju\u010divanja<\/b><\/p>\n<ol>\n<li style=\"font-weight: 400;\"><span style=\"font-weight: 400;\">Napojnice<\/span><\/li>\n<li style=\"font-weight: 400;\"><span style=\"font-weight: 400;\">Prijenos<\/span><\/li>\n<li style=\"font-weight: 400;\"><span style=\"font-weight: 400;\">Alkoholna pi\u0107a<\/span><\/li>\n<li>Food on the Beach<\/li>\n<\/ol>\n<p>&nbsp;<\/p>\n<h4><em><strong>Polazak &amp; Povratak<\/strong><\/em><\/h4>\n<p><span style=\"font-weight: 400;\">Putnik \u0107e dobiti mjesto sastanka nakon procesa rezervacije. Ture po\u010dinju i zavr\u0161avaju na na\u0161im sastajali\u0161tima.<\/span><\/p>\n<p>&nbsp;<\/p>\n<h4><b><i>\u0160to o\u010dekivati?<\/i><\/b><\/h4>\n<p>&nbsp;<\/p>\n<p><em><strong>Nabavite svoje ulaznice<\/strong><\/em> for visiting The Waterfalls El Lim\u00f3n in Saman\u00e1 plus a wonderful lunch in El Lim\u00f3n Restaurant.<\/p>\n<p><span style=\"font-weight: 400;\">The tour, organized by \u00abBooking Adventures\u00bb starts at the meeting point set with the Tour Guide.<\/span><\/p>\n<p>Best Private trips to El Limon waterfalls with a local tour guide. Book a Horse riding trip by the Forest going around the edge of the Lim\u00f3n River, visiting cacao and Coffe plantations under the Coconuts shadows palms trees.<\/p>\n<p>First, stop in the Small waterfall where usually there are not many people and you can swim around. After we continue to the big waterfall where we will stay for an hour or more if you want to.<\/p>\n<p>Getting horses back to the restaurant where we will enjoy a typical lunch at the beach. Frite fish with Tostones and Salad or you can get other options in the menu with extra charges.<\/p>\n<p>Lunch at the Restaurant in the El Lim\u00f3n community and you can stay as long you want swimming around.\u00a0 If you are Vegan we also can set some food for you.<\/p>\n<p>&nbsp;<\/p>\n<h4><em><strong>\u0160to trebate ponijeti?<\/strong><\/em><\/h4>\n<ul>\n<li style=\"font-weight: 400;\"><span style=\"font-weight: 400;\">fotoaparat<\/span><\/li>\n<li style=\"font-weight: 400;\"><span style=\"font-weight: 400;\">Repelentni pupoljci<\/span><\/li>\n<li style=\"font-weight: 400;\"><span style=\"font-weight: 400;\">krema za sun\u010danje<\/span><\/li>\n<li style=\"font-weight: 400;\"><span style=\"font-weight: 400;\">\u0160e\u0161ir<\/span><\/li>\n<li style=\"font-weight: 400;\"><span style=\"font-weight: 400;\">Udobne hla\u010de<\/span><\/li>\n<li style=\"font-weight: 400;\"><span style=\"font-weight: 400;\">Planinarske cipele za \u0161umu<\/span><\/li>\n<li style=\"font-weight: 400;\"><span style=\"font-weight: 400;\">Odje\u0107a za kupanje<\/span><\/li>\n<\/ul>\n<p>&nbsp;<\/p>\n<h4><b><i>Preuzimanje iz hotela <\/i><\/b><\/h4>\n<p><span style=\"font-weight: 400;\">Prijevoz iz hotela nije ponu\u0111en za ovaj izlet. <\/span><\/p>\n<p>&nbsp;<\/p>\n<p><b>Bilje\u0161ka:<\/b><span style=\"font-weight: 400;\"> Ako ste rezervirali unutar 24 sata od vremena polaska putovanja\/izleta, mo\u017eemo organizirati prijevoz iz hotela uz dodatne naknade. Nakon \u0161to je va\u0161a kupnja dovr\u0161ena, poslat \u0107emo vam potpune podatke za kontakt (telefonski broj, adresu e-po\u0161te, itd.) za na\u0161eg lokalnog vodi\u010da kako bismo organizirali preuzimanje.<\/span><\/p>\n<h4><b><i>Potvrda dodatnih informacija <\/i><\/b><\/h4>\n<ol>\n<li>Ulaznice su ra\u010dun nakon pla\u0107anja ovog putovanja. Uplatu mo\u017eete prikazati na svom telefonu.<\/li>\n<li style=\"font-weight: 400;\"><span style=\"font-weight: 400;\">Mjesto sastanka bit \u0107e primljeno nakon procesa rezervacije.<\/span><\/li>\n<li style=\"font-weight: 400;\"><span style=\"font-weight: 400;\">Djeca moraju biti u pratnji odrasle osobe.<\/span><\/li>\n<li style=\"font-weight: 400;\"><span style=\"font-weight: 400;\"> Nije pristupa\u010dno za invalidska kolica <\/span><\/li>\n<li style=\"font-weight: 400;\"><span style=\"font-weight: 400;\">Dojen\u010dad moraju sjediti u krilu <\/span><\/li>\n<li style=\"font-weight: 400;\"><span style=\"font-weight: 400;\">Ne preporu\u010duje se putnicima koji imaju problema s le\u0111ima<\/span><\/li>\n<li style=\"font-weight: 400;\"><span style=\"font-weight: 400;\">Ne preporu\u010duje se trudnicama koje putuju <\/span><\/li>\n<li style=\"font-weight: 400;\"><span style=\"font-weight: 400;\"> Nema problema sa srcem ili drugih ozbiljnih zdravstvenih stanja <\/span><\/li>\n<li style=\"font-weight: 400;\"><span style=\"font-weight: 400;\">Ve\u0107ina putnika mo\u017ee sudjelovati<\/span><\/li>\n<\/ol>\n<h4><b><i>Politika otkazivanja<\/i><\/b><\/h4>\n<p><span style=\"font-weight: 400;\">Za puni povrat novca otka\u017eite najmanje 24 sata prije datuma po\u010detka iskustva.<\/span><\/p>\n\n\t\t<\/div>\n\t<\/div>\n<\/div><\/div><\/div><\/div><div class=\"vc_row wpb_row vc_row-fluid\" ><div class=\"wpb_column vc_column_container vc_col-sm-12\"><div class=\"vc_column-inner\"><div class=\"wpb_wrapper\"><div class=\"vc_empty_space\"   style=\"height: 32px\"><span class=\"vc_empty_space_inner\"><\/span><\/div>\n\t<div class=\"wpb_text_column wpb_content_element\" >\n\t\t<div class=\"wpb_wrapper\">\n\t\t\t<h4>Kontaktirajte nas?<\/h4>\n<h5><em><strong>Booking Adventures<\/strong><\/em><\/h5>\n<p><em><strong>Mje\u0161tani<\/strong> i <strong>Dr\u017eavljani<\/strong> Turisti\u010dki vodi\u010di i usluge za goste<\/em><\/p>\n<p><span class=\"text-turquoise\">Rezervacije:<\/span> Ture i izleti u Domu Rep.<\/p>\n<p><img decoding=\"async\" class=\"emoji\" draggable=\"false\" src=\"https:\/\/s.w.org\/images\/core\/emoji\/11.2.0\/svg\/1f4de.svg\" alt=\"\ud83d\udcde\" \/> Tel\/Whatsapp\u00a0 <a href=\"tel:+1-809-720-6035\">+1-809-720-6035<\/a>.<\/p>\n<p><img decoding=\"async\" class=\"emoji\" draggable=\"false\" src=\"https:\/\/s.w.org\/images\/core\/emoji\/11.2.0\/svg\/1f4e9.svg\" alt=\"\ud83d\udce9\" \/> <a href=\"mailto:info@bookingadventures.com.do\">info@bookingadventures.com.do<\/a><\/p>\n<p><strong>Mi smo fleksibilni i postavljamo privatne obilaske putem Whatsappa: <a href=\"tel:+18097206035\">+18097206035.<\/a><\/strong><\/p>\n\n\t\t<\/div>\n\t<\/div>\n<div class=\"vc_empty_space\"   style=\"height: 32px\"><span class=\"vc_empty_space_inner\"><\/span><\/div><\/div><\/div><\/div><\/div>","protected":false},"excerpt":{"rendered":"<p><strong>Odaberite datum obilaska\u00a0<\/strong><\/p>","protected":false},"featured_media":131,"template":"","meta":[],"product_brand":[],"product_cat":[120,96,97,135,136,122,123,124],"product_tag":[138,140,155,156,142,143],"class_list":{"0":"post-38","1":"product","2":"type-product","3":"status-publish","4":"has-post-thumbnail","6":"product_cat-fees-entrace","7":"product_cat-hiking","8":"product_cat-horse-riding-to-waterfalls","9":"product_cat-lunch","10":"product_cat-safari-samana","11":"product_cat-tours-and-excursions","12":"product_cat-tours-excursions-los-haitises-national-park","13":"product_cat-tours-excursions-samana-bay-dominican-republic","14":"product_tag-beach-time","15":"product_tag-el-limon-waterfalls","16":"product_tag-hiking-el-limon","17":"product_tag-horses-el-limon","18":"product_tag-samana","19":"product_tag-samana-tours","21":"first","22":"instock","23":"sale","24":"featured","25":"sold-individually","26":"shipping-taxable","27":"product-type-external"},"_links":{"self":[{"href":"https:\/\/visitaloshaitises.com\/hr\/wp-json\/wp\/v2\/product\/38","targetHints":{"allow":["GET"]}}],"collection":[{"href":"https:\/\/visitaloshaitises.com\/hr\/wp-json\/wp\/v2\/product"}],"about":[{"href":"https:\/\/visitaloshaitises.com\/hr\/wp-json\/wp\/v2\/types\/product"}],"wp:featuredmedia":[{"embeddable":true,"href":"https:\/\/visitaloshaitises.com\/hr\/wp-json\/wp\/v2\/media\/131"}],"wp:attachment":[{"href":"https:\/\/visitaloshaitises.com\/hr\/wp-json\/wp\/v2\/media?parent=38"}],"wp:term":[{"taxonomy":"product_brand","embeddable":true,"href":"https:\/\/visitaloshaitises.com\/hr\/wp-json\/wp\/v2\/product_brand?post=38"},{"taxonomy":"product_cat","embeddable":true,"href":"https:\/\/visitaloshaitises.com\/hr\/wp-json\/wp\/v2\/product_cat?post=38"},{"taxonomy":"product_tag","embeddable":true,"href":"https:\/\/visitaloshaitises.com\/hr\/wp-json\/wp\/v2\/product_tag?post=38"}],"curies":[{"name":"wp","href":"https:\/\/api.w.org\/{rel}","templated":true}]}}