{"id":11912,"date":"2024-01-04T09:11:59","date_gmt":"2024-01-04T09:11:59","guid":{"rendered":"https:\/\/haitises.com\/?post_type=product&#038;p=11912"},"modified":"2024-03-28T15:14:36","modified_gmt":"2024-03-28T15:14:36","slug":"private-los-haitises-cayo-levantado-from-samana","status":"publish","type":"product","link":"https:\/\/visitaloshaitises.com\/hr\/private\/private-los-haitises-cayo-levantado-from-samana\/","title":{"rendered":"Private: Los Haitises &#038; Cayo Levantado from Samana"},"content":{"rendered":"<div class=\"vc_row wpb_row vc_row-fluid\" ><div class=\"wpb_column vc_column_container vc_col-sm-12\"><div class=\"vc_column-inner\"><div class=\"wpb_wrapper\"><div class=\"mkdf-section-title-holder\" style=\"text-align: left\">\n\t<div class=\"mkdf-st-inner\">\n\t\t\t\t\t<h5 class=\"mkdf-st-subtitle\" >\n\t\t\t\tEco Tours with Locals\t\t\t<\/h5>\n\t\t\t\t\t\t\t<h3 class=\"mkdf-st-title\" >\n\t\t\t\tLos Haitises National Park Boat Tour + Cayo Levantado Island\t\t\t<\/h3>\n\t\t\t\t\t<\/div>\n<\/div><\/div><\/div><\/div><\/div><div class=\"vc_row wpb_row vc_row-fluid\" ><div class=\"wpb_column vc_column_container vc_col-sm-12\"><div class=\"vc_column-inner\"><div class=\"wpb_wrapper\">\n\t<div class=\"wpb_text_column wpb_content_element\" >\n\t\t<div class=\"wpb_wrapper\">\n\t\t\t<h4><\/h4>\n<h2>Obilazak Nacionalnog parka Los Haitises iz luke Saman\u00e1 + otok Bacardi (Cayo Levantado)<\/h2>\n<h4><b><i>Pregled <\/i><\/b><\/h4>\n<p>Los Haitises National park starting from Saman\u00e1 Port plus Lunch at Bacardi Island.\u00a0 Come with us and visit the most beautiful national park of the Dominican Republic, Visiting Mangroves, Caves and San Lorenzo Bay plus crossing the gorgeous Saman\u00e1 bay. Then Back to Saman\u00e1 area to Visit Bacardi island, have lunch at the beach and Swimming in one of the most pretty beaches in Saman\u00e1 Bay.<\/p>\n<p>After this experience, you will get Back to Saman\u00e1 port.<\/p>\n<ul>\n<li style=\"font-weight: 400;\">Naknade uklju\u010dene<\/li>\n<li>Lunch at Bacardi island included<\/li>\n<li style=\"font-weight: 400;\"><span style=\"font-weight: 400;\">Vodi\u010d daje upute i nadzor<\/span><\/li>\n<\/ul>\n<p>&nbsp;<\/p>\n<h4><b>Uklju\u010divanja i isklju\u010denja<\/b><\/h4>\n<p><b>Uklju\u010divanja<\/b><\/p>\n<ol>\n<li style=\"font-weight: 400;\">Obilazak Los Haitises + \u0161pilje i piktografi<\/li>\n<li>Lunch at Cayo Levantado ( Bacardi Island) if you will like similar tour: Los Haitises + Ca\u00f1o Hondo<\/li>\n<li style=\"font-weight: 400;\"><span style=\"font-weight: 400;\">Svi porezi, naknade i manipulativni tro\u0161kovi<\/span><\/li>\n<li style=\"font-weight: 400;\"><span style=\"font-weight: 400;\">Lokalni porezi<\/span><\/li>\n<li style=\"font-weight: 400;\"><span style=\"font-weight: 400;\">Pi\u0107a<\/span><\/li>\n<li style=\"font-weight: 400;\"><span style=\"font-weight: 400;\">Sve aktivnosti<\/span><\/li>\n<li style=\"font-weight: 400;\"><span style=\"font-weight: 400;\">Lokalni vodi\u010d<\/span><\/li>\n<\/ol>\n<p><b> Isklju\u010divanja<\/b><\/p>\n<ol>\n<li style=\"font-weight: 400;\"><span style=\"font-weight: 400;\">Napojnice<\/span><\/li>\n<li style=\"font-weight: 400;\"><span style=\"font-weight: 400;\">Prijenos<\/span><\/li>\n<li style=\"font-weight: 400;\"><span style=\"font-weight: 400;\">Alkoholna pi\u0107a<\/span><\/li>\n<\/ol>\n<p>&nbsp;<\/p>\n<h4><em><strong>Polazak &amp; Povratak<\/strong><\/em><\/h4>\n<p><span style=\"font-weight: 400;\">Putnik \u0107e dobiti mjesto sastanka nakon procesa rezervacije. Ture po\u010dinju i zavr\u0161avaju na na\u0161im sastajali\u0161tima.<\/span><\/p>\n<p>&nbsp;<\/p>\n<h2>Los Haitises National Park Tour from Saman\u00e1 Port mas Bacardi Island (Cayo Levantado)<\/h2>\n<h4><b><i>\u0160to o\u010dekivati?<\/i><\/b><\/h4>\n<p><b><i>V<\/i><\/b>isiting<strong> Nacionalni park Los Haitises<\/strong> with a wonderful lunch at<strong> Cayo Levantado island<\/strong> and Swimming at the beach. Starting <strong>from Saman\u00e1 port<\/strong> onboard of a Boat or Catamaran with a Local tour guide we pass Saman\u00e1 bay to Sabana de la Mar side to Visit one of the most beautiful national parks of the Dominican Republic. <em><strong>The Haitises National Park<\/strong><\/em>.<\/p>\n<p>The tour, organized by \u00abBooking Adventures\u00bb starts at the meeting point set with the Tour Guide. Come with Booking Adventures and start checking some bird-filled mangroves, rolling hills of lush vegetation and caves of <em><strong>Nacionalni park Los Haitises<\/strong><\/em>. Posjet otoku s pticama okolo. U sezoni gnije\u017e\u0111enja mo\u017eemo vidjeti i pili\u0107e Pelecanosa na gnijezdima. U\u0107i vi\u0161e u Stjenovite otoke i posjetiti \u0161pilje s piktografima i petrografijama domoroda\u010dkog stanovni\u0161tva.<\/p>\n<p>Kroz mangrove i kopno na otvorenom zaljevu San Lorenzo, odakle mo\u017eete fotografirati surov \u0161umski krajolik. Pogledajte u vodu da uo\u010dite <em><strong>morske krave<\/strong><\/em>, rakovi i <em><strong>Dupini.<\/strong><\/em><\/p>\n<h2><strong>Caves in Los Haitises National Park<\/strong><\/h2>\n<div class=\"body-description secondary\">\n<p>The national park\u2019s name comes from its original inhabitants, the Taino Indians. In their language \u201cHaitises\u201d translates to highlands or Hills, a reference to the coastline\u2019s steep geological formations with Limestones. Adventure deeper into the park to explore caves such as the <em><strong>Pje\u0161\u010dana \u0161pilja<\/strong><\/em> i <strong><em>\u0160pilja Line.<\/em><\/strong><\/p>\n<p>Caves in the reserve were used as shelter by the Taino Indians and, later, by hiding pirates. Look for drawings by Indians that decorate some of the walls. After visiting Los Haitises National Park we will go back to Saman\u00e1 port passing Saman\u00e1 bay 30 min and visiting Bacardi island. We will have a typical lunch on the island. If you are vegan no worries we also have food for you!<\/p>\n<p>After swimming full afternoon and chilling on the beach our tour guide will set time to go back to Saman\u00e1 port.<\/p>\n<\/div>\n<p>In Case you will like this trip longer or Shorter we have these options:<\/p>\n<ol>\n<li>Just Los Haitises from Saman\u00e1 Port.<\/li>\n<li>Los Haitises + Ca\u00f1o Hondo from Saman\u00e1 Port.<\/li>\n<\/ol>\n<p>&nbsp;<\/p>\n<h4><em><strong>\u0160to trebate ponijeti?<\/strong><\/em><\/h4>\n<ul>\n<li style=\"font-weight: 400;\"><span style=\"font-weight: 400;\">fotoaparat<\/span><\/li>\n<li style=\"font-weight: 400;\"><span style=\"font-weight: 400;\">Repelentni pupoljci<\/span><\/li>\n<li style=\"font-weight: 400;\"><span style=\"font-weight: 400;\">krema za sun\u010danje<\/span><\/li>\n<li style=\"font-weight: 400;\"><span style=\"font-weight: 400;\">\u0160e\u0161ir<\/span><\/li>\n<li style=\"font-weight: 400;\"><span style=\"font-weight: 400;\">Udobne hla\u010de<\/span><\/li>\n<li style=\"font-weight: 400;\"><span style=\"font-weight: 400;\">Planinarske cipele za \u0161umu<\/span><\/li>\n<li style=\"font-weight: 400;\"><span style=\"font-weight: 400;\">Sandale za proljetna podru\u010dja.<\/span><\/li>\n<li style=\"font-weight: 400;\"><span style=\"font-weight: 400;\">Odje\u0107a za kupanje<\/span><\/li>\n<\/ul>\n<p>&nbsp;<\/p>\n<h4><b><i>Preuzimanje iz hotela <\/i><\/b><\/h4>\n<p><span style=\"font-weight: 400;\">Prijevoz iz hotela nije ponu\u0111en za ovaj izlet. <\/span><\/p>\n<p>&nbsp;<\/p>\n<p><b>Bilje\u0161ka:<\/b><span style=\"font-weight: 400;\"> Ako ste rezervirali unutar 24 sata od vremena polaska putovanja\/izleta, mo\u017eemo organizirati prijevoz iz hotela uz dodatne naknade. Nakon \u0161to je va\u0161a kupnja dovr\u0161ena, poslat \u0107emo vam potpune podatke za kontakt (telefonski broj, adresu e-po\u0161te, itd.) za na\u0161eg lokalnog vodi\u010da kako bismo organizirali preuzimanje.<\/span><\/p>\n<h4><b><i>Potvrda dodatnih informacija <\/i><\/b><\/h4>\n<ol>\n<li>Ulaznice su ra\u010dun nakon pla\u0107anja ovog putovanja. Uplatu mo\u017eete prikazati na svom telefonu.<\/li>\n<li style=\"font-weight: 400;\"><span style=\"font-weight: 400;\">Mjesto sastanka bit \u0107e primljeno nakon procesa rezervacije.<\/span><\/li>\n<li style=\"font-weight: 400;\"><span style=\"font-weight: 400;\">Djeca moraju biti u pratnji odrasle osobe.<\/span><\/li>\n<li style=\"font-weight: 400;\"><span style=\"font-weight: 400;\"> Nije pristupa\u010dno za invalidska kolica <\/span><\/li>\n<li style=\"font-weight: 400;\"><span style=\"font-weight: 400;\">Dojen\u010dad moraju sjediti u krilu <\/span><\/li>\n<li style=\"font-weight: 400;\"><span style=\"font-weight: 400;\">Ne preporu\u010duje se putnicima koji imaju problema s le\u0111ima<\/span><\/li>\n<li style=\"font-weight: 400;\"><span style=\"font-weight: 400;\">Ne preporu\u010duje se trudnicama koje putuju <\/span><\/li>\n<li style=\"font-weight: 400;\"><span style=\"font-weight: 400;\"> Nema problema sa srcem ili drugih ozbiljnih zdravstvenih stanja <\/span><\/li>\n<li style=\"font-weight: 400;\"><span style=\"font-weight: 400;\">Ve\u0107ina putnika mo\u017ee sudjelovati<\/span><\/li>\n<\/ol>\n<h4><b><i>Politika otkazivanja<\/i><\/b><\/h4>\n<p>Za potpuni povrat pro\u010ditajte na\u0161a pravila otkazivanja\u00a0<a href=\"https:\/\/www.ticketswhales.com\/online-booking\/\" target=\"_blank\" rel=\"noopener\" data-saferedirecturl=\"https:\/\/www.google.com\/url?q=https:\/\/www.ticketswhales.com\/online-booking\/&amp;source=gmail&amp;ust=1672449202351000&amp;usg=AOvVaw1yAeVAPktmaVCqDujgUn90\">Kliknite ovdje<\/a>. Sredstva \u0107e biti izgubljena ako se rezervacija otka\u017ee isti dan putovanja.<\/p>\n\n\t\t<\/div>\n\t<\/div>\n\n\t<div class=\"wpb_video_widget wpb_content_element vc_clearfix   vc_video-aspect-ratio-169 vc_video-el-width-100 vc_video-align-left\" >\n\t\t<div class=\"wpb_wrapper\">\n\t\t\t<h2 class=\"wpb_heading wpb_video_heading\">Nacionalni park Los Haitises<\/h2>\n\t\t\t<div class=\"wpb_video_wrapper\"><iframe loading=\"lazy\" title=\"Obilasci i izleti nacionalnog parka Los Haitises\" width=\"1100\" height=\"619\" src=\"https:\/\/www.youtube.com\/embed\/vMI4Ou81cd4?feature=oembed\" frameborder=\"0\" allow=\"accelerometer; autoplay; clipboard-write; encrypted-media; gyroscope; picture-in-picture; web-share\" allowfullscreen><\/iframe><\/div>\n\t\t<\/div>\n\t<\/div>\n<\/div><\/div><\/div><\/div><div class=\"vc_row wpb_row vc_row-fluid\" ><\/div><div class=\"wpb_column vc_column_container vc_col-sm-12\"><div class=\"vc_column-inner\"><div class=\"wpb_wrapper\"><\/div><\/div><\/div><div class=\"vc_empty_space\"   style=\"height: 32px\"><span class=\"vc_empty_space_inner\"><\/span><\/div>\n\t<div class=\"wpb_text_column wpb_content_element\" >\n\t\t<div class=\"wpb_wrapper\">\n\t\t\t<p>I am text block. Click edit button to change this text. Lorem ipsum dolor sit amet, consectetur adipiscing elit. Ut elit tellus, luctus nec ullamcorper mattis, pulvinar dapibus leo.<\/p>\n\n\t\t<\/div>\n\t<\/div>\n<div class=\"vc_empty_space\"   style=\"height: 32px\"><span class=\"vc_empty_space_inner\"><\/span><\/div><div class=\"vc_row wpb_row vc_row-fluid\" ><\/div><div class=\"wpb_column vc_column_container vc_col-sm-12\"><div class=\"vc_column-inner\"><div class=\"wpb_wrapper\"><\/div><\/div><\/div><div class=\"mkdf-section-title-holder\" style=\"text-align: left\">\n\t<div class=\"mkdf-st-inner\">\n\t\t\t\t\t\t\t<h3 class=\"mkdf-st-title\" >\n\t\t\t\tLos Haitises y Cayo Levantado\t\t\t<\/h3>\n\t\t\t\t\t<\/div>\n<\/div><div class=\"vc_empty_space\"   style=\"height: 32px\"><span class=\"vc_empty_space_inner\"><\/span><\/div><div class=\"vc_row wpb_row vc_row-fluid\" ><\/div><div class=\"wpb_column vc_column_container vc_col-sm-12\"><div class=\"vc_column-inner\"><div class=\"wpb_wrapper\"><\/div><\/div><\/div>","protected":false},"excerpt":{"rendered":"<p><span style=\"vertical-align: inherit;\"><span style=\"vertical-align: inherit;\">Excursiones a Los haitises y Cayo levantado, Viaje Ecol\u00f3gico al Parque Nacional Los Haitises con un Gu\u00eda Tur\u00edstico Local. <\/span><span style=\"vertical-align: inherit;\">Visitando los Cayos en el Parque Nacional Los Haitises, Manglares, Vegetaci\u00f3n, Observaci\u00f3n de aves, Cuevas, Pictogramas y las \u00e1reas hist\u00f3ricas de Sabana de la Mar en el Parque Nacional Los Haitises. <\/span><span style=\"vertical-align: inherit;\">Despu\u00e9s de Los Haitises almorzamos en la playa de la isla Bacardi. <\/span><span style=\"vertical-align: inherit;\">Reserve ahora Tour al Parque Nacional Los Haitises desde Puerto Saman\u00e1 + Isla Bacardi (Cayo Levantado) con nosotros.<\/span><\/span><\/p>\n<p>&nbsp;<\/p>\n<p><strong><span style=\"vertical-align: inherit;\"><span style=\"vertical-align: inherit;\">Seleccione la fecha para el Tour:<\/span><\/span><\/strong><\/p>","protected":false},"featured_media":91,"template":"","meta":[],"product_brand":[],"product_cat":[571,566,123,124],"product_tag":[137,205,180,125,206,139,163,129,207,208,132,209,210,211,212,133,213,214,215,216,217,218,190,219,114,142,148,143,220],"class_list":{"0":"post-11912","1":"product","2":"type-product","3":"status-publish","4":"has-post-thumbnail","6":"product_cat-1-samana","7":"product_cat-boat-trip-los-haitises","8":"product_cat-tours-excursions-los-haitises-national-park","9":"product_cat-tours-excursions-samana-bay-dominican-republic","10":"product_tag-bacardi-island","11":"product_tag-bacardi-island-tours","12":"product_tag-birdwatching","13":"product_tag-boat-tour","14":"product_tag-caves-los-haitises","15":"product_tag-cayo-levantado","16":"product_tag-cayo-levantado-tour","17":"product_tag-eco-tours","18":"product_tag-excursiones-a-los-haitises-y-cayo-levantado","19":"product_tag-haitises-park-and-cayo-levantado-island","20":"product_tag-los-haitises","21":"product_tag-los-haitises-excursiones","22":"product_tag-los-haitises-excursions","23":"product_tag-los-haitises-mapa","24":"product_tag-los-haitises-mas-cayo-levantado","25":"product_tag-los-haitises-national-park","26":"product_tag-los-haitises-national-park-map","27":"product_tag-los-haitises-national-park-mas-cayo-levantado","28":"product_tag-los-haitises-national-park-tour-from-las-terrenas","29":"product_tag-los-haitises-national-park-tour-from-samana-port-bacardi-island-cayo-levantado","30":"product_tag-los-haitises-national-park-tour-from-santo-domingo","31":"product_tag-los-haitises-park-tour-cayo-levantado-island","32":"product_tag-los-haitises-samana","33":"product_tag-los-haitises-y-cayo-levantado","34":"product_tag-sabana-de-la-mar","35":"product_tag-samana","36":"product_tag-samana-excursions","37":"product_tag-samana-tours","38":"product_tag-tour-los-haitises-national-park-cayo-levantado","40":"first","41":"instock","42":"sale","43":"sold-individually","44":"shipping-taxable","45":"product-type-external"},"_links":{"self":[{"href":"https:\/\/visitaloshaitises.com\/hr\/wp-json\/wp\/v2\/product\/11912","targetHints":{"allow":["GET"]}}],"collection":[{"href":"https:\/\/visitaloshaitises.com\/hr\/wp-json\/wp\/v2\/product"}],"about":[{"href":"https:\/\/visitaloshaitises.com\/hr\/wp-json\/wp\/v2\/types\/product"}],"wp:featuredmedia":[{"embeddable":true,"href":"https:\/\/visitaloshaitises.com\/hr\/wp-json\/wp\/v2\/media\/91"}],"wp:attachment":[{"href":"https:\/\/visitaloshaitises.com\/hr\/wp-json\/wp\/v2\/media?parent=11912"}],"wp:term":[{"taxonomy":"product_brand","embeddable":true,"href":"https:\/\/visitaloshaitises.com\/hr\/wp-json\/wp\/v2\/product_brand?post=11912"},{"taxonomy":"product_cat","embeddable":true,"href":"https:\/\/visitaloshaitises.com\/hr\/wp-json\/wp\/v2\/product_cat?post=11912"},{"taxonomy":"product_tag","embeddable":true,"href":"https:\/\/visitaloshaitises.com\/hr\/wp-json\/wp\/v2\/product_tag?post=11912"}],"curies":[{"name":"wp","href":"https:\/\/api.w.org\/{rel}","templated":true}]}}