{"id":11326,"date":"2021-08-15T20:08:37","date_gmt":"2021-08-15T20:08:37","guid":{"rendered":"https:\/\/haitises.com\/?post_type=product&#038;p=11326"},"modified":"2024-04-09T15:34:58","modified_gmt":"2024-04-09T15:34:58","slug":"el-limon-waterfall-cayo-levantado-excursiones-samana-2","status":"publish","type":"product","link":"https:\/\/visitaloshaitises.com\/hr\/privatna\/el-limon-waterfall-cayo-levantado-excursiones-samana-2\/","title":{"rendered":"El Lim\u00f3n Waterfall &#8211; Cayo Levantado &#8211; Excursiones Saman\u00e1"},"content":{"rendered":"<div class=\"vc_row wpb_row vc_row-fluid\" ><div class=\"wpb_column vc_column_container vc_col-sm-12\"><div class=\"vc_column-inner\"><div class=\"wpb_wrapper\">[mkdf_section_title title_tag=\u00bb\u00bb disable_break_words=\u00bbno\u00bb subtitle_tag=\u00bb\u00bb title=\u00bbLos Haitises National Park Tour from Las Terrenas de Samana. Half Day Trip.\u00bb subtitle=\u00bbTransportation &amp; Lunch Included\u00bb]<\/div><\/div><\/div><\/div><div class=\"vc_row wpb_row vc_row-fluid\" ><div class=\"wpb_column vc_column_container vc_col-sm-12\"><div class=\"vc_column-inner\"><div class=\"wpb_wrapper\">\n\t<div class=\"wpb_text_column wpb_content_element\" >\n\t\t<div class=\"wpb_wrapper\">\n\t\t\t<h3 class=\"LC20lb\">El Lim\u00f3n Waterfall + Cayo Levantado &#8211; Excursiones Saman\u00e1 full day Trip.<\/h3>\n<h4><b><i>Pregled <\/i><\/b><\/h4>\n<p>Private Excursion to visit El Limon Waterfalls and Cayo Levantado ( Bacrdi Island). Two activities in just one day, visiting with local tour Guide the beuty from the forest and the waterfalls from el limon Comunity. You can make this trip hiking or riding Horses trouhg the coffe and coconuts paths. After visiting El limon Waterfalls we will drive to Samana City center pier and take a Boat to Cayo Levantado also name as Bacardi Island. There we will have buffet lunch and afternoon swimming in Cayo Levantado beach with options to snorkeling on the corals reefs.<\/p>\n<p>After this experience, you will get Back to our meeting point from where we pick you up.<\/p>\n<ul>\n<li style=\"font-weight: 400;\">Naknade uklju\u010dene<\/li>\n<li>Ru\u010dak<\/li>\n<li>grickalice<\/li>\n<li style=\"font-weight: 400;\">Lokalni turisti\u010dki vodi\u010d na engleskom ili francuskom jeziku<\/li>\n<li>Prijevoz<\/li>\n<li>Put brodom<\/li>\n<\/ul>\n<p>&nbsp;<\/p>\n<h4><b>Uklju\u010divanja i isklju\u010denja<\/b><\/h4>\n<p>&nbsp;<\/p>\n<p><b>Uklju\u010divanja<\/b><\/p>\n<ol>\n<li style=\"font-weight: 400;\">El Limon Waterfalls Hiking or horses riding<\/li>\n<li>Ru\u010dak<\/li>\n<li style=\"font-weight: 400;\"><span style=\"font-weight: 400;\">Svi porezi, naknade i manipulativni tro\u0161kovi<\/span><\/li>\n<li style=\"font-weight: 400;\"><span style=\"font-weight: 400;\">Lokalni porezi<\/span><\/li>\n<li style=\"font-weight: 400;\"><span style=\"font-weight: 400;\">Pi\u0107a<\/span><\/li>\n<li>grickalice<\/li>\n<li style=\"font-weight: 400;\"><span style=\"font-weight: 400;\">Sve aktivnosti<\/span><\/li>\n<li style=\"font-weight: 400;\"><span style=\"font-weight: 400;\">Lokalni vodi\u010d<\/span><\/li>\n<\/ol>\n<p><b> Isklju\u010divanja<\/b><\/p>\n<ol>\n<li style=\"font-weight: 400;\"><span style=\"font-weight: 400;\">Napojnice<\/span><\/li>\n<li style=\"font-weight: 400;\"><span style=\"font-weight: 400;\">Alkoholna pi\u0107a<\/span><\/li>\n<\/ol>\n<p>&nbsp;<\/p>\n<h4><em><strong>Polazak &amp; Povratak<\/strong><\/em><\/h4>\n<p><span style=\"font-weight: 400;\">Putnik \u0107e dobiti mjesto sastanka nakon procesa rezervacije. Ture po\u010dinju i zavr\u0161avaju na va\u0161im sastajali\u0161tima.<\/span><\/p>\n<h4><\/h4>\n<h3 class=\"LC20lb\">El Lim\u00f3n Waterfall + Cayo Levantado &#8211; Excursiones in Saman\u00e1<\/h3>\n<h4><b><i>\u0160to o\u010dekivati?<\/i><\/b><\/h4>\n<p><em><strong>Nabavite svoje ulaznice<\/strong><\/em> for visiting El limon Waterfalls plus Cayo Levantado island. Full Day Trip. Starting from Saman\u00e1 with transportation to El limon waterfalls<\/p>\n<p>Excursion, organized by \u00abBooking Adventures\u00bb starts at the meeting point set with the Tour Guide. Come with Booking Adventures in Private trips to El Limon waterfalls with a local tour guide. Horse riding or hinking trip by the Forest going around the edge of the Lemon River, visiting cacao and Coffe plantations under the Coconuts shadows palms trees. First, stop in the Small waterfall where usually there are not many people and you can swim around. After we continue to the big waterfall where we will stay for an hour or more if you want to.<\/p>\n<p>Getting horses or hiking back to the car and driving back to Samana port. Getting onboard to Visit Bacardi island, Becouse Frite fish with Tostones and Salad are waiting for us to have a taste lunch or you can get other options like lobters in the menu with extra charges.<\/p>\n<p>Feel free to Swimming on one of the most beutifull beaches of The Dominican Republic. And set time to finish with our tour Guide.<\/p>\n<p>&nbsp;<\/p>\n<h4><em><strong>\u0160to trebate ponijeti?<\/strong><\/em><\/h4>\n<ul>\n<li style=\"font-weight: 400;\"><span style=\"font-weight: 400;\">fotoaparat<\/span><\/li>\n<li style=\"font-weight: 400;\"><span style=\"font-weight: 400;\">Repelentni pupoljci<\/span><\/li>\n<li style=\"font-weight: 400;\"><span style=\"font-weight: 400;\">krema za sun\u010danje<\/span><\/li>\n<li style=\"font-weight: 400;\"><span style=\"font-weight: 400;\">\u0160e\u0161ir<\/span><\/li>\n<li style=\"font-weight: 400;\"><span style=\"font-weight: 400;\">Udobne hla\u010de<\/span><\/li>\n<li style=\"font-weight: 400;\"><span style=\"font-weight: 400;\">Planinarske cipele za \u0161umu<\/span><\/li>\n<li style=\"font-weight: 400;\"><span style=\"font-weight: 400;\">Sandale za proljetna podru\u010dja.<\/span><\/li>\n<li style=\"font-weight: 400;\"><span style=\"font-weight: 400;\">Odje\u0107a za kupanje<\/span><\/li>\n<\/ul>\n<p>&nbsp;<\/p>\n<h4><b><i>Preuzimanje iz hotela <\/i><\/b><\/h4>\n<p><span style=\"font-weight: 400;\">Prijevoz iz hotela nije ponu\u0111en za ovaj izlet. <\/span><\/p>\n<p>&nbsp;<\/p>\n<p><b>Bilje\u0161ka:<\/b><span style=\"font-weight: 400;\"> Ako ste rezervirali unutar 24 sata od vremena polaska putovanja\/izleta, mo\u017eemo organizirati prijevoz iz hotela uz dodatne naknade. Nakon \u0161to je va\u0161a kupnja dovr\u0161ena, poslat \u0107emo vam potpune podatke za kontakt (telefonski broj, adresu e-po\u0161te, itd.) za na\u0161eg lokalnog vodi\u010da kako bismo organizirali preuzimanje.<\/span><\/p>\n<h4><b><i>Potvrda dodatnih informacija <\/i><\/b><\/h4>\n<ol>\n<li>Ulaznice su ra\u010dun nakon pla\u0107anja ovog putovanja. Uplatu mo\u017eete prikazati na svom telefonu.<\/li>\n<li style=\"font-weight: 400;\"><span style=\"font-weight: 400;\">Mjesto sastanka bit \u0107e primljeno nakon procesa rezervacije.<\/span><\/li>\n<li style=\"font-weight: 400;\"><span style=\"font-weight: 400;\">Djeca moraju biti u pratnji odrasle osobe.<\/span><\/li>\n<li style=\"font-weight: 400;\"><span style=\"font-weight: 400;\"> Nije pristupa\u010dno za invalidska kolica <\/span><\/li>\n<li style=\"font-weight: 400;\"><span style=\"font-weight: 400;\">Dojen\u010dad moraju sjediti u krilu <\/span><\/li>\n<li style=\"font-weight: 400;\"><span style=\"font-weight: 400;\">Ne preporu\u010duje se putnicima koji imaju problema s le\u0111ima<\/span><\/li>\n<li style=\"font-weight: 400;\"><span style=\"font-weight: 400;\">Ne preporu\u010duje se trudnicama koje putuju <\/span><\/li>\n<li style=\"font-weight: 400;\"><span style=\"font-weight: 400;\"> Nema problema sa srcem ili drugih ozbiljnih zdravstvenih stanja <\/span><\/li>\n<li style=\"font-weight: 400;\"><span style=\"font-weight: 400;\">Ve\u0107ina putnika mo\u017ee sudjelovati<\/span><\/li>\n<\/ol>\n<h4><b><i>Politika otkazivanja<\/i><\/b><\/h4>\n<p><span style=\"font-weight: 400;\">Za puni povrat novca otka\u017eite najmanje 24 sata prije datuma po\u010detka iskustva. Sredstva \u0107e biti izgubljena ako se rezervacija otka\u017ee isti dan putovanja.<\/span><\/p>\n\n\t\t<\/div>\n\t<\/div>\n<\/div><\/div><\/div><\/div><div class=\"vc_row wpb_row vc_row-fluid\" ><div class=\"wpb_column vc_column_container vc_col-sm-12\"><div class=\"vc_column-inner\"><div class=\"wpb_wrapper\">\n\t<div class=\"wpb_video_widget wpb_content_element vc_clearfix   vc_video-aspect-ratio-169 vc_video-el-width-100 vc_video-align-left\" >\n\t\t<div class=\"wpb_wrapper\">\n\t\t\t\n\t\t\t<div class=\"wpb_video_wrapper\"><a href=\"https:\/\/www.youtube.com\/watch?v=oWlwxZLQnVU\" target=\"_blank\" rel=\"noopener\">https:\/\/www.youtube.com\/watch?v=oWlwxZLQnVU<\/a><\/div>\n\t\t<\/div>\n\t<\/div>\n<\/div><\/div><\/div><\/div><div class=\"vc_row wpb_row vc_row-fluid\" ><div class=\"wpb_column vc_column_container vc_col-sm-12\"><div class=\"vc_column-inner\"><div class=\"wpb_wrapper\"><div class=\"vc_empty_space\"   style=\"height: 32px\"><span class=\"vc_empty_space_inner\"><\/span><\/div>\n\t<div class=\"wpb_text_column wpb_content_element\" >\n\t\t<div class=\"wpb_wrapper\">\n\t\t\t<h4>Kontaktirajte nas?<\/h4>\n<h5>Booking Adventures<\/h5>\n<p><em><strong>Mje\u0161tani<\/strong>\u00a0i\u00a0<strong>Dr\u017eavljani<\/strong>\u00a0Turisti\u010dki vodi\u010di i usluge za goste<\/em><\/p>\n<p><span class=\"text-turquoise\">Rezervacije:<\/span>\u00a0Ture i izleti u Domu Rep.<\/p>\n<p><img decoding=\"async\" class=\"emoji\" draggable=\"false\" src=\"https:\/\/s.w.org\/images\/core\/emoji\/11.2.0\/svg\/1f4de.svg\" alt=\"\ud83d\udcde\" \/>\u00a0Tel\/Whatsapp\u00a0\u00a0<a href=\"tel:+1-809-720-6035\">+1-809-720-6035<\/a>.<\/p>\n<p><img decoding=\"async\" class=\"emoji\" draggable=\"false\" src=\"https:\/\/s.w.org\/images\/core\/emoji\/11.2.0\/svg\/1f4e9.svg\" alt=\"\ud83d\udce9\" \/>\u00a0<a href=\"mailto:info@bookingadventures.com.do\">info@bookingadventures.com.do<\/a><\/p>\n<p><strong>Mi smo fleksibilni i postavljamo privatne obilaske putem Whatsappa:\u00a0<a href=\"tel:+18097206035\">+18097206035.<\/a><\/strong><\/p>\n\n\t\t<\/div>\n\t<\/div>\n<div class=\"vc_empty_space\"   style=\"height: 32px\"><span class=\"vc_empty_space_inner\"><\/span><\/div><\/div><\/div><\/div><\/div>","protected":false},"excerpt":{"rendered":"<p>Private Excursion to visit El Limon Waterfalls and Cayo Levantado ( Bacardi Island). Two activities in just one day, visiting with local tour Guide the beauty from the forest and the waterfalls from El Limon Comunity. You can make this trip hiking or riding Horses through the coffee and coconuts paths.<\/p>\n<p>After visiting El Limon Waterfalls we will drive to Samana City center pier and take a Boat to Cayo Levantado also name as Bacardi Island. There we will have buffet lunch and afternoon swimming in Cayo Levantado beach with options to snorkeling on the coral&#8217;s reefs.<\/p>\n<p>&nbsp;<\/p>\n<p><strong>Odaberite datum obilaska:\u00a0<\/strong><\/p>","protected":false},"featured_media":265,"template":"","meta":[],"product_brand":[],"product_cat":[264,122,124],"product_tag":[139,163,265,140,225,266,267,268,142,148,143],"class_list":{"0":"post-11326","1":"product","2":"type-product","3":"status-publish","4":"has-post-thumbnail","6":"product_cat-salto-el-limon-and-bacardi-island","7":"product_cat-tours-and-excursions","8":"product_cat-tours-excursions-samana-bay-dominican-republic","9":"product_tag-cayo-levantado","10":"product_tag-cayo-levantado-tour","11":"product_tag-el-limon-tours","12":"product_tag-el-limon-waterfalls","13":"product_tag-las-terrenas","14":"product_tag-salto-el-limon","15":"product_tag-salto-el-limon-hiking","16":"product_tag-salto-el-limon-tour","17":"product_tag-samana","18":"product_tag-samana-excursions","19":"product_tag-samana-tours","21":"first","22":"instock","23":"sale","24":"sold-individually","25":"shipping-taxable","26":"product-type-external"},"_links":{"self":[{"href":"https:\/\/visitaloshaitises.com\/hr\/wp-json\/wp\/v2\/product\/11326","targetHints":{"allow":["GET"]}}],"collection":[{"href":"https:\/\/visitaloshaitises.com\/hr\/wp-json\/wp\/v2\/product"}],"about":[{"href":"https:\/\/visitaloshaitises.com\/hr\/wp-json\/wp\/v2\/types\/product"}],"wp:featuredmedia":[{"embeddable":true,"href":"https:\/\/visitaloshaitises.com\/hr\/wp-json\/wp\/v2\/media\/265"}],"wp:attachment":[{"href":"https:\/\/visitaloshaitises.com\/hr\/wp-json\/wp\/v2\/media?parent=11326"}],"wp:term":[{"taxonomy":"product_brand","embeddable":true,"href":"https:\/\/visitaloshaitises.com\/hr\/wp-json\/wp\/v2\/product_brand?post=11326"},{"taxonomy":"product_cat","embeddable":true,"href":"https:\/\/visitaloshaitises.com\/hr\/wp-json\/wp\/v2\/product_cat?post=11326"},{"taxonomy":"product_tag","embeddable":true,"href":"https:\/\/visitaloshaitises.com\/hr\/wp-json\/wp\/v2\/product_tag?post=11326"}],"curies":[{"name":"wp","href":"https:\/\/api.w.org\/{rel}","templated":true}]}}