{"id":11895,"date":"2023-11-20T10:47:47","date_gmt":"2023-11-20T10:47:47","guid":{"rendered":"https:\/\/haitises.com\/?page_id=11895"},"modified":"2023-11-20T10:59:11","modified_gmt":"2023-11-20T10:59:11","slug":"land-for-sale-in-samana-samana-land-for-sale","status":"publish","type":"page","link":"https:\/\/visitaloshaitises.com\/hr\/zemljiste-za-prodaju-u-samani-samana-zemljiste-za-prodaju\/","title":{"rendered":"zemlji\u0161te za prodaju u samani samana zemlji\u0161te za prodaju"},"content":{"rendered":"<details class=\"wp-block-details is-layout-flow wp-block-details-is-layout-flow\"><summary>Zemlji\u0161te na prodaju u Saman\u00e1 \u2013 zemlji\u0161te Samana na prodaju<br>Samana nekretnine<br>Zemlji\u0161te Samana na prodaju<br>ZEMLJI\u0160TA na prodaju u Saman\u00e1, Dominikanska Republika. Pogledajte fotografije i pojedinosti popisa Saman\u00e1, pozornost ulaga\u010dima, poduzetnicima zainteresiranim za DOMINIKANSKU REPUBLIKU.<br>Ako tra\u017eite zemlji\u0161te za kupnju u Samani. Moje ime je Misael Calcano. Imam nekoliko zemlji\u0161ta na prodaju od moje obitelji sa svim dokumentima. Legalno zemlji\u0161te ispred pla\u017ee i tako\u0111er s prekrasnim pogledom na ocean. Slobodno me kontaktirajte putem WhatsApp-a:\u00a0<a href=\"callto:+18097206035\">+1-809-720-6035<\/a>.<br><br>Investirajte u Samana<br>Za\u0161to ulagati u Samana Dominikanska Republika?<br>Saman\u00e1 je destinacija beskrajnih zlatnih pla\u017ea, tirkizne vode i kokosovih palmi koje se nji\u0161u u zelenom horizontu, karipskih ritmova, ruma i piva. Grad dragih ljudi i zaraznog humora, gdje je sve opu\u0161teno i mirno.<br>U Samani stres ne postoji, ljudi koji ovdje \u017eive u\u017eivaju u \u010de\u0161ljanju pla\u017ee i jelima pripremljenim od svje\u017eih plodova mora koje donose ribari na obalu pla\u017ee.<br>Ako je va\u0161 san oduvijek bio \u017eivjeti u raju, u Saman\u00e1 je nedavno izgra\u0111eno nekoliko projekata, neki u izgradnji, a neki ve\u0107 zavr\u0161eni, gdje mo\u017eete prona\u0107i svoj sljede\u0107i dom.<br>Prona\u0111ite nekretninu za prodaju u\u00a0<em>Samana<\/em>. Traziti\u00a0<em>nekretnina<\/em>\u00a0i prona\u0111ite najnovije popise za\u00a0<em>Samana<\/em>\u00a0Nekretnina na prodaju.<br><br>Samana parcele na prodaju<br><br><br>Slobodno me kontaktirajte putem WhatsApp-a:\u00a0<a href=\"callto:+18097206035\">+1-809-720-6035<\/a>.<br><br>Zemlji\u0161ta i farme Samana<br><br><br>Slobodno me kontaktirajte putem WhatsApp-a:\u00a0<a href=\"callto:+18097206035\">+1-809-720-6035<\/a>.<br><br>Parcele Samana s pogledom na ocean za prodaju nekretnina<br><br><br>Slobodno me kontaktirajte putem WhatsApp-a:\u00a0<a href=\"callto:+18097206035\">+1-809-720-6035<\/a>.<br><br>Prodaje se nekretnina ispred pla\u017ee Samana<br><br><br>Slobodno me kontaktirajte putem WhatsApp-a:\u00a0<a href=\"callto:+18097206035\">+1-809-720-6035<\/a>.<br><br><a class=\"\" href=\"https:\/\/www.tourwhales.com\/wp-content\/uploads\/2023\/01\/land-mark-5-1024x567.png\" target=\"_blank\" rel=\"noopener\"><\/a><br><a class=\"\" href=\"https:\/\/www.tourwhales.com\/wp-content\/uploads\/2023\/01\/land-mark-4-1024x545.png\" target=\"_blank\" rel=\"noopener\"><\/a><br><a class=\"\" href=\"https:\/\/www.tourwhales.com\/wp-content\/uploads\/2023\/01\/land-mark-3-1024x571.png\" target=\"_blank\" rel=\"noopener\"><\/a><br><a class=\"\" href=\"https:\/\/www.tourwhales.com\/wp-content\/uploads\/2023\/01\/land-mark-2-1024x540.png\" target=\"_blank\" rel=\"noopener\"><\/a><br><a class=\"\" href=\"https:\/\/www.tourwhales.com\/wp-content\/uploads\/2023\/01\/land-maark-1024x445.png\" target=\"_blank\" rel=\"noopener\"><\/a><br><a class=\"\" href=\"https:\/\/www.tourwhales.com\/wp-content\/uploads\/2023\/01\/beachlimon-lands--1024x608.png\" target=\"_blank\" rel=\"noopener\"><\/a><br><a class=\"\" href=\"https:\/\/www.tourwhales.com\/land-for-sale-in-samana-samana-land-for-sale#\" target=\"_blank\" rel=\"noopener\">1<\/a><br><a class=\"\" href=\"https:\/\/www.tourwhales.com\/land-for-sale-in-samana-samana-land-for-sale#\" target=\"_blank\" rel=\"noopener\">2<\/a><br><a href=\"https:\/\/www.tourwhales.com\/land-for-sale-in-samana-samana-land-for-sale#\" target=\"_blank\" rel=\"noopener\">3<\/a><br><a class=\"\" href=\"https:\/\/www.tourwhales.com\/land-for-sale-in-samana-samana-land-for-sale#\" target=\"_blank\" rel=\"noopener\">4<\/a><br><a class=\"\" href=\"https:\/\/www.tourwhales.com\/land-for-sale-in-samana-samana-land-for-sale#\" target=\"_blank\" rel=\"noopener\">5<\/a><br><a class=\"\" href=\"https:\/\/www.tourwhales.com\/land-for-sale-in-samana-samana-land-for-sale#\" target=\"_blank\" rel=\"noopener\">6<\/a><br><a href=\"https:\/\/www.tourwhales.com\/land-for-sale-in-samana-samana-land-for-sale#\" target=\"_blank\" rel=\"noopener\">Prethodno<\/a><br><a href=\"https:\/\/www.tourwhales.com\/land-for-sale-in-samana-samana-land-for-sale#\" target=\"_blank\" rel=\"noopener\">Sljede\u0107i<\/a><br><br><br>Slobodno me kontaktirajte putem WhatsApp-a:\u00a0<a href=\"callto:+18097206035\">+1-809-720-6035<\/a>.<\/summary>\n<p><\/p>\n<\/details>","protected":false},"excerpt":{"rendered":"Land for Sale in Saman\u00e1 \u2013 Samana land for SaleSamana Real EstateSamana Land for SaleLANDS for sale in Saman\u00e1, Dominican Republic. View photos and listing details of Saman\u00e1, Attention Investors, Land Developers interested in the DOMINICAN REPUBLIC.If you are looking [...]","protected":false},"author":1,"featured_media":0,"parent":0,"menu_order":0,"comment_status":"closed","ping_status":"closed","template":"","meta":{"footnotes":""},"class_list":["post-11895","page","type-page","status-publish","hentry"],"_links":{"self":[{"href":"https:\/\/visitaloshaitises.com\/hr\/wp-json\/wp\/v2\/pages\/11895","targetHints":{"allow":["GET"]}}],"collection":[{"href":"https:\/\/visitaloshaitises.com\/hr\/wp-json\/wp\/v2\/pages"}],"about":[{"href":"https:\/\/visitaloshaitises.com\/hr\/wp-json\/wp\/v2\/types\/page"}],"author":[{"embeddable":true,"href":"https:\/\/visitaloshaitises.com\/hr\/wp-json\/wp\/v2\/users\/1"}],"replies":[{"embeddable":true,"href":"https:\/\/visitaloshaitises.com\/hr\/wp-json\/wp\/v2\/comments?post=11895"}],"version-history":[{"count":2,"href":"https:\/\/visitaloshaitises.com\/hr\/wp-json\/wp\/v2\/pages\/11895\/revisions"}],"predecessor-version":[{"id":11899,"href":"https:\/\/visitaloshaitises.com\/hr\/wp-json\/wp\/v2\/pages\/11895\/revisions\/11899"}],"wp:attachment":[{"href":"https:\/\/visitaloshaitises.com\/hr\/wp-json\/wp\/v2\/media?parent=11895"}],"curies":[{"name":"wp","href":"https:\/\/api.w.org\/{rel}","templated":true}]}}