{"id":11304,"date":"2021-08-15T20:08:36","date_gmt":"2021-08-15T20:08:36","guid":{"rendered":"https:\/\/haitises.com\/?post_type=product&#038;p=11304"},"modified":"2024-04-09T17:21:46","modified_gmt":"2024-04-09T17:21:46","slug":"el-limon-waterfalls-bacardi-island-excursion-from-punta-cana-area-meeting-point-sabana-de-la-mar-2","status":"publish","type":"product","link":"https:\/\/visitaloshaitises.com\/hi\/private\/el-limon-waterfalls-bacardi-island-excursion-from-punta-cana-area-meeting-point-sabana-de-la-mar-2\/","title":{"rendered":"\u090f\u0932 \u0932\u093f\u092e\u094b\u0928 \u091d\u0930\u0928\u0947 \u0914\u0930 \u092c\u0915\u093e\u0930\u094d\u0921\u0940 \u0926\u094d\u0935\u0940\u092a - \u092a\u0941\u0902\u091f\u093e \u0915\u093e\u0928\u093e \u0915\u094d\u0937\u0947\u0924\u094d\u0930 \u0938\u0947 \u092d\u094d\u0930\u092e\u0923 (\u092c\u0948\u0920\u0915 \u092c\u093f\u0902\u0926\u0941 \u0938\u092c\u093e\u0928\u093e \u0921\u0947 \u0932\u093e \u092e\u093e\u0930\u094d\u091a)"},"content":{"rendered":"<div class=\"vc_row wpb_row vc_row-fluid\" ><div class=\"wpb_column vc_column_container vc_col-sm-12\"><div class=\"vc_column-inner\"><div class=\"wpb_wrapper\"><div class=\"mkdf-section-title-holder\" style=\"text-align: left\">\n\t<div class=\"mkdf-st-inner\">\n\t\t\t\t\t<h5 class=\"mkdf-st-subtitle\" >\n\t\t\t\t(Meeting point Sabana de la mar)\t\t\t<\/h5>\n\t\t\t\t\t\t\t<h3 class=\"mkdf-st-title\" >\n\t\t\t\tEl Limon Waterfalls &amp; Bacardi Island - Excursion from Punta Cana area\t\t\t<\/h3>\n\t\t\t\t\t<\/div>\n<\/div><\/div><\/div><\/div><\/div><div class=\"vc_row wpb_row vc_row-fluid\" ><div class=\"wpb_column vc_column_container vc_col-sm-12\"><div class=\"vc_column-inner\"><div class=\"wpb_wrapper\">\n\t<div class=\"wpb_text_column wpb_content_element\" >\n\t\t<div class=\"wpb_wrapper\">\n\t\t\t<h4><b><i>\u0905\u0935\u0932\u094b\u0915\u0928 <\/i><\/b><\/h4>\n<p>If you are in Punta Cana or Bavaro, Looking for a day trip paying less than normal. Just book this trip starting from Sabana de la Mar area. Visiting Samana community on Safari to arrive in El Lim\u00f3n Comunity, Horse riding or Hiking to the Waterfalls after crossing Samana Bay and Luch time at Bacardi Island. This trip Starts at 9: 00 am and finish at 4:30 pm.<\/p>\n<p>After this experience, you will get Back to Sabana de la Mar port.<\/p>\n<ul>\n<li style=\"font-weight: 400;\">\u092b\u0940\u0938 \u0936\u093e\u092e\u093f\u0932 \u0939\u0948<\/li>\n<li>\u0938\u092e\u0941\u0926\u094d\u0930 \u0924\u091f \u092a\u0930 \u0926\u094b\u092a\u0939\u0930 \u0915\u093e \u092d\u094b\u091c\u0928 \u0936\u093e\u092e\u093f\u0932 \u0939\u0948<\/li>\n<li style=\"font-weight: 400;\"><span style=\"font-weight: 400;\">\u0917\u093e\u0907\u0921 \u0928\u093f\u0930\u094d\u0926\u0947\u0936 \u0914\u0930 \u092a\u0930\u094d\u092f\u0935\u0947\u0915\u094d\u0937\u0923 \u092a\u094d\u0930\u0926\u093e\u0928 \u0915\u0930\u0924\u093e \u0939\u0948<\/span><\/li>\n<\/ul>\n<p>&nbsp;<\/p>\n<h4><b>\u0938\u092e\u093e\u0935\u0947\u0936\u0928 \u090f\u0935\u0902 \u092c\u0939\u093f\u0937\u094d\u0915\u0930\u0923<\/b><\/h4>\n<p>&nbsp;<\/p>\n<p><b>\u0938\u092e\u093e\u0935\u0947\u0936\u0928<\/b><\/p>\n<ol>\n<li style=\"font-weight: 400;\">\u0938\u092e\u093e\u0928\u093e \u0916\u093e\u0921\u093c\u0940<\/li>\n<li>\u092c\u0915\u093e\u0930\u094d\u0921\u0940 \u0926\u094d\u0935\u0940\u092a, \u0938\u092e\u0941\u0926\u094d\u0930 \u0924\u091f \u0914\u0930 \u0926\u094b\u092a\u0939\u0930 \u0915\u093e \u092d\u094b\u091c\u0928<\/li>\n<li>\u090f\u0932 \u0932\u093f\u092e\u094b\u0928 \u0915\u0947 \u0932\u093f\u090f \u0938\u092b\u093e\u0930\u0940<\/li>\n<li>\u0918\u0941\u0921\u093c\u0938\u0935\u093e\u0930\u0940 \u092f\u093e \u091d\u0930\u0928\u094b\u0902 \u0924\u0915 \u092a\u0948\u0926\u0932 \u092f\u093e\u0924\u094d\u0930\u093e<\/li>\n<li>\u0921\u094b\u092e\u093f\u0928\u093f\u0915\u0928 \u0915\u0949\u0915\u091f\u0947\u0932<\/li>\n<li style=\"font-weight: 400;\"><span style=\"font-weight: 400;\">\u0938\u092d\u0940 \u0915\u0930, \u0936\u0941\u0932\u094d\u0915 \u0914\u0930 \u0939\u0948\u0902\u0921\u0932\u093f\u0902\u0917 \u0936\u0941\u0932\u094d\u0915<\/span><\/li>\n<li style=\"font-weight: 400;\"><span style=\"font-weight: 400;\">\u0938\u094d\u0925\u093e\u0928\u0940\u092f \u0915\u0930<\/span><\/li>\n<li style=\"font-weight: 400;\"><span style=\"font-weight: 400;\">\u092a\u0947\u092f<\/span><\/li>\n<li style=\"font-weight: 400;\"><span style=\"font-weight: 400;\">\u0938\u092d\u0940 \u0917\u0924\u093f\u0935\u093f\u0927\u093f\u092f\u093e\u0902<\/span><\/li>\n<li style=\"font-weight: 400;\"><span style=\"font-weight: 400;\">\u0938\u094d\u0925\u093e\u0928\u0940\u092f \u0917\u093e\u0907\u0921<\/span><\/li>\n<\/ol>\n<p><b> \u092c\u0939\u093f\u0937\u094d\u0915\u093e\u0930<\/b><\/p>\n<ol>\n<li style=\"font-weight: 400;\"><span style=\"font-weight: 400;\">\u0909\u092a\u0926\u093e\u0928<\/span><\/li>\n<li style=\"font-weight: 400;\"><span style=\"font-weight: 400;\">Transfers from Punta Cana not included<\/span><\/li>\n<li style=\"font-weight: 400;\"><span style=\"font-weight: 400;\">\u0915\u0949\u0915\u091f\u0947\u0932 \u0915\u0947 \u092c\u093e\u0926 \u092e\u093e\u0926\u0915 \u092a\u0947\u092f\u00a0<\/span><\/li>\n<\/ol>\n<p>&nbsp;<\/p>\n<h4><em><strong>\u092a\u094d\u0930\u0938\u094d\u0925\u093e\u0928 \u090f\u0935\u0902 \u0935\u093e\u092a\u0938\u0940<\/strong><\/em><\/h4>\n<p><span style=\"font-weight: 400;\">\u0906\u0930\u0915\u094d\u0937\u0923 \u092a\u094d\u0930\u0915\u094d\u0930\u093f\u092f\u093e \u0915\u0947 \u092c\u093e\u0926 \u092f\u093e\u0924\u094d\u0930\u0940 \u0915\u094b \u090f\u0915 \u092e\u0940\u091f\u093f\u0902\u0917 \u092a\u0949\u0907\u0902\u091f \u092e\u093f\u0932\u0947\u0917\u093e\u0964 \u0926\u094c\u0930\u0947 \u0939\u092e\u093e\u0930\u0947 \u092c\u0948\u0920\u0915 \u092c\u093f\u0902\u0926\u0941\u0913\u0902 \u092a\u0930 \u0936\u0941\u0930\u0942 \u0914\u0930 \u0938\u092e\u093e\u092a\u094d\u0924 \u0939\u094b\u0924\u0947 \u0939\u0948\u0902\u0964<\/span><\/p>\n<p>&nbsp;<\/p>\n<h4><b><i>\u0915\u094d\u092f\u093e \u0909\u092e\u094d\u092e\u0940\u0926 \u0915\u0930\u0947\u0902?<\/i><\/b><\/h4>\n<p>&nbsp;<\/p>\n<p><em><strong>\u0905\u092a\u0928\u0947 \u091f\u093f\u0915\u091f \u092a\u094d\u0930\u093e\u092a\u094d\u0924 \u0915\u0930\u0947\u0902<\/strong><\/em> \u0918\u0941\u0921\u093c\u0938\u0935\u093e\u0930\u0940 \u092f\u093e \u0932\u0902\u092c\u0940 \u092a\u0948\u0926\u0932 \u092f\u093e\u0924\u094d\u0930\u093e, \u0938\u092b\u093e\u0930\u0940 \u0938\u092e\u093e\u0928\u093e, \u091d\u0930\u0928\u0947 \u0915\u0947 \u092a\u094d\u0930\u093e\u0915\u0943\u0924\u093f\u0915 \u091d\u0930\u0928\u094b\u0902 \u092e\u0947\u0902 \u0924\u0948\u0930\u0928\u093e, \u092c\u0915\u093e\u0930\u094d\u0921\u0940 \u0926\u094d\u0935\u0940\u092a \u092a\u0930 \u0926\u094b\u092a\u0939\u0930 \u0915\u093e \u092d\u094b\u091c\u0928 \u0914\u0930 \u0938\u092e\u0941\u0926\u094d\u0930 \u0924\u091f \u0915\u0947 \u0938\u092e\u092f \u0915\u0947 \u0938\u093e\u0925 \u091d\u0930\u0928\u0947 \u0915\u093e \u0926\u094c\u0930\u093e \u0915\u0930\u0928\u0947 \u0915\u0947 \u0932\u093f\u090f\u0964<\/p>\n<p>Starting from Sabana de la Mar ports onboard of a Boat or Catamaran with a Local tour guide we pass Saman\u00e1 Bay to Saman\u00e1 community. Taking a Safari with a local tour guide to talk about Saman\u00e1 history until arrive in El Limon Comunity. In El Lim\u00f3n Comunity we start hiking or Horse riding by El Limon waterfalls forest to the El Lim\u00f3n Waterfalls. Where when we arrive we can swim!\u00a0 After back to Safari to go to Samana port. Visit Bacardi island for lunch on the beach and swimming in one of the most beautiful islands from the Dominican Republic.<\/p>\n<p>In Case you will like this trip longer or Shorter we have these options:<\/p>\n<ol>\n<li><a href=\"https:\/\/www.ticketswhales.com\/tour\/los-haitises-national-park-tour-from-samana-port\/\" target=\"_blank\" rel=\"noopener\">\u0938\u092e\u093e\u0928\u093e \u092c\u0902\u0926\u0930\u0917\u093e\u0939 \u0938\u0947 \u0932\u0949\u0938 \u0939\u0947\u0907\u091f\u093f\u0938\u0947\u0938 + \u0915\u0947\u092f\u094b \u0932\u0947\u0935\u0902\u0924\u093e\u0921\u094b\u0964<\/a><\/li>\n<li><a href=\"https:\/\/www.ticketswhales.com\/tour\/los-haitises-national-park-lunch-at-cano-hondo-from-samana-port\/\" target=\"_blank\" rel=\"noopener\">\u0938\u092e\u093e\u0928\u093e \u092c\u0902\u0926\u0930\u0917\u093e\u0939 \u0938\u0947 \u0932\u0949\u0938 \u0939\u0947\u0907\u091f\u093f\u0938\u0947\u0938 + \u0915\u0948\u0928\u094b \u0939\u094b\u0902\u0921\u094b\u0964<\/a><\/li>\n<\/ol>\n<p>&nbsp;<\/p>\n<h4><em><strong>\u0906\u092a\u0915\u094b \u0915\u094d\u092f\u093e \u0932\u093e\u0928\u093e \u091a\u093e\u0939\u093f\u090f?<\/strong><\/em><\/h4>\n<ul>\n<li style=\"font-weight: 400;\"><span style=\"font-weight: 400;\">\u0915\u0948\u092e\u0930\u093e<\/span><\/li>\n<li style=\"font-weight: 400;\"><span style=\"font-weight: 400;\">\u0935\u093f\u0915\u0930\u094d\u0937\u0915 \u0915\u0932\u093f\u092f\u093e\u0901<\/span><\/li>\n<li style=\"font-weight: 400;\"><span style=\"font-weight: 400;\">\u0938\u0928 \u0915\u094d\u0930\u0940\u092e<\/span><\/li>\n<li style=\"font-weight: 400;\"><span style=\"font-weight: 400;\">\u091f\u094b\u092a\u0940<\/span><\/li>\n<li style=\"font-weight: 400;\"><span style=\"font-weight: 400;\">\u0906\u0930\u093e\u092e\u0926\u093e\u092f\u0915 \u092a\u0948\u0902\u091f<\/span><\/li>\n<li style=\"font-weight: 400;\"><span style=\"font-weight: 400;\">\u091c\u0902\u0917\u0932 \u0915\u0947 \u0932\u093f\u090f \u0932\u0902\u092c\u0940 \u092a\u0948\u0926\u0932 \u092f\u093e\u0924\u094d\u0930\u093e \u0915\u0947 \u091c\u0942\u0924\u0947<\/span><\/li>\n<li style=\"font-weight: 400;\"><span style=\"font-weight: 400;\">\u0935\u0938\u0902\u0924 \u0915\u094d\u0937\u0947\u0924\u094d\u0930\u094b\u0902 \u0915\u0947 \u0932\u093f\u090f \u0938\u0948\u0902\u0921\u0932.<\/span><\/li>\n<li style=\"font-weight: 400;\"><span style=\"font-weight: 400;\">\u0924\u0948\u0930\u093e\u0915\u0940 \u092a\u0930\u093f\u0927\u093e\u0928<\/span><\/li>\n<\/ul>\n<p>&nbsp;<\/p>\n<h4><b><i>\u0939\u094b\u091f\u0932 \u092a\u093f\u0915\u0905\u092a <\/i><\/b><\/h4>\n<p><span style=\"font-weight: 400;\">Hotel pick-up is not offered for this tour. But if you contact us we can talk about it.<\/span><\/p>\n<p>&nbsp;<\/p>\n<p><b>\u091f\u093f\u092a\u094d\u092a\u0923\u0940:<\/b><span style=\"font-weight: 400;\"> \u092f\u0926\u093f \u0906\u092a\u0928\u0947 \u091f\u0942\u0930\/\u092d\u094d\u0930\u092e\u0923 \u092a\u094d\u0930\u0938\u094d\u0925\u093e\u0928 \u0938\u092e\u092f \u0915\u0947 24 \u0918\u0902\u091f\u094b\u0902 \u0915\u0947 \u092d\u0940\u0924\u0930 \u092c\u0941\u0915 \u0915\u093f\u092f\u093e \u0939\u0948, \u0924\u094b \u0939\u092e \u0905\u0924\u093f\u0930\u093f\u0915\u094d\u0924 \u0936\u0941\u0932\u094d\u0915 \u0915\u0947 \u0938\u093e\u0925 \u0939\u094b\u091f\u0932 \u092a\u093f\u0915-\u0905\u092a \u0915\u0940 \u0935\u094d\u092f\u0935\u0938\u094d\u0925\u093e \u0915\u0930 \u0938\u0915\u0924\u0947 \u0939\u0948\u0902\u0964 \u090f\u0915 \u092c\u093e\u0930 \u0906\u092a\u0915\u0940 \u0916\u0930\u0940\u0926\u093e\u0930\u0940 \u092a\u0942\u0930\u0940 \u0939\u094b \u091c\u093e\u0928\u0947 \u092a\u0930, \u0939\u092e \u0906\u092a\u0915\u094b \u092a\u093f\u0915-\u0905\u092a \u0935\u094d\u092f\u0935\u0938\u094d\u0925\u093e \u0935\u094d\u092f\u0935\u0938\u094d\u0925\u093f\u0924 \u0915\u0930\u0928\u0947 \u0915\u0947 \u0932\u093f\u090f \u0939\u092e\u093e\u0930\u0947 \u0938\u094d\u0925\u093e\u0928\u0940\u092f \u091f\u0942\u0930 \u0917\u093e\u0907\u0921 \u0915\u0947 \u0932\u093f\u090f \u092a\u0942\u0930\u0940 \u0938\u0902\u092a\u0930\u094d\u0915 \u091c\u093e\u0928\u0915\u093e\u0930\u0940 (\u092b\u094b\u0928 \u0928\u0902\u092c\u0930, \u0908\u092e\u0947\u0932 \u092a\u0924\u093e, \u0906\u0926\u093f) \u092d\u0947\u091c\u0947\u0902\u0917\u0947\u0964<\/span><\/p>\n<h4><b><i>\u0905\u0924\u093f\u0930\u093f\u0915\u094d\u0924 \u091c\u093e\u0928\u0915\u093e\u0930\u0940 \u092a\u0941\u0937\u094d\u091f\u093f\u0915\u0930\u0923 <\/i><\/b><\/h4>\n<ol>\n<li>\u091f\u093f\u0915\u091f \u0907\u0938 \u091f\u0942\u0930 \u0915\u093e \u092d\u0941\u0917\u0924\u093e\u0928 \u0915\u0930\u0928\u0947 \u0915\u0947 \u092c\u093e\u0926 \u0915\u0940 \u0930\u0938\u0940\u0926 \u0939\u0948\u0964 \u0906\u092a \u092d\u0941\u0917\u0924\u093e\u0928 \u0915\u094b \u0905\u092a\u0928\u0947 \u092b\u093c\u094b\u0928 \u092a\u0930 \u0926\u093f\u0916\u093e \u0938\u0915\u0924\u0947 \u0939\u0948\u0902.<\/li>\n<li style=\"font-weight: 400;\"><span style=\"font-weight: 400;\">\u0906\u0930\u0915\u094d\u0937\u0923 \u092a\u094d\u0930\u0915\u094d\u0930\u093f\u092f\u093e \u0915\u0947 \u092c\u093e\u0926 \u092e\u0940\u091f\u093f\u0902\u0917 \u092a\u094d\u0935\u093e\u0907\u0902\u091f \u092a\u094d\u0930\u093e\u092a\u094d\u0924 \u0939\u094b\u0917\u093e\u0964<\/span><\/li>\n<li style=\"font-weight: 400;\"><span style=\"font-weight: 400;\">\u092c\u091a\u094d\u091a\u094b\u0902 \u0915\u0947 \u0938\u093e\u0925 \u0915\u093f\u0938\u0940 \u0935\u094d\u092f\u0938\u094d\u0915 \u0915\u094b \u0939\u094b\u0928\u093e \u091a\u093e\u0939\u093f\u090f\u0964<\/span><\/li>\n<li style=\"font-weight: 400;\"><span style=\"font-weight: 400;\"> \u0935\u094d\u0939\u0940\u0932\u091a\u0947\u092f\u0930 \u0938\u0947 \u092a\u0939\u0941\u0901\u091a\u093e \u0928\u0939\u0940\u0902 \u091c\u093e \u0938\u0915\u0924\u093e <\/span><\/li>\n<li style=\"font-weight: 400;\"><span style=\"font-weight: 400;\">\u0936\u093f\u0936\u0941\u0913\u0902 \u0915\u094b \u0917\u094b\u0926 \u092e\u0947\u0902 \u092c\u093f\u0920\u093e\u0928\u093e \u091a\u093e\u0939\u093f\u090f <\/span><\/li>\n<li style=\"font-weight: 400;\"><span style=\"font-weight: 400;\">\u092a\u0940\u0920 \u0915\u0940 \u0938\u092e\u0938\u094d\u092f\u093e\u0913\u0902 \u0935\u093e\u0932\u0947 \u092f\u093e\u0924\u094d\u0930\u093f\u092f\u094b\u0902 \u0915\u0947 \u0932\u093f\u090f \u0905\u0928\u0941\u0936\u0902\u0938\u093f\u0924 \u0928\u0939\u0940\u0902<\/span><\/li>\n<li style=\"font-weight: 400;\"><span style=\"font-weight: 400;\">\u0917\u0930\u094d\u092d\u0935\u0924\u0940 \u092f\u093e\u0924\u094d\u0930\u093f\u092f\u094b\u0902 \u0915\u0947 \u0932\u093f\u090f \u0905\u0928\u0941\u0936\u0902\u0938\u093f\u0924 \u0928\u0939\u0940\u0902 <\/span><\/li>\n<li style=\"font-weight: 400;\"><span style=\"font-weight: 400;\"> \u0939\u0943\u0926\u092f \u0938\u0902\u092c\u0902\u0927\u0940 \u0915\u094b\u0908 \u0938\u092e\u0938\u094d\u092f\u093e \u092f\u093e \u0905\u0928\u094d\u092f \u0917\u0902\u092d\u0940\u0930 \u091a\u093f\u0915\u093f\u0924\u094d\u0938\u0940\u092f \u0938\u094d\u0925\u093f\u0924\u093f\u092f\u093e\u0901 \u0928\u0939\u0940\u0902 <\/span><\/li>\n<li style=\"font-weight: 400;\"><span style=\"font-weight: 400;\">\u0905\u0927\u093f\u0915\u093e\u0902\u0936 \u092f\u093e\u0924\u094d\u0930\u0940 \u092d\u093e\u0917 \u0932\u0947 \u0938\u0915\u0924\u0947 \u0939\u0948\u0902<\/span><\/li>\n<\/ol>\n<h4><b><i>\u0930\u0926\u094d\u0926 \u0915\u0930\u0928\u0947 \u0915\u0940 \u0928\u0940\u0924\u093f<\/i><\/b><\/h4>\n<p><span style=\"font-weight: 400;\">\u092a\u0942\u0930\u094d\u0923 \u0927\u0928-\u0935\u093e\u092a\u0938\u0940 \u0915\u0947 \u0932\u093f\u090f, \u0905\u0928\u0941\u092d\u0935 \u0915\u0940 \u0906\u0930\u0902\u092d \u0924\u093f\u0925\u093f \u0938\u0947 \u0915\u092e \u0938\u0947 \u0915\u092e 24 \u0918\u0902\u091f\u0947 \u092a\u0939\u0932\u0947 \u0930\u0926\u094d\u0926 \u0915\u0930\u0947\u0902\u0964<\/span><\/p>\n\n\t\t<\/div>\n\t<\/div>\n<\/div><\/div><\/div><\/div><div class=\"vc_row wpb_row vc_row-fluid\" ><div class=\"wpb_column vc_column_container vc_col-sm-12\"><div class=\"vc_column-inner\"><div class=\"wpb_wrapper\"><div class=\"vc_empty_space\"   style=\"height: 32px\"><span class=\"vc_empty_space_inner\"><\/span><\/div>\n\t<div class=\"wpb_text_column wpb_content_element\" >\n\t\t<div class=\"wpb_wrapper\">\n\t\t\t<h4>\u0938\u0902\u092a\u0930\u094d\u0915 \u0915\u0930\u0947\u0902?<\/h4>\n<h5><em><strong>\u092c\u0941\u0915\u093f\u0902\u0917 \u090f\u0921\u0935\u0947\u0902\u091a\u0930\u094d\u0938<\/strong><\/em><\/h5>\n<p><em><strong>\u0938\u094d\u0925\u093e\u0928\u0940\u092f \u0932\u094b\u0917\u094b\u0902 \u0915\u093e<\/strong> \u0914\u0930 <strong>\u0928\u093e\u0917\u0930\u093f\u0915\u094b\u0902<\/strong> \u091f\u0942\u0930 \u0917\u093e\u0907\u0921 \u0914\u0930 \u0905\u0924\u093f\u0925\u093f \u0938\u0947\u0935\u093e\u090f\u0901<\/em><\/p>\n<p><span class=\"text-turquoise\">\u0906\u0930\u0915\u094d\u0937\u0923:<\/span> \u0921\u094b\u092e \u092a\u094d\u0930\u0924\u093f\u0928\u093f\u0927\u093f \u092e\u0947\u0902 \u092a\u0930\u094d\u092f\u091f\u0928 \u090f\u0935\u0902 \u092d\u094d\u0930\u092e\u0923\u0964<\/p>\n<p><img decoding=\"async\" class=\"emoji\" draggable=\"false\" src=\"https:\/\/s.w.org\/images\/core\/emoji\/11.2.0\/svg\/1f4de.svg\" alt=\"\ud83d\udcde\" \/> \u0926\u0942\u0930\u092d\u093e\u0937\/\u0935\u094d\u0939\u093e\u091f\u094d\u0938\u090f\u092a\u00a0 <a href=\"tel:+1-809-720-6035\">+1-809-720-6035<\/a>.<\/p>\n<p><img decoding=\"async\" class=\"emoji\" draggable=\"false\" src=\"https:\/\/s.w.org\/images\/core\/emoji\/11.2.0\/svg\/1f4e9.svg\" alt=\"\ud83d\udce9\" \/> <a href=\"mailto:info@bookingadventures.com.do\">info@bookingadventures.com.do<\/a><\/p>\n<p><strong>\u0939\u092e \u0935\u094d\u0939\u093e\u091f\u094d\u0938\u090f\u092a \u0926\u094d\u0935\u093e\u0930\u093e \u0928\u093f\u091c\u0940 \u091f\u0942\u0930 \u0915\u0940 \u0932\u091a\u0940\u0932\u0940 \u0938\u0947\u091f\u093f\u0902\u0917 \u0915\u0930 \u0930\u0939\u0947 \u0939\u0948\u0902: <a href=\"tel:+18097206035\">+18097206035.<\/a><\/strong><\/p>\n\n\t\t<\/div>\n\t<\/div>\n<div class=\"vc_empty_space\"   style=\"height: 32px\"><span class=\"vc_empty_space_inner\"><\/span><\/div><\/div><\/div><\/div><\/div>","protected":false},"excerpt":{"rendered":"<p><strong>\u0915\u0943\u092a\u092f\u093e \u0926\u094c\u0930\u0947 \u0915\u0947 \u0932\u093f\u090f \u0924\u093e\u0930\u0940\u0916 \u091a\u0941\u0928\u0947\u0902\u00a0<\/strong><\/p>","protected":false},"featured_media":94,"template":"","meta":[],"product_brand":[],"product_cat":[96,97,135,136,122,123,124],"product_tag":[137,138,139,140,141,114,142,143],"class_list":{"0":"post-11304","1":"product","2":"type-product","3":"status-publish","4":"has-post-thumbnail","6":"product_cat-hiking","7":"product_cat-horse-riding-to-waterfalls","8":"product_cat-lunch","9":"product_cat-safari-samana","10":"product_cat-tours-and-excursions","11":"product_cat-tours-excursions-los-haitises-national-park","12":"product_cat-tours-excursions-samana-bay-dominican-republic","13":"product_tag-bacardi-island","14":"product_tag-beach-time","15":"product_tag-cayo-levantado","16":"product_tag-el-limon-waterfalls","17":"product_tag-punta-cana","18":"product_tag-sabana-de-la-mar","19":"product_tag-samana","20":"product_tag-samana-tours","22":"first","23":"instock","24":"sale","25":"sold-individually","26":"shipping-taxable","27":"product-type-external"},"_links":{"self":[{"href":"https:\/\/visitaloshaitises.com\/hi\/wp-json\/wp\/v2\/product\/11304","targetHints":{"allow":["GET"]}}],"collection":[{"href":"https:\/\/visitaloshaitises.com\/hi\/wp-json\/wp\/v2\/product"}],"about":[{"href":"https:\/\/visitaloshaitises.com\/hi\/wp-json\/wp\/v2\/types\/product"}],"wp:featuredmedia":[{"embeddable":true,"href":"https:\/\/visitaloshaitises.com\/hi\/wp-json\/wp\/v2\/media\/94"}],"wp:attachment":[{"href":"https:\/\/visitaloshaitises.com\/hi\/wp-json\/wp\/v2\/media?parent=11304"}],"wp:term":[{"taxonomy":"product_brand","embeddable":true,"href":"https:\/\/visitaloshaitises.com\/hi\/wp-json\/wp\/v2\/product_brand?post=11304"},{"taxonomy":"product_cat","embeddable":true,"href":"https:\/\/visitaloshaitises.com\/hi\/wp-json\/wp\/v2\/product_cat?post=11304"},{"taxonomy":"product_tag","embeddable":true,"href":"https:\/\/visitaloshaitises.com\/hi\/wp-json\/wp\/v2\/product_tag?post=11304"}],"curies":[{"name":"wp","href":"https:\/\/api.w.org\/{rel}","templated":true}]}}