{"id":551,"date":"2020-06-19T20:10:32","date_gmt":"2020-06-19T20:10:32","guid":{"rendered":"https:\/\/haitises.com\/?post_type=product&#038;p=551"},"modified":"2023-10-14T21:50:12","modified_gmt":"2023-10-14T21:50:12","slug":"excursion-al-los-haitises-y-cano-hondo-desde-samana","status":"publish","type":"product","link":"https:\/\/visitaloshaitises.com\/he\/private\/\u05d8\u05d9\u05d5\u05dc-\u05dc\u05dc\u05d5\u05e1-\u05d4\u05d0\u05d9\u05d8\u05d9\u05e1\u05e1-\u05d5\u05e7\u05d0\u05e0\u05d5-\u05d4\u05d5\u05e0\u05d3\u05d5-\u05de\u05e1\u05de\u05e0\u05d4\/","title":{"rendered":"\u05d8\u05d9\u05d5\u05dc \u05d0\u05dc Los Haitises \u05d5-Ca\u00f1o Hondo \u05de\u05e1\u05de\u05e0\u05d4"},"content":{"rendered":"<div class=\"vc_row wpb_row vc_row-fluid\" ><div class=\"wpb_column vc_column_container vc_col-sm-12\"><div class=\"vc_column-inner\"><div class=\"wpb_wrapper\"><div class=\"mkdf-section-title-holder\" style=\"text-align: left\">\n\t<div class=\"mkdf-st-inner\">\n\t\t\t\t\t<h5 class=\"mkdf-st-subtitle\" >\n\t\t\t\t\u05d0\u05e8\u05d5\u05d7\u05ea \u05e6\u05d4\u05e8\u05d9\u05d9\u05dd \u05d5\u05e9\u05d7\u05d9\u05d9\u05d4 \u05d1\u05d1\u05e8\u05d9\u05db\u05d5\u05ea \u05d8\u05d1\u05e2\u05d9\u05d5\u05ea\t\t\t<\/h5>\n\t\t\t\t\t\t\t<\/div>\n<\/div><\/div><\/div><\/div><\/div><div class=\"vc_row wpb_row vc_row-fluid\" ><div class=\"wpb_column vc_column_container vc_col-sm-12\"><div class=\"vc_column-inner\"><div class=\"wpb_wrapper\">\n\t<div class=\"wpb_text_column wpb_content_element\" >\n\t\t<div class=\"wpb_wrapper\">\n\t\t\t<h2>\u05d4\u05e4\u05d0\u05e8\u05e7 \u05d4\u05dc\u05d0\u05d5\u05de\u05d9 Los Haitises + \u05d0\u05e8\u05d5\u05d7\u05ea \u05e6\u05d4\u05e8\u05d9\u05d9\u05dd \u05d1\u05e7\u05d0\u05e0\u05d5 \u05d4\u05d5\u05e0\u05d3\u05d5 \u05de\u05e0\u05de\u05dc \u05e1\u05de\u05e0\u05d4.<\/h2>\n<h3><em>\u05ea\u05d9\u05d0\u05d5\u05e8<\/em><\/h3>\n<p>\u05d4\u05e4\u05d0\u05e8\u05e7 \u05d4\u05dc\u05d0\u05d5\u05de\u05d9 Los Haitises \u05de\u05ea\u05d7\u05d9\u05dc \u05de\u05e0\u05de\u05dc \u05e1\u05de\u05e0\u05d4 \u05d1\u05ea\u05d5\u05e1\u05e4\u05ea \u05d0\u05e8\u05d5\u05d7\u05ea \u05e6\u05d4\u05e8\u05d9\u05d9\u05dd \u05e0\u05e4\u05dc\u05d0\u05d4 \u05d5\u05e9\u05d7\u05d9\u05d9\u05d4 \u05d1\u05de\u05e2\u05d9\u05d9\u05e0\u05d5\u05ea \u05d8\u05d1\u05e2\u05d9\u05d9\u05dd \u05d1-Ca\u00f1o Hondo Ecolodge. \u05d1\u05d5\u05d0\u05d5 \u05d0\u05d9\u05ea\u05e0\u05d5 \u05d5\u05ea\u05d1\u05e7\u05e8\u05d5 \u05d1\u05e4\u05d0\u05e8\u05e7 \u05d4\u05dc\u05d0\u05d5\u05de\u05d9 \u05d4\u05d9\u05e4\u05d4 \u05d1\u05d9\u05d5\u05ea\u05e8 \u05d1\u05e8\u05e4\u05d5\u05d1\u05dc\u05d9\u05e7\u05d4 \u05d4\u05d3\u05d5\u05de\u05d9\u05e0\u05d9\u05e7\u05e0\u05d9\u05ea, \u05d1\u05d9\u05e7\u05d5\u05e8 \u05d1\u05de\u05e0\u05d2\u05e8\u05d5\u05d1\u05d9\u05dd, \u05de\u05e2\u05e8\u05d5\u05ea \u05d5\u05de\u05e4\u05e8\u05e5 \u05e1\u05df \u05dc\u05d5\u05e8\u05e0\u05e6\u05d5, \u05db\u05de\u05d5 \u05d2\u05dd \u05d7\u05e6\u05d9\u05d9\u05ea \u05de\u05e4\u05e8\u05e5 \u05e1\u05de\u05e0\u05d4 \u05d4\u05d9\u05e4\u05d4. \u05dc\u05d0\u05d7\u05e8 \u05d0\u05e8\u05d5\u05d7\u05ea \u05e6\u05d4\u05e8\u05d9\u05d9\u05dd \u05d1\u05e7\u05d0\u05e0\u05d5 \u05d4\u05d5\u05e0\u05d3\u05d5, \u05ea\u05d4\u05d9\u05d4 \u05dc\u05db\u05dd \u05d4\u05d6\u05d3\u05de\u05e0\u05d5\u05ea \u05dc\u05e9\u05d7\u05d5\u05ea \u05d1\u05d1\u05e8\u05d9\u05db\u05d5\u05ea \u05d4\u05d8\u05d1\u05e2\u05d9\u05d5\u05ea \u05dc\u05de\u05e1\u05e4\u05e8 \u05e9\u05e2\u05d5\u05ea \u05d5\u05dc\u05d0\u05d7\u05e8 \u05de\u05db\u05df \u05dc\u05d7\u05d6\u05d5\u05e8 \u05dc\u05e0\u05de\u05dc \u05e1\u05de\u05e0\u05d4.<\/p>\n<p>\u05dc\u05d0\u05d7\u05e8 \u05d4\u05d7\u05d5\u05d5\u05d9\u05d4 \u05d4\u05d6\u05d5, \u05ea\u05d7\u05d6\u05e8\u05d5 \u05dc\u05e0\u05de\u05dc \u05e1\u05de\u05e0\u05d4.<\/p>\n<ul>\n<li>\u05de\u05e1\u05d9\u05dd \u05db\u05dc\u05d5\u05dc\u05d9\u05dd<\/li>\n<li>\u05d4\u05de\u05d3\u05e8\u05d9\u05da \u05de\u05e1\u05e4\u05e7 \u05d4\u05d3\u05e8\u05db\u05d4 \u05d5\u05e4\u05d9\u05e7\u05d5\u05d7.<\/li>\n<\/ul>\n<h3>\u05d4\u05db\u05dc\u05dc\u05d5\u05ea \u05d5\u05d0\u05d9 \u05d4\u05db\u05dc\u05dc\u05d5\u05ea<\/h3>\n<h4>\u05ea\u05db\u05dc\u05d9\u05dc\u05d9\u05dd<\/h4>\n<ol>\n<li>\u05e1\u05d9\u05d5\u05e8 Los Haitises + \u05de\u05e2\u05e8\u05d5\u05ea \u05d5\u05e4\u05d9\u05e7\u05d8\u05d5\u05d2\u05e8\u05e4\u05d9\u05dd<\/li>\n<li>\u05d0\u05e8\u05d5\u05d7\u05ea \u05e6\u05d4\u05e8\u05d9\u05d9\u05dd \u05d1\u05e7\u05d0\u05e0\u05d5 \u05d4\u05d5\u05e0\u05d3\u05d5<\/li>\n<li>\u05e9\u05d7\u05d9\u05d9\u05d4 \u05d1\u05d1\u05e8\u05d9\u05db\u05d5\u05ea \u05d8\u05d1\u05e2\u05d9\u05d5\u05ea<\/li>\n<li>\u05db\u05dc \u05d4\u05de\u05e1\u05d9\u05dd, \u05d4\u05e2\u05de\u05dc\u05d5\u05ea \u05d5\u05d3\u05de\u05d9 \u05d4\u05d8\u05d9\u05e4\u05d5\u05dc.<\/li>\n<li>\u05de\u05d9\u05e1\u05d9\u05dd \u05de\u05e7\u05d5\u05de\u05d9\u05d9\u05dd<\/li>\n<li>\u05de\u05b7\u05e9\u05c1\u05e7\u05b8\u05d0\u05d5\u05b9\u05ea<\/li>\n<li>\u05db\u05dc \u05d4\u05e4\u05e2\u05d9\u05dc\u05d5\u05d9\u05d5\u05ea<\/li>\n<li>\u05de\u05d3\u05e8\u05d9\u05da \u05de\u05e7\u05d5\u05de\u05d9<\/li>\n<\/ol>\n<h4>\u05d0\u05d9 \u05d4\u05db\u05dc\u05dc\u05d5\u05ea<\/h4>\n<ol>\n<li>\u05d8\u05d9\u05e4\u05d9\u05dd<\/li>\n<li>\u05dc\u05b0\u05d4\u05b7\u05e2\u05b2\u05d1\u05b4\u05d9\u05e8<\/li>\n<li>\u05de\u05e9\u05e7\u05d0\u05d5\u05ea \u05d0\u05dc\u05db\u05d5\u05d4\u05d5\u05dc\u05d9\u05d9\u05dd<\/li>\n<\/ol>\n<h3><em>\u05d9\u05e6\u05d9\u05d0\u05d4 \u05d5\u05d7\u05d6\u05e8\u05d4<\/em><\/h3>\n<p>\u05d4\u05e0\u05d5\u05e1\u05e2 \u05d9\u05e7\u05d1\u05dc \u05e0\u05e7\u05d5\u05d3\u05ea \u05de\u05e4\u05d2\u05e9 \u05dc\u05d0\u05d7\u05e8 \u05ea\u05d4\u05dc\u05d9\u05da \u05d4\u05d4\u05d6\u05de\u05e0\u05d4. \u05d4\u05e1\u05d9\u05d5\u05e8\u05d9\u05dd \u05de\u05ea\u05d7\u05d9\u05dc\u05d9\u05dd \u05d5\u05de\u05e1\u05ea\u05d9\u05d9\u05de\u05d9\u05dd \u05d1\u05e0\u05e7\u05d5\u05d3\u05d5\u05ea \u05d4\u05de\u05e4\u05d2\u05e9 \u05e9\u05dc\u05e0\u05d5.<\/p>\n<h3><em>\u05dc\u05de\u05d4 \u05dc\u05e6\u05e4\u05d5\u05ea?<\/em><\/h3>\n<p>\u05e8\u05db\u05e9\u05d5 \u05db\u05e8\u05d8\u05d9\u05e1\u05d9\u05dd \u05dc\u05d1\u05d9\u05e7\u05d5\u05e8 \u05d1\u05e4\u05d0\u05e8\u05e7 \u05d4\u05dc\u05d0\u05d5\u05de\u05d9 \u05dc\u05d5\u05e1 \u05d4\u05d0\u05d9\u05d8\u05d9\u05e1\u05e1 \u05e2\u05dd \u05d0\u05e8\u05d5\u05d7\u05ea \u05e6\u05d4\u05e8\u05d9\u05d9\u05dd \u05e0\u05e4\u05dc\u05d0\u05d4 \u05d1\u05e7\u05d0\u05e0\u05d5 \u05d4\u05d5\u05e0\u05d3\u05d5 \u05d5\u05e9\u05d7\u05d9\u05d9\u05d4 \u05d1\u05d1\u05e8\u05d9\u05db\u05d5\u05ea \u05d4\u05d8\u05d1\u05e2\u05d9\u05d5\u05ea.<\/p>\n<p>\u05de\u05ea\u05d7\u05d9\u05dc\u05d9\u05dd \u05de\u05e0\u05de\u05dc \u05e1\u05de\u05e0\u05d4 \u05e2\u05dc \u05e1\u05d9\u05e4\u05d5\u05df \u05e1\u05d9\u05e8\u05d4 \u05d0\u05d5 \u05e7\u05d8\u05de\u05e8\u05df \u05e2\u05dd \u05de\u05d3\u05e8\u05d9\u05da \u05d8\u05d9\u05d5\u05dc\u05d9\u05dd \u05de\u05e7\u05d5\u05de\u05d9, \u05d0\u05e0\u05d5 \u05d7\u05d5\u05dc\u05e4\u05d9\u05dd \u05e2\u05dc \u05e4\u05e0\u05d9 \u05de\u05e4\u05e8\u05e5 \u05e1\u05de\u05e0\u05d4 \u05e9\u05dc\u05d9\u05d3 \u05e1\u05d1\u05e0\u05d4 \u05d3\u05d4 \u05dc\u05d4 \u05de\u05d0\u05e8 \u05dc\u05d1\u05d9\u05e7\u05d5\u05e8 \u05d1\u05d0\u05d7\u05d3 \u05d4\u05e4\u05d0\u05e8\u05e7\u05d9\u05dd \u05d4\u05dc\u05d0\u05d5\u05de\u05d9\u05d9\u05dd \u05d4\u05d9\u05e4\u05d9\u05dd \u05d1\u05e8\u05e4\u05d5\u05d1\u05dc\u05d9\u05e7\u05d4 \u05d4\u05d3\u05d5\u05de\u05d9\u05e0\u05d9\u05e7\u05e0\u05d9\u05ea.<\/p>\n<h5>\u05d4\u05e4\u05d0\u05e8\u05e7 \u05d4\u05dc\u05d0\u05d5\u05de\u05d9 \u05dc\u05d5\u05e1 \u05d4\u05d0\u05d9\u05d8\u05d9\u05e1\u05e1.<\/h5>\n<p>\u05d1\u05d9\u05e7\u05d5\u05e8 \u05d1\u05d0\u05d9 \u05e2\u05dd \u05e6\u05d9\u05e4\u05d5\u05e8\u05d9\u05dd \u05de\u05e1\u05d1\u05d9\u05d1. \u05d1\u05e2\u05d5\u05e0\u05ea \u05d4\u05e7\u05d9\u05e0\u05d5\u05df \u05e0\u05d9\u05ea\u05df \u05d0\u05e3 \u05dc\u05e8\u05d0\u05d5\u05ea \u05d1\u05e7\u05e0\u05d9\u05dd \u05d0\u05e4\u05e8\u05d5\u05d7\u05d9 \u05e9\u05e7\u05e0\u05d0\u05d9\u05dd. \u05d4\u05d9\u05db\u05e0\u05e1\u05d5 \u05e2\u05de\u05d5\u05e7 \u05d9\u05d5\u05ea\u05e8 \u05dc\u05ea\u05d5\u05da \u05d4\u05d0\u05d9\u05d9\u05dd \u05d4\u05e1\u05dc\u05e2\u05d9\u05d9\u05dd \u05d5\u05d1\u05e7\u05e8\u05d5 \u05d1\u05de\u05e2\u05e8\u05d5\u05ea \u05e2\u05dd \u05e4\u05d9\u05e7\u05d8\u05d5\u05d2\u05e8\u05e4\u05d9\u05dd \u05d5\u05e4\u05d8\u05e8\u05d5\u05d2\u05dc\u05d9\u05e4\u05d9\u05dd \u05e9\u05dc \u05d4\u05d9\u05dc\u05d9\u05d3\u05d9\u05dd.<\/p>\n<p>El recorrido, organizado por \u00abBooking Adventures\u00bb, comienza en el punto de encuentro establecido con el gu\u00eda tur\u00edstico. Ven con Booking Adventures y comienza a observar algunos manglares llenos de aves, colinas onduladas de exuberante vegetaci\u00f3n y cuevas del Parque Nacional Los Haitises.<\/p>\n<p>El nombre del parque nacional proviene de sus habitantes originales, los indios ta\u00ednos. En su idioma, \u00abHaitises\u00bb se traduce a tierras altas o colinas, una referencia a las empinadas formaciones geol\u00f3gicas de la costa con calizas. Avent\u00farate en el parque para explorar cuevas como la Cueva de la Arena y la Cueva de la L\u00ednea.<\/p>\n<p>\u05d4\u05de\u05e2\u05e8\u05d5\u05ea \u05d1\u05e9\u05de\u05d5\u05e8\u05d4 \u05e9\u05d9\u05de\u05e9\u05d5 \u05db\u05de\u05e7\u05dc\u05d8 \u05e2\u05dc \u05d9\u05d3\u05d9 \u05d4\u05d0\u05d9\u05e0\u05d3\u05d9\u05d0\u05e0\u05d9\u05dd \u05e9\u05dc \u05d8\u05d0\u05d9\u05e0\u05d5, \u05d5\u05dc\u05d0\u05d7\u05e8 \u05de\u05db\u05df, \u05e2\u05dc \u05d9\u05d3\u05d9 \u05e4\u05d9\u05e8\u05d0\u05d8\u05d9\u05dd \u05e0\u05e1\u05ea\u05e8\u05d9\u05dd. \u05d7\u05e4\u05e9\u05d5 \u05e6\u05d9\u05d5\u05e8\u05d9\u05dd \u05e9\u05dc \u05d0\u05d9\u05e0\u05d3\u05d9\u05d0\u05e0\u05d9\u05dd \u05d4\u05de\u05e7\u05e9\u05d8\u05d9\u05dd \u05d7\u05dc\u05e7 \u05de\u05d4\u05e7\u05d9\u05e8\u05d5\u05ea.<\/p>\n<p>\u05dc\u05d0\u05d7\u05e8 \u05d1\u05d9\u05e7\u05d5\u05e8 \u05d1\u05e4\u05d0\u05e8\u05e7 \u05d4\u05dc\u05d0\u05d5\u05de\u05d9 Los Haitises \u05e0\u05e6\u05d0 \u05dc\u05e7\u05d0\u05e0\u05d5 \u05d4\u05d5\u05e0\u05d3\u05d5. \u05d1\u05e7\u05d0\u05e0\u05d5 \u05d4\u05d5\u05e0\u05d3\u05d5 \u05ea\u05dc\u05de\u05d3\u05d5 \u05e2\u05dc \u05d4\u05d4\u05d9\u05e1\u05d8\u05d5\u05e8\u05d9\u05d4 \u05d4\u05d0\u05e7\u05d5\u05dc\u05d5\u05d2\u05d9\u05ea \u05d4\u05d6\u05d5 \u05d5\u05ea\u05d0\u05db\u05dc\u05d5 \u05d0\u05e8\u05d5\u05d7\u05ea \u05e6\u05d4\u05e8\u05d9\u05d9\u05dd \u05e2\u05dd \u05d4\u05d0\u05d5\u05db\u05dc \u05d4\u05d8\u05d9\u05e4\u05d5\u05e1\u05d9 \u05e9\u05dc \u05e7\u05d4\u05d9\u05dc\u05ea \u05e1\u05d1\u05e0\u05d4 \u05d3\u05d4 \u05dc\u05d4 \u05de\u05d0\u05e8.<\/p>\n<p>\u05d0\u05e8\u05d5\u05d7\u05ea \u05d4\u05e6\u05d4\u05e8\u05d9\u05d9\u05dd \u05ea\u05d4\u05d9\u05d4 \u05d8\u05e2\u05d9\u05de\u05d4 \u05d0\u05d1\u05dc \u05e2\u05d3\u05d9\u05d9\u05df \u05dc\u05d0 \u05e1\u05d9\u05d9\u05de\u05e0\u05d5. \u05dc\u05d0\u05d7\u05e8 \u05d0\u05e8\u05d5\u05d7\u05ea \u05d4\u05e6\u05d4\u05e8\u05d9\u05d9\u05dd \u05e0\u05e9\u05d7\u05d4 \u05d1\u05d1\u05e8\u05d9\u05db\u05d5\u05ea \u05d4\u05d8\u05d1\u05e2\u05d9\u05d5\u05ea \u05de\u05e0\u05d4\u05e8 \u05d2&#039;\u05d9\u05d1\u05d0\u05dc\u05e1, \u05e0\u05d4\u05e8 \u05e2\u05d3 \u05dc\u05e0\u05d4\u05e8 \u05e7\u05d0\u05e0\u05d5 \u05d4\u05d5\u05e0\u05d3\u05d5. \u05e9\u05d5\u05d4\u05d4 \u05d1\u05e7\u05d0\u05e0\u05d5 \u05d4\u05d5\u05e0\u05d3\u05d5 \u05e2\u05d3 \u05d4\u05e9\u05e2\u05d4 16:00 \u05d5\u05e0\u05d7\u05d6\u05d5\u05e8 \u05dc\u05e0\u05de\u05dc \u05e1\u05de\u05d0\u05e0\u05d4, \u05e0\u05e2\u05d1\u05d5\u05e8 \u05e9\u05d5\u05d1 \u05d3\u05e8\u05da \u05d4\u05de\u05e0\u05d2\u05e8\u05d5\u05d1\u05d9\u05dd \u05d5\u05e0\u05d2\u05d9\u05e2 \u05dc\u05de\u05e4\u05e8\u05e5 \u05d4\u05e4\u05ea\u05d5\u05d7 \u05e9\u05dc \u05e1\u05df \u05dc\u05d5\u05e8\u05e0\u05e6\u05d5, \u05de\u05de\u05e0\u05d5 \u05e0\u05d9\u05ea\u05df \u05dc\u05e6\u05dc\u05dd \u05d0\u05ea \u05e0\u05d5\u05e3 \u05d4\u05d9\u05e2\u05e8 \u05d4\u05de\u05e4\u05d5\u05e8\u05e5. \u05d4\u05d1\u05d9\u05d8\u05d5 \u05d4\u05d7\u05d5\u05e6\u05d4 \u05d0\u05dc \u05d4\u05de\u05d9\u05dd \u05db\u05d3\u05d9 \u05dc\u05e8\u05d0\u05d5\u05ea \u05d6\u05d1\u05d9 \u05d9\u05dd, \u05e1\u05e8\u05d8\u05e0\u05d9\u05dd \u05d5\u05d3\u05d5\u05dc\u05e4\u05d9\u05e0\u05d9\u05dd.<\/p>\n<p>\u05e2\u05d3 \u05d4\u05e8\u05d2\u05e2 \u05ea\u05e1\u05ea\u05e4\u05e7\u05d5 \u05e2\u05dd \u05de\u05d3\u05e8\u05d9\u05da \u05d4\u05d8\u05d9\u05d5\u05dc\u05d9\u05dd \u05d5\u05d0\u05d7\u05e8\u05d9 \u05d6\u05d4 \u05dc\u05db\u05d5 \u05dc\u05e0\u05de\u05dc \u05e7\u05e0\u05d5 \u05d4\u05d5\u05e0\u05d3\u05d5 \u05d5\u05e7\u05d7\u05d5 \u05e1\u05d9\u05e8\u05d4 \u05d7\u05d6\u05e8\u05d4 \u05dc\u05e0\u05de\u05dc \u05e1\u05de\u05e0\u05d4 \u05d7\u05d5\u05dc\u05e4\u05d9\u05dd \u05e2\u05dc \u05e4\u05e0\u05d9 \u05de\u05e4\u05e8\u05e5 \u05e1\u05de\u05e0\u05d4 30 \u05d3\u05e7\u05d5\u05ea.<\/p>\n<p>\u05dc\u05de\u05e7\u05e8\u05d4 \u05e9\u05d0\u05ea\u05d4 \u05d0\u05d5\u05d4\u05d1 \u05d0\u05ea \u05d4\u05d8\u05d9\u05d5\u05dc \u05d4\u05d6\u05d4 \u05d9\u05d5\u05ea\u05e8, \u05d9\u05e9 \u05dc\u05e0\u05d5 \u05d0\u05ea \u05d4\u05d0\u05e4\u05e9\u05e8\u05d5\u05d9\u05d5\u05ea \u05d4\u05d1\u05d0\u05d5\u05ea:<\/p>\n<p>Los Haitises + Cayo Levantado \u05de\u05e0\u05de\u05dc Samana.<\/p>\n<h3><em>\u05de\u05d4 \u05db\u05d3\u05d0\u05d9 \u05dc\u05d4\u05d1\u05d9\u05d0?<\/em><\/h3>\n<ul>\n<li>\u05de\u05b7\u05e6\u05dc\u05b5\u05de\u05b8\u05d4<\/li>\n<li>\u05d3\u05d5\u05d7\u05d9\u05dd<\/li>\n<li>\u05e7\u05e8\u05dd \u05d4\u05d2\u05e0\u05d4<\/li>\n<li>\u05db\u05bc\u05d5\u05b9\u05d1\u05b7\u05e2<\/li>\n<li>\u05de\u05db\u05e0\u05e1\u05d9\u05d9\u05dd \u05e0\u05d5\u05d7\u05d9\u05dd<\/li>\n<li>\u05e0\u05e2\u05dc\u05d9 \u05d8\u05d9\u05d5\u05dc \u05d1\u05d9\u05e2\u05e8<\/li>\n<li>\u05e1\u05e0\u05d3\u05dc\u05d9\u05dd \u05dc\u05d0\u05d6\u05d5\u05e8\u05d9 \u05de\u05e2\u05d9\u05d9\u05e0\u05d5\u05ea.<\/li>\n<li>\u05d1\u05d2\u05d3 \u05d9\u05dd<\/li>\n<\/ul>\n<h3><em>\u05d0\u05d9\u05e1\u05d5\u05e3 \u05d1\u05de\u05dc\u05d5\u05df<\/em><\/h3>\n<p>\u05d0\u05d9\u05e1\u05d5\u05e3 \u05de\u05d4\u05de\u05dc\u05d5\u05df \u05d0\u05d9\u05e0\u05d5 \u05de\u05d5\u05e6\u05e2 \u05dc\u05e1\u05d9\u05d5\u05e8 \u05d6\u05d4.<\/p>\n<p><strong>\u05d4\u05e2\u05e8\u05d4:<\/strong> \u05d0\u05dd \u05ea\u05d6\u05de\u05d9\u05e0\u05d5 \u05d1\u05ea\u05d5\u05da 24 \u05e9\u05e2\u05d5\u05ea \u05de\u05de\u05d5\u05e2\u05d3 \u05d4\u05d9\u05e6\u05d9\u05d0\u05d4 \u05e9\u05dc \u05d4\u05e1\u05d9\u05d5\u05e8\/\u05d4\u05d8\u05d9\u05d5\u05dc, \u05e0\u05d5\u05db\u05dc \u05dc\u05d0\u05e8\u05d2\u05df \u05d0\u05d9\u05e1\u05d5\u05e3 \u05de\u05d4\u05de\u05dc\u05d5\u05df \u05d1\u05ea\u05e9\u05dc\u05d5\u05dd \u05e0\u05d5\u05e1\u05e3. \u05dc\u05d0\u05d7\u05e8 \u05d4\u05e9\u05dc\u05de\u05ea \u05d4\u05e8\u05db\u05d9\u05e9\u05d4, \u05d0\u05e0\u05d5 \u05e0\u05e9\u05dc\u05d7 \u05d0\u05dc\u05d9\u05da \u05d0\u05ea \u05e4\u05e8\u05d8\u05d9 \u05d4\u05e7\u05e9\u05e8 \u05d4\u05de\u05dc\u05d0\u05d9\u05dd (\u05de\u05e1\u05e4\u05e8 \u05d8\u05dc\u05e4\u05d5\u05df, \u05db\u05ea\u05d5\u05d1\u05ea \u05d3\u05d5\u05d0&quot;\u05dc \u05d5\u05db\u05d5&#039;) \u05dc\u05de\u05d3\u05e8\u05d9\u05da \u05d4\u05d8\u05d9\u05d5\u05dc\u05d9\u05dd \u05d4\u05de\u05e7\u05d5\u05de\u05d9 \u05e9\u05dc\u05e0\u05d5 \u05db\u05d3\u05d9 \u05dc\u05d0\u05e8\u05d2\u05df \u05e1\u05d9\u05d3\u05d5\u05e8\u05d9 \u05d0\u05d9\u05e1\u05d5\u05e3.<\/p>\n<h3>\u05d0\u05d9\u05e9\u05d5\u05e8 \u05de\u05d9\u05d3\u05e2 \u05e0\u05d5\u05e1\u05e3<\/h3>\n<ol>\n<li>\u05d4\u05db\u05e8\u05d8\u05d9\u05e1\u05d9\u05dd \u05d4\u05dd \u05d4\u05e7\u05d1\u05dc\u05d4 \u05dc\u05d0\u05d7\u05e8 \u05ea\u05e9\u05dc\u05d5\u05dd \u05e2\u05d1\u05d5\u05e8 \u05e1\u05d9\u05d5\u05e8 \u05d6\u05d4. \u05d0\u05ea\u05d4 \u05d9\u05db\u05d5\u05dc \u05dc\u05d4\u05e6\u05d9\u05d2 \u05d0\u05ea \u05d4\u05ea\u05e9\u05dc\u05d5\u05dd \u05d1\u05d8\u05dc\u05e4\u05d5\u05df \u05e9\u05dc\u05da.<\/li>\n<li>\u05e0\u05e7\u05d5\u05d3\u05ea \u05d4\u05de\u05e4\u05d2\u05e9 \u05ea\u05ea\u05e7\u05d1\u05dc \u05dc\u05d0\u05d7\u05e8 \u05ea\u05d4\u05dc\u05d9\u05da \u05d4\u05d4\u05d6\u05de\u05e0\u05d4.<\/li>\n<li>\u05d9\u05dc\u05d3\u05d9\u05dd \u05d7\u05d9\u05d9\u05d1\u05d9\u05dd \u05d1\u05dc\u05d9\u05d5\u05d5\u05d9 \u05de\u05d1\u05d5\u05d2\u05e8.<\/li>\n<li>\u05dc\u05d0 \u05e0\u05d2\u05d9\u05e9 \u05dc\u05db\u05d9\u05e1\u05d0 \u05d2\u05dc\u05d2\u05dc\u05d9\u05dd<\/li>\n<li>\u05ea\u05d9\u05e0\u05d5\u05e7\u05d5\u05ea \u05e6\u05e8\u05d9\u05db\u05d9\u05dd \u05dc\u05e9\u05d1\u05ea \u05d1\u05de\u05d5\u05e9\u05d1\u05d9 \u05ea\u05d9\u05e0\u05d5\u05e7 \u05d0\u05d5 \u05e2\u05dd \u05de\u05d1\u05d5\u05d2\u05e8<\/li>\n<li>\u05dc\u05d0 \u05de\u05d5\u05de\u05dc\u05e5 \u05dc\u05de\u05d8\u05d9\u05d9\u05dc\u05d9\u05dd \u05e2\u05dd \u05d1\u05e2\u05d9\u05d5\u05ea \u05d2\u05d1.<\/li>\n<li>\u05dc\u05d0 \u05de\u05d5\u05de\u05dc\u05e5 \u05dc\u05e0\u05e9\u05d9\u05dd \u05d1\u05d4\u05e8\u05d9\u05d5\u05df.<\/li>\n<li>\u05dc\u05dc\u05d0 \u05d1\u05e2\u05d9\u05d5\u05ea \u05dc\u05d1 \u05d0\u05d5 \u05de\u05e6\u05d1\u05d9\u05dd \u05e8\u05e4\u05d5\u05d0\u05d9\u05d9\u05dd \u05d7\u05de\u05d5\u05e8\u05d9\u05dd \u05d0\u05d7\u05e8\u05d9\u05dd.<\/li>\n<li>\u05e8\u05d5\u05d1 \u05d4\u05de\u05d8\u05d9\u05d9\u05dc\u05d9\u05dd \u05d9\u05db\u05d5\u05dc\u05d9\u05dd \u05dc\u05d4\u05e9\u05ea\u05ea\u05e3.<\/li>\n<\/ol>\n<h3><em>\u05de\u05d3\u05d9\u05e0\u05d9\u05d5\u05ea \u05d1\u05d9\u05d8\u05d5\u05dc<\/em><\/h3>\n<p>\u05dc\u05e7\u05d1\u05dc\u05ea \u05d4\u05d7\u05d6\u05e8 \u05de\u05dc\u05d0, \u05d1\u05d8\u05dc \u05dc\u05e4\u05d7\u05d5\u05ea 24 \u05e9\u05e2\u05d5\u05ea \u05dc\u05e4\u05e0\u05d9 \u05ea\u05d0\u05e8\u05d9\u05da \u05ea\u05d7\u05d9\u05dc\u05ea \u05d4\u05d7\u05d5\u05d5\u05d9\u05d4.<\/p>\n\n\t\t<\/div>\n\t<\/div>\n<\/div><\/div><\/div><\/div><div class=\"vc_row wpb_row vc_row-fluid\" ><div class=\"wpb_column vc_column_container vc_col-sm-12\"><div class=\"vc_column-inner\"><div class=\"wpb_wrapper\"><div class=\"vc_empty_space\"   style=\"height: 32px\"><span class=\"vc_empty_space_inner\"><\/span><\/div>\n\t<div class=\"wpb_video_widget wpb_content_element vc_clearfix   vc_video-aspect-ratio-169 vc_video-el-width-100 vc_video-align-left\" >\n\t\t<div class=\"wpb_wrapper\">\n\t\t\t\n\t\t\t<div class=\"wpb_video_wrapper\"><iframe loading=\"lazy\" title=\"\u05d4\u05e4\u05d0\u05e8\u05e7 \u05d4\u05dc\u05d0\u05d5\u05de\u05d9 Los Haitises, \u05e1\u05d9\u05d5\u05e8\u05d9\u05dd \u05d5\u05d8\u05d9\u05d5\u05dc\u05d9\u05dd \u05de\u05e1\u05de\u05e0\u05d4 \u05d0\u05d5 \u05de\u05e1\u05d1\u05e0\u05d4 \u05d3\u05d4 \u05dc\u05d4 \u05de\u05d0\u05e8. \u05d4\u05d6\u05de\u05df \u05db\u05d0\u05df:\" src=\"https:\/\/player.vimeo.com\/video\/346508015?dnt=1&amp;app_id=122963\" width=\"1100\" height=\"619\" frameborder=\"0\" allow=\"autoplay; fullscreen\" allowfullscreen><\/iframe><\/div>\n\t\t<\/div>\n\t<\/div>\n<\/div><\/div><\/div><\/div><div class=\"vc_row wpb_row vc_row-fluid\" ><div class=\"wpb_column vc_column_container vc_col-sm-12\"><div class=\"vc_column-inner\"><div class=\"wpb_wrapper\"><div class=\"vc_empty_space\"   style=\"height: 32px\"><span class=\"vc_empty_space_inner\"><\/span><\/div>\n\t<div class=\"wpb_text_column wpb_content_element\" >\n\t\t<div class=\"wpb_wrapper\">\n\t\t\t<h4>\u05e6\u05d5\u05e8 \u05e7\u05e9\u05e8?<\/h4>\n<h5>\u05d4\u05d6\u05de\u05e0\u05d5\u05ea \u05d4\u05e8\u05e4\u05ea\u05e7\u05d0\u05d5\u05ea<\/h5>\n<p><em>\u05de\u05d3\u05e8\u05d9\u05db\u05d9 \u05d8\u05d9\u05d5\u05dc\u05d9\u05dd<\/em> <em><strong>\u05de\u05b0\u05e7\u05d5\u05b9\u05de\u05b4\u05d9<\/strong><\/em> \u05d5 <strong><em>\u05dc\u05d0\u05d5\u05de\u05d9<\/em><\/strong> &amp;<em>\u00a0\u05e9\u05d9\u05e8\u05d5\u05ea\u05d9 \u05d0\u05d5\u05e8\u05d7\u05d9\u05dd<\/em><\/p>\n<p>\u05d4\u05d6\u05de\u05e0\u05d5\u05ea: \u05e1\u05d9\u05d5\u05e8\u05d9\u05dd \u05d5\u05d8\u05d9\u05d5\u05dc\u05d9\u05dd \u05d1\u05d3\u05d5\u05dd.<\/p>\n<p>\u05d8\u05dc\/\u05d5\u05d5\u05d8\u05e1\u05d0\u05e4 +1-809-720-6035.<\/p>\n<p>info@bookingadventures.com.do<\/p>\n<p>\u05d0\u05e0\u05d7\u05e0\u05d5 \u05e1\u05d9\u05d5\u05e8\u05d9\u05dd \u05e4\u05e8\u05d8\u05d9\u05d9\u05dd \u05e2\u05dd \u05ea\u05e6\u05d5\u05e8\u05d4 \u05d2\u05de\u05d9\u05e9\u05d4 \u05e2\u05dc \u05d9\u05d3\u05d9 Whatsapp: +18097206035.<\/p>\n\n\t\t<\/div>\n\t<\/div>\n<div class=\"vc_empty_space\"   style=\"height: 32px\"><span class=\"vc_empty_space_inner\"><\/span><\/div><\/div><\/div><\/div><\/div>","protected":false},"excerpt":{"rendered":"<p><strong>\u05d0\u05e0\u05d0 \u05d1\u05d7\u05e8 \u05ea\u05d0\u05e8\u05d9\u05da \u05dc\u05e1\u05d9\u05d5\u05e8\u00a0<\/strong><\/p>","protected":false},"featured_media":104,"template":"","meta":[],"product_brand":[],"product_cat":[119,96,144,98,135,121,99,122,443,123,124],"product_tag":[126,127,128,145,132,133,146,147,148,143],"class_list":{"0":"post-551","1":"product","2":"type-product","3":"status-publish","4":"has-post-thumbnail","6":"product_cat-caves","7":"product_cat-hiking","8":"product_cat-kayaking","9":"product_cat-local-tour-guides","10":"product_cat-lunch","11":"product_cat-mangroves","12":"product_cat-swimming-natural-springs","13":"product_cat-tours-and-excursions","14":"product_cat-tours-y-excursiones-es","15":"product_cat-tours-excursions-los-haitises-national-park","16":"product_cat-tours-excursions-samana-bay-dominican-republic","17":"product_tag-cano-hondo","18":"product_tag-cano-hondo-hotel","19":"product_tag-cano-hondo-tours","20":"product_tag-day-tour-cano-hondo","21":"product_tag-los-haitises","22":"product_tag-los-haitises-national-park","23":"product_tag-mangroves-los-haitises","24":"product_tag-samana-bay","25":"product_tag-samana-excursions","26":"product_tag-samana-tours","28":"first","29":"instock","30":"sale","31":"sold-individually","32":"shipping-taxable","33":"product-type-external"},"_links":{"self":[{"href":"https:\/\/visitaloshaitises.com\/he\/wp-json\/wp\/v2\/product\/551","targetHints":{"allow":["GET"]}}],"collection":[{"href":"https:\/\/visitaloshaitises.com\/he\/wp-json\/wp\/v2\/product"}],"about":[{"href":"https:\/\/visitaloshaitises.com\/he\/wp-json\/wp\/v2\/types\/product"}],"wp:featuredmedia":[{"embeddable":true,"href":"https:\/\/visitaloshaitises.com\/he\/wp-json\/wp\/v2\/media\/104"}],"wp:attachment":[{"href":"https:\/\/visitaloshaitises.com\/he\/wp-json\/wp\/v2\/media?parent=551"}],"wp:term":[{"taxonomy":"product_brand","embeddable":true,"href":"https:\/\/visitaloshaitises.com\/he\/wp-json\/wp\/v2\/product_brand?post=551"},{"taxonomy":"product_cat","embeddable":true,"href":"https:\/\/visitaloshaitises.com\/he\/wp-json\/wp\/v2\/product_cat?post=551"},{"taxonomy":"product_tag","embeddable":true,"href":"https:\/\/visitaloshaitises.com\/he\/wp-json\/wp\/v2\/product_tag?post=551"}],"curies":[{"name":"wp","href":"https:\/\/api.w.org\/{rel}","templated":true}]}}