{"id":11076,"date":"2021-04-09T10:46:13","date_gmt":"2021-04-09T10:46:13","guid":{"rendered":"https:\/\/haitises.com\/product\/import-placeholder-for-12064\/"},"modified":"2024-04-10T21:52:02","modified_gmt":"2024-04-10T21:52:02","slug":"excursion-whale-watching-samana-bay-cano-hondo-los-haitises-from-samana-port","status":"publish","type":"product","link":"https:\/\/visitaloshaitises.com\/he\/private\/excursion-whale-watching-samana-bay-cano-hondo-los-haitises-from-samana-port\/","title":{"rendered":"Excursion Whale Watching Saman\u00e1 Bay + Ca\u00f1o Hondo + Los Haitises  from Saman\u00e1 port"},"content":{"rendered":"<div class=\"vc_row wpb_row vc_row-fluid\" ><div class=\"wpb_column vc_column_container vc_col-sm-12\"><div class=\"vc_column-inner\"><div class=\"wpb_wrapper\"><div class=\"mkdf-section-title-holder\" style=\"text-align: left\">\n\t<div class=\"mkdf-st-inner\">\n\t\t\t\t\t<h5 class=\"mkdf-st-subtitle\" >\n\t\t\t\tTours &amp; Excursions\t\t\t<\/h5>\n\t\t\t\t\t\t\t<h3 class=\"mkdf-st-title\" >\n\t\t\t\tExcursion Whale Watching Samana bay + Cano Hondo + Los Haitises from Samana port\t\t\t<\/h3>\n\t\t\t\t\t<\/div>\n<\/div>\n\t<div class=\"wpb_text_column wpb_content_element\" >\n\t\t<div class=\"wpb_wrapper\">\n\t\t\t<div class=\"vc_row wpb_row vc_row-fluid\">\n<div class=\"wpb_column vc_column_container vc_col-sm-12\">\n<div class=\"vc_column-inner\">\n<div class=\"wpb_wrapper\">\n<div class=\"wpb_text_column wpb_content_element\">\n<div class=\"wpb_wrapper\">\n<h3><\/h3>\n<p>Whale watching in Saman\u00e1 starts from Saman\u00e1 port after Whale watching we will across the bay to visit Ca\u00f1o Hondo Natural pools plus Lunch and Full trip in Los Haitises National Park.<\/p>\n<p>This Trip will start at 9:00 Am and Finish at 5:00 Pm. Meeting before in Our Office. After aborting our Private Boat to visit Whales in their own habitat. From 9:00 Am until 11:00 am Whale observatory and After this Whale watching trip we will visit Ca\u00f1o Hondo for Lunch plus swimming in natural pools and finishing with a full trip to Los Haitises National Park. This excursion will end at the same port from where will start at 5:00 pm.<\/p>\n<p><strong>Note: This is a Private excursion.\u00a0<\/strong><\/p>\n<ul>\n<li>Whale Watching trip<\/li>\n<li>Los haitises national park Tour<\/li>\n<li>Ca\u00f1o Hondo, Lunch and Pools<\/li>\n<li>Entrance fees to Observatory<\/li>\n<li>Boat Transfer<\/li>\n<li>The Captain provides instruction and Supervision<\/li>\n<li>Tour Guide<\/li>\n<\/ul>\n<p>&nbsp;<\/p>\n<h4><b>\u05d4\u05db\u05dc\u05dc\u05d5\u05ea \u05d5\u05d0\u05d9 \u05d4\u05db\u05dc\u05dc\u05d5\u05ea<\/b><\/h4>\n<p>&nbsp;<\/p>\n<p><b>\u05ea\u05db\u05dc\u05d9\u05dc\u05d9\u05dd<\/b><\/p>\n<ol>\n<li>Buffet lunch at Ca\u00f1o Hondo<\/li>\n<li>Natural Pools<\/li>\n<li>Whale watching Saman\u00e1 bay<\/li>\n<li>Los Haitises National Park, Caves, Mangroves and San Lorenzo Bay<\/li>\n<li>Tour Guide<\/li>\n<li>Catamaran or Boat Trip<\/li>\n<li>\u05db\u05dc \u05d4\u05de\u05e1\u05d9\u05dd, \u05d4\u05e2\u05de\u05dc\u05d5\u05ea \u05d5\u05d3\u05de\u05d9 \u05d4\u05d8\u05d9\u05e4\u05d5\u05dc<\/li>\n<li>\u05de\u05d9\u05e1\u05d9\u05dd \u05de\u05e7\u05d5\u05de\u05d9\u05d9\u05dd<\/li>\n<li>\u05de\u05b7\u05e9\u05c1\u05e7\u05b8\u05d0\u05d5\u05b9\u05ea<\/li>\n<\/ol>\n<p><b>\u05d0\u05d9 \u05d4\u05db\u05dc\u05dc\u05d5\u05ea<\/b><\/p>\n<ol>\n<li>\u05ea\u05d5\u05d3\u05d5\u05ea<\/li>\n<li>Transfer Car<\/li>\n<li>\u05de\u05e9\u05e7\u05d0\u05d5\u05ea \u05d0\u05dc\u05db\u05d5\u05d4\u05d5\u05dc\u05d9\u05d9\u05dd<\/li>\n<\/ol>\n<p>&nbsp;<\/p>\n<h4><em><strong>\u05d9\u05e6\u05d9\u05d0\u05d4 \u05d5\u05d7\u05d6\u05e8\u05d4<\/strong><\/em><\/h4>\n<p>The traveler will get a meeting point after the Reservation Process. Tours start and Finish in our meeting points.<\/p>\n<p>&nbsp;<\/p>\n<h4><b><i>\u05dc\u05de\u05d4 \u05dc\u05e6\u05e4\u05d5\u05ea?<\/i><\/b><\/h4>\n<p>&nbsp;<\/p>\n<p><em><strong>\u05e7\u05d1\u05dc \u05d0\u05ea \u05d4\u05db\u05e8\u05d8\u05d9\u05e1\u05d9\u05dd \u05e9\u05dc\u05da<\/strong><\/em> for a day Whale Watching tour in Samana bay plus a wonderful lunch and beach time and visiting Los Haitises National Park.<\/p>\n<p>The Daypass for whale watching, organized by \u201cBooking Adventures\u201d starts at the meeting point set with the Tour Guide. Lunch at the beach and you can stay as long as you want swimming around. If you are Vegan we also can set some food for you.<\/p>\n<p><strong>Timetable:<\/strong><\/p>\n<p>8:45 AM \u2013 5:00 PM<\/p>\n<p>&nbsp;<\/p>\n<h4><em><strong>\u05de\u05d4 \u05db\u05d3\u05d0\u05d9 \u05dc\u05d4\u05d1\u05d9\u05d0?<\/strong><\/em><\/h4>\n<ul>\n<li>\u05de\u05b7\u05e6\u05dc\u05b5\u05de\u05b8\u05d4<\/li>\n<li>\u05e0\u05d9\u05e6\u05e0\u05d9\u05dd \u05d3\u05d5\u05d7\u05d9\u05dd<\/li>\n<li>\u05e7\u05e8\u05dd \u05d4\u05d2\u05e0\u05d4<\/li>\n<li>\u05db\u05bc\u05d5\u05b9\u05d1\u05b7\u05e2<\/li>\n<li>\u05de\u05db\u05e0\u05e1\u05d9\u05d9\u05dd \u05e0\u05d5\u05d7\u05d9\u05dd<\/li>\n<li>\u05e1\u05e0\u05d3\u05dc\u05d9\u05dd \u05dc\u05d7\u05d5\u05e3<\/li>\n<li>\u05d1\u05d2\u05d3\u05d9 \u05e9\u05d7\u05d9\u05d9\u05d4<\/li>\n<li>Cash for souvenirs<\/li>\n<\/ul>\n<p>&nbsp;<\/p>\n<h4><b><i>\u05d0\u05d9\u05e1\u05d5\u05e3 \u05d1\u05de\u05dc\u05d5\u05df<\/i><\/b><\/h4>\n<p>\u05dc\u05d0 \u05de\u05d5\u05e6\u05e2 \u05d0\u05d9\u05e1\u05d5\u05e3 \u05de\u05d4\u05de\u05dc\u05d5\u05df \u05e2\u05d1\u05d5\u05e8 \u05e1\u05d9\u05d5\u05e8 \u05d6\u05d4.<\/p>\n<p>&nbsp;<\/p>\n<p><b>\u05d4\u05e2\u05e8\u05d4:<\/b>\u00a0\u05d0\u05dd \u05d4\u05d5\u05d6\u05de\u05e0\u05ea\u05dd \u05d1\u05ea\u05d5\u05da 24 \u05e9\u05e2\u05d5\u05ea \u05de\u05de\u05d5\u05e2\u05d3 \u05d4\u05d9\u05e6\u05d9\u05d0\u05d4 \u05e9\u05dc \u05d4\u05e1\u05d9\u05d5\u05e8\/\u05d4\u05d8\u05d9\u05d5\u05dc, \u05e0\u05d5\u05db\u05dc \u05dc\u05d0\u05e8\u05d2\u05df \u05d0\u05d9\u05e1\u05d5\u05e3 \u05de\u05d4\u05de\u05dc\u05d5\u05df \u05d1\u05e2\u05dc\u05d5\u05ea \u05e0\u05d5\u05e1\u05e4\u05ea. \u05dc\u05d0\u05d7\u05e8 \u05d4\u05e9\u05dc\u05de\u05ea \u05d4\u05e8\u05db\u05d9\u05e9\u05d4, \u05d0\u05e0\u05d5 \u05e0\u05e9\u05dc\u05d7 \u05d0\u05dc\u05d9\u05da \u05d0\u05ea \u05e4\u05e8\u05d8\u05d9 \u05d4\u05e7\u05e9\u05e8 \u05d4\u05de\u05dc\u05d0\u05d9\u05dd (\u05de\u05e1\u05e4\u05e8 \u05d8\u05dc\u05e4\u05d5\u05df, \u05db\u05ea\u05d5\u05d1\u05ea \u05d3\u05d5\u05d0&quot;\u05dc \u05d5\u05db\u05d5&#039;) \u05db\u05d3\u05d9 \u05e9\u05de\u05d3\u05e8\u05d9\u05da \u05d4\u05d8\u05d9\u05d5\u05dc\u05d9\u05dd \u05d4\u05de\u05e7\u05d5\u05de\u05d9 \u05e9\u05dc\u05e0\u05d5 \u05d9\u05d5\u05db\u05dc \u05dc\u05d0\u05e8\u05d2\u05df \u05e1\u05d9\u05d3\u05d5\u05e8\u05d9 \u05d0\u05d9\u05e1\u05d5\u05e3.<\/p>\n<h4><b><i>\u05d0\u05d9\u05e9\u05d5\u05e8 \u05de\u05d9\u05d3\u05e2 \u05e0\u05d5\u05e1\u05e3<\/i><\/b><\/h4>\n<ol>\n<li>\u05db\u05e8\u05d8\u05d9\u05e1\u05d9\u05dd \u05d4\u05dd \u05d4\u05e7\u05d1\u05dc\u05d4 \u05dc\u05d0\u05d7\u05e8 \u05ea\u05e9\u05dc\u05d5\u05dd \u05e1\u05d9\u05d5\u05e8 \u05d6\u05d4. \u05d0\u05ea\u05d4 \u05d9\u05db\u05d5\u05dc \u05dc\u05d4\u05e6\u05d9\u05d2 \u05d0\u05ea \u05d4\u05ea\u05e9\u05dc\u05d5\u05dd \u05d1\u05d8\u05dc\u05e4\u05d5\u05df \u05e9\u05dc\u05da.<\/li>\n<li>\u05e0\u05e7\u05d5\u05d3\u05ea \u05de\u05e4\u05d2\u05e9 \u05ea\u05ea\u05e7\u05d1\u05dc \u05dc\u05d0\u05d7\u05e8 \u05ea\u05d4\u05dc\u05d9\u05da \u05d4\u05d4\u05d6\u05de\u05e0\u05d4.<\/li>\n<li>\u05d9\u05dc\u05d3\u05d9\u05dd \u05d7\u05d9\u05d9\u05d1\u05d9\u05dd \u05d1\u05dc\u05d9\u05d5\u05d5\u05d9 \u05de\u05d1\u05d5\u05d2\u05e8.<\/li>\n<li>wheelchair accessible<\/li>\n<li>\u05ea\u05d9\u05e0\u05d5\u05e7\u05d5\u05ea \u05d7\u05d9\u05d9\u05d1\u05d9\u05dd \u05dc\u05e9\u05d1\u05ea \u05e2\u05dc \u05d1\u05e8\u05db\u05d9\u05d9\u05dd<\/li>\n<li>\u05e8\u05d5\u05d1 \u05d4\u05de\u05d8\u05d9\u05d9\u05dc\u05d9\u05dd \u05d9\u05db\u05d5\u05dc\u05d9\u05dd \u05dc\u05d4\u05e9\u05ea\u05ea\u05e3<\/li>\n<\/ol>\n<h4><b><i>\u05de\u05d3\u05d9\u05e0\u05d9\u05d5\u05ea \u05d1\u05d9\u05d8\u05d5\u05dc<\/i><\/b><\/h4>\n<p>\u05dc\u05e7\u05d1\u05dc\u05ea \u05d4\u05d7\u05d6\u05e8 \u05de\u05dc\u05d0, \u05d1\u05d8\u05dc \u05dc\u05e4\u05d7\u05d5\u05ea 24 \u05e9\u05e2\u05d5\u05ea \u05dc\u05e4\u05e0\u05d9 \u05ea\u05d0\u05e8\u05d9\u05da \u05ea\u05d7\u05d9\u05dc\u05ea \u05d4\u05d7\u05d5\u05d5\u05d9\u05d4.<\/p>\n<\/div>\n<\/div>\n<\/div>\n<\/div>\n<\/div>\n<\/div>\n<div class=\"vc_row wpb_row vc_row-fluid\">\n<div class=\"wpb_column vc_column_container vc_col-sm-12\">\n<div class=\"vc_column-inner\">\n<div class=\"wpb_wrapper\">\n<div class=\"wpb_text_column wpb_content_element\">\n<div class=\"wpb_wrapper\">\n<h4>\u05e6\u05d5\u05e8 \u05e7\u05e9\u05e8?<\/h4>\n<h5><b><i>TOUR WHALES SAMANA<\/i><\/b><\/h5>\n<p><em><strong>\u05de\u05e7\u05d5\u05de\u05d9\u05d9\u05dd<\/strong>\u00a0\u05d5\u00a0<strong>\u05d0\u05d6\u05e8\u05d7\u05d9\u05dd<\/strong>\u00a0\u05de\u05d3\u05e8\u05d9\u05db\u05d9 \u05d8\u05d9\u05d5\u05dc\u05d9\u05dd \u05d5\u05e9\u05d9\u05e8\u05d5\u05ea\u05d9 \u05d0\u05d5\u05e8\u05d7\u05d9\u05dd<\/em><\/p>\n<p><span class=\"text-turquoise\">\u05d4\u05d6\u05de\u05e0\u05d5\u05ea:<\/span>\u00a0\u05e1\u05d9\u05d5\u05e8\u05d9\u05dd \u05d5\u05d8\u05d9\u05d5\u05dc\u05d9\u05dd \u05d1\u05d3\u05d5\u05dd.<\/p>\n<p><img decoding=\"async\" class=\"emoji\" draggable=\"false\" src=\"https:\/\/s.w.org\/images\/core\/emoji\/11.2.0\/svg\/1f4de.svg\" alt=\"\ud83d\udcde\" \/>\u00a0\u05d8\u05dc\/\u05d5\u05d5\u05d0\u05d8\u05e1\u05d0\u05e4\u00a0\u00a0<a href=\"tel:+1-809-720-6035\">+1-809-720-6035<\/a>.<\/p>\n<p><img decoding=\"async\" class=\"emoji\" draggable=\"false\" src=\"https:\/\/s.w.org\/images\/core\/emoji\/11.2.0\/svg\/1f4e9.svg\" alt=\"\ud83d\udce9\" \/>\u00a0<a href=\"mailto:info@bookingadventures.com.do\">info@bookingadventures.com.do<\/a><\/p>\n<p><strong>\u05d0\u05e0\u05d7\u05e0\u05d5 \u05e1\u05d9\u05d5\u05e8\u05d9\u05dd \u05e4\u05e8\u05d8\u05d9\u05d9\u05dd \u05d1\u05d4\u05d2\u05d3\u05e8\u05d4 \u05d2\u05de\u05d9\u05e9\u05d4 \u05d1\u05d0\u05de\u05e6\u05e2\u05d5\u05ea Whatsapp:\u00a0<a href=\"tel:+18097206035\">+18097206035.<\/a><\/strong><\/p>\n<\/div>\n<\/div>\n<\/div>\n<\/div>\n<\/div>\n<\/div>\n\n\t\t<\/div>\n\t<\/div>\n<div class=\"mkdf-section-title-holder\" style=\"text-align: left\">\n\t<div class=\"mkdf-st-inner\">\n\t\t\t\t\t<h5 class=\"mkdf-st-subtitle\" >\n\t\t\t\tPrivate Tours &amp; Excursions\t\t\t<\/h5>\n\t\t\t\t\t\t\t<h3 class=\"mkdf-st-title\" >\n\t\t\t\tPrivate Excursion Whale Watching Samana Bay + Cano Hondo + Los Haitises from Samana port\t\t\t<\/h3>\n\t\t\t\t\t<\/div>\n<\/div>\n\t<div class=\"wpb_text_column wpb_content_element\" >\n\t\t<div class=\"wpb_wrapper\">\n\t\t\t<h3><strong>Private Tour Pricing from Samana:<\/strong><\/h3>\n<p><strong><em>2 Customers Private Tour: USD $200 per person<\/em><\/strong><strong><em><br \/>\n<\/em><\/strong><\/p>\n<p><strong><em>3\u00a0 Customers Private Tour: USD $160 per person<\/em><\/strong><\/p>\n<p><strong><em>4\u00a0 Customers Private Tour: USD $140 per person<\/em><\/strong><\/p>\n<p><strong><em>5 Customers Private Tour: USD $130 per person<\/em><\/strong><\/p>\n<p><strong><em>6 Customers Private Tour: USD $99 per person<\/em><\/strong><\/p>\n<p><strong><em>7\u00a0 Customers Private Tour: USD $80 per person<\/em><\/strong><\/p>\n<p><strong><em>8 Customers Private Tour: USD $75 per person<\/em><\/strong><\/p>\n<p><strong><em>9 or more Customers Private tour: <a href=\"https:\/\/www.ticketswhales.com\/contact-us\/\" target=\"_blank\" rel=\"noopener\">Contact us<\/a><\/em><\/strong><\/p>\n\n\t\t<\/div>\n\t<\/div>\n<\/div><\/div><\/div><\/div>","protected":false},"excerpt":{"rendered":"<p>This is a private excursion to the whale watching observatory after Lunch in Ca\u00f1o Hondo ecolodge and Los Haitises National Park. Nobody else offers this amazing experience in just one day trip With professionals ecologist tour Guides in Whale watching. If you will like to contact us for advice just email, Whatsapp or Calling is available.\u00a0 Please book your tickets with time.<\/p>\n<p>&nbsp;<\/p>\n<p><em><strong>Please Select the date for The Excursion:<\/strong><\/em><\/p>","protected":false},"featured_media":11212,"template":"","meta":[],"product_brand":[],"product_cat":[501,502,503,504,505,493,494,495,496,497,485,498,499,232,500],"product_tag":[137,126,139,132,142,488,489,393,490,234,236,506,491],"class_list":{"0":"post-11076","1":"product","2":"type-product","3":"status-publish","4":"has-post-thumbnail","6":"product_cat-cano-hondo","7":"product_cat-cano-hondo-2021","8":"product_cat-los-haitises-national-park","9":"product_cat-samana-tours","10":"product_cat-tour-excursion","11":"product_cat-tours-excursions","12":"product_cat-tours-excursions-whale-watching-samana-bay-dominican-republic","13":"product_cat-whale-miches","14":"product_cat-whale-sabana-de-la-mar","15":"product_cat-whale-samana","16":"product_cat-whale-watching","17":"product_cat-whale-watching-puerto-plata","18":"product_cat-whale-watching-punta-cana","19":"product_cat-whale-watching-samana","20":"product_cat-whale-watching-samana-bay","21":"product_tag-bacardi-island","22":"product_tag-cano-hondo","23":"product_tag-cayo-levantado","24":"product_tag-los-haitises","25":"product_tag-samana","26":"product_tag-samana-tour","27":"product_tag-whale","28":"product_tag-whale-punta-cana","29":"product_tag-whale-sabana-de-la-mar","30":"product_tag-whale-samana","31":"product_tag-whale-watching-dominican-republic","32":"product_tag-whales-in-samana","33":"product_tag-whales-trips","35":"first","36":"instock","37":"sale","38":"featured","39":"shipping-taxable","40":"product-type-external"},"_links":{"self":[{"href":"https:\/\/visitaloshaitises.com\/he\/wp-json\/wp\/v2\/product\/11076","targetHints":{"allow":["GET"]}}],"collection":[{"href":"https:\/\/visitaloshaitises.com\/he\/wp-json\/wp\/v2\/product"}],"about":[{"href":"https:\/\/visitaloshaitises.com\/he\/wp-json\/wp\/v2\/types\/product"}],"wp:featuredmedia":[{"embeddable":true,"href":"https:\/\/visitaloshaitises.com\/he\/wp-json\/wp\/v2\/media\/11212"}],"wp:attachment":[{"href":"https:\/\/visitaloshaitises.com\/he\/wp-json\/wp\/v2\/media?parent=11076"}],"wp:term":[{"taxonomy":"product_brand","embeddable":true,"href":"https:\/\/visitaloshaitises.com\/he\/wp-json\/wp\/v2\/product_brand?post=11076"},{"taxonomy":"product_cat","embeddable":true,"href":"https:\/\/visitaloshaitises.com\/he\/wp-json\/wp\/v2\/product_cat?post=11076"},{"taxonomy":"product_tag","embeddable":true,"href":"https:\/\/visitaloshaitises.com\/he\/wp-json\/wp\/v2\/product_tag?post=11076"}],"curies":[{"name":"wp","href":"https:\/\/api.w.org\/{rel}","templated":true}]}}