{"id":38,"date":"2020-06-14T11:56:46","date_gmt":"2020-06-14T11:56:46","guid":{"rendered":"https:\/\/haitises.com\/product\/import-placeholder-for-8264\/"},"modified":"2024-04-24T18:43:27","modified_gmt":"2024-04-24T18:43:27","slug":"el-limon-waterfalls-tour-horse-riding-swimming-lunch","status":"publish","type":"product","link":"https:\/\/visitaloshaitises.com\/gu\/private\/el-limon-waterfalls-tour-horse-riding-swimming-lunch\/","title":{"rendered":"\u0a8f\u0ab2 \u0ab2\u0abf\u0aae\u0acb\u0aa8 \u0ab5\u0acb\u0a9f\u0ab0\u0aab\u0acb\u0ab2\u0acd\u0ab8 \u0a9f\u0ac2\u0ab0 (\u0a98\u0acb\u0aa1\u0ac7 \u0ab8\u0ab5\u0abe\u0ab0\u0ac0 \u0a85\u0aa8\u0ac7 \u0ab8\u0acd\u0ab5\u0abf\u0aae\u0abf\u0a82\u0a97) + \u0ab2\u0a82\u0a9a"},"content":{"rendered":"<div class=\"vc_row wpb_row vc_row-fluid\" ><div class=\"wpb_column vc_column_container vc_col-sm-12\"><div class=\"vc_column-inner\"><div class=\"wpb_wrapper\"><div class=\"mkdf-section-title-holder\" style=\"text-align: left\">\n\t<div class=\"mkdf-st-inner\">\n\t\t\t\t\t<h5 class=\"mkdf-st-subtitle\" >\n\t\t\t\tNormal trip but Private\t\t\t<\/h5>\n\t\t\t\t\t\t\t<h3 class=\"mkdf-st-title\" >\n\t\t\t\tEl Lim\u00f3n waterfalls Tour (horse riding &amp; swimming) + lunch\t\t\t<\/h3>\n\t\t\t\t\t<\/div>\n<\/div><\/div><\/div><\/div><\/div><div class=\"vc_row wpb_row vc_row-fluid\" ><div class=\"wpb_column vc_column_container vc_col-sm-12\"><div class=\"vc_column-inner\"><div class=\"wpb_wrapper\">\n\t<div class=\"wpb_text_column wpb_content_element\" >\n\t\t<div class=\"wpb_wrapper\">\n\t\t\t<h4><b><i>\u0a9d\u0abe\u0a82\u0a96\u0ac0 <\/i><\/b><\/h4>\n<p>This is a Private tour to <strong>The Waterfalls El Lim\u00f3n<\/strong> with Riding on Horses or Hiking. Visiting cacao and Coffe forest under Coconuts Palms Canopy. When you arrive at the Waterfalls you are allowed to swim and Set the time with your Local Guide. After enjoying a Typical Lunch in El Lim\u00f3n Community.<\/p>\n<p>Learn with locals and get a Safe trip. Get your Tickets in Offer Today.<\/p>\n<ul>\n<li style=\"font-weight: 400;\"><span style=\"font-weight: 400;\">Includes Lunch\u00a0<\/span><\/li>\n<li>Horses Riding or Hiking<\/li>\n<li style=\"font-weight: 400;\"><span style=\"font-weight: 400;\">The guide provides instructions and Supervision<\/span><\/li>\n<li>Fees to the National Park<\/li>\n<\/ul>\n<p>&nbsp;<\/p>\n<h4><b>\u0ab8\u0aae\u0abe\u0ab5\u0ac7\u0ab6 \u0a85\u0aa8\u0ac7 \u0aac\u0abe\u0a95\u0abe\u0aa4<\/b><\/h4>\n<p>&nbsp;<\/p>\n<p><b>\u0ab8\u0aae\u0abe\u0ab5\u0ac7\u0ab6<\/b><\/p>\n<ol>\n<li style=\"font-weight: 400;\"><span style=\"font-weight: 400;\">Buffet lunch in El Lim\u00f3n<\/span><\/li>\n<li style=\"font-weight: 400;\"><span style=\"font-weight: 400;\">Hiking or Horses Riding Tour<\/span><\/li>\n<li style=\"font-weight: 400;\"><span style=\"font-weight: 400;\">\u0aa4\u0aae\u0abe\u0aae \u0a95\u0ab0, \u0aab\u0ac0 \u0a85\u0aa8\u0ac7 \u0ab9\u0ac7\u0aa8\u0acd\u0aa1\u0ab2\u0abf\u0a82\u0a97 \u0ab6\u0ac1\u0ab2\u0acd\u0a95<\/span><\/li>\n<li style=\"font-weight: 400;\"><span style=\"font-weight: 400;\">\u0ab8\u0acd\u0aa5\u0abe\u0aa8\u0abf\u0a95 \u0a95\u0ab0<\/span><\/li>\n<li style=\"font-weight: 400;\"><span style=\"font-weight: 400;\">\u0aaa\u0ac0\u0aa3\u0abe\u0a82<\/span><\/li>\n<li style=\"font-weight: 400;\"><span style=\"font-weight: 400;\">\u0aac\u0aa7\u0ac0 \u0aaa\u0acd\u0ab0\u0ab5\u0ac3\u0aa4\u0acd\u0aa4\u0abf\u0a93<\/span><\/li>\n<li style=\"font-weight: 400;\"><span style=\"font-weight: 400;\">\u0ab8\u0acd\u0aa5\u0abe\u0aa8\u0abf\u0a95 \u0aae\u0abe\u0ab0\u0acd\u0a97\u0aa6\u0ab0\u0acd\u0ab6\u0abf\u0a95\u0abe<\/span><\/li>\n<\/ol>\n<p><b> \u0aac\u0abe\u0a95\u0abe\u0aa4<\/b><\/p>\n<ol>\n<li style=\"font-weight: 400;\"><span style=\"font-weight: 400;\">\u0a97\u0acd\u0ab0\u0ac7\u0a9a\u0acd\u0aaf\u0ac1\u0a9f\u0ac0<\/span><\/li>\n<li style=\"font-weight: 400;\"><span style=\"font-weight: 400;\">\u0a9f\u0acd\u0ab0\u0abe\u0aa8\u0acd\u0ab8\u0aab\u0ab0<\/span><\/li>\n<li style=\"font-weight: 400;\"><span style=\"font-weight: 400;\">\u0a86\u0ab2\u0acd\u0a95\u0acb\u0ab9\u0acb\u0ab2\u0abf\u0a95 \u0aaa\u0ac0\u0aa3\u0abe\u0a82<\/span><\/li>\n<li>Food on the Beach<\/li>\n<\/ol>\n<p>&nbsp;<\/p>\n<h4><em><strong>\u0aaa\u0acd\u0ab0\u0ab8\u0acd\u0aa5\u0abe\u0aa8 \u0a85\u0aa8\u0ac7 \u0aaa\u0ab0\u0aa4<\/strong><\/em><\/h4>\n<p><span style=\"font-weight: 400;\">\u0ab0\u0abf\u0a9d\u0ab0\u0acd\u0ab5\u0ac7\u0ab6\u0aa8 \u0aaa\u0acd\u0ab0\u0a95\u0acd\u0ab0\u0abf\u0aaf\u0abe \u0aaa\u0a9b\u0ac0 \u0aaa\u0acd\u0ab0\u0ab5\u0abe\u0ab8\u0ac0\u0aa8\u0ac7 \u0aae\u0ac0\u0a9f\u0abf\u0a82\u0a97 \u0aaa\u0acb\u0a88\u0aa8\u0acd\u0a9f \u0aae\u0ab3\u0ab6\u0ac7. \u0a85\u0aae\u0abe\u0ab0\u0abe \u0aae\u0ac0\u0a9f\u0abf\u0a82\u0a97 \u0aaa\u0acb\u0a88\u0aa8\u0acd\u0a9f\u0acd\u0ab8\u0aae\u0abe\u0a82 \u0aaa\u0acd\u0ab0\u0ab5\u0abe\u0ab8\u0acb \u0ab6\u0ab0\u0ac2 \u0aa5\u0abe\u0aaf \u0a9b\u0ac7 \u0a85\u0aa8\u0ac7 \u0ab8\u0aae\u0abe\u0aaa\u0acd\u0aa4 \u0aa5\u0abe\u0aaf \u0a9b\u0ac7.<\/span><\/p>\n<p>&nbsp;<\/p>\n<h4><b><i>\u0ab6\u0ac1\u0a82 \u0a85\u0aaa\u0ac7\u0a95\u0acd\u0ab7\u0abe \u0ab0\u0abe\u0a96\u0ab5\u0ac0?<\/i><\/b><\/h4>\n<p>&nbsp;<\/p>\n<p><em><strong>\u0aa4\u0aae\u0abe\u0ab0\u0ac0 \u0a9f\u0abf\u0a95\u0abf\u0a9f\u0acb \u0aae\u0ac7\u0ab3\u0ab5\u0acb<\/strong><\/em> for visiting The Waterfalls El Lim\u00f3n in Saman\u00e1 plus a wonderful lunch in El Lim\u00f3n Restaurant.<\/p>\n<p><span style=\"font-weight: 400;\">The tour, organized by \u00abBooking Adventures\u00bb starts at the meeting point set with the Tour Guide.<\/span><\/p>\n<p>Best Private trips to El Limon waterfalls with a local tour guide. Book a Horse riding trip by the Forest going around the edge of the Lim\u00f3n River, visiting cacao and Coffe plantations under the Coconuts shadows palms trees.<\/p>\n<p>First, stop in the Small waterfall where usually there are not many people and you can swim around. After we continue to the big waterfall where we will stay for an hour or more if you want to.<\/p>\n<p>Getting horses back to the restaurant where we will enjoy a typical lunch at the beach. Frite fish with Tostones and Salad or you can get other options in the menu with extra charges.<\/p>\n<p>Lunch at the Restaurant in the El Lim\u00f3n community and you can stay as long you want swimming around.\u00a0 If you are Vegan we also can set some food for you.<\/p>\n<p>&nbsp;<\/p>\n<h4><em><strong>\u0aa4\u0aae\u0abe\u0ab0\u0ac7 \u0ab6\u0ac1\u0a82 \u0ab2\u0abe\u0ab5\u0ab5\u0ac1\u0a82 \u0a9c\u0acb\u0a88\u0a8f?<\/strong><\/em><\/h4>\n<ul>\n<li style=\"font-weight: 400;\"><span style=\"font-weight: 400;\">\u0a95\u0ac7\u0aae\u0ac7\u0ab0\u0abe<\/span><\/li>\n<li style=\"font-weight: 400;\"><span style=\"font-weight: 400;\">\u0a9c\u0ac0\u0ab5\u0aa1\u0abe\u0a82 \u0a95\u0ab3\u0ac0\u0a93<\/span><\/li>\n<li style=\"font-weight: 400;\"><span style=\"font-weight: 400;\">\u0aa4\u0aa1\u0a95\u0abe \u0aa5\u0ac0 \u0aac\u0a9a\u0ab5\u0abe \u0aae\u0abe\u0a9f\u0ac7 \u0aa8\u0ac1\u0a82 \u0a95\u0acd\u0ab0\u0ac0\u0aae<\/span><\/li>\n<li style=\"font-weight: 400;\"><span style=\"font-weight: 400;\">\u0a9f\u0acb\u0aaa\u0ac0<\/span><\/li>\n<li style=\"font-weight: 400;\"><span style=\"font-weight: 400;\">\u0a86\u0ab0\u0abe\u0aae\u0aa6\u0abe\u0aaf\u0a95 \u0aaa\u0ac7\u0aa8\u0acd\u0a9f<\/span><\/li>\n<li style=\"font-weight: 400;\"><span style=\"font-weight: 400;\">\u0a9c\u0a82\u0a97\u0ab2 \u0aae\u0abe\u0a9f\u0ac7 \u0ab9\u0abe\u0a87\u0a95\u0abf\u0a82\u0a97 \u0ab6\u0ac2\u0a9d<\/span><\/li>\n<li style=\"font-weight: 400;\"><span style=\"font-weight: 400;\">\u0ab8\u0acd\u0ab5\u0abf\u0aae\u0abf\u0a82\u0a97 \u0ab5\u0ab8\u0acd\u0aa4\u0acd\u0ab0\u0acb<\/span><\/li>\n<\/ul>\n<p>&nbsp;<\/p>\n<h4><b><i>\u0ab9\u0acb\u0a9f\u0ac7\u0ab2 \u0aaa\u0abf\u0a95\u0a85\u0aaa <\/i><\/b><\/h4>\n<p><span style=\"font-weight: 400;\">\u0a86 \u0aaa\u0acd\u0ab0\u0ab5\u0abe\u0ab8 \u0aae\u0abe\u0a9f\u0ac7 \u0ab9\u0acb\u0a9f\u0ac7\u0ab2 \u0aaa\u0abf\u0a95-\u0a85\u0aaa \u0a93\u0aab\u0ab0 \u0a95\u0ab0\u0ab5\u0abe\u0aae\u0abe\u0a82 \u0a86\u0ab5\u0aa4\u0ac1\u0a82 \u0aa8\u0aa5\u0ac0. <\/span><\/p>\n<p>&nbsp;<\/p>\n<p><b>\u0aa8\u0ac9\u0ac5\u0aa7:<\/b><span style=\"font-weight: 400;\"> \u0a9c\u0acb \u0aa4\u0aae\u0ac7 \u0aaa\u0acd\u0ab0\u0ab5\u0abe\u0ab8\/\u0aaa\u0ab0\u0acd\u0aaf\u0a9f\u0aa8\u0aa8\u0abe \u0aaa\u0acd\u0ab0\u0ab8\u0acd\u0aa5\u0abe\u0aa8\u0aa8\u0abe \u0ab8\u0aae\u0aaf\u0aa8\u0abe 24 \u0a95\u0ab2\u0abe\u0a95\u0aa8\u0ac0 \u0a85\u0a82\u0aa6\u0ab0 \u0aac\u0ac1\u0a95 \u0a95\u0ab0\u0abe\u0ab5\u0acb \u0a9b\u0acb, \u0aa4\u0acb \u0a85\u0aae\u0ac7 \u0ab5\u0aa7\u0abe\u0ab0\u0abe\u0aa8\u0abe \u0ab6\u0ac1\u0ab2\u0acd\u0a95 \u0ab8\u0abe\u0aa5\u0ac7 \u0ab9\u0acb\u0a9f\u0ac7\u0ab2 \u0aaa\u0abf\u0a95-\u0a85\u0aaa\u0aa8\u0ac0 \u0ab5\u0acd\u0aaf\u0ab5\u0ab8\u0acd\u0aa5\u0abe \u0a95\u0ab0\u0ac0 \u0ab6\u0a95\u0ac0\u0a8f \u0a9b\u0ac0\u0a8f. \u0a8f\u0a95\u0ab5\u0abe\u0ab0 \u0aa4\u0aae\u0abe\u0ab0\u0ac0 \u0a96\u0ab0\u0ac0\u0aa6\u0ac0 \u0aaa\u0ac2\u0ab0\u0acd\u0aa3 \u0aa5\u0a88 \u0a9c\u0abe\u0aaf, \u0aaa\u0a9b\u0ac0 \u0a85\u0aae\u0ac7 \u0aa4\u0aae\u0aa8\u0ac7 \u0aaa\u0abf\u0a95-\u0a85\u0aaa \u0ab5\u0acd\u0aaf\u0ab5\u0ab8\u0acd\u0aa5\u0abe \u0a97\u0acb\u0aa0\u0ab5\u0ab5\u0abe \u0aae\u0abe\u0a9f\u0ac7 \u0a85\u0aae\u0abe\u0ab0\u0abe \u0ab8\u0acd\u0aa5\u0abe\u0aa8\u0abf\u0a95 \u0aaa\u0acd\u0ab0\u0ab5\u0abe\u0ab8 \u0aae\u0abe\u0ab0\u0acd\u0a97\u0aa6\u0ab0\u0acd\u0ab6\u0abf\u0a95\u0abe \u0aae\u0abe\u0a9f\u0ac7 \u0ab8\u0a82\u0aaa\u0ac2\u0ab0\u0acd\u0aa3 \u0ab8\u0a82\u0aaa\u0ab0\u0acd\u0a95 \u0aae\u0abe\u0ab9\u0abf\u0aa4\u0ac0 (\u0aab\u0acb\u0aa8 \u0aa8\u0a82\u0aac\u0ab0, \u0a87\u0aae\u0ac7\u0a87\u0ab2 \u0ab8\u0ab0\u0aa8\u0abe\u0aae\u0ac1\u0a82, \u0ab5\u0a97\u0ac7\u0ab0\u0ac7) \u0aae\u0acb\u0a95\u0ab2\u0ac0\u0ab6\u0ac1\u0a82.<\/span><\/p>\n<h4><b><i>\u0ab5\u0aa7\u0abe\u0ab0\u0abe\u0aa8\u0ac0 \u0aae\u0abe\u0ab9\u0abf\u0aa4\u0ac0 \u0aaa\u0ac1\u0ab7\u0acd\u0a9f\u0abf <\/i><\/b><\/h4>\n<ol>\n<li>\u0a86 \u0a9f\u0ac2\u0ab0 \u0a9a\u0ac2\u0a95\u0ab5\u0acd\u0aaf\u0abe \u0aaa\u0a9b\u0ac0 \u0a9f\u0abf\u0a95\u0abf\u0a9f \u0a8f \u0ab0\u0ab8\u0ac0\u0aa6 \u0a9b\u0ac7. \u0aa4\u0aae\u0ac7 \u0aa4\u0aae\u0abe\u0ab0\u0abe \u0aab\u0acb\u0aa8 \u0aaa\u0ab0 \u0aaa\u0ac7\u0aae\u0ac7\u0aa8\u0acd\u0a9f \u0aac\u0aa4\u0abe\u0ab5\u0ac0 \u0ab6\u0a95\u0acb \u0a9b\u0acb.<\/li>\n<li style=\"font-weight: 400;\"><span style=\"font-weight: 400;\">\u0aae\u0ac0\u0a9f\u0abf\u0a82\u0a97 \u0aaa\u0acb\u0a88\u0aa8\u0acd\u0a9f \u0a86\u0ab0\u0a95\u0acd\u0ab7\u0aa3 \u0aaa\u0acd\u0ab0\u0a95\u0acd\u0ab0\u0abf\u0aaf\u0abe \u0aaa\u0a9b\u0ac0 \u0aaa\u0acd\u0ab0\u0abe\u0aaa\u0acd\u0aa4 \u0aa5\u0ab6\u0ac7.<\/span><\/li>\n<li style=\"font-weight: 400;\"><span style=\"font-weight: 400;\">\u0aac\u0abe\u0ab3\u0a95\u0acb\u0aa8\u0ac0 \u0ab8\u0abe\u0aa5\u0ac7 \u0aaa\u0ac1\u0a96\u0acd\u0aa4 \u0ab5\u0aaf\u0aa8\u0abe \u0ab2\u0acb\u0a95\u0acb \u0ab9\u0acb\u0ab5\u0abe \u0a9c\u0acb\u0a88\u0a8f.<\/span><\/li>\n<li style=\"font-weight: 400;\"><span style=\"font-weight: 400;\"> \u0ab5\u0acd\u0ab9\u0ac0\u0ab2\u0a9a\u0ac7\u0ab0 \u0ab8\u0ac1\u0ab2\u0aad \u0aa8\u0aa5\u0ac0 <\/span><\/li>\n<li style=\"font-weight: 400;\"><span style=\"font-weight: 400;\">\u0ab6\u0abf\u0ab6\u0ac1\u0a93\u0a8f \u0a96\u0acb\u0ab3\u0abe\u0aae\u0abe\u0a82 \u0aac\u0ac7\u0ab8\u0ab5\u0ac1\u0a82 \u0a9c\u0acb\u0a88\u0a8f <\/span><\/li>\n<li style=\"font-weight: 400;\"><span style=\"font-weight: 400;\">\u0aaa\u0ac0\u0aa0\u0aa8\u0ac0 \u0ab8\u0aae\u0ab8\u0acd\u0aaf\u0abe\u0ab5\u0abe\u0ab3\u0abe \u0aaa\u0acd\u0ab0\u0ab5\u0abe\u0ab8\u0ac0\u0a93 \u0aae\u0abe\u0a9f\u0ac7 \u0a86\u0a97\u0acd\u0ab0\u0ab9\u0aa3\u0ac0\u0aaf \u0aa8\u0aa5\u0ac0<\/span><\/li>\n<li style=\"font-weight: 400;\"><span style=\"font-weight: 400;\">\u0ab8\u0a97\u0ab0\u0acd\u0aad\u0abe \u0aaa\u0acd\u0ab0\u0ab5\u0abe\u0ab8\u0ac0\u0a93 \u0aae\u0abe\u0a9f\u0ac7 \u0a86\u0a97\u0acd\u0ab0\u0ab9\u0aa3\u0ac0\u0aaf \u0aa8\u0aa5\u0ac0 <\/span><\/li>\n<li style=\"font-weight: 400;\"><span style=\"font-weight: 400;\"> \u0ab9\u0ac3\u0aa6\u0aaf\u0aa8\u0ac0 \u0a95\u0acb\u0a88 \u0ab8\u0aae\u0ab8\u0acd\u0aaf\u0abe \u0a85\u0aa5\u0ab5\u0abe \u0a85\u0aa8\u0acd\u0aaf \u0a97\u0a82\u0aad\u0ac0\u0ab0 \u0aa4\u0aac\u0ac0\u0aac\u0ac0 \u0ab8\u0acd\u0aa5\u0abf\u0aa4\u0abf\u0a93 \u0aa8\u0aa5\u0ac0 <\/span><\/li>\n<li style=\"font-weight: 400;\"><span style=\"font-weight: 400;\">\u0aae\u0acb\u0a9f\u0abe\u0aad\u0abe\u0a97\u0aa8\u0abe \u0aaa\u0acd\u0ab0\u0ab5\u0abe\u0ab8\u0ac0\u0a93 \u0aad\u0abe\u0a97 \u0ab2\u0a88 \u0ab6\u0a95\u0ac7 \u0a9b\u0ac7<\/span><\/li>\n<\/ol>\n<h4><b><i>\u0ab0\u0aa6\u0ac0\u0a95\u0ab0\u0aa3 \u0aa8\u0ac0\u0aa4\u0abf<\/i><\/b><\/h4>\n<p><span style=\"font-weight: 400;\">\u0ab8\u0a82\u0aaa\u0ac2\u0ab0\u0acd\u0aa3 \u0ab0\u0abf\u0aab\u0a82\u0aa1 \u0aae\u0abe\u0a9f\u0ac7, \u0a85\u0aa8\u0ac1\u0aad\u0ab5\u0aa8\u0ac0 \u0ab6\u0ab0\u0ac2\u0a86\u0aa4\u0aa8\u0ac0 \u0aa4\u0abe\u0ab0\u0ac0\u0a96\u0aa8\u0abe \u0a93\u0a9b\u0abe\u0aae\u0abe\u0a82 \u0a93\u0a9b\u0abe 24 \u0a95\u0ab2\u0abe\u0a95 \u0a85\u0a97\u0abe\u0a89 \u0ab0\u0aa6 \u0a95\u0ab0\u0acb.<\/span><\/p>\n\n\t\t<\/div>\n\t<\/div>\n<\/div><\/div><\/div><\/div><div class=\"vc_row wpb_row vc_row-fluid\" ><div class=\"wpb_column vc_column_container vc_col-sm-12\"><div class=\"vc_column-inner\"><div class=\"wpb_wrapper\"><div class=\"vc_empty_space\"   style=\"height: 32px\"><span class=\"vc_empty_space_inner\"><\/span><\/div>\n\t<div class=\"wpb_text_column wpb_content_element\" >\n\t\t<div class=\"wpb_wrapper\">\n\t\t\t<h4>\u0a85\u0aae\u0abe\u0ab0\u0acb \u0ab8\u0a82\u0aaa\u0ab0\u0acd\u0a95 \u0a95\u0ab0\u0acb?<\/h4>\n<h5><em><strong>\u0aac\u0ac1\u0a95\u0abf\u0a82\u0a97 \u0a8f\u0aa1\u0ab5\u0ac7\u0aa8\u0acd\u0a9a\u0ab0\u0acd\u0ab8<\/strong><\/em><\/h5>\n<p><em><strong>\u0ab8\u0acd\u0aa5\u0abe\u0aa8\u0abf\u0a95\u0acb<\/strong> \u0a85\u0aa8\u0ac7 <strong>\u0aa8\u0abe\u0a97\u0ab0\u0abf\u0a95\u0acb<\/strong> \u0aaa\u0acd\u0ab0\u0ab5\u0abe\u0ab8 \u0aae\u0abe\u0ab0\u0acd\u0a97\u0aa6\u0ab0\u0acd\u0ab6\u0abf\u0a95\u0abe\u0a93 \u0a85\u0aa8\u0ac7 \u0a85\u0aa4\u0abf\u0aa5\u0abf \u0ab8\u0ac7\u0ab5\u0abe\u0a93<\/em><\/p>\n<p><span class=\"text-turquoise\">\u0a86\u0ab0\u0a95\u0acd\u0ab7\u0aa3:<\/span> \u0aa1\u0acb\u0aae\u0aae\u0abe\u0a82 \u0aaa\u0acd\u0ab0\u0ab5\u0abe\u0ab8 \u0a85\u0aa8\u0ac7 \u0aaa\u0ab0\u0acd\u0aaf\u0a9f\u0aa8. \u0aaa\u0acd\u0ab0\u0aa4\u0abf\u0aa8\u0abf\u0aa7\u0abf.<\/p>\n<p><img decoding=\"async\" class=\"emoji\" draggable=\"false\" src=\"https:\/\/s.w.org\/images\/core\/emoji\/11.2.0\/svg\/1f4de.svg\" alt=\"\ud83d\udcde\" \/> \u0a9f\u0ac7\u0ab2\u0abf\u0aab\u0acb\u0aa8\/\u0ab5\u0acb\u0a9f\u0acd\u0ab8\u0a8f\u0aaa\u00a0 <a href=\"tel:+1-809-720-6035\">+1-809-720-6035<\/a>.<\/p>\n<p><img decoding=\"async\" class=\"emoji\" draggable=\"false\" src=\"https:\/\/s.w.org\/images\/core\/emoji\/11.2.0\/svg\/1f4e9.svg\" alt=\"\ud83d\udce9\" \/> <a href=\"mailto:info@bookingadventures.com.do\">info@bookingadventures.com.do<\/a><\/p>\n<p><strong>\u0a85\u0aae\u0ac7 \u0ab5\u0acd\u0ab9\u0acb\u0a9f\u0acd\u0ab8\u0a8f\u0aaa \u0aa6\u0acd\u0ab5\u0abe\u0ab0\u0abe \u0a96\u0abe\u0aa8\u0a97\u0ac0 \u0aaa\u0acd\u0ab0\u0ab5\u0abe\u0ab8\u0acb \u0ab8\u0ac1\u0aaf\u0acb\u0a9c\u0abf\u0aa4 \u0a95\u0ab0\u0ac0 \u0ab0\u0ab9\u0acd\u0aaf\u0abe \u0a9b\u0ac0\u0a8f: <a href=\"tel:+18097206035\">+18097206035.<\/a><\/strong><\/p>\n\n\t\t<\/div>\n\t<\/div>\n<div class=\"vc_empty_space\"   style=\"height: 32px\"><span class=\"vc_empty_space_inner\"><\/span><\/div><\/div><\/div><\/div><\/div>","protected":false},"excerpt":{"rendered":"<p><strong>\u0a95\u0ac3\u0aaa\u0abe \u0a95\u0ab0\u0ac0\u0aa8\u0ac7 \u0aaa\u0acd\u0ab0\u0ab5\u0abe\u0ab8 \u0aae\u0abe\u0a9f\u0ac7 \u0aa4\u0abe\u0ab0\u0ac0\u0a96 \u0aaa\u0ab8\u0a82\u0aa6 \u0a95\u0ab0\u0acb\u00a0<\/strong><\/p>","protected":false},"featured_media":131,"template":"","meta":[],"product_brand":[],"product_cat":[120,96,97,135,136,122,123,124],"product_tag":[138,140,155,156,142,143],"class_list":{"0":"post-38","1":"product","2":"type-product","3":"status-publish","4":"has-post-thumbnail","6":"product_cat-fees-entrace","7":"product_cat-hiking","8":"product_cat-horse-riding-to-waterfalls","9":"product_cat-lunch","10":"product_cat-safari-samana","11":"product_cat-tours-and-excursions","12":"product_cat-tours-excursions-los-haitises-national-park","13":"product_cat-tours-excursions-samana-bay-dominican-republic","14":"product_tag-beach-time","15":"product_tag-el-limon-waterfalls","16":"product_tag-hiking-el-limon","17":"product_tag-horses-el-limon","18":"product_tag-samana","19":"product_tag-samana-tours","21":"first","22":"instock","23":"sale","24":"featured","25":"sold-individually","26":"shipping-taxable","27":"product-type-external"},"_links":{"self":[{"href":"https:\/\/visitaloshaitises.com\/gu\/wp-json\/wp\/v2\/product\/38","targetHints":{"allow":["GET"]}}],"collection":[{"href":"https:\/\/visitaloshaitises.com\/gu\/wp-json\/wp\/v2\/product"}],"about":[{"href":"https:\/\/visitaloshaitises.com\/gu\/wp-json\/wp\/v2\/types\/product"}],"wp:featuredmedia":[{"embeddable":true,"href":"https:\/\/visitaloshaitises.com\/gu\/wp-json\/wp\/v2\/media\/131"}],"wp:attachment":[{"href":"https:\/\/visitaloshaitises.com\/gu\/wp-json\/wp\/v2\/media?parent=38"}],"wp:term":[{"taxonomy":"product_brand","embeddable":true,"href":"https:\/\/visitaloshaitises.com\/gu\/wp-json\/wp\/v2\/product_brand?post=38"},{"taxonomy":"product_cat","embeddable":true,"href":"https:\/\/visitaloshaitises.com\/gu\/wp-json\/wp\/v2\/product_cat?post=38"},{"taxonomy":"product_tag","embeddable":true,"href":"https:\/\/visitaloshaitises.com\/gu\/wp-json\/wp\/v2\/product_tag?post=38"}],"curies":[{"name":"wp","href":"https:\/\/api.w.org\/{rel}","templated":true}]}}