{"id":551,"date":"2020-06-19T20:10:32","date_gmt":"2020-06-19T20:10:32","guid":{"rendered":"https:\/\/haitises.com\/?post_type=product&#038;p=551"},"modified":"2023-10-14T21:50:12","modified_gmt":"2023-10-14T21:50:12","slug":"excursion-al-los-haitises-y-cano-hondo-desde-samana","status":"publish","type":"product","link":"https:\/\/visitaloshaitises.com\/gl\/private\/excursion-al-los-haitises-y-cano-hondo-desde-samana\/","title":{"rendered":"Excursi\u00f3n a Los Haitises e ao Ca\u00f1o Hondo dende Saman\u00e1"},"content":{"rendered":"<div class=\"vc_row wpb_row vc_row-fluid\" ><div class=\"wpb_column vc_column_container vc_col-sm-12\"><div class=\"vc_column-inner\"><div class=\"wpb_wrapper\"><div class=\"mkdf-section-title-holder\" style=\"text-align: left\">\n\t<div class=\"mkdf-st-inner\">\n\t\t\t\t\t<h5 class=\"mkdf-st-subtitle\" >\n\t\t\t\tXantar e Ba\u00f1o en Piscinas Naturais\t\t\t<\/h5>\n\t\t\t\t\t\t\t<\/div>\n<\/div><\/div><\/div><\/div><\/div><div class=\"vc_row wpb_row vc_row-fluid\" ><div class=\"wpb_column vc_column_container vc_col-sm-12\"><div class=\"vc_column-inner\"><div class=\"wpb_wrapper\">\n\t<div class=\"wpb_text_column wpb_content_element\" >\n\t\t<div class=\"wpb_wrapper\">\n\t\t\t<h2>Parque Nacional Los Haitises + Xantar en Cano Hondo dende o porto de Saman\u00e1.<\/h2>\n<h3><em>Descrici\u00f3n<\/em><\/h3>\n<p>Parque Nacional Los Haitises comezando dende o porto de Saman\u00e1 e un marabilloso xantar e ba\u00f1o en mananciais naturais en Ca\u00f1o Hondo Ecolodge. Ven connosco e visita o parque nacional m\u00e1is fermoso da Rep\u00fablica Dominicana, visitando manglares, covas e ba\u00eda de San Lorenzo, ademais de cruzar a fermosa ba\u00eda de Saman\u00e1. Despois de xantar no Ca\u00f1o Hondo, ter\u00e1s a oportunidade de ba\u00f1arte nas piscinas naturais durante unhas horas para despois regresar ao porto de Saman\u00e1.<\/p>\n<p>Despois desta experiencia, volver\u00e1 ao porto de Saman\u00e1.<\/p>\n<ul>\n<li>Impostos inclu\u00eddos<\/li>\n<li>A gu\u00eda ofrece instruci\u00f3ns e supervisi\u00f3n.<\/li>\n<\/ul>\n<h3>Inclusi\u00f3ns e exclusi\u00f3ns<\/h3>\n<h4>Inclusi\u00f3ns<\/h4>\n<ol>\n<li>Tour Los Haitises + Covas e Pictogramas<\/li>\n<li>Xantar en Ca\u00f1o Hondo<\/li>\n<li>Nadar en piscinas naturais<\/li>\n<li>Todos os impostos, taxas e gastos de xesti\u00f3n.<\/li>\n<li>Impostos locais<\/li>\n<li>Bebidas<\/li>\n<li>Todas as actividades<\/li>\n<li>Gu\u00eda local<\/li>\n<\/ol>\n<h4>Exclusi\u00f3ns<\/h4>\n<ol>\n<li>Consellos<\/li>\n<li>Transferencia<\/li>\n<li>Bebidas alcoh\u00f3licas<\/li>\n<\/ol>\n<h3><em>Sa\u00edda e volta<\/em><\/h3>\n<p>O viaxeiro ter\u00e1 un punto de encontro despois do proceso de reserva. As visitas comezan e rematan nos nosos puntos de encontro.<\/p>\n<h3><em>Que esperar?<\/em><\/h3>\n<p>Consigue as t\u00faas entradas para visitar o Parque Nacional Los Haitises cun marabilloso xantar no Ca\u00f1o Hondo e nadando nas piscinas naturais.<\/p>\n<p>Partindo do porto de Saman\u00e1 a bordo dun barco ou catamar\u00e1n cun gu\u00eda tur\u00edstico local, pasamos a ba\u00eda de Saman\u00e1 xunto a Sabana de la Mar para visitar un dos parques nacionais m\u00e1is fermosos da Rep\u00fablica Dominicana.<\/p>\n<h5>Parque Nacional Los Haitises.<\/h5>\n<p>Visitando a illa con aves ao redor. Na \u00e9poca de nidificaci\u00f3n, ata podemos ver polos pel\u00edcanos nos ni\u00f1os. Afonda nas illas rochosas e visita as covas con pictogramas e petr\u00f3glifos dos pobos ind\u00edxenas.<\/p>\n<p>El recorrido, organizado por \u00abBooking Adventures\u00bb, comienza en el punto de encuentro establecido con el gu\u00eda tur\u00edstico. Ven con Booking Adventures y comienza a observar algunos manglares llenos de aves, colinas onduladas de exuberante vegetaci\u00f3n y cuevas del Parque Nacional Los Haitises.<\/p>\n<p>El nombre del parque nacional proviene de sus habitantes originales, los indios ta\u00ednos. En su idioma, \u00abHaitises\u00bb se traduce a tierras altas o colinas, una referencia a las empinadas formaciones geol\u00f3gicas de la costa con calizas. Avent\u00farate en el parque para explorar cuevas como la Cueva de la Arena y la Cueva de la L\u00ednea.<\/p>\n<p>As covas da reserva foron utilizadas como refuxio polos indios ta\u00ednos e, posteriormente, por piratas ocultos. Busca debuxos de indios que decoran algunhas das paredes.<\/p>\n<p>Despois de visitar o Parque Nacional Los Haitises iremos a Cano Hondo. En Cano Hondo co\u00f1ecer\u00e1s esta historia ecol\u00f3xica e xantar coa comida t\u00edpica da comunidade de Sabana da mar.<\/p>\n<p>O xantar ser\u00e1 delicioso pero a\u00ednda non rematamos. Despois do xantar, nadaremos nas piscinas naturais desde o r\u00edo Jibales, un r\u00edo ata o r\u00edo Ca\u00f1o Hondo. Permanecemos en Ca\u00f1o Hondo ata as 16:00 horas e regresando ao porto de Saman\u00e1, atravesaremos de novo os manglares e chegaremos \u00e1 aberta ba\u00eda de San Lorenzo, desde onde se pode fotografar a agreste paisaxe forestal. Mira cara \u00e1 auga para ver manat\u00edes, crust\u00e1ceos e golfi\u00f1os.<\/p>\n<p>Ata o momento conformarase co gu\u00eda tur\u00edstico e despois disto dirixirase ao porto de Cano Hondo e coller\u00e1 un barco de volta ao porto de Saman\u00e1 pasando pola ba\u00eda de Saman\u00e1 30 minutos.<\/p>\n<p>No caso de que che guste m\u00e1is esta viaxe, temos estas opci\u00f3ns:<\/p>\n<p>Los Haitises + Cayo Levantado desde o porto de Saman\u00e1.<\/p>\n<h3><em>Que debes traer?<\/em><\/h3>\n<ul>\n<li>C\u00e1mara<\/li>\n<li>Repelentes<\/li>\n<li>protector solar<\/li>\n<li>Sombreiro<\/li>\n<li>Pantal\u00f3ns c\u00f3modos<\/li>\n<li>Botas de sendeirismo forestal<\/li>\n<li>Sandalias para zonas de primavera.<\/li>\n<li>Traxe de ba\u00f1o<\/li>\n<\/ul>\n<h3><em>Recollida no hotel<\/em><\/h3>\n<p>Non se ofrece a recollida do hotel para esta excursi\u00f3n.<\/p>\n<p><strong>Nota:<\/strong> Se reservas dentro das 24 horas da hora de sa\u00edda da excursi\u00f3n\/excursi\u00f3n, podemos organizar a recollida do hotel con cargos adicionais. Unha vez completada a compra, enviar\u00e9mosche a informaci\u00f3n de contacto completa (n\u00famero de tel\u00e9fono, enderezo de correo electr\u00f3nico, etc.) para que o noso gu\u00eda tur\u00edstico local organice a recollida.<\/p>\n<h3>Confirmaci\u00f3n de informaci\u00f3n adicional<\/h3>\n<ol>\n<li>As entradas son o Recibo despois de pagar este Tour. Podes mostrar o pago no teu tel\u00e9fono.<\/li>\n<li>O punto de encontro ser\u00e1 recibido despois do proceso de reserva.<\/li>\n<li>Os nenos deben ir acompa\u00f1ados dun adulto.<\/li>\n<li>Non accesible en cadeira de rodas<\/li>\n<li>Os beb\u00e9s deben sentarse en asentos para beb\u00e9s ou cun adulto<\/li>\n<li>Non recomendado para viaxeiros con problemas de costas.<\/li>\n<li>Non recomendado para mulleres embarazadas.<\/li>\n<li>Sen problemas card\u00edacos ou outras condici\u00f3ns m\u00e9dicas graves.<\/li>\n<li>Poden participar a maior\u00eda dos viaxeiros.<\/li>\n<\/ol>\n<h3><em>Pol\u00edtica de cancelaci\u00f3n<\/em><\/h3>\n<p>Para un reembolso completo, cancela polo menos 24 horas antes da data de inicio da experiencia.<\/p>\n\n\t\t<\/div>\n\t<\/div>\n<\/div><\/div><\/div><\/div><div class=\"vc_row wpb_row vc_row-fluid\" ><div class=\"wpb_column vc_column_container vc_col-sm-12\"><div class=\"vc_column-inner\"><div class=\"wpb_wrapper\"><div class=\"vc_empty_space\"   style=\"height: 32px\"><span class=\"vc_empty_space_inner\"><\/span><\/div>\n\t<div class=\"wpb_video_widget wpb_content_element vc_clearfix   vc_video-aspect-ratio-169 vc_video-el-width-100 vc_video-align-left\" >\n\t\t<div class=\"wpb_wrapper\">\n\t\t\t\n\t\t\t<div class=\"wpb_video_wrapper\"><iframe loading=\"lazy\" title=\"Parque Nacional Los Haitises, excursi\u00f3ns e excursi\u00f3n desde Saman\u00e1 o Sabana de la Mar. Reserva aqu\u00ed:\" src=\"https:\/\/player.vimeo.com\/video\/346508015?dnt=1&amp;app_id=122963\" width=\"1100\" height=\"619\" frameborder=\"0\" allow=\"autoplay; fullscreen\" allowfullscreen><\/iframe><\/div>\n\t\t<\/div>\n\t<\/div>\n<\/div><\/div><\/div><\/div><div class=\"vc_row wpb_row vc_row-fluid\" ><div class=\"wpb_column vc_column_container vc_col-sm-12\"><div class=\"vc_column-inner\"><div class=\"wpb_wrapper\"><div class=\"vc_empty_space\"   style=\"height: 32px\"><span class=\"vc_empty_space_inner\"><\/span><\/div>\n\t<div class=\"wpb_text_column wpb_content_element\" >\n\t\t<div class=\"wpb_wrapper\">\n\t\t\t<h4>Contacta connosco?<\/h4>\n<h5>Reservas de aventura<\/h5>\n<p><em>Gu\u00edas tur\u00edsticos<\/em> <em><strong>local<\/strong><\/em> e <strong><em>nacional<\/em><\/strong> &amp;<em>\u00a0servizos para h\u00f3spedes<\/em><\/p>\n<p>Reservas: Tours e Excursi\u00f3ns en Rep. Dom.<\/p>\n<p>Tel\u00e9fono\/Whatsapp +1-809-720-6035.<\/p>\n<p>info@bookingadventures.com.do<\/p>\n<p>Somos tours privados con configuraci\u00f3n flexible por Whatsapp: +18097206035.<\/p>\n\n\t\t<\/div>\n\t<\/div>\n<div class=\"vc_empty_space\"   style=\"height: 32px\"><span class=\"vc_empty_space_inner\"><\/span><\/div><\/div><\/div><\/div><\/div>","protected":false},"excerpt":{"rendered":"<p><strong>Seleccione a data para a xira\u00a0<\/strong><\/p>","protected":false},"featured_media":104,"template":"","meta":[],"product_brand":[],"product_cat":[119,96,144,98,135,121,99,122,443,123,124],"product_tag":[126,127,128,145,132,133,146,147,148,143],"class_list":{"0":"post-551","1":"product","2":"type-product","3":"status-publish","4":"has-post-thumbnail","6":"product_cat-caves","7":"product_cat-hiking","8":"product_cat-kayaking","9":"product_cat-local-tour-guides","10":"product_cat-lunch","11":"product_cat-mangroves","12":"product_cat-swimming-natural-springs","13":"product_cat-tours-and-excursions","14":"product_cat-tours-y-excursiones-es","15":"product_cat-tours-excursions-los-haitises-national-park","16":"product_cat-tours-excursions-samana-bay-dominican-republic","17":"product_tag-cano-hondo","18":"product_tag-cano-hondo-hotel","19":"product_tag-cano-hondo-tours","20":"product_tag-day-tour-cano-hondo","21":"product_tag-los-haitises","22":"product_tag-los-haitises-national-park","23":"product_tag-mangroves-los-haitises","24":"product_tag-samana-bay","25":"product_tag-samana-excursions","26":"product_tag-samana-tours","28":"first","29":"instock","30":"sale","31":"sold-individually","32":"shipping-taxable","33":"product-type-external"},"_links":{"self":[{"href":"https:\/\/visitaloshaitises.com\/gl\/wp-json\/wp\/v2\/product\/551","targetHints":{"allow":["GET"]}}],"collection":[{"href":"https:\/\/visitaloshaitises.com\/gl\/wp-json\/wp\/v2\/product"}],"about":[{"href":"https:\/\/visitaloshaitises.com\/gl\/wp-json\/wp\/v2\/types\/product"}],"wp:featuredmedia":[{"embeddable":true,"href":"https:\/\/visitaloshaitises.com\/gl\/wp-json\/wp\/v2\/media\/104"}],"wp:attachment":[{"href":"https:\/\/visitaloshaitises.com\/gl\/wp-json\/wp\/v2\/media?parent=551"}],"wp:term":[{"taxonomy":"product_brand","embeddable":true,"href":"https:\/\/visitaloshaitises.com\/gl\/wp-json\/wp\/v2\/product_brand?post=551"},{"taxonomy":"product_cat","embeddable":true,"href":"https:\/\/visitaloshaitises.com\/gl\/wp-json\/wp\/v2\/product_cat?post=551"},{"taxonomy":"product_tag","embeddable":true,"href":"https:\/\/visitaloshaitises.com\/gl\/wp-json\/wp\/v2\/product_tag?post=551"}],"curies":[{"name":"wp","href":"https:\/\/api.w.org\/{rel}","templated":true}]}}