{"id":11026,"date":"2021-04-09T10:45:51","date_gmt":"2021-04-09T10:45:51","guid":{"rendered":"https:\/\/haitises.com\/product\/import-placeholder-for-11527\/"},"modified":"2024-04-12T19:37:25","modified_gmt":"2024-04-12T19:37:25","slug":"saona-island-private-tour-from-la-romana-hotels-la-romana-lobby","status":"publish","type":"product","link":"https:\/\/visitaloshaitises.com\/gl\/private\/saona-island-private-tour-from-la-romana-hotels-la-romana-lobby\/","title":{"rendered":"Visita privada \u00e1 illa de Saona desde La Romana Hotels- La Romana Lobby"},"content":{"rendered":"<div class=\"vc_row wpb_row vc_row-fluid\" ><div class=\"wpb_column vc_column_container vc_col-sm-12\"><div class=\"vc_column-inner\"><div class=\"wpb_wrapper\">\n\t<div class=\"wpb_text_column wpb_content_element\" >\n\t\t<div class=\"wpb_wrapper\">\n\t\t\t<h2><b><i>Viaxe privada \u00e1 illa de Saona\u00a0<\/i><\/b><\/h2>\n<h4><b><i>Visi\u00f3n xeral<\/i><\/b><\/h4>\n<div>A sa\u00edda en Barcos \u00e9 desde o peirao principal de <strong>Bayah\u00edbe<\/strong> \u00e1s 9:00 horas e regreso \u00e1s 17:00 horas. Se\u00a0<b>(Est\u00e1s engadindo unha transferencia privada doutras sa\u00eddas a esta viaxe pode cambiar o tempo)<\/b> <span style=\"font-size: 16px;\">Esta viaxe l\u00e9vache \u00e1s mellores praias de <strong>illa de saona<\/strong> (Illa Saona) partindo da cidade de Bayahibe, o teu xantar \u00e9 na illa e parar\u00e1s nas piscinas naturais do<strong> Parque Nacional Cotubanama<\/strong>. Desfrutando da fermosa costa sueste de Rep\u00fablica Dominicana, onde despois de tomar o barco navegar\u00e1s pola costa observando as diferentes praias, paisaxes, mangleiros e formaci\u00f3ns calc\u00e1reas deste singular lugar.\u00a0<\/span><\/div>\n<div>\n<p><span style=\"font-weight: 400;\">Chegar \u00e1 illa leva uns 45 minutos e durante o percorrido ter\u00e1s a posibilidade de ver <strong>Man Juan<\/strong>, que \u00e9 a \u00fanica comunidade establecida na illa, neste mesmo lugar tedes a posibilidade de xantar, no caso de non chegar a Man Juan, Ir\u00e1s visitando diferentes praias da zona e o xantar ser\u00e1 na praia, tam\u00e9n ter\u00e1s a oportunidade de facer snorkel na illa.<\/span><\/p>\n<p><span style=\"font-weight: 400;\">Cando remates a t\u00faa viaxe nos diferentes lugares da illa, volver\u00e1s ao lugar onde te atopas co gu\u00eda tur\u00edstico.<\/span><\/p>\n<ul>\n<li style=\"font-weight: 400;\"><span style=\"font-weight: 400;\">Incl\u00fae xantar buffet na praia.<\/span><\/li>\n<li style=\"font-weight: 400;\"><span style=\"font-weight: 400;\">piscina natural<\/span><\/li>\n<li style=\"font-weight: 400;\"><span style=\"font-weight: 400;\">Traslado en barco ou catamar\u00e1n<\/span><\/li>\n<li style=\"font-weight: 400;\"><span style=\"font-weight: 400;\">O capit\u00e1n proporciona instruci\u00f3ns e supervisi\u00f3n<\/span><\/li>\n<\/ul>\n<\/div>\n<p>&nbsp;<\/p>\n<h2><b>Inclusi\u00f3ns e exclusi\u00f3ns<\/b><\/h2>\n<p><b>Inclusi\u00f3ns<\/b><\/p>\n<ol>\n<li>Viaxe en lancha r\u00e1pida ou catamar\u00e1n (todo depende do tama\u00f1o do grupo)<\/li>\n<li style=\"font-weight: 400;\"><span style=\"font-weight: 400;\">Xantar buffet na praia<\/span><\/li>\n<li>piscina natural<\/li>\n<li style=\"font-weight: 400;\"><span style=\"font-weight: 400;\">Todos os impostos, taxas e gastos de xesti\u00f3n<\/span><\/li>\n<li style=\"font-weight: 400;\"><span style=\"font-weight: 400;\">Impostos locais<\/span><\/li>\n<li style=\"font-weight: 400;\"><span style=\"font-weight: 400;\">Bebidas<\/span><\/li>\n<\/ol>\n<p><b> Exclusi\u00f3ns<\/b><\/p>\n<ol>\n<li style=\"font-weight: 400;\"><span style=\"font-weight: 400;\">Gratu\u00edtos<\/span><\/li>\n<li>Gu\u00eda local<\/li>\n<\/ol>\n<p>&nbsp;<\/p>\n<h4><em><strong>Sa\u00edda e volta<\/strong><\/em><\/h4>\n<p><span style=\"font-weight: 400;\">Temos un horario dese\u00f1ado para recollerte e deixarte en funci\u00f3n da zona na que te atopes. <\/span><span style=\"font-weight: 400;\">O viaxeiro obter\u00e1 un punto de encontro despois do proceso de reserva. As visitas comezan e rematan nos nosos puntos de encontro.<\/span><\/p>\n<p>&nbsp;<\/p>\n<h4><b><i>Que esperar?<\/i><\/b><\/h4>\n<p>&nbsp;<\/p>\n<p><em><strong>Consigue as t\u00faas entradas<\/strong><\/em> para un pase dun d\u00eda na illa de Saona (Isla Saona) en Bayahibe ademais dun marabilloso xantar e unha hora de praia.<\/p>\n<p><span style=\"font-weight: 400;\">The Day Trip, organized by \u00abBooking Adventures\u00bb starts at the meeting point set with the Tour Guide. <\/span>Xanta na praia e podes quedar o tempo que queiras nadando. Se es vegano tam\u00e9n che podemos preparar algo de comida.<\/p>\n<p>Esta viaxe en barco comeza en Bayah\u00edbe pero ofrecemos traslado privado por un custo adicional que depende do lugar onde estea o grupo.<\/p>\n<p><strong>Horario:<\/strong><\/p>\n<p>7:45 AM \u2013 6:00 PM<\/p>\n<p>&nbsp;<\/p>\n<h4><em><strong>Que debes traer?<\/strong><\/em><\/h4>\n<ul>\n<li style=\"font-weight: 400;\"><span style=\"font-weight: 400;\">c\u00e1mara<\/span><\/li>\n<li style=\"font-weight: 400;\"><span style=\"font-weight: 400;\">Brotes repelentes<\/span><\/li>\n<li style=\"font-weight: 400;\"><span style=\"font-weight: 400;\">crema solar<\/span><\/li>\n<li style=\"font-weight: 400;\"><span style=\"font-weight: 400;\">Sombreiro<\/span><\/li>\n<li style=\"font-weight: 400;\"><span style=\"font-weight: 400;\">Pantal\u00f3ns c\u00f3modos<\/span><\/li>\n<li style=\"font-weight: 400;\"><span style=\"font-weight: 400;\">Zapatos de sendeirismo para bosque<\/span><\/li>\n<li style=\"font-weight: 400;\"><span style=\"font-weight: 400;\">Sandalias \u00e1 praia<\/span><\/li>\n<li style=\"font-weight: 400;\"><span style=\"font-weight: 400;\">Roupa de ba\u00f1o<\/span><\/li>\n<li>Dinero en efectivo para souvenirs<\/li>\n<\/ul>\n<p>&nbsp;<\/p>\n<h2><b><i>Recollida no hotel para a excursi\u00f3n dun d\u00eda \u00e1 illa de Saona<\/i><\/b><\/h2>\n<p><span style=\"font-weight: 400;\">Este \u00e9 o programa que establecemos en funci\u00f3n das t\u00faas localizaci\u00f3ns. Ind\u00edcanos o teu hotel espec\u00edfico e po\u00f1er\u00e9monos en contacto contigo para indicarche onde nos atoparemos. Estas opci\u00f3ns de transferencia apl\u00edcanse cun custo adicional. Esta viaxe comeza en Bayah\u00edbe.<\/span><\/p>\n<table style=\"height: 487px;\" width=\"420\">\n<tbody>\n<tr>\n<td><b>lugar<\/b><\/td>\n<td><b>tempo<\/b><\/td>\n<\/tr>\n<tr>\n<td><b>Punta Cana<\/b><\/td>\n<td><b>7:45 h.<\/b><\/td>\n<\/tr>\n<tr>\n<td><b>b\u00e1varo<\/b><\/td>\n<td><b>7:30 h<\/b><\/td>\n<\/tr>\n<tr>\n<td><b>Uvero Altos<\/b><\/td>\n<td><b>7:00 h<\/b><\/td>\n<\/tr>\n<tr>\n<td><b>Club Med<\/b><\/td>\n<td><b>7:00 h<\/b><\/td>\n<\/tr>\n<tr>\n<td><b>Boca Chica<\/b><\/td>\n<td><b>7:00 h<\/b><\/td>\n<\/tr>\n<tr>\n<td><b>Santo Domingo<\/b><\/td>\n<td><b>6:40 a.m.<\/b><\/td>\n<\/tr>\n<tr>\n<td><b>Juan Ferido<\/b><\/td>\n<td><b>7:00 h<\/b><\/td>\n<\/tr>\n<\/tbody>\n<\/table>\n<p>&nbsp;<\/p>\n<p><b>Nota:<\/b><span style=\"font-weight: 400;\"> Se reservas dentro das 24 horas posteriores \u00e1 hora de sa\u00edda da excursi\u00f3n\/excursi\u00f3n, podemos organizar a recollida do hotel cun custo adicional. Unha vez completada a compra, enviar\u00e9mosche a informaci\u00f3n de contacto completa (n\u00famero de tel\u00e9fono, enderezo de correo electr\u00f3nico, etc.) para que o noso gu\u00eda tur\u00edstico local organice a recollida.<\/span><\/p>\n<h4><b><i>Confirmaci\u00f3n de informaci\u00f3n adicional <\/i><\/b><\/h4>\n<ol>\n<li>As entradas son o recibo despois de pagar este Tour. Podes mostrar o pago no teu tel\u00e9fono.<\/li>\n<li style=\"font-weight: 400;\"><span style=\"font-weight: 400;\">O punto de encontro recibirase despois do proceso de reserva.<\/span><\/li>\n<li style=\"font-weight: 400;\"><span style=\"font-weight: 400;\">Os nenos deben ir acompa\u00f1ados dun adulto.<\/span><\/li>\n<li style=\"font-weight: 400;\"><span style=\"font-weight: 400;\">accesible en cadeira de rodas <\/span><\/li>\n<li style=\"font-weight: 400;\"><span style=\"font-weight: 400;\">Os beb\u00e9s deben sentarse no colo <\/span><\/li>\n<li style=\"font-weight: 400;\"><span style=\"font-weight: 400;\">Poden participar a maior\u00eda dos viaxeiros<\/span><\/li>\n<\/ol>\n<h4><b><i>Pol\u00edtica de cancelaci\u00f3n<\/i><\/b><\/h4>\n<p><span style=\"font-weight: 400;\">Para un reembolso completo, cancela polo menos 24 horas antes da data de inicio da experiencia.<\/span><\/p>\n<p>NOTA: Se queres facer esta excursi\u00f3n e queres saber m\u00e1is detalles podes<a href=\"mailto:info@bookingadventures.com.do\">\u00a0cont\u00e1ctanos por correo electr\u00f3nico<\/a>l<strong>\u00a0<\/strong>ou a trav\u00e9s do noso servizo directo de chat Whatsapp neste n\u00famero:\u00a0<strong>+1 809-720-6035<\/strong>. Atenderemos de inmediato e podemos facerche unha oferta axustando o prezo en funci\u00f3n do n\u00famero de persoas.<\/p>\n<p>(Requirimos un m\u00ednimo de 4 persoas para organizar a visita de forma privada. Para menos persoas podemos organizar unha visita semiprivada cun m\u00e1ximo de 15 persoas).<\/p>\n<div id=\"gtx-trans\" style=\"position: absolute; left: -1px; top: 1055.03px;\">\n<div class=\"gtx-trans-icon\"><\/div>\n<\/div>\n\n\t\t<\/div>\n\t<\/div>\n<\/div><\/div><\/div><\/div><div class=\"vc_row wpb_row vc_row-fluid\" ><div class=\"wpb_column vc_column_container vc_col-sm-12\"><div class=\"vc_column-inner\"><div class=\"wpb_wrapper\"><\/div><\/div><\/div><\/div><div class=\"vc_row wpb_row vc_row-fluid\" ><div class=\"wpb_column vc_column_container vc_col-sm-12\"><div class=\"vc_column-inner\"><div class=\"wpb_wrapper\"><div class=\"vc_empty_space\"   style=\"height: 32px\"><span class=\"vc_empty_space_inner\"><\/span><\/div>\n\t<div class=\"wpb_video_widget wpb_content_element vc_clearfix   vc_video-aspect-ratio-169 vc_video-el-width-100 vc_video-align-left\" >\n\t\t<div class=\"wpb_wrapper\">\n\t\t\t<h2 class=\"wpb_heading wpb_video_heading\">V\u00eddeo de excursi\u00f3ns e excursi\u00f3ns \u00e1 illa de Saona:<\/h2>\n\t\t\t<div class=\"wpb_video_wrapper\"><iframe loading=\"lazy\" title=\"Saola Island D\u00eda completo por Booking Adventures, Travel Dominican Republic\" width=\"1100\" height=\"619\" src=\"https:\/\/www.youtube.com\/embed\/sas91N4zMHo?feature=oembed\" frameborder=\"0\" allow=\"accelerometer; autoplay; clipboard-write; encrypted-media; gyroscope; picture-in-picture\" allowfullscreen><\/iframe><\/div>\n\t\t<\/div>\n\t<\/div>\n<div class=\"vc_empty_space\"   style=\"height: 32px\"><span class=\"vc_empty_space_inner\"><\/span><\/div><\/div><\/div><\/div><\/div><div class=\"vc_row wpb_row vc_row-fluid\" ><div class=\"wpb_column vc_column_container vc_col-sm-12\"><div class=\"vc_column-inner\"><div class=\"wpb_wrapper\"><div class=\"vc_empty_space\"   style=\"height: 32px\"><span class=\"vc_empty_space_inner\"><\/span><\/div>\n\t<div class=\"wpb_text_column wpb_content_element\" >\n\t\t<div class=\"wpb_wrapper\">\n\t\t\t<h4>Contacta connosco?<\/h4>\n<h5>Reserva aventuras<\/h5>\n<p><em><strong>Os locais<\/strong>\u00a0e\u00a0<strong>Nacionais<\/strong>\u00a0Gu\u00edas tur\u00edsticos e servizos para os h\u00f3spedes<\/em><\/p>\n<p><span class=\"text-turquoise\">Reservas:<\/span>\u00a0Tours e excursi\u00f3ns en Rep. Dom.<\/p>\n<p><img decoding=\"async\" class=\"emoji\" draggable=\"false\" src=\"https:\/\/s.w.org\/images\/core\/emoji\/11.2.0\/svg\/1f4de.svg\" alt=\"\ud83d\udcde\" \/>\u00a0Tel\/Whatsapp\u00a0\u00a0<a href=\"tel:+1-809-720-6035\">+1-809-720-6035<\/a>.<\/p>\n<p><img decoding=\"async\" class=\"emoji\" draggable=\"false\" src=\"https:\/\/s.w.org\/images\/core\/emoji\/11.2.0\/svg\/1f4e9.svg\" alt=\"\ud83d\udce9\" \/>\u00a0<a href=\"mailto:info@bookingadventures.com.do\">info@bookingadventures.com.do<\/a><\/p>\n<p><strong>Somos flexibles para configurar tours privados por Whatsapp:\u00a0<a href=\"tel:+18097206035\">+18097206035.<\/a><\/strong><\/p>\n\n\t\t<\/div>\n\t<\/div>\n<div class=\"vc_empty_space\"   style=\"height: 32px\"><span class=\"vc_empty_space_inner\"><\/span><\/div><\/div><\/div><\/div><\/div>","protected":false},"excerpt":{"rendered":"<p>A day pass to Saona island from Bayahibe port. Lunch and Natural swimming pools included. In case of need transfer from any part of the Dominican Republic. Just Contact us and let&#8217;s have the best experience at Saona Island.<\/p>\n<p>&nbsp;<\/p>\n<p><em><strong>Seleccione a data para a xira\u00a0<\/strong><\/em><\/p>","protected":false},"featured_media":11055,"template":"","meta":[],"product_brand":[],"product_cat":[453,461],"product_tag":[165,166,167,168,169,455,456,170,171,172,173,457,458,175],"class_list":{"0":"post-11026","1":"product","2":"type-product","3":"status-publish","4":"has-post-thumbnail","6":"product_cat-saona-island-offers","7":"product_cat-saona-island-private-tour-from-la-romana-hotels-la-romana-lobby","8":"product_tag-all-inclusive-trip-to-saona-island-by-speedboat-catamaran","9":"product_tag-bayahibe","10":"product_tag-catamaran","11":"product_tag-how-to-get-to-saona-island","12":"product_tag-isla-saona","13":"product_tag-private-day-trip-saona","14":"product_tag-private-tours","15":"product_tag-saona","16":"product_tag-saona-island","17":"product_tag-saona-island-excursion","18":"product_tag-saona-island-hotels","19":"product_tag-saona-island-private","20":"product_tag-saona-island-private-tour-from-punta-cana-hotels-punta-cana-lobby","21":"product_tag-saona-island-tour","23":"first","24":"instock","25":"sale","26":"featured","27":"sold-individually","28":"shipping-taxable","29":"product-type-external"},"_links":{"self":[{"href":"https:\/\/visitaloshaitises.com\/gl\/wp-json\/wp\/v2\/product\/11026","targetHints":{"allow":["GET"]}}],"collection":[{"href":"https:\/\/visitaloshaitises.com\/gl\/wp-json\/wp\/v2\/product"}],"about":[{"href":"https:\/\/visitaloshaitises.com\/gl\/wp-json\/wp\/v2\/types\/product"}],"wp:featuredmedia":[{"embeddable":true,"href":"https:\/\/visitaloshaitises.com\/gl\/wp-json\/wp\/v2\/media\/11055"}],"wp:attachment":[{"href":"https:\/\/visitaloshaitises.com\/gl\/wp-json\/wp\/v2\/media?parent=11026"}],"wp:term":[{"taxonomy":"product_brand","embeddable":true,"href":"https:\/\/visitaloshaitises.com\/gl\/wp-json\/wp\/v2\/product_brand?post=11026"},{"taxonomy":"product_cat","embeddable":true,"href":"https:\/\/visitaloshaitises.com\/gl\/wp-json\/wp\/v2\/product_cat?post=11026"},{"taxonomy":"product_tag","embeddable":true,"href":"https:\/\/visitaloshaitises.com\/gl\/wp-json\/wp\/v2\/product_tag?post=11026"}],"curies":[{"name":"wp","href":"https:\/\/api.w.org\/{rel}","templated":true}]}}