{"id":10883,"date":"2020-07-13T23:09:10","date_gmt":"2020-07-13T23:09:10","guid":{"rendered":"https:\/\/haitises.com\/?post_type=product&#038;p=10883"},"modified":"2024-04-16T01:58:11","modified_gmt":"2024-04-16T01:58:11","slug":"excursion-de-observacion-samana-desde-los-hoteles-de-las-terrenas-medio-dia-para-avistamiento-de-ballenas","status":"publish","type":"product","link":"https:\/\/visitaloshaitises.com\/gl\/private\/excursion-de-observacion-samana-desde-los-hoteles-de-las-terrenas-medio-dia-para-avistamiento-de-ballenas\/","title":{"rendered":"Excursi\u00f3n de observaci\u00f3n a Saman\u00e1 desde hoteis de Las Terrenas. Medio d\u00eda de observaci\u00f3n de baleas."},"content":{"rendered":"<div class=\"vc_row wpb_row vc_row-fluid\" ><div class=\"wpb_column vc_column_container vc_col-sm-12\"><div class=\"vc_column-inner\"><div class=\"wpb_wrapper\"><div class=\"mkdf-section-title-holder\" style=\"text-align: left\">\n\t<div class=\"mkdf-st-inner\">\n\t\t\t\t\t<h5 class=\"mkdf-st-subtitle\" >\n\t\t\t\tExcursi\u00f3n de Ballenas Saman\u00e1 desde los hoteles de Las Terrenas. Viaje de medio d\u00eda a Observaci\u00f3n de Ballenas\t\t\t<\/h5>\n\t\t\t\t\t\t\t<h3 class=\"mkdf-st-title\" >\n\t\t\t\tExcursi\u00f3n de Ballenas 2020 desde Las Terrenas a la Bah\u00eda de Saman\u00e1\t\t\t<\/h3>\n\t\t\t\t\t<\/div>\n<\/div><\/div><\/div><\/div><\/div><div class=\"vc_row wpb_row vc_row-fluid\" ><div class=\"wpb_column vc_column_container vc_col-sm-12\"><div class=\"vc_column-inner\"><div class=\"wpb_wrapper\">\n\t<div class=\"wpb_text_column wpb_content_element\" >\n\t\t<div class=\"wpb_wrapper\">\n\t\t\t<h3>Descrici\u00f3n<\/h3>\n<p>Ballenas Las Terrenas, observaci\u00f3n de ballenas en la Bah\u00eda de Saman\u00e1 desde los hoteles de Las Terrenas Excursi\u00f3n de medio d\u00eda. Viaje a la bah\u00eda de Saman\u00e1 a bordo de un c\u00f3modo autob\u00fas con aire acondicionado y luego traslado a un bote. Navegue en aguas abiertas para buscar las manadas de ballenas jorobadas que visitan para reproducirse y tener sus cr\u00edas en el \u00e1rea. Aprenda sobre el comportamiento y la biolog\u00eda de estos mam\u00edferos marinos de su gu\u00eda experto naturalista. Despu\u00e9s de este viaje de medio d\u00eda volvemos al punto de encuentro en Las Terrenas.<\/p>\n<p><strong>Nota:<\/strong> Este tour no es privado.<\/p>\n<ul>\n<li>Observaci\u00f3n de baleas<\/li>\n<li>Entradas para o Observatorio<\/li>\n<li>Samana Safari<\/li>\n<li>Transporte de barco<\/li>\n<li>O capit\u00e1n proporciona instruci\u00f3ns e supervisi\u00f3n.<\/li>\n<li>Gu\u00eda tur\u00edstico<\/li>\n<\/ul>\n<h3>Inclusi\u00f3ns e exclusi\u00f3ns<\/h3>\n<h4>Inclusi\u00f3ns<\/h4>\n<ol>\n<li>Almuerzo buffet<\/li>\n<li>Traslado desde hoteis<\/li>\n<li>Gu\u00eda tur\u00edstico<\/li>\n<li>Viaje en barco<\/li>\n<li>Todos os impostos, taxas e gastos de xesti\u00f3n<\/li>\n<li>Impostos locais<\/li>\n<li>Bebidas<\/li>\n<\/ol>\n<h4>Exclusi\u00f3ns<\/h4>\n<ol>\n<li>Consellos<\/li>\n<\/ol>\n<h3><em>Sa\u00edda e volta<\/em><\/h3>\n<p>O viaxeiro ter\u00e1 un punto de encontro despois do proceso de reserva. As visitas comezan e rematan nos nosos puntos de encontro.<\/p>\n<p>Avistamiento de ballenas en Saman\u00e1 desde los hoteles de Las Terrenas. Excursi\u00f3n de medio d\u00eda para avistamiento de ballenas.<\/p>\n<h3><em>Que esperar?<\/em><\/h3>\n<p>Las ballenas jorobadas vienen a la Bah\u00eda de Saman\u00e1 para dar a luz y aparearse. La observaci\u00f3n de ballenas est\u00e1 permitida del 15 de enero al 15 de marzo solamente. Con unas medidas de unos 12 metros y un peso de 40 toneladas, las ballenas ofrecen una vista inolvidable para sus ojos asombrados. No pierdas la oportunidad de escuchar el poderoso sonido de este magn\u00edfico mam\u00edfero mientras sale del agua. Observe c\u00f3mo los machos se lanzan fuera del agua en un esfuerzo por impresionar a las \u00abdamas\u00bb como el ritual de apareamiento.<\/p>\n<p>Es muy emocionante ver a los terneros reci\u00e9n nacidos aferrados a sus madres, quienes a su vez pasan todo el tiempo acarici\u00e1ndolas y jugando con ellas. Nuestro gu\u00eda tur\u00edstico est\u00e1 especializado en mam\u00edferos marinos y lo sorprender\u00e1 con su conocimiento y lo ayudar\u00e1 a interpretar cada movimiento que hacen las ballenas.<\/p>\n<p>Desde las 9:00 a.m. hasta las 12:00 a.m. al mediod\u00eda Observatorio de avistamiento de ballenas y despu\u00e9s de este viaje, almorzaremos. El recorrido finalizar\u00e1 a la 1:30 p.m.en el mismo puerto desde donde comenzar\u00e1. Despu\u00e9s de esto regresaremos a Las Terrenas.<\/p>\n<p>Horario:<\/p>\n<p>8:00 AM &#8211; 1:30 PM<\/p>\n<h3><em>Que debes traer?<\/em><\/h3>\n<ul>\n<li>C\u00e1mara<\/li>\n<li>Repelentes<\/li>\n<li>protector solar<\/li>\n<li>Sombreiro<\/li>\n<li>Pantal\u00f3ns c\u00f3modos<\/li>\n<li>Sandalias \u00e1 praia<\/li>\n<li>Traxe de ba\u00f1o<\/li>\n<li>Di\u00f1eiro en efectivo para recordos e propinas<\/li>\n<\/ul>\n<h3><em>Recollida no hotel<\/em><\/h3>\n<p>Se ofrece recogida en el hotel para este recorrido. Solo en Las Terrenas.<\/p>\n<p><strong>Nota:<\/strong> Se reservas dentro das 24 horas da hora de sa\u00edda da excursi\u00f3n\/excursi\u00f3n, podemos organizar a recollida do hotel. Unha vez completada a compra, enviar\u00e9mosche a informaci\u00f3n de contacto completa (n\u00famero de tel\u00e9fono, enderezo de correo electr\u00f3nico, etc.) para que o noso gu\u00eda tur\u00edstico local organice a recollida.<\/p>\n<h3><em>Confirmaci\u00f3n de informaci\u00f3n adicional<\/em><\/h3>\n<ul>\n<li>As entradas son o Recibo despois de pagar este Tour. Podes mostrar o pago no teu tel\u00e9fono.<\/li>\n<li>O punto de encontro ser\u00e1 recibido despois do proceso de reserva.<\/li>\n<li>Os nenos deben ir acompa\u00f1ados dun adulto.<\/li>\n<li>Accesible para sillas de ruedas<\/li>\n<li>Os beb\u00e9s deben sentarse no colo<\/li>\n<li>Poden participar a maior\u00eda dos viaxeiros.<\/li>\n<\/ul>\n<h3><em>Pol\u00edtica de cancelaci\u00f3n<\/em><\/h3>\n<p>Para un reembolso completo, cancela polo menos 24 horas antes da data de inicio da experiencia.<\/p>\n<h4>Contacta connosco!<br \/>\nTOUR DA BALEA SAMANA<\/h4>\n<p><em>Gu\u00edas tur\u00edsticos <strong>local<\/strong> e <strong>nacional<\/strong> e servizos para h\u00f3spedes<\/em><\/p>\n<p>Reservas: Tours e Excursi\u00f3ns en Rep. Dom.<\/p>\n<p>Tel\u00e9fono\/Whatsapp +1-809-720-6035.<\/p>\n<p>info@bookingadventures.com.do<\/p>\n<p>Facemos tours privados con configuraci\u00f3n flexible por Whatsapp: +18097206035.<\/p>\n\n\t\t<\/div>\n\t<\/div>\n<\/div><\/div><\/div><\/div>","protected":false},"excerpt":{"rendered":"<p>Desde los hoteles de Las Terrenas, ven con nosotros a visitar las ballenas jorobadas en el santuario de la Bah\u00eda de Saman\u00e1, Rep\u00fablica Dominicana. Todos los d\u00edas excursiones de avistamiento de ballenas desde las Terrenas en Saman\u00e1. Cont\u00e1ctenos si tiene alguna pregunta sobre los viajes de observaci\u00f3n de ballenas en la bah\u00eda de Saman\u00e1 desde Las Terrenas.<\/p>\n<p><strong>Seleccione a data da excursi\u00f3n:<\/strong><\/p>","protected":false},"featured_media":428,"template":"","meta":[],"product_brand":[],"product_cat":[120,443,232],"product_tag":[390,137,162,364,283,422,225,381,423,420,201,147,392,271,424,234,280,236,425],"class_list":{"0":"post-10883","1":"product","2":"type-product","3":"status-publish","4":"has-post-thumbnail","6":"product_cat-fees-entrace","7":"product_cat-tours-y-excursiones-es","8":"product_cat-whale-watching-samana","9":"product_tag-390","10":"product_tag-bacardi-island","11":"product_tag-cayo-levantado-day-pass","12":"product_tag-cheap-punta-cana-excursions","13":"product_tag-el-limon-waterfall-and-bacardi-island-tour-from-punta-cana","14":"product_tag-half-day-whale-watching-las-terrenas","15":"product_tag-las-terrenas","16":"product_tag-las-terrenas-excursions","17":"product_tag-las-terrenas-whale-watching","18":"product_tag-limon-from-punta-cana","19":"product_tag-private-tours-samana","20":"product_tag-samana-bay","21":"product_tag-samana-day-trip","22":"product_tag-samana-whale-watching","23":"product_tag-whale-las-terrenas","24":"product_tag-whale-samana","25":"product_tag-whale-watching-2020","26":"product_tag-whale-watching-dominican-republic","27":"product_tag-whale-watching-trips-las-terrenas","29":"first","30":"instock","31":"sale","32":"sold-individually","33":"shipping-taxable","34":"product-type-external"},"_links":{"self":[{"href":"https:\/\/visitaloshaitises.com\/gl\/wp-json\/wp\/v2\/product\/10883","targetHints":{"allow":["GET"]}}],"collection":[{"href":"https:\/\/visitaloshaitises.com\/gl\/wp-json\/wp\/v2\/product"}],"about":[{"href":"https:\/\/visitaloshaitises.com\/gl\/wp-json\/wp\/v2\/types\/product"}],"wp:featuredmedia":[{"embeddable":true,"href":"https:\/\/visitaloshaitises.com\/gl\/wp-json\/wp\/v2\/media\/428"}],"wp:attachment":[{"href":"https:\/\/visitaloshaitises.com\/gl\/wp-json\/wp\/v2\/media?parent=10883"}],"wp:term":[{"taxonomy":"product_brand","embeddable":true,"href":"https:\/\/visitaloshaitises.com\/gl\/wp-json\/wp\/v2\/product_brand?post=10883"},{"taxonomy":"product_cat","embeddable":true,"href":"https:\/\/visitaloshaitises.com\/gl\/wp-json\/wp\/v2\/product_cat?post=10883"},{"taxonomy":"product_tag","embeddable":true,"href":"https:\/\/visitaloshaitises.com\/gl\/wp-json\/wp\/v2\/product_tag?post=10883"}],"curies":[{"name":"wp","href":"https:\/\/api.w.org\/{rel}","templated":true}]}}