{"id":11895,"date":"2023-11-20T10:47:47","date_gmt":"2023-11-20T10:47:47","guid":{"rendered":"https:\/\/haitises.com\/?page_id=11895"},"modified":"2023-11-20T10:59:11","modified_gmt":"2023-11-20T10:59:11","slug":"land-for-sale-in-samana-samana-land-for-sale","status":"publish","type":"page","link":"https:\/\/visitaloshaitises.com\/gl\/terreno-a-venda-en-samana-terreo-a-venda-en-samana\/","title":{"rendered":"Terreno \u00e1 venda en Samana Terreo \u00e1 venda en Samana"},"content":{"rendered":"<details class=\"wp-block-details is-layout-flow wp-block-details-is-layout-flow\"><summary>Terreno en venda en Saman\u00e1 \u2013 Terreno en venda en Saman\u00e1<br>Samana Real Estate<br>Terreno en venta en Samana<br>Terrenos en venda en Saman\u00e1, Rep\u00fablica Dominicana. Ver fotos e detalles do listado de Saman\u00e1, Atenci\u00f3n Investidores, Promotores de terreos interesados na REP\u00daBLICA DOMINICANA.<br>Se est\u00e1s buscando terreos para mercar en Saman\u00e1. Ch\u00e1mome Misael Calcano. Te\u00f1o poucos terreos \u00e1 venda da mi\u00f1a familia con todos os documentos. Terreos legais fronte \u00e1 praia e tam\u00e9n cunha vista incrible ao mar. Non dubides en contactar comigo por WhatsApp:\u00a0<a href=\"callto:+18097206035\">+1-809-720-6035<\/a>.<br><br>Investir en Saman\u00e1<br>Por que investir en Saman\u00e1 Rep\u00fablica Dominicana?<br>Saman\u00e1 \u00e9 un destino de praias douradas interminables, augas turquesas e cocoteros balance\u00e1ndose nun horizonte verde, ritmos caribe\u00f1os, ron e cervexa. Un pobo de xente simp\u00e1tica e de humor contaxioso, onde todo \u00e9 relaxado e tranquilo.<br>En Saman\u00e1 o estr\u00e9s non existe, as persoas que viven aqu\u00ed gozan de paseos de praia e de pratos elaborados a base de marisco fresco tra\u00eddo polos pescadores na beira da praia.<br>Se o teu so\u00f1o sempre foi vivir no para\u00edso, en Saman\u00e1 lev\u00e1ronse a cabo recentemente varios proxectos, alg\u00fans en construci\u00f3n e outros xa rematados onde atopar\u00e1s a t\u00faa pr\u00f3xima casa.<br>Busca Propiedade en venda en\u00a0<em>Samana<\/em>. Buscar\u00a0<em>bens inmobles<\/em>\u00a0e atopar as \u00faltimas listas de\u00a0<em>Samana<\/em>\u00a0Propiedade en venda.<br><br>Lotes \u00e1 venda de Samana<br><br><br>Non dubides en contactar comigo por WhatsApp:\u00a0<a href=\"callto:+18097206035\">+1-809-720-6035<\/a>.<br><br>Lotes e Facendas Samana<br><br><br>Non dubides en contactar comigo por WhatsApp:\u00a0<a href=\"callto:+18097206035\">+1-809-720-6035<\/a>.<br><br>Venda de lotes con vistas ao mar de Samana<br><br><br>Non dubides en contactar comigo por WhatsApp:\u00a0<a href=\"callto:+18097206035\">+1-809-720-6035<\/a>.<br><br>Propiedade \u00e1 venda fronte \u00e1 praia de Samana<br><br><br>Non dubides en contactar comigo por WhatsApp:\u00a0<a href=\"callto:+18097206035\">+1-809-720-6035<\/a>.<br><br><a class=\"\" href=\"https:\/\/www.tourwhales.com\/wp-content\/uploads\/2023\/01\/land-mark-5-1024x567.png\" target=\"_blank\" rel=\"noopener\"><\/a><br><a class=\"\" href=\"https:\/\/www.tourwhales.com\/wp-content\/uploads\/2023\/01\/land-mark-4-1024x545.png\" target=\"_blank\" rel=\"noopener\"><\/a><br><a class=\"\" href=\"https:\/\/www.tourwhales.com\/wp-content\/uploads\/2023\/01\/land-mark-3-1024x571.png\" target=\"_blank\" rel=\"noopener\"><\/a><br><a class=\"\" href=\"https:\/\/www.tourwhales.com\/wp-content\/uploads\/2023\/01\/land-mark-2-1024x540.png\" target=\"_blank\" rel=\"noopener\"><\/a><br><a class=\"\" href=\"https:\/\/www.tourwhales.com\/wp-content\/uploads\/2023\/01\/land-maark-1024x445.png\" target=\"_blank\" rel=\"noopener\"><\/a><br><a class=\"\" href=\"https:\/\/www.tourwhales.com\/wp-content\/uploads\/2023\/01\/beachlimon-lands--1024x608.png\" target=\"_blank\" rel=\"noopener\"><\/a><br><a class=\"\" href=\"https:\/\/www.tourwhales.com\/land-for-sale-in-samana-samana-land-for-sale#\" target=\"_blank\" rel=\"noopener\">1<\/a><br><a class=\"\" href=\"https:\/\/www.tourwhales.com\/land-for-sale-in-samana-samana-land-for-sale#\" target=\"_blank\" rel=\"noopener\">2<\/a><br><a href=\"https:\/\/www.tourwhales.com\/land-for-sale-in-samana-samana-land-for-sale#\" target=\"_blank\" rel=\"noopener\">3<\/a><br><a class=\"\" href=\"https:\/\/www.tourwhales.com\/land-for-sale-in-samana-samana-land-for-sale#\" target=\"_blank\" rel=\"noopener\">4<\/a><br><a class=\"\" href=\"https:\/\/www.tourwhales.com\/land-for-sale-in-samana-samana-land-for-sale#\" target=\"_blank\" rel=\"noopener\">5<\/a><br><a class=\"\" href=\"https:\/\/www.tourwhales.com\/land-for-sale-in-samana-samana-land-for-sale#\" target=\"_blank\" rel=\"noopener\">6<\/a><br><a href=\"https:\/\/www.tourwhales.com\/land-for-sale-in-samana-samana-land-for-sale#\" target=\"_blank\" rel=\"noopener\">Anterior<\/a><br><a href=\"https:\/\/www.tourwhales.com\/land-for-sale-in-samana-samana-land-for-sale#\" target=\"_blank\" rel=\"noopener\">A continuaci\u00f3n<\/a><br><br><br>Non dubides en contactar comigo por WhatsApp:\u00a0<a href=\"callto:+18097206035\">+1-809-720-6035<\/a>.<\/summary>\n<p><\/p>\n<\/details>","protected":false},"excerpt":{"rendered":"Land for Sale in Saman\u00e1 \u2013 Samana land for SaleSamana Real EstateSamana Land for SaleLANDS for sale in Saman\u00e1, Dominican Republic. View photos and listing details of Saman\u00e1, Attention Investors, Land Developers interested in the DOMINICAN REPUBLIC.If you are looking [...]","protected":false},"author":1,"featured_media":0,"parent":0,"menu_order":0,"comment_status":"closed","ping_status":"closed","template":"","meta":{"footnotes":""},"class_list":["post-11895","page","type-page","status-publish","hentry"],"_links":{"self":[{"href":"https:\/\/visitaloshaitises.com\/gl\/wp-json\/wp\/v2\/pages\/11895","targetHints":{"allow":["GET"]}}],"collection":[{"href":"https:\/\/visitaloshaitises.com\/gl\/wp-json\/wp\/v2\/pages"}],"about":[{"href":"https:\/\/visitaloshaitises.com\/gl\/wp-json\/wp\/v2\/types\/page"}],"author":[{"embeddable":true,"href":"https:\/\/visitaloshaitises.com\/gl\/wp-json\/wp\/v2\/users\/1"}],"replies":[{"embeddable":true,"href":"https:\/\/visitaloshaitises.com\/gl\/wp-json\/wp\/v2\/comments?post=11895"}],"version-history":[{"count":2,"href":"https:\/\/visitaloshaitises.com\/gl\/wp-json\/wp\/v2\/pages\/11895\/revisions"}],"predecessor-version":[{"id":11899,"href":"https:\/\/visitaloshaitises.com\/gl\/wp-json\/wp\/v2\/pages\/11895\/revisions\/11899"}],"wp:attachment":[{"href":"https:\/\/visitaloshaitises.com\/gl\/wp-json\/wp\/v2\/media?parent=11895"}],"curies":[{"name":"wp","href":"https:\/\/api.w.org\/{rel}","templated":true}]}}