{"id":560,"date":"2020-06-24T11:16:49","date_gmt":"2020-06-24T11:16:49","guid":{"rendered":"https:\/\/haitises.com\/?post_type=product&#038;p=560"},"modified":"2024-03-17T14:02:25","modified_gmt":"2024-03-17T14:02:25","slug":"excursion-de-observacion-de-aves-en-el-parque-nacional-los-haitises","status":"publish","type":"product","link":"https:\/\/visitaloshaitises.com\/fy\/private\/fugelwacht-ekskurzje-yn-los-haitises-national-park\/","title":{"rendered":"F\u00fbgelwacht ekskurzje yn Los Haitises National Park"},"content":{"rendered":"<div class=\"vc_row wpb_row vc_row-fluid\" ><div class=\"wpb_column vc_column_container vc_col-sm-12\"><div class=\"vc_column-inner\"><div class=\"wpb_wrapper\"><div class=\"mkdf-section-title-holder\" style=\"text-align: left\">\n\t<div class=\"mkdf-st-inner\">\n\t\t\t\t\t<h5 class=\"mkdf-st-subtitle\" >\n\t\t\t\tRidgway&#039;s Hawk Tour - El Gavil\u00e1n de La Hispaniola yn Los Haitises\t\t\t<\/h5>\n\t\t\t\t\t\t\t<\/div>\n<\/div><\/div><\/div><\/div><\/div><div class=\"vc_row wpb_row vc_row-fluid\" ><div class=\"wpb_column vc_column_container vc_col-sm-12\"><div class=\"vc_column-inner\"><div class=\"wpb_wrapper\">\n\t<div class=\"wpb_text_column wpb_content_element\" >\n\t\t<div class=\"wpb_wrapper\">\n\t\t\t<h2>F\u00fbgel sjen yn Los Haitises National Park<\/h2>\n<h3>Beskriuwing<\/h3>\n<p>Nasjonaal Park Los Haitises is in popul\u00eare bestimming foar natuerleafhawwers en f\u00fbgelwachters, om&#039;t it fan grut belang is foar bioferskaat en faunarykdom, sawol yn termen fan endemisme as soarten. Tropyske jungle mei yndrukwekkende l\u00e2nskippen en ien fan &#039;e grutste en wichtichste natuerreservaten yn&#039; e Dominikaanske Republyk. Los Haitises is it th\u00fas fan in grut ferskaat oan l\u00e2nseigen, endemyske en trekf\u00fbgels, w\u00earfan guon frij seldsum en bedrige binne. De measte minsken geane mei de boat \u00fat om it park en har grotten, eilannen en wylde dieren te ferkennen.<\/p>\n<p>Wy beh\u00e2lde 110 soarten f\u00fbgels dy&#039;t jo kinne fine yn Los Haitises National Park. Rinne troch dit magyske bosk op syk nei papegaaien, ravinen, hawken, tanagers, kolibris en folle mear. It jout in nijsgjirrich ferhaal oer al dizze f\u00fbgels dy&#039;t jo kinne sjen op it reinw\u00e2ldspoar. Wy kenne de habitats fan sparrowhawks, Ash-faced Owls en oare endemyske soarten. Dizze Tour rjochtet him op natuer en is mear konsintrearre op wildlife ynformaasje.<\/p>\n<p>It is normaal in privee tour foar in echt hege kwaliteit \u00fbnderfining.<\/p>\n<h3>Ynkl\u00fazjes en \u00fatslutings<\/h3>\n<h4>Inclusions<\/h4>\n<ol>\n<li>3 oeren f\u00fbgelkuier op parkpaden<\/li>\n<li>Alle belestingen, fergoedings en \u00f4fhannelingskosten<\/li>\n<li>Lokale belestingen<\/li>\n<li>Miljeu offisieren Ingelsk \/ Spaansk tour gidsen<\/li>\n<\/ol>\n<h4>\u00datslutings<\/h4>\n<ol>\n<li>Tips<\/li>\n<li>Ferfier<\/li>\n<li>Drinke<\/li>\n<\/ol>\n<h3><em>Fertrek en werom<\/em><\/h3>\n<p>El recorrido, organizado por \u00abBooking Adventures\u00bb, comienza en el punto de encuentro establecido con el gu\u00eda tur\u00edstico. El viajero obtendr\u00e1 un punto de encuentro despu\u00e9s del proceso de reserva. Los tours comienzan y terminan en nuestros puntos de encuentro.<\/p>\n<h3><em>Wat te ferwachtsjen?<\/em><\/h3>\n<p>Krij jo kaartsje foar f\u00fbgelwachten yn Los Haitises National Park.<\/p>\n<p>Dizze ekskurzje begjint fan it moetingspunt kuierjen l\u00e2ns de boskpaden oant it berikken fan de n\u00eastgebieten. Nei 30 minuten fan kuierjen en observearjen fan de Gavilanes, hawwe wy de opsje om fierder te kuierjen en te sykjen nei papegaaien, bekken en oare endemyske soarten yn Los Haitises National Park.<\/p>\n<p>Los Haitises National Park hat mar twa f\u00fbgelwachten yn Sabana de la Mar. Underweis nei Los Hiatises National Park stopje wy op in pear plakken om mear f\u00fbgels te sjen.<\/p>\n<p>Being yn &#039;e baai fan San Lorenzo. Wy sille twa grotten besykje, de saneamde Sandly Cave yn it Spaansk Cueva de la Arena; Yn dizze grot kinne wy de petroglyfen sjen fan &#039;e Taino-mienskippen dy&#039;t yn dit gebiet bleaunen. en mei help fan de grotten as in timpel.<\/p>\n<p>D\u00earnei geane wy nei de Linea-grot, dizze mei 2.243 orizjinele piktogrammen en \u00fas reisgids leit de argeologyske ynformaasje oer dy piktogrammen \u00fat.<\/p>\n<p>Mei de boat wer nei El Cayo de los P\u00e1jaros (F\u00fbgeleil\u00e2n) d\u00ear&#039;t wy de measte f\u00fbgels sjen kinne fan &#039;e wetlannen om Los Haitises National Park hinne. Krekt omdat alle f\u00fbgels net yn it wetter binne.<\/p>\n<p>Nei 4 en in heal oere learen oer f\u00fbgels yn Los Haitises National Park, einiget dizze ekskurzje op itselde plak as it begon.<\/p>\n<p><strong>Noat<\/strong>: Dizze tochten binne mei r\u00fbnliedings fan offisjele ekologen. Boek foar\u00f4f want der binne net folle spesjalisten yn it park.<\/p>\n<h3>Wat moatte jo bringe?<\/h3>\n<ul>\n<li>Kamera<\/li>\n<li>Binocular<\/li>\n<li>Repellents<\/li>\n<li>sunscreen<\/li>\n<li>Hoed<\/li>\n<li>Komfortabele broek<\/li>\n<li>Bosk kuierschoenen<\/li>\n<li>Sandalen nei springgebieten.<\/li>\n<li>Swimpak<\/li>\n<\/ul>\n<h3><em>Hotel pickup<\/em><\/h3>\n<p>Hotel pickup wurdt net oanbean foar dizze tour.<\/p>\n<p><strong>Noat<\/strong>: As jo boeke binnen 24 oeren fan de tour \/ ekskurzje fertrek tiid, kinne wy regelje hotel pickup mei ekstra kosten. Sadree&#039;t jo oankeap is folt\u00f4ge, sille wy stjoere jo folsleine kontakt ynformaasje (tillefoann\u00fbmer, e-mailadres, ensfh) Foar \u00fas lokale tour gids te regeljen pickup arranzjeminten.<\/p>\n<h3><em>Bef\u00eastiging fan oanfoljende ynformaasje<\/em><\/h3>\n<ol>\n<li>De kaartsjes binne de \u00fbntfangst nei it beteljen fan dizze Tour. Jo kinne de betelling sjen litte op jo tillefoan.<\/li>\n<li>It moetingspunt wurdt \u00fbntfongen nei it reservearringsproses.<\/li>\n<li>Bern moatte wurde begelaat troch in folwoeksene.<\/li>\n<li>Net rolstoel tagonklik<\/li>\n<li>Bern moatte sitte yn in bernestoel of mei in folwoeksene<\/li>\n<li>Net oan te rieden foar reizgers mei r\u00eachproblemen.<\/li>\n<li>Net oan te rieden foar swiere froulju.<\/li>\n<li>Gjin hertproblemen of oare serieuze medyske omstannichheden.<\/li>\n<li>De measte reizgers kinne meidwaan.<\/li>\n<\/ol>\n<p>Dizze tocht wurdt oanbean oan in minimum fan 2 persoanen en in maksimum fan 15 minsken. By minder minsken, nim dan kontakt mei \u00fas op.<\/p>\n<h3><em>Cancellation belied<\/em><\/h3>\n<p>Foar in folsleine restit\u00fasje, annulearje op syn minst 24 oeren foar de startdatum fan &#039;e \u00fbnderfining.<\/p>\n<h3>Kontakt mei \u00fas opnimme?<\/h3>\n<p>Booking Adventures<br \/>\nLokale en nasjonale tour gidsen en gast tsjinsten<\/p>\n<p>Reservaasjes: Tours en ekskurzjes yn Dom Reps.<\/p>\n<p>\ud83d\udcde Tel \/ Whatsapp + 1-809-720-6035.<\/p>\n<p>\ud83d\udce9 info@bookingadventures.com.do<\/p>\n<p>Organizamos tours privados de con flexibilidad por Whatsapp: +18097206035.<\/p>\n\n\t\t<\/div>\n\t<\/div>\n<\/div><\/div><\/div><\/div>","protected":false},"excerpt":{"rendered":"<p>De reis nei Los Haitises National Park mei in pleatslike gids rjochtet him op f\u00fbgelwachten + grotten. Besykje de Keys yn Los Haitises National Park, mangroves, fegetaasje, f\u00fbgelwachten, grotten, piktogrammen en de histoaryske gebieten fan Sabana de la Mar yn Los Haitises National Park.<\/p>\n<p><strong>Selektearje asjebleaft de datum foar de Tour<\/strong><\/p>","protected":false},"featured_media":177,"template":"","meta":[],"product_brand":[],"product_cat":[119,120,96,98,121,122,443,123,124],"product_tag":[176,177,178,179,180,181,182,183,184,185,186,132,187,133,188,189,190,191,192,114,142,147,193],"class_list":{"0":"post-560","1":"product","2":"type-product","3":"status-publish","4":"has-post-thumbnail","6":"product_cat-caves","7":"product_cat-fees-entrace","8":"product_cat-hiking","9":"product_cat-local-tour-guides","10":"product_cat-mangroves","11":"product_cat-tours-and-excursions","12":"product_cat-tours-y-excursiones-es","13":"product_cat-tours-excursions-los-haitises-national-park","14":"product_cat-tours-excursions-samana-bay-dominican-republic","15":"product_tag-biding-sabana-de-la-mar","16":"product_tag-birding","17":"product_tag-birding-dominican-republic","18":"product_tag-birding-in-los-haitises","19":"product_tag-birdwatching","20":"product_tag-birdwatching-dominicana","21":"product_tag-birdwtaching","22":"product_tag-boat-tour-birding","23":"product_tag-carretera-cano-hondo","24":"product_tag-eco-lodge-paraiso-cano-hondo","25":"product_tag-hire-a-guide-in-los-haitises","26":"product_tag-los-haitises","27":"product_tag-los-haitises-birding","28":"product_tag-los-haitises-national-park","29":"product_tag-los-haitises-national-park-birding-tour-from-punta-cana","30":"product_tag-los-haitises-national-park-cano-hondo","31":"product_tag-los-haitises-samana","32":"product_tag-nature","33":"product_tag-ridgways-hawk","34":"product_tag-sabana-de-la-mar","35":"product_tag-samana","36":"product_tag-samana-bay","37":"product_tag-wildlife","39":"first","40":"instock","41":"sale","42":"sold-individually","43":"shipping-taxable","44":"product-type-external"},"_links":{"self":[{"href":"https:\/\/visitaloshaitises.com\/fy\/wp-json\/wp\/v2\/product\/560","targetHints":{"allow":["GET"]}}],"collection":[{"href":"https:\/\/visitaloshaitises.com\/fy\/wp-json\/wp\/v2\/product"}],"about":[{"href":"https:\/\/visitaloshaitises.com\/fy\/wp-json\/wp\/v2\/types\/product"}],"wp:featuredmedia":[{"embeddable":true,"href":"https:\/\/visitaloshaitises.com\/fy\/wp-json\/wp\/v2\/media\/177"}],"wp:attachment":[{"href":"https:\/\/visitaloshaitises.com\/fy\/wp-json\/wp\/v2\/media?parent=560"}],"wp:term":[{"taxonomy":"product_brand","embeddable":true,"href":"https:\/\/visitaloshaitises.com\/fy\/wp-json\/wp\/v2\/product_brand?post=560"},{"taxonomy":"product_cat","embeddable":true,"href":"https:\/\/visitaloshaitises.com\/fy\/wp-json\/wp\/v2\/product_cat?post=560"},{"taxonomy":"product_tag","embeddable":true,"href":"https:\/\/visitaloshaitises.com\/fy\/wp-json\/wp\/v2\/product_tag?post=560"}],"curies":[{"name":"wp","href":"https:\/\/api.w.org\/{rel}","templated":true}]}}