{"id":551,"date":"2020-06-19T20:10:32","date_gmt":"2020-06-19T20:10:32","guid":{"rendered":"https:\/\/haitises.com\/?post_type=product&#038;p=551"},"modified":"2023-10-14T21:50:12","modified_gmt":"2023-10-14T21:50:12","slug":"excursion-al-los-haitises-y-cano-hondo-desde-samana","status":"publish","type":"product","link":"https:\/\/visitaloshaitises.com\/fy\/private\/excursion-al-los-haitises-y-cano-hondo-desde-samana\/","title":{"rendered":"Ekskurzje nei Los Haitises en Ca\u00f1o Hondo fan Saman\u00e1"},"content":{"rendered":"<div class=\"vc_row wpb_row vc_row-fluid\" ><div class=\"wpb_column vc_column_container vc_col-sm-12\"><div class=\"vc_column-inner\"><div class=\"wpb_wrapper\"><div class=\"mkdf-section-title-holder\" style=\"text-align: left\">\n\t<div class=\"mkdf-st-inner\">\n\t\t\t\t\t<h5 class=\"mkdf-st-subtitle\" >\n\t\t\t\tLunch en swimme yn natuerlike swimbaden\t\t\t<\/h5>\n\t\t\t\t\t\t\t<\/div>\n<\/div><\/div><\/div><\/div><\/div><div class=\"vc_row wpb_row vc_row-fluid\" ><div class=\"wpb_column vc_column_container vc_col-sm-12\"><div class=\"vc_column-inner\"><div class=\"wpb_wrapper\">\n\t<div class=\"wpb_text_column wpb_content_element\" >\n\t\t<div class=\"wpb_wrapper\">\n\t\t\t<h2>Los Haitises National Park + Lunch yn Cano Hondo \u00fat de haven fan Saman\u00e1.<\/h2>\n<h3><em>Beskriuwing<\/em><\/h3>\n<p>Los Haitises National Park begjint fan &#039;e haven fan Saman\u00e1 plus in prachtige lunch en swimme yn natuerlike boarnen by Ca\u00f1o Hondo Ecolodge. Kom mei \u00fas en besykje it moaiste nasjonaal park yn &#039;e Dominikaanske Republyk, besykje mangroven, grotten en San Lorenzo Bay, en ek oerstekke de prachtige Saman\u00e1 Bay. Nei it middeisiten yn Ca\u00f1o Hondo hawwe jo de k\u00e2ns om in pear oeren yn &#039;e natuerlike puollen te swimmen en dan werom te gean nei de haven fan Saman\u00e1.<\/p>\n<p>Nei dizze \u00fbnderfining komme jo werom nei de haven fan Saman\u00e1.<\/p>\n<ul>\n<li>Belestingen ynbegrepen<\/li>\n<li>De gids jout ynstruksje en tafersjoch.<\/li>\n<\/ul>\n<h3>Ynkl\u00fazjes en \u00fatslutings<\/h3>\n<h4>Inclusions<\/h4>\n<ol>\n<li>Los Haitises Tour + grotten en piktogrammen<\/li>\n<li>Lunch yn Ca\u00f1o Hondo<\/li>\n<li>Swim yn natuerlike swimbaden<\/li>\n<li>Alle belestingen, fergoedings en \u00f4fhannelingskosten.<\/li>\n<li>Lokale belestingen<\/li>\n<li>Drankjes<\/li>\n<li>Alle aktiviteiten<\/li>\n<li>Lokale gids<\/li>\n<\/ol>\n<h4>\u00datslutings<\/h4>\n<ol>\n<li>Tips<\/li>\n<li>Oerdracht<\/li>\n<li>Alcoholic beverages<\/li>\n<\/ol>\n<h3><em>Fertrek en werom<\/em><\/h3>\n<p>De reizger krijt in moetingspunt nei it boekingsproses. Tours begjinne en einigje op \u00fas moetingspunten.<\/p>\n<h3><em>Wat te ferwachtsjen?<\/em><\/h3>\n<p>Krij jo kaartsjes om Los Haitises National Park te besykjen mei in prachtige lunch by Ca\u00f1o Hondo en swimme yn &#039;e natuerlike swimbaden.<\/p>\n<p>Begjin fan &#039;e haven fan Saman\u00e1 oan board fan in boat of katamaran mei in pleatslike r\u00fbnlieding, passe wy de baai fan Saman\u00e1 neist Sabana de la Mar om ien fan&#039; e moaiste nasjonale parken yn &#039;e Dominikaanske Republyk te besykjen.<\/p>\n<h5>Los Haitises Nasjonaal Park.<\/h5>\n<p>It eil\u00e2n besykje mei f\u00fbgels om. Yn it briedseizoen kinne wy sels pelikanen yn de n\u00easten sjen. Gean djipper yn &#039;e rotsige eilannen en besykje de grotten mei piktogrammen en petroglyfen fan&#039; e l\u00e2nseigen minsken.<\/p>\n<p>El recorrido, organizado por \u00abBooking Adventures\u00bb, comienza en el punto de encuentro establecido con el gu\u00eda tur\u00edstico. Ven con Booking Adventures y comienza a observar algunos manglares llenos de aves, colinas onduladas de exuberante vegetaci\u00f3n y cuevas del Parque Nacional Los Haitises.<\/p>\n<p>El nombre del parque nacional proviene de sus habitantes originales, los indios ta\u00ednos. En su idioma, \u00abHaitises\u00bb se traduce a tierras altas o colinas, una referencia a las empinadas formaciones geol\u00f3gicas de la costa con calizas. Avent\u00farate en el parque para explorar cuevas como la Cueva de la Arena y la Cueva de la L\u00ednea.<\/p>\n<p>De grotten yn it reservaat waarden br\u00fbkt as \u00fbnderdak troch de Ta\u00edno-Yndianen en letter troch ferburgen piraten. Sjoch foar tekeningen fan Yndianen dy&#039;t guon fan &#039;e muorren dekorearje.<\/p>\n<p>Nei it besykjen fan it Nasjonaal Park Los Haitises sille wy nei Cano Hondo gean. Yn Cano Hondo sille jo leare oer dizze ekologyske skiednis en lunch tiid hawwe mei it typyske iten fan &#039;e Sabana de la mar-mienskip.<\/p>\n<p>Lunch sil lekker w\u00eaze mar wy binne noch net klear. Nei it middeis sille wy swimme yn &#039;e natuerlike puollen fan&#039; e rivier de Jibales, in rivier nei de rivier de Ca\u00f1o Hondo. Bliuw yn Ca\u00f1o Hondo oant 16.00 oere en werom nei de haven fan Saman\u00e1, sille wy wer troch de mangroves gean en oankomme by de iepen baai fan San Lorenzo, w\u00earfan jo it r\u00fbge boskl\u00e2nskip fotografearje kinne. Sjoch \u00fat yn it wetter om manatees, kreeften en dolfinen te sjen.<\/p>\n<p>Oant it momint sille jo regelje mei de gids en nei dit gean nei de haven fan Cano Hondo en nim in boat werom nei de haven fan Saman\u00e1 foarby de baai fan Saman\u00e1 30 minuten.<\/p>\n<p>As jo dizze reis mear leuk fine, hawwe wy dizze opsjes:<\/p>\n<p>Los Haitises + Cayo Levantado \u00fat de haven fan Saman\u00e1.<\/p>\n<h3><em>Wat moatte jo bringe?<\/em><\/h3>\n<ul>\n<li>Kamera<\/li>\n<li>Repellents<\/li>\n<li>sunscreen<\/li>\n<li>Hoed<\/li>\n<li>Komfortabele broek<\/li>\n<li>Bosk kuierschoenen<\/li>\n<li>Sandalen nei springgebieten.<\/li>\n<li>Swimpak<\/li>\n<\/ul>\n<h3><em>Hotel pickup<\/em><\/h3>\n<p>Hotel pickup wurdt net oanbean foar dizze tour.<\/p>\n<p><strong>Noat:<\/strong> As jo boeke binnen 24 oeren fan de tour \/ ekskurzje fertrek tiid, kinne wy regelje hotel pickup mei ekstra kosten. Sadree&#039;t jo oankeap is folt\u00f4ge, sille wy stjoere jo folsleine kontakt ynformaasje (tillefoann\u00fbmer, e-mailadres, ensfh) Foar \u00fas lokale tour gids te regeljen pickup arranzjeminten.<\/p>\n<h3>Bef\u00eastiging fan oanfoljende ynformaasje<\/h3>\n<ol>\n<li>De kaartsjes binne de \u00fbntfangst nei it beteljen fan dizze Tour. Jo kinne de betelling sjen litte op jo tillefoan.<\/li>\n<li>It moetingspunt wurdt \u00fbntfongen nei it reservearringsproses.<\/li>\n<li>Bern moatte wurde begelaat troch in folwoeksene.<\/li>\n<li>Net rolstoel tagonklik<\/li>\n<li>Bern moatte sitte yn bernestoelen of mei in folwoeksene<\/li>\n<li>Net oan te rieden foar reizgers mei r\u00eachproblemen.<\/li>\n<li>Net oan te rieden foar swiere froulju.<\/li>\n<li>Gjin hertproblemen of oare serieuze medyske omstannichheden.<\/li>\n<li>De measte reizgers kinne meidwaan.<\/li>\n<\/ol>\n<h3><em>Cancellation belied<\/em><\/h3>\n<p>Foar in folsleine restit\u00fasje, annulearje op syn minst 24 oeren foar de startdatum fan &#039;e \u00fbnderfining.<\/p>\n\n\t\t<\/div>\n\t<\/div>\n<\/div><\/div><\/div><\/div><div class=\"vc_row wpb_row vc_row-fluid\" ><div class=\"wpb_column vc_column_container vc_col-sm-12\"><div class=\"vc_column-inner\"><div class=\"wpb_wrapper\"><div class=\"vc_empty_space\"   style=\"height: 32px\"><span class=\"vc_empty_space_inner\"><\/span><\/div>\n\t<div class=\"wpb_video_widget wpb_content_element vc_clearfix   vc_video-aspect-ratio-169 vc_video-el-width-100 vc_video-align-left\" >\n\t\t<div class=\"wpb_wrapper\">\n\t\t\t\n\t\t\t<div class=\"wpb_video_wrapper\"><iframe loading=\"lazy\" title=\"Los Haitises Nasjonaal Park, tochten en ekskurzjes fan Samana of Sabana de la Mar. Boek hjir:\" src=\"https:\/\/player.vimeo.com\/video\/346508015?dnt=1&amp;app_id=122963\" width=\"1100\" height=\"619\" frameborder=\"0\" allow=\"autoplay; fullscreen\" allowfullscreen><\/iframe><\/div>\n\t\t<\/div>\n\t<\/div>\n<\/div><\/div><\/div><\/div><div class=\"vc_row wpb_row vc_row-fluid\" ><div class=\"wpb_column vc_column_container vc_col-sm-12\"><div class=\"vc_column-inner\"><div class=\"wpb_wrapper\"><div class=\"vc_empty_space\"   style=\"height: 32px\"><span class=\"vc_empty_space_inner\"><\/span><\/div>\n\t<div class=\"wpb_text_column wpb_content_element\" >\n\t\t<div class=\"wpb_wrapper\">\n\t\t\t<h4>Kontakt mei \u00fas opnimme?<\/h4>\n<h5>Adventure Reservations<\/h5>\n<p><em>Tour gidsen<\/em> <em><strong>pleatslik<\/strong><\/em> en <strong><em>lanlik<\/em><\/strong> &amp;<em>\u00a0gast tsjinsten<\/em><\/p>\n<p>Reservearrings: Tours en ekskurzjes yn Dom. Rep.<\/p>\n<p>Tel \/ WhatsApp +1-809-720-6035.<\/p>\n<p>info@bookingadventures.com.do<\/p>\n<p>Wy binne privee tochten mei fleksibele konfiguraasje troch Whatsapp: +18097206035.<\/p>\n\n\t\t<\/div>\n\t<\/div>\n<div class=\"vc_empty_space\"   style=\"height: 32px\"><span class=\"vc_empty_space_inner\"><\/span><\/div><\/div><\/div><\/div><\/div>","protected":false},"excerpt":{"rendered":"<p><strong>Selektearje asjebleaft datum foar The Tour\u00a0<\/strong><\/p>","protected":false},"featured_media":104,"template":"","meta":[],"product_brand":[],"product_cat":[119,96,144,98,135,121,99,122,443,123,124],"product_tag":[126,127,128,145,132,133,146,147,148,143],"class_list":{"0":"post-551","1":"product","2":"type-product","3":"status-publish","4":"has-post-thumbnail","6":"product_cat-caves","7":"product_cat-hiking","8":"product_cat-kayaking","9":"product_cat-local-tour-guides","10":"product_cat-lunch","11":"product_cat-mangroves","12":"product_cat-swimming-natural-springs","13":"product_cat-tours-and-excursions","14":"product_cat-tours-y-excursiones-es","15":"product_cat-tours-excursions-los-haitises-national-park","16":"product_cat-tours-excursions-samana-bay-dominican-republic","17":"product_tag-cano-hondo","18":"product_tag-cano-hondo-hotel","19":"product_tag-cano-hondo-tours","20":"product_tag-day-tour-cano-hondo","21":"product_tag-los-haitises","22":"product_tag-los-haitises-national-park","23":"product_tag-mangroves-los-haitises","24":"product_tag-samana-bay","25":"product_tag-samana-excursions","26":"product_tag-samana-tours","28":"first","29":"instock","30":"sale","31":"sold-individually","32":"shipping-taxable","33":"product-type-external"},"_links":{"self":[{"href":"https:\/\/visitaloshaitises.com\/fy\/wp-json\/wp\/v2\/product\/551","targetHints":{"allow":["GET"]}}],"collection":[{"href":"https:\/\/visitaloshaitises.com\/fy\/wp-json\/wp\/v2\/product"}],"about":[{"href":"https:\/\/visitaloshaitises.com\/fy\/wp-json\/wp\/v2\/types\/product"}],"wp:featuredmedia":[{"embeddable":true,"href":"https:\/\/visitaloshaitises.com\/fy\/wp-json\/wp\/v2\/media\/104"}],"wp:attachment":[{"href":"https:\/\/visitaloshaitises.com\/fy\/wp-json\/wp\/v2\/media?parent=551"}],"wp:term":[{"taxonomy":"product_brand","embeddable":true,"href":"https:\/\/visitaloshaitises.com\/fy\/wp-json\/wp\/v2\/product_brand?post=551"},{"taxonomy":"product_cat","embeddable":true,"href":"https:\/\/visitaloshaitises.com\/fy\/wp-json\/wp\/v2\/product_cat?post=551"},{"taxonomy":"product_tag","embeddable":true,"href":"https:\/\/visitaloshaitises.com\/fy\/wp-json\/wp\/v2\/product_tag?post=551"}],"curies":[{"name":"wp","href":"https:\/\/api.w.org\/{rel}","templated":true}]}}