{"id":11316,"date":"2021-08-15T20:08:36","date_gmt":"2021-08-15T20:08:36","guid":{"rendered":"https:\/\/haitises.com\/?post_type=product&#038;p=11316"},"modified":"2024-04-10T16:08:18","modified_gmt":"2024-04-10T16:08:18","slug":"los-haitises-national-park-playa-el-rincon-beach-2","status":"publish","type":"product","link":"https:\/\/visitaloshaitises.com\/fy\/private\/los-haitises-national-park-playa-el-rincon-beach-2\/","title":{"rendered":"Los Haitises National Park + Playa el Rinc\u00f3n str\u00e2n"},"content":{"rendered":"<div class=\"vc_row wpb_row vc_row-fluid\" ><div class=\"wpb_column vc_column_container vc_col-sm-12\"><div class=\"vc_column-inner\"><div class=\"wpb_wrapper\"><div class=\"mkdf-section-title-holder\" style=\"text-align: left\">\n\t<div class=\"mkdf-st-inner\">\n\t\t\t\t\t<h5 class=\"mkdf-st-subtitle\" >\n\t\t\t\tCaves, Mangroves, Lunch &amp; Swimming at The Beach\t\t\t<\/h5>\n\t\t\t\t\t\t\t<h3 class=\"mkdf-st-title\" >\n\t\t\t\tLos Haitises National Park + Playa el Rinc\u00f3n str\u00e2n\t\t\t<\/h3>\n\t\t\t\t\t<\/div>\n<\/div><\/div><\/div><\/div><\/div><div class=\"vc_row wpb_row vc_row-fluid\" ><div class=\"wpb_column vc_column_container vc_col-sm-12\"><div class=\"vc_column-inner\"><div class=\"wpb_wrapper\">\n\t<div class=\"wpb_text_column wpb_content_element\" >\n\t\t<div class=\"wpb_wrapper\">\n\t\t\t<h4><b><i>Oersicht <\/i><\/b><\/h4>\n<p>Los Haitises National Park and Playa El Rincon with Lunch on the beach. Come with us and visit the most beautiful national park of Dominican Republic, Visiting Mangroves, Caves and San Lorenzo Bay. After back to Samana port to take a\u00a0 private trip to Playa El Rincon Beach with Lunch on the Beach<\/p>\n<p>After this experience, you will get your time on the beach plus local lunch on the beach.<\/p>\n<ul>\n<li style=\"font-weight: 400;\"><span style=\"font-weight: 400;\">Includes buffet lunch on the beach <\/span><\/li>\n<li style=\"font-weight: 400;\">Fees included<\/li>\n<li style=\"font-weight: 400;\"><span style=\"font-weight: 400;\">The guide provides instruction and Supervision<\/span><\/li>\n<\/ul>\n<p>&nbsp;<\/p>\n<h4><b>Ynklusjes &amp; \u00fatslutings<\/b><\/h4>\n<p>&nbsp;<\/p>\n<p><b>Inclusions<\/b><\/p>\n<ol>\n<li style=\"font-weight: 400;\"><span style=\"font-weight: 400;\">\u00a0lunch on the beach<\/span><\/li>\n<li style=\"font-weight: 400;\">Los Haitises Tour + Playa El Rincon<\/li>\n<li style=\"font-weight: 400;\"><span style=\"font-weight: 400;\">Alle belestingen, fergoedings en \u00f4fhannelingskosten<\/span><\/li>\n<li style=\"font-weight: 400;\"><span style=\"font-weight: 400;\">Lokale belestingen<\/span><\/li>\n<li style=\"font-weight: 400;\"><span style=\"font-weight: 400;\">Beverages<\/span><\/li>\n<li style=\"font-weight: 400;\"><span style=\"font-weight: 400;\">Alle aktiviteiten<\/span><\/li>\n<li style=\"font-weight: 400;\"><span style=\"font-weight: 400;\">Lokale gids<\/span><\/li>\n<\/ol>\n<p><b> \u00datslutings<\/b><\/p>\n<ol>\n<li style=\"font-weight: 400;\"><span style=\"font-weight: 400;\">Gratuities<\/span><\/li>\n<li style=\"font-weight: 400;\"><span style=\"font-weight: 400;\">Oerdracht<\/span><\/li>\n<li style=\"font-weight: 400;\"><span style=\"font-weight: 400;\">Alcoholic Drinks<\/span><\/li>\n<\/ol>\n<p>&nbsp;<\/p>\n<h4><em><strong>Fertrek &amp; werom<\/strong><\/em><\/h4>\n<p><span style=\"font-weight: 400;\">De reizger sil in moetingspunt krije nei it reservearringsproses. Tours begjinne en einige yn \u00fas moetingspunten.<\/span><\/p>\n<p>&nbsp;<\/p>\n<h4><b><i>Wat te ferwachtsjen?<\/i><\/b><\/h4>\n<p>&nbsp;<\/p>\n<p><em><strong>Krij jo kaartsjes<\/strong><\/em> for visiting Los Haitises National Park with a wonderful lunch at Playa El Rincon Beach.<\/p>\n<p><span style=\"font-weight: 400;\">The tour, organized by \u00abBooking Adventures\u00bb starts at the meeting point set with the Tour Guide.<\/span><\/p>\n<div class=\"teaser-description\">Take a boat tour through Samana bay to Visit Los Haitises National Park, Going by mangrove swamps, past ancient pirate caves and into protected forests in this picturesque reserve.<\/div>\n<div class=\"body-description secondary\">\n<p>Come with Booking Adventures and start checking some bird-filled mangroves, rolling hills of lush vegetation and caves of <em><strong>Los Haitises National Park<\/strong><\/em>. Taking a boat Excursion from Samana Port.<\/p>\n<p>The national park\u2019s name comes from its original inhabitants, the Taino Indians. In their language \u201cHaitises\u201d translates to highlands or Hills, a reference to the coastline\u2019s steep geological formations with Limestones. Venture deeper into the park to explore caves such as the <em><strong>Cueva de la Arena<\/strong><\/em> en <strong><em>Cueva de la L\u00cdnea.<\/em><\/strong> Caves in the reserve were used as shelter by the Taino Indians and, later, by hiding pirates. Look for drawings by Indians that decorate some of the walls.<\/p>\n<p>After visiting Los Haitises National Park we will take the boat and going through the mangroves and Land at the open San Lorenzo Bay directly to\u00a0 Saman\u00e1 Port. In Saman\u00e1 Port, we take our private Transportation to El Rinc\u00f3n beach for lunch.<\/p>\n<p>Lunch will be delicious but we did not finish yet. After lunchtime, you will have time to enjoy the beach or just sit in a shade and enjoy Pi\u00f1a Colada or Coco Loco in one of typical Dominican bar. Around 4:30 pm leaving from the beach and coming back to Saman\u00e1.<\/p>\n<\/div>\n<p>In the beach and you can stay as long you want swimming around. Frite fish and Tostones are offered! If you are Vegan we also can set some food for you.<\/p>\n<p>&nbsp;<\/p>\n<h4><em><strong>Wat moatte jo bringe?<\/strong><\/em><\/h4>\n<ul>\n<li style=\"font-weight: 400;\"><span style=\"font-weight: 400;\">kamera<\/span><\/li>\n<li style=\"font-weight: 400;\"><span style=\"font-weight: 400;\">Repellent knoppen<\/span><\/li>\n<li style=\"font-weight: 400;\"><span style=\"font-weight: 400;\">sinnebr\u00e2n<\/span><\/li>\n<li style=\"font-weight: 400;\"><span style=\"font-weight: 400;\">Hoed<\/span><\/li>\n<li style=\"font-weight: 400;\"><span style=\"font-weight: 400;\">Komfortabele broek<\/span><\/li>\n<li style=\"font-weight: 400;\"><span style=\"font-weight: 400;\">Hiking skuon foar bosk<\/span><\/li>\n<li style=\"font-weight: 400;\"><span style=\"font-weight: 400;\">Sandalen nei it str\u00e2n<\/span><\/li>\n<li style=\"font-weight: 400;\"><span style=\"font-weight: 400;\">Swimklean<\/span><\/li>\n<\/ul>\n<p>&nbsp;<\/p>\n<h4><b><i>Hotel Pickup <\/i><\/b><\/h4>\n<p><span style=\"font-weight: 400;\">Hotel pick-up wurdt net oanbean foar dizze tour. <\/span><\/p>\n<p>&nbsp;<\/p>\n<p><b>Noat:<\/b><span style=\"font-weight: 400;\"> As jo binne boekt binnen 24 oeren fan de tour \/ Ekskurzje fertrek tiid, kinne wy regelje hotel pick-up mei ekstra Charges. Sadree&#039;t jo oankeap is folt\u00f4ge, stjoere wy jo folsleine kontaktynformaasje (tillefoann\u00fbmer, e-mailadres, ensfh.)<\/span><\/p>\n<h4><b><i>Oanfoljende Info Bef\u00eastiging <\/i><\/b><\/h4>\n<ol>\n<li>Tickets are the Receipt after paying this Tour. You can showthe payment on your phone.<\/li>\n<li style=\"font-weight: 400;\"><span style=\"font-weight: 400;\">Treffpunt sil wurde \u00fbntfongen nei it reservearringsproses.<\/span><\/li>\n<li style=\"font-weight: 400;\"><span style=\"font-weight: 400;\">Bern moatte wurde begelaat troch in folwoeksene.<\/span><\/li>\n<li style=\"font-weight: 400;\"><span style=\"font-weight: 400;\"> Net rolstoel tagonklik <\/span><\/li>\n<li style=\"font-weight: 400;\"><span style=\"font-weight: 400;\">Bern moatte op skoot sitte <\/span><\/li>\n<li style=\"font-weight: 400;\"><span style=\"font-weight: 400;\">Net oan te rieden foar reizgers mei r\u00eachproblemen<\/span><\/li>\n<li style=\"font-weight: 400;\"><span style=\"font-weight: 400;\">Net oan te rieden foar swiere reizgers <\/span><\/li>\n<li style=\"font-weight: 400;\"><span style=\"font-weight: 400;\"> Gjin hertproblemen of oare serieuze medyske omstannichheden <\/span><\/li>\n<li style=\"font-weight: 400;\"><span style=\"font-weight: 400;\">De measte reizgers kinne meidwaan<\/span><\/li>\n<\/ol>\n<h4><b><i>Cancellation Policy<\/i><\/b><\/h4>\n<p><span style=\"font-weight: 400;\">Foar in folsleine restit\u00fasje, annulearje op syn minst 24 oeren foar de startdatum fan &#039;e \u00fbnderfining.<\/span><\/p>\n\n\t\t<\/div>\n\t<\/div>\n<div class=\"vc_empty_space\"   style=\"height: 32px\"><span class=\"vc_empty_space_inner\"><\/span><\/div><\/div><\/div><\/div><\/div><div class=\"vc_row wpb_row vc_row-fluid\" ><div class=\"wpb_column vc_column_container vc_col-sm-12\"><div class=\"vc_column-inner\"><div class=\"wpb_wrapper\"><\/div><\/div><\/div><\/div>","protected":false},"excerpt":{"rendered":"<p>Los Haitises National Park and Playa El Rinc\u00f3n with Lunch on the beach. Come with us and visit the most beautiful national park of the Dominican Republic, Visiting Mangroves, Caves and San Lorenzo Bay. After back to Saman\u00e1 port to take a\u00a0 private trip to Playa El Rinc\u00f3n Beach with Lunch on the Beach.<\/p>\n<p>Get your tickets with offers here&#8230;<\/p>\n<p>&nbsp;<\/p>\n<p><strong>Selektearje asjebleaft datum foar The Tour\u00a0<\/strong><\/p>","protected":false},"featured_media":227,"template":"","meta":[],"product_brand":[],"product_cat":[98,135,124,154],"product_tag":[138,195,196,142,147,148,143],"class_list":{"0":"post-11316","1":"product","2":"type-product","3":"status-publish","4":"has-post-thumbnail","6":"product_cat-local-tour-guides","7":"product_cat-lunch","8":"product_cat-tours-excursions-samana-bay-dominican-republic","9":"product_cat-trails-or-paths","10":"product_tag-beach-time","11":"product_tag-el-rincon-beach","12":"product_tag-playa-el-rincon","13":"product_tag-samana","14":"product_tag-samana-bay","15":"product_tag-samana-excursions","16":"product_tag-samana-tours","18":"first","19":"instock","20":"sale","21":"sold-individually","22":"shipping-taxable","23":"product-type-external"},"_links":{"self":[{"href":"https:\/\/visitaloshaitises.com\/fy\/wp-json\/wp\/v2\/product\/11316","targetHints":{"allow":["GET"]}}],"collection":[{"href":"https:\/\/visitaloshaitises.com\/fy\/wp-json\/wp\/v2\/product"}],"about":[{"href":"https:\/\/visitaloshaitises.com\/fy\/wp-json\/wp\/v2\/types\/product"}],"wp:featuredmedia":[{"embeddable":true,"href":"https:\/\/visitaloshaitises.com\/fy\/wp-json\/wp\/v2\/media\/227"}],"wp:attachment":[{"href":"https:\/\/visitaloshaitises.com\/fy\/wp-json\/wp\/v2\/media?parent=11316"}],"wp:term":[{"taxonomy":"product_brand","embeddable":true,"href":"https:\/\/visitaloshaitises.com\/fy\/wp-json\/wp\/v2\/product_brand?post=11316"},{"taxonomy":"product_cat","embeddable":true,"href":"https:\/\/visitaloshaitises.com\/fy\/wp-json\/wp\/v2\/product_cat?post=11316"},{"taxonomy":"product_tag","embeddable":true,"href":"https:\/\/visitaloshaitises.com\/fy\/wp-json\/wp\/v2\/product_tag?post=11316"}],"curies":[{"name":"wp","href":"https:\/\/api.w.org\/{rel}","templated":true}]}}