{"id":607,"date":"2020-07-11T21:05:03","date_gmt":"2020-07-11T21:05:03","guid":{"rendered":"https:\/\/haitises.com\/?post_type=product&#038;p=607"},"modified":"2024-04-16T04:05:26","modified_gmt":"2024-04-16T04:05:26","slug":"excursion-samana-zipline-tirolesa-el-valle-con-almuerzo-en-la-playa","status":"publish","type":"product","link":"https:\/\/visitaloshaitises.com\/fr\/private\/excursion-en-tyrolienne-de-samana-dans-la-vallee-avec-dejeuner-sur-la-plage\/","title":{"rendered":"Saman\u00e1 Zipline (Tyrolienne) Excursion El Valle avec d\u00e9jeuner sur la plage"},"content":{"rendered":"<div class=\"vc_row wpb_row vc_row-fluid\" ><div class=\"wpb_column vc_column_container vc_col-sm-12\"><div class=\"vc_column-inner\"><div class=\"wpb_wrapper\"><div class=\"mkdf-section-title-holder\" style=\"text-align: left\">\n\t<div class=\"mkdf-st-inner\">\n\t\t\t\t\t<h5 class=\"mkdf-st-subtitle\" >\n\t\t\t\t Aventure en tyrolienne\t\t\t<\/h5>\n\t\t\t\t\t\t\t<\/div>\n<\/div><\/div><\/div><\/div><\/div><div class=\"vc_row wpb_row vc_row-fluid\" ><div class=\"wpb_column vc_column_container vc_col-sm-12\"><div class=\"vc_column-inner\"><div class=\"wpb_wrapper\"><div class=\"vc_empty_space\"   style=\"height: 32px\"><span class=\"vc_empty_space_inner\"><\/span><\/div><\/div><\/div><\/div><\/div><div class=\"vc_row wpb_row vc_row-fluid\" ><div class=\"wpb_column vc_column_container vc_col-sm-12\"><div class=\"vc_column-inner\"><div class=\"wpb_wrapper\">\n\t<div class=\"wpb_text_column wpb_content_element\" >\n\t\t<div class=\"wpb_wrapper\">\n\t\t\t<h2>Zip Line (Tyrolienne) Saman\u00e1, El Valle avec d\u00e9jeuner sur la plage<\/h2>\n<h3>Description<\/h3>\n<p>Tyrolienne \u00e0 Saman\u00e1, El Valle et d\u00e9jeuner sur la plage. Venez avec nous et visitez l&#039;une des plus longues tyroliennes des Cara\u00efbes. 12 lignes, 13 stations et plus de 7 400 pieds de c\u00e2ble. Pr\u00e9parez-vous et suivez vos guides sur douze plates-formes de tyroliennes qui traversent des lignes jusqu&#039;\u00e0 1\u00a0000 pieds (304 m\u00e8tres) tout en profitant de vues a\u00e9riennes du paysage.<\/p>\n<p>Apr\u00e8s cette exp\u00e9rience, vous passerez du temps \u00e0 la plage et un d\u00e9jeuner local sur la plage.<\/p>\n<ul>\n<li>Comprend un d\u00e9jeuner buffet sur la plage.<\/li>\n<li>Faites de la tyrolienne dans la for\u00eat tropicale et admirez la vue sur le paysage<\/li>\n<li>Le guide fournit des instructions et une supervision.<\/li>\n<\/ul>\n<h3>Inclusions et exclusions<\/h3>\n<h4>Inclusions<\/h4>\n<ol>\n<li>D\u00e9jeuner buffet sur la plage.<\/li>\n<li>Tour en tyrolienne<\/li>\n<li>For\u00eat de caf\u00e9 et de cacao<\/li>\n<li>Toutes les taxes, frais et charges<\/li>\n<li>Imp\u00f4ts locaux<\/li>\n<li>Boissons<\/li>\n<li>Toutes les activit\u00e9s<\/li>\n<li>Guide local<\/li>\n<\/ol>\n<h3>Exclusions<\/h3>\n<ol>\n<li>Pourboire<\/li>\n<li>Transfert<\/li>\n<li>Boissons alcoolis\u00e9es<\/li>\n<\/ol>\n<h3><em>D\u00e9part et retour<\/em><\/h3>\n<p>Le voyageur obtiendra un point de rendez-vous apr\u00e8s le processus de r\u00e9servation. Les visites commencent et se terminent \u00e0 nos points de rendez-vous.<\/p>\n<h3><em>Attendre?<\/em><\/h3>\n<p>Obtenez vos billets pour visiter la tyrolienne El Valle \u00e0 Saman\u00e1, ainsi qu&#039;un merveilleux d\u00e9jeuner et un moment de plage sur la plage d&#039;El Valle.<\/p>\n<p>Apr\u00e8s avoir obtenu tous les types d&#039;\u00e9quipements n\u00e9cessaires \u00e0 votre s\u00e9curit\u00e9 (harnais, casques, etc.), l&#039;action commencera en marchant un peu \u00e0 travers la for\u00eat humide de cocotiers et de cacao de Saman\u00e1.<\/p>\n<p>El recorrido, organizado por \u00abBooking Adventures\u00bb comienza en el punto de encuentro establecido con el gu\u00eda tur\u00edstico. Con una caba\u00f1a de la zona, donde reciben a los invitados con una degustaci\u00f3n de chocolate y caf\u00e9 org\u00e1nico y un trago de Mamajuana tambi\u00e9n. La emoci\u00f3n comienza en el momento en que los gu\u00edas de Zip-Line comienzan a colocar todo el equipo regulador en cada Zipliner y explican paso a paso qu\u00e9 hacer en la Zip Line. Se requerir\u00e1 el uso de cascos de seguridad con arn\u00e9s doble &#8230; la adrenalina comienza a surtir efecto, suda e incluso se arrepiente para ver la distancia del primer salto. Espere y participe en la \u00abl\u00ednea de seguridad\u00bb en el cable de acero, as\u00ed que es hora de liberar su cuerpo, experimentar la sensaci\u00f3n de volar, volar de plataforma en plataforma y disfrutar del aire con una vista privilegiada de las monta\u00f1as exuberantes, antiguas y tropicales. .<\/p>\n<p>R\u00e9servation d&#039;aventures, Zip-Line el Valle est compos\u00e9 de 12 plates-formes reli\u00e9es entre elles par trois c\u00e2bles en acier pour un total de 7 400 pieds de c\u00e2bles, supportant 13 mille livres chacun, o\u00f9 les aventuriers glissent \u00e0 partir de la premi\u00e8re plate-forme pirate inspir\u00e9e d&#039;un bateau et sur une distance de \u00c0 1 000 pieds de la deuxi\u00e8me plateforme, \u00e0 une hauteur de plus de 400 pieds. Pirouettez, criez d&#039;excitation ou d\u00e9tournez simplement votre regard \u00e0 un angle de 360 \u200b\u200bdegr\u00e9s, en d\u00e9couvrant la for\u00eat tropicale la plus luxuriante qui pousse au c\u0153ur des montagnes.<\/p>\n<p>Montez sur les c\u00e2bles jusqu&#039;\u00e0 de nombreuses stations et terminez \u00e0 la plage d&#039;El Valle. Cette plage est l\u2019une des plus belles de Saman\u00e1 et il n\u2019y a g\u00e9n\u00e9ralement pas beaucoup de monde qui visite les environs.<\/p>\n<p>D\u00e9jeunez sur la plage et restez aussi longtemps que vous le souhaitez pour nager. Poisson frit et Tostones offerts ! Si vous \u00eates v\u00e9g\u00e9talien, nous pouvons \u00e9galement vous pr\u00e9parer \u00e0 manger.<\/p>\n<h3><em>Que faut-il apporter ?<\/em><\/h3>\n<ul>\n<li>Appareil photo<\/li>\n<li>R\u00e9pulsifs<\/li>\n<li>cr\u00e8me solaire<\/li>\n<li>Chapeau<\/li>\n<li>Pantalon confortable<\/li>\n<li>Chaussures de randonn\u00e9e en for\u00eat<\/li>\n<li>Des sandales pour la plage<\/li>\n<li>Maillot de bain<\/li>\n<\/ul>\n<h3><em>Prise en charge \u00e0 l'h\u00f4tel<\/em><\/h3>\n<p>La prise en charge \u00e0 l&#039;h\u00f4tel n&#039;est pas propos\u00e9e pour cette visite.<\/p>\n<p><strong>Note:<\/strong> Si vous r\u00e9servez dans les 24 heures pr\u00e9c\u00e9dant l&#039;heure de d\u00e9part de la visite\/excursion, nous pouvons organiser une prise en charge \u00e0 l&#039;h\u00f4tel moyennant des frais suppl\u00e9mentaires. Une fois votre achat termin\u00e9, nous vous enverrons les coordonn\u00e9es compl\u00e8tes (num\u00e9ro de t\u00e9l\u00e9phone, adresse e-mail, etc.) de notre guide touristique local afin d&#039;organiser le ramassage.<\/p>\n<h3><em>Confirmation des informations compl\u00e9mentaires<\/em><\/h3>\n<ul>\n<li>Les billets constituent le re\u00e7u apr\u00e8s avoir pay\u00e9 ce tour. Vous pouvez afficher le paiement sur votre t\u00e9l\u00e9phone.<\/li>\n<li>Le point de rendez-vous sera re\u00e7u apr\u00e8s le processus de r\u00e9servation.<\/li>\n<li>Les enfants doivent \u00eatre accompagn\u00e9s par un adulte.<\/li>\n<li>Les participants doivent peser au moins 45 livres.<\/li>\n<li>Pas de poids maximum, mais les harnais doivent s&#039;adapter \u00e0 votre corps. (taille 54 taille max.)<\/li>\n<li>Vous pouvez faire du Zip double, avec des enfants ou avec quelqu&#039;un de sp\u00e9cial.<\/li>\n<\/ul>\n<p><strong>Note:<\/strong> Il y a une marche de 100 m\u00e8tres sur une colline de gravier escarp\u00e9e pour atteindre la premi\u00e8re plate-forme.<\/p>\n<ul>\n<li>Non accessible aux fauteuils roulants<\/li>\n<li>Les nourrissons doivent s&#039;asseoir avec un adulte<\/li>\n<li>D\u00e9conseill\u00e9 aux voyageurs ayant des probl\u00e8mes de dos.<\/li>\n<li>D\u00e9conseill\u00e9 aux femmes enceintes.<\/li>\n<li>Aucun probl\u00e8me cardiaque ou autre probl\u00e8me m\u00e9dical grave.<\/li>\n<li>La plupart des voyageurs peuvent participer.<\/li>\n<\/ul>\n<h3><em>Politique d&#039;annulation<\/em><\/h3>\n<p>Pour un remboursement complet, annulez au moins 24 heures avant la date de d\u00e9but de l&#039;activit\u00e9.<\/p>\n\n\t\t<\/div>\n\t<\/div>\n<\/div><\/div><\/div><\/div><div class=\"vc_row wpb_row vc_row-fluid\" ><div class=\"wpb_column vc_column_container vc_col-sm-12\"><div class=\"vc_column-inner\"><div class=\"wpb_wrapper\">\n\t<div class=\"wpb_text_column wpb_content_element\" >\n\t\t<div class=\"wpb_wrapper\">\n\t\t\t<h4>Contactez-nous!<\/h4>\n<h5>r\u00e9serve aventure<\/h5>\n<p><em>Guides touristiques <strong>locale<\/strong> et <strong>national<\/strong> et services aux clients<\/em><\/p>\n<p>R\u00e9servations : Visites et Excursions en R\u00e9p. Dom.<\/p>\n<p>T\u00e9l\/Whatsapp +1-809-720-6035.<\/p>\n<p>info@bookingadventures.com.do<\/p>\n<p>Nous effectuons des visites priv\u00e9es avec configuration flexible par Whatsapp :<strong>\u00a0<a href=\"tel:+18097206035\">+18097206035.<\/a><\/strong><\/p>\n\n\t\t<\/div>\n\t<\/div>\n<div class=\"vc_empty_space\"   style=\"height: 32px\"><span class=\"vc_empty_space_inner\"><\/span><\/div><\/div><\/div><\/div><\/div>","protected":false},"excerpt":{"rendered":"<p>Tyrolienne \u00e0 Saman\u00e1, El Valle et d\u00e9jeuner sur la plage. Venez avec nous et visitez l&#039;une des plus longues tyroliennes des Cara\u00efbes, 12 lignes, 13 stations et plus de 7 400 pieds de c\u00e2ble !<\/p>\n<p>Apr\u00e8s cette exp\u00e9rience, vous passerez du temps \u00e0 la plage et un d\u00e9jeuner local sur la plage.<\/p>\n<p><em><strong>Veuillez s\u00e9lectionner la date de la visite\u00a0:<\/strong><\/em><\/p>","protected":false},"featured_media":132,"template":"","meta":[],"product_brand":[],"product_cat":[96,135,122,443,123,124],"product_tag":[138,157,158,142,147,148,143,159,160,161],"class_list":{"0":"post-607","1":"product","2":"type-product","3":"status-publish","4":"has-post-thumbnail","6":"product_cat-hiking","7":"product_cat-lunch","8":"product_cat-tours-and-excursions","9":"product_cat-tours-y-excursiones-es","10":"product_cat-tours-excursions-los-haitises-national-park","11":"product_cat-tours-excursions-samana-bay-dominican-republic","12":"product_tag-beach-time","13":"product_tag-el-valle-beach","14":"product_tag-playa-el-valle","15":"product_tag-samana","16":"product_tag-samana-bay","17":"product_tag-samana-excursions","18":"product_tag-samana-tours","19":"product_tag-tours-dominican-republic","20":"product_tag-zip-line","21":"product_tag-zip-line-samana","23":"first","24":"instock","25":"sale","26":"sold-individually","27":"shipping-taxable","28":"product-type-external"},"_links":{"self":[{"href":"https:\/\/visitaloshaitises.com\/fr\/wp-json\/wp\/v2\/product\/607","targetHints":{"allow":["GET"]}}],"collection":[{"href":"https:\/\/visitaloshaitises.com\/fr\/wp-json\/wp\/v2\/product"}],"about":[{"href":"https:\/\/visitaloshaitises.com\/fr\/wp-json\/wp\/v2\/types\/product"}],"wp:featuredmedia":[{"embeddable":true,"href":"https:\/\/visitaloshaitises.com\/fr\/wp-json\/wp\/v2\/media\/132"}],"wp:attachment":[{"href":"https:\/\/visitaloshaitises.com\/fr\/wp-json\/wp\/v2\/media?parent=607"}],"wp:term":[{"taxonomy":"product_brand","embeddable":true,"href":"https:\/\/visitaloshaitises.com\/fr\/wp-json\/wp\/v2\/product_brand?post=607"},{"taxonomy":"product_cat","embeddable":true,"href":"https:\/\/visitaloshaitises.com\/fr\/wp-json\/wp\/v2\/product_cat?post=607"},{"taxonomy":"product_tag","embeddable":true,"href":"https:\/\/visitaloshaitises.com\/fr\/wp-json\/wp\/v2\/product_tag?post=607"}],"curies":[{"name":"wp","href":"https:\/\/api.w.org\/{rel}","templated":true}]}}