{"id":595,"date":"2020-07-02T12:43:09","date_gmt":"2020-07-02T12:43:09","guid":{"rendered":"https:\/\/haitises.com\/?post_type=product&#038;p=595"},"modified":"2024-04-16T18:46:40","modified_gmt":"2024-04-16T18:46:40","slug":"excursion-cascada-el-limon-con-caballos","status":"publish","type":"product","link":"https:\/\/visitaloshaitises.com\/fr\/private\/excursion-cascada-el-limon-con-caballos\/","title":{"rendered":"Excursion \u00e0 la cascade El Lim\u00f3n avec des chevaux"},"content":{"rendered":"<div class=\"vc_row wpb_row vc_row-fluid\" ><div class=\"wpb_column vc_column_container vc_col-sm-12\"><div class=\"vc_column-inner\"><div class=\"wpb_wrapper\"><div class=\"mkdf-section-title-holder\" style=\"text-align: left\">\n\t<div class=\"mkdf-st-inner\">\n\t\t\t\t\t<h5 class=\"mkdf-st-subtitle\" >\n\t\t\t\tViaje normal pero privado\t\t\t<\/h5>\n\t\t\t\t\t\t\t<\/div>\n<\/div><\/div><\/div><\/div><\/div><div class=\"vc_row wpb_row vc_row-fluid\" ><div class=\"wpb_column vc_column_container vc_col-sm-12\"><div class=\"vc_column-inner\"><div class=\"wpb_wrapper\">\n\t<div class=\"wpb_text_column wpb_content_element\" >\n\t\t<div class=\"wpb_wrapper\">\n\t\t\t<h2>Tour a las cascadas de El Lim\u00f3n (caballos y nataci\u00f3n) + almuerzo<\/h2>\n<h3>Description<\/h3>\n<p>Este es un tour privado a las cascadas El Lim\u00f3n con paseos a caballo o senderismo. Visitando el bosque de cacao y caf\u00e9 bajo las plantas de cocos. Cuando llegue a las cascadas, podr\u00e1 nadar y establecer la hora con su gu\u00eda local. Despu\u00e9s disfrutar de un almuerzo t\u00edpico en la comunidad de El Lim\u00f3n.<\/p>\n<p>Aprenda con los locales y obtenga un viaje seguro. Obtenga sus entradas en oferta hoy.<\/p>\n<ul>\n<li>Incluye almuerzo<\/li>\n<li>A caballo o senderismo<\/li>\n<li>El gu\u00eda proporciona instrucciones y supervisi\u00f3n.<\/li>\n<li>Tarifas al Parque Nacional<\/li>\n<\/ul>\n<h3>Inclusions et exclusions<\/h3>\n<h4>Inclusions<\/h4>\n<ol>\n<li>Almuerzo Buffet en El Lim\u00f3n.<\/li>\n<li>Excursi\u00f3n a pie o a caballo<\/li>\n<li>Toutes les taxes, frais et frais de dossier<\/li>\n<li>Imp\u00f4ts locaux<\/li>\n<li>Boissons<\/li>\n<li>Toutes les activit\u00e9s<\/li>\n<li>Guide local<\/li>\n<\/ol>\n<h3>Exclusions<\/h3>\n<ol>\n<li>Pourboire<\/li>\n<li>Transport<\/li>\n<li>Boissons alcoolis\u00e9es<\/li>\n<li>Comida en la playa<\/li>\n<\/ol>\n<h3><em>D\u00e9part et retour<\/em><\/h3>\n<p>Le voyageur obtiendra un point de rendez-vous apr\u00e8s le processus de r\u00e9servation. Les visites commencent et se terminent \u00e0 nos points de rendez-vous.<\/p>\n<h3><em>Attendre?<\/em><\/h3>\n<p>Obtenga sus boletos para visitar Las Cascacadas El Lim\u00f3n en Saman\u00e1 y un maravilloso almuerzo en el restaurante El Lim\u00f3n.<\/p>\n<p>El recorrido, organizado por \u00abBooking Adventures\u00bb, comienza en el punto de encuentro establecido con el gu\u00eda tur\u00edstico.<\/p>\n<p>Los mejores viajes privados a las cascadas de El Lim\u00f3n con un gu\u00eda tur\u00edstico local. Reserve un viaje a caballo por el bosque, rodeando el r\u00edo Lim\u00f3n, visitando plantaciones de cacao y caf\u00e9 bajo la sombra de coco.<\/p>\n<p>Primero, det\u00e9ngase en la peque\u00f1a cascada donde generalmente no hay mucha gente y puede nadar. Luego continuamos hacia la gran cascada donde nos quedaremos durante una hora o m\u00e1s si lo desea.<\/p>\n<p>Llevar los caballos de vuelta al restaurante donde disfrutaremos de un almuerzo t\u00edpico en la playa. Pescado frito con Tostones y Ensalada o puede obtener otras opciones en el men\u00fa con cargos adicionales.<\/p>\n<p>Almuerce en el restaurante de la comunidad de El Lim\u00f3n y podr\u00e1 quedarse todo el tiempo que quiera nadando. Si eres vegano, tambi\u00e9n podemos prepararte algo de comida.<\/p>\n<h3><em>Que faut-il apporter ?<\/em><\/h3>\n<ul>\n<li>Appareil photo<\/li>\n<li>R\u00e9pulsifs<\/li>\n<li>cr\u00e8me solaire<\/li>\n<li>Chapeau<\/li>\n<li>Pantalon confortable<\/li>\n<li>Chaussures de randonn\u00e9e en for\u00eat<\/li>\n<li>Maillot de bain<\/li>\n<\/ul>\n<h3><em>Prise en charge \u00e0 l'h\u00f4tel<\/em><\/h3>\n<p>La prise en charge \u00e0 l&#039;h\u00f4tel n&#039;est pas propos\u00e9e pour cette visite.<\/p>\n<p><strong>Note:<\/strong> Si vous r\u00e9servez dans les 24 heures pr\u00e9c\u00e9dant l&#039;heure de d\u00e9part de la visite\/excursion, nous pouvons organiser une prise en charge \u00e0 l&#039;h\u00f4tel moyennant des frais suppl\u00e9mentaires. Une fois votre achat termin\u00e9, nous vous enverrons les coordonn\u00e9es compl\u00e8tes (num\u00e9ro de t\u00e9l\u00e9phone, adresse e-mail, etc.) de notre guide touristique local afin d&#039;organiser le ramassage.<\/p>\n<h3><em>Confirmation des informations compl\u00e9mentaires<\/em><\/h3>\n<ul>\n<li>Les billets constituent le re\u00e7u apr\u00e8s avoir pay\u00e9 ce tour. Vous pouvez afficher le paiement sur votre t\u00e9l\u00e9phone.<\/li>\n<li>Le point de rendez-vous sera re\u00e7u apr\u00e8s le processus de r\u00e9servation.<\/li>\n<li>Les enfants doivent \u00eatre accompagn\u00e9s par un adulte.<\/li>\n<li>Non accessible aux fauteuils roulants<\/li>\n<li>Los infantes deben sentarse en un asiento para beb\u00e9s ocon un adulto<\/li>\n<li>D\u00e9conseill\u00e9 aux voyageurs ayant des probl\u00e8mes de dos.<\/li>\n<li>D\u00e9conseill\u00e9 aux femmes enceintes.<\/li>\n<li>Aucun probl\u00e8me cardiaque ou autre probl\u00e8me m\u00e9dical grave.<\/li>\n<li>La plupart des voyageurs peuvent participer.<\/li>\n<\/ul>\n<h3><em>Politique d&#039;annulation<\/em><\/h3>\n<p>Pour un remboursement complet, annulez au moins 24 heures avant la date de d\u00e9but de l&#039;exp\u00e9rience.<\/p>\n\n\t\t<\/div>\n\t<\/div>\n<\/div><\/div><\/div><\/div><div class=\"vc_row wpb_row vc_row-fluid\" ><div class=\"wpb_column vc_column_container vc_col-sm-12\"><div class=\"vc_column-inner\"><div class=\"wpb_wrapper\"><div class=\"vc_empty_space\"   style=\"height: 32px\"><span class=\"vc_empty_space_inner\"><\/span><\/div>\n\t<div class=\"wpb_text_column wpb_content_element\" >\n\t\t<div class=\"wpb_wrapper\">\n\t\t\t<h4>Contactez-nous<\/h4>\n<h5>R\u00e9servations d&#039;aventure<\/h5>\n<p><em><strong>Guides touristiques locaux et nationaux et services aux clients<\/strong><\/em><\/p>\n<p>R\u00e9servations : Visites et Excursions en R\u00e9p. Dom.<\/p>\n<p>T\u00e9l\/Whatsapp +1-809-720-6035.<\/p>\n<p>info@bookingadventures.com.do<\/p>\n<p>Nous effectuons des visites priv\u00e9es avec configuration flexible par Whatsapp : +18097206035.<\/p>\n\n\t\t<\/div>\n\t<\/div>\n<div class=\"vc_empty_space\"   style=\"height: 32px\"><span class=\"vc_empty_space_inner\"><\/span><\/div><\/div><\/div><\/div><\/div>","protected":false},"excerpt":{"rendered":"<p><strong>Veuillez s\u00e9lectionner la date de la visite\u00a0:<\/strong><\/p>","protected":false},"featured_media":131,"template":"","meta":[],"product_brand":[],"product_cat":[120,96,97,135,136,122,443,123,124],"product_tag":[138,140,155,156,142,143],"class_list":{"0":"post-595","1":"product","2":"type-product","3":"status-publish","4":"has-post-thumbnail","6":"product_cat-fees-entrace","7":"product_cat-hiking","8":"product_cat-horse-riding-to-waterfalls","9":"product_cat-lunch","10":"product_cat-safari-samana","11":"product_cat-tours-and-excursions","12":"product_cat-tours-y-excursiones-es","13":"product_cat-tours-excursions-los-haitises-national-park","14":"product_cat-tours-excursions-samana-bay-dominican-republic","15":"product_tag-beach-time","16":"product_tag-el-limon-waterfalls","17":"product_tag-hiking-el-limon","18":"product_tag-horses-el-limon","19":"product_tag-samana","20":"product_tag-samana-tours","22":"first","23":"instock","24":"sale","25":"featured","26":"sold-individually","27":"shipping-taxable","28":"product-type-external"},"_links":{"self":[{"href":"https:\/\/visitaloshaitises.com\/fr\/wp-json\/wp\/v2\/product\/595","targetHints":{"allow":["GET"]}}],"collection":[{"href":"https:\/\/visitaloshaitises.com\/fr\/wp-json\/wp\/v2\/product"}],"about":[{"href":"https:\/\/visitaloshaitises.com\/fr\/wp-json\/wp\/v2\/types\/product"}],"wp:featuredmedia":[{"embeddable":true,"href":"https:\/\/visitaloshaitises.com\/fr\/wp-json\/wp\/v2\/media\/131"}],"wp:attachment":[{"href":"https:\/\/visitaloshaitises.com\/fr\/wp-json\/wp\/v2\/media?parent=595"}],"wp:term":[{"taxonomy":"product_brand","embeddable":true,"href":"https:\/\/visitaloshaitises.com\/fr\/wp-json\/wp\/v2\/product_brand?post=595"},{"taxonomy":"product_cat","embeddable":true,"href":"https:\/\/visitaloshaitises.com\/fr\/wp-json\/wp\/v2\/product_cat?post=595"},{"taxonomy":"product_tag","embeddable":true,"href":"https:\/\/visitaloshaitises.com\/fr\/wp-json\/wp\/v2\/product_tag?post=595"}],"curies":[{"name":"wp","href":"https:\/\/api.w.org\/{rel}","templated":true}]}}