{"id":554,"date":"2020-06-22T17:36:48","date_gmt":"2020-06-22T17:36:48","guid":{"rendered":"https:\/\/haitises.com\/?post_type=product&#038;p=554"},"modified":"2024-04-17T20:44:54","modified_gmt":"2024-04-17T20:44:54","slug":"excursion-a-los-haitises-desde-sabana-de-la-mar-o-cano-hondo","status":"publish","type":"product","link":"https:\/\/visitaloshaitises.com\/fr\/private\/excursion-aux-haitiens-depuis-sabana-de-la-mar-ou-cano-hondo\/","title":{"rendered":"Excursion \u00e0 Los Haitises depuis Sabana de la Mar ou Ca\u00f1o Hondo"},"content":{"rendered":"<div class=\"vc_row wpb_row vc_row-fluid\" ><div class=\"wpb_column vc_column_container vc_col-sm-12\"><div class=\"vc_column-inner\"><div class=\"wpb_wrapper\"><div class=\"mkdf-section-title-holder\" style=\"text-align: left\">\n\t<div class=\"mkdf-st-inner\">\n\t\t\t\t\t<h5 class=\"mkdf-st-subtitle\" >\n\t\t\t\tTour normal \u00e0 Haitises\t\t\t<\/h5>\n\t\t\t\t\t\t\t<\/div>\n<\/div><\/div><\/div><\/div><\/div><div class=\"vc_row wpb_row vc_row-fluid\" ><div class=\"wpb_column vc_column_container vc_col-sm-12\"><div class=\"vc_column-inner\"><div class=\"wpb_wrapper\">\n\t<div class=\"wpb_text_column wpb_content_element\" >\n\t\t<div class=\"wpb_wrapper\">\n\t\t\t<h2>Parc national Los Haitises Depuis Sabana de la Mar ou l&#039;h\u00f4tel Cano Hondo.<\/h2>\n<h3>Description<\/h3>\n<p>Un voyage priv\u00e9 normal au parc national Los Haitises. Venez avec nous et visitez le plus beau parc national de la R\u00e9publique Dominicaine, en visitant les mangroves, les grottes et la baie de San Lorenzo. Cette exp\u00e9rience peut commencer par la communaut\u00e9 de Sabana de la Mar qui d\u00e9couvre l&#039;histoire de Sabana de la Mar. De plus, nous commen\u00e7ons ce voyage depuis le port de Ca\u00f1o Hondo.<\/p>\n<ul>\n<li>Taxes incluses<\/li>\n<li>Le guide fournit des instructions et une supervision.<\/li>\n<li>Le d\u00e9jeuner n&#039;est pas inclus pour le d\u00e9jeuner \u00e0 Ca\u00f1o Hondo Choisissez ce circuit : Los Haitises Plus Ca\u00f1o Hondo.<\/li>\n<\/ul>\n<h3>Inclusions et exclusions<\/h3>\n<h4>Inclusions<\/h4>\n<ol>\n<li>Visite de Los Haitises + Grottes et pictogrammes<\/li>\n<li>Toutes les taxes, frais et frais de dossier.<\/li>\n<li>Imp\u00f4ts locaux<\/li>\n<li>Toutes les activit\u00e9s<\/li>\n<li>Guide local<\/li>\n<\/ol>\n<h4>Exclusions<\/h4>\n<ol>\n<li>Pourboire<\/li>\n<li>Le d\u00e9jeuner n&#039;est pas inclus pour le d\u00e9jeuner \u00e0 Ca\u00f1o Hondo Choisissez ce circuit : Los Haitises Plus Ca\u00f1o Hondo.<\/li>\n<li>Transport<\/li>\n<li>Boissons alcoolis\u00e9es<\/li>\n<\/ol>\n<h3><em>D\u00e9part et retour<\/em><\/h3>\n<p>Le voyageur obtiendra un point de rendez-vous apr\u00e8s le processus de r\u00e9servation. Les visites commencent et se terminent \u00e0 nos points de rendez-vous.<\/p>\n<h4><em>Attendre?<\/em><\/h4>\n<p>Obtenez vos billets pour visiter le parc national Los Haitises avec ses grottes, ses mangroves et la baie de San Lorenzo.<\/p>\n<p>Le prix le plus bas pour visiter le parc national Los Haitises depuis les h\u00f4tels de Sabana de la Mar ou de Ca\u00f1o Hondo avec des guides locaux. Le voyage commence au port principal du parc national Los Haitises. Ce voyage commence \u00e0 10h00 avec un guide local qui conna\u00eet l&#039;histoire originale du magnifique parc national.<\/p>\n<p>Ensuite, nous partons du port principal du parc national Los Haitises, appel\u00e9 Ca\u00f1o Hondo (Deep Creek) dans un BATEAU \u00e9quip\u00e9 de gilets de sauvetage. Nous profiterons de la for\u00eat de mangrove rouge jusqu&#039;\u00e0 atteindre la baie de San Lorenzo. Petite baie de la baie de Saman\u00e1. Et c&#039;est reparti! La premi\u00e8re chose que vous pouvez voir est l\u2019ensemble d\u2019une immense \u00eele montagneuse calcaire appel\u00e9e Mogotes. Au-dessus d&#039;eux, plus de 700 esp\u00e8ces de plantes et de nombreux oiseaux des zones humides volent. Visite ult\u00e9rieure de grottes avec des pictogrammes de nos communaut\u00e9s indig\u00e8nes il y a 750 ans.<\/p>\n<p>\u00c0 travers les mangroves et les terres ouvertes de la baie de San Lorenzo, d&#039;o\u00f9 vous pourrez photographier le paysage forestier accident\u00e9. Regardez dans l&#039;eau pour voir des lamantins, des crustac\u00e9s et des dauphins.<\/p>\n<p>El nombre del parque nacional proviene de sus habitantes originales, los indios ta\u00ednos. En su idioma, \u00abHaitises\u00bb se traduce en tierras altas o colinas, una referencia a las empinadas formaciones geol\u00f3gicas de la costa con calizas. Avent\u00farate en el parque para explorar cuevas como la Cueva de la Arena y la Cueva de la L\u00ednea. Las cuevas en la reserva fueron utilizadas como refugio por los indios ta\u00ednos y, m\u00e1s tarde, por los piratas escondidos. Busque dibujos de indios que decoran algunas de las paredes. Despu\u00e9s de visitar el Parque Nacional Los Haitises, regresaremos al puerto donde comenz\u00f3 nuestro viaje.<\/p>\n<h3><em>Que faut-il apporter ?<\/em><\/h3>\n<ul>\n<li>Appareil photo<\/li>\n<li>R\u00e9pulsifs<\/li>\n<li>cr\u00e8me solaire<\/li>\n<li>Chapeau<\/li>\n<li>Pantalon confortable<\/li>\n<li>Chaussures de randonn\u00e9e en for\u00eat<\/li>\n<li>Sandales aux zones de printemps.<\/li>\n<li>Maillot de bain<\/li>\n<\/ul>\n<h3><em>Prise en charge \u00e0 l'h\u00f4tel<\/em><\/h3>\n<p>La prise en charge \u00e0 l&#039;h\u00f4tel est offerte si vous vous trouvez \u00e0 l&#039;h\u00f4tel Paraiso Ca\u00f1o Hondo ou Altos Ca\u00f1o Hondo. Notre point de rendez-vous se trouve \u00e0 5 minutes \u00e0 pied de ces h\u00f4tels.<\/p>\n<p><strong>Note<\/strong>- Si vous r\u00e9servez dans les 24 heures pr\u00e9c\u00e9dant l&#039;heure de d\u00e9part de la visite\/excursion, nous pouvons organiser une prise en charge \u00e0 l&#039;h\u00f4tel moyennant des frais suppl\u00e9mentaires si vous n&#039;\u00eates pas dans les h\u00f4tels de Ca\u00f1o Hondo. Une fois votre achat termin\u00e9, nous vous enverrons les coordonn\u00e9es compl\u00e8tes (num\u00e9ro de t\u00e9l\u00e9phone, adresse e-mail, etc.) de notre guide touristique local afin d&#039;organiser le ramassage.<\/p>\n<h3><em>Confirmation des informations compl\u00e9mentaires<\/em><\/h3>\n<ul>\n<li>Les billets constituent le re\u00e7u apr\u00e8s avoir pay\u00e9 ce tour. Vous pouvez afficher le paiement sur votre t\u00e9l\u00e9phone.<\/li>\n<li>Le point de rendez-vous sera re\u00e7u apr\u00e8s le processus de r\u00e9servation.<\/li>\n<li>Les enfants doivent \u00eatre accompagn\u00e9s par un adulte.<\/li>\n<li>Non accessible aux fauteuils roulants<\/li>\n<li>Les nourrissons doivent s&#039;asseoir dans un si\u00e8ge b\u00e9b\u00e9 ou avec un adulte<\/li>\n<li>D\u00e9conseill\u00e9 aux voyageurs ayant des probl\u00e8mes de dos.<\/li>\n<li>D\u00e9conseill\u00e9 aux femmes enceintes.<\/li>\n<li>Aucun probl\u00e8me cardiaque ou autre probl\u00e8me m\u00e9dical grave.<\/li>\n<li>La plupart des voyageurs peuvent participer.<\/li>\n<\/ul>\n<h3><em>Politique d&#039;annulation<\/em><\/h3>\n<p>Pour un remboursement complet, annulez au moins 24 heures avant la date de d\u00e9but de l&#039;exp\u00e9rience.<\/p>\n<h3><em>Contactez-nous?<\/em><\/h3>\n<p>R\u00e9servation d'aventures<br \/>\nGuides touristiques locaux et nationaux et services aux clients<\/p>\n<p>R\u00e9servations : Visites et Excursions en Dom. Reps.<\/p>\n<p>\ud83d\udcde T\u00e9l\/Whatsapp +1-809-720-6035.<\/p>\n<p>\ud83d\udce9 info@bookingadventures.com.do<\/p>\n<p>Nous organisons des visites priv\u00e9es avec configuration flexible par Whatsapp : +18097206035.<\/p>\n\n\t\t<\/div>\n\t<\/div>\n<\/div><\/div><\/div><\/div>","protected":false},"excerpt":{"rendered":"<p>Le prix le plus bas pour visiter le parc national Los Haitises depuis les h\u00f4tels de Sabana de la Mar ou de Ca\u00f1o Hondo avec des guides locaux. Le voyage commence au port principal du parc national Los Haitises. Ce voyage commence \u00e0 10h00 avec un guide local qui conna\u00eet l&#039;histoire originale du magnifique parc national.<\/p>\n<p>Ensuite, nous partons du port principal du parc national Los Haitises, appel\u00e9 Ca\u00f1o Hondo (Deep Creek), \u00e0 bord d&#039;un BATEAU \u00e9quip\u00e9 de gilets de sauvetage. Nous profiterons de la for\u00eat de mangrove rouge jusqu&#039;\u00e0 atteindre la baie de San Lorenzo, une petite baie de la baie de Saman\u00e1. Et c&#039;est reparti! La premi\u00e8re chose que vous pouvez voir est l\u2019ensemble d\u2019une immense \u00eele montagneuse calcaire appel\u00e9e Mogotes. En plus d&#039;eux, plus de 700 esp\u00e8ces de plantes et de nombreux oiseaux des zones humides volent autour. Visite ult\u00e9rieure de grottes avec des pictogrammes de nos communaut\u00e9s indig\u00e8nes il y a 750 ans.<\/p>\n<p><strong>Veuillez s\u00e9lectionner la date de la visite\u00a0<\/strong><\/p>","protected":false},"featured_media":81,"template":"","meta":[],"product_brand":[],"product_cat":[119,120,98,121,99,122,443,123,124],"product_tag":[125,126,127,128,129,130,131,132,133,134,114],"class_list":{"0":"post-554","1":"product","2":"type-product","3":"status-publish","4":"has-post-thumbnail","6":"product_cat-caves","7":"product_cat-fees-entrace","8":"product_cat-local-tour-guides","9":"product_cat-mangroves","10":"product_cat-swimming-natural-springs","11":"product_cat-tours-and-excursions","12":"product_cat-tours-y-excursiones-es","13":"product_cat-tours-excursions-los-haitises-national-park","14":"product_cat-tours-excursions-samana-bay-dominican-republic","15":"product_tag-boat-tour","16":"product_tag-cano-hondo","17":"product_tag-cano-hondo-hotel","18":"product_tag-cano-hondo-tours","19":"product_tag-eco-tours","20":"product_tag-excursion","21":"product_tag-locals-guides","22":"product_tag-los-haitises","23":"product_tag-los-haitises-national-park","24":"product_tag-los-haitises-national-park-tour","25":"product_tag-sabana-de-la-mar","27":"first","28":"instock","29":"sale","30":"sold-individually","31":"shipping-taxable","32":"product-type-external"},"_links":{"self":[{"href":"https:\/\/visitaloshaitises.com\/fr\/wp-json\/wp\/v2\/product\/554","targetHints":{"allow":["GET"]}}],"collection":[{"href":"https:\/\/visitaloshaitises.com\/fr\/wp-json\/wp\/v2\/product"}],"about":[{"href":"https:\/\/visitaloshaitises.com\/fr\/wp-json\/wp\/v2\/types\/product"}],"wp:featuredmedia":[{"embeddable":true,"href":"https:\/\/visitaloshaitises.com\/fr\/wp-json\/wp\/v2\/media\/81"}],"wp:attachment":[{"href":"https:\/\/visitaloshaitises.com\/fr\/wp-json\/wp\/v2\/media?parent=554"}],"wp:term":[{"taxonomy":"product_brand","embeddable":true,"href":"https:\/\/visitaloshaitises.com\/fr\/wp-json\/wp\/v2\/product_brand?post=554"},{"taxonomy":"product_cat","embeddable":true,"href":"https:\/\/visitaloshaitises.com\/fr\/wp-json\/wp\/v2\/product_cat?post=554"},{"taxonomy":"product_tag","embeddable":true,"href":"https:\/\/visitaloshaitises.com\/fr\/wp-json\/wp\/v2\/product_tag?post=554"}],"curies":[{"name":"wp","href":"https:\/\/api.w.org\/{rel}","templated":true}]}}