{"id":551,"date":"2020-06-19T20:10:32","date_gmt":"2020-06-19T20:10:32","guid":{"rendered":"https:\/\/haitises.com\/?post_type=product&#038;p=551"},"modified":"2023-10-14T21:50:12","modified_gmt":"2023-10-14T21:50:12","slug":"excursion-al-los-haitises-y-cano-hondo-desde-samana","status":"publish","type":"product","link":"https:\/\/visitaloshaitises.com\/fr\/private\/excursion-a-los-haitises-et-cano-hondo-depuis-samana\/","title":{"rendered":"Excursion \u00e0 Los Haitises et Ca\u00f1o Hondo depuis Saman\u00e1"},"content":{"rendered":"<div class=\"vc_row wpb_row vc_row-fluid\" ><div class=\"wpb_column vc_column_container vc_col-sm-12\"><div class=\"vc_column-inner\"><div class=\"wpb_wrapper\"><div class=\"mkdf-section-title-holder\" style=\"text-align: left\">\n\t<div class=\"mkdf-st-inner\">\n\t\t\t\t\t<h5 class=\"mkdf-st-subtitle\" >\n\t\t\t\tD\u00e9jeuner et baignade dans les piscines naturelles\t\t\t<\/h5>\n\t\t\t\t\t\t\t<\/div>\n<\/div><\/div><\/div><\/div><\/div><div class=\"vc_row wpb_row vc_row-fluid\" ><div class=\"wpb_column vc_column_container vc_col-sm-12\"><div class=\"vc_column-inner\"><div class=\"wpb_wrapper\">\n\t<div class=\"wpb_text_column wpb_content_element\" >\n\t\t<div class=\"wpb_wrapper\">\n\t\t\t<h2>Parc National Los Haitises + D\u00e9jeuner \u00e0 Cano Hondo depuis le port de Saman\u00e1.<\/h2>\n<h3><em>Description<\/em><\/h3>\n<p>Parc national Los Haitises au d\u00e9part du port de Saman\u00e1, plus un merveilleux d\u00e9jeuner et baignade dans les sources naturelles du Ca\u00f1o Hondo Ecolodge. Venez avec nous visiter le plus beau parc national de la R\u00e9publique Dominicaine, en visitant les mangroves, les grottes et la baie de San Lorenzo, ainsi qu&#039;en traversant la magnifique baie de Saman\u00e1. Apr\u00e8s avoir d\u00e9jeun\u00e9 \u00e0 Ca\u00f1o Hondo, vous aurez l&#039;occasion de vous baigner dans les piscines naturelles pendant quelques heures puis de retourner au port de Saman\u00e1.<\/p>\n<p>Apr\u00e8s cette exp\u00e9rience, vous retournerez au port de Saman\u00e1.<\/p>\n<ul>\n<li>Taxes incluses<\/li>\n<li>Le guide fournit des instructions et une supervision.<\/li>\n<\/ul>\n<h3>Inclusions et exclusions<\/h3>\n<h4>Inclusions<\/h4>\n<ol>\n<li>Visite de Los Haitises + Grottes et pictogrammes<\/li>\n<li>D\u00e9jeuner \u00e0 Ca\u00f1o Hondo<\/li>\n<li>Nager dans les piscines naturelles<\/li>\n<li>Toutes les taxes, frais et frais de dossier.<\/li>\n<li>Imp\u00f4ts locaux<\/li>\n<li>Boissons<\/li>\n<li>Toutes les activit\u00e9s<\/li>\n<li>Guide local<\/li>\n<\/ol>\n<h4>Exclusions<\/h4>\n<ol>\n<li>Pourboire<\/li>\n<li>Transfert<\/li>\n<li>Boissons alcoolis\u00e9es<\/li>\n<\/ol>\n<h3><em>D\u00e9part et retour<\/em><\/h3>\n<p>Le voyageur obtiendra un point de rendez-vous apr\u00e8s le processus de r\u00e9servation. Les visites commencent et se terminent \u00e0 nos points de rendez-vous.<\/p>\n<h3><em>Attendre?<\/em><\/h3>\n<p>Obtenez vos billets pour visiter le parc national Los Haitises avec un merveilleux d\u00e9jeuner \u00e0 Ca\u00f1o Hondo et une baignade dans les piscines naturelles.<\/p>\n<p>Au d\u00e9part du port de Saman\u00e1 \u00e0 bord d&#039;un bateau ou d&#039;un catamaran avec un guide local, nous longeons la baie de Saman\u00e1 \u00e0 c\u00f4t\u00e9 de Sabana de la Mar pour visiter l&#039;un des plus beaux parcs nationaux de la R\u00e9publique Dominicaine.<\/p>\n<h5>Parc National Los Haitises.<\/h5>\n<p>Visiter l&#039;\u00eele avec les oiseaux autour. Pendant la saison de nidification, on peut m\u00eame voir des poussins de p\u00e9licans dans les nids. Plongez plus profond\u00e9ment dans les \u00eeles rocheuses et visitez les grottes orn\u00e9es de pictogrammes et de p\u00e9troglyphes des peuples autochtones.<\/p>\n<p>El recorrido, organizado por \u00abBooking Adventures\u00bb, comienza en el punto de encuentro establecido con el gu\u00eda tur\u00edstico. Ven con Booking Adventures y comienza a observar algunos manglares llenos de aves, colinas onduladas de exuberante vegetaci\u00f3n y cuevas del Parque Nacional Los Haitises.<\/p>\n<p>El nombre del parque nacional proviene de sus habitantes originales, los indios ta\u00ednos. En su idioma, \u00abHaitises\u00bb se traduce a tierras altas o colinas, una referencia a las empinadas formaciones geol\u00f3gicas de la costa con calizas. Avent\u00farate en el parque para explorar cuevas como la Cueva de la Arena y la Cueva de la L\u00ednea.<\/p>\n<p>Les grottes de la r\u00e9serve servaient d&#039;abri aux Indiens Ta\u00edno et, plus tard, aux pirates cach\u00e9s. Recherchez des dessins d&#039;Indiens d\u00e9corant certains murs.<\/p>\n<p>Apr\u00e8s avoir visit\u00e9 le parc national Los Haitises, nous nous dirigerons vers Cano Hondo. \u00c0 Cano Hondo, vous d\u00e9couvrirez cette histoire \u00e9cologique et d\u00e9jeunerez avec la nourriture typique de la communaut\u00e9 de Sabana de la mar.<\/p>\n<p>Le d\u00e9jeuner sera d\u00e9licieux mais nous n\u2019avons pas encore fini. Apr\u00e8s le d\u00e9jeuner, nous nagerons dans les piscines naturelles de la rivi\u00e8re Jibales, une rivi\u00e8re jusqu&#039;\u00e0 la rivi\u00e8re Ca\u00f1o Hondo. En restant \u00e0 Ca\u00f1o Hondo jusqu&#039;\u00e0 16h00 et en revenant au port de Saman\u00e1, nous traverserons \u00e0 nouveau les mangroves et arriverons \u00e0 la baie ouverte de San Lorenzo, d&#039;o\u00f9 vous pourrez photographier le paysage forestier accident\u00e9. Regardez dans l&#039;eau pour voir des lamantins, des crustac\u00e9s et des dauphins.<\/p>\n<p>Jusqu&#039;au moment o\u00f9 vous vous installerez avec le guide touristique et ensuite vous vous rendrez au port de Cano Hondo et prendrez un bateau pour retourner au port de Saman\u00e1 en passant par la baie de Saman\u00e1 30 minutes.<\/p>\n<p>Si vous pr\u00e9f\u00e9rez ce voyage, nous avons ces options\u00a0:<\/p>\n<p>Los Haitises + Cayo Levantado depuis le port de Saman\u00e1.<\/p>\n<h3><em>Que faut-il apporter ?<\/em><\/h3>\n<ul>\n<li>Appareil photo<\/li>\n<li>R\u00e9pulsifs<\/li>\n<li>cr\u00e8me solaire<\/li>\n<li>Chapeau<\/li>\n<li>Pantalon confortable<\/li>\n<li>Chaussures de randonn\u00e9e en for\u00eat<\/li>\n<li>Sandales aux zones de printemps.<\/li>\n<li>Maillot de bain<\/li>\n<\/ul>\n<h3><em>Prise en charge \u00e0 l'h\u00f4tel<\/em><\/h3>\n<p>La prise en charge \u00e0 l&#039;h\u00f4tel n&#039;est pas propos\u00e9e pour cette visite.<\/p>\n<p><strong>Note:<\/strong> Si vous r\u00e9servez dans les 24 heures pr\u00e9c\u00e9dant l&#039;heure de d\u00e9part de la visite\/excursion, nous pouvons organiser une prise en charge \u00e0 l&#039;h\u00f4tel moyennant des frais suppl\u00e9mentaires. Une fois votre achat termin\u00e9, nous vous enverrons les coordonn\u00e9es compl\u00e8tes (num\u00e9ro de t\u00e9l\u00e9phone, adresse e-mail, etc.) de notre guide touristique local afin d&#039;organiser le ramassage.<\/p>\n<h3>Confirmation des informations compl\u00e9mentaires<\/h3>\n<ol>\n<li>Les billets constituent le re\u00e7u apr\u00e8s avoir pay\u00e9 ce tour. Vous pouvez afficher le paiement sur votre t\u00e9l\u00e9phone.<\/li>\n<li>Le point de rendez-vous sera re\u00e7u apr\u00e8s le processus de r\u00e9servation.<\/li>\n<li>Les enfants doivent \u00eatre accompagn\u00e9s par un adulte.<\/li>\n<li>Non accessible aux fauteuils roulants<\/li>\n<li>Les nourrissons doivent s&#039;asseoir dans des si\u00e8ges b\u00e9b\u00e9 ou avec un adulte<\/li>\n<li>D\u00e9conseill\u00e9 aux voyageurs ayant des probl\u00e8mes de dos.<\/li>\n<li>D\u00e9conseill\u00e9 aux femmes enceintes.<\/li>\n<li>Aucun probl\u00e8me cardiaque ou autre probl\u00e8me m\u00e9dical grave.<\/li>\n<li>La plupart des voyageurs peuvent participer.<\/li>\n<\/ol>\n<h3><em>Politique d&#039;annulation<\/em><\/h3>\n<p>Pour un remboursement complet, annulez au moins 24 heures avant la date de d\u00e9but de l&#039;exp\u00e9rience.<\/p>\n\n\t\t<\/div>\n\t<\/div>\n<\/div><\/div><\/div><\/div><div class=\"vc_row wpb_row vc_row-fluid\" ><div class=\"wpb_column vc_column_container vc_col-sm-12\"><div class=\"vc_column-inner\"><div class=\"wpb_wrapper\"><div class=\"vc_empty_space\"   style=\"height: 32px\"><span class=\"vc_empty_space_inner\"><\/span><\/div>\n\t<div class=\"wpb_video_widget wpb_content_element vc_clearfix   vc_video-aspect-ratio-169 vc_video-el-width-100 vc_video-align-left\" >\n\t\t<div class=\"wpb_wrapper\">\n\t\t\t\n\t\t\t<div class=\"wpb_video_wrapper\"><iframe loading=\"lazy\" title=\"Parc national de Los Haitises, visites et excursions depuis Samana ou Sabana de la Mar. R\u00e9servez ici :\" src=\"https:\/\/player.vimeo.com\/video\/346508015?dnt=1&amp;app_id=122963\" width=\"1100\" height=\"619\" frameborder=\"0\" allow=\"autoplay; fullscreen\" allowfullscreen><\/iframe><\/div>\n\t\t<\/div>\n\t<\/div>\n<\/div><\/div><\/div><\/div><div class=\"vc_row wpb_row vc_row-fluid\" ><div class=\"wpb_column vc_column_container vc_col-sm-12\"><div class=\"vc_column-inner\"><div class=\"wpb_wrapper\"><div class=\"vc_empty_space\"   style=\"height: 32px\"><span class=\"vc_empty_space_inner\"><\/span><\/div>\n\t<div class=\"wpb_text_column wpb_content_element\" >\n\t\t<div class=\"wpb_wrapper\">\n\t\t\t<h4>Contactez-nous?<\/h4>\n<h5>R\u00e9servations d&#039;aventure<\/h5>\n<p><em>Guides touristiques<\/em> <em><strong>locale<\/strong><\/em> et <strong><em>national<\/em><\/strong> &amp;<em>\u00a0services \u00e0 la client\u00e8le<\/em><\/p>\n<p>R\u00e9servations : Visites et Excursions en R\u00e9p. Dom.<\/p>\n<p>T\u00e9l\/Whatsapp +1-809-720-6035.<\/p>\n<p>info@bookingadventures.com.do<\/p>\n<p>Nous sommes des visites priv\u00e9es avec configuration flexible par Whatsapp : +18097206035.<\/p>\n\n\t\t<\/div>\n\t<\/div>\n<div class=\"vc_empty_space\"   style=\"height: 32px\"><span class=\"vc_empty_space_inner\"><\/span><\/div><\/div><\/div><\/div><\/div>","protected":false},"excerpt":{"rendered":"<p><strong>Veuillez s\u00e9lectionner la date de la tourn\u00e9e\u00a0<\/strong><\/p>","protected":false},"featured_media":104,"template":"","meta":[],"product_brand":[],"product_cat":[119,96,144,98,135,121,99,122,443,123,124],"product_tag":[126,127,128,145,132,133,146,147,148,143],"class_list":{"0":"post-551","1":"product","2":"type-product","3":"status-publish","4":"has-post-thumbnail","6":"product_cat-caves","7":"product_cat-hiking","8":"product_cat-kayaking","9":"product_cat-local-tour-guides","10":"product_cat-lunch","11":"product_cat-mangroves","12":"product_cat-swimming-natural-springs","13":"product_cat-tours-and-excursions","14":"product_cat-tours-y-excursiones-es","15":"product_cat-tours-excursions-los-haitises-national-park","16":"product_cat-tours-excursions-samana-bay-dominican-republic","17":"product_tag-cano-hondo","18":"product_tag-cano-hondo-hotel","19":"product_tag-cano-hondo-tours","20":"product_tag-day-tour-cano-hondo","21":"product_tag-los-haitises","22":"product_tag-los-haitises-national-park","23":"product_tag-mangroves-los-haitises","24":"product_tag-samana-bay","25":"product_tag-samana-excursions","26":"product_tag-samana-tours","28":"first","29":"instock","30":"sale","31":"sold-individually","32":"shipping-taxable","33":"product-type-external"},"_links":{"self":[{"href":"https:\/\/visitaloshaitises.com\/fr\/wp-json\/wp\/v2\/product\/551","targetHints":{"allow":["GET"]}}],"collection":[{"href":"https:\/\/visitaloshaitises.com\/fr\/wp-json\/wp\/v2\/product"}],"about":[{"href":"https:\/\/visitaloshaitises.com\/fr\/wp-json\/wp\/v2\/types\/product"}],"wp:featuredmedia":[{"embeddable":true,"href":"https:\/\/visitaloshaitises.com\/fr\/wp-json\/wp\/v2\/media\/104"}],"wp:attachment":[{"href":"https:\/\/visitaloshaitises.com\/fr\/wp-json\/wp\/v2\/media?parent=551"}],"wp:term":[{"taxonomy":"product_brand","embeddable":true,"href":"https:\/\/visitaloshaitises.com\/fr\/wp-json\/wp\/v2\/product_brand?post=551"},{"taxonomy":"product_cat","embeddable":true,"href":"https:\/\/visitaloshaitises.com\/fr\/wp-json\/wp\/v2\/product_cat?post=551"},{"taxonomy":"product_tag","embeddable":true,"href":"https:\/\/visitaloshaitises.com\/fr\/wp-json\/wp\/v2\/product_tag?post=551"}],"curies":[{"name":"wp","href":"https:\/\/api.w.org\/{rel}","templated":true}]}}