{"id":222,"date":"2020-06-14T11:59:53","date_gmt":"2020-06-14T11:59:53","guid":{"rendered":"https:\/\/haitises.com\/product\/import-placeholder-for-9630\/"},"modified":"2020-09-13T22:05:39","modified_gmt":"2020-09-13T22:05:39","slug":"parasailing-tour-from-punta-cana-30-usd","status":"publish","type":"product","link":"https:\/\/visitaloshaitises.com\/fr\/private\/parasailing-tour-from-punta-cana-30-usd\/","title":{"rendered":"Excursion en parachute ascensionnel au d\u00e9part de Punta Cana 30 USD."},"content":{"rendered":"<p>ou<div class=\"vc_row wpb_row vc_row-fluid\" ><div class=\"wpb_column vc_column_container vc_col-sm-12\"><div class=\"vc_column-inner\"><div class=\"wpb_wrapper\"><div class=\"mkdf-section-title-holder\" style=\"text-align: left\">\n\t<div class=\"mkdf-st-inner\">\n\t\t\t\t\t<h5 class=\"mkdf-st-subtitle\" >\n\t\t\t\tDepuis les h\u00f4tels de Punta Cana\t\t\t<\/h5>\n\t\t\t\t\t\t\t<h3 class=\"mkdf-st-title\" >\n\t\t\t\t Excursion en parachute ascensionnel au d\u00e9part de Punta Cana\t\t\t<\/h3>\n\t\t\t\t\t\t\t<p class=\"mkdf-st-text\" >\n\t\t\t\tNote : Cette excursion commence \u00e0 7h00. L'heure de la prise en charge par les h\u00f4tels peut varier en fonction du lieu. Frais suppl\u00e9mentaires pour le ramassage dans les zones non mentionn\u00e9es dans notre description.\t\t\t<\/p>\n\t\t\t<\/div>\n<\/div><\/div><\/div><\/div><\/div><div class=\"vc_row wpb_row vc_row-fluid\" ><div class=\"wpb_column vc_column_container vc_col-sm-12\"><div class=\"vc_column-inner\"><div class=\"wpb_wrapper\"><div class=\"vc_empty_space\"   style=\"height: 32px\"><span class=\"vc_empty_space_inner\"><\/span><\/div><\/div><\/div><\/div><\/div><div class=\"vc_row wpb_row vc_row-fluid\" ><div class=\"wpb_column vc_column_container vc_col-sm-12\"><div class=\"vc_column-inner\"><div class=\"wpb_wrapper\">\n\t<div class=\"wpb_text_column wpb_content_element\" >\n\t\t<div class=\"wpb_wrapper\">\n\t\t\t<h4><b><i>Vue d'ensemble <\/i><\/b><\/h4>\n<div>\n<p>Faites du parachute ascensionnel sur la c\u00f4te de Punta Cana\/Bavaro lors de cette activit\u00e9 de 40 minutes au d\u00e9part de Punta Cana. B\u00e9n\u00e9ficiez de l&#039;expertise de l&#039;une des compagnies de parachute ascensionnel les plus exp\u00e9riment\u00e9es de la R\u00e9publique Dominicaine, avec plus de 60 000 vols depuis 2001. Profitez d&#039;une vue imprenable sur les plages, Des eaux turquoise et des stations baln\u00e9aires tentaculaires qui bordent le rivage tout en volant \u00e0 des centaines de pieds dans les airs. Apportez de la cr\u00e8me solaire, un maillot de bain et un sens de l&#039;aventure. Visite a\u00e9rienne panoramique Voyagez en bateau et d\u00e9couvrez les sites touristiques depuis l&#039;eau Choix de d\u00e9part le matin ou l&#039;apr\u00e8s-midi Prise en charge et retour gratuits \u00e0 l&#039;h\u00f4tel inclus<\/p>\n<\/div>\n<ul class=\"vcs-highlights\">\n<li>Choix de plusieurs d\u00e9parts dans la journ\u00e9e<\/li>\n<li>Profitez de fantastiques vues a\u00e9riennes<\/li>\n<li>Familial<\/li>\n<li>Prise en charge \u00e0 un point de rencontre central<\/li>\n<li>Exp\u00e9rience romantique, parfaite pour les couples<\/li>\n<\/ul>\n<p>&nbsp;<\/p>\n<h4><b>Inclusions et exclusions<\/b><\/h4>\n<p>&nbsp;<\/p>\n<p><b>Inclusions<\/b><\/p>\n<p>&nbsp;<\/p>\n<ol>\n<li>Excursion en parachute ascensionnel<\/li>\n<li>Prise en charge en bus depuis votre h\u00f4tel<\/li>\n<li style=\"font-weight: 400;\"><span style=\"font-weight: 400;\">Toutes les taxes, tous les frais et tous les frais de gestion<\/span><\/li>\n<li style=\"font-weight: 400;\"><span style=\"font-weight: 400;\">Imp\u00f4ts locaux<\/span><\/li>\n<li style=\"font-weight: 400;\"><span style=\"font-weight: 400;\">Boissons<\/span><\/li>\n<\/ol>\n<p><b> Exclusions<\/b><\/p>\n<ol>\n<li style=\"font-weight: 400;\"><span style=\"font-weight: 400;\">Pourboires<\/span><\/li>\n<li>D\u00e9jeuner<\/li>\n<\/ol>\n<p>&nbsp;<\/p>\n<h4><em><strong>D\u00e9part et retour<\/strong><\/em><\/h4>\n<p><span style=\"font-weight: 400;\">Le voyageur obtiendra un point de rencontre apr\u00e8s le processus de r\u00e9servation. Les circuits commencent et se terminent \u00e0 nos points de rencontre.<\/span><\/p>\n<p>&nbsp;<\/p>\n<h4><b><i>\u00c0 quoi s'attendre ?<\/i><\/b><\/h4>\n<p>Imaginez \u00eatre \u00e9lev\u00e9 \u00e0 150 pieds dans les airs, le vent frais caressant votre visage tout en vous relaxant avec une vue spectaculaire sur la c\u00f4te de Bavaro \u2013 Punta Cana. Arr\u00eatez d&#039;imaginer et rejoignez-nous dans l&#039;excitante balade en parachute ascensionnel, une exp\u00e9rience vraiment inoubliable. Vous n&#039;avez besoin que de cr\u00e8me solaire et d&#039;un maillot de bain, tout en profitant du frisson de la balade. Volez avec la premi\u00e8re compagnie de parachute ascensionnel de la R\u00e9publique Dominicaine. Avec plus de 60 000 vols depuis 2001, nos capitaines et \u00e9quipages qualifi\u00e9s sont parmi les plus exp\u00e9riment\u00e9s du secteur.<\/p>\n<p><strong>Calendrier :<\/strong><\/p>\n<p>7:00 AM - 7:00 PM... L'heure varie en fonction de l'endroit o\u00f9 vous vous trouvez \u00e0 Punta Cana.<\/p>\n<p>&nbsp;<\/p>\n<h4><em><strong>Que faut-il apporter ?<\/strong><\/em><\/h4>\n<ul>\n<li style=\"font-weight: 400;\"><span style=\"font-weight: 400;\">Appareil photo<\/span><\/li>\n<li style=\"font-weight: 400;\"><span style=\"font-weight: 400;\">Bourgeons r\u00e9pulsifs<\/span><\/li>\n<li style=\"font-weight: 400;\"><span style=\"font-weight: 400;\">cr\u00e8me solaire<\/span><\/li>\n<li style=\"font-weight: 400;\"><span style=\"font-weight: 400;\">Chapeau<\/span><\/li>\n<li style=\"font-weight: 400;\"><span style=\"font-weight: 400;\">Pantalon confortable<\/span><\/li>\n<li style=\"font-weight: 400;\"><span style=\"font-weight: 400;\">Chaussures de randonn\u00e9e pour la for\u00eat<\/span><\/li>\n<li style=\"font-weight: 400;\"><span style=\"font-weight: 400;\">Des sandales pour la plage<\/span><\/li>\n<li style=\"font-weight: 400;\"><span style=\"font-weight: 400;\">V\u00eatements de bain<\/span><\/li>\n<li>Argent liquide pour les souvenirs<\/li>\n<\/ul>\n<p>&nbsp;<\/p>\n<h4><b><i>H\u00f4tel Pickup <\/i><\/b><\/h4>\n<p><span style=\"font-weight: 400;\">La prise en charge des voyageurs est offerte !<\/span><\/p>\n<p><span style=\"font-weight: 400;\">Nous venons vous chercher dans tous les h\u00f4tels de Punta Cana. Le lieu de prise en charge est le hall d'entr\u00e9e de l'h\u00f4tel<br \/>\nSi vous s\u00e9journez dans un condo de la r\u00e9gion, nous viendrons vous chercher au condo ou \u00e0 l'entr\u00e9e du complexe h\u00f4telier le plus proche... Nous organisons le ramassage en nous contactant par Whatsapp.<\/span><\/p>\n<p><b>Remarque :<\/b><span style=\"font-weight: 400;\"> Si vous r\u00e9servez dans les 24 heures pr\u00e9c\u00e9dant l'heure de d\u00e9part de la visite\/excursion, nous pouvons organiser la prise en charge \u00e0 l'h\u00f4tel. Une fois votre achat effectu\u00e9, nous vous enverrons les coordonn\u00e9es compl\u00e8tes (num\u00e9ro de t\u00e9l\u00e9phone, adresse \u00e9lectronique, etc.) de notre guide local pour organiser la prise en charge.<\/span><\/p>\n<h4><b><i>Informations compl\u00e9mentaires Confirmation <\/i><\/b><\/h4>\n<ol>\n<li>Les billets sont le re\u00e7u apr\u00e8s le paiement de cette tourn\u00e9e. Vous pouvez montrer le paiement sur votre t\u00e9l\u00e9phone.<\/li>\n<li style=\"font-weight: 400;\"><span style=\"font-weight: 400;\">Le point de rencontre sera communiqu\u00e9 apr\u00e8s le processus de r\u00e9servation.<\/span><\/li>\n<li style=\"font-weight: 400;\"><span style=\"font-weight: 400;\">Les enfants doivent \u00eatre accompagn\u00e9s d'un adulte.<\/span><\/li>\n<li style=\"font-weight: 400;\"><span style=\"font-weight: 400;\">accessible en fauteuil roulant <\/span><\/li>\n<li style=\"font-weight: 400;\"><span style=\"font-weight: 400;\">Les enfants en bas \u00e2ge doivent \u00eatre assis sur les genoux <\/span><\/li>\n<li style=\"font-weight: 400;\"><span style=\"font-weight: 400;\">La plupart des voyageurs peuvent participer<\/span><\/li>\n<\/ol>\n<h4><b><i>Politique d'annulation<\/i><\/b><\/h4>\n<p><span style=\"font-weight: 400;\">Pour un remboursement complet, annulez au moins 24 heures avant la date de d\u00e9but de l&#039;exp\u00e9rience.<\/span><\/p>\n\n\t\t<\/div>\n\t<\/div>\n<\/div><\/div><\/div><\/div><div class=\"vc_row wpb_row vc_row-fluid\" ><div class=\"wpb_column vc_column_container vc_col-sm-12\"><div class=\"vc_column-inner\"><div class=\"wpb_wrapper\">\n\t<div class=\"wpb_text_column wpb_content_element\" >\n\t\t<div class=\"wpb_wrapper\">\n\t\t\t<h4>Nous contacter ?<\/h4>\n<h5><em><strong>R\u00e9servation d'aventures<\/strong><\/em><\/h5>\n<p><em><strong>Locaux<\/strong> et <strong>Nationales<\/strong> Guides touristiques et services aux visiteurs<\/em><\/p>\n<p><span class=\"text-turquoise\">R\u00e9servations :<\/span> Tours et excursions \u00e0 Dom. Rep.<\/p>\n\n\t\t<\/div>\n\t<\/div>\n<\/div><\/div><\/div><\/div><div class=\"vc_row wpb_row vc_row-fluid\" ><div class=\"wpb_column vc_column_container vc_col-sm-12\"><div class=\"vc_column-inner\"><div class=\"wpb_wrapper\"><div class=\"vc_empty_space\"   style=\"height: 32px\"><span class=\"vc_empty_space_inner\"><\/span><\/div>\n\t<div class=\"wpb_text_column wpb_content_element\" >\n\t\t<div class=\"wpb_wrapper\">\n\t\t\t<h4>Nous contacter ?<\/h4>\n<h5>R\u00e9servation d'aventures<\/h5>\n<p><em><strong>Locaux<\/strong>\u00a0et\u00a0<strong>Nationales<\/strong>\u00a0Guides touristiques et services aux visiteurs<\/em><\/p>\n<p><span class=\"text-turquoise\">R\u00e9servations :<\/span>\u00a0Tours et excursions \u00e0 Dom. Rep.<\/p>\n<p><img decoding=\"async\" class=\"emoji\" draggable=\"false\" src=\"https:\/\/s.w.org\/images\/core\/emoji\/11.2.0\/svg\/1f4de.svg\" alt=\"\ud83d\udcde\" \/>\u00a0T\u00e9l \/ Whatsapp\u00a0\u00a0<a href=\"tel:+1-809-720-6035\">+1-809-720-6035<\/a>.<\/p>\n<p><img decoding=\"async\" class=\"emoji\" draggable=\"false\" src=\"https:\/\/s.w.org\/images\/core\/emoji\/11.2.0\/svg\/1f4e9.svg\" alt=\"\ud83d\udce9\" \/>\u00a0<a href=\"mailto:info@bookingadventures.com.do\">info@bookingadventures.com.do<\/a><\/p>\n<p><strong>Nous sommes flexibles pour organiser des visites priv\u00e9es par Whatsapp :\u00a0<a href=\"tel:+18097206035\">+18097206035.<\/a><\/strong><\/p>\n\n\t\t<\/div>\n\t<\/div>\n<div class=\"vc_empty_space\"   style=\"height: 32px\"><span class=\"vc_empty_space_inner\"><\/span><\/div><\/div><\/div><\/div><\/div>","protected":false},"excerpt":{"rendered":"<p>Le parachute ascensionnel \u00e0 Punta Cana est une aventure incroyable et l&#039;une des meilleures choses \u00e0 faire \u00e0 Punta Cana. Le littoral \u00e0 200 pieds de hauteur, pendant que vous naviguez, est absolument magnifique.<\/p>\n<p>\u200bLe parachute ascensionnel est une exp\u00e9rience simple et amusante pour tous les membres de la famille. En tant que principale entreprise de parachute ascensionnel et d&#039;aventure en R\u00e9publique Dominicaine, notre \u00e9quipe de parachute ascensionnel est parmi les plus exp\u00e9riment\u00e9es de Punta Cana, avec plus de 16 ans d&#039;exp\u00e9rience dans les vols. Vous pourrez profiter d&#039;environ 15 minutes de vol tout en profitant de la belle vue panoramique.<\/p>\n<p>&nbsp;<\/p>\n<p><em><strong>Veuillez s\u00e9lectionner la date de la tourn\u00e9e\u00a0<\/strong><\/em><\/p>","protected":false},"featured_media":451,"template":"","meta":[],"product_brand":[],"product_cat":[359,305,122,259],"product_tag":[167,360,361,141,362,228,171],"class_list":{"0":"post-222","1":"product","2":"type-product","3":"status-publish","4":"has-post-thumbnail","6":"product_cat-parasaling","7":"product_cat-tours-and-excursion-punta-cana","8":"product_cat-tours-and-excursions","9":"product_cat-tours-excursions-punta-cana-dominican-republic","10":"product_tag-catamaran","11":"product_tag-parasail-punta-cana","12":"product_tag-parasailing-in-punta-cana","13":"product_tag-punta-cana","14":"product_tag-punta-cana-catamaran-party-with-snorkeling-and-parasailing","15":"product_tag-punta-cana-tours","16":"product_tag-saona-island","18":"first","19":"onbackorder","20":"sale","21":"featured","22":"virtual","23":"sold-individually","24":"purchasable","25":"product-type-simple"},"_links":{"self":[{"href":"https:\/\/visitaloshaitises.com\/fr\/wp-json\/wp\/v2\/product\/222","targetHints":{"allow":["GET"]}}],"collection":[{"href":"https:\/\/visitaloshaitises.com\/fr\/wp-json\/wp\/v2\/product"}],"about":[{"href":"https:\/\/visitaloshaitises.com\/fr\/wp-json\/wp\/v2\/types\/product"}],"wp:featuredmedia":[{"embeddable":true,"href":"https:\/\/visitaloshaitises.com\/fr\/wp-json\/wp\/v2\/media\/451"}],"wp:attachment":[{"href":"https:\/\/visitaloshaitises.com\/fr\/wp-json\/wp\/v2\/media?parent=222"}],"wp:term":[{"taxonomy":"product_brand","embeddable":true,"href":"https:\/\/visitaloshaitises.com\/fr\/wp-json\/wp\/v2\/product_brand?post=222"},{"taxonomy":"product_cat","embeddable":true,"href":"https:\/\/visitaloshaitises.com\/fr\/wp-json\/wp\/v2\/product_cat?post=222"},{"taxonomy":"product_tag","embeddable":true,"href":"https:\/\/visitaloshaitises.com\/fr\/wp-json\/wp\/v2\/product_tag?post=222"}],"curies":[{"name":"wp","href":"https:\/\/api.w.org\/{rel}","templated":true}]}}