{"id":11680,"date":"2023-10-04T07:40:10","date_gmt":"2023-10-04T07:40:10","guid":{"rendered":"https:\/\/haitises.com\/?post_type=product&#038;p=11680"},"modified":"2024-03-29T02:18:01","modified_gmt":"2024-03-29T02:18:01","slug":"punta-cana-buggy-tour-pick-up-from-punta-cana-hotels-3","status":"publish","type":"product","link":"https:\/\/visitaloshaitises.com\/fr\/private\/punta-cana-buggy-tour-pick-up-depuis-les-hotels-de-punta-cana\/","title":{"rendered":"Excursion en buggy \u00e0 Punta Cana - Prise en charge depuis les h\u00f4tels de Punta Cana"},"content":{"rendered":"<div class=\"vc_row wpb_row vc_row-fluid\" ><div class=\"wpb_column vc_column_container vc_col-sm-12\"><div class=\"vc_column-inner\"><div class=\"wpb_wrapper\"><div class=\"mkdf-section-title-holder\" style=\"text-align: left\">\n\t<div class=\"mkdf-st-inner\">\n\t\t\t\t\t<h5 class=\"mkdf-st-subtitle\" >\n\t\t\t\tDepuis les h\u00f4tels de Punta Cana\t\t\t<\/h5>\n\t\t\t\t\t\t\t<h3 class=\"mkdf-st-title\" >\n\t\t\t\tPunta Cana Buggies - Buggy\t\t\t<\/h3>\n\t\t\t\t\t\t\t<p class=\"mkdf-st-text\" >\n\t\t\t\tNote : Cette excursion commence \u00e0 7h00. L'heure de la prise en charge par les h\u00f4tels peut varier en fonction du lieu. Frais suppl\u00e9mentaires pour le ramassage dans les zones non mentionn\u00e9es dans notre description.\t\t\t<\/p>\n\t\t\t<\/div>\n<\/div><\/div><\/div><\/div><\/div><div class=\"vc_row wpb_row vc_row-fluid\" ><div class=\"wpb_column vc_column_container vc_col-sm-12\"><div class=\"vc_column-inner\"><div class=\"wpb_wrapper\"><div class=\"vc_empty_space\"   style=\"height: 32px\"><span class=\"vc_empty_space_inner\"><\/span><\/div><\/div><\/div><\/div><\/div><div class=\"vc_row wpb_row vc_row-fluid\" ><div class=\"wpb_column vc_column_container vc_col-sm-12\"><div class=\"vc_column-inner\"><div class=\"wpb_wrapper\">\n\t<div class=\"wpb_text_column wpb_content_element\" >\n\t\t<div class=\"wpb_wrapper\">\n\t\t\t<h4><b><i>Vue d'ensemble <\/i><\/b><\/h4>\n<div>\n<p>Visitez les paysages paradisiaques de Punta Cana, \u00e0 bord de votre propre buggy ! Vous pourrez <strong>d\u00e9couvrir le village de Macao et ses plages idylliques<\/strong>Les visiteurs peuvent \u00e9galement se baigner dans un cenote indig\u00e8ne.<\/p>\n<\/div>\n<ul class=\"vcs-highlights\">\n<li>Choix de plusieurs d\u00e9parts dans la journ\u00e9e<\/li>\n<li>Profitez d'une vue imprenable<\/li>\n<li>Familial<\/li>\n<li>Prise en charge \u00e0 un point de rencontre central<\/li>\n<li>Exp\u00e9rience romantique, parfaite pour les couples<\/li>\n<\/ul>\n<p>&nbsp;<\/p>\n<h4><b>Inclusions et exclusions<\/b><\/h4>\n<p>&nbsp;<\/p>\n<p><b>Inclusions<\/b><\/p>\n<p>&nbsp;<\/p>\n<ol>\n<li>Tour en buggy<\/li>\n<li>Prise en charge en bus depuis votre h\u00f4tel<\/li>\n<li style=\"font-weight: 400;\"><span style=\"font-weight: 400;\">Toutes les taxes, tous les frais et tous les frais de gestion<\/span><\/li>\n<li style=\"font-weight: 400;\"><span style=\"font-weight: 400;\">Imp\u00f4ts locaux<\/span><\/li>\n<li style=\"font-weight: 400;\"><span style=\"font-weight: 400;\">Boissons<\/span><\/li>\n<\/ol>\n<p><b> Exclusions<\/b><\/p>\n<ol>\n<li style=\"font-weight: 400;\"><span style=\"font-weight: 400;\">Pourboires<\/span><\/li>\n<li>D\u00e9jeuner<\/li>\n<\/ol>\n<p>&nbsp;<\/p>\n<h4><em><strong>D\u00e9part et retour<\/strong><\/em><\/h4>\n<p><span style=\"font-weight: 400;\">Le voyageur obtiendra un point de rencontre apr\u00e8s le processus de r\u00e9servation. Les circuits commencent et se terminent \u00e0 nos points de rencontre.<\/span><\/p>\n<p>&nbsp;<\/p>\n<h4><b><i>\u00c0 quoi s'attendre ?<\/i><\/b><\/h4>\n<p>Apr\u00e8s vous avoir r\u00e9cup\u00e9r\u00e9 \u00e0 votre h\u00f4tel, nous nous rendrons \u00e0 l'int\u00e9rieur de Punta Cana. Entour\u00e9 de <strong>les plantations de caf\u00e9 et de cacao<\/strong>, votre\u00a0<strong>guides locaux<\/strong>\u00a0Le guide vous expliquera le d\u00e9roulement de la visite et tout ce qu'il faut savoir pour conduire votre buggy.<\/p>\n<p>Ensuite, nous tournerons la cl\u00e9 dans le contact et nous commencerons l'excitation, en zappant sur\u00a0<strong>des collines, des plantations de caf\u00e9, des chemins de terre et des lits de rivi\u00e8re.<\/strong>.<\/p>\n<p>Notre premi\u00e8re \u00e9tape sera la plage de Macao. Loin des grands h\u00f4tels et des zones touristiques, cette\u00a0<strong>paradis naturel<\/strong>\u00a0et ses eaux cristallines sont l'endroit id\u00e9al pour faire trempette, et vous aurez du temps libre pour\u00a0<strong>nager dans la magnifique mer des Cara\u00efbes<\/strong>.<\/p>\n<p>Nous remonterons ensuite \u00e0 bord de notre buggy pour nous rendre aux \"Indigenous Springs\", \u00e0 la d\u00e9couverte de l'une des r\u00e9gions les plus idylliques du monde.<strong>\u00a0c\u00e9notes<\/strong>\u00a0\u00e0 Punta Cana. Vous disposerez d'une demi-heure pour explorer cette piscine souterraine et nager dans ses eaux turquoises.<\/p>\n<p>Enfin, nous laisserons les buggys derri\u00e8re nous et nous vous raccompagnerons \u00e0 votre h\u00e9bergement, mettant ainsi fin \u00e0 une journ\u00e9e inoubliable.<\/p>\n<p><strong>Calendrier :<\/strong><\/p>\n<p>7:00 AM - 7:00 PM... L'heure varie en fonction de l'endroit o\u00f9 vous vous trouvez \u00e0 Punta Cana.<\/p>\n<h4>En solo ou \u00e0 plusieurs ?<\/h4>\n<p>Lors de votre r\u00e9servation, vous pouvez choisir si vous pr\u00e9f\u00e9rez conduire un buggy seul ou partager un v\u00e9hicule avec une ou trois autres personnes. Le prix indiqu\u00e9 est par personne.<\/p>\n<p>&nbsp;<\/p>\n<h4><em><strong>Que faut-il apporter ?<\/strong><\/em><\/h4>\n<ul>\n<li style=\"font-weight: 400;\"><span style=\"font-weight: 400;\">Appareil photo<\/span><\/li>\n<li style=\"font-weight: 400;\"><span style=\"font-weight: 400;\">Bourgeons r\u00e9pulsifs<\/span><\/li>\n<li style=\"font-weight: 400;\"><span style=\"font-weight: 400;\">cr\u00e8me solaire<\/span><\/li>\n<li style=\"font-weight: 400;\"><span style=\"font-weight: 400;\">Chapeau<\/span><\/li>\n<li style=\"font-weight: 400;\"><span style=\"font-weight: 400;\">Pantalon confortable<\/span><\/li>\n<li style=\"font-weight: 400;\"><span style=\"font-weight: 400;\">Chaussures de randonn\u00e9e pour la for\u00eat<\/span><\/li>\n<li style=\"font-weight: 400;\"><span style=\"font-weight: 400;\">Des sandales pour la plage<\/span><\/li>\n<li style=\"font-weight: 400;\"><span style=\"font-weight: 400;\">V\u00eatements de bain<\/span><\/li>\n<li>Argent liquide pour les souvenirs<\/li>\n<\/ul>\n<p>&nbsp;<\/p>\n<h4><b><i>H\u00f4tel Pickup <\/i><\/b><\/h4>\n<p><span style=\"font-weight: 400;\">La prise en charge des voyageurs est offerte !<\/span><\/p>\n<p><span style=\"font-weight: 400;\">Nous venons vous chercher dans tous les h\u00f4tels de Punta Cana. Le lieu de prise en charge est le hall d'entr\u00e9e de l'h\u00f4tel<br \/>\nSi vous s\u00e9journez dans un condo de la r\u00e9gion, nous viendrons vous chercher au condo ou \u00e0 l'entr\u00e9e du complexe h\u00f4telier le plus proche... Nous organisons le ramassage en nous contactant par Whatsapp.<\/span><\/p>\n<p><b>Remarque :<\/b><span style=\"font-weight: 400;\"> Si vous r\u00e9servez dans les 24 heures pr\u00e9c\u00e9dant l'heure de d\u00e9part de la visite\/excursion, nous pouvons organiser la prise en charge \u00e0 l'h\u00f4tel. Une fois votre achat effectu\u00e9, nous vous enverrons les coordonn\u00e9es compl\u00e8tes (num\u00e9ro de t\u00e9l\u00e9phone, adresse \u00e9lectronique, etc.) de notre guide local pour organiser la prise en charge.<\/span><\/p>\n<h4><b><i>Informations compl\u00e9mentaires Confirmation <\/i><\/b><\/h4>\n<ol>\n<li>Les billets sont le re\u00e7u apr\u00e8s le paiement de cette tourn\u00e9e. Vous pouvez montrer le paiement sur votre t\u00e9l\u00e9phone.<\/li>\n<li style=\"font-weight: 400;\"><span style=\"font-weight: 400;\">Le point de rencontre sera communiqu\u00e9 apr\u00e8s le processus de r\u00e9servation.<\/span><\/li>\n<li style=\"font-weight: 400;\"><strong>Enfants de 5 \u00e0 11 ans<\/strong>\u00a0ne peuvent participer que s'ils sont dans une poussette de 2 ou 4 personnes, accompagn\u00e9s d'un adulte, car ils ne sont pas en mesure de conduire les poussettes.<\/li>\n<li style=\"font-weight: 400;\"><span style=\"font-weight: 400;\">accessible en fauteuil roulant <\/span><\/li>\n<li style=\"font-weight: 400;\"><span style=\"font-weight: 400;\">Les enfants en bas \u00e2ge doivent \u00eatre assis sur les genoux <\/span><\/li>\n<li style=\"font-weight: 400;\"><span style=\"font-weight: 400;\">La plupart des voyageurs peuvent participer<\/span><\/li>\n<li><strong>Femmes enceintes<\/strong>\u00a0ne peuvent pas participer \u00e0 cette activit\u00e9.<\/li>\n<\/ol>\n<h4><b><i>Politique d'annulation<\/i><\/b><\/h4>\n<p><span style=\"font-weight: 400;\">Pour un remboursement complet, veuillez lire nos politiques d'annulation.\u00a0<a href=\"https:\/\/www.ticketswhales.com\/online-booking\/\" target=\"_blank\" rel=\"noopener\" data-saferedirecturl=\"https:\/\/www.google.com\/url?q=https:\/\/www.ticketswhales.com\/online-booking\/&amp;source=gmail&amp;ust=1672449202351000&amp;usg=AOvVaw1yAeVAPktmaVCqDujgUn90\">Cliquez ici<\/a>. Les fonds seront perdus si la r\u00e9servation est annul\u00e9e le jour m\u00eame du voyage.<\/span><\/p>\n\n\t\t<\/div>\n\t<\/div>\n<\/div><\/div><\/div><\/div><div class=\"vc_row wpb_row vc_row-fluid\" ><div class=\"wpb_column vc_column_container vc_col-sm-12\"><div class=\"vc_column-inner\"><div class=\"wpb_wrapper\">\n\t<div class=\"wpb_text_column wpb_content_element\" >\n\t\t<div class=\"wpb_wrapper\">\n\t\t\t<h4>Nous contacter ?<\/h4>\n<h5><em><strong>R\u00e9servation d'aventures<\/strong><\/em><\/h5>\n<p><em><strong>Locaux<\/strong> et <strong>Nationales<\/strong> Guides touristiques et services aux visiteurs<\/em><\/p>\n<p><span class=\"text-turquoise\">R\u00e9servations :<\/span> Tours et excursions \u00e0 Dom. Rep.<\/p>\n\n\t\t<\/div>\n\t<\/div>\n<\/div><\/div><\/div><\/div><div class=\"vc_row wpb_row vc_row-fluid\" ><div class=\"wpb_column vc_column_container vc_col-sm-12\"><div class=\"vc_column-inner\"><div class=\"wpb_wrapper\"><div class=\"vc_empty_space\"   style=\"height: 32px\"><span class=\"vc_empty_space_inner\"><\/span><\/div>\n\t<div class=\"wpb_text_column wpb_content_element\" >\n\t\t<div class=\"wpb_wrapper\">\n\t\t\t<h4>Nous contacter ?<\/h4>\n<h5>R\u00e9servation d'aventures<\/h5>\n<p><em><strong>Locaux<\/strong>\u00a0et\u00a0<strong>Nationales<\/strong>\u00a0Guides touristiques et services aux visiteurs<\/em><\/p>\n<p><span class=\"text-turquoise\">R\u00e9servations :<\/span>\u00a0Tours et excursions \u00e0 Dom. Rep.<\/p>\n<p><img decoding=\"async\" class=\"emoji\" draggable=\"false\" src=\"https:\/\/s.w.org\/images\/core\/emoji\/11.2.0\/svg\/1f4de.svg\" alt=\"\ud83d\udcde\" \/>\u00a0T\u00e9l \/ Whatsapp\u00a0\u00a0<a href=\"tel:+1-809-720-6035\">+1-809-720-6035<\/a>.<\/p>\n<p><img decoding=\"async\" class=\"emoji\" draggable=\"false\" src=\"https:\/\/s.w.org\/images\/core\/emoji\/11.2.0\/svg\/1f4e9.svg\" alt=\"\ud83d\udce9\" \/>\u00a0<a href=\"mailto:info@bookingadventures.com.do\">info@bookingadventures.com.do<\/a><\/p>\n<p><strong>Nous sommes flexibles pour organiser des visites priv\u00e9es par Whatsapp :\u00a0<a href=\"tel:+18097206035\">+18097206035.<\/a><\/strong><\/p>\n\n\t\t<\/div>\n\t<\/div>\n<div class=\"vc_empty_space\"   style=\"height: 32px\"><span class=\"vc_empty_space_inner\"><\/span><\/div><\/div><\/div><\/div><\/div>","protected":false},"excerpt":{"rendered":"<p>Apr\u00e8s vous avoir r\u00e9cup\u00e9r\u00e9 \u00e0 votre h\u00f4tel, nous nous rendrons \u00e0 l'int\u00e9rieur de Punta Cana. Entour\u00e9 de\u00a0<strong>les plantations de caf\u00e9 et de cacao<\/strong>, votre\u00a0<strong>guides locaux<\/strong>\u00a0Le guide vous expliquera le d\u00e9roulement de la visite et tout ce qu'il faut savoir pour conduire votre buggy.<\/p>\n<p>Ensuite, nous tournerons la cl\u00e9 dans le contact et nous commencerons l'excitation, en zappant sur\u00a0<strong>des collines, des plantations de caf\u00e9, des chemins de terre et des lits de rivi\u00e8re.<\/strong>.<\/p>\n<p>&nbsp;<\/p>\n<p><em><strong>Veuillez s\u00e9lectionner la date de la tourn\u00e9e\u00a0<\/strong><\/em><\/p>","protected":false},"featured_media":11037,"template":"","meta":[],"product_brand":[],"product_cat":[576,449,569,599,305,122,259],"product_tag":[450,451,141,452,362,228],"class_list":{"0":"post-11680","1":"product","2":"type-product","3":"status-publish","4":"has-post-thumbnail","6":"product_cat-1-punta-cana","7":"product_cat-punta-cana-buggy-tour","8":"product_cat-punta-cana-group-tours","9":"product_cat-punta-cana-buggies","10":"product_cat-tours-and-excursion-punta-cana","11":"product_cat-tours-and-excursions","12":"product_cat-tours-excursions-punta-cana-dominican-republic","13":"product_tag-buggies","14":"product_tag-buggies-punta-cana","15":"product_tag-punta-cana","16":"product_tag-punta-cana-buggy-tour-pick-up-from-punta-cana-hotels","17":"product_tag-punta-cana-catamaran-party-with-snorkeling-and-parasailing","18":"product_tag-punta-cana-tours","20":"first","21":"instock","22":"sale","23":"sold-individually","24":"shipping-taxable","25":"product-type-external"},"_links":{"self":[{"href":"https:\/\/visitaloshaitises.com\/fr\/wp-json\/wp\/v2\/product\/11680","targetHints":{"allow":["GET"]}}],"collection":[{"href":"https:\/\/visitaloshaitises.com\/fr\/wp-json\/wp\/v2\/product"}],"about":[{"href":"https:\/\/visitaloshaitises.com\/fr\/wp-json\/wp\/v2\/types\/product"}],"wp:featuredmedia":[{"embeddable":true,"href":"https:\/\/visitaloshaitises.com\/fr\/wp-json\/wp\/v2\/media\/11037"}],"wp:attachment":[{"href":"https:\/\/visitaloshaitises.com\/fr\/wp-json\/wp\/v2\/media?parent=11680"}],"wp:term":[{"taxonomy":"product_brand","embeddable":true,"href":"https:\/\/visitaloshaitises.com\/fr\/wp-json\/wp\/v2\/product_brand?post=11680"},{"taxonomy":"product_cat","embeddable":true,"href":"https:\/\/visitaloshaitises.com\/fr\/wp-json\/wp\/v2\/product_cat?post=11680"},{"taxonomy":"product_tag","embeddable":true,"href":"https:\/\/visitaloshaitises.com\/fr\/wp-json\/wp\/v2\/product_tag?post=11680"}],"curies":[{"name":"wp","href":"https:\/\/api.w.org\/{rel}","templated":true}]}}