{"id":11643,"date":"2023-10-04T07:39:47","date_gmt":"2023-10-04T07:39:47","guid":{"rendered":"https:\/\/haitises.com\/?post_type=product&#038;p=11643"},"modified":"2024-04-01T15:06:27","modified_gmt":"2024-04-01T15:06:27","slug":"los-haitises-national-park-tour-from-punta-cana-montana-redonda-cano-hondo-3","status":"publish","type":"product","link":"https:\/\/visitaloshaitises.com\/fr\/private\/visite-du-parc-national-de-los-haitises-depuis-punta-cana-montana-redonda-cano-hondo\/","title":{"rendered":"Visite du parc national Los Haitises au d\u00e9part de Punta Cana, Montana Redonda et Ca\u00f1o Hondo"},"content":{"rendered":"<div class=\"vc_row wpb_row vc_row-fluid\" ><div class=\"wpb_column vc_column_container vc_col-sm-12\"><div class=\"vc_column-inner\"><div class=\"wpb_wrapper\"><div class=\"vc_btn3-container vc_btn3-inline\" ><a class=\"vc_general vc_btn3 vc_btn3-size-md vc_btn3-shape-rounded vc_btn3-style-modern vc_btn3-color-green\" href=\"https:\/\/bookingadventures.tours\/booking.php?tour_id=2d52ebf3635f3c30a26b2bdd1f47c0d8\" title=\"\" target=\"_blank\" rel=\"noopener\">R\u00c9SERVEZ MAINTENANT<\/a><\/div><div class=\"mkdf-section-title-holder\" style=\"text-align: left\">\n\t<div class=\"mkdf-st-inner\">\n\t\t\t\t\t<h5 class=\"mkdf-st-subtitle\" >\n\t\t\t\tTransport et d\u00e9jeuner inclus\t\t\t<\/h5>\n\t\t\t\t\t\t\t<h3 class=\"mkdf-st-title\" >\n\t\t\t\tVisite du parc national Los Haitises au d\u00e9part de Punta Cana, excursion d&#039;une journ\u00e9e \u00e0 Montana Redonda et Cano Hondo.\t\t\t<\/h3>\n\t\t\t\t\t<\/div>\n<\/div><\/div><\/div><\/div><\/div><div class=\"vc_row wpb_row vc_row-fluid\" ><div class=\"wpb_column vc_column_container vc_col-sm-12\"><div class=\"vc_column-inner\"><div class=\"wpb_wrapper\">\n\t<div class=\"wpb_text_column wpb_content_element\" >\n\t\t<div class=\"wpb_wrapper\">\n\t\t\t<h3><\/h3>\n<h4><b><i>Vue d'ensemble <\/i><\/b><\/h4>\n<p>Visite du parc national Los Haitises au d\u00e9part de Punta Cana. Au d\u00e9part de votre h\u00f4tel \u00e0 Punta Cana ou \u00e0 Bavaro. Nous conduirons avec notre guide touristique \u00e0 Montana Redonda. O\u00f9 vous avez le temps de prendre de superbes photos depuis l&#039;une des vues les plus impressionnantes de la R\u00e9publique dominicaine. Apr\u00e8s ce premier arr\u00eat, nous continuons \u00e0 visiter le parc national Los Haitises, quelques collations et boissons typiques pendant que nous parcourons les mangroves, les grottes et les c\u00e9l\u00e8bres \u00eeles rocheuses comme dans Jurassic Park. Apr\u00e8s la visite du parc national Los Haitises, le d\u00e9jeuner nous attend \u00e0 Ca\u00f1o Hondo. Apr\u00e8s un d\u00e9jeuner local et gastronomique, vous devez avoir le temps de nager dans les piscines naturelles uniques, l&#039;eau provient du parc national Los Haitises.<\/p>\n<p>Apr\u00e8s cette exp\u00e9rience, vous retournerez \u00e0 la communaut\u00e9 de Punta Cana d&#039;o\u00f9 nous viendrons vous chercher.<\/p>\n<ul>\n<li style=\"font-weight: 400;\">Frais inclus<\/li>\n<li>D\u00e9jeuner<\/li>\n<li>En-cas<\/li>\n<li style=\"font-weight: 400;\">Guide local en anglais ou en fran\u00e7ais<\/li>\n<li>Transport<\/li>\n<li>Excursion en bateau<\/li>\n<li>Montana Redonda<\/li>\n<li>Tuyau profond<\/li>\n<\/ul>\n<p>&nbsp;<\/p>\n<h4><b>Inclusions et exclusions<\/b><\/h4>\n<p>&nbsp;<\/p>\n<p><b>Inclusions<\/b><\/p>\n<ol>\n<li style=\"font-weight: 400;\">Visite de Los Haitises + grottes et pictogrammes<\/li>\n<li>Montana Redonda<\/li>\n<li>Tuyau profond<\/li>\n<li>D\u00e9jeuner<\/li>\n<li>Prise en charge aux h\u00f4tels dans les r\u00e9gions de Punta Cana.<\/li>\n<li style=\"font-weight: 400;\"><span style=\"font-weight: 400;\">Toutes les taxes, tous les frais et tous les frais de gestion<\/span><\/li>\n<li style=\"font-weight: 400;\"><span style=\"font-weight: 400;\">Imp\u00f4ts locaux<\/span><\/li>\n<li style=\"font-weight: 400;\"><span style=\"font-weight: 400;\">Boissons<\/span><\/li>\n<li>En-cas<\/li>\n<li style=\"font-weight: 400;\"><span style=\"font-weight: 400;\">Toutes les activit\u00e9s<\/span><\/li>\n<li style=\"font-weight: 400;\"><span style=\"font-weight: 400;\">Guide local<\/span><\/li>\n<\/ol>\n<p><b> Exclusions<\/b><\/p>\n<ol>\n<li style=\"font-weight: 400;\"><span style=\"font-weight: 400;\">Pourboires<\/span><\/li>\n<li style=\"font-weight: 400;\"><span style=\"font-weight: 400;\">Boissons alcoolis\u00e9es<\/span><\/li>\n<\/ol>\n<p>&nbsp;<\/p>\n<h4><em><strong>D\u00e9part et retour<\/strong><\/em><\/h4>\n<p><span style=\"font-weight: 400;\">Le voyageur obtiendra un point de rencontre apr\u00e8s le processus de r\u00e9servation. Les circuits commencent et se terminent \u00e0 votre point de rencontre.<\/span><\/p>\n<h4><\/h4>\n<h3>Visite du parc national Los Haitises au d\u00e9part de Punta Cana, Montana Redonda et Cano Hondo.<\/h3>\n<h4><b><i>\u00c0 quoi s'attendre ?<\/i><\/b><\/h4>\n<p><em><strong>Achetez vos billets<\/strong><\/em> pour visiter le parc national Los Haitises au d\u00e9part de Punta Cana. Excursion d&#039;une journ\u00e9e compl\u00e8te. Au d\u00e9part de Punta Cana, R\u00e9publique Dominicaine. Prendre le transport avec notre guide local pour visiter les vues du Montana Redonda, le parc national Los Haitises \u00e0 Sabana de la Mar et l&#039;heure du d\u00e9jeuner \u00e0 Ca\u00f1o Hondo.<\/p>\n<p>The tour, organized by \u00abBooking Adventures\u00bb starts at the meeting point set with the Tour Guide. Come with Booking Adventures and start checking some bird-filled mangroves, rolling hills of lush vegetation and caves of <em><strong>Parc national de Los Haitises<\/strong><\/em>. Visite de l'\u00eele avec les oiseaux autour. En p\u00e9riode de nidification, on peut m\u00eame voir les oisillons de Pelecanos sur les nids. Approfondir la connaissance des \u00eeles Rocheuses et visiter les grottes avec des pictogrammes et des p\u00e9trographes des peuples indig\u00e8nes.<\/p>\n<p>Traversez les mangroves et d\u00e9barquez dans la baie ouverte de San Lorenzo, Sabana de la Mar, d'o\u00f9 vous pourrez photographier le paysage forestier accident\u00e9. Regardez l'eau pour apercevoir <em><strong>Lamantins<\/strong><\/em>les crustac\u00e9s, et <em><strong>dauphins.<\/strong><\/em><\/p>\n<div class=\"body-description secondary\">\n<p>Le parc national tire son nom de ses premiers habitants, les Indiens Taino. Dans leur langue, \"Haitises\" signifie \"hautes terres\" ou \"collines\", en r\u00e9f\u00e9rence aux formations g\u00e9ologiques escarp\u00e9es de calcaire du littoral. Aventurez-vous plus profond\u00e9ment dans le parc pour explorer des grottes telles que la Cueva San Gabriel, <em><strong>Cueva de la Arena, <\/strong><\/em>et <strong><em>Cueva de la L\u00ednea.<\/em><\/strong><\/p>\n<p>Ces grottes de la r\u00e9serve servaient d&#039;abri aux Indiens Taino et, plus tard, aux pirates qui se cachaient. Recherchez les dessins d&#039;Indiens qui d\u00e9corent certains murs.<\/p>\n<p>Montana Redonda (Montagne Ronde) \u00e0 Miches est \u00e9galement un endroit inoubliable, entour\u00e9 par la nature de la campagne, b\u00e9n\u00e9ficiant d&#039;une vue panoramique, o\u00f9 le reflet des lagons se combine avec le lever du soleil sur la plage et le coucher du soleil avec le vert des montagnes. , l&#039;air pur et le chant des oiseaux, la paix et la tranquillit\u00e9 qui nous donnent envie de rester.<\/p>\n<\/div>\n<p>Plus Ca\u00f1o Hondo Incroyable complexe au sommet d&#039;une montagne avec une vue imprenable sur une baie pleine de nature et la baie de Samana au fond. C&#039;est comme si vous viviez dans un paradis de for\u00eat tropicale avec un style magnifique et tellement relaxant et calme. Avec acc\u00e8s aux piscines provenant d&#039;une rivi\u00e8re naturelle du parc national Los Haitises.<\/p>\n<div class=\"body-description secondary\">\n<p>C&#039;est dans cet endroit que nous prendrons un d\u00e9jeuner typique. Si vous \u00eates v\u00e9g\u00e9talien, ne vous inqui\u00e9tez pas, nous avons aussi de la nourriture pour vous\u00a0!<\/p>\n<p>Apr\u00e8s le d\u00e9jeuner, nous retournons \u00e0 Punta Cana !!<\/p>\n<\/div>\n<p>Si vous aimeriez ce voyage plus long ou plus court, contactez-nous.<\/p>\n<p>&nbsp;<\/p>\n<h4><em><strong>Que faut-il apporter ?<\/strong><\/em><\/h4>\n<ul>\n<li style=\"font-weight: 400;\"><span style=\"font-weight: 400;\">Appareil photo<\/span><\/li>\n<li style=\"font-weight: 400;\"><span style=\"font-weight: 400;\">Bourgeons r\u00e9pulsifs<\/span><\/li>\n<li style=\"font-weight: 400;\"><span style=\"font-weight: 400;\">Cr\u00e8me solaire<\/span><\/li>\n<li style=\"font-weight: 400;\"><span style=\"font-weight: 400;\">Chapeau<\/span><\/li>\n<li style=\"font-weight: 400;\"><span style=\"font-weight: 400;\">Pantalon confortable<\/span><\/li>\n<li style=\"font-weight: 400;\"><span style=\"font-weight: 400;\">Chaussures de randonn\u00e9e pour la for\u00eat<\/span><\/li>\n<li style=\"font-weight: 400;\"><span style=\"font-weight: 400;\">Sandals to the Spring areas.<\/span><\/li>\n<li style=\"font-weight: 400;\"><span style=\"font-weight: 400;\">V\u00eatements de bain<\/span><\/li>\n<\/ul>\n<p>&nbsp;<\/p>\n<h4><b><i>H\u00f4tel Pickup <\/i><\/b><\/h4>\n<p><span style=\"font-weight: 400;\">La prise en charge \u00e0 l&#039;h\u00f4tel est offerte pour cette visite. S\u00e9lectionnez le nom de l&#039;h\u00f4tel et l&#039;heure ici. Si votre h\u00f4tel ne figure pas sur la liste, veuillez nous contacter.<\/span><\/p>\n<p>&nbsp;<\/p>\n<p><b>Remarque :<\/b><span style=\"font-weight: 400;\"> Si vous r\u00e9servez dans les 24 heures pr\u00e9c\u00e9dant l'heure de d\u00e9part de la visite\/excursion, nous pouvons organiser la prise en charge \u00e0 l'h\u00f4tel. Une fois votre achat effectu\u00e9, nous vous enverrons les coordonn\u00e9es compl\u00e8tes (num\u00e9ro de t\u00e9l\u00e9phone, adresse \u00e9lectronique, etc.) de notre guide local pour organiser la prise en charge.<\/span><\/p>\n<h4><b><i>Informations compl\u00e9mentaires Confirmation <\/i><\/b><\/h4>\n<ol>\n<li>Les billets sont le re\u00e7u apr\u00e8s le paiement de cette tourn\u00e9e. Vous pouvez montrer le paiement sur votre t\u00e9l\u00e9phone.<\/li>\n<li style=\"font-weight: 400;\"><span style=\"font-weight: 400;\">Le point de rencontre sera communiqu\u00e9 apr\u00e8s le processus de r\u00e9servation.<\/span><\/li>\n<li style=\"font-weight: 400;\"><span style=\"font-weight: 400;\">Les enfants doivent \u00eatre accompagn\u00e9s d'un adulte.<\/span><\/li>\n<li style=\"font-weight: 400;\"><span style=\"font-weight: 400;\"> Non accessible aux fauteuils roulants <\/span><\/li>\n<li style=\"font-weight: 400;\"><span style=\"font-weight: 400;\">Les enfants en bas \u00e2ge doivent \u00eatre assis sur les genoux <\/span><\/li>\n<li style=\"font-weight: 400;\"><span style=\"font-weight: 400;\">D\u00e9conseill\u00e9 aux voyageurs souffrant de probl\u00e8mes de dos<\/span><\/li>\n<li style=\"font-weight: 400;\"><span style=\"font-weight: 400;\">D\u00e9conseill\u00e9 aux voyageuses enceintes <\/span><\/li>\n<li style=\"font-weight: 400;\"><span style=\"font-weight: 400;\"> Pas de probl\u00e8mes cardiaques ou d'autres maladies graves <\/span><\/li>\n<li style=\"font-weight: 400;\"><span style=\"font-weight: 400;\">La plupart des voyageurs peuvent participer<\/span><\/li>\n<\/ol>\n<h4><b><i>Politique d'annulation<\/i><\/b><\/h4>\n<p>Pour un remboursement complet, veuillez lire nos politiques d'annulation.\u00a0<a href=\"https:\/\/www.ticketswhales.com\/online-booking\/\" target=\"_blank\" rel=\"noopener\" data-saferedirecturl=\"https:\/\/www.google.com\/url?q=https:\/\/www.ticketswhales.com\/online-booking\/&amp;source=gmail&amp;ust=1672529771100000&amp;usg=AOvVaw2NIGJBZ0qjB5RhPUl5Obc7\">Cliquez ici<\/a>. Les fonds seront perdus si la r\u00e9servation est annul\u00e9e le jour m\u00eame du voyage.<\/p>\n\n\t\t<\/div>\n\t<\/div>\n<\/div><\/div><\/div><\/div><div class=\"vc_row wpb_row vc_row-fluid\" ><div class=\"wpb_column vc_column_container vc_col-sm-12\"><div class=\"vc_column-inner\"><div class=\"wpb_wrapper\"><div class=\"vc_btn3-container vc_btn3-inline\" ><a class=\"vc_general vc_btn3 vc_btn3-size-md vc_btn3-shape-rounded vc_btn3-style-modern vc_btn3-color-green\" href=\"https:\/\/bookingadventures.tours\/booking.php?tour_id=2d52ebf3635f3c30a26b2bdd1f47c0d8\" title=\"\" target=\"_blank\" rel=\"noopener\">R\u00c9SERVEZ MAINTENANT<\/a><\/div><div class=\"vc_empty_space\"   style=\"height: 32px\"><span class=\"vc_empty_space_inner\"><\/span><\/div>\n\t<div class=\"wpb_video_widget wpb_content_element vc_clearfix   vc_video-aspect-ratio-169 vc_video-el-width-100 vc_video-align-left\" >\n\t\t<div class=\"wpb_wrapper\">\n\t\t\t<h2 class=\"wpb_heading wpb_video_heading\">Vid\u00e9o du parc national Los Haitises\u00a0:<\/h2>\n\t\t\t<div class=\"wpb_video_wrapper\"><iframe loading=\"lazy\" title=\"Los Haitises National Park, Tours &amp; Excursion From Samana or Sabana de la Mar. Book Here:\" src=\"https:\/\/player.vimeo.com\/video\/346508015?dnt=1&amp;app_id=122963\" width=\"1100\" height=\"619\" frameborder=\"0\" allow=\"autoplay; fullscreen; picture-in-picture\"><\/iframe><\/div>\n\t\t<\/div>\n\t<\/div>\n<div class=\"vc_empty_space\"   style=\"height: 32px\"><span class=\"vc_empty_space_inner\"><\/span><\/div><\/div><\/div><\/div><\/div><div class=\"vc_row wpb_row vc_row-fluid\" ><div class=\"wpb_column vc_column_container vc_col-sm-12\"><div class=\"vc_column-inner\"><div class=\"wpb_wrapper\"><div class=\"vc_empty_space\"   style=\"height: 32px\"><span class=\"vc_empty_space_inner\"><\/span><\/div>\n\t<div class=\"wpb_text_column wpb_content_element\" >\n\t\t<div class=\"wpb_wrapper\">\n\t\t\t<h4>Nous contacter ?<\/h4>\n<h5><em><strong>R\u00e9servation d'aventures<\/strong><\/em><\/h5>\n<p><em><strong>Locaux<\/strong>\u00a0et\u00a0<strong>Nationales<\/strong>\u00a0Guides touristiques et services aux visiteurs<\/em><\/p>\n<p><span class=\"text-turquoise\">R\u00e9servations :<\/span>\u00a0Tours et excursions \u00e0 Dom. Rep.<\/p>\n<p><img decoding=\"async\" class=\"emoji\" draggable=\"false\" src=\"https:\/\/s.w.org\/images\/core\/emoji\/11.2.0\/svg\/1f4de.svg\" alt=\"\ud83d\udcde\" \/>\u00a0T\u00e9l \/ Whatsapp\u00a0\u00a0<a href=\"tel:+1-809-720-6035\">+1-809-720-6035<\/a>.<\/p>\n<p><img decoding=\"async\" class=\"emoji\" draggable=\"false\" src=\"https:\/\/s.w.org\/images\/core\/emoji\/11.2.0\/svg\/1f4e9.svg\" alt=\"\ud83d\udce9\" \/>\u00a0<a href=\"mailto:info@bookingadventures.com.do\">info@bookingadventures.com.do<\/a><\/p>\n<p><strong>Nous sommes flexibles pour organiser des visites priv\u00e9es par Whatsapp :\u00a0<a href=\"tel:+18097206035\">+18097206035.<\/a><\/strong><\/p>\n\n\t\t<\/div>\n\t<\/div>\n<div class=\"vc_empty_space\"   style=\"height: 32px\"><span class=\"vc_empty_space_inner\"><\/span><\/div><\/div><\/div><\/div><\/div><div class=\"vc_row wpb_row vc_row-fluid\" ><div class=\"wpb_column vc_column_container vc_col-sm-12\"><div class=\"vc_column-inner\"><div class=\"wpb_wrapper\"><\/div><\/div><\/div><\/div><div class=\"vc_row wpb_row vc_row-fluid\" ><div class=\"wpb_column vc_column_container vc_col-sm-12\"><div class=\"vc_column-inner\"><div class=\"wpb_wrapper\"><div class=\"vc_btn3-container vc_btn3-inline\" ><a class=\"vc_general vc_btn3 vc_btn3-size-md vc_btn3-shape-rounded vc_btn3-style-modern vc_btn3-color-green\" href=\"https:\/\/bookingadventures.tours\/booking.php?tour_id=2d52ebf3635f3c30a26b2bdd1f47c0d8\" title=\"\" target=\"_blank\" rel=\"noopener\">R\u00c9SERVEZ MAINTENANT<\/a><\/div><\/div><\/div><\/div><\/div>","protected":false},"excerpt":{"rendered":"<p>Excursion depuis Punta Cana pour visiter le parc national Los Haitises, Montana Redonda et Cano Hondo. Comprend le d\u00e9jeuner et le transport pour une visite des 3 grottes principales, une exploration de 2 \u00e9cosyst\u00e8mes de mangroves diff\u00e9rents, des vues et des piscines Simming.<\/p>\n<p>Excursion d&#039;une journ\u00e9e compl\u00e8te au parc national Los Haitises avec un guide local. Visite des cayes du parc national Los Haitises, des mangroves, de la v\u00e9g\u00e9tation, de l&#039;observation des oiseaux, des grottes, des pictogrammes et des zones historiques de Sabana de la Mar dans le parc national Los Haitises. Vues imprenables sur Montana Redonda et d\u00e9jeuner et piscines \u00e0 Cano Hondo.<\/p>\n<p>&nbsp;<\/p>\n<p><strong>Veuillez s\u00e9lectionner la date de la visite :\u00a0<\/strong><\/p>","protected":false},"featured_media":11334,"template":"","meta":[],"product_brand":[],"product_cat":[576,565,566,119,120,135,121,572,569,586,587,122,259],"product_tag":[126,127,128,206,145,260,225,132,133,213,215,261,146,262,141,263,226],"class_list":{"0":"post-11643","1":"product","2":"type-product","3":"status-publish","4":"has-post-thumbnail","6":"product_cat-1-punta-cana","7":"product_cat-1-sabana-de-la-mar","8":"product_cat-boat-trip-los-haitises","9":"product_cat-caves","10":"product_cat-fees-entrace","11":"product_cat-lunch","12":"product_cat-mangroves","13":"product_cat-natural-pools-los-haitises","14":"product_cat-punta-cana-group-tours","15":"product_cat-punta-cana-los-haitises","16":"product_cat-punta-cana-montana-redonda","17":"product_cat-tours-and-excursions","18":"product_cat-tours-excursions-punta-cana-dominican-republic","19":"product_tag-cano-hondo","20":"product_tag-cano-hondo-hotel","21":"product_tag-cano-hondo-tours","22":"product_tag-caves-los-haitises","23":"product_tag-day-tour-cano-hondo","24":"product_tag-day-trip-punta-cana","25":"product_tag-las-terrenas","26":"product_tag-los-haitises","27":"product_tag-los-haitises-national-park","28":"product_tag-los-haitises-national-park-map","29":"product_tag-los-haitises-national-park-tour-from-las-terrenas","30":"product_tag-los-haitises-national-park-tours-excursions","31":"product_tag-mangroves-los-haitises","32":"product_tag-montana-redonda-tours-excursion","33":"product_tag-punta-cana","34":"product_tag-punta-cana-tours-excursions","35":"product_tag-transportation-los-haitises","37":"first","38":"instock","39":"sale","40":"sold-individually","41":"shipping-taxable","42":"product-type-external"},"_links":{"self":[{"href":"https:\/\/visitaloshaitises.com\/fr\/wp-json\/wp\/v2\/product\/11643","targetHints":{"allow":["GET"]}}],"collection":[{"href":"https:\/\/visitaloshaitises.com\/fr\/wp-json\/wp\/v2\/product"}],"about":[{"href":"https:\/\/visitaloshaitises.com\/fr\/wp-json\/wp\/v2\/types\/product"}],"wp:featuredmedia":[{"embeddable":true,"href":"https:\/\/visitaloshaitises.com\/fr\/wp-json\/wp\/v2\/media\/11334"}],"wp:attachment":[{"href":"https:\/\/visitaloshaitises.com\/fr\/wp-json\/wp\/v2\/media?parent=11643"}],"wp:term":[{"taxonomy":"product_brand","embeddable":true,"href":"https:\/\/visitaloshaitises.com\/fr\/wp-json\/wp\/v2\/product_brand?post=11643"},{"taxonomy":"product_cat","embeddable":true,"href":"https:\/\/visitaloshaitises.com\/fr\/wp-json\/wp\/v2\/product_cat?post=11643"},{"taxonomy":"product_tag","embeddable":true,"href":"https:\/\/visitaloshaitises.com\/fr\/wp-json\/wp\/v2\/product_tag?post=11643"}],"curies":[{"name":"wp","href":"https:\/\/api.w.org\/{rel}","templated":true}]}}