{"id":11640,"date":"2023-10-04T07:39:47","date_gmt":"2023-10-04T07:39:47","guid":{"rendered":"https:\/\/haitises.com\/?post_type=product&#038;p=11640"},"modified":"2024-04-01T14:11:50","modified_gmt":"2024-04-01T14:11:50","slug":"saona-island-tour-from-punta-cana-natural-pool-excursion-3","status":"publish","type":"product","link":"https:\/\/visitaloshaitises.com\/fr\/private\/visite-de-l-ile-de-saona-depuis-punta-cana-piscine-naturelle-excursion\/","title":{"rendered":"Visite de l'\u00eele de Saona au d\u00e9part de Punta Cana - Excursion dans une piscine naturelle"},"content":{"rendered":"<div class=\"vc_row wpb_row vc_row-fluid\" ><div class=\"wpb_column vc_column_container vc_col-sm-12\"><div class=\"vc_column-inner\"><div class=\"wpb_wrapper\">\n\t<div class=\"wpb_text_column wpb_content_element\" >\n\t\t<div class=\"wpb_wrapper\">\n\t\t\t<p><span style=\"vertical-align: inherit;\"><span style=\"vertical-align: inherit;\"><\/p>\n\n\t\t<\/div>\n\t<\/div>\n<\/div><\/div><\/div><\/div><div class=\"vc_row wpb_row vc_row-fluid\" ><div class=\"wpb_column vc_column_container vc_col-sm-12\"><div class=\"vc_column-inner\"><div class=\"wpb_wrapper\"><\/div><\/div><\/div><div class=\"mkdf-section-title-holder\" style=\"text-align: left\">\n\t<div class=\"mkdf-st-inner\">\n\t\t\t\t\t<h5 class=\"mkdf-st-subtitle\" >\n\t\t\t\tDepuis les h\u00f4tels de Punta Cana\t\t\t<\/h5>\n\t\t\t\t\t\t\t<h3 class=\"mkdf-st-title\" >\n\t\t\t\tExcursion \u00e0 l'\u00eele de Saona depuis Punta Cana - Excursion \u00e0 la piscine naturelle\t\t\t<\/h3>\n\t\t\t\t\t\t\t<p class=\"mkdf-st-text\" >\n\t\t\t\tNote : Cette excursion commence \u00e0 7h00. L'heure peut varier en fonction de l'endroit o\u00f9 se trouve l'h\u00f4tel o\u00f9 l'on vient vous chercher. Des frais suppl\u00e9mentaires sont \u00e0 pr\u00e9voir pour une prise en charge dans des zones non mentionn\u00e9es dans notre description.\t\t\t<\/p>\n\t\t\t<\/div>\n<\/div><div class=\"vc_row wpb_row vc_row-fluid\" ><\/div><\/div>[\/vc_row]<div class=\"wpb_column vc_column_container vc_col-sm-12\"><div class=\"vc_column-inner\"><div class=\"wpb_wrapper\"><div class=\"vc_btn3-container vc_btn3-inline\" ><button class=\"vc_general vc_btn3 vc_btn3-size-md vc_btn3-shape-rounded vc_btn3-style-modern vc_btn3-color-green\">R\u00c9SERVEZ MAINTENANT<\/button><\/div><\/div><\/div><\/div><div class=\"vc_row wpb_row vc_row-fluid\" ><\/div><div class=\"wpb_column vc_column_container vc_col-sm-12\"><div class=\"vc_column-inner\"><div class=\"wpb_wrapper\"><\/div><\/div><\/div>\n\t<div class=\"wpb_text_column wpb_content_element\" >\n\t\t<div class=\"wpb_wrapper\">\n\t\t\t<p>\u00a0<\/span><\/span><\/p>\n<h4><b><i><span style=\"vertical-align: inherit;\"><span style=\"vertical-align: inherit;\">Vue d'ensemble <\/span><\/span><\/i><\/b><\/h4>\n<div>\n<div>\n<div><span style=\"vertical-align: inherit;\"><span style=\"vertical-align: inherit;\">Cette excursion vous emm\u00e8ne sur les plages de l'\u00eele de Saona depuis Punta Cana en bus jusqu'\u00e0 la communaut\u00e9 de Bayahibe, d\u00e9jeuner sur l'\u00eele et arr\u00eats aux piscines naturelles de Saona. <\/span><span style=\"vertical-align: inherit;\">Disfrutando de la hermosa costa del sureste de la Rep\u00fablica Dominicana, donde luego de tomar el bote \u00abCatamar\u00e1n\u00bb navegar\u00e1 por la costa observando las diferentes playas, paisajes, manglares y formaciones calizas.<\/span><\/span><\/div>\n<div><\/div>\n<\/div>\n<\/div>\n<div>\n<div>\n<div><span style=\"vertical-align: inherit;\"><span style=\"vertical-align: inherit;\">Il faut environ 45 minutes pour arriver \u00e0 l'\u00eele et pendant le tour vous avez la possibilit\u00e9 de voir Mano Juan, la seule communaut\u00e9 \u00e9tablie sur l'\u00eele, dans ce m\u00eame endroit vous avez la possibilit\u00e9 de d\u00e9jeuner, au cas o\u00f9 vous n'arriveriez pas \u00e0 Mano Juan, vous visiterez des plages uniques dans la r\u00e9gion et le d\u00e9jeuner sera sur la plage, vous aurez \u00e9galement l'occasion de faire de la plong\u00e9e avec tuba sur l'\u00eele.<\/span><\/span><\/div>\n<\/div>\n<\/div>\n<div>\n<div>\n<div><span style=\"vertical-align: inherit;\"><span style=\"vertical-align: inherit;\">Sur le chemin du retour, un dernier arr\u00eat est pr\u00e9vu aux piscines naturelles, un autre des sites majestueux de l'\u00eele de Saona, dont vous profiterez pendant une heure avant de retourner \u00e0 la communaut\u00e9 de Bayahibe.<\/span><\/span><\/div>\n<\/div>\n<\/div>\n<ul>\n<li style=\"font-weight: 400;\"><span style=\"font-weight: 400;\"><span style=\"vertical-align: inherit;\"><span style=\"vertical-align: inherit;\">Comprend un d\u00e9jeuner buffet sur la plage.<\/span><\/span><\/span><\/li>\n<li><span style=\"vertical-align: inherit;\"><span style=\"vertical-align: inherit;\">Circuit en bus depuis Punta Cana<\/span><\/span><\/li>\n<li><span style=\"vertical-align: inherit;\"><span style=\"vertical-align: inherit;\">Piscine naturelle<\/span><\/span><\/li>\n<li><span style=\"vertical-align: inherit;\"><span style=\"vertical-align: inherit;\">Transfert en bateau ou en catamaran<\/span><\/span><\/li>\n<li style=\"font-weight: 400;\"><span style=\"font-weight: 400;\"><span style=\"vertical-align: inherit;\"><span style=\"vertical-align: inherit;\">Le capitaine assure l'instruction et la supervision.<\/span><\/span><\/span><\/li>\n<\/ul>\n<p>&nbsp;<\/p>\n<h4><b><span style=\"vertical-align: inherit;\"><span style=\"vertical-align: inherit;\">Inclusions et exclusions<\/span><\/span><\/b><\/h4>\n<p>&nbsp;<\/p>\n<p><b><span style=\"vertical-align: inherit;\"><span style=\"vertical-align: inherit;\">Inclusions<\/span><\/span><\/b><\/p>\n<ol>\n<li><span style=\"vertical-align: inherit;\"><span style=\"vertical-align: inherit;\">Excursion en bateau ou en catamaran<\/span><\/span><\/li>\n<li style=\"font-weight: 400;\"><span style=\"font-weight: 400;\"><span style=\"vertical-align: inherit;\"><span style=\"vertical-align: inherit;\">D\u00e9jeuner buffet sur la plage.<\/span><\/span><\/span><\/li>\n<li><span style=\"vertical-align: inherit;\"><span style=\"vertical-align: inherit;\">Piscine naturelle<\/span><\/span><\/li>\n<li style=\"font-weight: 400;\"><span style=\"font-weight: 400;\"><span style=\"vertical-align: inherit;\"><span style=\"vertical-align: inherit;\">Toutes les taxes, tous les frais et tous les frais de gestion.<\/span><\/span><\/span><\/li>\n<li style=\"font-weight: 400;\"><span style=\"font-weight: 400;\"><span style=\"vertical-align: inherit;\"><span style=\"vertical-align: inherit;\">Imp\u00f4ts locaux<\/span><\/span><\/span><\/li>\n<li style=\"font-weight: 400;\"><span style=\"font-weight: 400;\"><span style=\"vertical-align: inherit;\"><span style=\"vertical-align: inherit;\">Boissons<\/span><\/span><\/span><\/li>\n<\/ol>\n<p><b><span style=\"vertical-align: inherit;\"><span style=\"vertical-align: inherit;\"> Exclusions<\/span><\/span><\/b><\/p>\n<ol>\n<li style=\"font-weight: 400;\"><span style=\"font-weight: 400;\"><span style=\"vertical-align: inherit;\"><span style=\"vertical-align: inherit;\">Pourboire<\/span><\/span><\/span><\/li>\n<li style=\"font-weight: 400;\"><span style=\"font-weight: 400;\"><span style=\"vertical-align: inherit;\"><span style=\"vertical-align: inherit;\">Voiture de transfert<\/span><\/span><\/span><\/li>\n<li><span style=\"vertical-align: inherit;\"><span style=\"vertical-align: inherit;\">Guide local<\/span><\/span><\/li>\n<\/ol>\n<p>&nbsp;<\/p>\n<h4><em><strong><span style=\"vertical-align: inherit;\"><span style=\"vertical-align: inherit;\">D\u00e9part et retour<\/span><\/span><\/strong><\/em><\/h4>\n<p><span style=\"font-weight: 400;\"><span style=\"vertical-align: inherit;\"><span style=\"vertical-align: inherit;\">Le voyageur obtiendra un point de rencontre apr\u00e8s la proc\u00e9dure de r\u00e9servation. <\/span><span style=\"vertical-align: inherit;\">Les visites commencent et se terminent \u00e0 nos points de rencontre.<\/span><\/span><\/span><\/p>\n<p>&nbsp;<\/p>\n<h4><b><i><span style=\"vertical-align: inherit;\"><span style=\"vertical-align: inherit;\">\u00c0 quoi s'attendre ?<\/span><\/span><\/i><\/b><\/h4>\n<p>&nbsp;<\/p>\n<p><em><strong><span style=\"vertical-align: inherit;\"><span style=\"vertical-align: inherit;\">Achetez vos billets<\/span><\/span><\/strong><\/em><span style=\"vertical-align: inherit;\"><span style=\"vertical-align: inherit;\"> pour une excursion d'une journ\u00e9e sur l'\u00eele Saona (Isla Saona) \u00e0 Bayahibe depuis Punta Cana, plus un merveilleux d\u00e9jeuner et du temps sur la plage.<\/span><\/span><\/p>\n<p><span style=\"font-weight: 400;\"><span style=\"vertical-align: inherit;\"><span style=\"vertical-align: inherit;\">El Daypass, organizado por \u00abBooking Adventures\u00bb comienza en el punto de encuentro establecido con el gu\u00eda tur\u00edstico. <\/span><span style=\"vertical-align: inherit;\">Transport et<\/span><\/span><\/span><span style=\"vertical-align: inherit;\"><span style=\"vertical-align: inherit;\"> d\u00e9jeuner sur la plage et vous pouvez rester aussi longtemps que vous voulez vous baigner.<\/span><\/span><\/p>\n<p><span style=\"vertical-align: inherit;\"><span style=\"vertical-align: inherit;\">Si vous \u00eates v\u00e9g\u00e9talien, nous pouvons \u00e9galement vous pr\u00e9parer de la nourriture !<\/span><\/span><\/p>\n<p><strong><span style=\"vertical-align: inherit;\"><span style=\"vertical-align: inherit;\">Calendrier :<\/span><\/span><\/strong><\/p>\n<p><span style=\"vertical-align: inherit;\"><span style=\"vertical-align: inherit;\">7:00 AM - 7:00 PM ... L'heure varie en fonction de l'endroit o\u00f9 vous vous trouvez \u00e0 Punta Cana.<\/span><\/span><\/p>\n<p>&nbsp;<\/p>\n<h4><em><strong><span style=\"vertical-align: inherit;\"><span style=\"vertical-align: inherit;\">Que faut-il apporter ?<\/span><\/span><\/strong><\/em><\/h4>\n<ul>\n<li style=\"font-weight: 400;\"><span style=\"font-weight: 400;\"><span style=\"vertical-align: inherit;\"><span style=\"vertical-align: inherit;\">Appareil photo<\/span><\/span><\/span><\/li>\n<li style=\"font-weight: 400;\"><span style=\"font-weight: 400;\"><span style=\"vertical-align: inherit;\"><span style=\"vertical-align: inherit;\">Bourgeons r\u00e9pulsifs<\/span><\/span><\/span><\/li>\n<li style=\"font-weight: 400;\"><span style=\"font-weight: 400;\"><span style=\"vertical-align: inherit;\"><span style=\"vertical-align: inherit;\">cr\u00e8me solaire<\/span><\/span><\/span><\/li>\n<li style=\"font-weight: 400;\"><span style=\"font-weight: 400;\"><span style=\"vertical-align: inherit;\"><span style=\"vertical-align: inherit;\">Chapeau<\/span><\/span><\/span><\/li>\n<li style=\"font-weight: 400;\"><span style=\"font-weight: 400;\"><span style=\"vertical-align: inherit;\"><span style=\"vertical-align: inherit;\">Pantalon confortable<\/span><\/span><\/span><\/li>\n<li style=\"font-weight: 400;\"><span style=\"font-weight: 400;\"><span style=\"vertical-align: inherit;\"><span style=\"vertical-align: inherit;\">Chaussures de randonn\u00e9e pour la for\u00eat<\/span><\/span><\/span><\/li>\n<li style=\"font-weight: 400;\"><span style=\"font-weight: 400;\"><span style=\"vertical-align: inherit;\"><span style=\"vertical-align: inherit;\">Des sandales pour la plage<\/span><\/span><\/span><\/li>\n<li style=\"font-weight: 400;\"><span style=\"font-weight: 400;\"><span style=\"vertical-align: inherit;\"><span style=\"vertical-align: inherit;\">Robe de bain<\/span><\/span><\/span><\/li>\n<li><span style=\"vertical-align: inherit;\"><span style=\"vertical-align: inherit;\">Argent liquide pour les souvenirs<\/span><\/span><\/li>\n<\/ul>\n<p>&nbsp;<\/p>\n<h4><b><i><span style=\"vertical-align: inherit;\"><span style=\"vertical-align: inherit;\">Prise en charge \u00e0 l'h\u00f4tel <\/span><\/span><\/i><\/b><\/h4>\n<p><span style=\"font-weight: 400;\"><span style=\"vertical-align: inherit;\"><span style=\"vertical-align: inherit;\">La prise en charge est offerte aux voyageurs !<\/span><\/span><\/span><\/p>\n<p><span style=\"font-weight: 400;\"><span style=\"vertical-align: inherit;\"><span style=\"vertical-align: inherit;\">Nous venons vous chercher dans tous les h\u00f4tels de Punta Cana. <\/span><span style=\"vertical-align: inherit;\">Le point de ramassage est le hall de l'h\u00f4tel. <\/span><\/span><br \/>\n<span style=\"vertical-align: inherit;\"><span style=\"vertical-align: inherit;\">Si vous s\u00e9journez dans un condominium de la r\u00e9gion, nous viendrons vous chercher au condominium ou \u00e0 l'entr\u00e9e de la station baln\u00e9aire la plus proche. Nous organisons la prise en charge en nous contactant par Whatsapp.<\/span><\/span><\/span><\/p>\n<p><b>Remarque :<\/b><span style=\"font-weight: 400;\"> Si vous r\u00e9servez dans les 24 heures pr\u00e9c\u00e9dant l'heure de d\u00e9part de la visite\/excursion, nous pouvons organiser la prise en charge \u00e0 l'h\u00f4tel. Une fois votre achat effectu\u00e9, nous vous enverrons les coordonn\u00e9es compl\u00e8tes (num\u00e9ro de t\u00e9l\u00e9phone, adresse \u00e9lectronique, etc.) de notre guide local pour organiser la prise en charge.<\/span><\/p>\n<h4><b><i>Informations compl\u00e9mentaires Confirmation <\/i><\/b><\/h4>\n<ol>\n<li>Les billets sont le re\u00e7u apr\u00e8s le paiement de cette tourn\u00e9e. Vous pouvez montrer le paiement sur votre t\u00e9l\u00e9phone.<\/li>\n<li style=\"font-weight: 400;\"><span style=\"font-weight: 400;\">Le point de rencontre sera communiqu\u00e9 apr\u00e8s le processus de r\u00e9servation.<\/span><\/li>\n<li style=\"font-weight: 400;\"><span style=\"font-weight: 400;\">Les enfants doivent \u00eatre accompagn\u00e9s d'un adulte.<\/span><\/li>\n<li style=\"font-weight: 400;\"><span style=\"font-weight: 400;\">accessible en fauteuil roulant <\/span><\/li>\n<li style=\"font-weight: 400;\"><span style=\"font-weight: 400;\">Les enfants en bas \u00e2ge doivent \u00eatre assis sur les genoux <\/span><\/li>\n<li style=\"font-weight: 400;\"><span style=\"font-weight: 400;\">La plupart des voyageurs peuvent participer<\/span><\/li>\n<\/ol>\n<h4><b><i>Politique d'annulation<\/i><\/b><\/h4>\n<p>Pour un remboursement complet, veuillez lire nos politiques d'annulation.\u00a0<a href=\"https:\/\/www.ticketswhales.com\/online-booking\/\" target=\"_blank\" rel=\"noopener\" data-saferedirecturl=\"https:\/\/www.google.com\/url?q=https:\/\/www.ticketswhales.com\/online-booking\/&amp;source=gmail&amp;ust=1672529771100000&amp;usg=AOvVaw2NIGJBZ0qjB5RhPUl5Obc7\">Cliquez ici<\/a>. Les fonds seront perdus si la r\u00e9servation est annul\u00e9e le jour m\u00eame du voyage.<\/p>\n\n\t\t<\/div>\n\t<\/div>\n<div class=\"vc_row wpb_row vc_row-fluid\" ><div class=\"wpb_column vc_column_container vc_col-sm-12\"><div class=\"vc_column-inner\"><div class=\"wpb_wrapper\">\n\t<div class=\"wpb_text_column wpb_content_element\" >\n\t\t<div class=\"wpb_wrapper\">\n\t\t\t<h4>Nous contacter ?<\/h4>\n<h5><em><strong>R\u00e9servation d'aventures<\/strong><\/em><\/h5>\n<p><em><strong>Locaux<\/strong> et <strong>Nationales<\/strong> Guides touristiques et services aux visiteurs<\/em><\/p>\n<p><span class=\"text-turquoise\">R\u00e9servations :<\/span> Tours et excursions \u00e0 Dom. Rep.<\/p>\n\n\t\t<\/div>\n\t<\/div>\n<\/div><\/div><\/div><\/div><div class=\"vc_row wpb_row vc_row-fluid\" ><div class=\"wpb_column vc_column_container vc_col-sm-12\"><div class=\"vc_column-inner\"><div class=\"wpb_wrapper\"><div class=\"vc_empty_space\"   style=\"height: 32px\"><span class=\"vc_empty_space_inner\"><\/span><\/div><div class=\"vc_btn3-container vc_btn3-inline\" ><button class=\"vc_general vc_btn3 vc_btn3-size-md vc_btn3-shape-rounded vc_btn3-style-modern vc_btn3-color-green\">R\u00c9SERVEZ MAINTENANT<\/button><\/div>\n\t<div class=\"wpb_video_widget wpb_content_element vc_clearfix   vc_video-aspect-ratio-169 vc_video-el-width-100 vc_video-align-left\" >\n\t\t<div class=\"wpb_wrapper\">\n\t\t\t<h2 class=\"wpb_heading wpb_video_heading\">Vid\u00e9o des excursions sur l'\u00eele de Saona :<\/h2>\n\t\t\t<div class=\"wpb_video_wrapper\"><iframe loading=\"lazy\" title=\"Saola Island Full day by Booking Adventures, Travel Dominican Republic\" width=\"1100\" height=\"619\" src=\"https:\/\/www.youtube.com\/embed\/sas91N4zMHo?feature=oembed\" frameborder=\"0\" allow=\"accelerometer; autoplay; clipboard-write; encrypted-media; gyroscope; picture-in-picture; web-share\" allowfullscreen><\/iframe><\/div>\n\t\t<\/div>\n\t<\/div>\n<div class=\"vc_empty_space\"   style=\"height: 32px\"><span class=\"vc_empty_space_inner\"><\/span><\/div><\/div><\/div><\/div><\/div><div class=\"vc_row wpb_row vc_row-fluid\" ><\/div><div class=\"wpb_column vc_column_container vc_col-sm-12\"><div class=\"vc_column-inner\"><div class=\"wpb_wrapper\"><\/div><\/div><\/div><div class=\"vc_empty_space\"   style=\"height: 32px\"><span class=\"vc_empty_space_inner\"><\/span><\/div><div class=\"vc_empty_space\"   style=\"height: 32px\"><span class=\"vc_empty_space_inner\"><\/span><\/div><div class=\"vc_row wpb_row vc_row-fluid\" ><div class=\"wpb_column vc_column_container vc_col-sm-12\"><div class=\"vc_column-inner\"><div class=\"wpb_wrapper\"><div class=\"vc_btn3-container vc_btn3-inline\" ><button class=\"vc_general vc_btn3 vc_btn3-size-md vc_btn3-shape-rounded vc_btn3-style-modern vc_btn3-color-green\">R\u00c9SERVEZ MAINTENANT<\/button><\/div><\/div><\/div><\/div><\/div>","protected":false},"excerpt":{"rendered":"<pre id=\"tw-target-text\" class=\"tw-data-text tw-text-large tw-ta\" dir=\"ltr\" data-placeholder=\"Traducci\u00f3n\"><span class=\"Y2IQFc\" lang=\"en\">Une journ\u00e9e sur l'\u00eele de Saona depuis le port de Bayahibe au d\u00e9part des h\u00f4tels de Punta Cana. D\u00e9jeuner, transfert depuis les h\u00f4tels et piscines naturelles inclus. En cas de besoin, transfert depuis n'importe quel endroit de la R\u00e9publique Dominicaine. Il suffit de nous contacter et de vivre la meilleure exp\u00e9rience sur l'\u00eele de Saona.<\/span><\/pre>\n<p>&nbsp;<\/p>\n<pre id=\"tw-target-text\" class=\"tw-data-text tw-text-large tw-ta\" dir=\"ltr\" data-placeholder=\"Traducci\u00f3n\"><span class=\"Y2IQFc\" lang=\"en\"><strong>S\u00e9lectionnez la date de la visite :<\/strong> <\/span><\/pre>","protected":false},"featured_media":11061,"template":"","meta":[],"product_brand":[],"product_cat":[576,227,164,122],"product_tag":[165,166,167,168,169,141,228,170,229,171,172,173,230,231,174,175],"class_list":{"0":"post-11640","1":"product","2":"type-product","3":"status-publish","4":"has-post-thumbnail","6":"product_cat-1-punta-cana","7":"product_cat-saona-island","8":"product_cat-saona-island-tour-excursion","9":"product_cat-tours-and-excursions","10":"product_tag-all-inclusive-trip-to-saona-island-by-speedboat-catamaran","11":"product_tag-bayahibe","12":"product_tag-catamaran","13":"product_tag-how-to-get-to-saona-island","14":"product_tag-isla-saona","15":"product_tag-punta-cana","16":"product_tag-punta-cana-tours","17":"product_tag-saona","18":"product_tag-saona-from-punta-cana","19":"product_tag-saona-island","20":"product_tag-saona-island-excursion","21":"product_tag-saona-island-hotels","22":"product_tag-saona-island-natural-pool","23":"product_tag-saona-island-private-tour","24":"product_tag-saona-island-snorkeling","25":"product_tag-saona-island-tour","27":"first","28":"instock","29":"sale","30":"featured","31":"sold-individually","32":"shipping-taxable","33":"product-type-external"},"_links":{"self":[{"href":"https:\/\/visitaloshaitises.com\/fr\/wp-json\/wp\/v2\/product\/11640","targetHints":{"allow":["GET"]}}],"collection":[{"href":"https:\/\/visitaloshaitises.com\/fr\/wp-json\/wp\/v2\/product"}],"about":[{"href":"https:\/\/visitaloshaitises.com\/fr\/wp-json\/wp\/v2\/types\/product"}],"wp:featuredmedia":[{"embeddable":true,"href":"https:\/\/visitaloshaitises.com\/fr\/wp-json\/wp\/v2\/media\/11061"}],"wp:attachment":[{"href":"https:\/\/visitaloshaitises.com\/fr\/wp-json\/wp\/v2\/media?parent=11640"}],"wp:term":[{"taxonomy":"product_brand","embeddable":true,"href":"https:\/\/visitaloshaitises.com\/fr\/wp-json\/wp\/v2\/product_brand?post=11640"},{"taxonomy":"product_cat","embeddable":true,"href":"https:\/\/visitaloshaitises.com\/fr\/wp-json\/wp\/v2\/product_cat?post=11640"},{"taxonomy":"product_tag","embeddable":true,"href":"https:\/\/visitaloshaitises.com\/fr\/wp-json\/wp\/v2\/product_tag?post=11640"}],"curies":[{"name":"wp","href":"https:\/\/api.w.org\/{rel}","templated":true}]}}