{"id":11023,"date":"2021-04-09T10:45:51","date_gmt":"2021-04-09T10:45:51","guid":{"rendered":"https:\/\/haitises.com\/product\/import-placeholder-for-11524\/"},"modified":"2024-04-12T18:58:50","modified_gmt":"2024-04-12T18:58:50","slug":"saona-island-private-tour-from-punta-cana-hotels-punta-cana-lobby","status":"publish","type":"product","link":"https:\/\/visitaloshaitises.com\/fr\/private\/saona-island-private-tour-from-punta-cana-hotels-punta-cana-lobby\/","title":{"rendered":"Visite priv\u00e9e de l&#039;\u00eele Saona depuis les h\u00f4tels de Punta Cana - Hall de Punta Cana"},"content":{"rendered":"<div class=\"vc_row wpb_row vc_row-fluid\" ><div class=\"wpb_column vc_column_container vc_col-sm-12\"><div class=\"vc_column-inner\"><div class=\"wpb_wrapper\">\n\t<div class=\"wpb_text_column wpb_content_element\" >\n\t\t<div class=\"wpb_wrapper\">\n\t\t\t<h2><b><i>Saona Island Private Trip\u00a0<\/i><\/b><\/h2>\n<h4><b><i>Vue d'ensemble<\/i><\/b><\/h4>\n<div>The departure is from the main pier of <strong>Bayahibe<\/strong> at 9:00 am and return at 5 pm. If\u00a0<b>( you are adding a private transfer from from others departures\u00a0to this trip time may change)<\/b> <span style=\"font-size: 16px;\">This trip takes you to the best beaches of <strong>\u00cele de Saona<\/strong> (Isla Saona) starting from Bayahibe town, your lunch is on the island and you\u00b4ll\u00a0 stop at the natural pools of the<strong> Cotubanama Nacional Park<\/strong>. Enjoying the beautiful southeast coast of the Dominican Republic, where after taking the boat you will sail along the coast observing the different beaches, landscapes, mangroves and limestone formations of this unique place.\u00a0<\/span><\/div>\n<div>\n<p><span style=\"font-weight: 400;\">Getting to the island takes about 45 minutes and during the tour you\u00b4ll have the possibility of seeing <strong>Mano Juan<\/strong>, which is the only community established on the island, in this same place you have the possibility of having lunch, in case you do not get to Mano Juan, You will be visiting different\u00a0 beaches in the area and lunch will be on the beach, you will also have the opportunity to snorkel on the island.<\/span><\/p>\n<p><span style=\"font-weight: 400;\">When finish your trip in the different locations in the island, you\u00b4ll head back to the location where you meet with the Tour Guide.<\/span><\/p>\n<ul>\n<li style=\"font-weight: 400;\"><span style=\"font-weight: 400;\">Includes buffet lunch on the beach.<\/span><\/li>\n<li style=\"font-weight: 400;\"><span style=\"font-weight: 400;\">Natural pool<\/span><\/li>\n<li style=\"font-weight: 400;\"><span style=\"font-weight: 400;\">Transfer by boat or catamaran<\/span><\/li>\n<li style=\"font-weight: 400;\"><span style=\"font-weight: 400;\">The Captain provides instruction and supervision<\/span><\/li>\n<\/ul>\n<\/div>\n<p>&nbsp;<\/p>\n<h2><b>Inclusions et exclusions<\/b><\/h2>\n<p><b>Inclusions<\/b><\/p>\n<ol>\n<li>Speed Boat or Catamaran trip ( All Depend in the Group size)<\/li>\n<li style=\"font-weight: 400;\"><span style=\"font-weight: 400;\">D\u00e9jeuner buffet sur la plage<\/span><\/li>\n<li>Natural pool<\/li>\n<li style=\"font-weight: 400;\"><span style=\"font-weight: 400;\">Toutes les taxes, tous les frais et tous les frais de gestion<\/span><\/li>\n<li style=\"font-weight: 400;\"><span style=\"font-weight: 400;\">Imp\u00f4ts locaux<\/span><\/li>\n<li style=\"font-weight: 400;\"><span style=\"font-weight: 400;\">Boissons<\/span><\/li>\n<\/ol>\n<p><b> Exclusions<\/b><\/p>\n<ol>\n<li style=\"font-weight: 400;\"><span style=\"font-weight: 400;\">Pourboires<\/span><\/li>\n<li>Local Guide<\/li>\n<\/ol>\n<p>&nbsp;<\/p>\n<h4><em><strong>D\u00e9part et retour<\/strong><\/em><\/h4>\n<p><span style=\"font-weight: 400;\">We have a schedule designed to pick you up and drop you off based on the area you are located in. <\/span><span style=\"font-weight: 400;\">Le voyageur obtiendra un point de rencontre apr\u00e8s le processus de r\u00e9servation. Les circuits commencent et se terminent \u00e0 nos points de rencontre.<\/span><\/p>\n<p>&nbsp;<\/p>\n<h4><b><i>\u00c0 quoi s'attendre ?<\/i><\/b><\/h4>\n<p>&nbsp;<\/p>\n<p><em><strong>Achetez vos billets<\/strong><\/em> fora day pass in Saona island ( Isla Saona ) in Bayahibe plus a wonderful lunch and beach time.<\/p>\n<p><span style=\"font-weight: 400;\">The Day Trip, organized by \u00abBooking Adventures\u00bb starts at the meeting point set with the Tour Guide. <\/span>Lunch at the beach and you can stay as long as you want swimming around. If you are Vegan we also can set some food for you.<\/p>\n<p>This Boat trip start in Bayahibe but we offer Private Transfer for additional cost depend where is the Group.<\/p>\n<p><strong>Calendrier :<\/strong><\/p>\n<p>7:45 AM &#8211; 6:00 PM<\/p>\n<p>&nbsp;<\/p>\n<h4><em><strong>Que faut-il apporter ?<\/strong><\/em><\/h4>\n<ul>\n<li style=\"font-weight: 400;\"><span style=\"font-weight: 400;\">Appareil photo<\/span><\/li>\n<li style=\"font-weight: 400;\"><span style=\"font-weight: 400;\">Bourgeons r\u00e9pulsifs<\/span><\/li>\n<li style=\"font-weight: 400;\"><span style=\"font-weight: 400;\">cr\u00e8me solaire<\/span><\/li>\n<li style=\"font-weight: 400;\"><span style=\"font-weight: 400;\">Chapeau<\/span><\/li>\n<li style=\"font-weight: 400;\"><span style=\"font-weight: 400;\">Pantalon confortable<\/span><\/li>\n<li style=\"font-weight: 400;\"><span style=\"font-weight: 400;\">Chaussures de randonn\u00e9e pour la for\u00eat<\/span><\/li>\n<li style=\"font-weight: 400;\"><span style=\"font-weight: 400;\">Des sandales pour la plage<\/span><\/li>\n<li style=\"font-weight: 400;\"><span style=\"font-weight: 400;\">V\u00eatements de bain<\/span><\/li>\n<li>Argent liquide pour les souvenirs<\/li>\n<\/ul>\n<p>&nbsp;<\/p>\n<h2><b><i>Hotel Pickup for Saona Island day trip<\/i><\/b><\/h2>\n<p><span style=\"font-weight: 400;\">This is the program we have set based on your locations. Please let us know your specific hotel and we will contact you to tell you where we will meet you. This Transfer options apply a extra cost. This trip start in Bayahibe.<\/span><\/p>\n<table style=\"height: 487px;\" width=\"420\">\n<tbody>\n<tr>\n<td><b>Place<\/b><\/td>\n<td><b>Time<\/b><\/td>\n<\/tr>\n<tr>\n<td><b>Punta Cana<\/b><\/td>\n<td><b>7:45 am<\/b><\/td>\n<\/tr>\n<tr>\n<td><b>B\u00e1varo<\/b><\/td>\n<td><b>7:30 am<\/b><\/td>\n<\/tr>\n<tr>\n<td><b>Uvero Altos<\/b><\/td>\n<td><b>7:00 am<\/b><\/td>\n<\/tr>\n<tr>\n<td><b>Club Med<\/b><\/td>\n<td><b>7:00 am<\/b><\/td>\n<\/tr>\n<tr>\n<td><b>Boca Chica<\/b><\/td>\n<td><b>7:00 am<\/b><\/td>\n<\/tr>\n<tr>\n<td><b>Santo Domingo<\/b><\/td>\n<td><b>6:40 am<\/b><\/td>\n<\/tr>\n<tr>\n<td><b>Juan Doli\u00f3<\/b><\/td>\n<td><b>7:00 am<\/b><\/td>\n<\/tr>\n<\/tbody>\n<\/table>\n<p>&nbsp;<\/p>\n<p><b>Remarque :<\/b><span style=\"font-weight: 400;\"> if you are booking within 24 hours of the tour\/Excursion departure time, we can arrangements hotel pick-up with extra cost. Once your purchase is complete, we will send you complete contact information (phone number, email address, etc.) for our local Tour guide to organize pick-up arrangements.<\/span><\/p>\n<h4><b><i>Informations compl\u00e9mentaires Confirmation <\/i><\/b><\/h4>\n<ol>\n<li>Les billets sont le re\u00e7u apr\u00e8s le paiement de cette tourn\u00e9e. Vous pouvez montrer le paiement sur votre t\u00e9l\u00e9phone.<\/li>\n<li style=\"font-weight: 400;\"><span style=\"font-weight: 400;\">Le point de rencontre sera communiqu\u00e9 apr\u00e8s le processus de r\u00e9servation.<\/span><\/li>\n<li style=\"font-weight: 400;\"><span style=\"font-weight: 400;\">Les enfants doivent \u00eatre accompagn\u00e9s d'un adulte.<\/span><\/li>\n<li style=\"font-weight: 400;\"><span style=\"font-weight: 400;\">accessible en fauteuil roulant <\/span><\/li>\n<li style=\"font-weight: 400;\"><span style=\"font-weight: 400;\">Les enfants en bas \u00e2ge doivent \u00eatre assis sur les genoux <\/span><\/li>\n<li style=\"font-weight: 400;\"><span style=\"font-weight: 400;\">La plupart des voyageurs peuvent participer<\/span><\/li>\n<\/ol>\n<h4><b><i>Politique d'annulation<\/i><\/b><\/h4>\n<p><span style=\"font-weight: 400;\">Pour un remboursement complet, annulez au moins 24 heures avant la date de d\u00e9but de l&#039;exp\u00e9rience.<\/span><\/p>\n<p>NOTE:\u00a0If you would like to do this excursion and would like to know some more details you can<a href=\"mailto:info@bookingadventures.com.do\">\u00a0contact us by emai<\/a>l<strong>\u00a0<\/strong>or through our direct service chat Whatsapp at this number:\u00a0<strong>+1 809-720-6035<\/strong>. We will attend you immediately and we can make you an offer adjusting the price depending on the number of people.<\/p>\n<p>(We require a minimum of 4 people to arrange the tour privately. For less people we can arrange a semi-private tour with maximum 15 people).<\/p>\n<div id=\"gtx-trans\" style=\"position: absolute; left: -1px; top: 1055.03px;\">\n<div class=\"gtx-trans-icon\"><\/div>\n<\/div>\n\n\t\t<\/div>\n\t<\/div>\n<\/div><\/div><\/div><\/div><div class=\"vc_row wpb_row vc_row-fluid\" ><div class=\"wpb_column vc_column_container vc_col-sm-12\"><div class=\"vc_column-inner\"><div class=\"wpb_wrapper\"><\/div><\/div><\/div><\/div><div class=\"vc_row wpb_row vc_row-fluid\" ><div class=\"wpb_column vc_column_container vc_col-sm-12\"><div class=\"vc_column-inner\"><div class=\"wpb_wrapper\"><div class=\"vc_empty_space\"   style=\"height: 32px\"><span class=\"vc_empty_space_inner\"><\/span><\/div>\n\t<div class=\"wpb_video_widget wpb_content_element vc_clearfix   vc_video-aspect-ratio-169 vc_video-el-width-100 vc_video-align-left\" >\n\t\t<div class=\"wpb_wrapper\">\n\t\t\t<h2 class=\"wpb_heading wpb_video_heading\">Saona Island Tours &amp; Excursions video:<\/h2>\n\t\t\t<div class=\"wpb_video_wrapper\"><iframe loading=\"lazy\" title=\"Saola Island Full day by Booking Adventures, Travel Dominican Republic\" width=\"1100\" height=\"619\" src=\"https:\/\/www.youtube.com\/embed\/sas91N4zMHo?feature=oembed\" frameborder=\"0\" allow=\"accelerometer; autoplay; clipboard-write; encrypted-media; gyroscope; picture-in-picture\" allowfullscreen><\/iframe><\/div>\n\t\t<\/div>\n\t<\/div>\n<div class=\"vc_empty_space\"   style=\"height: 32px\"><span class=\"vc_empty_space_inner\"><\/span><\/div><\/div><\/div><\/div><\/div><div class=\"vc_row wpb_row vc_row-fluid\" ><div class=\"wpb_column vc_column_container vc_col-sm-12\"><div class=\"vc_column-inner\"><div class=\"wpb_wrapper\"><div class=\"vc_empty_space\"   style=\"height: 32px\"><span class=\"vc_empty_space_inner\"><\/span><\/div>\n\t<div class=\"wpb_text_column wpb_content_element\" >\n\t\t<div class=\"wpb_wrapper\">\n\t\t\t<h4>Nous contacter ?<\/h4>\n<h5>R\u00e9servation d'aventures<\/h5>\n<p><em><strong>Locaux<\/strong>\u00a0et\u00a0<strong>Nationales<\/strong>\u00a0Guides touristiques et services aux visiteurs<\/em><\/p>\n<p><span class=\"text-turquoise\">R\u00e9servations :<\/span>\u00a0Tours et excursions \u00e0 Dom. Rep.<\/p>\n<p><img decoding=\"async\" class=\"emoji\" draggable=\"false\" src=\"https:\/\/s.w.org\/images\/core\/emoji\/11.2.0\/svg\/1f4de.svg\" alt=\"\ud83d\udcde\" \/>\u00a0T\u00e9l \/ Whatsapp\u00a0\u00a0<a href=\"tel:+1-809-720-6035\">+1-809-720-6035<\/a>.<\/p>\n<p><img decoding=\"async\" class=\"emoji\" draggable=\"false\" src=\"https:\/\/s.w.org\/images\/core\/emoji\/11.2.0\/svg\/1f4e9.svg\" alt=\"\ud83d\udce9\" \/>\u00a0<a href=\"mailto:info@bookingadventures.com.do\">info@bookingadventures.com.do<\/a><\/p>\n<p><strong>Nous sommes flexibles pour organiser des visites priv\u00e9es par Whatsapp :\u00a0<a href=\"tel:+18097206035\">+18097206035.<\/a><\/strong><\/p>\n\n\t\t<\/div>\n\t<\/div>\n<div class=\"vc_empty_space\"   style=\"height: 32px\"><span class=\"vc_empty_space_inner\"><\/span><\/div><\/div><\/div><\/div><\/div>","protected":false},"excerpt":{"rendered":"<p>A day pass to Saona island from Bayahibe port. Lunch and Natural swimming pools included. In case of need transfer from any part of the Dominican Republic. Just Contact us and let&#8217;s have the best experience at Saona Island.<\/p>\n<p>&nbsp;<\/p>\n<p><em><strong>Veuillez s\u00e9lectionner la date de la tourn\u00e9e\u00a0<\/strong><\/em><\/p>","protected":false},"featured_media":11039,"template":"","meta":[],"product_brand":[],"product_cat":[453,454],"product_tag":[165,166,167,168,169,455,456,170,171,172,173,457,458,175],"class_list":{"0":"post-11023","1":"product","2":"type-product","3":"status-publish","4":"has-post-thumbnail","6":"product_cat-saona-island-offers","7":"product_cat-saona-island-private-tour-from-punta-cana-hotels-punta-cana-lobby","8":"product_tag-all-inclusive-trip-to-saona-island-by-speedboat-catamaran","9":"product_tag-bayahibe","10":"product_tag-catamaran","11":"product_tag-how-to-get-to-saona-island","12":"product_tag-isla-saona","13":"product_tag-private-day-trip-saona","14":"product_tag-private-tours","15":"product_tag-saona","16":"product_tag-saona-island","17":"product_tag-saona-island-excursion","18":"product_tag-saona-island-hotels","19":"product_tag-saona-island-private","20":"product_tag-saona-island-private-tour-from-punta-cana-hotels-punta-cana-lobby","21":"product_tag-saona-island-tour","23":"first","24":"instock","25":"sale","26":"featured","27":"sold-individually","28":"shipping-taxable","29":"product-type-external"},"_links":{"self":[{"href":"https:\/\/visitaloshaitises.com\/fr\/wp-json\/wp\/v2\/product\/11023","targetHints":{"allow":["GET"]}}],"collection":[{"href":"https:\/\/visitaloshaitises.com\/fr\/wp-json\/wp\/v2\/product"}],"about":[{"href":"https:\/\/visitaloshaitises.com\/fr\/wp-json\/wp\/v2\/types\/product"}],"wp:featuredmedia":[{"embeddable":true,"href":"https:\/\/visitaloshaitises.com\/fr\/wp-json\/wp\/v2\/media\/11039"}],"wp:attachment":[{"href":"https:\/\/visitaloshaitises.com\/fr\/wp-json\/wp\/v2\/media?parent=11023"}],"wp:term":[{"taxonomy":"product_brand","embeddable":true,"href":"https:\/\/visitaloshaitises.com\/fr\/wp-json\/wp\/v2\/product_brand?post=11023"},{"taxonomy":"product_cat","embeddable":true,"href":"https:\/\/visitaloshaitises.com\/fr\/wp-json\/wp\/v2\/product_cat?post=11023"},{"taxonomy":"product_tag","embeddable":true,"href":"https:\/\/visitaloshaitises.com\/fr\/wp-json\/wp\/v2\/product_tag?post=11023"}],"curies":[{"name":"wp","href":"https:\/\/api.w.org\/{rel}","templated":true}]}}