{"id":10913,"date":"2020-07-19T00:16:18","date_gmt":"2020-07-19T00:16:18","guid":{"rendered":"https:\/\/haitises.com\/?post_type=product&#038;p=10913"},"modified":"2024-04-15T18:40:08","modified_gmt":"2024-04-15T18:40:08","slug":"bahia-de-las-aguilas-dia-de-playa-y-tour-en-bote-pasa-dia-esnorquel-almuerzo","status":"publish","type":"product","link":"https:\/\/visitaloshaitises.com\/fr\/private\/journee-a-la-plage-de-bahia-de-las-aguilas-et-journee-en-bateau-dejeuner-de-plongee-en-apnee\/","title":{"rendered":"Bah\u00eda de las Aguilas : Journ\u00e9e \u00e0 la plage et excursion en bateau \u2013 Pass journalier \u2013 Plong\u00e9e en apn\u00e9e et d\u00e9jeuner"},"content":{"rendered":"<div class=\"vc_row wpb_row vc_row-fluid\" ><div class=\"wpb_column vc_column_container vc_col-sm-12\"><div class=\"vc_column-inner\"><div class=\"wpb_wrapper\"><div class=\"mkdf-section-title-holder\" style=\"text-align: left\">\n\t<div class=\"mkdf-st-inner\">\n\t\t\t\t\t<h5 class=\"mkdf-st-subtitle\" >\n\t\t\t\tPass Journ\u00e9e - Snorkeling &amp; D\u00e9jeuner\t\t\t<\/h5>\n\t\t\t\t\t\t\t<h3 class=\"mkdf-st-title\" >\n\t\t\t\tBaie d&#039;\u00c1guilas : journ\u00e9e \u00e0 la plage et excursion en bateau\t\t\t<\/h3>\n\t\t\t\t\t<\/div>\n<\/div><\/div><\/div><\/div><\/div><div class=\"vc_row wpb_row vc_row-fluid\" ><div class=\"wpb_column vc_column_container vc_col-sm-12\"><div class=\"vc_column-inner\"><div class=\"wpb_wrapper\">\n\t<div class=\"wpb_text_column wpb_content_element\" >\n\t\t<div class=\"wpb_wrapper\">\n\t\t\t<h3>Description<\/h3>\n<p>Profitez d&#039;une journ\u00e9e \u00e0 la plage et laissez libre cours \u00e0 votre esprit, loin des zones touristiques et de tout stress. Venez d\u00e9couvrir le parc national Jaragua et la Bah\u00eda de las \u00c1guilas. Suivez une belle route offrant une vue imprenable sur le petit port et le village de p\u00eacheurs de Cabo Rojo. \u00c0 Las Cuevas, vous montez \u00e0 bord d&#039;un bateau qui vous emm\u00e8ne pour un voyage de 15 minutes vers l&#039;une des plus belles plages naturelles du monde. Les sables de la baie d&#039;\u00c1guilas sont vierges et la baie s&#039;\u00e9tend sur 8 km. D\u00e9couvrez des paysages c\u00f4tiers exceptionnels avec des eaux cristallines scintillantes dans des tons allant du bleu turquoise au bleu opale se fondant \u00e0 l&#039;horizon. Le d\u00e9jeuner est servi sur la plage, nagez ou faites de la plong\u00e9e avec tuba et explorez ce paradis naturel pr\u00e9serv\u00e9.<\/p>\n<ul>\n<li>Guide local avec exp\u00e9rience en s\u00e9curit\u00e9 dans la r\u00e9gion.<\/li>\n<li>Transport priv\u00e9<\/li>\n<li>Taxes incluses<\/li>\n<li>D\u00e9jeuner<\/li>\n<li>Guide touristique local en espagnol, anglais ou fran\u00e7ais.<\/li>\n<li>Randonn\u00e9e<\/li>\n<li>Plong\u00e9e<\/li>\n<\/ul>\n<h3>Inclusions et exclusions<\/h3>\n<h4>Inclusions<\/h4>\n<ol>\n<li>Guide local avec exp\u00e9rience en s\u00e9curit\u00e9 dans la r\u00e9gion.<\/li>\n<li>Transport priv\u00e9 pour petits groupes.<\/li>\n<li>Toutes les taxes, frais et frais de dossier<\/li>\n<li>Imp\u00f4ts locaux<\/li>\n<li>D\u00e9jeuner<\/li>\n<li>Randonn\u00e9e<\/li>\n<li>Piscines naturelles<\/li>\n<li>Plong\u00e9e<\/li>\n<li>Toutes les activit\u00e9s<\/li>\n<\/ol>\n<h4>Exclusions<\/h4>\n<ol>\n<li>Pourboire<\/li>\n<li>Toutes les boissons<\/li>\n<\/ol>\n<h3><em>D\u00e9part et retour<\/em><\/h3>\n<p>Le voyageur obtiendra un point de rendez-vous apr\u00e8s le processus de r\u00e9servation. Les visites commencent et se terminent \u00e0 leurs points de rendez-vous.<\/p>\n<p>Bah\u00eda de las Aguilas : excursion d&#039;une journ\u00e9e en bateau sur la plage \u2013 Pass journalier \u2013 Plong\u00e9e en apn\u00e9e et d\u00e9jeuner<\/p>\n<h3><em>Attendre?<\/em><\/h3>\n<p>Playa de las Aguilas doit son nom \u00e0 l&#039;aigle indig\u00e8ne. Elle est connue comme la plus belle plage de tout le pays. Le climat du parc est tr\u00e8s aride et la v\u00e9g\u00e9tation est principalement compos\u00e9e de cactus et autres plantes du d\u00e9sert. Le chemin de terre rouge qui longe la baie est comparable \u00e0 un paysage de savane africaine.<br \/>\nD\u00e9couvrez ce paradis pour les p\u00eacheurs et les amoureux de plages de sable blanc et d&#039;eaux cristallines. Mais d\u2019abord, rendez-vous \u00e0 la ville de La Cueva, o\u00f9 les p\u00eacheurs locaux vivent \u00e0 l\u2019int\u00e9rieur des grottes.<\/p>\n<p>Manque-t-il quelque chose \u00e0 ce moment parfait ?<\/p>\n<p>La mer calme et le vent doux vous \u00e9viteront de trop souffrir du soleil et de la chaleur. Devenez explorateur d&#039;un jour et d\u00e9couvrez un paradis \u00e9cologique, naturel et totalement vierge. Vous pourrez observer plus de 130 esp\u00e8ces d&#039;oiseaux, dont 76 vivent en permanence dans la baie, 10 sont end\u00e9miques et 47 sont migrateurs.<\/p>\n<p><strong>Calendrier:<\/strong><\/p>\n<ul>\n<li>08h00 \u2013 D\u00e9part de votre h\u00f4tel<\/li>\n<li>09h30 \u2013 Court arr\u00eat \u00e0 la Laguna de Oviedo pour profiter de la vue depuis la plateforme d&#039;observation.<\/li>\n<li>11h00 \u2013 D\u00e9part en bateau de la ville de La Cueva vers Bah\u00eda de las Aguilas<\/li>\n<li>12h30 \u2013 D\u00e9jeuner typique sur la plage.<\/li>\n<li>03h00 \u2013 Retour \u00e0 la grotte<\/li>\n<li>06h00 \u2013 Arriv\u00e9e \u00e0 votre h\u00f4tel<\/li>\n<\/ul>\n<h3><em>Que faut-il apporter ?<\/em><\/h3>\n<ul>\n<li>Appareil photo<\/li>\n<li>R\u00e9pulsifs<\/li>\n<li>Cr\u00e8me solaire<\/li>\n<li>Eau<\/li>\n<li>Chapeau<\/li>\n<li>Pantalon confortable<\/li>\n<li>Chaussures de randonn\u00e9e en for\u00eat<\/li>\n<li>Sandales aux zones de printemps.<\/li>\n<li>Maillot de bain<\/li>\n<\/ul>\n<h3><em>Prise en charge \u00e0 l'h\u00f4tel<\/em><\/h3>\n<p>La prise en charge \u00e0 l&#039;h\u00f4tel est offerte pour cette visite. Prise en charge\/transport depuis votre h\u00f4tel (zone Barahona\/Paraiso\/Los Patos).<\/p>\n<p><strong>Note:<\/strong> Si vous r\u00e9servez dans les 24 heures pr\u00e9c\u00e9dant l&#039;heure de d\u00e9part de la visite\/excursion, nous pouvons organiser la prise en charge \u00e0 l&#039;h\u00f4tel. Nous venons de r\u00e9cup\u00e9rer dans la r\u00e9gion de Saman\u00e1. Une fois votre achat termin\u00e9, nous vous enverrons les coordonn\u00e9es compl\u00e8tes (num\u00e9ro de t\u00e9l\u00e9phone, adresse e-mail, etc.) de notre guide touristique local afin d&#039;organiser le ramassage.<\/p>\n<h3><em>Confirmation des informations compl\u00e9mentaires<\/em><\/h3>\n<ol>\n<li>Les billets constituent le re\u00e7u apr\u00e8s avoir pay\u00e9 ce tour. Vous pouvez afficher le paiement sur votre t\u00e9l\u00e9phone.<\/li>\n<li>Le point de rendez-vous sera re\u00e7u apr\u00e8s le processus de r\u00e9servation.<\/li>\n<li>Les enfants doivent \u00eatre accompagn\u00e9s par un adulte.<\/li>\n<li>Non accessible aux fauteuils roulants<\/li>\n<li>Les nourrissons doivent s&#039;asseoir sur les genoux<\/li>\n<li>D\u00e9conseill\u00e9 aux voyageurs ayant des probl\u00e8mes de dos.<\/li>\n<li>D\u00e9conseill\u00e9 aux femmes enceintes.<\/li>\n<li>Aucun probl\u00e8me cardiaque ou autre probl\u00e8me m\u00e9dical grave.<\/li>\n<li>La plupart des voyageurs peuvent participer.<\/li>\n<\/ol>\n<h3><em>Politique d&#039;annulation<\/em><\/h3>\n<p>Pour un remboursement complet, annulez au moins 24 heures avant la date de d\u00e9but de l&#039;exp\u00e9rience. Les fonds seront perdus si la r\u00e9servation est annul\u00e9e le m\u00eame jour du voyage.<\/p>\n<p>&nbsp;<\/p>\n<p>&nbsp;<\/p>\n<h4>Contactez-nous<\/h4>\n<h5>R\u00e9serve Aventure<\/h5>\n<p><em>Guides touristiques <strong>locale<\/strong> et <strong>national<\/strong> et services aux clients<\/em><\/p>\n<p>R\u00e9servations : Visites et Excursions en R\u00e9p. Dom.<\/p>\n<p>T\u00e9l\/Whatsapp +1-809-720-6035.<\/p>\n<p>info@bookingadventures.com.do<\/p>\n<p>Nous sommes flexibles. Mise en place de visites priv\u00e9es par<strong>\u00a0WhatsApp\u00a0: <a href=\"tel:+18097206035\">+18097206035.<\/a><\/strong><\/p>\n\n\t\t<\/div>\n\t<\/div>\n<\/div><\/div><\/div><\/div>","protected":false},"excerpt":{"rendered":"<p>La meilleure activit\u00e9 pour visiter Bah\u00eda Las Aguilas depuis Barahona. Traversez le parc national de Jaragua et dirigez-vous vers Cabo Rojo, o\u00f9 un bateau vous attend. Apr\u00e8s 15 minutes de trajet en bateau, vous arriverez \u00e0 la magnifique et isol\u00e9e Bah\u00eda de las \u00c1guilas, consid\u00e9r\u00e9e comme la plus belle plage du pays. Le d\u00e9jeuner sera servi sur la plage et vous aurez la possibilit\u00e9 de nager ou simplement de vous d\u00e9tendre sur la plage. Profitez du sable blanc de cette plage longue de 8 km.<\/p>\n<p>&nbsp;<\/p>\n<p><strong>S\u00e9lectionnez la date de cette tourn\u00e9e\u00a0:<\/strong><\/p>","protected":false},"featured_media":500,"template":"","meta":[],"product_brand":[],"product_cat":[396,135,443],"product_tag":[397,398,399,400,401,402,403,404,405,406,407,408,409,410,411],"class_list":{"0":"post-10913","1":"product","2":"type-product","3":"status-publish","4":"has-post-thumbnail","6":"product_cat-bahia-de-las-aguilas-dominican-republic","7":"product_cat-lunch","8":"product_cat-tours-y-excursiones-es","9":"product_tag-bahia-de-las-aguilas","10":"product_tag-bahia-de-las-aguilas-pedernales","11":"product_tag-bahia-de-las-aguilas-beach-tour","12":"product_tag-bahia-de-las-aguilas-hoteles","13":"product_tag-bahia-de-las-aguilas-map","14":"product_tag-bahia-de-las-aguilas-private-tour","15":"product_tag-bahia-de-las-aguilas-republica-dominicana-hotel","16":"product_tag-bahia-de-las-aguilas-tour-from-punta-cana","17":"product_tag-bahia-de-las-aguilas-beach-day-trip-by-boat","18":"product_tag-bahia-las-aguilas-tours","19":"product_tag-barahona-tours","20":"product_tag-closest-airport-to-bahia-de-las-aguilas","21":"product_tag-hotel-barahona","22":"product_tag-playa-bahia-de-las-aguilas-dominican-republic","23":"product_tag-tours-a-bahia-de-las-aguilas-desde-santo-domingo","25":"first","26":"instock","27":"sale","28":"sold-individually","29":"shipping-taxable","30":"product-type-external"},"_links":{"self":[{"href":"https:\/\/visitaloshaitises.com\/fr\/wp-json\/wp\/v2\/product\/10913","targetHints":{"allow":["GET"]}}],"collection":[{"href":"https:\/\/visitaloshaitises.com\/fr\/wp-json\/wp\/v2\/product"}],"about":[{"href":"https:\/\/visitaloshaitises.com\/fr\/wp-json\/wp\/v2\/types\/product"}],"wp:featuredmedia":[{"embeddable":true,"href":"https:\/\/visitaloshaitises.com\/fr\/wp-json\/wp\/v2\/media\/500"}],"wp:attachment":[{"href":"https:\/\/visitaloshaitises.com\/fr\/wp-json\/wp\/v2\/media?parent=10913"}],"wp:term":[{"taxonomy":"product_brand","embeddable":true,"href":"https:\/\/visitaloshaitises.com\/fr\/wp-json\/wp\/v2\/product_brand?post=10913"},{"taxonomy":"product_cat","embeddable":true,"href":"https:\/\/visitaloshaitises.com\/fr\/wp-json\/wp\/v2\/product_cat?post=10913"},{"taxonomy":"product_tag","embeddable":true,"href":"https:\/\/visitaloshaitises.com\/fr\/wp-json\/wp\/v2\/product_tag?post=10913"}],"curies":[{"name":"wp","href":"https:\/\/api.w.org\/{rel}","templated":true}]}}