{"id":11895,"date":"2023-11-20T10:47:47","date_gmt":"2023-11-20T10:47:47","guid":{"rendered":"https:\/\/haitises.com\/?page_id=11895"},"modified":"2023-11-20T10:59:11","modified_gmt":"2023-11-20T10:59:11","slug":"land-for-sale-in-samana-samana-land-for-sale","status":"publish","type":"page","link":"https:\/\/visitaloshaitises.com\/fr\/terrain-a-vendre-a-samana-samana-terrain-a-vendre\/","title":{"rendered":"terrain \u00e0 vendre \u00e0 samana samana terrain \u00e0 vendre"},"content":{"rendered":"<details class=\"wp-block-details is-layout-flow wp-block-details-is-layout-flow\"><summary>Terrain \u00e0 vendre \u00e0 Saman\u00e1 \u2013 Terrain \u00e0 vendre \u00e0 Samana<br>Immobilier Saman\u00e1<br>Saman\u00e1 Terrain \u00e0 vendre<br>TERRAINS \u00e0 vendre \u00e0 Saman\u00e1, R\u00e9publique Dominicaine. Voir les photos et les d\u00e9tails de l&#039;annonce de Saman\u00e1, Attention aux investisseurs, aux promoteurs immobiliers int\u00e9ress\u00e9s par la R\u00c9PUBLIQUE DOMINICAINE.<br>Si vous recherchez des terrains \u00e0 acheter \u00e0 Samana. Je m&#039;appelle Misael Calcano. J&#039;ai quelques terrains \u00e0 vendre de ma famille avec tous les documents. Terrains l\u00e9gaux en face de la plage et avec une vue imprenable sur l&#039;oc\u00e9an. N&#039;h\u00e9sitez pas \u00e0 me contacter par WhatsApp :\u00a0<a href=\"callto:+18097206035\">+1-809-720-6035<\/a>.<br><br>Investir \u00e0 Saman\u00e1<br>Pourquoi investir \u00e0 Samana en R\u00e9publique Dominicaine ?<br>Saman\u00e1 est une destination de plages dor\u00e9es sans fin, d&#039;eaux turquoise et de cocotiers se balan\u00e7ant dans un horizon vert, de rythmes carib\u00e9ens, de rhum et de bi\u00e8re. Une ville de gens sympathiques et \u00e0 l&#039;humour contagieux, o\u00f9 tout est d\u00e9tendu et calme.<br>\u00c0 Saman\u00e1, le stress n&#039;existe pas, les gens qui vivent ici appr\u00e9cient les promenades sur la plage et les plats \u00e0 base de fruits de mer frais apport\u00e9s par les p\u00eacheurs au bord de la plage.<br>Si votre r\u00eave a toujours \u00e9t\u00e9 de vivre au paradis, \u00e0 Saman\u00e1, plusieurs projets ont \u00e9t\u00e9 r\u00e9cemment construits, certains en construction et d&#039;autres d\u00e9j\u00e0 termin\u00e9s o\u00f9 vous pourrez trouver votre prochaine maison.<br>Trouver une propri\u00e9t\u00e9 \u00e0 vendre \u00e0\u00a0<em>Samana<\/em>. Rechercher\u00a0<em>immobilier<\/em>\u00a0et retrouvez les derni\u00e8res annonces de\u00a0<em>Samana<\/em>\u00a0Propri\u00e9t\u00e9 \u00e0 vendre.<br><br>Samana Terrains \u00e0 vendre<br><br><br>N&#039;h\u00e9sitez pas \u00e0 me contacter par WhatsApp :\u00a0<a href=\"callto:+18097206035\">+1-809-720-6035<\/a>.<br><br>Terrains et Fermes Samana<br><br><br>N&#039;h\u00e9sitez pas \u00e0 me contacter par WhatsApp :\u00a0<a href=\"callto:+18097206035\">+1-809-720-6035<\/a>.<br><br>Samana Ocean View lots \u00e0 vendre Propri\u00e9t\u00e9<br><br><br>N&#039;h\u00e9sitez pas \u00e0 me contacter par WhatsApp :\u00a0<a href=\"callto:+18097206035\">+1-809-720-6035<\/a>.<br><br>Propri\u00e9t\u00e9 \u00e0 vendre en bord de mer \u00e0 Samana<br><br><br>N&#039;h\u00e9sitez pas \u00e0 me contacter par WhatsApp :\u00a0<a href=\"callto:+18097206035\">+1-809-720-6035<\/a>.<br><br><a class=\"\" href=\"https:\/\/www.tourwhales.com\/wp-content\/uploads\/2023\/01\/land-mark-5-1024x567.png\" target=\"_blank\" rel=\"noopener\"><\/a><br><a class=\"\" href=\"https:\/\/www.tourwhales.com\/wp-content\/uploads\/2023\/01\/land-mark-4-1024x545.png\" target=\"_blank\" rel=\"noopener\"><\/a><br><a class=\"\" href=\"https:\/\/www.tourwhales.com\/wp-content\/uploads\/2023\/01\/land-mark-3-1024x571.png\" target=\"_blank\" rel=\"noopener\"><\/a><br><a class=\"\" href=\"https:\/\/www.tourwhales.com\/wp-content\/uploads\/2023\/01\/land-mark-2-1024x540.png\" target=\"_blank\" rel=\"noopener\"><\/a><br><a class=\"\" href=\"https:\/\/www.tourwhales.com\/wp-content\/uploads\/2023\/01\/land-maark-1024x445.png\" target=\"_blank\" rel=\"noopener\"><\/a><br><a class=\"\" href=\"https:\/\/www.tourwhales.com\/wp-content\/uploads\/2023\/01\/beachlimon-lands--1024x608.png\" target=\"_blank\" rel=\"noopener\"><\/a><br><a class=\"\" href=\"https:\/\/www.tourwhales.com\/land-for-sale-in-samana-samana-land-for-sale#\" target=\"_blank\" rel=\"noopener\">1<\/a><br><a class=\"\" href=\"https:\/\/www.tourwhales.com\/land-for-sale-in-samana-samana-land-for-sale#\" target=\"_blank\" rel=\"noopener\">2<\/a><br><a href=\"https:\/\/www.tourwhales.com\/land-for-sale-in-samana-samana-land-for-sale#\" target=\"_blank\" rel=\"noopener\">3<\/a><br><a class=\"\" href=\"https:\/\/www.tourwhales.com\/land-for-sale-in-samana-samana-land-for-sale#\" target=\"_blank\" rel=\"noopener\">4<\/a><br><a class=\"\" href=\"https:\/\/www.tourwhales.com\/land-for-sale-in-samana-samana-land-for-sale#\" target=\"_blank\" rel=\"noopener\">5<\/a><br><a class=\"\" href=\"https:\/\/www.tourwhales.com\/land-for-sale-in-samana-samana-land-for-sale#\" target=\"_blank\" rel=\"noopener\">6<\/a><br><a href=\"https:\/\/www.tourwhales.com\/land-for-sale-in-samana-samana-land-for-sale#\" target=\"_blank\" rel=\"noopener\">Pr\u00e9c\u00e9dent<\/a><br><a href=\"https:\/\/www.tourwhales.com\/land-for-sale-in-samana-samana-land-for-sale#\" target=\"_blank\" rel=\"noopener\">Suivant<\/a><br><br><br>N&#039;h\u00e9sitez pas \u00e0 me contacter par WhatsApp :\u00a0<a href=\"callto:+18097206035\">+1-809-720-6035<\/a>.<\/summary>\n<p><\/p>\n<\/details>","protected":false},"excerpt":{"rendered":"Land for Sale in Saman\u00e1 \u2013 Samana land for SaleSamana Real EstateSamana Land for SaleLANDS for sale in Saman\u00e1, Dominican Republic. View photos and listing details of Saman\u00e1, Attention Investors, Land Developers interested in the DOMINICAN REPUBLIC.If you are looking [...]","protected":false},"author":1,"featured_media":0,"parent":0,"menu_order":0,"comment_status":"closed","ping_status":"closed","template":"","meta":{"footnotes":""},"class_list":["post-11895","page","type-page","status-publish","hentry"],"_links":{"self":[{"href":"https:\/\/visitaloshaitises.com\/fr\/wp-json\/wp\/v2\/pages\/11895","targetHints":{"allow":["GET"]}}],"collection":[{"href":"https:\/\/visitaloshaitises.com\/fr\/wp-json\/wp\/v2\/pages"}],"about":[{"href":"https:\/\/visitaloshaitises.com\/fr\/wp-json\/wp\/v2\/types\/page"}],"author":[{"embeddable":true,"href":"https:\/\/visitaloshaitises.com\/fr\/wp-json\/wp\/v2\/users\/1"}],"replies":[{"embeddable":true,"href":"https:\/\/visitaloshaitises.com\/fr\/wp-json\/wp\/v2\/comments?post=11895"}],"version-history":[{"count":2,"href":"https:\/\/visitaloshaitises.com\/fr\/wp-json\/wp\/v2\/pages\/11895\/revisions"}],"predecessor-version":[{"id":11899,"href":"https:\/\/visitaloshaitises.com\/fr\/wp-json\/wp\/v2\/pages\/11895\/revisions\/11899"}],"wp:attachment":[{"href":"https:\/\/visitaloshaitises.com\/fr\/wp-json\/wp\/v2\/media?parent=11895"}],"curies":[{"name":"wp","href":"https:\/\/api.w.org\/{rel}","templated":true}]}}