{"id":554,"date":"2020-06-22T17:36:48","date_gmt":"2020-06-22T17:36:48","guid":{"rendered":"https:\/\/haitises.com\/?post_type=product&#038;p=554"},"modified":"2024-04-17T20:44:54","modified_gmt":"2024-04-17T20:44:54","slug":"excursion-a-los-haitises-desde-sabana-de-la-mar-o-cano-hondo","status":"publish","type":"product","link":"https:\/\/visitaloshaitises.com\/fi\/private\/excursion-a-los-haitises-desde-sabana-de-la-mar-o-cano-hondo\/","title":{"rendered":"Retki Los Haitisesiin Sabana de la Marista tai Ca\u00f1o Hondosta"},"content":{"rendered":"<div class=\"vc_row wpb_row vc_row-fluid\" ><div class=\"wpb_column vc_column_container vc_col-sm-12\"><div class=\"vc_column-inner\"><div class=\"wpb_wrapper\"><div class=\"mkdf-section-title-holder\" style=\"text-align: left\">\n\t<div class=\"mkdf-st-inner\">\n\t\t\t\t\t<h5 class=\"mkdf-st-subtitle\" >\n\t\t\t\tNormaali kiertue Haitisesille\t\t\t<\/h5>\n\t\t\t\t\t\t\t<\/div>\n<\/div><\/div><\/div><\/div><\/div><div class=\"vc_row wpb_row vc_row-fluid\" ><div class=\"wpb_column vc_column_container vc_col-sm-12\"><div class=\"vc_column-inner\"><div class=\"wpb_wrapper\">\n\t<div class=\"wpb_text_column wpb_content_element\" >\n\t\t<div class=\"wpb_wrapper\">\n\t\t\t<h2>Los Haitisesin kansallispuisto Sabana de la Marista tai Hotel Cano Hondosta.<\/h2>\n<h3>Kuvaus<\/h3>\n<p>Normaali yksityinen matka Los Haitisesin kansallispuistoon. Tule kanssamme vierailemaan Dominikaanisen tasavallan kauneimmassa kansallispuistossa, vierailemalla mangrovemetsiss\u00e4, luolissa ja San Lorenzon lahdella. T\u00e4m\u00e4 kokemus voi alkaa siit\u00e4, ett\u00e4 Sabana de la Marin yhteis\u00f6 oppii Sabana de la Marin historiasta. Lis\u00e4ksi aloitamme t\u00e4m\u00e4n matkan Ca\u00f1o Hondon satamasta.<\/p>\n<ul>\n<li>Verot sis\u00e4ltyv\u00e4t<\/li>\n<li>Opas tarjoaa ohjausta ja ohjausta.<\/li>\n<li>Lounas ei sis\u00e4lly lounaaseen Ca\u00f1o Hondossa. Valitse t\u00e4m\u00e4 kiertue: Los Haitises Plus Ca\u00f1o Hondo.<\/li>\n<\/ul>\n<h3>Sis\u00e4llytykset ja poissulkemiset<\/h3>\n<h4>Sis\u00e4llytykset<\/h4>\n<ol>\n<li>Los Haitises Tour + luolia ja kuvakkeita<\/li>\n<li>Kaikki verot, maksut ja k\u00e4sittelykulut.<\/li>\n<li>Paikalliset verot<\/li>\n<li>Kaikki aktiviteetit<\/li>\n<li>Paikallinen opas<\/li>\n<\/ol>\n<h4>Poikkeukset<\/h4>\n<ol>\n<li>Vinkkej\u00e4<\/li>\n<li>Lounas ei sis\u00e4lly lounaaseen Ca\u00f1o Hondossa. Valitse t\u00e4m\u00e4 kiertue: Los Haitises Plus Ca\u00f1o Hondo.<\/li>\n<li>Kuljetus<\/li>\n<li>Alkoholijuomat<\/li>\n<\/ol>\n<h3><em>L\u00e4ht\u00f6 ja paluu<\/em><\/h3>\n<p>Matkustaja saa kohtaamispaikan varausprosessin j\u00e4lkeen. Kierrokset alkavat ja p\u00e4\u00e4ttyv\u00e4t kohtaamispisteiss\u00e4mme.<\/p>\n<h4><em>Mit\u00e4 odottaa?<\/em><\/h4>\n<p>Hanki lippusi vierailemaan Los Haitisesin kansallispuistoon, jossa on luolia, mangroveja ja San Lorenzon lahtia.<\/p>\n<p>Halvin hinta vierailla Los Haitisesin kansallispuistossa Sabana de la Marin tai Ca\u00f1o Hondon hotelleista paikallisten oppaiden avulla. Matka alkaa Los Haitisesin kansallispuiston p\u00e4\u00e4satamasta. T\u00e4m\u00e4 matka alkaa klo 10.00 paikallisen oppaan kanssa, joka tiet\u00e4\u00e4 alkuper\u00e4isen tarinan upeasta kansallispuistosta.<\/p>\n<p>Sitten l\u00e4hdemme Los Haitisesin kansallispuiston p\u00e4\u00e4satamasta, nimelt\u00e4\u00e4n Ca\u00f1o Hondo (Deep Creek), VENEESS\u00c4 pelastusliiveill\u00e4. Nautimme punaisesta mangrovemets\u00e4st\u00e4, kunnes saavutamme San Lorenzon lahden. Pieni lahti Saman\u00e1 Bayssa. Ja t\u00e4st\u00e4 menn\u00e4\u00e4n! Ensimm\u00e4inen asia, jonka n\u00e4et, on kokoelma valtavasta kalkkikivivuoristosaaresta nimelt\u00e4 Mogotes. Niiden yl\u00e4puolella lent\u00e4\u00e4 yli 700 kasvilajia ja monia kosteikkolintuja. My\u00f6hemmin vierailu luolissa, joissa on alkuper\u00e4isyhteis\u00f6jemme kuvakuvia 750 vuotta sitten.<\/p>\n<p>Mangrovemetsien ja maan l\u00e4pi avoimessa San Lorenzon lahdessa, josta voit kuvata karua mets\u00e4maisemaa. Katso ulos veteen n\u00e4hd\u00e4ksesi manaatteja, \u00e4yri\u00e4isi\u00e4 ja delfiinej\u00e4.<\/p>\n<p>El nombre del parque nacional proviene de sus habitantes originales, los indios ta\u00ednos. En su idioma, \u00abHaitises\u00bb se traduce en tierras altas o colinas, una referencia a las empinadas formaciones geol\u00f3gicas de la costa con calizas. Avent\u00farate en el parque para explorar cuevas como la Cueva de la Arena y la Cueva de la L\u00ednea. Las cuevas en la reserva fueron utilizadas como refugio por los indios ta\u00ednos y, m\u00e1s tarde, por los piratas escondidos. Busque dibujos de indios que decoran algunas de las paredes. Despu\u00e9s de visitar el Parque Nacional Los Haitises, regresaremos al puerto donde comenz\u00f3 nuestro viaje.<\/p>\n<h3><em>Mit\u00e4 sinun pit\u00e4isi tuoda?<\/em><\/h3>\n<ul>\n<li>Kamera<\/li>\n<li>Karkottimet<\/li>\n<li>aurinkovoidetta<\/li>\n<li>Hattu<\/li>\n<li>Mukavat housut<\/li>\n<li>Mets\u00e4vaelluskeng\u00e4t<\/li>\n<li>Sandaalit kev\u00e4talueille.<\/li>\n<li>Uimapuku<\/li>\n<\/ul>\n<h3><em>Hotellin nouto<\/em><\/h3>\n<p>Hotellinouto tarjotaan, jos olet Paraiso Ca\u00f1o Hondossa tai Altos Ca\u00f1o Hondo -hotellissa. Tapaamispaikkamme on 5 minuutin k\u00e4velymatkan p\u00e4\u00e4ss\u00e4 n\u00e4ist\u00e4 hotelleista.<\/p>\n<p><strong>Huomautus<\/strong>- Jos varaat 24 tunnin sis\u00e4ll\u00e4 kiertueen\/matkan l\u00e4ht\u00f6ajasta, voimme j\u00e4rjest\u00e4\u00e4 noudon hotellilta lis\u00e4maksulla, jos et ole Ca\u00f1o Hondo -hotelleissa. Kun osto on valmis, l\u00e4het\u00e4mme sinulle t\u00e4ydelliset yhteystiedot (puhelinnumero, s\u00e4hk\u00f6postiosoite jne.) paikallista opastamme varten noutoj\u00e4rjestelyjen j\u00e4rjest\u00e4miseksi.<\/p>\n<h3><em>Lis\u00e4tietojen vahvistus<\/em><\/h3>\n<ul>\n<li>Liput ovat kuitti t\u00e4m\u00e4n kiertueen maksamisen j\u00e4lkeen. Voit n\u00e4ytt\u00e4\u00e4 maksun puhelimellasi.<\/li>\n<li>Tapaamispaikka vastaanotetaan varausprosessin j\u00e4lkeen.<\/li>\n<li>Lasten tulee olla aikuisen seurassa.<\/li>\n<li>Ei py\u00f6r\u00e4tuolilla<\/li>\n<li>Vauvan tulee istua turvaistuimessa tai aikuisen seurassa<\/li>\n<li>Ei suositella matkustajille, joilla on selk\u00e4ongelmia.<\/li>\n<li>Ei suositella raskaana oleville naisille.<\/li>\n<li>Ei syd\u00e4nongelmia tai muita vakavia sairauksia.<\/li>\n<li>Suurin osa matkustajista voi osallistua.<\/li>\n<\/ul>\n<h3><em>Peruutusk\u00e4yt\u00e4nt\u00f6<\/em><\/h3>\n<p>Saat t\u00e4yden hyvityksen peruuttamalla v\u00e4hint\u00e4\u00e4n 24 tuntia ennen kokemuksen alkamisp\u00e4iv\u00e4\u00e4.<\/p>\n<h3><em>Ota meihin yhteytt\u00e4?<\/em><\/h3>\n<p>Varaa seikkailuja<br \/>\nPaikalliset ja valtakunnalliset matkaoppaat ja vieraspalvelut<\/p>\n<p>Varaukset: Retket ja retket Dom. Reps.<\/p>\n<p>\ud83d\udcde Puh\/Whatsapp +1-809-720-6035.<\/p>\n<p>\ud83d\udce9 info@bookingadventures.com.do<\/p>\n<p>J\u00e4rjest\u00e4mme yksityismatkoja joustavalla kokoonpanolla Whatsappilla: +18097206035.<\/p>\n\n\t\t<\/div>\n\t<\/div>\n<\/div><\/div><\/div><\/div>","protected":false},"excerpt":{"rendered":"<p>Halvin hinta vierailla Los Haitisesin kansallispuistossa Sabana de la Marin tai Ca\u00f1o Hondon hotelleista paikallisten oppaiden avulla. Matka alkaa Los Haitisesin kansallispuiston p\u00e4\u00e4satamasta. T\u00e4m\u00e4 matka alkaa klo 10.00 paikallisen oppaan kanssa, joka tiet\u00e4\u00e4 alkuper\u00e4isen tarinan upeasta kansallispuistosta.<\/p>\n<p>Sitten l\u00e4hdemme Los Haitisesin kansallispuiston p\u00e4\u00e4satamasta, nimelt\u00e4\u00e4n Ca\u00f1o Hondo (Deep Creek), VENEESS\u00c4 pelastusliiveill\u00e4. Nautimme punaisesta mangrovemets\u00e4st\u00e4, kunnes saavutamme San Lorenzo Bayn, pienen lahden Saman\u00e1 Bayssa. Ja t\u00e4st\u00e4 menn\u00e4\u00e4n! Ensimm\u00e4inen asia, jonka n\u00e4et, on kokoelma valtavasta kalkkikivivuoristosaaresta nimelt\u00e4 Mogotes. Niiden lis\u00e4ksi ymp\u00e4riins\u00e4 lent\u00e4\u00e4 yli 700 kasvilajia ja monia kosteikkolintuja. My\u00f6hemmin vierailu luolissa, joissa on alkuper\u00e4isyhteis\u00f6jemme kuvakuvia 750 vuotta sitten.<\/p>\n<p><strong>Valitse kiertueen p\u00e4iv\u00e4m\u00e4\u00e4r\u00e4\u00a0<\/strong><\/p>","protected":false},"featured_media":81,"template":"","meta":[],"product_brand":[],"product_cat":[119,120,98,121,99,122,443,123,124],"product_tag":[125,126,127,128,129,130,131,132,133,134,114],"class_list":{"0":"post-554","1":"product","2":"type-product","3":"status-publish","4":"has-post-thumbnail","6":"product_cat-caves","7":"product_cat-fees-entrace","8":"product_cat-local-tour-guides","9":"product_cat-mangroves","10":"product_cat-swimming-natural-springs","11":"product_cat-tours-and-excursions","12":"product_cat-tours-y-excursiones-es","13":"product_cat-tours-excursions-los-haitises-national-park","14":"product_cat-tours-excursions-samana-bay-dominican-republic","15":"product_tag-boat-tour","16":"product_tag-cano-hondo","17":"product_tag-cano-hondo-hotel","18":"product_tag-cano-hondo-tours","19":"product_tag-eco-tours","20":"product_tag-excursion","21":"product_tag-locals-guides","22":"product_tag-los-haitises","23":"product_tag-los-haitises-national-park","24":"product_tag-los-haitises-national-park-tour","25":"product_tag-sabana-de-la-mar","27":"first","28":"instock","29":"sale","30":"sold-individually","31":"shipping-taxable","32":"product-type-external"},"_links":{"self":[{"href":"https:\/\/visitaloshaitises.com\/fi\/wp-json\/wp\/v2\/product\/554","targetHints":{"allow":["GET"]}}],"collection":[{"href":"https:\/\/visitaloshaitises.com\/fi\/wp-json\/wp\/v2\/product"}],"about":[{"href":"https:\/\/visitaloshaitises.com\/fi\/wp-json\/wp\/v2\/types\/product"}],"wp:featuredmedia":[{"embeddable":true,"href":"https:\/\/visitaloshaitises.com\/fi\/wp-json\/wp\/v2\/media\/81"}],"wp:attachment":[{"href":"https:\/\/visitaloshaitises.com\/fi\/wp-json\/wp\/v2\/media?parent=554"}],"wp:term":[{"taxonomy":"product_brand","embeddable":true,"href":"https:\/\/visitaloshaitises.com\/fi\/wp-json\/wp\/v2\/product_brand?post=554"},{"taxonomy":"product_cat","embeddable":true,"href":"https:\/\/visitaloshaitises.com\/fi\/wp-json\/wp\/v2\/product_cat?post=554"},{"taxonomy":"product_tag","embeddable":true,"href":"https:\/\/visitaloshaitises.com\/fi\/wp-json\/wp\/v2\/product_tag?post=554"}],"curies":[{"name":"wp","href":"https:\/\/api.w.org\/{rel}","templated":true}]}}