{"id":54,"date":"2020-06-14T11:56:47","date_gmt":"2020-06-14T11:56:47","guid":{"rendered":"https:\/\/haitises.com\/product\/import-placeholder-for-9033\/"},"modified":"2024-04-24T03:23:34","modified_gmt":"2024-04-24T03:23:34","slug":"27-waterfalls-of-damajagua-tour-from-puerto-plata-half-day-trip-not-bus-pick-up","status":"publish","type":"product","link":"https:\/\/visitaloshaitises.com\/fi\/private\/27-damajaguan-vesiputousta-puerto-platasta-puolen-paivan-matka-ei-bussinoutoa\/","title":{"rendered":"27 Damajaguan vesiputouksen kiertue Puerto Platasta. Puolen p\u00e4iv\u00e4n matka. Ei bussin noutoa."},"content":{"rendered":"<div class=\"vc_row wpb_row vc_row-fluid\" ><div class=\"wpb_column vc_column_container vc_col-sm-12\"><div class=\"vc_column-inner\"><div class=\"wpb_wrapper\"><div class=\"mkdf-section-title-holder\" style=\"text-align: left\">\n\t<div class=\"mkdf-st-inner\">\n\t\t\t\t\t<h5 class=\"mkdf-st-subtitle\" >\n\t\t\t\t Lounas sis\u00e4ltyy hintaan\t\t\t<\/h5>\n\t\t\t\t\t\t\t<h3 class=\"mkdf-st-title\" >\n\t\t\t\t27 Damajaguan vesiputouksen kiertue Puerto Platasta. Puolen p\u00e4iv\u00e4n matka.\t\t\t<\/h3>\n\t\t\t\t\t<\/div>\n<\/div><\/div><\/div><\/div><\/div><div class=\"vc_row wpb_row vc_row-fluid\" ><div class=\"wpb_column vc_column_container vc_col-sm-12\"><div class=\"vc_column-inner\"><div class=\"wpb_wrapper\">\n\t<div class=\"wpb_text_column wpb_content_element\" >\n\t\t<div class=\"wpb_wrapper\">\n\t\t\t<h3 class=\"ui_header h1 attractions-product-info-ProductTitle__title--1qM0o\">27 Damajaguan vesiputouksen kiertue Puerto Platasta. Puolen p\u00e4iv\u00e4n matka.<\/h3>\n<h4><b><i>Yleiskatsaus <\/i><\/b><\/h4>\n<p>Hanki lippusi puolen p\u00e4iv\u00e4n retkelle t\u00e4\u00e4lt\u00e4 Damajaguan 27-vesiputoukselle. P\u00e4\u00e4syliput lounaalla ja retkell\u00e4 sis\u00e4lt\u00e4v\u00e4t hypp\u00e4\u00e4misen ja uinnin Dominikaanisen tasavallan kauneimmissa vesiputouksissa. Vaellus ja uinti turvavarusteilla saadaksesi kaikkien aikojen parhaan kokemuksen!!<\/p>\n<p>T\u00e4m\u00e4n kokemuksen j\u00e4lkeen p\u00e4\u00e4set takaisin paikkaan, jossa tapaat matkaoppaan.<\/p>\n<ul>\n<li style=\"font-weight: 400;\">Maksut sis\u00e4ltyv\u00e4t hintaan<\/li>\n<li>Lounas<\/li>\n<li>V\u00e4lipalat<\/li>\n<li style=\"font-weight: 400;\">Paikallinen opas englanniksi<\/li>\n<\/ul>\n<p>&nbsp;<\/p>\n<h4><b>Sis\u00e4llytykset ja poissulkemiset<\/b><\/h4>\n<p>&nbsp;<\/p>\n<p><b>Sis\u00e4llytykset<\/b><\/p>\n<ol>\n<li style=\"font-weight: 400;\">27 Damajaguan vesiputousta<\/li>\n<li>Lounas<\/li>\n<li style=\"font-weight: 400;\"><span style=\"font-weight: 400;\">Kaikki verot, maksut ja k\u00e4sittelykulut<\/span><\/li>\n<li style=\"font-weight: 400;\"><span style=\"font-weight: 400;\">Paikalliset verot<\/span><\/li>\n<li style=\"font-weight: 400;\"><span style=\"font-weight: 400;\">Juomat<\/span><\/li>\n<li>V\u00e4lipalat<\/li>\n<li style=\"font-weight: 400;\"><span style=\"font-weight: 400;\">Kaikki aktiviteetit<\/span><\/li>\n<li style=\"font-weight: 400;\"><span style=\"font-weight: 400;\">Paikallinen opas<\/span><\/li>\n<\/ol>\n<p><b> Poikkeukset<\/b><\/p>\n<ol>\n<li style=\"font-weight: 400;\"><span style=\"font-weight: 400;\">Juomarahat<\/span><\/li>\n<li>kuljetus (asetetaan ottamalla meihin yhteytt\u00e4)<\/li>\n<li style=\"font-weight: 400;\"><span style=\"font-weight: 400;\">Alkoholijuomat<\/span><\/li>\n<\/ol>\n<p>&nbsp;<\/p>\n<h4><em><strong>L\u00e4ht\u00f6 &amp; Paluu<\/strong><\/em><\/h4>\n<p><span style=\"font-weight: 400;\">Matkustaja saa kohtaamispaikan varausprosessin j\u00e4lkeen. Kierrokset alkavat ja p\u00e4\u00e4ttyv\u00e4t kohtaamispisteiss\u00e4si.<\/span><\/p>\n<h4><\/h4>\n<h3 class=\"ui_header h1 attractions-product-info-ProductTitle__title--1qM0o\">27 Damajaguan vesiputouksen kiertue Puerto Platasta.<\/h3>\n<h4><b><i>Mit\u00e4 odottaa?<\/i><\/b><\/h4>\n<div class=\"apd_content_block\" data-tab=\"TABS_OVERVIEW\">\n<div class=\"ui_card section attractions-product-details-Overview__sectionMargin--uHktd attractions-product-details-Overview__cleanslateOverrideDT--39Ov7\"><\/div>\n<\/div>\n<div data-tab=\"TABS_WHAT_TO_EXPECT\">\n<div class=\"ui_card attractions-card-CollapsibleProductDetailsCard__cardContainer--3r2wk attractions-card-CollapsibleProductDetailsCard__cleanslateOverrideDT--2AJh0\">\n<div class=\"attractions-card-CollapsibleCard__header--IDA3r\">\n<div class=\"attractions-card-CollapsibleCard__headerSection--3gTKb\"><\/div>\n<\/div>\n<div class=\"attractions-card-CollapsibleCard__content--2Ws8q\">\n<div class=\"attractions-card-CollapsibleCard__contentWrap--374jk attractions-card-CollapsibleCard__titleUnderline--1uHze\">\n<div>Tutustu syrj\u00e4isiin Damajaguan vesiputouksiin, jotka sijaitsevat Dominikaanisen tasavallan pohjoisen k\u00e4yt\u00e4v\u00e4n kukkuloilla t\u00e4ll\u00e4 koko p\u00e4iv\u00e4n matkalla Puerto Platasta. Tutustu 27 koskemattomaan putoukseen, jotka laskeutuvat kalkkikiven yli, paikallisen oppaasi kanssa. Hanki lyhyt turvallisuusopastus, hypp\u00e4\u00e4, ui ja liuku alas luonnollisilla vesiliukum\u00e4ill\u00e4.<\/div>\n<div><\/div>\n<div>Lounas, juomat sis\u00e4ltyv\u00e4t hintaan. Kohtalainen 40 minuutin yl\u00e4m\u00e4keen vaellus kauniissa viidakkomaisemassa vie sinut 12. vesiputoukselle tai, jos olet erinomaisessa fyysisess\u00e4 kunnossa, valitse vaellus 27 vesiputouksen huipulle (noin 70 minuuttia) ja koe kaikki .<\/div>\n<div class=\"attractions-card-CollapsibleProductDetailsCard__cardContent--23ext\">\n<div class=\"common-text-ReadMore__readMore--3Iu8c common-text-ReadMore__variantFadeOut--1tInd\">\n<div class=\"common-text-ReadMore__content--2X4LR\">\n<div class=\"ui_columns is-desktop\">\n<div><\/div>\n<div class=\"ui_column\">Joka tapauksessa todellinen hauskanpitosi alkaa, kun palaamme takaisin jokea pitkin ja hypp\u00e4\u00e4t, liukuat ja uit l\u00e4pi upeiden vesiputousten, kanjonien ja taivaansinisten altaiden l\u00e4pi, jolloin esiin tulee typer\u00e4 virne kasvoillasi ja uskomattomia muistoja vaalia! Retket sis\u00e4lt\u00e4v\u00e4t jopa 8 metrin hyppyj\u00e4, mutta \u00e4l\u00e4 huoli, suurilla on toinen tie alas, jos et halua hyp\u00e4t\u00e4.<\/div>\n<div><\/div>\n<div class=\"ui_column\">Kun olet k\u00e4vellyt 15 minuuttia takaisin perusleirille ja pukeutunut kuiviin vaatteisiin, nauti herkullisesta ja monipuolisesta Dominikaanisesta buffetlounasta, joka sis\u00e4lt\u00e4\u00e4 esimerkiksi grillattua kanaa ja sianlihaa, muhennoksia, riisi\u00e4, pastaa ja salaatteja.<\/div>\n<div><\/div>\n<div class=\"ui_column\">Paikalliset rommijuomat, virvoitusjuomat ja vesi sis\u00e4ltyv\u00e4t hintaan (olutta on saatavilla, mutta ei sis\u00e4lly hintaan). Aterian j\u00e4lkeen sano hyv\u00e4stit paikallisille oppaille ja paras kokemuksesi ja valokuvat tai videot j\u00e4\u00e4v\u00e4t mieleen loppuel\u00e4m\u00e4si ajan.<\/div>\n<\/div>\n<\/div>\n<\/div>\n<\/div>\n<\/div>\n<\/div>\n<\/div>\n<\/div>\n<h4><em><strong>Mit\u00e4 sinun pit\u00e4isi tuoda?<\/strong><\/em><\/h4>\n<ul>\n<li style=\"font-weight: 400;\"><span style=\"font-weight: 400;\">kamera<\/span><\/li>\n<li style=\"font-weight: 400;\"><span style=\"font-weight: 400;\">Karkottavat silmut<\/span><\/li>\n<li style=\"font-weight: 400;\"><span style=\"font-weight: 400;\">aurinkovoide<\/span><\/li>\n<li style=\"font-weight: 400;\"><span style=\"font-weight: 400;\">Hattu<\/span><\/li>\n<li style=\"font-weight: 400;\"><span style=\"font-weight: 400;\">Mukavat housut<\/span><\/li>\n<li style=\"font-weight: 400;\"><span style=\"font-weight: 400;\">Retkeilykeng\u00e4t mets\u00e4\u00e4n<\/span><\/li>\n<li style=\"font-weight: 400;\"><span style=\"font-weight: 400;\">Sandaalit kev\u00e4talueille.<\/span><\/li>\n<li style=\"font-weight: 400;\"><span style=\"font-weight: 400;\">Uimavaatteet<\/span><\/li>\n<\/ul>\n<p>&nbsp;<\/p>\n<h4><b><i>Hotellin nouto <\/i><\/b><\/h4>\n<p><span style=\"font-weight: 400;\">Noutoa hotellilta ei tarjota t\u00e4lle kiertueelle. Asetimme noudon ottamaan meihin yhteytt\u00e4 Whatsappilla.<\/span><\/p>\n<p>&nbsp;<\/p>\n<p><b>Huomautus:<\/b><span style=\"font-weight: 400;\"> Jos olet varattu 24 tunnin sis\u00e4ll\u00e4 kiertueen\/retken l\u00e4ht\u00f6ajasta, voimme j\u00e4rjest\u00e4\u00e4 noudon hotellilta lis\u00e4maksulla. Kun osto on valmis, l\u00e4het\u00e4mme sinulle t\u00e4ydelliset yhteystiedot (puhelinnumero, s\u00e4hk\u00f6postiosoite jne.) paikallista opastamme varten noutoj\u00e4rjestelyjen j\u00e4rjest\u00e4miseksi.<\/span><\/p>\n<h4><b><i>Lis\u00e4tietojen vahvistus <\/i><\/b><\/h4>\n<ol>\n<li>Liput ovat kuitti t\u00e4m\u00e4n kiertueen maksamisen j\u00e4lkeen. Voit n\u00e4ytt\u00e4\u00e4 maksun puhelimellasi.<\/li>\n<li style=\"font-weight: 400;\"><span style=\"font-weight: 400;\">Tapaamispaikka vastaanotetaan varausprosessin j\u00e4lkeen.<\/span><\/li>\n<li style=\"font-weight: 400;\"><span style=\"font-weight: 400;\">Lasten tulee olla aikuisen seurassa.<\/span><\/li>\n<li style=\"font-weight: 400;\"><span style=\"font-weight: 400;\"> Ei py\u00f6r\u00e4tuolilla <\/span><\/li>\n<li style=\"font-weight: 400;\"><span style=\"font-weight: 400;\">Vauvojen on istuttava syliss\u00e4 <\/span><\/li>\n<li style=\"font-weight: 400;\"><span style=\"font-weight: 400;\">Ei suositella matkustajille, joilla on selk\u00e4ongelmia<\/span><\/li>\n<li style=\"font-weight: 400;\"><span style=\"font-weight: 400;\">Ei suositella raskaana oleville matkailijoille <\/span><\/li>\n<li style=\"font-weight: 400;\"><span style=\"font-weight: 400;\"> Ei syd\u00e4nongelmia tai muita vakavia sairauksia <\/span><\/li>\n<li style=\"font-weight: 400;\"><span style=\"font-weight: 400;\">Suurin osa matkustajista voi osallistua<\/span><\/li>\n<\/ol>\n<h4><b><i>Peruutusk\u00e4yt\u00e4nt\u00f6<\/i><\/b><\/h4>\n<p><span style=\"font-weight: 400;\">Saadaksesi t\u00e4yden hyvityksen, peruuta v\u00e4hint\u00e4\u00e4n 24 tuntia ennen kokemuksen alkamisp\u00e4iv\u00e4\u00e4. Varat menetet\u00e4\u00e4n, jos varaus peruutetaan samana matkap\u00e4iv\u00e4n\u00e4.<\/span><\/p>\n\n\t\t<\/div>\n\t<\/div>\n<\/div><\/div><\/div><\/div><div class=\"vc_row wpb_row vc_row-fluid\" ><div class=\"wpb_column vc_column_container vc_col-sm-12\"><div class=\"vc_column-inner\"><div class=\"wpb_wrapper\">\n\t<div class=\"wpb_video_widget wpb_content_element vc_clearfix   vc_video-aspect-ratio-169 vc_video-el-width-100 vc_video-align-left\" >\n\t\t<div class=\"wpb_wrapper\">\n\t\t\t<h2 class=\"wpb_heading wpb_video_heading\">27 Damajaguan vesiputouksen kiertue Puerto Platasta:<\/h2>\n\t\t\t<div class=\"wpb_video_wrapper\"><iframe loading=\"lazy\" title=\"27 Damajaguan vesiputousta Booking Adventures &amp; Travelin kautta Dominikaaninen tasavalta\" width=\"1100\" height=\"619\" src=\"https:\/\/www.youtube.com\/embed\/AVNh_we_RQE?start=17&feature=oembed\" frameborder=\"0\" allow=\"accelerometer; autoplay; encrypted-media; gyroscope; picture-in-picture\" allowfullscreen><\/iframe><\/div>\n\t\t<\/div>\n\t<\/div>\n<\/div><\/div><\/div><\/div><div class=\"vc_row wpb_row vc_row-fluid\" ><div class=\"wpb_column vc_column_container vc_col-sm-12\"><div class=\"vc_column-inner\"><div class=\"wpb_wrapper\"><div class=\"vc_empty_space\"   style=\"height: 32px\"><span class=\"vc_empty_space_inner\"><\/span><\/div>\n\t<div class=\"wpb_text_column wpb_content_element\" >\n\t\t<div class=\"wpb_wrapper\">\n\t\t\t<h4>Ota meihin yhteytt\u00e4?<\/h4>\n<h5><em><strong>Varaa seikkailuja<\/strong><\/em><\/h5>\n<p><em><strong>Paikalliset<\/strong>\u00a0ja\u00a0<strong>Kansalaiset<\/strong>\u00a0Matkaoppaat ja vieraspalvelut<\/em><\/p>\n<p><span class=\"text-turquoise\">Varaukset:<\/span>\u00a0Retket ja retket Dom. Rep.<\/p>\n<p><img decoding=\"async\" class=\"emoji\" draggable=\"false\" src=\"https:\/\/s.w.org\/images\/core\/emoji\/11.2.0\/svg\/1f4de.svg\" alt=\"\ud83d\udcde\" \/>\u00a0Puh\/Whatsapp\u00a0\u00a0<a href=\"tel:+1-809-720-6035\">+1-809-720-6035<\/a>.<\/p>\n<p><img decoding=\"async\" class=\"emoji\" draggable=\"false\" src=\"https:\/\/s.w.org\/images\/core\/emoji\/11.2.0\/svg\/1f4e9.svg\" alt=\"\ud83d\udce9\" \/>\u00a0<a href=\"mailto:info@bookingadventures.com.do\">info@bookingadventures.com.do<\/a><\/p>\n<p><strong>Asetamme joustavasti Whatsappin yksityisi\u00e4 matkoja:\u00a0<a href=\"tel:+18097206035\">+18097206035.<\/a><\/strong><\/p>\n\n\t\t<\/div>\n\t<\/div>\n<div class=\"vc_empty_space\"   style=\"height: 32px\"><span class=\"vc_empty_space_inner\"><\/span><\/div><\/div><\/div><\/div><\/div>","protected":false},"excerpt":{"rendered":"<p>T\u00e4m\u00e4 retki Damajaguan 27 vesiputoukselta Puerto Platassa, lounas ja retki 27 vesiputouksen luona, vaellus ja hyppy jokeen.<\/p>\n<p>Ekologinen matka Puerto Platan 27 vesiputoukselle. Hanki lippusi puolen p\u00e4iv\u00e4n retkelle t\u00e4\u00e4lt\u00e4 Damajaguan 27-vesiputoukselle. P\u00e4\u00e4syliput lounaalla ja retkell\u00e4 sis\u00e4lt\u00e4v\u00e4t hypp\u00e4\u00e4misen ja uinnin Dominikaanisen tasavallan kauneimmissa vesiputouksissa. Vaellus ja uinti turvavarusteilla saadaksesi kaikkien aikojen parhaan kokemuksen!!<\/p>\n<p>&nbsp;<\/p>\n<p><strong>Valitse kiertueen p\u00e4iv\u00e4m\u00e4\u00e4r\u00e4:\u00a0<\/strong><\/p>","protected":false},"featured_media":271,"template":"","meta":[],"product_brand":[],"product_cat":[239,240,120,96,135,122,241,100],"product_tag":[242,243,244,245,246,247,248,249,250,251,252,253,254,255,256,257,258],"class_list":{"0":"post-54","1":"product","2":"type-product","3":"status-publish","4":"has-post-thumbnail","6":"product_cat-27-waterfalls","7":"product_cat-damajagua","8":"product_cat-fees-entrace","9":"product_cat-hiking","10":"product_cat-lunch","11":"product_cat-tours-and-excursions","12":"product_cat-tours-excursions-27-waterfalls-puerto-plata-dominican-republic","13":"product_cat-waterfalls","14":"product_tag-27-charcos-de-damajagua","15":"product_tag-27-waterfalls","16":"product_tag-27-waterfalls-dominican-republic","17":"product_tag-27-waterfalls-dominican-republic-facts","18":"product_tag-27-waterfalls-excursion","19":"product_tag-27-waterfalls-puerto-plata","20":"product_tag-amber-cove-cruise-terminal-27-waterfalls","21":"product_tag-amber-cove-excursions","22":"product_tag-damajagua-falls-tours","23":"product_tag-damajagua-national-park","24":"product_tag-excursion-27-waterfalls","25":"product_tag-how-to-get-to-27-waterfalls-from-puerto-plata","26":"product_tag-jumping-27-waterfalls","27":"product_tag-los-27-charcos-de-puerto-plata","28":"product_tag-puerto-plata","29":"product_tag-things-to-do-in-amber-cove","30":"product_tag-tour-27-waterfalls","32":"first","33":"instock","34":"sale","35":"sold-individually","36":"shipping-taxable","37":"product-type-external"},"_links":{"self":[{"href":"https:\/\/visitaloshaitises.com\/fi\/wp-json\/wp\/v2\/product\/54","targetHints":{"allow":["GET"]}}],"collection":[{"href":"https:\/\/visitaloshaitises.com\/fi\/wp-json\/wp\/v2\/product"}],"about":[{"href":"https:\/\/visitaloshaitises.com\/fi\/wp-json\/wp\/v2\/types\/product"}],"wp:featuredmedia":[{"embeddable":true,"href":"https:\/\/visitaloshaitises.com\/fi\/wp-json\/wp\/v2\/media\/271"}],"wp:attachment":[{"href":"https:\/\/visitaloshaitises.com\/fi\/wp-json\/wp\/v2\/media?parent=54"}],"wp:term":[{"taxonomy":"product_brand","embeddable":true,"href":"https:\/\/visitaloshaitises.com\/fi\/wp-json\/wp\/v2\/product_brand?post=54"},{"taxonomy":"product_cat","embeddable":true,"href":"https:\/\/visitaloshaitises.com\/fi\/wp-json\/wp\/v2\/product_cat?post=54"},{"taxonomy":"product_tag","embeddable":true,"href":"https:\/\/visitaloshaitises.com\/fi\/wp-json\/wp\/v2\/product_tag?post=54"}],"curies":[{"name":"wp","href":"https:\/\/api.w.org\/{rel}","templated":true}]}}