{"id":553,"date":"2020-06-21T20:30:49","date_gmt":"2020-06-21T20:30:49","guid":{"rendered":"https:\/\/haitises.com\/?post_type=product&#038;p=553"},"modified":"2024-04-17T21:13:57","modified_gmt":"2024-04-17T21:13:57","slug":"excursion-a-los-haitises-y-cano-hondo-desde-sabana-de-la-mar","status":"publish","type":"product","link":"https:\/\/visitaloshaitises.com\/fa\/private\/excursion-a-los-haitises-y-cano-hondo-desde-sabana-de-la-mar\/","title":{"rendered":"\u062a\u0648\u0631 \u062e\u0635\u0648\u0635\u06cc \u0628\u0647 Los Haitises \u0648 Ca\u00f1o Hondo \u0627\u0632 Sabana de la Mar"},"content":{"rendered":"<div class=\"vc_row wpb_row vc_row-fluid\" ><div class=\"wpb_column vc_column_container vc_col-sm-12\"><div class=\"vc_column-inner\"><div class=\"wpb_wrapper\"><div class=\"mkdf-section-title-holder\" style=\"text-align: left\">\n\t<div class=\"mkdf-st-inner\">\n\t\t\t\t\t<h5 class=\"mkdf-st-subtitle\" >\n\t\t\t\tAlmuerzo y Nataci\u00f3n en Piscinas Naturales\t\t\t<\/h5>\n\t\t\t\t\t\t\t<\/div>\n<\/div><\/div><\/div><\/div><\/div><div class=\"vc_row wpb_row vc_row-fluid\" ><div class=\"wpb_column vc_column_container vc_col-sm-12\"><div class=\"vc_column-inner\"><div class=\"wpb_wrapper\"><div class=\"vc_empty_space\"   style=\"height: 32px\"><span class=\"vc_empty_space_inner\"><\/span><\/div><\/div><\/div><\/div><\/div><div class=\"vc_row wpb_row vc_row-fluid\" ><div class=\"wpb_column vc_column_container vc_col-sm-12\"><div class=\"vc_column-inner\"><div class=\"wpb_wrapper\">\n\t<div class=\"wpb_text_column wpb_content_element\" >\n\t\t<div class=\"wpb_wrapper\">\n\t\t\t<h2>Parque Nacional Los Haitises + Almuerzo en Ca\u00f1o Hondo desde Sabana de la Mar<\/h2>\n<h3>\u0634\u0631\u062d<\/h3>\n<p>Excursi\u00f3n de d\u00eda completo al Parque Nacional Los Haitises y almuerzo en Ca\u00f1o Hondo m\u00e1s nataci\u00f3n en piscinas naturales. Ven con nosotros y visita el parque nacional m\u00e1s hermoso de la Rep\u00fablica Dominicana, visitando manglares, cuevas y la bah\u00eda de San Lorenzo. Regreso al puerto de Ca\u00f1o Hondo para caminar 15 minutos para disfrutar de un almuerzo t\u00edpico con vista al mar al Parque Nacional Los Haitises. Despu\u00e9s de esta nataci\u00f3n en manantial natural hasta las 4:30 pm.<\/p>\n<ul>\n<li>Incluye almuerzo buffet.<\/li>\n<li>Nadar en piscinas naturales<\/li>\n<li>Tasas incluidas<\/li>\n<li>El gu\u00eda proporciona instrucci\u00f3n y supervisi\u00f3n.<\/li>\n<\/ul>\n<h3>\u0634\u0645\u0648\u0644 \u0648 \u0627\u0633\u062a\u062b\u0646\u0627\u0621<\/h3>\n<h4>\u0634\u0627\u0645\u0644 \u0647\u0627<\/h4>\n<ol>\n<li>almuerzo en el Ecolodge<\/li>\n<li>\u062a\u0648\u0631 \u0644\u0633 \u0647\u0627\u06cc\u062a\u06cc\u0633 + \u063a\u0627\u0631\u0647\u0627 \u0648 \u062a\u0635\u0627\u0648\u06cc\u0631<\/li>\n<li>\u06a9\u0644\u06cc\u0647 \u0645\u0627\u0644\u06cc\u0627\u062a \u0647\u0627\u060c \u0647\u0632\u06cc\u0646\u0647 \u0647\u0627 \u0648 \u0647\u0632\u06cc\u0646\u0647 \u0647\u0627\u06cc \u062d\u0645\u0644 \u0648 \u0646\u0642\u0644.<\/li>\n<li>\u0645\u0627\u0644\u06cc\u0627\u062a \u0647\u0627\u06cc \u0645\u062d\u0644\u06cc<\/li>\n<li>\u0646\u0648\u0634\u06cc\u062f\u0646\u06cc<\/li>\n<li>\u062a\u0645\u0627\u0645\u06cc \u0641\u0639\u0627\u0644\u06cc\u062a \u0647\u0627<\/li>\n<li>\u0631\u0627\u0647\u0646\u0645\u0627\u06cc \u0645\u062d\u0644\u06cc<\/li>\n<\/ol>\n<h4>\u0645\u062d\u0631\u0648\u0645\u06cc\u062a \u0647\u0627<\/h4>\n<ol>\n<li>\u0646\u06a9\u0627\u062a<\/li>\n<li>Transporte<\/li>\n<li>\u0646\u0648\u0634\u06cc\u062f\u0646\u06cc \u0647\u0627\u06cc \u0627\u0644\u06a9\u0644\u06cc<\/li>\n<\/ol>\n<h3><em>\u062e\u0631\u0648\u062c \u0648 \u0628\u0627\u0632\u06af\u0634\u062a<\/em><\/h3>\n<p>\u0645\u0633\u0627\u0641\u0631 \u067e\u0633 \u0627\u0632 \u0641\u0631\u0622\u06cc\u0646\u062f \u0631\u0632\u0631\u0648 \u06cc\u06a9 \u0646\u0642\u0637\u0647 \u0645\u0644\u0627\u0642\u0627\u062a \u062f\u0631\u06cc\u0627\u0641\u062a \u0645\u06cc \u06a9\u0646\u062f. \u062a\u0648\u0631\u0647\u0627 \u062f\u0631 \u0646\u0642\u0627\u0637 \u0645\u0644\u0627\u0642\u0627\u062a \u0645\u0627 \u0634\u0631\u0648\u0639 \u0648 \u0628\u0647 \u067e\u0627\u06cc\u0627\u0646 \u0645\u06cc \u0631\u0633\u0646\u062f.<\/p>\n<h3><em>\u00bfQu\u00e9 esperar?<\/em><\/h3>\n<p>Obtenga sus boletos para visitar el Parque Nacional Los Haitises con un maravilloso almuerzo en Ca\u00f1o Hondo y Nataci\u00f3n en los manantiales naturales. Realice un recorrido en bote por los manglares, las antiguas cuevas piratas y los bosques protegidos de esta pintoresca reserva, desde la zona de los hoteles Ca\u00f1o Hondo o desde Sabana de la Mar.<\/p>\n<p>El recorrido, organizado por \u00abBooking Adventures\u00bb, comienza en el punto de encuentro establecido con el gu\u00eda tur\u00edstico. Ven con Booking Adventures y comienza a observar algunos manglares llenos de p\u00e1jaros, colinas onduladas de exuberante vegetaci\u00f3n y cuevas del Parque Nacional Los Haitises. Excursi\u00f3n en bote desde el r\u00edo Ca\u00f1o Hondo, Sabana de la Mar.<\/p>\n<p>\u0627\u0632 \u0645\u06cc\u0627\u0646 \u062c\u0646\u06af\u0644\u200c\u0647\u0627\u06cc \u062d\u0631\u0627 \u0648 \u062f\u0631 \u062e\u0644\u06cc\u062c \u0628\u0627\u0632 San Lorenzo \u0641\u0631\u0648\u062f \u0628\u06cc\u0627\u06cc\u06cc\u062f\u060c \u0627\u0632 \u0622\u0646\u062c\u0627 \u0645\u06cc\u200c\u062a\u0648\u0627\u0646\u06cc\u062f \u0627\u0632 \u0645\u0646\u0627\u0638\u0631 \u062c\u0646\u06af\u0644\u06cc \u0646\u0627\u0647\u0645\u0648\u0627\u0631 \u0639\u06a9\u0627\u0633\u06cc \u06a9\u0646\u06cc\u062f. \u0628\u0631\u0627\u06cc \u062f\u06cc\u062f\u0646 \u06af\u0627\u0648 \u062f\u0631\u06cc\u0627\u06cc\u06cc\u060c \u0633\u062e\u062a \u067e\u0648\u0633\u062a\u0627\u0646 \u0648 \u062f\u0644\u0641\u06cc\u0646 \u0647\u0627 \u0628\u0647 \u062f\u0627\u062e\u0644 \u0622\u0628 \u0646\u06af\u0627\u0647 \u06a9\u0646\u06cc\u062f.<\/p>\n<p>El nombre del parque nacional proviene de sus habitantes originales, los indios ta\u00ednos. En su idioma, \u00abHaitises\u00bb se traduce en tierras altas o colinas, una referencia a las empinadas formaciones geol\u00f3gicas de la costa con calizas. Avent\u00farate m\u00e1s en el parque para explorar cuevas como la Cueva de la Arena y la Cueva de la l\u00ednea. Las cuevas en la reserva fueron utilizadas como refugio por los indios ta\u00ednos y, m\u00e1s tarde, por los piratas escondidos. Busque dibujos de indios que decoran algunas de las paredes. Despu\u00e9s de visitar el Parque Nacional Los Haitises iremos a Ca\u00f1o Hondo. En Ca\u00f1o Hondo aprendiendo sobre esta historia de ecolodge y la hora del almuerzo con la comida t\u00edpica de la comunidad de Sabana de la Mar.<\/p>\n<p>El almuerzo ser\u00e1 delicioso pero a\u00fan no terminamos. Despu\u00e9s del almuerzo, nadaremos en el manantial natural desde el r\u00edo Jibales, un r\u00edo perenne hasta el r\u00edo Ca\u00f1o Hondo. Quedarse en Ca\u00f1o Hondo hasta las 6:00 pm si lo desea o menos.<\/p>\n<p>En las Piscinas Natureles puedes quedarte todo el tiempo que quieras nadar y hacer senderismo. Si eres vegano, tambi\u00e9n podemos prepararte algo de comida.<\/p>\n<h3><em>\u0686\u0647 \u0686\u06cc\u0632\u06cc \u0628\u0627\u06cc\u062f \u0628\u06cc\u0627\u0648\u0631\u06cc\u062f\u061f<\/em><\/h3>\n<ul>\n<li>\u062f\u0648\u0631\u0628\u06cc\u0646<\/li>\n<li>Repelentes<\/li>\n<li>\u0636\u062f \u0622\u0641\u062a\u0627\u0628<\/li>\n<li>\u06a9\u0644\u0627\u0647<\/li>\n<li>\u0634\u0644\u0648\u0627\u0631 \u0631\u0627\u062d\u062a\u06cc<\/li>\n<li>\u06a9\u0641\u0634 \u062c\u0646\u06af\u0644 \u0646\u0648\u0631\u062f\u06cc<\/li>\n<li>\u0635\u0646\u062f\u0644 \u0628\u0647 \u0645\u0646\u0627\u0637\u0642 \u0628\u0647\u0627\u0631.<\/li>\n<li>Traje de ba\u00f1o<\/li>\n<\/ul>\n<h3><em>\u0648\u0627\u0646\u062a \u0647\u062a\u0644<\/em><\/h3>\n<p>\u067e\u06cc\u06a9\u0627\u067e \u0647\u062a\u0644 \u0628\u0631\u0627\u06cc \u0627\u06cc\u0646 \u062a\u0648\u0631 \u0627\u0631\u0627\u0626\u0647 \u0646\u0645\u06cc \u0634\u0648\u062f.<\/p>\n<p><strong>Nota:<\/strong> si realiza la reserva dentro de las 24 horas de la hora de salida del tour \/ excursi\u00f3n, podemos organizar la recogida en el hotel con cargos adicionales. Una vez que se complete su compra, le enviaremos informaci\u00f3n de contacto completa (n\u00famero de tel\u00e9fono, direcci\u00f3n de correo electr\u00f3nico, etc.) para que nuestro gu\u00eda tur\u00edstico local organice los arreglos de recogida.<\/p>\n<h3><em>\u062a\u0627\u06cc\u06cc\u062f \u0627\u0637\u0644\u0627\u0639\u0627\u062a \u062a\u06a9\u0645\u06cc\u0644\u06cc<\/em><\/h3>\n<ul>\n<li>\u0628\u0644\u06cc\u0637 \u0647\u0627 \u0631\u0633\u06cc\u062f \u067e\u0633 \u0627\u0632 \u067e\u0631\u062f\u0627\u062e\u062a \u0627\u06cc\u0646 \u062a\u0648\u0631 \u0627\u0633\u062a. \u0645\u06cc \u062a\u0648\u0627\u0646\u06cc\u062f \u067e\u0631\u062f\u0627\u062e\u062a \u0631\u0627 \u062f\u0631 \u06af\u0648\u0634\u06cc \u062e\u0648\u062f \u0646\u0634\u0627\u0646 \u062f\u0647\u06cc\u062f.<\/li>\n<li>\u0646\u0642\u0637\u0647 \u0645\u0644\u0627\u0642\u0627\u062a \u067e\u0633 \u0627\u0632 \u0627\u0646\u062c\u0627\u0645 \u0645\u0631\u0627\u062d\u0644 \u0631\u0632\u0631\u0648 \u062f\u0631\u06cc\u0627\u0641\u062a \u062e\u0648\u0627\u0647\u062f \u0634\u062f.<\/li>\n<li>\u06a9\u0648\u062f\u06a9\u0627\u0646 \u0628\u0627\u06cc\u062f \u0628\u0627 \u06cc\u06a9 \u0628\u0632\u0631\u06af\u0633\u0627\u0644 \u0647\u0645\u0631\u0627\u0647 \u0628\u0627\u0634\u0646\u062f.<\/li>\n<li>\u0648\u06cc\u0644\u0686\u0631 \u0642\u0627\u0628\u0644 \u062f\u0633\u062a\u0631\u0633\u06cc \u0646\u06cc\u0633\u062a<\/li>\n<li>Los infantes deben sentarse en un asiento de beb\u00e9s o con un adulto<\/li>\n<li>\u0628\u0631\u0627\u06cc \u0645\u0633\u0627\u0641\u0631\u0627\u0646\u06cc \u06a9\u0647 \u0645\u0634\u06a9\u0644\u0627\u062a \u06a9\u0645\u0631 \u062f\u0627\u0631\u0646\u062f \u062a\u0648\u0635\u06cc\u0647 \u0646\u0645\u06cc \u0634\u0648\u062f.<\/li>\n<li>No recomendado para mujeres embarazadas.<\/li>\n<li>Sin problemas card\u00edacos u otras condiciones m\u00e9dicas graves.<\/li>\n<li>\u0627\u06a9\u062b\u0631 \u0645\u0633\u0627\u0641\u0631\u0627\u0646 \u0645\u06cc \u062a\u0648\u0627\u0646\u0646\u062f \u0634\u0631\u06a9\u062a \u06a9\u0646\u0646\u062f.<\/li>\n<\/ul>\n<h3><em>\u0633\u06cc\u0627\u0633\u062a \u0644\u063a\u0648<\/em><\/h3>\n<p>\u0628\u0631\u0627\u06cc \u0628\u0627\u0632\u067e\u0631\u062f\u0627\u062e\u062a \u06a9\u0627\u0645\u0644\u060c \u062d\u062f\u0627\u0642\u0644 24 \u0633\u0627\u0639\u062a \u0642\u0628\u0644 \u0627\u0632 \u062a\u0627\u0631\u06cc\u062e \u0634\u0631\u0648\u0639 \u062a\u062c\u0631\u0628\u0647 \u0644\u063a\u0648 \u06a9\u0646\u06cc\u062f.<\/p>\n\n\t\t<\/div>\n\t<\/div>\n<\/div><\/div><\/div><\/div><div class=\"vc_row wpb_row vc_row-fluid\" ><div class=\"wpb_column vc_column_container vc_col-sm-12\"><div class=\"vc_column-inner\"><div class=\"wpb_wrapper\">\n\t<div class=\"wpb_video_widget wpb_content_element vc_clearfix   vc_video-aspect-ratio-169 vc_video-el-width-100 vc_video-align-left\" >\n\t\t<div class=\"wpb_wrapper\">\n\t\t\t\n\t\t\t<div class=\"wpb_video_wrapper\"><iframe loading=\"lazy\" title=\"\u067e\u0627\u0631\u06a9 \u0645\u0644\u06cc Los Haitises\u060c \u062a\u0648\u0631\u0647\u0627 \u0648 \u06af\u0634\u062a \u0648 \u06af\u0630\u0627\u0631 \u0627\u0632 Samana \u06cc\u0627 Sabana de la Mar. \u062f\u0631 \u0627\u06cc\u0646\u062c\u0627 \u0631\u0632\u0631\u0648 \u06a9\u0646\u06cc\u062f:\" src=\"https:\/\/player.vimeo.com\/video\/346508015?dnt=1&amp;app_id=122963\" width=\"1100\" height=\"619\" frameborder=\"0\" allow=\"autoplay; fullscreen\" allowfullscreen><\/iframe><\/div>\n\t\t<\/div>\n\t<\/div>\n<\/div><\/div><\/div><\/div><div class=\"vc_row wpb_row vc_row-fluid\" ><div class=\"wpb_column vc_column_container vc_col-sm-12\"><div class=\"vc_column-inner\"><div class=\"wpb_wrapper\"><div class=\"vc_empty_space\"   style=\"height: 32px\"><span class=\"vc_empty_space_inner\"><\/span><\/div>\n\t<div class=\"wpb_text_column wpb_content_element\" >\n\t\t<div class=\"wpb_wrapper\">\n\t\t\t<h4>\u0628\u0627 \u0645\u0627 \u062a\u0645\u0627\u0633 \u0628\u06af\u06cc\u0631\u06cc\u062f\u061f<\/h4>\n<h5>Reservas de aventuras<\/h5>\n<p><strong><em>\u0631\u0627\u0647\u0646\u0645\u0627\u06cc \u062a\u0648\u0631\u0647\u0627\u06cc \u0645\u062d\u0644\u06cc \u0648 \u0645\u0644\u06cc \u0648 \u062e\u062f\u0645\u0627\u062a \u0645\u0647\u0645\u0627\u0646<\/em><\/strong><\/p>\n<p>Reservas: Tours y Excursiones en Dom. Reps.<\/p>\n<p>Tel \/ Whatsapp + 1-809-720-6035.<\/p>\n<p>info@bookingadventures.com.do<\/p>\n<p>Hacemos tours privados de configuraci\u00f3n flexible por Whatsapp: +18097206035.<\/p>\n\n\t\t<\/div>\n\t<\/div>\n<div class=\"vc_empty_space\"   style=\"height: 32px\"><span class=\"vc_empty_space_inner\"><\/span><\/div><\/div><\/div><\/div><\/div>","protected":false},"excerpt":{"rendered":"<p>Excursi\u00f3n al Parque Nacional Los Haitises desde Sabana de la Mar, visitando manglares, cuevas, pictograf\u00edas + almuerzo en Ca\u00f1o Hondo tours y piscinas.<\/p>\n<p>Establezca este recorrido con una ruta de senderismo y aprenda sobre la historia del Parque Nacional Los Haitises con gu\u00edas locales.<\/p>","protected":false},"featured_media":82,"template":"","meta":[],"product_brand":[],"product_cat":[443,123,124],"product_tag":[126,127,128,145,202,203,132,133,146,114,204],"class_list":{"0":"post-553","1":"product","2":"type-product","3":"status-publish","4":"has-post-thumbnail","6":"product_cat-tours-y-excursiones-es","7":"product_cat-tours-excursions-los-haitises-national-park","8":"product_cat-tours-excursions-samana-bay-dominican-republic","9":"product_tag-cano-hondo","10":"product_tag-cano-hondo-hotel","11":"product_tag-cano-hondo-tours","12":"product_tag-day-tour-cano-hondo","13":"product_tag-la-arena-cave","14":"product_tag-line-cave","15":"product_tag-los-haitises","16":"product_tag-los-haitises-national-park","17":"product_tag-mangroves-los-haitises","18":"product_tag-sabana-de-la-mar","19":"product_tag-san-lorenzo-bay","21":"first","22":"instock","23":"sale","24":"sold-individually","25":"shipping-taxable","26":"product-type-external"},"_links":{"self":[{"href":"https:\/\/visitaloshaitises.com\/fa\/wp-json\/wp\/v2\/product\/553","targetHints":{"allow":["GET"]}}],"collection":[{"href":"https:\/\/visitaloshaitises.com\/fa\/wp-json\/wp\/v2\/product"}],"about":[{"href":"https:\/\/visitaloshaitises.com\/fa\/wp-json\/wp\/v2\/types\/product"}],"wp:featuredmedia":[{"embeddable":true,"href":"https:\/\/visitaloshaitises.com\/fa\/wp-json\/wp\/v2\/media\/82"}],"wp:attachment":[{"href":"https:\/\/visitaloshaitises.com\/fa\/wp-json\/wp\/v2\/media?parent=553"}],"wp:term":[{"taxonomy":"product_brand","embeddable":true,"href":"https:\/\/visitaloshaitises.com\/fa\/wp-json\/wp\/v2\/product_brand?post=553"},{"taxonomy":"product_cat","embeddable":true,"href":"https:\/\/visitaloshaitises.com\/fa\/wp-json\/wp\/v2\/product_cat?post=553"},{"taxonomy":"product_tag","embeddable":true,"href":"https:\/\/visitaloshaitises.com\/fa\/wp-json\/wp\/v2\/product_tag?post=553"}],"curies":[{"name":"wp","href":"https:\/\/api.w.org\/{rel}","templated":true}]}}