{"id":551,"date":"2020-06-19T20:10:32","date_gmt":"2020-06-19T20:10:32","guid":{"rendered":"https:\/\/haitises.com\/?post_type=product&#038;p=551"},"modified":"2023-10-14T21:50:12","modified_gmt":"2023-10-14T21:50:12","slug":"excursion-al-los-haitises-y-cano-hondo-desde-samana","status":"publish","type":"product","link":"https:\/\/visitaloshaitises.com\/fa\/private\/excursion-al-los-haitises-y-cano-hondo-desde-samana\/","title":{"rendered":"\u06af\u0634\u062a \u0648 \u06af\u0630\u0627\u0631 \u062f\u0631 \u0644\u0633 \u0647\u0627\u06cc\u062a\u06cc\u0633 \u0648 \u06a9\u0627\u0646\u0648 \u0647\u0648\u0646\u062f\u0648 \u0627\u0632 \u0633\u0627\u0645\u0627\u0646\u0627"},"content":{"rendered":"<div class=\"vc_row wpb_row vc_row-fluid\" ><div class=\"wpb_column vc_column_container vc_col-sm-12\"><div class=\"vc_column-inner\"><div class=\"wpb_wrapper\"><div class=\"mkdf-section-title-holder\" style=\"text-align: left\">\n\t<div class=\"mkdf-st-inner\">\n\t\t\t\t\t<h5 class=\"mkdf-st-subtitle\" >\n\t\t\t\tAlmuerzo y Nataci\u00f3n en Piscinas Naturales\t\t\t<\/h5>\n\t\t\t\t\t\t\t<\/div>\n<\/div><\/div><\/div><\/div><\/div><div class=\"vc_row wpb_row vc_row-fluid\" ><div class=\"wpb_column vc_column_container vc_col-sm-12\"><div class=\"vc_column-inner\"><div class=\"wpb_wrapper\">\n\t<div class=\"wpb_text_column wpb_content_element\" >\n\t\t<div class=\"wpb_wrapper\">\n\t\t\t<h2>Parque Nacional Los Haitises + Almuerzo en Cano Hondo desde el puerto de Saman\u00e1.<\/h2>\n<h3><em>\u0634\u0631\u062d<\/em><\/h3>\n<p>Parque Nacional Los Haitises a partir del puerto de Saman\u00e1 m\u00e1s un almuerzo maravilloso y nataci\u00f3n en manantiales naturales en Ca\u00f1o Hondo Ecolodge. Ven con nosotros y visita el parque nacional m\u00e1s hermoso de la Rep\u00fablica Dominicana, visitando manglares, cuevas y la bah\u00eda de San Lorenzo, adem\u00e1s de cruzar la hermosa bah\u00eda de Saman\u00e1. Despu\u00e9s de almorzar en Ca\u00f1o Hondo, tendr\u00e1 la oportunidad de nadar en las piscinas naturales unas pocas horas y luego regresar al puerto de Saman\u00e1.<\/p>\n<p>\u067e\u0633 \u0627\u0632 \u0627\u06cc\u0646 \u062a\u062c\u0631\u0628\u0647 \u0628\u0647 \u0628\u0646\u062f\u0631 \u0633\u0627\u0645\u0627\u0646\u0627 \u0628\u0627\u0632 \u0645\u06cc \u06af\u0631\u062f\u06cc\u062f.<\/p>\n<ul>\n<li>\u0645\u0627\u0644\u06cc\u0627\u062a \u0634\u0627\u0645\u0644<\/li>\n<li>\u0631\u0627\u0647\u0646\u0645\u0627 \u062f\u0633\u062a\u0648\u0631\u0627\u0644\u0639\u0645\u0644 \u0648 \u0646\u0638\u0627\u0631\u062a \u0631\u0627 \u0627\u0631\u0627\u0626\u0647 \u0645\u06cc \u062f\u0647\u062f.<\/li>\n<\/ul>\n<h3>\u0634\u0645\u0648\u0644 \u0648 \u0627\u0633\u062a\u062b\u0646\u0627\u0621<\/h3>\n<h4>\u0634\u0627\u0645\u0644 \u0647\u0627<\/h4>\n<ol>\n<li>\u062a\u0648\u0631 \u0644\u0633 \u0647\u0627\u06cc\u062a\u06cc\u0633 + \u063a\u0627\u0631\u0647\u0627 \u0648 \u062a\u0635\u0627\u0648\u06cc\u0631<\/li>\n<li>Almuerzo en Ca\u00f1o Hondo<\/li>\n<li>Nadar en las piscinas naturales<\/li>\n<li>\u06a9\u0644\u06cc\u0647 \u0645\u0627\u0644\u06cc\u0627\u062a \u0647\u0627\u060c \u0647\u0632\u06cc\u0646\u0647 \u0647\u0627 \u0648 \u0647\u0632\u06cc\u0646\u0647 \u0647\u0627\u06cc \u062d\u0645\u0644 \u0648 \u0646\u0642\u0644.<\/li>\n<li>\u0645\u0627\u0644\u06cc\u0627\u062a \u0647\u0627\u06cc \u0645\u062d\u0644\u06cc<\/li>\n<li>\u0646\u0648\u0634\u06cc\u062f\u0646\u06cc<\/li>\n<li>\u062a\u0645\u0627\u0645\u06cc \u0641\u0639\u0627\u0644\u06cc\u062a \u0647\u0627<\/li>\n<li>\u0631\u0627\u0647\u0646\u0645\u0627\u06cc \u0645\u062d\u0644\u06cc<\/li>\n<\/ol>\n<h4>\u0645\u062d\u0631\u0648\u0645\u06cc\u062a \u0647\u0627<\/h4>\n<ol>\n<li>\u0646\u06a9\u0627\u062a<\/li>\n<li>\u0627\u0646\u062a\u0642\u0627\u0644<\/li>\n<li>\u0646\u0648\u0634\u06cc\u062f\u0646\u06cc \u0647\u0627\u06cc \u0627\u0644\u06a9\u0644\u06cc<\/li>\n<\/ol>\n<h3><em>\u062e\u0631\u0648\u062c \u0648 \u0628\u0627\u0632\u06af\u0634\u062a<\/em><\/h3>\n<p>\u0645\u0633\u0627\u0641\u0631 \u067e\u0633 \u0627\u0632 \u0641\u0631\u0622\u06cc\u0646\u062f \u0631\u0632\u0631\u0648 \u06cc\u06a9 \u0646\u0642\u0637\u0647 \u0645\u0644\u0627\u0642\u0627\u062a \u062f\u0631\u06cc\u0627\u0641\u062a \u0645\u06cc \u06a9\u0646\u062f. \u062a\u0648\u0631\u0647\u0627 \u062f\u0631 \u0646\u0642\u0627\u0637 \u0645\u0644\u0627\u0642\u0627\u062a \u0645\u0627 \u0634\u0631\u0648\u0639 \u0648 \u0628\u0647 \u067e\u0627\u06cc\u0627\u0646 \u0645\u06cc \u0631\u0633\u0646\u062f.<\/p>\n<h3><em>\u00bfQu\u00e9 esperar?<\/em><\/h3>\n<p>Obtenga sus boletos para visitar el Parque Nacional Los Haitises con un maravilloso almuerzo en Ca\u00f1o Hondo y Nataci\u00f3n en las piscinas naturales.<\/p>\n<p>Comenzando desde el puerto de Saman\u00e1 a bordo de un bote o catamar\u00e1n con un gu\u00eda tur\u00edstico local, pasamos la bah\u00eda de Saman\u00e1 al lado de Sabana de la Mar para visitar uno de los parques nacionales m\u00e1s bellos de la Rep\u00fablica Dominicana.<\/p>\n<h5>El Parque Nacional\u00a0 Los Haitises.<\/h5>\n<p>Visitando la isla con aves alrededor. En la temporada de anidaci\u00f3n, incluso podemos ver los polluelos de pel\u00edcanos en los nidos. Adentrarse m\u00e1s en las islas rocosas y visitar las cuevas con pictograf\u00edas y petroglifos de los pueblos ind\u00edgenas.<\/p>\n<p>El recorrido, organizado por \u00abBooking Adventures\u00bb, comienza en el punto de encuentro establecido con el gu\u00eda tur\u00edstico. Ven con Booking Adventures y comienza a observar algunos manglares llenos de aves, colinas onduladas de exuberante vegetaci\u00f3n y cuevas del Parque Nacional Los Haitises.<\/p>\n<p>El nombre del parque nacional proviene de sus habitantes originales, los indios ta\u00ednos. En su idioma, \u00abHaitises\u00bb se traduce a tierras altas o colinas, una referencia a las empinadas formaciones geol\u00f3gicas de la costa con calizas. Avent\u00farate en el parque para explorar cuevas como la Cueva de la Arena y la Cueva de la L\u00ednea.<\/p>\n<p>Las cuevas en la reserva fueron utilizadas como refugio por los indios ta\u00ednos y, m\u00e1s tarde, por los piratas escondidos. Busque dibujos de indios que decoran algunas de las paredes.<\/p>\n<p>Despu\u00e9s de visitar el Parque Nacional Los Haitises iremos a Cano Hondo. En Cano Hondo aprender\u00e1 sobre esta historia ecol\u00f3gica y la hora del almuerzo con la comida t\u00edpica de la comunidad de Sabana de la mar.<\/p>\n<p>El almuerzo ser\u00e1 delicioso pero a\u00fan no terminamos. Despu\u00e9s del almuerzo, nadaremos en las piscinas naturales desde el r\u00edo Jibales, un r\u00edo hasta el r\u00edo Ca\u00f1o Hondo. Permaneciendo en Ca\u00f1o Hondo hasta las 4:00 pm y volviendo al puerto de Saman\u00e1, pasaremos nuevamente por los manglares y llegamos a la bah\u00eda abierta de San Lorenzo, desde donde se puede fotografiar el paisaje boscoso escarpado. Mire el agua para ver manat\u00edes, crust\u00e1ceos y delfines.<\/p>\n<p>Hasta el momento en que se establecer\u00e1 con el gu\u00eda tur\u00edstico para despu\u00e9s de esto ir al puerto de Cano Hondo y tomar un bote de regreso al puerto de Saman\u00e1 pasando la bah\u00eda de Saman\u00e1 30 minutos.<\/p>\n<p>\u0627\u06af\u0631 \u0627\u06cc\u0646 \u0633\u0641\u0631 \u0631\u0627 \u0628\u06cc\u0634\u062a\u0631 \u062f\u0648\u0633\u062a \u062f\u0627\u0631\u06cc\u062f\u060c \u0645\u0627 \u0627\u06cc\u0646 \u06af\u0632\u06cc\u0646\u0647 \u0647\u0627 \u0631\u0627 \u062f\u0627\u0631\u06cc\u0645:<\/p>\n<p>Los Haitises + Cayo Levantado \u0627\u0632 \u0628\u0646\u062f\u0631 \u0633\u0627\u0645\u0627\u0646\u0627.<\/p>\n<h3><em>\u0686\u0647 \u0686\u06cc\u0632\u06cc \u0628\u0627\u06cc\u062f \u0628\u06cc\u0627\u0648\u0631\u06cc\u062f\u061f<\/em><\/h3>\n<ul>\n<li>\u062f\u0648\u0631\u0628\u06cc\u0646<\/li>\n<li>Repelentes<\/li>\n<li>\u0636\u062f \u0622\u0641\u062a\u0627\u0628<\/li>\n<li>\u06a9\u0644\u0627\u0647<\/li>\n<li>\u0634\u0644\u0648\u0627\u0631 \u0631\u0627\u062d\u062a\u06cc<\/li>\n<li>\u06a9\u0641\u0634 \u062c\u0646\u06af\u0644 \u0646\u0648\u0631\u062f\u06cc<\/li>\n<li>\u0635\u0646\u062f\u0644 \u0628\u0647 \u0645\u0646\u0627\u0637\u0642 \u0628\u0647\u0627\u0631.<\/li>\n<li>Traje de ba\u00f1o<\/li>\n<\/ul>\n<h3><em>\u0648\u0627\u0646\u062a \u0647\u062a\u0644<\/em><\/h3>\n<p>\u067e\u06cc\u06a9\u0627\u067e \u0647\u062a\u0644 \u0628\u0631\u0627\u06cc \u0627\u06cc\u0646 \u062a\u0648\u0631 \u0627\u0631\u0627\u0626\u0647 \u0646\u0645\u06cc \u0634\u0648\u062f.<\/p>\n<p><strong>Nota:<\/strong> Si realiza la reserva dentro de las 24 horas de la hora de salida del tour \/ excursi\u00f3n, podemos organizar la recogida del hotel con cargos adicionales. Una vez que se complete su compra, le enviaremos informaci\u00f3n de contacto completa (n\u00famero de tel\u00e9fono, direcci\u00f3n de correo electr\u00f3nico, etc.) para que nuestro gu\u00eda tur\u00edstico local organice los arreglos de recogida.<\/p>\n<h3>\u062a\u0627\u06cc\u06cc\u062f \u0627\u0637\u0644\u0627\u0639\u0627\u062a \u062a\u06a9\u0645\u06cc\u0644\u06cc<\/h3>\n<ol>\n<li>\u0628\u0644\u06cc\u0637 \u0647\u0627 \u0631\u0633\u06cc\u062f \u067e\u0633 \u0627\u0632 \u067e\u0631\u062f\u0627\u062e\u062a \u0627\u06cc\u0646 \u062a\u0648\u0631 \u0627\u0633\u062a. \u0645\u06cc \u062a\u0648\u0627\u0646\u06cc\u062f \u067e\u0631\u062f\u0627\u062e\u062a \u0631\u0627 \u062f\u0631 \u06af\u0648\u0634\u06cc \u062e\u0648\u062f \u0646\u0634\u0627\u0646 \u062f\u0647\u06cc\u062f.<\/li>\n<li>\u0646\u0642\u0637\u0647 \u0645\u0644\u0627\u0642\u0627\u062a \u067e\u0633 \u0627\u0632 \u0627\u0646\u062c\u0627\u0645 \u0645\u0631\u0627\u062d\u0644 \u0631\u0632\u0631\u0648 \u062f\u0631\u06cc\u0627\u0641\u062a \u062e\u0648\u0627\u0647\u062f \u0634\u062f.<\/li>\n<li>\u06a9\u0648\u062f\u06a9\u0627\u0646 \u0628\u0627\u06cc\u062f \u0628\u0627 \u06cc\u06a9 \u0628\u0632\u0631\u06af\u0633\u0627\u0644 \u0647\u0645\u0631\u0627\u0647 \u0628\u0627\u0634\u0646\u062f.<\/li>\n<li>\u0648\u06cc\u0644\u0686\u0631 \u0642\u0627\u0628\u0644 \u062f\u0633\u062a\u0631\u0633\u06cc \u0646\u06cc\u0633\u062a<\/li>\n<li>Los infantes deben sentarse en asientos para beb\u00e9s o con un adulto<\/li>\n<li>\u0628\u0631\u0627\u06cc \u0645\u0633\u0627\u0641\u0631\u0627\u0646\u06cc \u06a9\u0647 \u0645\u0634\u06a9\u0644\u0627\u062a \u06a9\u0645\u0631 \u062f\u0627\u0631\u0646\u062f \u062a\u0648\u0635\u06cc\u0647 \u0646\u0645\u06cc \u0634\u0648\u062f.<\/li>\n<li>No recomendado para mujeres embarazadas.<\/li>\n<li>Sin problemas card\u00edacos u otras condiciones m\u00e9dicas graves.<\/li>\n<li>\u0627\u06a9\u062b\u0631 \u0645\u0633\u0627\u0641\u0631\u0627\u0646 \u0645\u06cc \u062a\u0648\u0627\u0646\u0646\u062f \u0634\u0631\u06a9\u062a \u06a9\u0646\u0646\u062f.<\/li>\n<\/ol>\n<h3><em>\u0633\u06cc\u0627\u0633\u062a \u0644\u063a\u0648<\/em><\/h3>\n<p>\u0628\u0631\u0627\u06cc \u0628\u0627\u0632\u067e\u0631\u062f\u0627\u062e\u062a \u06a9\u0627\u0645\u0644\u060c \u062d\u062f\u0627\u0642\u0644 24 \u0633\u0627\u0639\u062a \u0642\u0628\u0644 \u0627\u0632 \u062a\u0627\u0631\u06cc\u062e \u0634\u0631\u0648\u0639 \u062a\u062c\u0631\u0628\u0647 \u0644\u063a\u0648 \u06a9\u0646\u06cc\u062f.<\/p>\n\n\t\t<\/div>\n\t<\/div>\n<\/div><\/div><\/div><\/div><div class=\"vc_row wpb_row vc_row-fluid\" ><div class=\"wpb_column vc_column_container vc_col-sm-12\"><div class=\"vc_column-inner\"><div class=\"wpb_wrapper\"><div class=\"vc_empty_space\"   style=\"height: 32px\"><span class=\"vc_empty_space_inner\"><\/span><\/div>\n\t<div class=\"wpb_video_widget wpb_content_element vc_clearfix   vc_video-aspect-ratio-169 vc_video-el-width-100 vc_video-align-left\" >\n\t\t<div class=\"wpb_wrapper\">\n\t\t\t\n\t\t\t<div class=\"wpb_video_wrapper\"><iframe loading=\"lazy\" title=\"\u067e\u0627\u0631\u06a9 \u0645\u0644\u06cc Los Haitises\u060c \u062a\u0648\u0631\u0647\u0627 \u0648 \u06af\u0634\u062a \u0648 \u06af\u0630\u0627\u0631 \u0627\u0632 Samana \u06cc\u0627 Sabana de la Mar. \u062f\u0631 \u0627\u06cc\u0646\u062c\u0627 \u0631\u0632\u0631\u0648 \u06a9\u0646\u06cc\u062f:\" src=\"https:\/\/player.vimeo.com\/video\/346508015?dnt=1&amp;app_id=122963\" width=\"1100\" height=\"619\" frameborder=\"0\" allow=\"autoplay; fullscreen\" allowfullscreen><\/iframe><\/div>\n\t\t<\/div>\n\t<\/div>\n<\/div><\/div><\/div><\/div><div class=\"vc_row wpb_row vc_row-fluid\" ><div class=\"wpb_column vc_column_container vc_col-sm-12\"><div class=\"vc_column-inner\"><div class=\"wpb_wrapper\"><div class=\"vc_empty_space\"   style=\"height: 32px\"><span class=\"vc_empty_space_inner\"><\/span><\/div>\n\t<div class=\"wpb_text_column wpb_content_element\" >\n\t\t<div class=\"wpb_wrapper\">\n\t\t\t<h4>\u0628\u0627 \u0645\u0627 \u062a\u0645\u0627\u0633 \u0628\u06af\u06cc\u0631\u06cc\u062f\u061f<\/h4>\n<h5>Reservas de aventuras<\/h5>\n<p><em>Gu\u00edas tur\u00edsticos<\/em> <em><strong>locales<\/strong><\/em> y <strong><em>nacionales<\/em><\/strong> &amp;<em>\u00a0servicios para hu\u00e9spedes<\/em><\/p>\n<p>\u0631\u0632\u0631\u0648: \u062a\u0648\u0631\u0647\u0627 \u0648 \u06af\u0634\u062a \u0648 \u06af\u0630\u0627\u0631\u0647\u0627 \u062f\u0631 Dom. Rep.<\/p>\n<p>Tel \/ Whatsapp + 1-809-720-6035.<\/p>\n<p>info@bookingadventures.com.do<\/p>\n<p>Somos tours privados de configuraci\u00f3n flexible por Whatsapp: +18097206035.<\/p>\n\n\t\t<\/div>\n\t<\/div>\n<div class=\"vc_empty_space\"   style=\"height: 32px\"><span class=\"vc_empty_space_inner\"><\/span><\/div><\/div><\/div><\/div><\/div>","protected":false},"excerpt":{"rendered":"<p><strong>\u0644\u0637\u0641\u0627 \u062a\u0627\u0631\u06cc\u062e \u062a\u0648\u0631 \u0631\u0627 \u0627\u0646\u062a\u062e\u0627\u0628 \u06a9\u0646\u06cc\u062f\u00a0<\/strong><\/p>","protected":false},"featured_media":104,"template":"","meta":[],"product_brand":[],"product_cat":[119,96,144,98,135,121,99,122,443,123,124],"product_tag":[126,127,128,145,132,133,146,147,148,143],"class_list":{"0":"post-551","1":"product","2":"type-product","3":"status-publish","4":"has-post-thumbnail","6":"product_cat-caves","7":"product_cat-hiking","8":"product_cat-kayaking","9":"product_cat-local-tour-guides","10":"product_cat-lunch","11":"product_cat-mangroves","12":"product_cat-swimming-natural-springs","13":"product_cat-tours-and-excursions","14":"product_cat-tours-y-excursiones-es","15":"product_cat-tours-excursions-los-haitises-national-park","16":"product_cat-tours-excursions-samana-bay-dominican-republic","17":"product_tag-cano-hondo","18":"product_tag-cano-hondo-hotel","19":"product_tag-cano-hondo-tours","20":"product_tag-day-tour-cano-hondo","21":"product_tag-los-haitises","22":"product_tag-los-haitises-national-park","23":"product_tag-mangroves-los-haitises","24":"product_tag-samana-bay","25":"product_tag-samana-excursions","26":"product_tag-samana-tours","28":"first","29":"instock","30":"sale","31":"sold-individually","32":"shipping-taxable","33":"product-type-external"},"_links":{"self":[{"href":"https:\/\/visitaloshaitises.com\/fa\/wp-json\/wp\/v2\/product\/551","targetHints":{"allow":["GET"]}}],"collection":[{"href":"https:\/\/visitaloshaitises.com\/fa\/wp-json\/wp\/v2\/product"}],"about":[{"href":"https:\/\/visitaloshaitises.com\/fa\/wp-json\/wp\/v2\/types\/product"}],"wp:featuredmedia":[{"embeddable":true,"href":"https:\/\/visitaloshaitises.com\/fa\/wp-json\/wp\/v2\/media\/104"}],"wp:attachment":[{"href":"https:\/\/visitaloshaitises.com\/fa\/wp-json\/wp\/v2\/media?parent=551"}],"wp:term":[{"taxonomy":"product_brand","embeddable":true,"href":"https:\/\/visitaloshaitises.com\/fa\/wp-json\/wp\/v2\/product_brand?post=551"},{"taxonomy":"product_cat","embeddable":true,"href":"https:\/\/visitaloshaitises.com\/fa\/wp-json\/wp\/v2\/product_cat?post=551"},{"taxonomy":"product_tag","embeddable":true,"href":"https:\/\/visitaloshaitises.com\/fa\/wp-json\/wp\/v2\/product_tag?post=551"}],"curies":[{"name":"wp","href":"https:\/\/api.w.org\/{rel}","templated":true}]}}