{"id":49,"date":"2020-06-14T11:56:47","date_gmt":"2020-06-14T11:56:47","guid":{"rendered":"https:\/\/haitises.com\/product\/import-placeholder-for-8857\/"},"modified":"2024-04-23T16:38:14","modified_gmt":"2024-04-23T16:38:14","slug":"los-haitises-national-park-tour-from-samana-port-bacardi-island-cayo-levantado","status":"publish","type":"product","link":"https:\/\/visitaloshaitises.com\/fa\/private\/los-haitises-national-park-tour-from-samana-port-bacardi-island-cayo-levantado\/","title":{"rendered":"\u062a\u0648\u0631 \u067e\u0627\u0631\u06a9 \u0645\u0644\u06cc \u0644\u0633 \u0647\u0627\u06cc\u062a\u06cc\u0633 \u0627\u0632 \u0628\u0646\u062f\u0631 \u0633\u0627\u0645\u0627\u0646\u0627 + \u062c\u0632\u06cc\u0631\u0647 \u0628\u0627\u06a9\u0627\u0631\u062f\u06cc (\u06a9\u0627\u06cc\u0648 \u0644\u0648\u0627\u0646\u062a\u0627\u062f\u0648)"},"content":{"rendered":"<div class=\"vc_row wpb_row vc_row-fluid\" ><div class=\"wpb_column vc_column_container vc_col-sm-12\"><div class=\"vc_column-inner\"><div class=\"wpb_wrapper\"><div class=\"mkdf-section-title-holder\" style=\"text-align: left\">\n\t<div class=\"mkdf-st-inner\">\n\t\t\t\t\t<h5 class=\"mkdf-st-subtitle\" >\n\t\t\t\tEco Tours with Locals\t\t\t<\/h5>\n\t\t\t\t\t\t\t<h3 class=\"mkdf-st-title\" >\n\t\t\t\tLos Haitises National Park Boat Tour + Cayo Levantado Island\t\t\t<\/h3>\n\t\t\t\t\t<\/div>\n<\/div><\/div><\/div><\/div><\/div><div class=\"vc_row wpb_row vc_row-fluid\" ><div class=\"wpb_column vc_column_container vc_col-sm-12\"><div class=\"vc_column-inner\"><div class=\"wpb_wrapper\">\n\t<div class=\"wpb_text_column wpb_content_element\" >\n\t\t<div class=\"wpb_wrapper\">\n\t\t\t<h4><\/h4>\n<h2>\u062a\u0648\u0631 \u067e\u0627\u0631\u06a9 \u0645\u0644\u06cc \u0644\u0633 \u0647\u0627\u06cc\u062a\u06cc\u0633 \u0627\u0632 \u0628\u0646\u062f\u0631 \u0633\u0627\u0645\u0627\u0646\u0627 + \u062c\u0632\u06cc\u0631\u0647 \u0628\u0627\u06a9\u0627\u0631\u062f\u06cc (\u06a9\u0627\u06cc\u0648 \u0644\u0648\u0627\u0646\u062a\u0627\u062f\u0648)<\/h2>\n<h4><b><i>\u0628\u0631\u0631\u0633\u06cc \u0627\u062c\u0645\u0627\u0644\u06cc <\/i><\/b><\/h4>\n<p>Los Haitises National park starting from Saman\u00e1 Port plus Lunch at Bacardi Island.\u00a0 Come with us and visit the most beautiful national park of the Dominican Republic, Visiting Mangroves, Caves and San Lorenzo Bay plus crossing the gorgeous Saman\u00e1 bay. Then Back to Saman\u00e1 area to Visit Bacardi island, have lunch at the beach and Swimming in one of the most pretty beaches in Saman\u00e1 Bay.<\/p>\n<p>\u067e\u0633 \u0627\u0632 \u0627\u06cc\u0646 \u062a\u062c\u0631\u0628\u0647\u060c \u0628\u0647 \u0628\u0646\u062f\u0631 \u0633\u0627\u0645\u0627\u0646\u0627 \u0628\u0627\u0632 \u062e\u0648\u0627\u0647\u06cc\u062f \u06af\u0634\u062a.<\/p>\n<ul>\n<li style=\"font-weight: 400;\">\u0647\u0632\u06cc\u0646\u0647 \u0647\u0627 \u06af\u0646\u062c\u0627\u0646\u062f\u0647 \u0634\u062f\u0647 \u0627\u0633\u062a<\/li>\n<li>Lunch at Bacardi island included<\/li>\n<li style=\"font-weight: 400;\"><span style=\"font-weight: 400;\">\u0631\u0627\u0647\u0646\u0645\u0627 \u062f\u0633\u062a\u0648\u0631\u0627\u0644\u0639\u0645\u0644 \u0648 \u0646\u0638\u0627\u0631\u062a \u0631\u0627 \u0627\u0631\u0627\u0626\u0647 \u0645\u06cc \u062f\u0647\u062f<\/span><\/li>\n<\/ul>\n<p>&nbsp;<\/p>\n<h4><b>\u0634\u0645\u0648\u0644 \u0648 \u0627\u0633\u062a\u062b\u0646\u0627\u0621<\/b><\/h4>\n<p><b>\u0634\u0627\u0645\u0644 \u0647\u0627<\/b><\/p>\n<ol>\n<li style=\"font-weight: 400;\">\u062a\u0648\u0631 \u0644\u0633 \u0647\u0627\u06cc\u062a\u06cc\u0633 + \u063a\u0627\u0631\u0647\u0627 \u0648 \u062a\u0635\u0627\u0648\u06cc\u0631<\/li>\n<li>Lunch at Cayo Levantado ( Bacardi Island) if you will like similar tour: Los Haitises + Ca\u00f1o Hondo<\/li>\n<li style=\"font-weight: 400;\"><span style=\"font-weight: 400;\">\u06a9\u0644\u06cc\u0647 \u0645\u0627\u0644\u06cc\u0627\u062a \u0647\u0627\u060c \u0647\u0632\u06cc\u0646\u0647 \u0647\u0627 \u0648 \u0647\u0632\u06cc\u0646\u0647 \u0647\u0627\u06cc \u062d\u0645\u0644 \u0648 \u0646\u0642\u0644<\/span><\/li>\n<li style=\"font-weight: 400;\"><span style=\"font-weight: 400;\">\u0645\u0627\u0644\u06cc\u0627\u062a \u0647\u0627\u06cc \u0645\u062d\u0644\u06cc<\/span><\/li>\n<li style=\"font-weight: 400;\"><span style=\"font-weight: 400;\">\u0646\u0648\u0634\u06cc\u062f\u0646\u06cc \u0647\u0627<\/span><\/li>\n<li style=\"font-weight: 400;\"><span style=\"font-weight: 400;\">\u062a\u0645\u0627\u0645\u06cc \u0641\u0639\u0627\u0644\u06cc\u062a \u0647\u0627<\/span><\/li>\n<li style=\"font-weight: 400;\"><span style=\"font-weight: 400;\">\u0631\u0627\u0647\u0646\u0645\u0627\u06cc \u0645\u062d\u0644\u06cc<\/span><\/li>\n<\/ol>\n<p><b> \u0645\u062d\u0631\u0648\u0645\u06cc\u062a \u0647\u0627<\/b><\/p>\n<ol>\n<li style=\"font-weight: 400;\"><span style=\"font-weight: 400;\">\u0627\u0646\u0639\u0627\u0645<\/span><\/li>\n<li style=\"font-weight: 400;\"><span style=\"font-weight: 400;\">\u0627\u0646\u062a\u0642\u0627\u0644<\/span><\/li>\n<li style=\"font-weight: 400;\"><span style=\"font-weight: 400;\">\u0645\u0634\u0631\u0648\u0628\u0627\u062a \u0627\u0644\u06a9\u0644\u06cc<\/span><\/li>\n<\/ol>\n<p>&nbsp;<\/p>\n<h4><em><strong>\u062e\u0631\u0648\u062c \u0648 \u0628\u0627\u0632\u06af\u0634\u062a<\/strong><\/em><\/h4>\n<p><span style=\"font-weight: 400;\">\u067e\u0633 \u0627\u0632 \u0641\u0631\u0622\u06cc\u0646\u062f \u0631\u0632\u0631\u0648\u060c \u0645\u0633\u0627\u0641\u0631 \u06cc\u06a9 \u0646\u0642\u0637\u0647 \u0645\u0644\u0627\u0642\u0627\u062a \u062f\u0631\u06cc\u0627\u0641\u062a \u062e\u0648\u0627\u0647\u062f \u06a9\u0631\u062f. \u0634\u0631\u0648\u0639 \u0648 \u067e\u0627\u06cc\u0627\u0646 \u062a\u0648\u0631\u0647\u0627 \u062f\u0631 \u0646\u0642\u0627\u0637 \u0645\u0644\u0627\u0642\u0627\u062a \u0645\u0627.<\/span><\/p>\n<p>&nbsp;<\/p>\n<h2>Los Haitises National Park Tour from Saman\u00e1 Port mas Bacardi Island (Cayo Levantado)<\/h2>\n<h4><b><i>\u0686\u0647 \u0627\u0646\u062a\u0638\u0627\u0631\u06cc \u062f\u0627\u0634\u062a\u0647 \u0628\u0627\u0634\u06cc\u0645\u061f<\/i><\/b><\/h4>\n<p><b><i>V<\/i><\/b>isiting<strong> \u067e\u0627\u0631\u06a9 \u0645\u0644\u06cc \u0644\u0633 \u0647\u0627\u06cc\u062a\u06cc\u0633<\/strong> with a wonderful lunch at<strong> Cayo Levantado island<\/strong> and Swimming at the beach. Starting <strong>from Saman\u00e1 port<\/strong> onboard of a Boat or Catamaran with a Local tour guide we pass Saman\u00e1 bay to Sabana de la Mar side to Visit one of the most beautiful national parks of the Dominican Republic. <em><strong>\u067e\u0627\u0631\u06a9 \u0645\u0644\u06cc Haitises<\/strong><\/em>.<\/p>\n<p>The tour, organized by \u00abBooking Adventures\u00bb starts at the meeting point set with the Tour Guide. Come with Booking Adventures and start checking some bird-filled mangroves, rolling hills of lush vegetation and caves of <em><strong>\u067e\u0627\u0631\u06a9 \u0645\u0644\u06cc \u0644\u0633 \u0647\u0627\u06cc\u062a\u06cc\u0633<\/strong><\/em>. \u0628\u0627\u0632\u062f\u06cc\u062f \u0627\u0632 \u062c\u0632\u06cc\u0631\u0647 \u0628\u0627 \u067e\u0631\u0646\u062f\u06af\u0627\u0646 \u062f\u0631 \u0627\u0637\u0631\u0627\u0641. \u062f\u0631 \u0641\u0635\u0644 \u0644\u0627\u0646\u0647 \u0633\u0627\u0632\u06cc\u060c \u0645\u0627 \u062d\u062a\u06cc \u0645\u06cc \u062a\u0648\u0627\u0646\u06cc\u0645 \u062c\u0648\u062c\u0647 \u0647\u0627\u06cc Pelecanos \u0631\u0627 \u0631\u0648\u06cc \u0644\u0627\u0646\u0647 \u0647\u0627 \u0628\u0628\u06cc\u0646\u06cc\u0645. \u0648\u0631\u0648\u062f \u0628\u06cc\u0634\u062a\u0631 \u0628\u0647 \u062c\u0632\u0627\u06cc\u0631 \u0631\u0627\u06a9\u06cc \u0648 \u0628\u0627\u0632\u062f\u06cc\u062f \u0627\u0632 \u063a\u0627\u0631\u0647\u0627 \u0628\u0627 \u062a\u0635\u0627\u0648\u06cc\u0631 \u0648 \u0633\u0646\u06af \u0646\u06af\u0627\u0631\u0647 \u0647\u0627\u06cc \u0645\u0631\u062f\u0645 \u0628\u0648\u0645\u06cc.<\/p>\n<p>Through the mangroves and Land at the open San Lorenzo Bay, from where you can photograph the rugged forest landscape. Look to the water to spot <em><strong>\u06af\u0627\u0648 \u062f\u0631\u06cc\u0627\u06cc\u06cc<\/strong><\/em>\u0633\u062e\u062a \u067e\u0648\u0633\u062a\u0627\u0646 \u0648 <em><strong>\u062f\u0644\u0641\u06cc\u0646 \u0647\u0627<\/strong><\/em><\/p>\n<div class=\"body-description secondary\">\n<p>\u0646\u0627\u0645 \u067e\u0627\u0631\u06a9 \u0645\u0644\u06cc \u0627\u0632 \u0633\u0627\u06a9\u0646\u0627\u0646 \u0627\u0635\u0644\u06cc \u0622\u0646\u060c \u0633\u0631\u062e\u067e\u0648\u0633\u062a\u0627\u0646 \u062a\u0627\u06cc\u0646\u0648 \u06af\u0631\u0641\u062a\u0647 \u0634\u062f\u0647 \u0627\u0633\u062a. \u062f\u0631 \u0632\u0628\u0627\u0646 \u0622\u0646\u0647\u0627 &quot;Haitises&quot; \u0628\u0647 \u0627\u0631\u062a\u0641\u0627\u0639\u0627\u062a \u06cc\u0627 \u062a\u067e\u0647 \u0647\u0627 \u062a\u0631\u062c\u0645\u0647 \u0645\u06cc \u0634\u0648\u062f\u060c \u06a9\u0647 \u0627\u0634\u0627\u0631\u0647 \u0627\u06cc \u0628\u0647 \u062a\u0634\u06a9\u06cc\u0644\u0627\u062a \u0632\u0645\u06cc\u0646 \u0634\u0646\u0627\u0633\u06cc \u0634\u06cc\u0628 \u062f\u0627\u0631 \u062e\u0637 \u0633\u0627\u062d\u0644\u06cc \u0628\u0627 \u0633\u0646\u06af \u0647\u0627\u06cc \u0622\u0647\u06a9\u06cc \u0627\u0633\u062a. \u062f\u0631 \u0627\u0639\u0645\u0627\u0642 \u067e\u0627\u0631\u06a9 \u0645\u0627\u062c\u0631\u0627\u062c\u0648\u06cc\u06cc \u06a9\u0646\u06cc\u062f \u062a\u0627 \u063a\u0627\u0631\u0647\u0627\u06cc\u06cc \u0645\u0627\u0646\u0646\u062f \u063a\u0627\u0631\u0647\u0627 \u0631\u0627 \u06a9\u0634\u0641 \u06a9\u0646\u06cc\u062f <em><strong>\u063a\u0627\u0631 \u0634\u0646\u06cc<\/strong><\/em> \u0648 <strong><em>\u063a\u0627\u0631 \u062e\u0637.<\/em><\/strong><\/p>\n<p>Caves in the reserve were used as shelter by the Taino Indians and, later, by hiding pirates. Look for drawings by Indians that decorate some of the walls. After visiting Los Haitises National Park we will go back to Saman\u00e1 port passing Saman\u00e1 bay 30 min and visiting Bacardi island. We will have a typical lunch on the island. If you are vegan no worries we also have food for you!<\/p>\n<p>After swimming full afternoon and chilling on the beach our tour guide will set time to go back to Saman\u00e1 port.<\/p>\n<\/div>\n<p>\u062f\u0631 \u0635\u0648\u0631\u062a\u06cc \u06a9\u0647 \u0627\u06cc\u0646 \u0633\u0641\u0631 \u0631\u0627 \u0637\u0648\u0644\u0627\u0646\u06cc\u200c\u062a\u0631 \u06cc\u0627 \u06a9\u0648\u062a\u0627\u0647\u200c\u062a\u0631 \u062f\u0648\u0633\u062a \u062f\u0627\u0634\u062a\u0647 \u0628\u0627\u0634\u06cc\u062f\u060c \u0627\u06cc\u0646 \u06af\u0632\u06cc\u0646\u0647\u200c\u0647\u0627 \u0631\u0627 \u062f\u0627\u0631\u06cc\u0645:<\/p>\n<ol>\n<li>\u0641\u0642\u0637 Los Haitises \u0627\u0632 \u0628\u0646\u062f\u0631 \u0633\u0627\u0645\u0627\u0646\u0627.<\/li>\n<li>Los Haitises + Ca\u00f1o Hondo \u0627\u0632 \u0628\u0646\u062f\u0631 \u0633\u0627\u0645\u0627\u0646\u0627.<\/li>\n<\/ol>\n<p>&nbsp;<\/p>\n<h4><em><strong>\u0686\u0647 \u0686\u06cc\u0632\u06cc \u0628\u0627\u06cc\u062f \u0628\u06cc\u0627\u0648\u0631\u06cc\u062f\u061f<\/strong><\/em><\/h4>\n<ul>\n<li style=\"font-weight: 400;\"><span style=\"font-weight: 400;\">\u062f\u0648\u0631\u0628\u06cc\u0646<\/span><\/li>\n<li style=\"font-weight: 400;\"><span style=\"font-weight: 400;\">\u062c\u0648\u0627\u0646\u0647 \u0647\u0627\u06cc \u062f\u0627\u0641\u0639<\/span><\/li>\n<li style=\"font-weight: 400;\"><span style=\"font-weight: 400;\">\u06a9\u0631\u0645 \u0636\u062f \u0622\u0641\u062a\u0627\u0628<\/span><\/li>\n<li style=\"font-weight: 400;\"><span style=\"font-weight: 400;\">\u06a9\u0644\u0627\u0647<\/span><\/li>\n<li style=\"font-weight: 400;\"><span style=\"font-weight: 400;\">\u0634\u0644\u0648\u0627\u0631 \u0631\u0627\u062d\u062a\u06cc<\/span><\/li>\n<li style=\"font-weight: 400;\"><span style=\"font-weight: 400;\">\u06a9\u0641\u0634 \u067e\u06cc\u0627\u062f\u0647 \u0631\u0648\u06cc \u0628\u0631\u0627\u06cc \u062c\u0646\u06af\u0644<\/span><\/li>\n<li style=\"font-weight: 400;\"><span style=\"font-weight: 400;\">\u0635\u0646\u062f\u0644 \u0628\u0647 \u0645\u0646\u0627\u0637\u0642 \u0628\u0647\u0627\u0631.<\/span><\/li>\n<li style=\"font-weight: 400;\"><span style=\"font-weight: 400;\">\u0644\u0628\u0627\u0633 \u0634\u0646\u0627<\/span><\/li>\n<\/ul>\n<p>&nbsp;<\/p>\n<h4><b><i>\u0648\u0627\u0646\u062a \u0647\u062a\u0644 <\/i><\/b><\/h4>\n<p><span style=\"font-weight: 400;\">\u062a\u062d\u0648\u06cc\u0644 \u0647\u062a\u0644 \u0628\u0631\u0627\u06cc \u0627\u06cc\u0646 \u062a\u0648\u0631 \u0627\u0631\u0627\u0626\u0647 \u0646\u0645\u06cc \u0634\u0648\u062f. <\/span><\/p>\n<p>&nbsp;<\/p>\n<p><b>\u062a\u0648\u062c\u0647 \u062f\u0627\u0634\u062a\u0647 \u0628\u0627\u0634\u06cc\u062f:<\/b><span style=\"font-weight: 400;\"> \u0627\u06af\u0631 \u0638\u0631\u0641 24 \u0633\u0627\u0639\u062a \u067e\u0633 \u0627\u0632 \u0632\u0645\u0627\u0646 \u062d\u0631\u06a9\u062a \u062a\u0648\u0631\/\u06af\u0634\u062a \u0631\u0632\u0631\u0648 \u0634\u062f\u0647 \u0627\u06cc\u062f\u060c \u0645\u06cc \u062a\u0648\u0627\u0646\u06cc\u0645 \u0628\u0627 \u0647\u0632\u06cc\u0646\u0647 \u0647\u0627\u06cc \u0627\u0636\u0627\u0641\u06cc\u060c \u062a\u062d\u0648\u06cc\u0644 \u0647\u062a\u0644 \u0631\u0627 \u062a\u0631\u062a\u06cc\u0628 \u062f\u0647\u06cc\u0645. \u0647\u0646\u06af\u0627\u0645\u06cc \u06a9\u0647 \u062e\u0631\u06cc\u062f \u0634\u0645\u0627 \u06a9\u0627\u0645\u0644 \u0634\u062f\u060c \u0627\u0637\u0644\u0627\u0639\u0627\u062a \u062a\u0645\u0627\u0633 \u06a9\u0627\u0645\u0644 (\u0634\u0645\u0627\u0631\u0647 \u062a\u0644\u0641\u0646\u060c \u0622\u062f\u0631\u0633 \u0627\u06cc\u0645\u06cc\u0644 \u0648 \u063a\u06cc\u0631\u0647) \u0631\u0627 \u0628\u0631\u0627\u06cc \u0631\u0627\u0647\u0646\u0645\u0627\u06cc \u062a\u0648\u0631 \u0645\u062d\u0644\u06cc \u062e\u0648\u062f \u0628\u0631\u0627\u06cc \u0633\u0627\u0632\u0645\u0627\u0646\u062f\u0647\u06cc \u062a\u0631\u062a\u06cc\u0628\u0627\u062a \u062a\u062d\u0648\u06cc\u0644 \u0628\u0631\u0627\u06cc \u0634\u0645\u0627 \u0627\u0631\u0633\u0627\u0644 \u0645\u06cc \u06a9\u0646\u06cc\u0645.<\/span><\/p>\n<h4><b><i>\u062a\u0627\u06cc\u06cc\u062f \u0627\u0637\u0644\u0627\u0639\u0627\u062a \u0627\u0636\u0627\u0641\u06cc <\/i><\/b><\/h4>\n<ol>\n<li>\u0628\u0644\u06cc\u0637 \u0647\u0627 \u067e\u0633 \u0627\u0632 \u067e\u0631\u062f\u0627\u062e\u062a \u0627\u06cc\u0646 \u062a\u0648\u0631 \u062f\u0631\u06cc\u0627\u0641\u062a \u0645\u06cc \u0634\u0648\u062f. \u0645\u06cc \u062a\u0648\u0627\u0646\u06cc\u062f \u067e\u0631\u062f\u0627\u062e\u062a \u0631\u0627 \u062f\u0631 \u06af\u0648\u0634\u06cc \u062e\u0648\u062f \u0646\u0634\u0627\u0646 \u062f\u0647\u06cc\u062f.<\/li>\n<li style=\"font-weight: 400;\"><span style=\"font-weight: 400;\">\u0646\u0642\u0637\u0647 \u062c\u0644\u0633\u0647 \u067e\u0633 \u0627\u0632 \u0641\u0631\u0622\u06cc\u0646\u062f \u0631\u0632\u0631\u0648 \u062f\u0631\u06cc\u0627\u0641\u062a \u0645\u06cc \u0634\u0648\u062f.<\/span><\/li>\n<li style=\"font-weight: 400;\"><span style=\"font-weight: 400;\">\u06a9\u0648\u062f\u06a9\u0627\u0646 \u0628\u0627\u06cc\u062f \u0628\u0627 \u06cc\u06a9 \u0628\u0632\u0631\u06af\u0633\u0627\u0644 \u0647\u0645\u0631\u0627\u0647 \u0628\u0627\u0634\u0646\u062f.<\/span><\/li>\n<li style=\"font-weight: 400;\"><span style=\"font-weight: 400;\"> \u0648\u06cc\u0644\u0686\u0631 \u0642\u0627\u0628\u0644 \u062f\u0633\u062a\u0631\u0633\u06cc \u0646\u06cc\u0633\u062a <\/span><\/li>\n<li style=\"font-weight: 400;\"><span style=\"font-weight: 400;\">\u0646\u0648\u0632\u0627\u062f\u0627\u0646 \u0628\u0627\u06cc\u062f \u0631\u0648\u06cc \u067e\u0627\u0647\u0627\u06cc \u062e\u0648\u062f \u0628\u0646\u0634\u06cc\u0646\u0646\u062f <\/span><\/li>\n<li style=\"font-weight: 400;\"><span style=\"font-weight: 400;\">\u0628\u0631\u0627\u06cc \u0645\u0633\u0627\u0641\u0631\u0627\u0646\u06cc \u06a9\u0647 \u0645\u0634\u06a9\u0644\u0627\u062a \u06a9\u0645\u0631 \u062f\u0627\u0631\u0646\u062f \u062a\u0648\u0635\u06cc\u0647 \u0646\u0645\u06cc \u0634\u0648\u062f<\/span><\/li>\n<li style=\"font-weight: 400;\"><span style=\"font-weight: 400;\">\u0628\u0631\u0627\u06cc \u0645\u0633\u0627\u0641\u0631\u0627\u0646 \u0628\u0627\u0631\u062f\u0627\u0631 \u062a\u0648\u0635\u06cc\u0647 \u0646\u0645\u06cc \u0634\u0648\u062f <\/span><\/li>\n<li style=\"font-weight: 400;\"><span style=\"font-weight: 400;\"> \u0628\u062f\u0648\u0646 \u0645\u0634\u06a9\u0644 \u0642\u0644\u0628\u06cc \u06cc\u0627 \u0633\u0627\u06cc\u0631 \u0634\u0631\u0627\u06cc\u0637 \u067e\u0632\u0634\u06a9\u06cc \u062c\u062f\u06cc <\/span><\/li>\n<li style=\"font-weight: 400;\"><span style=\"font-weight: 400;\">\u0627\u06a9\u062b\u0631 \u0645\u0633\u0627\u0641\u0631\u0627\u0646 \u0645\u06cc \u062a\u0648\u0627\u0646\u0646\u062f \u0634\u0631\u06a9\u062a \u06a9\u0646\u0646\u062f<\/span><\/li>\n<\/ol>\n<h4><b><i>\u0633\u06cc\u0627\u0633\u062a \u0644\u063a\u0648<\/i><\/b><\/h4>\n<p><span style=\"font-weight: 400;\">\u0628\u0631\u0627\u06cc \u0628\u0627\u0632\u067e\u0631\u062f\u0627\u062e\u062a \u06a9\u0627\u0645\u0644\u060c \u062d\u062f\u0627\u0642\u0644 24 \u0633\u0627\u0639\u062a \u0642\u0628\u0644 \u0627\u0632 \u062a\u0627\u0631\u06cc\u062e \u0634\u0631\u0648\u0639 \u062a\u062c\u0631\u0628\u0647 \u0631\u0627 \u0644\u063a\u0648 \u06a9\u0646\u06cc\u062f. \u062f\u0631 \u0635\u0648\u0631\u062a \u0644\u063a\u0648 \u0631\u0632\u0631\u0648 \u062f\u0631 \u0647\u0645\u0627\u0646 \u0631\u0648\u0632 \u0633\u0641\u0631\u060c \u0648\u062c\u0648\u0647 \u0627\u0632 \u0628\u06cc\u0646 \u062e\u0648\u0627\u0647\u062f \u0631\u0641\u062a.<\/span><\/p>\n\n\t\t<\/div>\n\t<\/div>\n<\/div><\/div><\/div><\/div><div class=\"vc_row wpb_row vc_row-fluid\" ><div class=\"wpb_column vc_column_container vc_col-sm-12\"><div class=\"vc_column-inner\"><div class=\"wpb_wrapper\"><div class=\"vc_empty_space\"   style=\"height: 32px\"><span class=\"vc_empty_space_inner\"><\/span><\/div>\n\t<div class=\"wpb_text_column wpb_content_element\" >\n\t\t<div class=\"wpb_wrapper\">\n\t\t\t<h4>\u0628\u0627 \u0645\u0627 \u062a\u0645\u0627\u0633 \u0628\u06af\u06cc\u0631\u06cc\u062f\u061f<\/h4>\n<h5>\u0631\u0632\u0631\u0648 \u0645\u0627\u062c\u0631\u0627\u0647\u0627\u06cc<\/h5>\n<p><em><strong>\u0645\u062d\u0644\u06cc \u0647\u0627<\/strong>\u00a0\u0648\u00a0<strong>\u0645\u0644\u06cc \u067e\u0648\u0634\u0627\u0646<\/strong>\u00a0\u0631\u0627\u0647\u0646\u0645\u0627\u06cc\u0627\u0646 \u062a\u0648\u0631 \u0648 \u062e\u062f\u0645\u0627\u062a \u0645\u0647\u0645\u0627\u0646<\/em><\/p>\n<p><span class=\"text-turquoise\">\u0631\u0632\u0631\u0648\u0627\u0633\u06cc\u0648\u0646:<\/span>\u00a0\u062a\u0648\u0631 \u0648 \u06af\u0634\u062a \u0648 \u06af\u0630\u0627\u0631 \u062f\u0631 Dom. Rep.<\/p>\n<p><img decoding=\"async\" class=\"emoji\" draggable=\"false\" src=\"https:\/\/s.w.org\/images\/core\/emoji\/11.2.0\/svg\/1f4de.svg\" alt=\"\ud83d\udcde\" \/>\u00a0\u062a\u0644\u0641\u0646\/\u0648\u0627\u062a\u0633\u0627\u067e\u00a0\u00a0<a href=\"tel:+1-809-720-6035\">+1-809-720-6035<\/a>.<\/p>\n<p><img decoding=\"async\" class=\"emoji\" draggable=\"false\" src=\"https:\/\/s.w.org\/images\/core\/emoji\/11.2.0\/svg\/1f4e9.svg\" alt=\"\ud83d\udce9\" \/>\u00a0<a href=\"mailto:info@bookingadventures.com.do\">info@bookingadventures.com.do<\/a><\/p>\n<p><strong>\u0645\u0627 \u062a\u0648\u0631\u0647\u0627\u06cc \u062e\u0635\u0648\u0635\u06cc \u0631\u0627 \u062a\u0648\u0633\u0637 Whatsapp \u062a\u0646\u0638\u06cc\u0645 \u0645\u06cc \u06a9\u0646\u06cc\u0645:\u00a0<a href=\"tel:+18097206035\">+18097206035.<\/a><\/strong><\/p>\n\n\t\t<\/div>\n\t<\/div>\n<div class=\"vc_empty_space\"   style=\"height: 32px\"><span class=\"vc_empty_space_inner\"><\/span><\/div><\/div><\/div><\/div><\/div>","protected":false},"excerpt":{"rendered":"<p>Excursions a Los haitises y Cayo levantado, Ecological Trip to Los Haitises National Park with a Local Tour guide. Visiting the Cays in Los Haitises National Park, Mangroves, Vegetation, Birding, Caves, Pictographs and the historical areas of Sabana de la Mar in Los Haitises National Park. After Los Haitises we have Lunch at Bacardi Island Beach. Book now Los Haitises National Park Tour from Saman\u00e1 Port + Bacardi Island (Cayo Levantado) with us.<\/p>\n<p>&nbsp;<\/p>\n<p><strong>Please Select the date for The Tour :<\/strong><\/p>","protected":false},"featured_media":232,"template":"","meta":[],"product_brand":[],"product_cat":[123,124],"product_tag":[137,205,180,125,206,139,163,129,207,208,132,209,210,211,212,133,213,214,215,216,217,218,190,219,114,142,148,143,220],"class_list":{"0":"post-49","1":"product","2":"type-product","3":"status-publish","4":"has-post-thumbnail","6":"product_cat-tours-excursions-los-haitises-national-park","7":"product_cat-tours-excursions-samana-bay-dominican-republic","8":"product_tag-bacardi-island","9":"product_tag-bacardi-island-tours","10":"product_tag-birdwatching","11":"product_tag-boat-tour","12":"product_tag-caves-los-haitises","13":"product_tag-cayo-levantado","14":"product_tag-cayo-levantado-tour","15":"product_tag-eco-tours","16":"product_tag-excursiones-a-los-haitises-y-cayo-levantado","17":"product_tag-haitises-park-and-cayo-levantado-island","18":"product_tag-los-haitises","19":"product_tag-los-haitises-excursiones","20":"product_tag-los-haitises-excursions","21":"product_tag-los-haitises-mapa","22":"product_tag-los-haitises-mas-cayo-levantado","23":"product_tag-los-haitises-national-park","24":"product_tag-los-haitises-national-park-map","25":"product_tag-los-haitises-national-park-mas-cayo-levantado","26":"product_tag-los-haitises-national-park-tour-from-las-terrenas","27":"product_tag-los-haitises-national-park-tour-from-samana-port-bacardi-island-cayo-levantado","28":"product_tag-los-haitises-national-park-tour-from-santo-domingo","29":"product_tag-los-haitises-park-tour-cayo-levantado-island","30":"product_tag-los-haitises-samana","31":"product_tag-los-haitises-y-cayo-levantado","32":"product_tag-sabana-de-la-mar","33":"product_tag-samana","34":"product_tag-samana-excursions","35":"product_tag-samana-tours","36":"product_tag-tour-los-haitises-national-park-cayo-levantado","38":"first","39":"instock","40":"sale","41":"sold-individually","42":"shipping-taxable","43":"product-type-external"},"_links":{"self":[{"href":"https:\/\/visitaloshaitises.com\/fa\/wp-json\/wp\/v2\/product\/49","targetHints":{"allow":["GET"]}}],"collection":[{"href":"https:\/\/visitaloshaitises.com\/fa\/wp-json\/wp\/v2\/product"}],"about":[{"href":"https:\/\/visitaloshaitises.com\/fa\/wp-json\/wp\/v2\/types\/product"}],"wp:featuredmedia":[{"embeddable":true,"href":"https:\/\/visitaloshaitises.com\/fa\/wp-json\/wp\/v2\/media\/232"}],"wp:attachment":[{"href":"https:\/\/visitaloshaitises.com\/fa\/wp-json\/wp\/v2\/media?parent=49"}],"wp:term":[{"taxonomy":"product_brand","embeddable":true,"href":"https:\/\/visitaloshaitises.com\/fa\/wp-json\/wp\/v2\/product_brand?post=49"},{"taxonomy":"product_cat","embeddable":true,"href":"https:\/\/visitaloshaitises.com\/fa\/wp-json\/wp\/v2\/product_cat?post=49"},{"taxonomy":"product_tag","embeddable":true,"href":"https:\/\/visitaloshaitises.com\/fa\/wp-json\/wp\/v2\/product_tag?post=49"}],"curies":[{"name":"wp","href":"https:\/\/api.w.org\/{rel}","templated":true}]}}