{"id":38,"date":"2020-06-14T11:56:46","date_gmt":"2020-06-14T11:56:46","guid":{"rendered":"https:\/\/haitises.com\/product\/import-placeholder-for-8264\/"},"modified":"2024-04-24T18:43:27","modified_gmt":"2024-04-24T18:43:27","slug":"el-limon-waterfalls-tour-horse-riding-swimming-lunch","status":"publish","type":"product","link":"https:\/\/visitaloshaitises.com\/fa\/private\/el-limon-waterfalls-tour-horse-riding-swimming-lunch\/","title":{"rendered":"\u062a\u0648\u0631 \u0622\u0628\u0634\u0627\u0631\u0647\u0627\u06cc \u0627\u0644 \u0644\u06cc\u0645\u0648\u0646 (\u0627\u0633\u0628 \u0633\u0648\u0627\u0631\u06cc \u0648 \u0634\u0646\u0627) + \u0646\u0627\u0647\u0627\u0631"},"content":{"rendered":"<div class=\"vc_row wpb_row vc_row-fluid\" ><div class=\"wpb_column vc_column_container vc_col-sm-12\"><div class=\"vc_column-inner\"><div class=\"wpb_wrapper\"><div class=\"mkdf-section-title-holder\" style=\"text-align: left\">\n\t<div class=\"mkdf-st-inner\">\n\t\t\t\t\t<h5 class=\"mkdf-st-subtitle\" >\n\t\t\t\tNormal trip but Private\t\t\t<\/h5>\n\t\t\t\t\t\t\t<h3 class=\"mkdf-st-title\" >\n\t\t\t\tEl Lim\u00f3n waterfalls Tour (horse riding &amp; swimming) + lunch\t\t\t<\/h3>\n\t\t\t\t\t<\/div>\n<\/div><\/div><\/div><\/div><\/div><div class=\"vc_row wpb_row vc_row-fluid\" ><div class=\"wpb_column vc_column_container vc_col-sm-12\"><div class=\"vc_column-inner\"><div class=\"wpb_wrapper\">\n\t<div class=\"wpb_text_column wpb_content_element\" >\n\t\t<div class=\"wpb_wrapper\">\n\t\t\t<h4><b><i>\u0628\u0631\u0631\u0633\u06cc \u0627\u062c\u0645\u0627\u0644\u06cc <\/i><\/b><\/h4>\n<p>\u0627\u06cc\u0646 \u06cc\u06a9 \u062a\u0648\u0631 \u062e\u0635\u0648\u0635\u06cc \u0628\u0647 <strong>\u0622\u0628\u0634\u0627\u0631\u0647\u0627\u06cc \u0627\u0644 \u0644\u06cc\u0645\u0648\u0646<\/strong> with Riding on Horses or Hiking. Visiting cacao and Coffe forest under Coconuts Palms Canopy. When you arrive at the Waterfalls you are allowed to swim and Set the time with your Local Guide. After enjoying a Typical Lunch in El Lim\u00f3n Community.<\/p>\n<p>\u0628\u0627 \u0645\u0631\u062f\u0645 \u0645\u062d\u0644\u06cc \u0628\u06cc\u0627\u0645\u0648\u0632\u06cc\u062f \u0648 \u0633\u0641\u0631\u06cc \u0627\u0645\u0646 \u062f\u0627\u0634\u062a\u0647 \u0628\u0627\u0634\u06cc\u062f. \u0628\u0644\u06cc\u0637 \u0647\u0627\u06cc \u062e\u0648\u062f \u0631\u0627 \u0627\u0645\u0631\u0648\u0632 \u062f\u0631 \u067e\u06cc\u0634\u0646\u0647\u0627\u062f \u062f\u0631\u06cc\u0627\u0641\u062a \u06a9\u0646\u06cc\u062f.<\/p>\n<ul>\n<li style=\"font-weight: 400;\"><span style=\"font-weight: 400;\">Includes Lunch\u00a0<\/span><\/li>\n<li>\u0627\u0633\u0628 \u0633\u0648\u0627\u0631\u06cc \u06cc\u0627 \u067e\u06cc\u0627\u062f\u0647 \u0631\u0648\u06cc<\/li>\n<li style=\"font-weight: 400;\"><span style=\"font-weight: 400;\">\u0631\u0627\u0647\u0646\u0645\u0627 \u062f\u0633\u062a\u0648\u0631\u0627\u0644\u0639\u0645\u0644 \u0647\u0627 \u0648 \u0646\u0638\u0627\u0631\u062a \u0631\u0627 \u0627\u0631\u0627\u0626\u0647 \u0645\u06cc \u062f\u0647\u062f<\/span><\/li>\n<li>\u0647\u0632\u06cc\u0646\u0647 \u0647\u0627\u06cc \u067e\u0627\u0631\u06a9 \u0645\u0644\u06cc<\/li>\n<\/ul>\n<p>&nbsp;<\/p>\n<h4><b>\u0634\u0645\u0648\u0644 \u0648 \u0627\u0633\u062a\u062b\u0646\u0627\u0621<\/b><\/h4>\n<p>&nbsp;<\/p>\n<p><b>\u0634\u0627\u0645\u0644 \u0647\u0627<\/b><\/p>\n<ol>\n<li style=\"font-weight: 400;\"><span style=\"font-weight: 400;\">Buffet lunch in El Lim\u00f3n<\/span><\/li>\n<li style=\"font-weight: 400;\"><span style=\"font-weight: 400;\">Hiking or Horses Riding Tour<\/span><\/li>\n<li style=\"font-weight: 400;\"><span style=\"font-weight: 400;\">\u06a9\u0644\u06cc\u0647 \u0645\u0627\u0644\u06cc\u0627\u062a \u0647\u0627\u060c \u0647\u0632\u06cc\u0646\u0647 \u0647\u0627 \u0648 \u0647\u0632\u06cc\u0646\u0647 \u0647\u0627\u06cc \u062d\u0645\u0644 \u0648 \u0646\u0642\u0644<\/span><\/li>\n<li style=\"font-weight: 400;\"><span style=\"font-weight: 400;\">\u0645\u0627\u0644\u06cc\u0627\u062a \u0647\u0627\u06cc \u0645\u062d\u0644\u06cc<\/span><\/li>\n<li style=\"font-weight: 400;\"><span style=\"font-weight: 400;\">\u0646\u0648\u0634\u06cc\u062f\u0646\u06cc \u0647\u0627<\/span><\/li>\n<li style=\"font-weight: 400;\"><span style=\"font-weight: 400;\">\u062a\u0645\u0627\u0645\u06cc \u0641\u0639\u0627\u0644\u06cc\u062a \u0647\u0627<\/span><\/li>\n<li style=\"font-weight: 400;\"><span style=\"font-weight: 400;\">\u0631\u0627\u0647\u0646\u0645\u0627\u06cc \u0645\u062d\u0644\u06cc<\/span><\/li>\n<\/ol>\n<p><b> \u0645\u062d\u0631\u0648\u0645\u06cc\u062a \u0647\u0627<\/b><\/p>\n<ol>\n<li style=\"font-weight: 400;\"><span style=\"font-weight: 400;\">\u0627\u0646\u0639\u0627\u0645<\/span><\/li>\n<li style=\"font-weight: 400;\"><span style=\"font-weight: 400;\">\u0627\u0646\u062a\u0642\u0627\u0644<\/span><\/li>\n<li style=\"font-weight: 400;\"><span style=\"font-weight: 400;\">\u0645\u0634\u0631\u0648\u0628\u0627\u062a \u0627\u0644\u06a9\u0644\u06cc<\/span><\/li>\n<li>Food on the Beach<\/li>\n<\/ol>\n<p>&nbsp;<\/p>\n<h4><em><strong>\u062e\u0631\u0648\u062c \u0648 \u0628\u0627\u0632\u06af\u0634\u062a<\/strong><\/em><\/h4>\n<p><span style=\"font-weight: 400;\">\u067e\u0633 \u0627\u0632 \u0641\u0631\u0622\u06cc\u0646\u062f \u0631\u0632\u0631\u0648\u060c \u0645\u0633\u0627\u0641\u0631 \u06cc\u06a9 \u0646\u0642\u0637\u0647 \u0645\u0644\u0627\u0642\u0627\u062a \u062f\u0631\u06cc\u0627\u0641\u062a \u062e\u0648\u0627\u0647\u062f \u06a9\u0631\u062f. \u0634\u0631\u0648\u0639 \u0648 \u067e\u0627\u06cc\u0627\u0646 \u062a\u0648\u0631\u0647\u0627 \u062f\u0631 \u0646\u0642\u0627\u0637 \u0645\u0644\u0627\u0642\u0627\u062a \u0645\u0627.<\/span><\/p>\n<p>&nbsp;<\/p>\n<h4><b><i>\u0686\u0647 \u0627\u0646\u062a\u0638\u0627\u0631\u06cc \u062f\u0627\u0634\u062a\u0647 \u0628\u0627\u0634\u06cc\u0645\u061f<\/i><\/b><\/h4>\n<p>&nbsp;<\/p>\n<p><em><strong>\u0628\u0644\u06cc\u0637 \u0647\u0627\u06cc \u062e\u0648\u062f \u0631\u0627 \u062f\u0631\u06cc\u0627\u0641\u062a \u06a9\u0646\u06cc\u062f<\/strong><\/em> for visiting The Waterfalls El Lim\u00f3n in Saman\u00e1 plus a wonderful lunch in El Lim\u00f3n Restaurant.<\/p>\n<p><span style=\"font-weight: 400;\">The tour, organized by \u00abBooking Adventures\u00bb starts at the meeting point set with the Tour Guide.<\/span><\/p>\n<p>Best Private trips to El Limon waterfalls with a local tour guide. Book a Horse riding trip by the Forest going around the edge of the Lim\u00f3n River, visiting cacao and Coffe plantations under the Coconuts shadows palms trees.<\/p>\n<p>\u0627\u0628\u062a\u062f\u0627 \u062f\u0631 \u0622\u0628\u0634\u0627\u0631 \u06a9\u0648\u0686\u06a9 \u062a\u0648\u0642\u0641 \u06a9\u0646\u06cc\u062f \u06a9\u0647 \u0645\u0639\u0645\u0648\u0644\u0627\u064b \u0627\u0641\u0631\u0627\u062f \u0632\u06cc\u0627\u062f\u06cc \u062f\u0631 \u0622\u0646\u062c\u0627 \u062d\u0636\u0648\u0631 \u0646\u062f\u0627\u0631\u0646\u062f \u0648 \u0645\u06cc \u062a\u0648\u0627\u0646\u06cc\u062f \u062f\u0631 \u0627\u0637\u0631\u0627\u0641 \u0634\u0646\u0627 \u06a9\u0646\u06cc\u062f. \u0628\u0639\u062f \u0627\u0632 \u0627\u062f\u0627\u0645\u0647 \u0645\u0633\u06cc\u0631 \u0628\u0647 \u0633\u0645\u062a \u0622\u0628\u0634\u0627\u0631 \u0628\u0632\u0631\u06af \u0645\u06cc \u0631\u0648\u06cc\u0645 \u06a9\u0647 \u062f\u0631 \u0635\u0648\u0631\u062a \u062a\u0645\u0627\u06cc\u0644 \u06cc\u06a9 \u0633\u0627\u0639\u062a \u06cc\u0627 \u0628\u06cc\u0634\u062a\u0631 \u062f\u0631 \u0622\u0646\u062c\u0627 \u0645\u06cc \u0645\u0627\u0646\u06cc\u0645.<\/p>\n<p>\u0628\u0627\u0632\u06af\u0634\u062a \u0627\u0633\u0628 \u0647\u0627 \u0628\u0647 \u0631\u0633\u062a\u0648\u0631\u0627\u0646 \u06a9\u0647 \u062f\u0631 \u0622\u0646 \u0627\u0632 \u06cc\u06a9 \u0646\u0627\u0647\u0627\u0631 \u0645\u0639\u0645\u0648\u0644\u06cc \u062f\u0631 \u0633\u0627\u062d\u0644 \u0644\u0630\u062a \u062e\u0648\u0627\u0647\u06cc\u0645 \u0628\u0631\u062f. \u0645\u0627\u0647\u06cc \u0641\u0631\u06cc\u062a \u0628\u0627 \u062a\u0648\u0633\u062a\u0648\u0646 \u0648 \u0633\u0627\u0644\u0627\u062f \u06cc\u0627 \u0645\u06cc \u062a\u0648\u0627\u0646\u06cc\u062f \u06af\u0632\u06cc\u0646\u0647 \u0647\u0627\u06cc \u062f\u06cc\u06af\u0631 \u0631\u0627 \u062f\u0631 \u0645\u0646\u0648 \u0628\u0627 \u0647\u0632\u06cc\u0646\u0647 \u0627\u0636\u0627\u0641\u06cc \u062f\u0631\u06cc\u0627\u0641\u062a \u06a9\u0646\u06cc\u062f.<\/p>\n<p>Lunch at the Restaurant in the El Lim\u00f3n community and you can stay as long you want swimming around.\u00a0 If you are Vegan we also can set some food for you.<\/p>\n<p>&nbsp;<\/p>\n<h4><em><strong>\u0686\u0647 \u0686\u06cc\u0632\u06cc \u0628\u0627\u06cc\u062f \u0628\u06cc\u0627\u0648\u0631\u06cc\u062f\u061f<\/strong><\/em><\/h4>\n<ul>\n<li style=\"font-weight: 400;\"><span style=\"font-weight: 400;\">\u062f\u0648\u0631\u0628\u06cc\u0646<\/span><\/li>\n<li style=\"font-weight: 400;\"><span style=\"font-weight: 400;\">\u062c\u0648\u0627\u0646\u0647 \u0647\u0627\u06cc \u062f\u0627\u0641\u0639<\/span><\/li>\n<li style=\"font-weight: 400;\"><span style=\"font-weight: 400;\">\u06a9\u0631\u0645 \u0636\u062f \u0622\u0641\u062a\u0627\u0628<\/span><\/li>\n<li style=\"font-weight: 400;\"><span style=\"font-weight: 400;\">\u06a9\u0644\u0627\u0647<\/span><\/li>\n<li style=\"font-weight: 400;\"><span style=\"font-weight: 400;\">\u0634\u0644\u0648\u0627\u0631 \u0631\u0627\u062d\u062a\u06cc<\/span><\/li>\n<li style=\"font-weight: 400;\"><span style=\"font-weight: 400;\">\u06a9\u0641\u0634 \u067e\u06cc\u0627\u062f\u0647 \u0631\u0648\u06cc \u0628\u0631\u0627\u06cc \u062c\u0646\u06af\u0644<\/span><\/li>\n<li style=\"font-weight: 400;\"><span style=\"font-weight: 400;\">\u0644\u0628\u0627\u0633 \u0634\u0646\u0627<\/span><\/li>\n<\/ul>\n<p>&nbsp;<\/p>\n<h4><b><i>\u0648\u0627\u0646\u062a \u0647\u062a\u0644 <\/i><\/b><\/h4>\n<p><span style=\"font-weight: 400;\">\u062a\u062d\u0648\u06cc\u0644 \u0647\u062a\u0644 \u0628\u0631\u0627\u06cc \u0627\u06cc\u0646 \u062a\u0648\u0631 \u0627\u0631\u0627\u0626\u0647 \u0646\u0645\u06cc \u0634\u0648\u062f. <\/span><\/p>\n<p>&nbsp;<\/p>\n<p><b>\u062a\u0648\u062c\u0647 \u062f\u0627\u0634\u062a\u0647 \u0628\u0627\u0634\u06cc\u062f:<\/b><span style=\"font-weight: 400;\"> \u0627\u06af\u0631 \u0638\u0631\u0641 24 \u0633\u0627\u0639\u062a \u067e\u0633 \u0627\u0632 \u0632\u0645\u0627\u0646 \u062d\u0631\u06a9\u062a \u062a\u0648\u0631\/\u06af\u0634\u062a \u0631\u0632\u0631\u0648 \u0634\u062f\u0647 \u0627\u06cc\u062f\u060c \u0645\u06cc \u062a\u0648\u0627\u0646\u06cc\u0645 \u0628\u0627 \u0647\u0632\u06cc\u0646\u0647 \u0647\u0627\u06cc \u0627\u0636\u0627\u0641\u06cc\u060c \u062a\u062d\u0648\u06cc\u0644 \u0647\u062a\u0644 \u0631\u0627 \u062a\u0631\u062a\u06cc\u0628 \u062f\u0647\u06cc\u0645. \u0647\u0646\u06af\u0627\u0645\u06cc \u06a9\u0647 \u062e\u0631\u06cc\u062f \u0634\u0645\u0627 \u06a9\u0627\u0645\u0644 \u0634\u062f\u060c \u0627\u0637\u0644\u0627\u0639\u0627\u062a \u062a\u0645\u0627\u0633 \u06a9\u0627\u0645\u0644 (\u0634\u0645\u0627\u0631\u0647 \u062a\u0644\u0641\u0646\u060c \u0622\u062f\u0631\u0633 \u0627\u06cc\u0645\u06cc\u0644 \u0648 \u063a\u06cc\u0631\u0647) \u0631\u0627 \u0628\u0631\u0627\u06cc \u0631\u0627\u0647\u0646\u0645\u0627\u06cc \u062a\u0648\u0631 \u0645\u062d\u0644\u06cc \u062e\u0648\u062f \u0628\u0631\u0627\u06cc \u0633\u0627\u0632\u0645\u0627\u0646\u062f\u0647\u06cc \u062a\u0631\u062a\u06cc\u0628\u0627\u062a \u062a\u062d\u0648\u06cc\u0644 \u0628\u0631\u0627\u06cc \u0634\u0645\u0627 \u0627\u0631\u0633\u0627\u0644 \u0645\u06cc \u06a9\u0646\u06cc\u0645.<\/span><\/p>\n<h4><b><i>\u062a\u0627\u06cc\u06cc\u062f \u0627\u0637\u0644\u0627\u0639\u0627\u062a \u0627\u0636\u0627\u0641\u06cc <\/i><\/b><\/h4>\n<ol>\n<li>\u0628\u0644\u06cc\u0637 \u0647\u0627 \u067e\u0633 \u0627\u0632 \u067e\u0631\u062f\u0627\u062e\u062a \u0627\u06cc\u0646 \u062a\u0648\u0631 \u062f\u0631\u06cc\u0627\u0641\u062a \u0645\u06cc \u0634\u0648\u062f. \u0645\u06cc \u062a\u0648\u0627\u0646\u06cc\u062f \u067e\u0631\u062f\u0627\u062e\u062a \u0631\u0627 \u062f\u0631 \u06af\u0648\u0634\u06cc \u062e\u0648\u062f \u0646\u0634\u0627\u0646 \u062f\u0647\u06cc\u062f.<\/li>\n<li style=\"font-weight: 400;\"><span style=\"font-weight: 400;\">\u0646\u0642\u0637\u0647 \u062c\u0644\u0633\u0647 \u067e\u0633 \u0627\u0632 \u0641\u0631\u0622\u06cc\u0646\u062f \u0631\u0632\u0631\u0648 \u062f\u0631\u06cc\u0627\u0641\u062a \u0645\u06cc \u0634\u0648\u062f.<\/span><\/li>\n<li style=\"font-weight: 400;\"><span style=\"font-weight: 400;\">\u06a9\u0648\u062f\u06a9\u0627\u0646 \u0628\u0627\u06cc\u062f \u0628\u0627 \u06cc\u06a9 \u0628\u0632\u0631\u06af\u0633\u0627\u0644 \u0647\u0645\u0631\u0627\u0647 \u0628\u0627\u0634\u0646\u062f.<\/span><\/li>\n<li style=\"font-weight: 400;\"><span style=\"font-weight: 400;\"> \u0648\u06cc\u0644\u0686\u0631 \u0642\u0627\u0628\u0644 \u062f\u0633\u062a\u0631\u0633\u06cc \u0646\u06cc\u0633\u062a <\/span><\/li>\n<li style=\"font-weight: 400;\"><span style=\"font-weight: 400;\">\u0646\u0648\u0632\u0627\u062f\u0627\u0646 \u0628\u0627\u06cc\u062f \u0631\u0648\u06cc \u067e\u0627\u0647\u0627\u06cc \u062e\u0648\u062f \u0628\u0646\u0634\u06cc\u0646\u0646\u062f <\/span><\/li>\n<li style=\"font-weight: 400;\"><span style=\"font-weight: 400;\">\u0628\u0631\u0627\u06cc \u0645\u0633\u0627\u0641\u0631\u0627\u0646\u06cc \u06a9\u0647 \u0645\u0634\u06a9\u0644\u0627\u062a \u06a9\u0645\u0631 \u062f\u0627\u0631\u0646\u062f \u062a\u0648\u0635\u06cc\u0647 \u0646\u0645\u06cc \u0634\u0648\u062f<\/span><\/li>\n<li style=\"font-weight: 400;\"><span style=\"font-weight: 400;\">\u0628\u0631\u0627\u06cc \u0645\u0633\u0627\u0641\u0631\u0627\u0646 \u0628\u0627\u0631\u062f\u0627\u0631 \u062a\u0648\u0635\u06cc\u0647 \u0646\u0645\u06cc \u0634\u0648\u062f <\/span><\/li>\n<li style=\"font-weight: 400;\"><span style=\"font-weight: 400;\"> \u0628\u062f\u0648\u0646 \u0645\u0634\u06a9\u0644 \u0642\u0644\u0628\u06cc \u06cc\u0627 \u0633\u0627\u06cc\u0631 \u0634\u0631\u0627\u06cc\u0637 \u067e\u0632\u0634\u06a9\u06cc \u062c\u062f\u06cc <\/span><\/li>\n<li style=\"font-weight: 400;\"><span style=\"font-weight: 400;\">\u0627\u06a9\u062b\u0631 \u0645\u0633\u0627\u0641\u0631\u0627\u0646 \u0645\u06cc \u062a\u0648\u0627\u0646\u0646\u062f \u0634\u0631\u06a9\u062a \u06a9\u0646\u0646\u062f<\/span><\/li>\n<\/ol>\n<h4><b><i>\u0633\u06cc\u0627\u0633\u062a \u0644\u063a\u0648<\/i><\/b><\/h4>\n<p><span style=\"font-weight: 400;\">\u0628\u0631\u0627\u06cc \u0628\u0627\u0632\u067e\u0631\u062f\u0627\u062e\u062a \u06a9\u0627\u0645\u0644\u060c \u062d\u062f\u0627\u0642\u0644 24 \u0633\u0627\u0639\u062a \u0642\u0628\u0644 \u0627\u0632 \u062a\u0627\u0631\u06cc\u062e \u0634\u0631\u0648\u0639 \u062a\u062c\u0631\u0628\u0647 \u0631\u0627 \u0644\u063a\u0648 \u06a9\u0646\u06cc\u062f.<\/span><\/p>\n\n\t\t<\/div>\n\t<\/div>\n<\/div><\/div><\/div><\/div><div class=\"vc_row wpb_row vc_row-fluid\" ><div class=\"wpb_column vc_column_container vc_col-sm-12\"><div class=\"vc_column-inner\"><div class=\"wpb_wrapper\"><div class=\"vc_empty_space\"   style=\"height: 32px\"><span class=\"vc_empty_space_inner\"><\/span><\/div>\n\t<div class=\"wpb_text_column wpb_content_element\" >\n\t\t<div class=\"wpb_wrapper\">\n\t\t\t<h4>\u0628\u0627 \u0645\u0627 \u062a\u0645\u0627\u0633 \u0628\u06af\u06cc\u0631\u06cc\u062f\u061f<\/h4>\n<h5><em><strong>\u0631\u0632\u0631\u0648 \u0645\u0627\u062c\u0631\u0627\u0647\u0627\u06cc<\/strong><\/em><\/h5>\n<p><em><strong>\u0645\u062d\u0644\u06cc \u0647\u0627<\/strong> \u0648 <strong>\u0645\u0644\u06cc \u067e\u0648\u0634\u0627\u0646<\/strong> \u0631\u0627\u0647\u0646\u0645\u0627\u06cc\u0627\u0646 \u062a\u0648\u0631 \u0648 \u062e\u062f\u0645\u0627\u062a \u0645\u0647\u0645\u0627\u0646<\/em><\/p>\n<p><span class=\"text-turquoise\">\u0631\u0632\u0631\u0648\u0627\u0633\u06cc\u0648\u0646:<\/span> \u062a\u0648\u0631 \u0648 \u06af\u0634\u062a \u0648 \u06af\u0630\u0627\u0631 \u062f\u0631 Dom. Rep.<\/p>\n<p><img decoding=\"async\" class=\"emoji\" draggable=\"false\" src=\"https:\/\/s.w.org\/images\/core\/emoji\/11.2.0\/svg\/1f4de.svg\" alt=\"\ud83d\udcde\" \/> \u062a\u0644\u0641\u0646\/\u0648\u0627\u062a\u0633\u0627\u067e\u00a0 <a href=\"tel:+1-809-720-6035\">+1-809-720-6035<\/a>.<\/p>\n<p><img decoding=\"async\" class=\"emoji\" draggable=\"false\" src=\"https:\/\/s.w.org\/images\/core\/emoji\/11.2.0\/svg\/1f4e9.svg\" alt=\"\ud83d\udce9\" \/> <a href=\"mailto:info@bookingadventures.com.do\">info@bookingadventures.com.do<\/a><\/p>\n<p><strong>\u0645\u0627 \u062a\u0648\u0631\u0647\u0627\u06cc \u062e\u0635\u0648\u0635\u06cc \u0631\u0627 \u062a\u0648\u0633\u0637 Whatsapp \u062a\u0646\u0638\u06cc\u0645 \u0645\u06cc \u06a9\u0646\u06cc\u0645: <a href=\"tel:+18097206035\">+18097206035.<\/a><\/strong><\/p>\n\n\t\t<\/div>\n\t<\/div>\n<div class=\"vc_empty_space\"   style=\"height: 32px\"><span class=\"vc_empty_space_inner\"><\/span><\/div><\/div><\/div><\/div><\/div>","protected":false},"excerpt":{"rendered":"<p><strong>\u0644\u0637\u0641\u0627 \u062a\u0627\u0631\u06cc\u062e \u062a\u0648\u0631 \u0631\u0627 \u0627\u0646\u062a\u062e\u0627\u0628 \u06a9\u0646\u06cc\u062f\u00a0<\/strong><\/p>","protected":false},"featured_media":131,"template":"","meta":[],"product_brand":[],"product_cat":[120,96,97,135,136,122,123,124],"product_tag":[138,140,155,156,142,143],"class_list":{"0":"post-38","1":"product","2":"type-product","3":"status-publish","4":"has-post-thumbnail","6":"product_cat-fees-entrace","7":"product_cat-hiking","8":"product_cat-horse-riding-to-waterfalls","9":"product_cat-lunch","10":"product_cat-safari-samana","11":"product_cat-tours-and-excursions","12":"product_cat-tours-excursions-los-haitises-national-park","13":"product_cat-tours-excursions-samana-bay-dominican-republic","14":"product_tag-beach-time","15":"product_tag-el-limon-waterfalls","16":"product_tag-hiking-el-limon","17":"product_tag-horses-el-limon","18":"product_tag-samana","19":"product_tag-samana-tours","21":"first","22":"instock","23":"sale","24":"featured","25":"sold-individually","26":"shipping-taxable","27":"product-type-external"},"_links":{"self":[{"href":"https:\/\/visitaloshaitises.com\/fa\/wp-json\/wp\/v2\/product\/38","targetHints":{"allow":["GET"]}}],"collection":[{"href":"https:\/\/visitaloshaitises.com\/fa\/wp-json\/wp\/v2\/product"}],"about":[{"href":"https:\/\/visitaloshaitises.com\/fa\/wp-json\/wp\/v2\/types\/product"}],"wp:featuredmedia":[{"embeddable":true,"href":"https:\/\/visitaloshaitises.com\/fa\/wp-json\/wp\/v2\/media\/131"}],"wp:attachment":[{"href":"https:\/\/visitaloshaitises.com\/fa\/wp-json\/wp\/v2\/media?parent=38"}],"wp:term":[{"taxonomy":"product_brand","embeddable":true,"href":"https:\/\/visitaloshaitises.com\/fa\/wp-json\/wp\/v2\/product_brand?post=38"},{"taxonomy":"product_cat","embeddable":true,"href":"https:\/\/visitaloshaitises.com\/fa\/wp-json\/wp\/v2\/product_cat?post=38"},{"taxonomy":"product_tag","embeddable":true,"href":"https:\/\/visitaloshaitises.com\/fa\/wp-json\/wp\/v2\/product_tag?post=38"}],"curies":[{"name":"wp","href":"https:\/\/api.w.org\/{rel}","templated":true}]}}