{"id":557,"date":"2020-06-22T22:59:27","date_gmt":"2020-06-22T22:59:27","guid":{"rendered":"https:\/\/haitises.com\/?post_type=product&#038;p=557"},"modified":"2024-04-17T18:57:53","modified_gmt":"2024-04-17T18:57:53","slug":"excursion-a-los-haitises-montana-redonda-cano-hondo","status":"publish","type":"product","link":"https:\/\/visitaloshaitises.com\/eu\/private\/txangoa-haitises-montana-round-cano-hondora\/","title":{"rendered":"Los Haitises Monta\u00f1a Redonda &amp; Ca\u00f1o Hondora txangoa"},"content":{"rendered":"<div class=\"vc_row wpb_row vc_row-fluid\" ><div class=\"wpb_column vc_column_container vc_col-sm-12\"><div class=\"vc_column-inner\"><div class=\"wpb_wrapper\"><div class=\"mkdf-section-title-holder\" style=\"text-align: left\">\n\t<div class=\"mkdf-st-inner\">\n\t\t\t\t\t<h5 class=\"mkdf-st-subtitle\" >\n\t\t\t\tGarraioa eta bazkaria barne\t\t\t<\/h5>\n\t\t\t\t\t\t\t<\/div>\n<\/div><\/div><\/div><\/div><\/div><div class=\"vc_row wpb_row vc_row-fluid\" ><div class=\"wpb_column vc_column_container vc_col-sm-12\"><div class=\"vc_column-inner\"><div class=\"wpb_wrapper\">\n\t<div class=\"wpb_text_column wpb_content_element\" >\n\t\t<div class=\"wpb_wrapper\">\n\t\t\t<h2>Los Haitises Parke Nazionalera txangoa Punta Canatik, Montana Redondatik eta Cano Hondo Eguneko bidaia.<\/h2>\n<h2>Punta Cana, Montana Redonda eta Cano Hondotik Los Haitises Parke Nazionalera<\/h2>\n<h3>Deskribapena<\/h3>\n<p>Punta Canatik Los Haitises Parke Nazionalera txangoa Punta Cana edo B\u00e1varoko zure hoteletik abiatuta. Gure gidari turistikoarekin gidatuko dugu Montana Redondara. Non Dominikar Errepublikako ikuspegi ikusgarrienetako baten argazki sinestezinak ateratzeko denbora duzu. Lehenengo geldialdi honen ostean, Los Haitises Parke Nazionala bisitatzen jarraituko dugu, pintxo eta edari tipiko batzuk, Jurassic Park bezalako mangladi, kobazulo eta harkaitz uharte ospetsuetatik ibiltzen garen bitartean. Los Haitises Parke Nazionala bisitatu ondoren, bazkaria Ca\u00f1o Hondoren zain dago. Bertako bazkaria eta bertako sukaldaritza ondoren, Los Haitises Parke Nazionaletik datorren ura duten igerileku natural esklusiboetan igeri egiteko denbora izan beharko zenuke.<\/p>\n<p>Esperientzia honen ostean, Punta Canako komunitatera itzuliko zara eta bertatik jasoko zaitugu.<\/p>\n<ul>\n<li>Zergak barne<\/li>\n<li>Bazkaria<\/li>\n<li>Hamaiketakoak<\/li>\n<li>Tokiko gida gida ingelesez edo frantsesez<\/li>\n<li>Garraioa<\/li>\n<li>itsasontziz ibilaldia<\/li>\n<li>Montana Redonda<\/li>\n<li>Pipa sakona<\/li>\n<\/ul>\n<h3>Inklusioak eta bazterketak<\/h3>\n<h4>Inklusioak<\/h4>\n<ol>\n<li>Los Haitises Tour + Kobazuloak eta Piktogramak<\/li>\n<li>Montana Redonda<\/li>\n<li>Pipa sakona<\/li>\n<li>Bazkaria<\/li>\n<li>Punta Cana guneetako hoteletatik jasotzea.<\/li>\n<li>Zerga, tasa eta kudeaketa-gastu guztiak.<\/li>\n<li>Tokiko zergak<\/li>\n<li>Edariak<\/li>\n<li>Hamaiketakoak<\/li>\n<li>Jarduera guztiak<\/li>\n<li>Tokiko gida<\/li>\n<\/ol>\n<h4>Bazterketak<\/h4>\n<ol>\n<li>Aholkuak<\/li>\n<li>Edari alkoholdunak<\/li>\n<\/ol>\n<h3><em>Irteera eta itzulera<\/em><\/h3>\n<p>Bidaiariak bilgune bat lortuko du erreserba prozesuaren ondoren. Ibilaldiak euren topaguneetan hasi eta amaitzen dira.<\/p>\n<h2><em>Punta Cana, Montana Redonda eta Cano Hondotik Los Haitises Parke Nazionalera.<\/em><\/h2>\n<h3><em>Zer espero?<\/em><\/h3>\n<p>Lortu zure sarrera Punta Canatik Los Haitises Parke Nazionaleko Tourra bisitatzeko. Egun osoko txangoa. Punta Canatik, Dominikar Errepublikatik. Garraioa gure tokiko gidariarekin Montana Redonda, Sabana de la Marko Los Haitises parke nazionala eta Ca\u00f1o Hondoko bazkaria bisitatzeko.<\/p>\n<p>El recorrido, organizado por \u00abBooking Adventures\u00bb, comienza en el punto de encuentro establecido con el gu\u00eda tur\u00edstico. Ven con Booking Adventures y comienza a observar algunos manglares llenos de aves, colinas onduladas de exuberante vegetaci\u00f3n y cuevas del Parque Nacional Los Haitises. Visitando la isla con aves alrededor. En la temporada de anidaci\u00f3n, incluso podemos ver los polluelos de Pel\u00edcanos en los nidos. Entrar m\u00e1s en las Islas Rocosas y visitar las cuevas con pictograf\u00edas y petroglifos de los pueblos ind\u00edgenas.<\/p>\n<p>San Lorentzoko badia irekiko mangladietan eta lurretik barrena, Sabana de la Mar, baso-paisaia malkartsuari argazkiak ateratzeko. Begiratu uretara manateak, krustazeoak eta izurdeak ikusteko.<\/p>\n<p>El nombre del parque nacional proviene de sus habitantes originales, los indios ta\u00ednos. En su idioma, \u00abHaitises\u00bb se traduce en tierras altas o colinas, una referencia a las empinadas formaciones geol\u00f3gicas de la costa con calizas. Avent\u00farate en el parque para explorar cuevas como la Cueva San Gabriel, la Cueva de la Arena y la Cueva de la L\u00ednea.<\/p>\n<p>Erreserbako kobazulo hauek aterpe gisa erabili zituzten ta\u00edno indiarrek eta, geroago, piratak ezkutatzeko. Bilatu horma batzuk apaintzen dituzten indiarren marrazkiak.<\/p>\n<p>Halaber, Montana Redonda (Mendi Biribila) Michesen, leku ahaztezina da, landa naturaz inguratuta dagoena, ikuspegi panoramikoaz gozatuz, non aintziren isla hondartzako eguzki-irtenarekin eta ilunabarra berdearekin bat egiten baitu. mendiak. Aire garbia eta txori kantariak, geratzeko gogoz betetzen gaituen bakea eta lasaitasuna.<\/p>\n<p>Baita Ca\u00f1o Hondo ere. Konplexu ikaragarria mendi baten gainean, naturaz betetako badiaren eta Saman\u00e1 badiaren behealdean bista zoragarriak dituena. Estilo eder eta oso lasai eta lasaia duen oihaneko paradisu batean bizi bazara bezala da. Los Haitises Parke Nazionaleko ibai natural batetik datozen igerilekuetarako sarbidearekin.<\/p>\n<p>Leku honetan ohiko bazkaria egingo dugu. Beganoa bazara, lasai, janaria ere badugu zuretzat!<\/p>\n<p>Bazkalostean, Punta Canara bueltatuko gara!<\/p>\n<p>Bidaia hau luzeagoa edo laburragoa gustatzen bazaizu, jar zaitez gurekin harremanetan.<\/p>\n<h3><em>Zer ekarri behar duzu?<\/em><\/h3>\n<ul>\n<li>Kamera<\/li>\n<li>Errefusak<\/li>\n<li>Eguzkitarako krema<\/li>\n<li>Txapela<\/li>\n<li>Praka erosoak<\/li>\n<li>Basoko mendiko oinetakoak<\/li>\n<li>Sandaliak udaberriko guneetara.<\/li>\n<li>Bainujantzi<\/li>\n<\/ul>\n<h3><em>Hoteleko bilketa<\/em><\/h3>\n<p>Bisita honetarako hoteleko bilketa eskaintzen da. Hautatu hotelaren izena eta ordua hemen. Zure hotela zerrendan ez badago, jar zaitez gurekin harremanetan.<\/p>\n<p><strong>Ohar<\/strong>: Tour\/txangoa irteteko ordutik 24 orduko epean erreserbatzen baduzu, hoteleko bilketa antolatu dezakegu. Erosketa amaitutakoan, harremanetarako informazio osoa bidaliko dizugu (telefono zenbakia, helbide elektronikoa, etab.) gure tokiko gida gidari bilketa-antolaketak antola ditzan.<\/p>\n<h3><em>Informazio gehigarriaren berrespena<\/em><\/h3>\n<ul>\n<li>Sarrerak Ibilbide hau ordaindu ondoren ordainagiria dira. Ordainketa zure telefonoan erakutsi dezakezu.<\/li>\n<li>Bilgunea erreserba prozesuaren ondoren jasoko da.<\/li>\n<li>Haurrak heldu batekin joan behar dira.<\/li>\n<li>Ez dago gurpil-aulkirako sarbidea<\/li>\n<li>Haurrak umeentzako eserlekuan edo heldu batekin eseri behar dira<\/li>\n<li>Ez da gomendagarria bizkarreko arazoak dituzten bidaiarientzat.<\/li>\n<li>Ez da gomendagarria haurdun dauden emakumeentzat.<\/li>\n<li>Ez bihotz-arazorik edo beste arazo mediko larririk.<\/li>\n<\/ul>\n\n\t\t<\/div>\n\t<\/div>\n<\/div><\/div><\/div><\/div><div class=\"vc_row wpb_row vc_row-fluid\" ><div class=\"wpb_column vc_column_container vc_col-sm-12\"><div class=\"vc_column-inner\"><div class=\"wpb_wrapper\"><div class=\"vc_empty_space\"   style=\"height: 32px\"><span class=\"vc_empty_space_inner\"><\/span><\/div>\n\t<div class=\"wpb_video_widget wpb_content_element vc_clearfix   vc_video-aspect-ratio-169 vc_video-el-width-100 vc_video-align-left\" >\n\t\t<div class=\"wpb_wrapper\">\n\t\t\t<h2 class=\"wpb_heading wpb_video_heading\">Los Haitises Parke Nazionalaren bideoa:<\/h2>\n\t\t\t<div class=\"wpb_video_wrapper\"><iframe loading=\"lazy\" title=\"Los Haitises parke nazionala, bisitak eta txangoa Samanatik edo Sabana de la Martik. Erreserbatu hemen:\" src=\"https:\/\/player.vimeo.com\/video\/346508015?dnt=1&amp;app_id=122963\" width=\"1100\" height=\"619\" frameborder=\"0\" allow=\"autoplay; fullscreen\" allowfullscreen><\/iframe><\/div>\n\t\t<\/div>\n\t<\/div>\n<div class=\"vc_empty_space\"   style=\"height: 32px\"><span class=\"vc_empty_space_inner\"><\/span><\/div><\/div><\/div><\/div><\/div><div class=\"vc_row wpb_row vc_row-fluid\" ><div class=\"wpb_column vc_column_container vc_col-sm-12\"><div class=\"vc_column-inner\"><div class=\"wpb_wrapper\"><div class=\"vc_empty_space\"   style=\"height: 32px\"><span class=\"vc_empty_space_inner\"><\/span><\/div>\n\t<div class=\"wpb_text_column wpb_content_element\" >\n\t\t<div class=\"wpb_wrapper\">\n\t\t\t<h5>Jarri gurekin harremanetan?<br \/>\nAbentura Erreserbak<\/h5>\n<p><em>Tokiko eta nazioko gidak eta gonbidatuentzako zerbitzuak<\/em><\/p>\n<p>Erreserbak: Bisitak eta Txangoak Dom. Rep.<\/p>\n<p>Tel\/Whatsapp +1-809-720-6035.<\/p>\n<p>info@bookingadventures.com.do<\/p>\n<p><strong>Bisita pribatuak antolatzen ditugu konfigurazio malguarekin Whatsapp bidez: +18097206035.<\/strong><\/p>\n<h4><strong style=\"color: #595959; font-size: 15px;\"><a href=\"tel:+18097206035\">+18097206035.<\/a><\/strong><\/h4>\n\n\t\t<\/div>\n\t<\/div>\n<div class=\"vc_empty_space\"   style=\"height: 32px\"><span class=\"vc_empty_space_inner\"><\/span><\/div><\/div><\/div><\/div><\/div>","protected":false},"excerpt":{"rendered":"<p>Punta Canatik txangoa Los Haitises Parke Nazionala, Montana Redonda eta Ca\u00f1o Hondo bisitatzeko. Bazkaria eta garraioa barne hartzen ditu 3 koba nagusietara bisita egiteko, 2 mangladi ekosistema ezberdinen esplorazioa, ikuspegiak eta igerileku naturalak.<\/p>\n<p>Egun osoko txangoa Los Haitises Parke Nazionalera bertako gidari batekin. Los Haitises Parke Nazionaleko Giltzak, mangladiak, landaredia, hegaztien behaketa, kobazuloak, piktogramak eta Los Haitises Parke Nazionaleko Sabana de la Marko gune historikoak bisitatzea. Bista izugarriak Montana Redondan eta bazkaria gehi igerilekuak Ca\u00f1o Hondon.<\/p>\n<p><strong>Mesedez, hautatu Tour-a egiteko data:<\/strong><\/p>","protected":false},"featured_media":292,"template":"","meta":[],"product_brand":[],"product_cat":[119,120,135,121,122,443,259],"product_tag":[126,127,128,206,145,260,225,132,133,213,215,261,146,262,141,263,226],"class_list":{"0":"post-557","1":"product","2":"type-product","3":"status-publish","4":"has-post-thumbnail","6":"product_cat-caves","7":"product_cat-fees-entrace","8":"product_cat-lunch","9":"product_cat-mangroves","10":"product_cat-tours-and-excursions","11":"product_cat-tours-y-excursiones-es","12":"product_cat-tours-excursions-punta-cana-dominican-republic","13":"product_tag-cano-hondo","14":"product_tag-cano-hondo-hotel","15":"product_tag-cano-hondo-tours","16":"product_tag-caves-los-haitises","17":"product_tag-day-tour-cano-hondo","18":"product_tag-day-trip-punta-cana","19":"product_tag-las-terrenas","20":"product_tag-los-haitises","21":"product_tag-los-haitises-national-park","22":"product_tag-los-haitises-national-park-map","23":"product_tag-los-haitises-national-park-tour-from-las-terrenas","24":"product_tag-los-haitises-national-park-tours-excursions","25":"product_tag-mangroves-los-haitises","26":"product_tag-montana-redonda-tours-excursion","27":"product_tag-punta-cana","28":"product_tag-punta-cana-tours-excursions","29":"product_tag-transportation-los-haitises","31":"first","32":"instock","33":"sale","34":"sold-individually","35":"shipping-taxable","36":"product-type-external"},"_links":{"self":[{"href":"https:\/\/visitaloshaitises.com\/eu\/wp-json\/wp\/v2\/product\/557","targetHints":{"allow":["GET"]}}],"collection":[{"href":"https:\/\/visitaloshaitises.com\/eu\/wp-json\/wp\/v2\/product"}],"about":[{"href":"https:\/\/visitaloshaitises.com\/eu\/wp-json\/wp\/v2\/types\/product"}],"wp:featuredmedia":[{"embeddable":true,"href":"https:\/\/visitaloshaitises.com\/eu\/wp-json\/wp\/v2\/media\/292"}],"wp:attachment":[{"href":"https:\/\/visitaloshaitises.com\/eu\/wp-json\/wp\/v2\/media?parent=557"}],"wp:term":[{"taxonomy":"product_brand","embeddable":true,"href":"https:\/\/visitaloshaitises.com\/eu\/wp-json\/wp\/v2\/product_brand?post=557"},{"taxonomy":"product_cat","embeddable":true,"href":"https:\/\/visitaloshaitises.com\/eu\/wp-json\/wp\/v2\/product_cat?post=557"},{"taxonomy":"product_tag","embeddable":true,"href":"https:\/\/visitaloshaitises.com\/eu\/wp-json\/wp\/v2\/product_tag?post=557"}],"curies":[{"name":"wp","href":"https:\/\/api.w.org\/{rel}","templated":true}]}}