{"id":49,"date":"2020-06-14T11:56:47","date_gmt":"2020-06-14T11:56:47","guid":{"rendered":"https:\/\/haitises.com\/product\/import-placeholder-for-8857\/"},"modified":"2024-04-23T16:38:14","modified_gmt":"2024-04-23T16:38:14","slug":"los-haitises-national-park-tour-from-samana-port-bacardi-island-cayo-levantado","status":"publish","type":"product","link":"https:\/\/visitaloshaitises.com\/eu\/private\/los-haitises-parke-nazionaleko-ibilaldia-samana-portuko-bacardi-uhartetik-cayo-levantado\/","title":{"rendered":"Los Haitises Parke Nazionaleko Ibilaldia Saman\u00e1 portutik + Bacardi uhartetik (Cayo Levantado)"},"content":{"rendered":"<div class=\"vc_row wpb_row vc_row-fluid\" ><div class=\"wpb_column vc_column_container vc_col-sm-12\"><div class=\"vc_column-inner\"><div class=\"wpb_wrapper\"><div class=\"mkdf-section-title-holder\" style=\"text-align: left\">\n\t<div class=\"mkdf-st-inner\">\n\t\t\t\t\t<h5 class=\"mkdf-st-subtitle\" >\n\t\t\t\tEko Tours Bertakoekin\t\t\t<\/h5>\n\t\t\t\t\t\t\t<h3 class=\"mkdf-st-title\" >\n\t\t\t\tLos Haitises Parke Nazionaleko Itsasontzien Ibilaldia + Cayo Levantado uhartea\t\t\t<\/h3>\n\t\t\t\t\t<\/div>\n<\/div><\/div><\/div><\/div><\/div><div class=\"vc_row wpb_row vc_row-fluid\" ><div class=\"wpb_column vc_column_container vc_col-sm-12\"><div class=\"vc_column-inner\"><div class=\"wpb_wrapper\">\n\t<div class=\"wpb_text_column wpb_content_element\" >\n\t\t<div class=\"wpb_wrapper\">\n\t\t\t<h4><\/h4>\n<h2>Los Haitises Parke Nazionaleko Ibilaldia Saman\u00e1 portutik + Bacardi uhartetik (Cayo Levantado)<\/h2>\n<h4><b><i>Ikuspegi orokorra <\/i><\/b><\/h4>\n<p>Los Haitises parke nazionala Saman\u00e1 portutik hasita eta bazkaria Bacardi uhartean. Zatoz gurekin eta bisitatu Dominikar Errepublikako parke nazional ederrena, mangladiak, kobazuloak eta San Lorenzo badia bisitatuz eta Saman\u00e1 badia zoragarria zeharkatuz. Ondoren, Saman\u00e1 eremura itzuli Bacardi uhartea bisitatzeko, hondartzan bazkaldu eta Saman\u00e1 badiako hondartza politenetako batean igeri egin.<\/p>\n<p>Esperientzia honen ondoren, Samanako portura itzuliko zara.<\/p>\n<ul>\n<li style=\"font-weight: 400;\">Tasak barne<\/li>\n<li>Bazkaria Bacardi uhartean barne<\/li>\n<li style=\"font-weight: 400;\"><span style=\"font-weight: 400;\">Gidak instrukzioa eta gainbegiratzea eskaintzen du<\/span><\/li>\n<\/ul>\n<p>&nbsp;<\/p>\n<h4><b>Inklusioak eta bazterketak<\/b><\/h4>\n<p><b>Inklusioak<\/b><\/p>\n<ol>\n<li style=\"font-weight: 400;\">Los Haitises Tour + Kobazuloak eta Piktogramak<\/li>\n<li>Bazkaria Cayo Levantadon (Bacardi uhartea) antzeko bira nahi baduzu: Los Haitises + Ca\u00f1o Hondo<\/li>\n<li style=\"font-weight: 400;\"><span style=\"font-weight: 400;\">Zerga, tasa eta kudeaketa-gastu guztiak<\/span><\/li>\n<li style=\"font-weight: 400;\"><span style=\"font-weight: 400;\">Tokiko zergak<\/span><\/li>\n<li style=\"font-weight: 400;\"><span style=\"font-weight: 400;\">Edariak<\/span><\/li>\n<li style=\"font-weight: 400;\"><span style=\"font-weight: 400;\">Jarduera guztiak<\/span><\/li>\n<li style=\"font-weight: 400;\"><span style=\"font-weight: 400;\">Tokiko gida<\/span><\/li>\n<\/ol>\n<p><b> Bazterketak<\/b><\/p>\n<ol>\n<li style=\"font-weight: 400;\"><span style=\"font-weight: 400;\">Doanak<\/span><\/li>\n<li style=\"font-weight: 400;\"><span style=\"font-weight: 400;\">Transferentzia<\/span><\/li>\n<li style=\"font-weight: 400;\"><span style=\"font-weight: 400;\">Edari alkoholdunak<\/span><\/li>\n<\/ol>\n<p>&nbsp;<\/p>\n<h4><em><strong>Irteera eta Itzulera<\/strong><\/em><\/h4>\n<p><span style=\"font-weight: 400;\">Bidaiariak bilgune bat lortuko du Erreserba Prozesuaren ondoren. Bisitak gure topaguneetan hasi eta amaitzen dira.<\/span><\/p>\n<p>&nbsp;<\/p>\n<h2>Los Haitises Parke Nazionaleko Ibilaldia Saman\u00e1 Port mas Bacardi irlatik (Cayo Levantado)<\/h2>\n<h4><b><i>Zer espero?<\/i><\/b><\/h4>\n<p><b><i>V<\/i><\/b>isiltzen<strong> Los Haitises Parke Nazionala<\/strong> bazkari zoragarri batekin<strong> Cayo Levantado uhartea<\/strong> eta Igeriketa hondartzan. Hasi <strong>Samanako portutik<\/strong> Itsasontzi edo Katamaran batean Tokiko gidari batekin Saman\u00e1 badia igaroko gara Sabana de la Mar aldera, Dominikar Errepublikako parke nazional ederrenetako bat bisitatzeko. <em><strong>Haitises Parke Nazionala<\/strong><\/em>.<\/p>\n<p>The tour, organized by \u00abBooking Adventures\u00bb starts at the meeting point set with the Tour Guide. Come with Booking Adventures and start checking some bird-filled mangroves, rolling hills of lush vegetation and caves of <em><strong>Los Haitises Parke Nazionala<\/strong><\/em>. Uhartea bisitatzen txoriak inguruan. Habia-garaian Pelecanos txitak ere ikus ditzakegu habietan. Uharte Harritsuetan gehiago barneratzea eta kobazuloak bisitatzea indigenen piktogramekin eta petrografoekin.<\/p>\n<p>San Lorentzo badia irekiko mangladietan eta Landatik barrena, bertatik baso-paisaia malkartsua argazkia dezakezu. Begiratu urari antzemateko <em><strong>Manateak<\/strong><\/em>, krustazeoak eta <em><strong>Izurdeak.<\/strong><\/em><\/p>\n<div class=\"body-description secondary\">\n<p>Parke nazionalaren izena jatorrizko biztanleengandik dator, Taino indiarrengandik. Haien hizkuntzan &quot;Haitises&quot; mendilerroak edo muinoak itzultzen dira, kostaldeko formazio geologiko aldapatsuak Kareharriekin. Abenturatu parkean sakondu, esaterako, kobazuloak arakatzeko <em><strong>Hareazko koba<\/strong><\/em> eta <strong><em>Line Koba.<\/em><\/strong><\/p>\n<p>Erreserbako kobak aterpe gisa erabili zituzten taino indiarrek eta, geroago, piratak ezkutatzeko. Bilatu horma batzuk apaintzen dituzten indiarren marrazkiak. Los Haitises Parke Nazionala bisitatu ondoren Samanako portura itzuliko gara Samanako badia 30 minutu igarota eta Bacardi uhartea bisitatuz. Uhartean bazkari tipikoa egingo dugu. Beganoa bazara, ez kezkatu janaria ere badugu zuretzat!<\/p>\n<p>Arratsalde osoa igeri egin eta hondartzan hoztu ondoren, gure gidak Samanako portura itzultzeko ordua ezarriko du.<\/p>\n<\/div>\n<p>Bidaia hau luzeagoa edo laburragoa gustatzen bazaizu, aukera hauek ditugu:<\/p>\n<ol>\n<li>Samanako Portuko Los Haitises besterik ez.<\/li>\n<li>Los Haitises + Ca\u00f1o Hondo Samanako portutik.<\/li>\n<\/ol>\n<p>&nbsp;<\/p>\n<h4><em><strong>Zer ekarri behar duzu?<\/strong><\/em><\/h4>\n<ul>\n<li style=\"font-weight: 400;\"><span style=\"font-weight: 400;\">kamera<\/span><\/li>\n<li style=\"font-weight: 400;\"><span style=\"font-weight: 400;\">Kimuak uxatzeko<\/span><\/li>\n<li style=\"font-weight: 400;\"><span style=\"font-weight: 400;\">eguzkitako krema<\/span><\/li>\n<li style=\"font-weight: 400;\"><span style=\"font-weight: 400;\">Txapela<\/span><\/li>\n<li style=\"font-weight: 400;\"><span style=\"font-weight: 400;\">Praka erosoak<\/span><\/li>\n<li style=\"font-weight: 400;\"><span style=\"font-weight: 400;\">Basorako mendiko oinetakoak<\/span><\/li>\n<li style=\"font-weight: 400;\"><span style=\"font-weight: 400;\">Sandaliak Udaberriko guneetara.<\/span><\/li>\n<li style=\"font-weight: 400;\"><span style=\"font-weight: 400;\">Igeriketa arropa<\/span><\/li>\n<\/ul>\n<p>&nbsp;<\/p>\n<h4><b><i>Hoteleko bilketa <\/i><\/b><\/h4>\n<p><span style=\"font-weight: 400;\">Bisita honetarako ez da hoteleko bilketa eskaintzen. <\/span><\/p>\n<p>&nbsp;<\/p>\n<p><b>Ohar:<\/b><span style=\"font-weight: 400;\"> Txangoaren irteera-ordutik 24 orduko epean erreserbatzen baduzu, hoteleko bilketa antola dezakegu aparteko karguekin. Erosketa amaitutakoan, harremanetarako informazio osoa bidaliko dizugu (telefono zenbakia, helbide elektronikoa, etab.) gure tokiko Tour gidari bilketa-antolaketak antola ditzan.<\/span><\/p>\n<h4><b><i>Informazio gehigarria berrespena <\/i><\/b><\/h4>\n<ol>\n<li>Sarrerak Tour hau ordaindu ondoren ordainagiria dira. Ordainketa zure telefonoan erakutsi dezakezu.<\/li>\n<li style=\"font-weight: 400;\"><span style=\"font-weight: 400;\">Topagunea Erreserba Prozesuaren ondoren jasoko da.<\/span><\/li>\n<li style=\"font-weight: 400;\"><span style=\"font-weight: 400;\">Haurrak heldu batekin joan behar dira.<\/span><\/li>\n<li style=\"font-weight: 400;\"><span style=\"font-weight: 400;\"> Ez dago gurpil-aulkirako sarbidea <\/span><\/li>\n<li style=\"font-weight: 400;\"><span style=\"font-weight: 400;\">Haurrak magalean eseri behar dira <\/span><\/li>\n<li style=\"font-weight: 400;\"><span style=\"font-weight: 400;\">Ez da gomendagarria bizkarreko arazoak dituzten bidaiarientzat<\/span><\/li>\n<li style=\"font-weight: 400;\"><span style=\"font-weight: 400;\">Ez da gomendagarria haurdun dauden bidaiarientzat <\/span><\/li>\n<li style=\"font-weight: 400;\"><span style=\"font-weight: 400;\"> Ez dago bihotzeko arazorik edo beste baldintza mediko larririk <\/span><\/li>\n<li style=\"font-weight: 400;\"><span style=\"font-weight: 400;\">Bidaiari gehienek parte har dezakete<\/span><\/li>\n<\/ol>\n<h4><b><i>Baliogabetze politika<\/i><\/b><\/h4>\n<p><span style=\"font-weight: 400;\">Itzulketa osoa lortzeko, bertan behera utzi esperientziaren hasiera data baino 24 ordu lehenago gutxienez. Funtsak galduko dira erreserba bidaiaren egun berean bertan behera uzten bada.<\/span><\/p>\n\n\t\t<\/div>\n\t<\/div>\n<\/div><\/div><\/div><\/div><div class=\"vc_row wpb_row vc_row-fluid\" ><div class=\"wpb_column vc_column_container vc_col-sm-12\"><div class=\"vc_column-inner\"><div class=\"wpb_wrapper\"><div class=\"vc_empty_space\"   style=\"height: 32px\"><span class=\"vc_empty_space_inner\"><\/span><\/div>\n\t<div class=\"wpb_text_column wpb_content_element\" >\n\t\t<div class=\"wpb_wrapper\">\n\t\t\t<h4>Jarri gurekin harremanetan?<\/h4>\n<h5>Erreserba Abenturak<\/h5>\n<p><em><strong>Bertakoak<\/strong>\u00a0eta\u00a0<strong>Nazionalak<\/strong>\u00a0Bisita-gidak eta gonbidatuentzako zerbitzuak<\/em><\/p>\n<p><span class=\"text-turquoise\">Erreserbak:<\/span>\u00a0Bisitak eta txangoak Dom. Rep.<\/p>\n<p><img decoding=\"async\" class=\"emoji\" draggable=\"false\" src=\"https:\/\/s.w.org\/images\/core\/emoji\/11.2.0\/svg\/1f4de.svg\" alt=\"\ud83d\udcde\" \/>\u00a0Tel\/Whatsapp\u00a0\u00a0<a href=\"tel:+1-809-720-6035\">+1-809-720-6035<\/a>.<\/p>\n<p><img decoding=\"async\" class=\"emoji\" draggable=\"false\" src=\"https:\/\/s.w.org\/images\/core\/emoji\/11.2.0\/svg\/1f4e9.svg\" alt=\"\ud83d\udce9\" \/>\u00a0<a href=\"mailto:info@bookingadventures.com.do\">info@bookingadventures.com.do<\/a><\/p>\n<p><strong>Whatsapp bidez bisita pribatuak ezartzen malguak gara:\u00a0<a href=\"tel:+18097206035\">+18097206035.<\/a><\/strong><\/p>\n\n\t\t<\/div>\n\t<\/div>\n<div class=\"vc_empty_space\"   style=\"height: 32px\"><span class=\"vc_empty_space_inner\"><\/span><\/div><\/div><\/div><\/div><\/div>","protected":false},"excerpt":{"rendered":"<p>Los Haitises eta Cayo Levantado-ra txangoak, Los Haitises Parke Nazionalera Bidaia Ekologikoa Tokiko Tour-gida batekin. Los Haitises Parke Nazionaleko Kaiak, Mangladiak, Landaredia, Hegaztiak, Kobazuloak, Piktogramak eta Los Haitises Parke Nazionaleko Sabana de la Marko gune historikoak bisitatzea. Los Haitisesen ostean Bazkaria dugu Bacardi uharteko hondartzan. Erreserbatu orain Los Haitises Parke Nazionaleko Ibilaldia Saman\u00e1 portutik + Bacardi uhartetik (Cayo Levantado) gurekin.<\/p>\n<p>&nbsp;<\/p>\n<p><strong>Mesedez, hautatu Birako data:<\/strong><\/p>","protected":false},"featured_media":232,"template":"","meta":[],"product_brand":[],"product_cat":[123,124],"product_tag":[137,205,180,125,206,139,163,129,207,208,132,209,210,211,212,133,213,214,215,216,217,218,190,219,114,142,148,143,220],"class_list":{"0":"post-49","1":"product","2":"type-product","3":"status-publish","4":"has-post-thumbnail","6":"product_cat-tours-excursions-los-haitises-national-park","7":"product_cat-tours-excursions-samana-bay-dominican-republic","8":"product_tag-bacardi-island","9":"product_tag-bacardi-island-tours","10":"product_tag-birdwatching","11":"product_tag-boat-tour","12":"product_tag-caves-los-haitises","13":"product_tag-cayo-levantado","14":"product_tag-cayo-levantado-tour","15":"product_tag-eco-tours","16":"product_tag-excursiones-a-los-haitises-y-cayo-levantado","17":"product_tag-haitises-park-and-cayo-levantado-island","18":"product_tag-los-haitises","19":"product_tag-los-haitises-excursiones","20":"product_tag-los-haitises-excursions","21":"product_tag-los-haitises-mapa","22":"product_tag-los-haitises-mas-cayo-levantado","23":"product_tag-los-haitises-national-park","24":"product_tag-los-haitises-national-park-map","25":"product_tag-los-haitises-national-park-mas-cayo-levantado","26":"product_tag-los-haitises-national-park-tour-from-las-terrenas","27":"product_tag-los-haitises-national-park-tour-from-samana-port-bacardi-island-cayo-levantado","28":"product_tag-los-haitises-national-park-tour-from-santo-domingo","29":"product_tag-los-haitises-park-tour-cayo-levantado-island","30":"product_tag-los-haitises-samana","31":"product_tag-los-haitises-y-cayo-levantado","32":"product_tag-sabana-de-la-mar","33":"product_tag-samana","34":"product_tag-samana-excursions","35":"product_tag-samana-tours","36":"product_tag-tour-los-haitises-national-park-cayo-levantado","38":"first","39":"instock","40":"sale","41":"sold-individually","42":"shipping-taxable","43":"product-type-external"},"_links":{"self":[{"href":"https:\/\/visitaloshaitises.com\/eu\/wp-json\/wp\/v2\/product\/49","targetHints":{"allow":["GET"]}}],"collection":[{"href":"https:\/\/visitaloshaitises.com\/eu\/wp-json\/wp\/v2\/product"}],"about":[{"href":"https:\/\/visitaloshaitises.com\/eu\/wp-json\/wp\/v2\/types\/product"}],"wp:featuredmedia":[{"embeddable":true,"href":"https:\/\/visitaloshaitises.com\/eu\/wp-json\/wp\/v2\/media\/232"}],"wp:attachment":[{"href":"https:\/\/visitaloshaitises.com\/eu\/wp-json\/wp\/v2\/media?parent=49"}],"wp:term":[{"taxonomy":"product_brand","embeddable":true,"href":"https:\/\/visitaloshaitises.com\/eu\/wp-json\/wp\/v2\/product_brand?post=49"},{"taxonomy":"product_cat","embeddable":true,"href":"https:\/\/visitaloshaitises.com\/eu\/wp-json\/wp\/v2\/product_cat?post=49"},{"taxonomy":"product_tag","embeddable":true,"href":"https:\/\/visitaloshaitises.com\/eu\/wp-json\/wp\/v2\/product_tag?post=49"}],"curies":[{"name":"wp","href":"https:\/\/api.w.org\/{rel}","templated":true}]}}