{"id":222,"date":"2020-06-14T11:59:53","date_gmt":"2020-06-14T11:59:53","guid":{"rendered":"https:\/\/haitises.com\/product\/import-placeholder-for-9630\/"},"modified":"2020-09-13T22:05:39","modified_gmt":"2020-09-13T22:05:39","slug":"parasailing-tour-from-punta-cana-30-usd","status":"publish","type":"product","link":"https:\/\/visitaloshaitises.com\/et\/privaatne\/parasailing-tour-from-punta-cana-30-usd\/","title":{"rendered":"Parasailing Tour from Punta Cana 30 USD."},"content":{"rendered":"<p>u<div class=\"vc_row wpb_row vc_row-fluid\" ><div class=\"wpb_column vc_column_container vc_col-sm-12\"><div class=\"vc_column-inner\"><div class=\"wpb_wrapper\">[mkdf_section_title title_tag=\u00bb\u00bb disable_break_words=\u00bbno\u00bb subtitle_tag=\u00bb\u00bb text_font_weight=\u00bb\u00bb title=\u00bb Parasailing Tour from Punta Cana\u00bb subtitle=\u00bbFrom Punta Cana Hotels\u00bb text=\u00bbNote: This tour starts at 7: 00 am Depending where is the Pickup Hotels Time may Change. Extras cost for Pick up in Areas not listed in Our Description.\u00bb]<\/div><\/div><\/div><\/div><div class=\"vc_row wpb_row vc_row-fluid\" ><div class=\"wpb_column vc_column_container vc_col-sm-12\"><div class=\"vc_column-inner\"><div class=\"wpb_wrapper\"><div class=\"vc_empty_space\"   style=\"height: 32px\"><span class=\"vc_empty_space_inner\"><\/span><\/div><\/div><\/div><\/div><\/div><div class=\"vc_row wpb_row vc_row-fluid\" ><div class=\"wpb_column vc_column_container vc_col-sm-12\"><div class=\"vc_column-inner\"><div class=\"wpb_wrapper\">\n\t<div class=\"wpb_text_column wpb_content_element\" >\n\t\t<div class=\"wpb_wrapper\">\n\t\t\t<h4><b><i>\u00dclevaade <\/i><\/b><\/h4>\n<div>\n<p>Parasail over the Punta Cana\/Bavaro coastline during this 40-minute activity departing from Punta Cana.\u00a0Benefit from the expertise of one of the most experienced parasail companies in the Dominican Republic, wiith over 60,000 flights since 2001. Get breathtaking views of the beaches, turquoise waters and sprawling resorts that line the shore while flying hundreds of feet in the air. Bring sunscreen, a bathing suit and a sense of adventure. Scenic air tour Travel by boat and see the sights from the water Choice of morning or afternoon departure Free hotel pickup and drop-off included<\/p>\n<\/div>\n<ul class=\"vcs-highlights\">\n<li>Choice of several departures throughout the day<\/li>\n<li>Enjoy fantastic aerial views<\/li>\n<li>Family friendly<\/li>\n<li>Pickup from a centrally located meeting point<\/li>\n<li>Romantic experience, perfect for couples<\/li>\n<\/ul>\n<p>&nbsp;<\/p>\n<h4><b>Kaasamised ja v\u00e4listused<\/b><\/h4>\n<p>&nbsp;<\/p>\n<p><b>Kaasamised<\/b><\/p>\n<p>&nbsp;<\/p>\n<ol>\n<li>Parasaling Tour<\/li>\n<li>Bus pick up from Your Hotel<\/li>\n<li style=\"font-weight: 400;\"><span style=\"font-weight: 400;\">K\u00f5ik maksud, tasud ja k\u00e4itlustasud<\/span><\/li>\n<li style=\"font-weight: 400;\"><span style=\"font-weight: 400;\">Kohalikud maksud<\/span><\/li>\n<li style=\"font-weight: 400;\"><span style=\"font-weight: 400;\">Joogid<\/span><\/li>\n<\/ol>\n<p><b> V\u00e4listused<\/b><\/p>\n<ol>\n<li style=\"font-weight: 400;\"><span style=\"font-weight: 400;\">Jootraha<\/span><\/li>\n<li>L\u00f5unas\u00f6\u00f6k<\/li>\n<\/ol>\n<p>&nbsp;<\/p>\n<h4><em><strong>V\u00e4ljumine ja tagasitulek<\/strong><\/em><\/h4>\n<p><span style=\"font-weight: 400;\">Reisija saab p\u00e4rast broneerimisprotsessi kohtumispunkti. Ekskursioonid algavad ja l\u00f5ppevad meie kohtumispunktides.<\/span><\/p>\n<p>&nbsp;<\/p>\n<h4><b><i>Mida oodata?<\/i><\/b><\/h4>\n<p>Imagine being raised 150 feet in the air, the cool wind caressing your face while relaxing with a spectacular view of the coast of Bavaro &#8211; Punta Cana. Stop imagining and join us in the exciting ride of parasailing, a truly unforgettable experience. You only need sunscreen and bathing suit, while enjoying the thrill of the ride. Fly with the premiere parasail company of the Dominican Republic. With over 60,000 flights since 2001, our skilled captains and crew are among the most experienced in the business.<\/p>\n<p><strong>Tunniplaan:<\/strong><\/p>\n<p>7:00 \u2013 19:00\u2026 Aeg muutub s\u00f5ltuvalt sellest, kus Punta Canas asute.<\/p>\n<p>&nbsp;<\/p>\n<h4><em><strong>Mida peaksite kaasa v\u00f5tma?<\/strong><\/em><\/h4>\n<ul>\n<li style=\"font-weight: 400;\"><span style=\"font-weight: 400;\">kaamera<\/span><\/li>\n<li style=\"font-weight: 400;\"><span style=\"font-weight: 400;\">T\u00f5rjuvad pungad<\/span><\/li>\n<li style=\"font-weight: 400;\"><span style=\"font-weight: 400;\">p\u00e4ikesekreem<\/span><\/li>\n<li style=\"font-weight: 400;\"><span style=\"font-weight: 400;\">M\u00fcts<\/span><\/li>\n<li style=\"font-weight: 400;\"><span style=\"font-weight: 400;\">Mugavad p\u00fcksid<\/span><\/li>\n<li style=\"font-weight: 400;\"><span style=\"font-weight: 400;\">Matkajalatsid metsa<\/span><\/li>\n<li style=\"font-weight: 400;\"><span style=\"font-weight: 400;\">Sandaalid randa<\/span><\/li>\n<li style=\"font-weight: 400;\"><span style=\"font-weight: 400;\">Ujumisriided<\/span><\/li>\n<li>Sularaha suveniiride eest<\/li>\n<\/ul>\n<p>&nbsp;<\/p>\n<h4><b><i>Hotelli j\u00e4reletulemine <\/i><\/b><\/h4>\n<p><span style=\"font-weight: 400;\">Pakutakse reisijate j\u00e4reletulemist!<\/span><\/p>\n<p><span style=\"font-weight: 400;\">Tuleme j\u00e4rele k\u00f5ikidest Punta Cana hotellidest. Vastuv\u00f5tukoht on Hotel Lobby<br \/>\nKui peatute selles piirkonnas asuvas korteris, tuleme teile j\u00e4rele korterist v\u00f5i l\u00e4hima kuurordi sissep\u00e4\u00e4su juurest. V\u00f5tame teiega \u00fchendust Whatsapi kaudu.<\/span><\/p>\n<p><b>M\u00e4rge:<\/b><span style=\"font-weight: 400;\"> Kui olete broneeritud 24 tunni jooksul p\u00e4rast ekskursiooni\/ekskursiooni v\u00e4ljumisaega, saame korraldada hotelli pealetulemise. Kui teie ost on l\u00f5pule viidud, saadame teile meie kohaliku giidi t\u00e4ieliku kontaktteabe (telefoninumber, e-posti aadress jne), et korraldada j\u00e4reletulemise korraldamine.<\/span><\/p>\n<h4><b><i>Lisateabe kinnitus <\/i><\/b><\/h4>\n<ol>\n<li>Piletid on kviitung p\u00e4rast selle ekskursiooni tasumist. Saate n\u00e4idata makset oma telefonis.<\/li>\n<li style=\"font-weight: 400;\"><span style=\"font-weight: 400;\">Kohtumispunkt v\u00f5etakse vastu p\u00e4rast broneerimisprotsessi.<\/span><\/li>\n<li style=\"font-weight: 400;\"><span style=\"font-weight: 400;\">Lastega peab kaasas olema t\u00e4iskasvanu.<\/span><\/li>\n<li style=\"font-weight: 400;\"><span style=\"font-weight: 400;\">ratastooliga ligip\u00e4\u00e4setav <\/span><\/li>\n<li style=\"font-weight: 400;\"><span style=\"font-weight: 400;\">Imikud peavad istuma s\u00fcles <\/span><\/li>\n<li style=\"font-weight: 400;\"><span style=\"font-weight: 400;\">Enamik reisijaid saab osaleda<\/span><\/li>\n<\/ol>\n<h4><b><i>T\u00fchistamispoliitika<\/i><\/b><\/h4>\n<p><span style=\"font-weight: 400;\">T\u00e4ieliku raha tagasi saamiseks t\u00fchistage v\u00e4hemalt 24 tundi enne elamuse alguskuup\u00e4eva.<\/span><\/p>\n\n\t\t<\/div>\n\t<\/div>\n<\/div><\/div><\/div><\/div><div class=\"vc_row wpb_row vc_row-fluid\" ><div class=\"wpb_column vc_column_container vc_col-sm-12\"><div class=\"vc_column-inner\"><div class=\"wpb_wrapper\">\n\t<div class=\"wpb_text_column wpb_content_element\" >\n\t\t<div class=\"wpb_wrapper\">\n\t\t\t<h4>V\u00f5ta meiega \u00fchendust?<\/h4>\n<h5><em><strong>Seikluste broneerimine<\/strong><\/em><\/h5>\n<p><em><strong>Kohalikud<\/strong> ja <strong>Rahvuslased<\/strong> Giidid ja k\u00fclalisteteenused<\/em><\/p>\n<p><span class=\"text-turquoise\">Broneeringud:<\/span> Reisid ja ekskursioonid Dom Rep.<\/p>\n\n\t\t<\/div>\n\t<\/div>\n<\/div><\/div><\/div><\/div><div class=\"vc_row wpb_row vc_row-fluid\" ><div class=\"wpb_column vc_column_container vc_col-sm-12\"><div class=\"vc_column-inner\"><div class=\"wpb_wrapper\"><div class=\"vc_empty_space\"   style=\"height: 32px\"><span class=\"vc_empty_space_inner\"><\/span><\/div>\n\t<div class=\"wpb_text_column wpb_content_element\" >\n\t\t<div class=\"wpb_wrapper\">\n\t\t\t<h4>V\u00f5ta meiega \u00fchendust?<\/h4>\n<h5>Seikluste broneerimine<\/h5>\n<p><em><strong>Kohalikud<\/strong>\u00a0ja\u00a0<strong>Rahvuslased<\/strong>\u00a0Giidid ja k\u00fclalisteteenused<\/em><\/p>\n<p><span class=\"text-turquoise\">Broneeringud:<\/span>\u00a0Reisid ja ekskursioonid Dom Rep.<\/p>\n<p><img decoding=\"async\" class=\"emoji\" draggable=\"false\" src=\"https:\/\/s.w.org\/images\/core\/emoji\/11.2.0\/svg\/1f4de.svg\" alt=\"\ud83d\udcde\" \/>\u00a0Tel\/Whatsapp\u00a0\u00a0<a href=\"tel:+1-809-720-6035\">+1-809-720-6035<\/a>.<\/p>\n<p><img decoding=\"async\" class=\"emoji\" draggable=\"false\" src=\"https:\/\/s.w.org\/images\/core\/emoji\/11.2.0\/svg\/1f4e9.svg\" alt=\"\ud83d\udce9\" \/>\u00a0<a href=\"mailto:info@bookingadventures.com.do\">info@bookingadventures.com.do<\/a><\/p>\n<p><strong>Me korraldame paindlikult Whatsapi privaatreise:\u00a0<a href=\"tel:+18097206035\">+18097206035.<\/a><\/strong><\/p>\n\n\t\t<\/div>\n\t<\/div>\n<div class=\"vc_empty_space\"   style=\"height: 32px\"><span class=\"vc_empty_space_inner\"><\/span><\/div><\/div><\/div><\/div><\/div>","protected":false},"excerpt":{"rendered":"<p>Parasailing in Punta Cana is an incredible adventure and one of the best things to do in Punta Cana. The coastline from 200 feet in the air, while you sail, is absolutely stunning.<\/p>\n<p>\u200bParasailing is a simple and fun experience for all the members of the family. As the main parasailing and adventure company in the Dominican Republic, our Parasailing team is among the most experienced in Punta Cana, with more than 16 years of experience in flights. You can enjoy about 15 minutes of flight while enjoying the beautiful panoramic view.<\/p>\n<p>&nbsp;<\/p>\n<p><em><strong>Palun valige ringk\u00e4igu kuup\u00e4ev\u00a0<\/strong><\/em><\/p>","protected":false},"featured_media":451,"template":"","meta":[],"product_brand":[],"product_cat":[359,305,122,259],"product_tag":[167,360,361,141,362,228,171],"class_list":{"0":"post-222","1":"product","2":"type-product","3":"status-publish","4":"has-post-thumbnail","6":"product_cat-parasaling","7":"product_cat-tours-and-excursion-punta-cana","8":"product_cat-tours-and-excursions","9":"product_cat-tours-excursions-punta-cana-dominican-republic","10":"product_tag-catamaran","11":"product_tag-parasail-punta-cana","12":"product_tag-parasailing-in-punta-cana","13":"product_tag-punta-cana","14":"product_tag-punta-cana-catamaran-party-with-snorkeling-and-parasailing","15":"product_tag-punta-cana-tours","16":"product_tag-saona-island","18":"first","19":"onbackorder","20":"sale","21":"featured","22":"virtual","23":"sold-individually","24":"purchasable","25":"product-type-simple"},"_links":{"self":[{"href":"https:\/\/visitaloshaitises.com\/et\/wp-json\/wp\/v2\/product\/222","targetHints":{"allow":["GET"]}}],"collection":[{"href":"https:\/\/visitaloshaitises.com\/et\/wp-json\/wp\/v2\/product"}],"about":[{"href":"https:\/\/visitaloshaitises.com\/et\/wp-json\/wp\/v2\/types\/product"}],"wp:featuredmedia":[{"embeddable":true,"href":"https:\/\/visitaloshaitises.com\/et\/wp-json\/wp\/v2\/media\/451"}],"wp:attachment":[{"href":"https:\/\/visitaloshaitises.com\/et\/wp-json\/wp\/v2\/media?parent=222"}],"wp:term":[{"taxonomy":"product_brand","embeddable":true,"href":"https:\/\/visitaloshaitises.com\/et\/wp-json\/wp\/v2\/product_brand?post=222"},{"taxonomy":"product_cat","embeddable":true,"href":"https:\/\/visitaloshaitises.com\/et\/wp-json\/wp\/v2\/product_cat?post=222"},{"taxonomy":"product_tag","embeddable":true,"href":"https:\/\/visitaloshaitises.com\/et\/wp-json\/wp\/v2\/product_tag?post=222"}],"curies":[{"name":"wp","href":"https:\/\/api.w.org\/{rel}","templated":true}]}}