{"id":11644,"date":"2023-10-04T07:39:47","date_gmt":"2023-10-04T07:39:47","guid":{"rendered":"https:\/\/haitises.com\/?post_type=product&#038;p=11644"},"modified":"2024-04-01T15:11:11","modified_gmt":"2024-04-01T15:11:11","slug":"el-limon-waterfall-cayo-levantado-private-tour","status":"publish","type":"product","link":"https:\/\/visitaloshaitises.com\/et\/private\/el-limon-waterfall-cayo-levantado-private-tour\/","title":{"rendered":"El Lim\u00f3n Waterfall &#038; Cayo Levantado Private Tour"},"content":{"rendered":"<div class=\"vc_row wpb_row vc_row-fluid\" ><div class=\"wpb_column vc_column_container vc_col-sm-12\"><div class=\"vc_column-inner\"><div class=\"wpb_wrapper\"><div class=\"mkdf-section-title-holder\" style=\"text-align: left\">\n\t<div class=\"mkdf-st-inner\">\n\t\t\t\t\t<h5 class=\"mkdf-st-subtitle\" >\n\t\t\t\tTransport ja l\u00f5unas\u00f6\u00f6k hinna sees\t\t\t<\/h5>\n\t\t\t\t\t\t\t<h3 class=\"mkdf-st-title\" >\n\t\t\t\tEl Limon Waterfalls plus Cayo Levantado Private Trip\t\t\t<\/h3>\n\t\t\t\t\t<\/div>\n<\/div><\/div><\/div><\/div><\/div><div class=\"vc_row wpb_row vc_row-fluid\" ><div class=\"wpb_column vc_column_container vc_col-sm-12\"><div class=\"vc_column-inner\"><div class=\"wpb_wrapper\"><div class=\"vc_btn3-container vc_btn3-inline\" ><button class=\"vc_general vc_btn3 vc_btn3-size-md vc_btn3-shape-rounded vc_btn3-style-modern vc_btn3-color-green\">BRONEERI KOHE<\/button><\/div>\n\t<div class=\"wpb_text_column wpb_content_element\" >\n\t\t<div class=\"wpb_wrapper\">\n\t\t\t<h3 class=\"LC20lb\">El Lim\u00f3n Waterfall + Cayo Levantado &#8211; Excursiones Saman\u00e1 full day Trip.<\/h3>\n<h4><b><i>\u00dclevaade <\/i><\/b><\/h4>\n<p>Private Excursion to visit El Limon Waterfalls and Cayo Levantado ( Bacrdi Island). Two activities in just one day, visiting with local tour Guide the beuty from the forest and the waterfalls from el limon Comunity. You can make this trip hiking or riding Horses trouhg the coffe and coconuts paths. After visiting El limon Waterfalls we will drive to Samana City center pier and take a Boat to Cayo Levantado also name as Bacardi Island. There we will have buffet lunch and afternoon swimming in Cayo Levantado beach with options to snorkeling on the corals reefs.<\/p>\n<p>After this experience, you will get Back to our meeting point from where we pick you up.<\/p>\n<ul>\n<li style=\"font-weight: 400;\">Tasud hinna sees<\/li>\n<li>L\u00f5unas\u00f6\u00f6k<\/li>\n<li>Suupisted<\/li>\n<li style=\"font-weight: 400;\">Kohalik reisijuht inglise v\u00f5i prantsuse keeles<\/li>\n<li>Transport<\/li>\n<li>Laevareis<\/li>\n<\/ul>\n<p>&nbsp;<\/p>\n<h4><b>Kaasamised ja v\u00e4listused<\/b><\/h4>\n<p>&nbsp;<\/p>\n<p><b>Kaasamised<\/b><\/p>\n<ol>\n<li style=\"font-weight: 400;\">El Limon Waterfalls Hiking or horses riding<\/li>\n<li>L\u00f5unas\u00f6\u00f6k<\/li>\n<li style=\"font-weight: 400;\"><span style=\"font-weight: 400;\">K\u00f5ik maksud, tasud ja k\u00e4itlustasud<\/span><\/li>\n<li style=\"font-weight: 400;\"><span style=\"font-weight: 400;\">Kohalikud maksud<\/span><\/li>\n<li style=\"font-weight: 400;\"><span style=\"font-weight: 400;\">Joogid<\/span><\/li>\n<li>Suupisted<\/li>\n<li style=\"font-weight: 400;\"><span style=\"font-weight: 400;\">K\u00f5ik tegevused<\/span><\/li>\n<li style=\"font-weight: 400;\"><span style=\"font-weight: 400;\">Kohalik giid<\/span><\/li>\n<\/ol>\n<p><b> V\u00e4listused<\/b><\/p>\n<ol>\n<li style=\"font-weight: 400;\"><span style=\"font-weight: 400;\">Jootraha<\/span><\/li>\n<li style=\"font-weight: 400;\"><span style=\"font-weight: 400;\">Alkohoolsed joogid<\/span><\/li>\n<\/ol>\n<p>&nbsp;<\/p>\n<h4><em><strong>V\u00e4ljumine ja tagasitulek<\/strong><\/em><\/h4>\n<p><span style=\"font-weight: 400;\">Reisija saab p\u00e4rast broneerimisprotsessi kohtumispunkti. Ekskursioonid algavad ja l\u00f5pevad teie kohtumispunktides.<\/span><\/p>\n<h4><\/h4>\n<h3 class=\"LC20lb\">El Lim\u00f3n Waterfall + Cayo Levantado &#8211; Excursiones in Saman\u00e1<\/h3>\n<h4><b><i>Mida oodata?<\/i><\/b><\/h4>\n<p><em><strong>Hankige oma piletid<\/strong><\/em> for visiting El limon Waterfalls plus Cayo Levantado island. Full Day Trip. Starting from Saman\u00e1 with transportation to El limon waterfalls<\/p>\n<p>Excursion, organized by \u00abBooking Adventures\u00bb starts at the meeting point set with the Tour Guide. Come with Booking Adventures in Private trips to El Limon waterfalls with a local tour guide. Horse riding or hinking trip by the Forest going around the edge of the Lemon River, visiting cacao and Coffe plantations under the Coconuts shadows palms trees. First, stop in the Small waterfall where usually there are not many people and you can swim around. After we continue to the big waterfall where we will stay for an hour or more if you want to.<\/p>\n<p>Getting horses or hiking back to the car and driving back to Samana port. Getting onboard to Visit Bacardi island, Becouse Frite fish with Tostones and Salad are waiting for us to have a taste lunch or you can get other options like lobters in the menu with extra charges.<\/p>\n<p>Feel free to Swimming on one of the most beutifull beaches of The Dominican Republic. And set time to finish with our tour Guide.<\/p>\n<p>&nbsp;<\/p>\n<h4><em><strong>Mida peaksite kaasa v\u00f5tma?<\/strong><\/em><\/h4>\n<ul>\n<li style=\"font-weight: 400;\"><span style=\"font-weight: 400;\">kaamera<\/span><\/li>\n<li style=\"font-weight: 400;\"><span style=\"font-weight: 400;\">T\u00f5rjuvad pungad<\/span><\/li>\n<li style=\"font-weight: 400;\"><span style=\"font-weight: 400;\">p\u00e4ikesekreem<\/span><\/li>\n<li style=\"font-weight: 400;\"><span style=\"font-weight: 400;\">M\u00fcts<\/span><\/li>\n<li style=\"font-weight: 400;\"><span style=\"font-weight: 400;\">Mugavad p\u00fcksid<\/span><\/li>\n<li style=\"font-weight: 400;\"><span style=\"font-weight: 400;\">Matkajalatsid metsa<\/span><\/li>\n<li style=\"font-weight: 400;\"><span style=\"font-weight: 400;\">Sandaalid kevadpiirkondadesse.<\/span><\/li>\n<li style=\"font-weight: 400;\"><span style=\"font-weight: 400;\">Ujumisriided<\/span><\/li>\n<\/ul>\n<p>&nbsp;<\/p>\n<h4><b><i>Hotelli j\u00e4reletulemine <\/i><\/b><\/h4>\n<p><span style=\"font-weight: 400;\">Selle ekskursiooni puhul hotelli vastutulemist ei pakuta. <\/span><\/p>\n<p>&nbsp;<\/p>\n<p><b>M\u00e4rge:<\/b><span style=\"font-weight: 400;\"> Kui olete broneeritud 24 tunni jooksul p\u00e4rast ekskursiooni\/ekskursiooni v\u00e4ljumisaega, saame korraldada lisatasu eest hotelli pealetulemise. Kui teie ost on l\u00f5pule viidud, saadame teile meie kohaliku giidi t\u00e4ieliku kontaktteabe (telefoninumber, e-posti aadress jne), et korraldada kohaletoomise korraldamine.<\/span><\/p>\n<h4><b><i>Lisateabe kinnitus <\/i><\/b><\/h4>\n<ol>\n<li>Piletid on kviitung p\u00e4rast selle ekskursiooni tasumist. Saate n\u00e4idata makset oma telefonis.<\/li>\n<li style=\"font-weight: 400;\"><span style=\"font-weight: 400;\">Kohtumispunkt v\u00f5etakse vastu p\u00e4rast broneerimisprotsessi.<\/span><\/li>\n<li style=\"font-weight: 400;\"><span style=\"font-weight: 400;\">Lastega peab kaasas olema t\u00e4iskasvanu.<\/span><\/li>\n<li style=\"font-weight: 400;\"><span style=\"font-weight: 400;\"> Pole ratastooliga ligip\u00e4\u00e4setav <\/span><\/li>\n<li style=\"font-weight: 400;\"><span style=\"font-weight: 400;\">Imikud peavad istuma s\u00fcles <\/span><\/li>\n<li style=\"font-weight: 400;\"><span style=\"font-weight: 400;\">Ei soovitata seljaprobleemidega reisijatele<\/span><\/li>\n<li style=\"font-weight: 400;\"><span style=\"font-weight: 400;\">Ei soovitata rasedatele reisijatele <\/span><\/li>\n<li style=\"font-weight: 400;\"><span style=\"font-weight: 400;\"> Puuduvad s\u00fcdameprobleemid ega muud t\u00f5sised haigusseisundid <\/span><\/li>\n<li style=\"font-weight: 400;\"><span style=\"font-weight: 400;\">Enamik reisijaid saab osaleda<\/span><\/li>\n<\/ol>\n<h4><b><i>T\u00fchistamispoliitika<\/i><\/b><\/h4>\n<p>T\u00e4ieliku tagasimakse saamiseks lugege palun meie t\u00fchistamiseeskirju\u00a0<a href=\"https:\/\/www.ticketswhales.com\/online-booking\/\" target=\"_blank\" rel=\"noopener\" data-saferedirecturl=\"https:\/\/www.google.com\/url?q=https:\/\/www.ticketswhales.com\/online-booking\/&amp;source=gmail&amp;ust=1672529771100000&amp;usg=AOvVaw2NIGJBZ0qjB5RhPUl5Obc7\">Kliki siia<\/a>. Vahendid l\u00e4hevad kaotsi, kui broneering t\u00fchistatakse samal reisip\u00e4eval.<\/p>\n\n\t\t<\/div>\n\t<\/div>\n<div class=\"vc_btn3-container vc_btn3-inline\" ><button class=\"vc_general vc_btn3 vc_btn3-size-md vc_btn3-shape-rounded vc_btn3-style-modern vc_btn3-color-green\">BRONEERI KOHE<\/button><\/div><\/div><\/div><\/div><\/div><div class=\"vc_row wpb_row vc_row-fluid\" ><div class=\"wpb_column vc_column_container vc_col-sm-12\"><div class=\"vc_column-inner\"><div class=\"wpb_wrapper\">\n\t<div class=\"wpb_video_widget wpb_content_element vc_clearfix   vc_video-aspect-ratio-169 vc_video-el-width-100 vc_video-align-left\" >\n\t\t<div class=\"wpb_wrapper\">\n\t\t\t\n\t\t\t<div class=\"wpb_video_wrapper\"><a href=\"https:\/\/www.youtube.com\/watch?v=oWlwxZLQnVU\" target=\"_blank\" rel=\"noopener\">https:\/\/www.youtube.com\/watch?v=oWlwxZLQnVU<\/a><\/div>\n\t\t<\/div>\n\t<\/div>\n<\/div><\/div><\/div><\/div><div class=\"vc_row wpb_row vc_row-fluid\" ><div class=\"wpb_column vc_column_container vc_col-sm-12\"><div class=\"vc_column-inner\"><div class=\"wpb_wrapper\"><div class=\"vc_empty_space\"   style=\"height: 32px\"><span class=\"vc_empty_space_inner\"><\/span><\/div>\n\t<div class=\"wpb_text_column wpb_content_element\" >\n\t\t<div class=\"wpb_wrapper\">\n\t\t\t<h4>V\u00f5ta meiega \u00fchendust?<\/h4>\n<h5>Seikluste broneerimine<\/h5>\n<p><em><strong>Kohalikud<\/strong>\u00a0ja\u00a0<strong>Rahvuslased<\/strong>\u00a0Giidid ja k\u00fclalisteteenused<\/em><\/p>\n<p><span class=\"text-turquoise\">Broneeringud:<\/span>\u00a0Reisid ja ekskursioonid Dom Rep.<\/p>\n<p><img decoding=\"async\" class=\"emoji\" draggable=\"false\" src=\"https:\/\/s.w.org\/images\/core\/emoji\/11.2.0\/svg\/1f4de.svg\" alt=\"\ud83d\udcde\" \/>\u00a0Tel\/Whatsapp\u00a0\u00a0<a href=\"tel:+1-809-720-6035\">+1-809-720-6035<\/a>.<\/p>\n<p><img decoding=\"async\" class=\"emoji\" draggable=\"false\" src=\"https:\/\/s.w.org\/images\/core\/emoji\/11.2.0\/svg\/1f4e9.svg\" alt=\"\ud83d\udce9\" \/>\u00a0<a href=\"mailto:info@bookingadventures.com.do\">info@bookingadventures.com.do<\/a><\/p>\n<p><strong>Me korraldame paindlikult Whatsapi privaatreise:\u00a0<a href=\"tel:+18097206035\">+18097206035.<\/a><\/strong><\/p>\n\n\t\t<\/div>\n\t<\/div>\n<div class=\"vc_empty_space\"   style=\"height: 32px\"><span class=\"vc_empty_space_inner\"><\/span><\/div><\/div><\/div><\/div><\/div><div class=\"vc_row wpb_row vc_row-fluid\" ><div class=\"wpb_column vc_column_container vc_col-sm-12\"><div class=\"vc_column-inner\"><div class=\"wpb_wrapper\"><div class=\"vc_btn3-container vc_btn3-inline\" ><button class=\"vc_general vc_btn3 vc_btn3-size-md vc_btn3-shape-rounded vc_btn3-style-modern vc_btn3-color-green\">BRONEERI KOHE<\/button><\/div><\/div><\/div><\/div><\/div>","protected":false},"excerpt":{"rendered":"<p><span class=\"Y2IQFc\" lang=\"en\">Private excursion to visit El Lim\u00f3n and Cayo Levantado Waterfalls (Bacardi Island). Two activities in one day, visiting the beauty of the forest and the waterfalls of the community of El Lim\u00f3n with a local tour guide. You can take this trip on foot or on horseback along the coffee and coconut trails. After visiting the El Lim\u00f3n Waterfalls, we will go to the pier in the center of the city of Saman\u00e1 and take a boat to Cayo Levantado, also called Bacardi Island. There we will have buffet lunch and afternoon swimming in the beach of Cayo Levantado with options to snorkel in the coral reefs.<\/span><\/p>\n<p>&nbsp;<\/p>\n<p><b>Select your date trip: <\/b><\/p>","protected":false},"featured_media":11099,"template":"","meta":[],"product_brand":[],"product_cat":[567,575,264,122,124],"product_tag":[139,163,265,140,225,266,267,268,142,148,143],"class_list":{"0":"post-11644","1":"product","2":"type-product","3":"status-publish","4":"has-post-thumbnail","6":"product_cat-el-limon-horseback-riding","7":"product_cat-el-limon-samana","8":"product_cat-salto-el-limon-and-bacardi-island","9":"product_cat-tours-and-excursions","10":"product_cat-tours-excursions-samana-bay-dominican-republic","11":"product_tag-cayo-levantado","12":"product_tag-cayo-levantado-tour","13":"product_tag-el-limon-tours","14":"product_tag-el-limon-waterfalls","15":"product_tag-las-terrenas","16":"product_tag-salto-el-limon","17":"product_tag-salto-el-limon-hiking","18":"product_tag-salto-el-limon-tour","19":"product_tag-samana","20":"product_tag-samana-excursions","21":"product_tag-samana-tours","23":"first","24":"instock","25":"sale","26":"sold-individually","27":"shipping-taxable","28":"product-type-external"},"_links":{"self":[{"href":"https:\/\/visitaloshaitises.com\/et\/wp-json\/wp\/v2\/product\/11644","targetHints":{"allow":["GET"]}}],"collection":[{"href":"https:\/\/visitaloshaitises.com\/et\/wp-json\/wp\/v2\/product"}],"about":[{"href":"https:\/\/visitaloshaitises.com\/et\/wp-json\/wp\/v2\/types\/product"}],"wp:featuredmedia":[{"embeddable":true,"href":"https:\/\/visitaloshaitises.com\/et\/wp-json\/wp\/v2\/media\/11099"}],"wp:attachment":[{"href":"https:\/\/visitaloshaitises.com\/et\/wp-json\/wp\/v2\/media?parent=11644"}],"wp:term":[{"taxonomy":"product_brand","embeddable":true,"href":"https:\/\/visitaloshaitises.com\/et\/wp-json\/wp\/v2\/product_brand?post=11644"},{"taxonomy":"product_cat","embeddable":true,"href":"https:\/\/visitaloshaitises.com\/et\/wp-json\/wp\/v2\/product_cat?post=11644"},{"taxonomy":"product_tag","embeddable":true,"href":"https:\/\/visitaloshaitises.com\/et\/wp-json\/wp\/v2\/product_tag?post=11644"}],"curies":[{"name":"wp","href":"https:\/\/api.w.org\/{rel}","templated":true}]}}