{"id":11022,"date":"2021-04-09T10:45:51","date_gmt":"2021-04-09T10:45:51","guid":{"rendered":"https:\/\/haitises.com\/product\/import-placeholder-for-11458\/"},"modified":"2024-04-12T18:52:16","modified_gmt":"2024-04-12T18:52:16","slug":"punta-cana-buggy-tour-pick-up-from-punta-cana-hotels","status":"publish","type":"product","link":"https:\/\/visitaloshaitises.com\/et\/private\/punta-cana-buggy-tour-pick-up-from-punta-cana-hotels\/","title":{"rendered":"Punta Cana Buggy Tour &#8211; Pick Up From Punta Cana Hotels"},"content":{"rendered":"<div class=\"vc_row wpb_row vc_row-fluid\" ><div class=\"wpb_column vc_column_container vc_col-sm-12\"><div class=\"vc_column-inner\"><div class=\"wpb_wrapper\"><div class=\"mkdf-section-title-holder\" style=\"text-align: left\">\n\t<div class=\"mkdf-st-inner\">\n\t\t\t\t\t<h5 class=\"mkdf-st-subtitle\" >\n\t\t\t\tPunta Cana hotellidest\t\t\t<\/h5>\n\t\t\t\t\t\t\t<h3 class=\"mkdf-st-title\" >\n\t\t\t\tPunta Cana Buggies - Buggy\t\t\t<\/h3>\n\t\t\t\t\t\t\t<p class=\"mkdf-st-text\" >\n\t\t\t\tM\u00e4rkus. See ringk\u00e4ik algab kell 7.00 S\u00f5ltuvalt sellest, kus on hotelli j\u00e4reletulemise aeg, v\u00f5ib muutuda. Lisatasud j\u00e4reletulemise eest piirkondades, mida meie kirjelduses ei ole loetletud.\t\t\t<\/p>\n\t\t\t<\/div>\n<\/div><\/div><\/div><\/div><\/div><div class=\"vc_row wpb_row vc_row-fluid\" ><div class=\"wpb_column vc_column_container vc_col-sm-12\"><div class=\"vc_column-inner\"><div class=\"wpb_wrapper\"><div class=\"vc_empty_space\"   style=\"height: 32px\"><span class=\"vc_empty_space_inner\"><\/span><\/div><\/div><\/div><\/div><\/div><div class=\"vc_row wpb_row vc_row-fluid\" ><div class=\"wpb_column vc_column_container vc_col-sm-12\"><div class=\"vc_column-inner\"><div class=\"wpb_wrapper\">\n\t<div class=\"wpb_text_column wpb_content_element\" >\n\t\t<div class=\"wpb_wrapper\">\n\t\t\t<h4><b><i>\u00dclevaade <\/i><\/b><\/h4>\n<div>\n<p>Tour the paradise landscapes of Punta Cana, onboard your very own buggy! You&#8217;ll <strong>discover the Macao village and its idyllic beaches<\/strong>, as well as taking a dip in an indigenous cenote.<\/p>\n<\/div>\n<ul class=\"vcs-highlights\">\n<li>Choice of several departures throughout the day<\/li>\n<li>Enjoy fantastic\u00a0 views<\/li>\n<li>Family friendly<\/li>\n<li>Pickup from a centrally located meeting point<\/li>\n<li>Romantic experience, perfect for couples<\/li>\n<\/ul>\n<p>&nbsp;<\/p>\n<h4><b>Kaasamised ja v\u00e4listused<\/b><\/h4>\n<p>&nbsp;<\/p>\n<p><b>Kaasamised<\/b><\/p>\n<p>&nbsp;<\/p>\n<ol>\n<li>Buggies Tour<\/li>\n<li>Bus pick up from Your Hotel<\/li>\n<li style=\"font-weight: 400;\"><span style=\"font-weight: 400;\">K\u00f5ik maksud, tasud ja k\u00e4itlustasud<\/span><\/li>\n<li style=\"font-weight: 400;\"><span style=\"font-weight: 400;\">Kohalikud maksud<\/span><\/li>\n<li style=\"font-weight: 400;\"><span style=\"font-weight: 400;\">Joogid<\/span><\/li>\n<\/ol>\n<p><b> V\u00e4listused<\/b><\/p>\n<ol>\n<li style=\"font-weight: 400;\"><span style=\"font-weight: 400;\">Jootraha<\/span><\/li>\n<li>L\u00f5unas\u00f6\u00f6k<\/li>\n<\/ol>\n<p>&nbsp;<\/p>\n<h4><em><strong>V\u00e4ljumine ja tagasitulek<\/strong><\/em><\/h4>\n<p><span style=\"font-weight: 400;\">Reisija saab p\u00e4rast broneerimisprotsessi kohtumispunkti. Ekskursioonid algavad ja l\u00f5ppevad meie kohtumispunktides.<\/span><\/p>\n<p>&nbsp;<\/p>\n<h4><b><i>Mida oodata?<\/i><\/b><\/h4>\n<p>Having picked you up from your hotel we&#8217;ll make our way to the Punta Cana interior. Surrounded by <strong>coffee and cocoa plantations<\/strong>, your\u00a0<strong>local guides<\/strong>\u00a0will explain the tour and everything you need to know to drive your buggy.<\/p>\n<p>Then we&#8217;ll turn the key in the ignition, and begin the excitement, zipping over\u00a0<strong>hills,\u00a0through coffee plantations and\u00a0along dirt trails\u00a0and riverbeds<\/strong>.<\/p>\n<p>Our first stop will be at Macao beach. Far from the large hotels and tourist areas, this\u00a0<strong>natural paradise<\/strong>\u00a0and its crystal clear water is the perfect spot for a dip, and here you&#8217;ll have free time to\u00a0<strong>swim in the stunning Caribbean sea<\/strong>.<\/p>\n<p>Then we&#8217;ll climb back aboard our buggy, on our way to the so-called &#8216;Indigenous Springs&#8217;, discovering one of the most idyllic<strong>\u00a0cenotes<\/strong>\u00a0in Punta Cana. Here you&#8217;ll have half an hour free to explore this underground pool, swimming in its turquoise waters.<\/p>\n<p>Finally, we&#8217;ll leave the buggies behind, and we&#8217;ll accompany you back to your accommodation, putting an end to an unforgettable day.<\/p>\n<p><strong>Tunniplaan:<\/strong><\/p>\n<p>7:00 \u2013 19:00\u2026 Aeg muutub s\u00f5ltuvalt sellest, kus Punta Canas asute.<\/p>\n<h4>Solo or Sharing?<\/h4>\n<p>When making your reservation you can choose if you would prefer to drive a buggy to yourself or share a vehicle with one or three others. The price shown is per person.<\/p>\n<p>&nbsp;<\/p>\n<h4><em><strong>Mida peaksite kaasa v\u00f5tma?<\/strong><\/em><\/h4>\n<ul>\n<li style=\"font-weight: 400;\"><span style=\"font-weight: 400;\">kaamera<\/span><\/li>\n<li style=\"font-weight: 400;\"><span style=\"font-weight: 400;\">T\u00f5rjuvad pungad<\/span><\/li>\n<li style=\"font-weight: 400;\"><span style=\"font-weight: 400;\">p\u00e4ikesekreem<\/span><\/li>\n<li style=\"font-weight: 400;\"><span style=\"font-weight: 400;\">M\u00fcts<\/span><\/li>\n<li style=\"font-weight: 400;\"><span style=\"font-weight: 400;\">Mugavad p\u00fcksid<\/span><\/li>\n<li style=\"font-weight: 400;\"><span style=\"font-weight: 400;\">Matkajalatsid metsa<\/span><\/li>\n<li style=\"font-weight: 400;\"><span style=\"font-weight: 400;\">Sandaalid randa<\/span><\/li>\n<li style=\"font-weight: 400;\"><span style=\"font-weight: 400;\">Ujumisriided<\/span><\/li>\n<li>Sularaha suveniiride eest<\/li>\n<\/ul>\n<p>&nbsp;<\/p>\n<h4><b><i>Hotelli j\u00e4reletulemine <\/i><\/b><\/h4>\n<p><span style=\"font-weight: 400;\">Pakutakse reisijate j\u00e4reletulemist!<\/span><\/p>\n<p><span style=\"font-weight: 400;\">Tuleme j\u00e4rele k\u00f5ikidest Punta Cana hotellidest. Vastuv\u00f5tukoht on Hotel Lobby<br \/>\nKui peatute selles piirkonnas asuvas korteris, tuleme teile j\u00e4rele korterist v\u00f5i l\u00e4hima kuurordi sissep\u00e4\u00e4su juurest. V\u00f5tame teiega \u00fchendust Whatsapi kaudu.<\/span><\/p>\n<p><b>M\u00e4rge:<\/b><span style=\"font-weight: 400;\"> Kui olete broneeritud 24 tunni jooksul p\u00e4rast ekskursiooni\/ekskursiooni v\u00e4ljumisaega, saame korraldada hotelli pealetulemise. Kui teie ost on l\u00f5pule viidud, saadame teile meie kohaliku giidi t\u00e4ieliku kontaktteabe (telefoninumber, e-posti aadress jne), et korraldada j\u00e4reletulemise korraldamine.<\/span><\/p>\n<h4><b><i>Lisateabe kinnitus <\/i><\/b><\/h4>\n<ol>\n<li>Piletid on kviitung p\u00e4rast selle ekskursiooni tasumist. Saate n\u00e4idata makset oma telefonis.<\/li>\n<li style=\"font-weight: 400;\"><span style=\"font-weight: 400;\">Kohtumispunkt v\u00f5etakse vastu p\u00e4rast broneerimisprotsessi.<\/span><\/li>\n<li style=\"font-weight: 400;\"><strong>Children between 5 and 11<\/strong>\u00a0may only take part if they ride in a 2 or 4 person buggy, accompanied by an adult, as they are not able to drive the buggies.<\/li>\n<li style=\"font-weight: 400;\"><span style=\"font-weight: 400;\">ratastooliga ligip\u00e4\u00e4setav <\/span><\/li>\n<li style=\"font-weight: 400;\"><span style=\"font-weight: 400;\">Imikud peavad istuma s\u00fcles <\/span><\/li>\n<li style=\"font-weight: 400;\"><span style=\"font-weight: 400;\">Enamik reisijaid saab osaleda<\/span><\/li>\n<li><strong>Pregnant women<\/strong>\u00a0may not take part in this activity.<\/li>\n<\/ol>\n<h4><b><i>T\u00fchistamispoliitika<\/i><\/b><\/h4>\n<p><span style=\"font-weight: 400;\">For a full refund, cancel at least 72 hours in advance of the start date of the experience.<\/span><\/p>\n\n\t\t<\/div>\n\t<\/div>\n<\/div><\/div><\/div><\/div><div class=\"vc_row wpb_row vc_row-fluid\" ><div class=\"wpb_column vc_column_container vc_col-sm-12\"><div class=\"vc_column-inner\"><div class=\"wpb_wrapper\">\n\t<div class=\"wpb_text_column wpb_content_element\" >\n\t\t<div class=\"wpb_wrapper\">\n\t\t\t<h4>V\u00f5ta meiega \u00fchendust?<\/h4>\n<h5><em><strong>Seikluste broneerimine<\/strong><\/em><\/h5>\n<p><em><strong>Kohalikud<\/strong> ja <strong>Rahvuslased<\/strong> Giidid ja k\u00fclalisteteenused<\/em><\/p>\n<p><span class=\"text-turquoise\">Broneeringud:<\/span> Reisid ja ekskursioonid Dom Rep.<\/p>\n\n\t\t<\/div>\n\t<\/div>\n<\/div><\/div><\/div><\/div><div class=\"vc_row wpb_row vc_row-fluid\" ><div class=\"wpb_column vc_column_container vc_col-sm-12\"><div class=\"vc_column-inner\"><div class=\"wpb_wrapper\"><div class=\"vc_empty_space\"   style=\"height: 32px\"><span class=\"vc_empty_space_inner\"><\/span><\/div>\n\t<div class=\"wpb_text_column wpb_content_element\" >\n\t\t<div class=\"wpb_wrapper\">\n\t\t\t<h4>V\u00f5ta meiega \u00fchendust?<\/h4>\n<h5>Seikluste broneerimine<\/h5>\n<p><em><strong>Kohalikud<\/strong>\u00a0ja\u00a0<strong>Rahvuslased<\/strong>\u00a0Giidid ja k\u00fclalisteteenused<\/em><\/p>\n<p><span class=\"text-turquoise\">Broneeringud:<\/span>\u00a0Reisid ja ekskursioonid Dom Rep.<\/p>\n<p><img decoding=\"async\" class=\"emoji\" draggable=\"false\" src=\"https:\/\/s.w.org\/images\/core\/emoji\/11.2.0\/svg\/1f4de.svg\" alt=\"\ud83d\udcde\" \/>\u00a0Tel\/Whatsapp\u00a0\u00a0<a href=\"tel:+1-809-720-6035\">+1-809-720-6035<\/a>.<\/p>\n<p><img decoding=\"async\" class=\"emoji\" draggable=\"false\" src=\"https:\/\/s.w.org\/images\/core\/emoji\/11.2.0\/svg\/1f4e9.svg\" alt=\"\ud83d\udce9\" \/>\u00a0<a href=\"mailto:info@bookingadventures.com.do\">info@bookingadventures.com.do<\/a><\/p>\n<p><strong>Me korraldame paindlikult Whatsapi privaatreise:\u00a0<a href=\"tel:+18097206035\">+18097206035.<\/a><\/strong><\/p>\n\n\t\t<\/div>\n\t<\/div>\n<div class=\"vc_empty_space\"   style=\"height: 32px\"><span class=\"vc_empty_space_inner\"><\/span><\/div><\/div><\/div><\/div><\/div>","protected":false},"excerpt":{"rendered":"<p>Having picked you up from your hotel we&#8217;ll make our way to the Punta Cana interior. Surrounded by\u00a0<strong>coffee and cocoa plantations<\/strong>, your\u00a0<strong>local guides<\/strong>\u00a0will explain the tour and everything you need to know to drive your buggy.<\/p>\n<p>Then we&#8217;ll turn the key in the ignition, and begin the excitement, zipping over\u00a0<strong>hills,\u00a0through coffee plantations and\u00a0along dirt trails\u00a0and riverbeds<\/strong>.<\/p>\n<p>&nbsp;<\/p>\n<p><em><strong>Palun valige ringk\u00e4igu kuup\u00e4ev\u00a0<\/strong><\/em><\/p>","protected":false},"featured_media":11029,"template":"","meta":[],"product_brand":[],"product_cat":[449,305,122,259],"product_tag":[450,451,141,452,362,228],"class_list":{"0":"post-11022","1":"product","2":"type-product","3":"status-publish","4":"has-post-thumbnail","6":"product_cat-punta-cana-buggy-tour","7":"product_cat-tours-and-excursion-punta-cana","8":"product_cat-tours-and-excursions","9":"product_cat-tours-excursions-punta-cana-dominican-republic","10":"product_tag-buggies","11":"product_tag-buggies-punta-cana","12":"product_tag-punta-cana","13":"product_tag-punta-cana-buggy-tour-pick-up-from-punta-cana-hotels","14":"product_tag-punta-cana-catamaran-party-with-snorkeling-and-parasailing","15":"product_tag-punta-cana-tours","17":"first","18":"instock","19":"sale","20":"featured","21":"sold-individually","22":"shipping-taxable","23":"product-type-external"},"_links":{"self":[{"href":"https:\/\/visitaloshaitises.com\/et\/wp-json\/wp\/v2\/product\/11022","targetHints":{"allow":["GET"]}}],"collection":[{"href":"https:\/\/visitaloshaitises.com\/et\/wp-json\/wp\/v2\/product"}],"about":[{"href":"https:\/\/visitaloshaitises.com\/et\/wp-json\/wp\/v2\/types\/product"}],"wp:featuredmedia":[{"embeddable":true,"href":"https:\/\/visitaloshaitises.com\/et\/wp-json\/wp\/v2\/media\/11029"}],"wp:attachment":[{"href":"https:\/\/visitaloshaitises.com\/et\/wp-json\/wp\/v2\/media?parent=11022"}],"wp:term":[{"taxonomy":"product_brand","embeddable":true,"href":"https:\/\/visitaloshaitises.com\/et\/wp-json\/wp\/v2\/product_brand?post=11022"},{"taxonomy":"product_cat","embeddable":true,"href":"https:\/\/visitaloshaitises.com\/et\/wp-json\/wp\/v2\/product_cat?post=11022"},{"taxonomy":"product_tag","embeddable":true,"href":"https:\/\/visitaloshaitises.com\/et\/wp-json\/wp\/v2\/product_tag?post=11022"}],"curies":[{"name":"wp","href":"https:\/\/api.w.org\/{rel}","templated":true}]}}