{"id":11020,"date":"2021-04-09T10:45:51","date_gmt":"2021-04-09T10:45:51","guid":{"rendered":"https:\/\/haitises.com\/product\/import-placeholder-for-9925\/"},"modified":"2024-04-12T18:38:36","modified_gmt":"2024-04-12T18:38:36","slug":"27-waterfalls-of-damajagua-tour-from-cabarete-sosua-and-puerto-plata-hotels-pick-up","status":"publish","type":"product","link":"https:\/\/visitaloshaitises.com\/et\/private\/27-damajagua-veekogude-ekskursioon-cabarete-sosua-ja-puerto-plata-hotellidest-pealevotmine\/","title":{"rendered":"27 Damajagua juga Tour Cabarete, Sosua ja Puerto Plata. Hotellid Vastuv\u00f5tt."},"content":{"rendered":"<div class=\"vc_row wpb_row vc_row-fluid\" ><div class=\"wpb_column vc_column_container vc_col-sm-12\"><div class=\"vc_column-inner\"><div class=\"wpb_wrapper\"><div class=\"mkdf-section-title-holder\" style=\"text-align: left\">\n\t<div class=\"mkdf-st-inner\">\n\t\t\t\t\t<h5 class=\"mkdf-st-subtitle\" >\n\t\t\t\tTransport ja l\u00f5unas\u00f6\u00f6k hinna sees\t\t\t<\/h5>\n\t\t\t\t\t\t\t<h3 class=\"mkdf-st-title\" >\n\t\t\t\t27 Damajagua veekogude ekskursioon Cabarete, Sosua ja Puerto Plata.\t\t\t<\/h3>\n\t\t\t\t\t<\/div>\n<\/div><\/div><\/div><\/div><\/div><div class=\"vc_row wpb_row vc_row-fluid\" ><div class=\"wpb_column vc_column_container vc_col-sm-12\"><div class=\"vc_column-inner\"><div class=\"wpb_wrapper\">\n\t<div class=\"wpb_text_column wpb_content_element\" >\n\t\t<div class=\"wpb_wrapper\">\n\t\t\t<h3 class=\"ui_header h1 attractions-product-info-ProductTitle__title--1qM0o\">27 Damajagua veekogude ekskursioon Puerto Platast. Poolp\u00e4evane reis.<\/h3>\n<h4><b><i>\u00dclevaade <\/i><\/b><\/h4>\n<p>Hankige oma piletid poolep\u00e4evaseks ekskursiooniks siin 27 veekogu Damajagua. Sissep\u00e4\u00e4supiletid koos l\u00f5unas\u00f6\u00f6gi ja ekskursiooniga, mis sisaldab h\u00fcppamist ja ujumist Dominikaani Vabariigi k\u00f5ige kaunimas juga. Matkamine ja ujumine koos turvavarustusega, et saada parim kogemus kunagi!!!<\/p>\n<p>P\u00e4rast seda kogemust j\u00f5uate tagasi asukohta, kus kohtute giidiga.<\/p>\n<ul>\n<li style=\"font-weight: 400;\">Tasud hinna sees<\/li>\n<li>L\u00f5unas\u00f6\u00f6k<\/li>\n<li>Suupisted<\/li>\n<li style=\"font-weight: 400;\">Kohalik giid en Espa\u00f1ol<\/li>\n<\/ul>\n<p>&nbsp;<\/p>\n<h4><b>Kaasamised ja v\u00e4listused<\/b><\/h4>\n<p>&nbsp;<\/p>\n<p><b>Kaasamised<\/b><\/p>\n<ol>\n<li>\u00a0 27 Damajagua juga (praegu on vaid 12 ja 7 kaskaadi Trips)<\/li>\n<li>\u00a0 Buffee koos jookide ja troopiliste jookidega<\/li>\n<li>\u00a0 K\u00f5ik maksud, tasud ja k\u00e4itlustasud<\/li>\n<li>\u00a0 Kohalikud maksud<\/li>\n<li>\u00a0 K\u00f5ik tegevused<\/li>\n<li>\u00a0 Kohalik giid<\/li>\n<li>\u00a0 Sigaritehase k\u00fclastus<\/li>\n<\/ol>\n<p><b> V\u00e4listused<\/b><\/p>\n<ol>\n<li style=\"font-weight: 400;\"><span style=\"font-weight: 400;\">Jootraha<\/span><\/li>\n<\/ol>\n<h4><em><strong>V\u00e4ljumine ja tagasitulek<\/strong><\/em><\/h4>\n<p><span style=\"font-weight: 400;\">Meil on ajakava, mis on koostatud teie pealev\u00f5tmiseks ja \u00e4raviimiseks vastavalt piirkonnale, kus te asute. Palun vaadake \u00fcksikasjalikku teavet allpool hotelli pealev\u00f5tmise jaotises. <\/span><\/p>\n<p>See on programm, mille oleme seadnud teie asukoha p\u00f5hjal. Palun andke meile teada oma konkreetne hotell ja me v\u00f5tame teiega \u00fchendust, et \u00f6elda teile, kus me teid kohtame.<\/p>\n<p>&nbsp;<\/p>\n<table style=\"height: 246px;\" width=\"237\">\n<tbody>\n<tr>\n<td><b>koht<\/b><\/td>\n<td><b>aega<\/b><\/td>\n<\/tr>\n<tr>\n<td><b>Cabarete<\/b><\/td>\n<td><b>7:45<\/b><\/td>\n<\/tr>\n<tr>\n<td><b>Sosua<\/b><\/td>\n<td><b>8:10 hommikul<\/b><\/td>\n<\/tr>\n<tr>\n<td><b>Kuldne rand<\/b><\/td>\n<td><b>8:50 hommikul<\/b><\/td>\n<\/tr>\n<tr>\n<td><b>Kuldrannik<\/b><\/td>\n<td><b>9:00 hommikul<\/b><\/td>\n<\/tr>\n<tr>\n<td><b>Cofresi (elustiil)<\/b><\/td>\n<td><b>9:20 hommikul<\/b><\/td>\n<\/tr>\n<tr>\n<td><b>Senaator<\/b><\/td>\n<td><b>9:30 hommikul<\/b><\/td>\n<\/tr>\n<\/tbody>\n<\/table>\n<h4><\/h4>\n<h3 class=\"ui_header h1 attractions-product-info-ProductTitle__title--1qM0o\">27 Damajagua veekogude ekskursioon Puerto Platast.<\/h3>\n<h4><b><i>Mida oodata?<\/i><\/b><\/h4>\n<div class=\"apd_content_block\" data-tab=\"TABS_OVERVIEW\">\n<div class=\"ui_card section attractions-product-details-Overview__sectionMargin--uHktd attractions-product-details-Overview__cleanslateOverrideDT--39Ov7\">\n<p>Avastage sellel Puerto Platast algaval kogu p\u00e4eva kestval reisil Dominikaani Vabariigi p\u00f5hjapoolse koridori k\u00fcngaste vahele varjatud Damajagua juga.  Tutvuge koos kohaliku giidiga kahek\u00fcmne seitsme p\u00f5lise, paekivist kaskaadina langeva juga. Saate l\u00fchikese ohutusalase sissejuhatuse, seej\u00e4rel h\u00fcppate, ujute ja liuglete m\u00f6\u00f6da looduslikke vesiliugusid.<\/p>\n<p>L\u00f5unas\u00f6\u00f6k ja joogid on hinna sees. M\u00f5\u00f5dukas 40-minutiline \u00fclesm\u00e4ge minev matk l\u00e4bi kauni d\u017eunglimaastiku viib teid 12. juga juurde v\u00f5i kui olete suurep\u00e4rases f\u00fc\u00fcsilises vormis, v\u00f5ite valida, kas matkata kogu tee 27 juga tippu (umbes 70 minutit) ja kogeda k\u00f5ike seda.<\/p>\n<p>M\u00f5lemal juhul algab teie t\u00f5eline l\u00f5bu, kui me suundume tagasi j\u00f5e alla ja te h\u00fcppate, libisete ja ujute l\u00e4bi suurejooneliste juga, kanjonite ja siniste basseinide, v\u00e4ljudes sealt rumala naeratusega ja uskumatute m\u00e4lestustega, mida hoida! Ekskursioonid h\u00f5lmavad kuni 8 meetri pikkuseid h\u00fcppeid, kuid \u00e4rge muretsege, kui h\u00fcppamine ei ole teile meeldiv, on olemas alternatiivne tee alla.<\/p>\n<p>P\u00e4rast 15-minutilist jalutusk\u00e4iku tagasi baaslaagrisse ja kuivade riiete vahetamist nautige maitsvat ja mitmekesist dominikaani buffetl\u00f5unat, mis sisaldab grillitud kana- ja sealiha, hautatud liha, riisi, pastat ja salateid.<\/p>\n<p>Kohalikud rummi- ja limonaadijoogid ning vesi on samuti hinna sees (\u00f5lu on saadaval, kuid ei kuulu hinna sisse). P\u00e4rast s\u00f6\u00f6ki j\u00e4tate kohalike giididega h\u00fcvasti, kuid m\u00e4lestused sellest elamusest j\u00e4\u00e4vad teile eluks ajaks. Ja see pole veel k\u00f5ik, seej\u00e4rel l\u00e4hete sigarivabrikusse, kus n\u00e4ete, kuidas neid valmistatakse, ja saate ka ise soovi korral sigarit osta. Pidage meeles, et Dominikaani Vabariik on \u00fcks parimaid sigarite valmistamise riike, nii et see on teie v\u00f5imalus \u00f5ppida parimatelt \u00f5petajatelt.<\/p>\n<\/div>\n<\/div>\n<h4><em><strong>Mida peaksite kaasa v\u00f5tma?<\/strong><\/em><\/h4>\n<ul>\n<li style=\"font-weight: 400;\"><span style=\"font-weight: 400;\">kaamera<\/span><\/li>\n<li style=\"font-weight: 400;\"><span style=\"font-weight: 400;\">T\u00f5rjuvad pungad<\/span><\/li>\n<li style=\"font-weight: 400;\"><span style=\"font-weight: 400;\">p\u00e4ikesekreem<\/span><\/li>\n<li style=\"font-weight: 400;\"><span style=\"font-weight: 400;\">M\u00fcts<\/span><\/li>\n<li style=\"font-weight: 400;\"><span style=\"font-weight: 400;\">Mugavad p\u00fcksid<\/span><\/li>\n<li style=\"font-weight: 400;\"><span style=\"font-weight: 400;\">Matkajalatsid metsa<\/span><\/li>\n<li style=\"font-weight: 400;\"><span style=\"font-weight: 400;\">Sandaalid kevadpiirkondadesse.<\/span><\/li>\n<li style=\"font-weight: 400;\"><span style=\"font-weight: 400;\">Ujumisriided<\/span><\/li>\n<\/ul>\n<p>&nbsp;<\/p>\n<h4><b><i>Hotelli j\u00e4reletulemine <\/i><\/b><\/h4>\n<p><span style=\"font-weight: 400;\">Selle ekskursiooni puhul pakutakse hotelli pealev\u00f5tmist. Seame Pick up, v\u00f5ttes meiega \u00fchendust Whatsapp.<\/span><\/p>\n<p>&nbsp;<\/p>\n<p><b>M\u00e4rge:<\/b><span style=\"font-weight: 400;\"> Kui olete broneeritud 24 tunni jooksul p\u00e4rast ekskursiooni\/ekskursiooni v\u00e4ljumisaega, saame korraldada hotelli pealetulemise. Kui teie ost on l\u00f5pule viidud, saadame teile meie kohaliku giidi t\u00e4ieliku kontaktteabe (telefoninumber, e-posti aadress jne), et korraldada j\u00e4reletulemise korraldamine.<\/span><\/p>\n<h4><b><i>Lisateabe kinnitus <\/i><\/b><\/h4>\n<ol>\n<li>Piletid on kviitung p\u00e4rast selle ekskursiooni tasumist. Saate n\u00e4idata makset oma telefonis.<\/li>\n<li style=\"font-weight: 400;\"><span style=\"font-weight: 400;\">Kohtumispunkt v\u00f5etakse vastu p\u00e4rast broneerimisprotsessi.<\/span><\/li>\n<li style=\"font-weight: 400;\"><span style=\"font-weight: 400;\">Lastega peab kaasas olema t\u00e4iskasvanu.<\/span><\/li>\n<li style=\"font-weight: 400;\"><span style=\"font-weight: 400;\"> Pole ratastooliga ligip\u00e4\u00e4setav <\/span><\/li>\n<li style=\"font-weight: 400;\"><span style=\"font-weight: 400;\">Imikud peavad istuma s\u00fcles <\/span><\/li>\n<li style=\"font-weight: 400;\"><span style=\"font-weight: 400;\">Ei soovitata seljaprobleemidega reisijatele<\/span><\/li>\n<li style=\"font-weight: 400;\"><span style=\"font-weight: 400;\">Ei soovitata rasedatele reisijatele <\/span><\/li>\n<li style=\"font-weight: 400;\"><span style=\"font-weight: 400;\"> Puuduvad s\u00fcdameprobleemid ega muud t\u00f5sised haigusseisundid <\/span><\/li>\n<li style=\"font-weight: 400;\"><span style=\"font-weight: 400;\">Enamik reisijaid saab osaleda<\/span><\/li>\n<\/ol>\n<h4><b><i>T\u00fchistamispoliitika<\/i><\/b><\/h4>\n<p><span style=\"font-weight: 400;\">T\u00e4ieliku raha tagasi saamiseks t\u00fchistage v\u00e4hemalt 24 tundi enne elamuse alguskuup\u00e4eva. Vahendid l\u00e4hevad kaotsi, kui broneering t\u00fchistatakse samal reisip\u00e4eval.<\/span><\/p>\n\n\t\t<\/div>\n\t<\/div>\n<\/div><\/div><\/div><\/div><div class=\"vc_row wpb_row vc_row-fluid\" ><div class=\"wpb_column vc_column_container vc_col-sm-12\"><div class=\"vc_column-inner\"><div class=\"wpb_wrapper\">\n\t<div class=\"wpb_video_widget wpb_content_element vc_clearfix   vc_video-aspect-ratio-169 vc_video-el-width-100 vc_video-align-left\" >\n\t\t<div class=\"wpb_wrapper\">\n\t\t\t<h2 class=\"wpb_heading wpb_video_heading\">27 Damajagua veekogude ekskursioon Puerto Platast:<\/h2>\n\t\t\t<div class=\"wpb_video_wrapper\"><iframe loading=\"lazy\" title=\"27 Damajagua juga, mille Booking Adventures &amp; Travel Dominikaani Vabariik\" width=\"1100\" height=\"619\" src=\"https:\/\/www.youtube.com\/embed\/AVNh_we_RQE?start=17&feature=oembed\" frameborder=\"0\" allow=\"accelerometer; autoplay; clipboard-write; encrypted-media; gyroscope; picture-in-picture\" allowfullscreen><\/iframe><\/div>\n\t\t<\/div>\n\t<\/div>\n<\/div><\/div><\/div><\/div><div class=\"vc_row wpb_row vc_row-fluid\" ><div class=\"wpb_column vc_column_container vc_col-sm-12\"><div class=\"vc_column-inner\"><div class=\"wpb_wrapper\"><div class=\"vc_empty_space\"   style=\"height: 32px\"><span class=\"vc_empty_space_inner\"><\/span><\/div>\n\t<div class=\"wpb_text_column wpb_content_element\" >\n\t\t<div class=\"wpb_wrapper\">\n\t\t\t<h4>V\u00f5ta meiega \u00fchendust?<\/h4>\n<h5><em><strong>Seikluste broneerimine<\/strong><\/em><\/h5>\n<p><em><strong>Kohalikud<\/strong>\u00a0ja\u00a0<strong>Rahvuslased<\/strong>\u00a0Giidid ja k\u00fclalisteteenused<\/em><\/p>\n<p><span class=\"text-turquoise\">Broneeringud:<\/span>\u00a0Reisid ja ekskursioonid Dom Rep.<\/p>\n<p><img decoding=\"async\" class=\"emoji\" draggable=\"false\" src=\"https:\/\/s.w.org\/images\/core\/emoji\/11.2.0\/svg\/1f4de.svg\" alt=\"\ud83d\udcde\" \/>\u00a0Tel\/Whatsapp\u00a0\u00a0<a href=\"tel:+1-809-720-6035\">+1-809-720-6035<\/a>.<\/p>\n<p><img decoding=\"async\" class=\"emoji\" draggable=\"false\" src=\"https:\/\/s.w.org\/images\/core\/emoji\/11.2.0\/svg\/1f4e9.svg\" alt=\"\ud83d\udce9\" \/>\u00a0<a href=\"mailto:info@bookingadventures.com.do\">info@bookingadventures.com.do<\/a><\/p>\n<p><strong>Me korraldame paindlikult Whatsapi privaatreise:\u00a0<a href=\"tel:+18097206035\">+18097206035.<\/a><\/strong><\/p>\n\n\t\t<\/div>\n\t<\/div>\n<div class=\"vc_empty_space\"   style=\"height: 32px\"><span class=\"vc_empty_space_inner\"><\/span><\/div><\/div><\/div><\/div><\/div>","protected":false},"excerpt":{"rendered":"<p>Cabarete, Sosua v\u00f5i Puerto Plata hotellidest. See ekskursioon 27 Damajagua veekogudest Puerto Platas, l\u00f5unas\u00f6\u00f6k ja ekskursioon 27 veekogude juures, matkamine ja j\u00f5kke h\u00fcppamine.<\/p>\n<p>\u00d6koloogiline reis Puerto Platas asuvatele 27 veekogule. Hankige oma piletid poolep\u00e4evaseks ekskursiooniks siin Damajagua 27 veejuga. Sissep\u00e4\u00e4supiletid koos l\u00f5unas\u00f6\u00f6gi ja ekskursiooniga, mis sisaldab h\u00fcppamist ja ujumist Dominikaani Vabariigi k\u00f5ige kaunimas juga. Matkamine ja ujumine koos turvavarustusega, et saada parim kogemus kunagi!!!<\/p>\n<p><em><strong>Palun valige ringk\u00e4igu kuup\u00e4ev:\u00a0<\/strong><\/em><\/p>","protected":false},"featured_media":275,"template":"","meta":[],"product_brand":[],"product_cat":[239,429,100],"product_tag":[242,243,244,245,246,247,248,249,250,251,252,253,254,255,256,257,258],"class_list":{"0":"post-11020","1":"product","2":"type-product","3":"status-publish","4":"has-post-thumbnail","6":"product_cat-27-waterfalls","7":"product_cat-group-tours-excursions","8":"product_cat-waterfalls","9":"product_tag-27-charcos-de-damajagua","10":"product_tag-27-waterfalls","11":"product_tag-27-waterfalls-dominican-republic","12":"product_tag-27-waterfalls-dominican-republic-facts","13":"product_tag-27-waterfalls-excursion","14":"product_tag-27-waterfalls-puerto-plata","15":"product_tag-amber-cove-cruise-terminal-27-waterfalls","16":"product_tag-amber-cove-excursions","17":"product_tag-damajagua-falls-tours","18":"product_tag-damajagua-national-park","19":"product_tag-excursion-27-waterfalls","20":"product_tag-how-to-get-to-27-waterfalls-from-puerto-plata","21":"product_tag-jumping-27-waterfalls","22":"product_tag-los-27-charcos-de-puerto-plata","23":"product_tag-puerto-plata","24":"product_tag-things-to-do-in-amber-cove","25":"product_tag-tour-27-waterfalls","27":"first","28":"instock","29":"sale","30":"sold-individually","31":"shipping-taxable","32":"product-type-external"},"_links":{"self":[{"href":"https:\/\/visitaloshaitises.com\/et\/wp-json\/wp\/v2\/product\/11020","targetHints":{"allow":["GET"]}}],"collection":[{"href":"https:\/\/visitaloshaitises.com\/et\/wp-json\/wp\/v2\/product"}],"about":[{"href":"https:\/\/visitaloshaitises.com\/et\/wp-json\/wp\/v2\/types\/product"}],"wp:featuredmedia":[{"embeddable":true,"href":"https:\/\/visitaloshaitises.com\/et\/wp-json\/wp\/v2\/media\/275"}],"wp:attachment":[{"href":"https:\/\/visitaloshaitises.com\/et\/wp-json\/wp\/v2\/media?parent=11020"}],"wp:term":[{"taxonomy":"product_brand","embeddable":true,"href":"https:\/\/visitaloshaitises.com\/et\/wp-json\/wp\/v2\/product_brand?post=11020"},{"taxonomy":"product_cat","embeddable":true,"href":"https:\/\/visitaloshaitises.com\/et\/wp-json\/wp\/v2\/product_cat?post=11020"},{"taxonomy":"product_tag","embeddable":true,"href":"https:\/\/visitaloshaitises.com\/et\/wp-json\/wp\/v2\/product_tag?post=11020"}],"curies":[{"name":"wp","href":"https:\/\/api.w.org\/{rel}","templated":true}]}}