{"id":564,"date":"2020-06-27T01:33:01","date_gmt":"2020-06-27T01:33:01","guid":{"rendered":"https:\/\/haitises.com\/?post_type=product&#038;p=564"},"modified":"2024-04-17T17:19:20","modified_gmt":"2024-04-17T17:19:20","slug":"los-haitises-excursion-en-kayak-2-horas","status":"publish","type":"product","link":"https:\/\/visitaloshaitises.com\/eo\/private\/los-haitises-excursion-en-kayak-2-horas\/","title":{"rendered":"Los Haitises Kajakekskurso 2 horoj"},"content":{"rendered":"<div class=\"vc_row wpb_row vc_row-fluid\" ><div class=\"wpb_column vc_column_container vc_col-sm-12\"><div class=\"vc_column-inner\"><div class=\"wpb_wrapper\"><div class=\"mkdf-section-title-holder\" style=\"text-align: left\">\n\t<div class=\"mkdf-st-inner\">\n\t\t\t\t\t<h5 class=\"mkdf-st-subtitle\" >\n\t\t\t\tKajakoj kaj loka gvidisto\t\t\t<\/h5>\n\t\t\t\t\t\t\t<\/div>\n<\/div><\/div><\/div><\/div><\/div><div class=\"vc_row wpb_row vc_row-fluid\" ><div class=\"wpb_column vc_column_container vc_col-sm-12\"><div class=\"vc_column-inner\"><div class=\"wpb_wrapper\"><div class=\"vc_empty_space\"   style=\"height: 32px\"><span class=\"vc_empty_space_inner\"><\/span><\/div><\/div><\/div><\/div><\/div><div class=\"vc_row wpb_row vc_row-fluid\" ><div class=\"wpb_column vc_column_container vc_col-sm-12\"><div class=\"vc_column-inner\"><div class=\"wpb_wrapper\">\n\t<div class=\"wpb_text_column wpb_content_element\" >\n\t\t<div class=\"wpb_wrapper\">\n\t\t\t<div class=\"vc_row wpb_row vc_row-fluid\">\n<div class=\"wpb_column vc_column_container vc_col-sm-12\">\n<div class=\"vc_column-inner\">\n<div class=\"wpb_wrapper\">\n<div class=\"mkdf-section-title-holder\">\n<div class=\"mkdf-st-inner\">\n<h2>Kajako en Nacia Parko Los Haitises kun ekskursgvidanto de Ca\u00f1o Hondo 2 horoj<\/h2>\n<h3>Priskribo<\/h3>\n<p>Mangrovoj kajakado en Los Haitises Nacia Parko kun 2-hora loka gvidisto. Vizitante la mangrovojn \u0109e la Ca\u00f1o Hondo Rivero kaj plie superrigardon de San Lorenzo Bay en Los Haitises Nacia Parko, Sabana de la Mar Ca\u00f1o Hondo areo. Se vi \u015datas la pli longan ekskurson: Kajaku 4 horojn en Los Haitises.<\/p>\n<ul>\n<li>La gvidilo provizas instrukcion kaj superrigardon.<\/li>\n<li>Kajakoj kaj padeloj haveblaj Duoble por du homoj kaj Simplaj por unu persono.<\/li>\n<\/ul>\n<h3>Inkludoj kaj ekskludoj<\/h3>\n<h4>Inkluzivecoj<\/h4>\n<ol>\n<li>kajakvoja\u011do<\/li>\n<li>\u0108iuj impostoj, kotizoj kaj pritraktadoj<\/li>\n<li>Lokaj impostoj<\/li>\n<li>Loka gvidisto<\/li>\n<\/ol>\n<h4>Ekskludoj<\/h4>\n<ol>\n<li>Konsiletoj<\/li>\n<li>Transporto<\/li>\n<li>Tagman\u011do <em>Ne<\/em> \u011di estas inkluzivita.<\/li>\n<li>La kavernoj <em>Ne<\/em> ili estas inkluzivitaj<\/li>\n<li>Alkoholaj trinka\u0135oj<\/li>\n<\/ol>\n<h3><em>Foriro kaj reveno<\/em><\/h3>\n<p>La voja\u011danto ricevos renkontpunkton post la rezerva procezo. Ekskursoj komenci\u011das kaj fini\u011das \u0109e niaj renkontpunktoj.<\/p>\n<h3>Kion atendi?<\/h3>\n<p>Akiru viajn biletojn por 2-hora kajakvizito al la Ca\u00f1o Hondo Rivera Arbaro (mangrovoj) kun lokaj ekskursgvidantoj.<\/p>\n<p>Kiam ni akiros \u0109iujn specojn de ekipa\u0135oj necesaj por via sekureco (savvestoj, ktp.), la ago komencos kajakadon \u0109e la rivero Ca\u00f1o Hondo.<\/p>\n<p>El recorrido, organizado por \u00abBooking Adventures\u00bb, comienza en el punto de encuentro establecido con el gu\u00eda tur\u00edstico. Tomando kayaks y atravesando manglares, pasando por antiguas cuevas piratas y en bosques protegidos en esta pintoresca reserva a partir del \u00e1rea de los Hoteles Ca\u00f1o Hondo o de Sabana de la Mar.<\/p>\n<p>Venu kun Booking Adventures kaj komencu vidi kelkajn birdoplenajn mangrovojn, ruli\u011dantajn montetojn de abunda vegeta\u0135aro kaj kavernojn de Nacia Parko Los Haitises. Farante kajakekskurson de la Ca\u00f1o Hondo Rivero, Sabana de la Mar. Tra la mangrovoj kaj alteri\u011di en la malferman golfon de San Lorenzo, de kie vi povas foti la krudan arbarkovritan pejza\u011don. Rigardu en la akvon por vidi manatojn, krustacojn kaj delfenojn.<\/p>\n<p>Se vi \u015datas \u0109i tiun voja\u011don, ni havas duan eblon: kajako en Los Haitises 4 horoj<\/p>\n<p>La Turneo fini\u011das \u0109e la deirpunkto en Nacia Parko Los Haitises. Ni rekomendas \u0109i tiun voja\u011don je 6:00 a.m. se vi volas vidi manatojn, krustacojn kaj delfenojn.<\/p>\n<p>6:00 estas frue, do ankora\u016d ne estas boatoj en Nacia Parko Los Haitises.<\/p>\n<h3><em>Kion vi alportu?<\/em><\/h3>\n<ul>\n<li>Fotilo<\/li>\n<li>Forpu\u015drimedoj<\/li>\n<li>Sunkremo<\/li>\n<li>\u0108apelo<\/li>\n<li>Komfortaj pantalonoj<\/li>\n<li>Sandaloj<\/li>\n<li>Na\u011dkostumo<\/li>\n<\/ul>\n<h3><em>Repreno de hotelo<\/em><\/h3>\n<p>Hotel-kolektado ne estas ofertita por \u0109i tiu turneo.<\/p>\n<p><strong>Notu:<\/strong> Se vi rezervas ene de 24 horoj de la foriro\/ekskursa tempo, ni povas aran\u011di hotel-kolektadon kun aldonaj kostoj. Post kiam via a\u0109eto estas kompleta, ni sendos al vi kompletajn kontaktinformojn (telefonnumero, retpo\u015dtadreso, ktp.) por nia loka turisma gvidisto por aran\u011di \u015dar\u011dajn aran\u011dojn.<\/p>\n<h3><em>Konfirmo de pliaj informoj<\/em><\/h3>\n<ul>\n<li>La biletoj estas la Kvitanco post pagado por \u0109i tiu Turneo. Vi povas montri la pagon per via telefono.<\/li>\n<li>La renkontpunkto estos ricevita post la rezerva procezo.<\/li>\n<li>Infanoj devas esti akompanataj de plenkreskulo.<\/li>\n<li>Ne alirebla por rulse\u011do<\/li>\n<li>Infanoj devas sidi en bebse\u011do a\u016d kun plenkreskulo<\/li>\n<li>Ne rekomendita por voja\u011dantoj kun dorsaj problemoj.<\/li>\n<li>Ne rekomendita por gravedaj virinoj.<\/li>\n<li>Neniuj koraj problemoj a\u016d aliaj seriozaj malsanoj.<\/li>\n<li>Plej multaj voja\u011dantoj povas partopreni<\/li>\n<\/ul>\n<h3><em>Politiko pri nuligo<\/em><\/h3>\n<p>Por plena repago, nuligi almena\u016d 24 horojn anta\u016d la komencdato de la sperto.<\/p>\n<h3><em>Kontakti nin?<\/em><\/h3>\n<p>Aventuraj Rezervoj<br \/>\nLokaj kaj naciaj ekskursgvidantoj kaj gastservoj<\/p>\n<p>Rezervoj: Ekskursoj kaj Ekskursoj en Dom. Reps.<\/p>\n<p>\ud83d\udcde Tel\/Whatsapp +1-809-720-6035.<\/p>\n<p>\ud83d\udce9 info@bookingadventures.com.do<\/p>\n<p>Ni faras privatajn ekskursojn kun fleksebleco per Whatsapp: +18097206035.<\/p>\n<\/div>\n<\/div>\n<\/div>\n<\/div>\n<\/div>\n<\/div>\n<div class=\"vc_row wpb_row vc_row-fluid\">\n<div class=\"wpb_column vc_column_container vc_col-sm-12\">\n<div class=\"vc_column-inner\">\n<div class=\"wpb_wrapper\">\n<div class=\"wpb_text_column wpb_content_element\">\n<div class=\"wpb_wrapper\"><\/div>\n<\/div>\n<\/div>\n<\/div>\n<\/div>\n<\/div>\n\n\t\t<\/div>\n\t<\/div>\n<\/div><\/div><\/div><\/div>","protected":false},"excerpt":{"rendered":"<p>Ekskurso al Nacia Parko Los Haitises de Sabana de la Mar a\u016d Ca\u00f1o Hondo Hoteloj. Mangrovoj kajakado en Los Haitises Nacia Parko kun loka ekskursgvidanto. Vizitante la mangrovojn \u0109e la Ca\u00f1o Hondo Rivero plus superrigardon de San Lorenzo Bay en Los Haitises Nacia Parko, Sabana de la Mar areo, Ca\u00f1o Hondo. Se vi interesi\u011das anka\u016d viziti la kavernojn, rezervu \u0109i tie 4-horan kajakvoja\u011don.<\/p>\n<ul>\n<li>La gvidilo disponigas instrukcion kaj superrigardon.<\/li>\n<li>Kajakoj kaj padeloj haveblaj Duoble por du homoj kaj Simplaj por unu persono.<\/li>\n<\/ul>\n<p>Fiksu \u0109i tiun turneon kun migra vojo kaj lernu pri la historio de Nacia Parko Los Haitises kun lokuloj.<\/p>\n<p><strong>Bonvolu elekti la daton por la Turneo:<\/strong><\/p>","protected":false},"featured_media":113,"template":"","meta":[],"product_brand":[],"product_cat":[119,96,144,98,121,99,122,443,123,124],"product_tag":[126,127,149,145,150,151,152,153,132,133,114,148,143],"class_list":{"0":"post-564","1":"product","2":"type-product","3":"status-publish","4":"has-post-thumbnail","6":"product_cat-caves","7":"product_cat-hiking","8":"product_cat-kayaking","9":"product_cat-local-tour-guides","10":"product_cat-mangroves","11":"product_cat-swimming-natural-springs","12":"product_cat-tours-and-excursions","13":"product_cat-tours-y-excursiones-es","14":"product_cat-tours-excursions-los-haitises-national-park","15":"product_cat-tours-excursions-samana-bay-dominican-republic","16":"product_tag-cano-hondo","17":"product_tag-cano-hondo-hotel","18":"product_tag-cano-hondo-river","19":"product_tag-day-tour-cano-hondo","20":"product_tag-kayak-dominican-republic","21":"product_tag-kayak-los-haitises","22":"product_tag-kayak-tour","23":"product_tag-kayaking","24":"product_tag-los-haitises","25":"product_tag-los-haitises-national-park","26":"product_tag-sabana-de-la-mar","27":"product_tag-samana-excursions","28":"product_tag-samana-tours","30":"first","31":"instock","32":"sale","33":"sold-individually","34":"shipping-taxable","35":"product-type-external"},"_links":{"self":[{"href":"https:\/\/visitaloshaitises.com\/eo\/wp-json\/wp\/v2\/product\/564","targetHints":{"allow":["GET"]}}],"collection":[{"href":"https:\/\/visitaloshaitises.com\/eo\/wp-json\/wp\/v2\/product"}],"about":[{"href":"https:\/\/visitaloshaitises.com\/eo\/wp-json\/wp\/v2\/types\/product"}],"wp:featuredmedia":[{"embeddable":true,"href":"https:\/\/visitaloshaitises.com\/eo\/wp-json\/wp\/v2\/media\/113"}],"wp:attachment":[{"href":"https:\/\/visitaloshaitises.com\/eo\/wp-json\/wp\/v2\/media?parent=564"}],"wp:term":[{"taxonomy":"product_brand","embeddable":true,"href":"https:\/\/visitaloshaitises.com\/eo\/wp-json\/wp\/v2\/product_brand?post=564"},{"taxonomy":"product_cat","embeddable":true,"href":"https:\/\/visitaloshaitises.com\/eo\/wp-json\/wp\/v2\/product_cat?post=564"},{"taxonomy":"product_tag","embeddable":true,"href":"https:\/\/visitaloshaitises.com\/eo\/wp-json\/wp\/v2\/product_tag?post=564"}],"curies":[{"name":"wp","href":"https:\/\/api.w.org\/{rel}","templated":true}]}}