{"id":243,"date":"2020-06-14T12:00:35","date_gmt":"2020-06-14T12:00:35","guid":{"rendered":"https:\/\/haitises.com\/product\/import-placeholder-for-9639\/"},"modified":"2021-12-22T15:52:39","modified_gmt":"2021-12-22T15:52:39","slug":"four-adventures-parasailing-snorkeling-cruise-sharks-rays-in-natural-pools-from-punta-cana","status":"publish","type":"product","link":"https:\/\/visitaloshaitises.com\/eo\/private\/four-adventures-parasailing-snorkeling-cruise-sharks-rays-in-natural-pools-from-punta-cana\/","title":{"rendered":"Four Adventures: Parasailing, Snorkeling Cruise, Sharks &#038; Rays in Natural Pools from Punta Cana"},"content":{"rendered":"<div class=\"vc_row wpb_row vc_row-fluid\" ><div class=\"wpb_column vc_column_container vc_col-sm-12\"><div class=\"vc_column-inner\"><div class=\"wpb_wrapper\"><div class=\"mkdf-section-title-holder\" style=\"text-align: left\">\n\t<div class=\"mkdf-st-inner\">\n\t\t\t\t\t<h5 class=\"mkdf-st-subtitle\" >\n\t\t\t\tFrom Punta Cana Hotels\t\t\t<\/h5>\n\t\t\t\t\t\t\t<h3 class=\"mkdf-st-title\" >\n\t\t\t\tFour Adventures: Parasailing, Snorkeling Cruise, Sharks &amp; Rays in Natural Pools from Punta Cana\t\t\t<\/h3>\n\t\t\t\t\t\t\t<p class=\"mkdf-st-text\" >\n\t\t\t\tNote: This tour starts at different times between 7: 00 AM until 4: 00 Pm. Also, you are allowed to see Dolphin but not Swimming with Dolphins. Depending on where is the Pickup Hotels Time may Change. Extras cost for Pick up in Areas not listed in Our Description.\t\t\t<\/p>\n\t\t\t<\/div>\n<\/div><\/div><\/div><\/div><\/div><div class=\"vc_row wpb_row vc_row-fluid\" ><div class=\"wpb_column vc_column_container vc_col-sm-12\"><div class=\"vc_column-inner\"><div class=\"wpb_wrapper\"><div class=\"vc_empty_space\"   style=\"height: 32px\"><span class=\"vc_empty_space_inner\"><\/span><\/div><\/div><\/div><\/div><\/div><div class=\"vc_row wpb_row vc_row-fluid\" ><div class=\"wpb_column vc_column_container vc_col-sm-12\"><div class=\"vc_column-inner\"><div class=\"wpb_wrapper\">\n\t<div class=\"wpb_text_column wpb_content_element\" >\n\t\t<div class=\"wpb_wrapper\">\n\t\t\t<h4><b><i>Superrigardo <\/i><\/b><\/h4>\n<div>\n<p>Experience the thrill of four adventures in one with this epic tour from Punta Cana. Relax aboard a double-decker catamaran, discover wonders of the sea, and enjoy close encounters with marine life. You&#8217;ll snorkel in a spectacular barrier reef surrounded by tropical fish and experience the fun of an interactive marine show complete with sharks and stingrays. This popular tour option includes unlimited drinks on the best party boat around and is perfect for fun with family and friends. After you get a taste of life underwater, explore it from above with a thrilling parasail 500 feet above the surface of the water!<\/p>\n<\/div>\n<ul class=\"vcs-highlights\">\n<li>Choice of several departures throughout the day<\/li>\n<li>For sea lovers<\/li>\n<li>Enjoy fantastic aerial views<\/li>\n<li>Family friendly<\/li>\n<li>Pickup from a centrally located meeting point<\/li>\n<li>Romantic experience, perfect for couples<\/li>\n<\/ul>\n<p>&nbsp;<\/p>\n<h4><b>Inkludoj &amp; Ekskludoj<\/b><\/h4>\n<p>&nbsp;<\/p>\n<p><b>Inkluzivecoj<\/b><\/p>\n<p>&nbsp;<\/p>\n<ol>\n<li>Parasaling Tour<\/li>\n<li>Snorkeling Cruise, Sharks &amp; Rays in Natural Pools<\/li>\n<li>Bus pick up from Your Hotel<\/li>\n<li style=\"font-weight: 400;\"><span style=\"font-weight: 400;\">\u0108iuj impostoj, kotizoj kaj pritraktadoj<\/span><\/li>\n<li style=\"font-weight: 400;\"><span style=\"font-weight: 400;\">Lokaj impostoj<\/span><\/li>\n<li style=\"font-weight: 400;\"><span style=\"font-weight: 400;\">Trinka\u0135oj<\/span><\/li>\n<\/ol>\n<p><b> Ekskludoj<\/b><\/p>\n<ol>\n<li style=\"font-weight: 400;\"><span style=\"font-weight: 400;\">Senpagaj<\/span><\/li>\n<li>Lunch<\/li>\n<\/ol>\n<p>&nbsp;<\/p>\n<h4><em><strong>Foriro &amp; Reveno<\/strong><\/em><\/h4>\n<p><span style=\"font-weight: 400;\">La voja\u011danto ricevos renkontpunkton post la Rezerva Procezo. Turneoj komenci\u011das kaj Fini\u011das en niaj renkontpunktoj.<\/span><\/p>\n<p>&nbsp;<\/p>\n<h4><b><i>Kion Atendu?<\/i><\/b><\/h4>\n<p>Travel in air-conditioned comfort from your Punta Cana hotel to a beautiful double-decker catamaran and journey into the stunning beauty of Punta Cana with an expert crew. Tour the Bavaro Beach and snorkel through coral reefs and tropical fish under the supervision of professional divers.\u00a0 Next, make your way to a marine park where you&#8217;ll have a close encounter with stingrays and docile sharks. Swim and snorkel surrounded by these giant creatures and gain deeper insight from your team of guides.<\/p>\n<p>Then you&#8217;ll\u00a0enjoy time at a refreshing natural pool where you&#8217;ll swim and relax with a cold beer in hand. Tuck into treats from a floating bar and listen in as a local DJ pumps beats in this incredible island setting.<\/p>\n<p>Experience the excitement of the crystal clear waters in the ocean with games, drinks and entertainment.\u00a0 Your tour concludes with an epic parasailing adventure from the Cortesito Beach. After a safety overview you&#8217;ll fly sky high above the stunning blue waters and take in incredible tropical views while you soar through paradise. You&#8217;ll be safely returned to shore before heading back to your hotel with your transport.<\/p>\n<p><strong>Timetable:<\/strong><\/p>\n<p>7:00 AM &#8211; 4:00 PM&#8230; Time change depending on were in Punta Cana you are located. Contact us to set the time.<\/p>\n<p>&nbsp;<\/p>\n<h4><em><strong>Kion vi alportu?<\/strong><\/em><\/h4>\n<ul>\n<li style=\"font-weight: 400;\"><span style=\"font-weight: 400;\">fotilo<\/span><\/li>\n<li style=\"font-weight: 400;\"><span style=\"font-weight: 400;\">Forpu\u015digaj bur\u011donoj<\/span><\/li>\n<li style=\"font-weight: 400;\"><span style=\"font-weight: 400;\">sunkremo<\/span><\/li>\n<li style=\"font-weight: 400;\"><span style=\"font-weight: 400;\">\u0108apelo<\/span><\/li>\n<li style=\"font-weight: 400;\"><span style=\"font-weight: 400;\">Komfortaj pantalonoj<\/span><\/li>\n<li style=\"font-weight: 400;\"><span style=\"font-weight: 400;\">Mar\u015duoj por arbaro<\/span><\/li>\n<li style=\"font-weight: 400;\"><span style=\"font-weight: 400;\">Sandaloj al la strando<\/span><\/li>\n<li style=\"font-weight: 400;\"><span style=\"font-weight: 400;\">Na\u011dvesta\u0135o<\/span><\/li>\n<li>Cash for souvenirs<\/li>\n<\/ul>\n<p>&nbsp;<\/p>\n<h4><b><i>Hotela Kaptado <\/i><\/b><\/h4>\n<p><span style=\"font-weight: 400;\">Traveler pickup is offered!<\/span><\/p>\n<p><span style=\"font-weight: 400;\">We do pick up from all the Hotels in Punta Cana. Pick up Location is Hotel Lobby<br \/>\nIf you are staying at a condo in the area, we will be picking you up at the condo or at the entrance of the closest resort.. We set Pick up contacting us by Whatsapp.<\/span><\/p>\n<p><b>Notu:<\/b><span style=\"font-weight: 400;\"> If you are booking within 24 hours of the tour\/Excursion departure time, we can arrangements hotel pick-up. Once your purchase is complete, we will send you complete contact information (phone number, email address, etc.) for our local Tour guide to organize pick-up arrangements.<\/span><\/p>\n<h4><b><i>Konfirmo de Pliaj Informoj <\/i><\/b><\/h4>\n<ol>\n<li>Biletoj estas la Kvitanco post pagado de \u0109i tiu Turneo. Vi povas montri la pagon per via telefono.<\/li>\n<li style=\"font-weight: 400;\"><span style=\"font-weight: 400;\">Renkontopunkto Estos ricevita Post la Rezerva Procezo.<\/span><\/li>\n<li style=\"font-weight: 400;\"><span style=\"font-weight: 400;\">Infanoj devas esti akompanataj de plenkreskulo.<\/span><\/li>\n<li style=\"font-weight: 400;\"><span style=\"font-weight: 400;\">wheelchair accessible <\/span><\/li>\n<li style=\"font-weight: 400;\"><span style=\"font-weight: 400;\">Infanoj devas sidi sur rondiroj <\/span><\/li>\n<li style=\"font-weight: 400;\"><span style=\"font-weight: 400;\">Plej multaj voja\u011dantoj povas partopreni<\/span><\/li>\n<\/ol>\n<h4><b><i>Politiko pri nuligo<\/i><\/b><\/h4>\n<p><span style=\"font-weight: 400;\">Por plena repago, nuligi almena\u016d 24 horojn anta\u016d la komenca dato de la sperto.<\/span><\/p>\n\n\t\t<\/div>\n\t<\/div>\n<\/div><\/div><\/div><\/div><div class=\"vc_row wpb_row vc_row-fluid\" ><div class=\"wpb_column vc_column_container vc_col-sm-12\"><div class=\"vc_column-inner\"><div class=\"wpb_wrapper\">\n\t<div class=\"wpb_text_column wpb_content_element\" >\n\t\t<div class=\"wpb_wrapper\">\n\t\t\t<h4>Kontakti nin?<\/h4>\n<h5><em><strong>Rezervaj Aventuroj<\/strong><\/em><\/h5>\n<p><em><strong>Lokuloj<\/strong> kaj <strong>\u015ctatanoj<\/strong> Ekskursaj gvidiloj kaj Gastservoj<\/em><\/p>\n<p><span class=\"text-turquoise\">Rezervoj:<\/span> Ekskursoj kaj Ekskursoj en Dom. Rep.<\/p>\n\n\t\t<\/div>\n\t<\/div>\n<\/div><\/div><\/div><\/div><div class=\"vc_row wpb_row vc_row-fluid\" ><div class=\"wpb_column vc_column_container vc_col-sm-12\"><div class=\"vc_column-inner\"><div class=\"wpb_wrapper\"><div class=\"vc_empty_space\"   style=\"height: 32px\"><span class=\"vc_empty_space_inner\"><\/span><\/div>\n\t<div class=\"wpb_text_column wpb_content_element\" >\n\t\t<div class=\"wpb_wrapper\">\n\t\t\t<h4>Kontakti nin?<\/h4>\n<h5>Rezervaj Aventuroj<\/h5>\n<p><em><strong>Lokuloj<\/strong>\u00a0kaj\u00a0<strong>\u015ctatanoj<\/strong>\u00a0Ekskursaj gvidiloj kaj Gastservoj<\/em><\/p>\n<p><span class=\"text-turquoise\">Rezervoj:<\/span>\u00a0Ekskursoj kaj Ekskursoj en Dom. Rep.<\/p>\n<p><img decoding=\"async\" class=\"emoji\" draggable=\"false\" src=\"https:\/\/s.w.org\/images\/core\/emoji\/11.2.0\/svg\/1f4de.svg\" alt=\"\ud83d\udcde\" \/>\u00a0Tel\/Whatsapp\u00a0\u00a0<a href=\"tel:+1-809-720-6035\">+1-809-720-6035<\/a>.<\/p>\n<p><img decoding=\"async\" class=\"emoji\" draggable=\"false\" src=\"https:\/\/s.w.org\/images\/core\/emoji\/11.2.0\/svg\/1f4e9.svg\" alt=\"\ud83d\udce9\" \/>\u00a0<a href=\"mailto:info@bookingadventures.com.do\">info@bookingadventures.com.do<\/a><\/p>\n<p><strong>Ni estas Flekseblaj Agordaj Privataj Ekskursoj per Whatsapp:\u00a0<a href=\"tel:+18097206035\">+18097206035.<\/a><\/strong><\/p>\n\n\t\t<\/div>\n\t<\/div>\n<div class=\"vc_empty_space\"   style=\"height: 32px\"><span class=\"vc_empty_space_inner\"><\/span><\/div><\/div><\/div><\/div><\/div>","protected":false},"excerpt":{"rendered":"<p>Parasailing in Punta Cana is an incredible adventure and one of the best things to do in Punta Cana. The coastline from 200 feet in the air, while you sail, is absolutely stunning.<\/p>\n<p>\u200bParasailing is a simple and fun experience for all the members of the family. As the main parasailing and adventure company in the Dominican Republic, our Parasailing team is among the most experienced in Punta Cana, with more than 16 years of experience in flights. You can enjoy about 15 minutes of flight while enjoying the beautiful panoramic view.<\/p>\n<p>&nbsp;<\/p>\n<p><em><strong>Bonvolu Elekti daton por La Turneo\u00a0<\/strong><\/em><\/p>","protected":false},"featured_media":457,"template":"","meta":[],"product_brand":[],"product_cat":[359,363,305,122,259],"product_tag":[167,364,365,366,367,360,361,141,362,368,228,369,171,370,371,372],"class_list":{"0":"post-243","1":"product","2":"type-product","3":"status-publish","4":"has-post-thumbnail","6":"product_cat-parasaling","7":"product_cat-sharks-rays-in-natural-pools","8":"product_cat-tours-and-excursion-punta-cana","9":"product_cat-tours-and-excursions","10":"product_cat-tours-excursions-punta-cana-dominican-republic","11":"product_tag-catamaran","12":"product_tag-cheap-punta-cana-excursions","13":"product_tag-four-adventures-parasailing","14":"product_tag-natural-pool-punta-cana","15":"product_tag-natural-swimming-pool-punta-cana","16":"product_tag-parasail-punta-cana","17":"product_tag-parasailing-in-punta-cana","18":"product_tag-punta-cana","19":"product_tag-punta-cana-catamaran-party-with-snorkeling-and-parasailing","20":"product_tag-punta-cana-sharks","21":"product_tag-punta-cana-tours","22":"product_tag-rays-from-punta-cana","23":"product_tag-saona-island","24":"product_tag-sharks-rays-in-natural-pools-from-punta-cana","25":"product_tag-snorkeling-cruise","26":"product_tag-swimming-with-sharks-punta-cana","28":"first","29":"onbackorder","30":"featured","31":"virtual","32":"sold-individually","33":"purchasable","34":"product-type-simple"},"_links":{"self":[{"href":"https:\/\/visitaloshaitises.com\/eo\/wp-json\/wp\/v2\/product\/243","targetHints":{"allow":["GET"]}}],"collection":[{"href":"https:\/\/visitaloshaitises.com\/eo\/wp-json\/wp\/v2\/product"}],"about":[{"href":"https:\/\/visitaloshaitises.com\/eo\/wp-json\/wp\/v2\/types\/product"}],"wp:featuredmedia":[{"embeddable":true,"href":"https:\/\/visitaloshaitises.com\/eo\/wp-json\/wp\/v2\/media\/457"}],"wp:attachment":[{"href":"https:\/\/visitaloshaitises.com\/eo\/wp-json\/wp\/v2\/media?parent=243"}],"wp:term":[{"taxonomy":"product_brand","embeddable":true,"href":"https:\/\/visitaloshaitises.com\/eo\/wp-json\/wp\/v2\/product_brand?post=243"},{"taxonomy":"product_cat","embeddable":true,"href":"https:\/\/visitaloshaitises.com\/eo\/wp-json\/wp\/v2\/product_cat?post=243"},{"taxonomy":"product_tag","embeddable":true,"href":"https:\/\/visitaloshaitises.com\/eo\/wp-json\/wp\/v2\/product_tag?post=243"}],"curies":[{"name":"wp","href":"https:\/\/api.w.org\/{rel}","templated":true}]}}